{"id":84508,"date":"2025-03-17T09:46:32","date_gmt":"2025-03-17T09:46:32","guid":{"rendered":"https:\/\/redfoxlotto.com\/?page_id=84508"},"modified":"2025-06-17T08:47:54","modified_gmt":"2025-06-17T08:47:54","slug":"scratchcards","status":"publish","type":"page","link":"https:\/\/redfoxlotto.com\/lt\/scratchcards\/","title":{"rendered":"\u012ebr\u0117\u017eiamosios kortel\u0117s"},"content":{"rendered":"<p>Jei esate loterijos gerb\u0117jas, esame tikri, kad jums taip pat<strong>patiks \u017eaisti m\u016bs\u0173 internetines \u012fbr\u0117\u017eiam\u0105sias korteles!<\/strong><\/p>\n<p>Loterijos bilietai visada buvo populiarus loterijos biliet\u0173 priedas. Jomis prekiauja beveik visos planetos loterij\u0173 parduotuv\u0117s, ir tam yra rimta prie\u017eastis. \u017daid\u017eiant loterij\u0105 beveik visada tenka \u0161iek tiek palaukti rezultat\u0173, o su \u012fbr\u0117\u017eiamosiomis kortel\u0117mis rezultatai gaunami akimirksniu.<\/p>\n<p>O su m\u016bs\u0173 internetin\u0117mis \u012fbr\u0117\u017eiamosiomis kortel\u0117mis jums net nereikia ie\u0161koti loterijos parduotuv\u0117s, kad jas \u012fsigytum\u0117te &#8211; galite tiesiog \u017eaisti m\u016bs\u0173 \u012fbr\u0117\u017eiam\u0105sias korteles internetu ir patirti daug d\u017eiaugsmo bei azarto \u012fbr\u0117\u017edami.<\/p>\n<h2><strong>Internetin\u0117s \u012fbr\u0117\u017eiamosios kortel\u0117s netrukus pasirodys RedFoxLotto<\/strong><\/h2>\n<p><img loading=\"lazy\" decoding=\"async\" class=\" wp-image-83601 alignright\" src=\"https:\/\/redfoxlotto.com\/wp-content\/uploads\/2025\/03\/scratch_card_player-300x300.jpg\" alt=\"play scratch cards\" width=\"183\" height=\"183\" srcset=\"https:\/\/redfoxlotto.com\/wp-content\/uploads\/2025\/03\/scratch_card_player-300x300.jpg 300w, https:\/\/redfoxlotto.com\/wp-content\/uploads\/2025\/03\/scratch_card_player-150x150.jpg 150w, https:\/\/redfoxlotto.com\/wp-content\/uploads\/2025\/03\/scratch_card_player-100x100.jpg 100w, https:\/\/redfoxlotto.com\/wp-content\/uploads\/2025\/03\/scratch_card_player.jpg 307w\" sizes=\"auto, (max-width: 183px) 100vw, 183px\" \/><\/p>\n<ul>\n<li>\u012etempiam\u0173j\u0173 korteli\u0173 \u017eaidimai startuos 2025 m. baland\u017eio prad\u017eioje.<\/li>\n<li>Nepraleiskite starto!<\/li>\n<li>\u012esitikinkite, kad gaunate m\u016bs\u0173 reklaminius lai\u0161kus &#8211; patikrinkite savo nepageidaujam\u0173 lai\u0161k\u0173 aplank\u0105 ir pa\u017eym\u0117kite RedFoxLotto kaip patikim\u0105 el. pa\u0161to siunt\u0117j\u0105.<\/li>\n<\/ul>\n<p>Mok\u0117ti taip pat labai patogu &#8211; ypa\u010d jei jau turite s\u0105skaitos likut\u012f m\u016bs\u0173 svetain\u0117je. Tai rei\u0161kia, kad jei planuojate \u012fsigyti kelet\u0105 \u012fbr\u0117\u017eiam\u0173j\u0173 korteli\u0173, prie\u0161 prad\u0117dami \u017eaisti \u012fbr\u0117\u017eiam\u0105sias korteles tur\u0117tum\u0117te \u012fne\u0161ti \u012fmok\u0105 \u012f savo pinigin\u0119.<\/p>\n<p>Tiesiog pasirinkite labiausiai patinkan\u010di\u0105 kortel\u0119 ir spustel\u0117kite nor\u0117dami nusipirkti. Turime daugyb\u0119 \u0161auni\u0173 maket\u0173, taip pat yra \u012fbr\u0117\u017eiam\u0173j\u0173 korteli\u0173 su skirtingomis kainomis ir priz\u0173 diapazonais.<\/p>\n<h2>\u017daisti m\u016bs\u0173 \u012fbr\u0117\u017eiam\u0173j\u0173 korteli\u0173 \u017eaidimus gana paprasta.<\/h2>\n<p>Tada vir\u0161utin\u012f kortel\u0117s sluoksn\u012f galite rankiniu b\u016bdu nubraukti pele arba spustel\u0117ti mygtuk\u0105 \u201egreitasis \u012fbr\u0117\u017eimas\u201c ir atskleisti vis\u0105 kortel\u0117je pasl\u0117pt\u0105 informacij\u0105.<\/p>\n<p>J\u016bs\u0173 laim\u0117jimai priklauso nuo sum\u0173, kurios rodomos po to, kai nubrai\u017eote vir\u0161utin\u012f kortel\u0117s sluoksn\u012f. Jei \u012fbr\u0117\u017eimo kortel\u0117je yra trys vienodos sumos, b\u016btent toki\u0105 sum\u0105 ir laim\u0117site.<\/p>\n<h2>Kas nutinka laim\u0117jus \u012fbr\u0117\u017eimo kortel\u0119?<\/h2>\n<p>Visi laim\u0117jimai i\u0161 karto bus \u012ftraukti \u012f j\u016bs\u0173 s\u0105skait\u0105. Jei kortel\u0117 laimi, tur\u0117site dvi galimybes:<\/p>\n<ol>\n<li>Galite likti \u012fbr\u0117\u017eiam\u0173j\u0173 korteli\u0173 puslapyje ir toliau naudoti laim\u0117jim\u0105 pirkdami daugiau internetini\u0173 \u012fbr\u0117\u017eiam\u0173j\u0173 korteli\u0173.<\/li>\n<li>u\u017edaryti \u012fbr\u0117\u017eiam\u0173j\u0173 korteli\u0173 puslap\u012f, ir j\u016bs\u0173 laim\u0117jimai bus pervesti \u012f j\u016bs\u0173 RedFoxLotto \u017eaid\u0117jo balans\u0105.<\/li>\n<\/ol>\n<p>\u012etrauk\u0119 \u012f savo \u017eaid\u0117jo balans\u0105 \u012fbr\u0117\u017eiam\u0173j\u0173 korteli\u0173 laim\u0117jimus, galite juos panaudoti kaip tik norite &#8211; nusipirkti \u012fprast\u0173 loterijos biliet\u0173, \u017eaisti \u201eKeno\u201c, v\u0117liau nusipirkti daugiau internetini\u0173 \u012fbr\u0117\u017eiam\u0173j\u0173 korteli\u0173 arba atsiimti laim\u0117jimus.<\/p>\n<p>Internetini\u0173 \u012fbr\u0117\u017eiam\u0173j\u0173 korteli\u0173 papildymas yra tai, ko pra\u0161\u0117 daugelis m\u016bs\u0173 klient\u0173, tod\u0117l esame tikri, kad ir jums \u0161i patirtis patiks!<\/p>\n","protected":false},"excerpt":{"rendered":"<p>Jei esate loterijos gerb\u0117jas, esame tikri, kad jums taip patpatiks \u017eaisti m\u016bs\u0173 internetines \u012fbr\u0117\u017eiam\u0105sias korteles! Loterijos bilietai visada buvo populiarus loterijos biliet\u0173 priedas. Jomis prekiauja beveik visos planetos loterij\u0173 parduotuv\u0117s, ir tam yra rimta prie\u017eastis. \u017daid\u017eiant loterij\u0105 beveik visada tenka \u0161iek tiek palaukti rezultat\u0173, o su \u012fbr\u0117\u017eiamosiomis kortel\u0117mis rezultatai gaunami akimirksniu. O su m\u016bs\u0173 internetin\u0117mis [&hellip;]<\/p>\n","protected":false},"author":8,"featured_media":0,"parent":0,"menu_order":7,"comment_status":"closed","ping_status":"closed","template":"","meta":{"_et_pb_use_builder":"","_et_pb_old_content":"","_et_gb_content_width":"","exclude_from_search":false,"footnotes":""},"class_list":["post-84508","page","type-page","status-publish","hentry"],"yoast_head":"<!-- This site is optimized with the Yoast SEO plugin v23.8 - https:\/\/yoast.com\/wordpress\/plugins\/seo\/ -->\n<title>\u017daiskite internetines \u012fbr\u0117\u017eimo korteles | Geriausios momentinio laim\u0117jimo \u012fbr\u0117\u017eimo kortel\u0117s<\/title>\n<meta name=\"description\" content=\"\u017daiskite geriausias internetines \u012fbr\u0117\u017eiam\u0105sias korteles \u010dia - patraukl\u016bs \u012fbr\u0117\u017eiamieji \u017eaidimai ir puik\u016bs prizai, kuriuos galima laim\u0117ti akimirksniu\" \/>\n<meta name=\"robots\" content=\"index, follow, max-snippet:-1, max-image-preview:large, max-video-preview:-1\" \/>\n<link rel=\"canonical\" href=\"https:\/\/redfoxlotto.com\/lt\/scratchcards\/\" \/>\n<meta property=\"og:locale\" content=\"lt_LT\" \/>\n<meta property=\"og:type\" content=\"article\" \/>\n<meta property=\"og:title\" content=\"\u017daiskite internetines \u012fbr\u0117\u017eimo korteles | Geriausios momentinio laim\u0117jimo \u012fbr\u0117\u017eimo kortel\u0117s\" \/>\n<meta property=\"og:description\" content=\"\u017daiskite geriausias internetines \u012fbr\u0117\u017eiam\u0105sias korteles \u010dia - patraukl\u016bs \u012fbr\u0117\u017eiamieji \u017eaidimai ir puik\u016bs prizai, kuriuos galima laim\u0117ti akimirksniu\" \/>\n<meta property=\"og:url\" content=\"https:\/\/redfoxlotto.com\/lt\/scratchcards\/\" \/>\n<meta property=\"og:site_name\" content=\"Get Tickets for the World\u2019s largest jackpots\" \/>\n<meta property=\"article:modified_time\" content=\"2025-06-17T08:47:54+00:00\" \/>\n<meta property=\"og:image\" content=\"https:\/\/redfoxlotto.com\/wp-content\/uploads\/2025\/03\/scratch_card_player-300x300.jpg\" \/>\n<meta name=\"twitter:card\" content=\"summary_large_image\" \/>\n<meta name=\"twitter:label1\" content=\"Est. reading time\" \/>\n\t<meta name=\"twitter:data1\" content=\"2 minut\u0117s\" \/>\n<script type=\"application\/ld+json\" class=\"yoast-schema-graph\">{\"@context\":\"https:\/\/schema.org\",\"@graph\":[{\"@type\":\"WebPage\",\"@id\":\"https:\/\/redfoxlotto.com\/lt\/scratchcards\/\",\"url\":\"https:\/\/redfoxlotto.com\/lt\/scratchcards\/\",\"name\":\"\u017daiskite internetines \u012fbr\u0117\u017eimo korteles | Geriausios momentinio laim\u0117jimo \u012fbr\u0117\u017eimo kortel\u0117s\",\"isPartOf\":{\"@id\":\"https:\/\/redfoxlotto.com\/lt\/#website\"},\"primaryImageOfPage\":{\"@id\":\"https:\/\/redfoxlotto.com\/lt\/scratchcards\/#primaryimage\"},\"image\":{\"@id\":\"https:\/\/redfoxlotto.com\/lt\/scratchcards\/#primaryimage\"},\"thumbnailUrl\":\"https:\/\/redfoxlotto.com\/wp-content\/uploads\/2025\/03\/scratch_card_player-300x300.jpg\",\"datePublished\":\"2025-03-17T09:46:32+00:00\",\"dateModified\":\"2025-06-17T08:47:54+00:00\",\"description\":\"\u017daiskite geriausias internetines \u012fbr\u0117\u017eiam\u0105sias korteles \u010dia - patraukl\u016bs \u012fbr\u0117\u017eiamieji \u017eaidimai ir puik\u016bs prizai, kuriuos galima laim\u0117ti akimirksniu\",\"breadcrumb\":{\"@id\":\"https:\/\/redfoxlotto.com\/lt\/scratchcards\/#breadcrumb\"},\"inLanguage\":\"lt-LT\",\"potentialAction\":[{\"@type\":\"ReadAction\",\"target\":[\"https:\/\/redfoxlotto.com\/lt\/scratchcards\/\"]}]},{\"@type\":\"ImageObject\",\"inLanguage\":\"lt-LT\",\"@id\":\"https:\/\/redfoxlotto.com\/lt\/scratchcards\/#primaryimage\",\"url\":\"https:\/\/redfoxlotto.com\/wp-content\/uploads\/2025\/03\/scratch_card_player-300x300.jpg\",\"contentUrl\":\"https:\/\/redfoxlotto.com\/wp-content\/uploads\/2025\/03\/scratch_card_player-300x300.jpg\"},{\"@type\":\"BreadcrumbList\",\"@id\":\"https:\/\/redfoxlotto.com\/lt\/scratchcards\/#breadcrumb\",\"itemListElement\":[{\"@type\":\"ListItem\",\"position\":1,\"name\":\"Home\",\"item\":\"https:\/\/redfoxlotto.com\/lt\/\"},{\"@type\":\"ListItem\",\"position\":2,\"name\":\"\u012ebr\u0117\u017eiamosios kortel\u0117s\"}]},{\"@type\":\"WebSite\",\"@id\":\"https:\/\/redfoxlotto.com\/lt\/#website\",\"url\":\"https:\/\/redfoxlotto.com\/lt\/\",\"name\":\"Get Tickets for the World\u2019s largest jackpots\",\"description\":\"Participate in worldwide lottery jackpots from any country\",\"publisher\":{\"@id\":\"https:\/\/redfoxlotto.com\/lt\/#organization\"},\"potentialAction\":[{\"@type\":\"SearchAction\",\"target\":{\"@type\":\"EntryPoint\",\"urlTemplate\":\"https:\/\/redfoxlotto.com\/lt\/?s={search_term_string}\"},\"query-input\":{\"@type\":\"PropertyValueSpecification\",\"valueRequired\":true,\"valueName\":\"search_term_string\"}}],\"inLanguage\":\"lt-LT\"},{\"@type\":\"Organization\",\"@id\":\"https:\/\/redfoxlotto.com\/lt\/#organization\",\"name\":\"Get Tickets for the World\u2019s largest jackpots\",\"url\":\"https:\/\/redfoxlotto.com\/lt\/\",\"logo\":{\"@type\":\"ImageObject\",\"inLanguage\":\"lt-LT\",\"@id\":\"https:\/\/redfoxlotto.com\/lt\/#\/schema\/logo\/image\/\",\"url\":\"https:\/\/redfoxlotto.com\/wp-content\/uploads\/2023\/04\/logo.png\",\"contentUrl\":\"https:\/\/redfoxlotto.com\/wp-content\/uploads\/2023\/04\/logo.png\",\"width\":269,\"height\":53,\"caption\":\"Get Tickets for the World\u2019s largest jackpots\"},\"image\":{\"@id\":\"https:\/\/redfoxlotto.com\/lt\/#\/schema\/logo\/image\/\"}}]}<\/script>\n<!-- \/ Yoast SEO plugin. -->","yoast_head_json":{"title":"\u017daiskite internetines \u012fbr\u0117\u017eimo korteles | Geriausios momentinio laim\u0117jimo \u012fbr\u0117\u017eimo kortel\u0117s","description":"\u017daiskite geriausias internetines \u012fbr\u0117\u017eiam\u0105sias korteles \u010dia - patraukl\u016bs \u012fbr\u0117\u017eiamieji \u017eaidimai ir puik\u016bs prizai, kuriuos galima laim\u0117ti akimirksniu","robots":{"index":"index","follow":"follow","max-snippet":"max-snippet:-1","max-image-preview":"max-image-preview:large","max-video-preview":"max-video-preview:-1"},"canonical":"https:\/\/redfoxlotto.com\/lt\/scratchcards\/","og_locale":"lt_LT","og_type":"article","og_title":"\u017daiskite internetines \u012fbr\u0117\u017eimo korteles | Geriausios momentinio laim\u0117jimo \u012fbr\u0117\u017eimo kortel\u0117s","og_description":"\u017daiskite geriausias internetines \u012fbr\u0117\u017eiam\u0105sias korteles \u010dia - patraukl\u016bs \u012fbr\u0117\u017eiamieji \u017eaidimai ir puik\u016bs prizai, kuriuos galima laim\u0117ti akimirksniu","og_url":"https:\/\/redfoxlotto.com\/lt\/scratchcards\/","og_site_name":"Get Tickets for the World\u2019s largest jackpots","article_modified_time":"2025-06-17T08:47:54+00:00","og_image":[{"url":"https:\/\/redfoxlotto.com\/wp-content\/uploads\/2025\/03\/scratch_card_player-300x300.jpg"}],"twitter_card":"summary_large_image","twitter_misc":{"Est. reading time":"2 minut\u0117s"},"schema":{"@context":"https:\/\/schema.org","@graph":[{"@type":"WebPage","@id":"https:\/\/redfoxlotto.com\/lt\/scratchcards\/","url":"https:\/\/redfoxlotto.com\/lt\/scratchcards\/","name":"\u017daiskite internetines \u012fbr\u0117\u017eimo korteles | Geriausios momentinio laim\u0117jimo \u012fbr\u0117\u017eimo kortel\u0117s","isPartOf":{"@id":"https:\/\/redfoxlotto.com\/lt\/#website"},"primaryImageOfPage":{"@id":"https:\/\/redfoxlotto.com\/lt\/scratchcards\/#primaryimage"},"image":{"@id":"https:\/\/redfoxlotto.com\/lt\/scratchcards\/#primaryimage"},"thumbnailUrl":"https:\/\/redfoxlotto.com\/wp-content\/uploads\/2025\/03\/scratch_card_player-300x300.jpg","datePublished":"2025-03-17T09:46:32+00:00","dateModified":"2025-06-17T08:47:54+00:00","description":"\u017daiskite geriausias internetines \u012fbr\u0117\u017eiam\u0105sias korteles \u010dia - patraukl\u016bs \u012fbr\u0117\u017eiamieji \u017eaidimai ir puik\u016bs prizai, kuriuos galima laim\u0117ti akimirksniu","breadcrumb":{"@id":"https:\/\/redfoxlotto.com\/lt\/scratchcards\/#breadcrumb"},"inLanguage":"lt-LT","potentialAction":[{"@type":"ReadAction","target":["https:\/\/redfoxlotto.com\/lt\/scratchcards\/"]}]},{"@type":"ImageObject","inLanguage":"lt-LT","@id":"https:\/\/redfoxlotto.com\/lt\/scratchcards\/#primaryimage","url":"https:\/\/redfoxlotto.com\/wp-content\/uploads\/2025\/03\/scratch_card_player-300x300.jpg","contentUrl":"https:\/\/redfoxlotto.com\/wp-content\/uploads\/2025\/03\/scratch_card_player-300x300.jpg"},{"@type":"BreadcrumbList","@id":"https:\/\/redfoxlotto.com\/lt\/scratchcards\/#breadcrumb","itemListElement":[{"@type":"ListItem","position":1,"name":"Home","item":"https:\/\/redfoxlotto.com\/lt\/"},{"@type":"ListItem","position":2,"name":"\u012ebr\u0117\u017eiamosios kortel\u0117s"}]},{"@type":"WebSite","@id":"https:\/\/redfoxlotto.com\/lt\/#website","url":"https:\/\/redfoxlotto.com\/lt\/","name":"Get Tickets for the World\u2019s largest jackpots","description":"Participate in worldwide lottery jackpots from any country","publisher":{"@id":"https:\/\/redfoxlotto.com\/lt\/#organization"},"potentialAction":[{"@type":"SearchAction","target":{"@type":"EntryPoint","urlTemplate":"https:\/\/redfoxlotto.com\/lt\/?s={search_term_string}"},"query-input":{"@type":"PropertyValueSpecification","valueRequired":true,"valueName":"search_term_string"}}],"inLanguage":"lt-LT"},{"@type":"Organization","@id":"https:\/\/redfoxlotto.com\/lt\/#organization","name":"Get Tickets for the World\u2019s largest jackpots","url":"https:\/\/redfoxlotto.com\/lt\/","logo":{"@type":"ImageObject","inLanguage":"lt-LT","@id":"https:\/\/redfoxlotto.com\/lt\/#\/schema\/logo\/image\/","url":"https:\/\/redfoxlotto.com\/wp-content\/uploads\/2023\/04\/logo.png","contentUrl":"https:\/\/redfoxlotto.com\/wp-content\/uploads\/2023\/04\/logo.png","width":269,"height":53,"caption":"Get Tickets for the World\u2019s largest jackpots"},"image":{"@id":"https:\/\/redfoxlotto.com\/lt\/#\/schema\/logo\/image\/"}}]}},"_links":{"self":[{"href":"https:\/\/redfoxlotto.com\/lt\/wp-json\/wp\/v2\/pages\/84508","targetHints":{"allow":["GET"]}}],"collection":[{"href":"https:\/\/redfoxlotto.com\/lt\/wp-json\/wp\/v2\/pages"}],"about":[{"href":"https:\/\/redfoxlotto.com\/lt\/wp-json\/wp\/v2\/types\/page"}],"author":[{"embeddable":true,"href":"https:\/\/redfoxlotto.com\/lt\/wp-json\/wp\/v2\/users\/8"}],"replies":[{"embeddable":true,"href":"https:\/\/redfoxlotto.com\/lt\/wp-json\/wp\/v2\/comments?post=84508"}],"version-history":[{"count":0,"href":"https:\/\/redfoxlotto.com\/lt\/wp-json\/wp\/v2\/pages\/84508\/revisions"}],"wp:attachment":[{"href":"https:\/\/redfoxlotto.com\/lt\/wp-json\/wp\/v2\/media?parent=84508"}],"curies":[{"name":"wp","href":"https:\/\/api.w.org\/{rel}","templated":true}]}}