{"id":84419,"date":"2025-02-12T11:12:52","date_gmt":"2025-02-12T11:12:52","guid":{"rendered":"https:\/\/redfoxlotto.com\/?page_id=84419"},"modified":"2025-10-09T14:17:48","modified_gmt":"2025-10-09T14:17:48","slug":"keno","status":"publish","type":"page","link":"https:\/\/redfoxlotto.com\/lt\/keno\/","title":{"rendered":"Keno"},"content":{"rendered":"<h2>Ne\u017einote, kaip \u017eaisti \u201eKeno\u201c internete?<\/h2>\n<p>Taigi \u017einote, kaip veikia loterija, bet niekada ne\u017eaid\u0117te \u201eKeno\u201c? Paai\u0161kinsiu, kaip \u017eaisti \u201eKeno\u201c internetu. Tai suprasti n\u0117ra taip sunku, o m\u016bs\u0173 platformoje lengva sukurti \u201eKeno\u201c biliet\u0105.<\/p>\n<div class=\"keno-banner-wrapper\"><img decoding=\"async\" class=\"keno-banner-image\" src=\"https:\/\/redfoxlotto.com\/wp-content\/uploads\/2025\/10\/3-scaled.png\" alt=\"Keno Banner\" \/><br \/>\n<div class=\"keno-banner-overlay\"><div class=\"keno-banner-text\">Pagrindinis prizas: \u20ac10,000,000<br>Loterijos kas 30 minu\u010di\u0173<\/div><a href=\"https:\/\/keno.redfoxlotto.com\/play\/diamond-keno\" class=\"keno-banner-button\">\u017daiskite \u201eDiamond Keno\u201c dabar<\/a><\/div><\/div>\n<div class=\"keno-banner-wrapper\"><img decoding=\"async\" class=\"keno-banner-image\" src=\"https:\/\/redfoxlotto.com\/wp-content\/uploads\/2025\/10\/1-scaled.png\" alt=\"Keno Banner\" \/><br \/>\n<div class=\"keno-banner-overlay\"><div class=\"keno-banner-text\">Pagrindinis prizas: \u20ac5,000,000<br>Loterijos kas 8 minutes<\/div><a href=\"https:\/\/keno.redfoxlotto.com\/play\/platinum-keno\" class=\"keno-banner-button\">\u017daiskite \u201ePlatinum Keno\u201c dabar<\/a><\/div><\/div>\n<div class=\"keno-banner-wrapper\"><img decoding=\"async\" class=\"keno-banner-image\" src=\"https:\/\/redfoxlotto.com\/wp-content\/uploads\/2025\/10\/2-scaled.png\" alt=\"Keno Banner\" \/><br \/>\n<div class=\"keno-banner-overlay\"><div class=\"keno-banner-text\">Pagrindinis prizas: \u20ac2,000,000<br>Loterijos kas 6 minutes<\/div><a href=\"https:\/\/keno.redfoxlotto.com\/play\/gold-keno\" class=\"keno-banner-button\">\u017daiskite \u201eGold Keno\u201c dabar<\/a><\/div><\/div>\n<p><img loading=\"lazy\" decoding=\"async\" class=\"alignright size-medium wp-image-83635\" src=\"https:\/\/redfoxlotto.com\/wp-content\/uploads\/2025\/03\/keno_card-300x300.jpg\" alt=\"play keno online\" width=\"300\" height=\"300\" srcset=\"https:\/\/redfoxlotto.com\/wp-content\/uploads\/2025\/03\/keno_card-300x300.jpg 300w, https:\/\/redfoxlotto.com\/wp-content\/uploads\/2025\/03\/keno_card-150x150.jpg 150w, https:\/\/redfoxlotto.com\/wp-content\/uploads\/2025\/03\/keno_card-100x100.jpg 100w, https:\/\/redfoxlotto.com\/wp-content\/uploads\/2025\/03\/keno_card.jpg 307w\" sizes=\"auto, (max-width: 300px) 100vw, 300px\" \/><\/p>\n<h2>\u012eprastos loterijos ir \u201eKeno\u201c skirtumai<\/h2>\n<p>\u017daisdami \u201eKeno\u201c galite labiau kontroliuoti, kiek norite i\u0161leisti bilietui, taip pat sprend\u017eiate, kiek skai\u010di\u0173 i\u0161rinksite.<\/p>\n<ul>\n<li><strong>Daugiklis<\/strong> &#8211; kiekvienas \u201eKeno\u201c bilietas turi bazin\u0119 kain\u0105 (ma\u017eiausi\u0105, kuri\u0105 turite sumok\u0117ti u\u017e vien\u0105 biliet\u0105), ta\u010diau yra ir daugiklio funkcija. Tarkime, bazin\u0117 kaina yra 1,00 \u20ac. Pasirink\u0119 5 daugikl\u012f, dabar bilietas jums kainuos 5,00 \u20ac. Ta\u010diau tuo pat metu suma, kuri\u0105 galite laim\u0117ti, padid\u0117s ma\u017eiausiai 5 kartus. Nor\u0117dami laim\u0117ti did\u017eiausi\u0105 kiekvienos i\u0161mok\u0117jimo pakopos priz\u0105, turite pasirinkti did\u017eiausi\u0105 daugikl\u012f. Daugiklis gali b\u016bti nuo 1 iki 5 arba nuo 1 iki 10. Jei norite pamatyti tikr\u0105j\u012f i\u0161mok\u0117jim\u0105, spustel\u0117kite vir\u0161uje esant\u012f skirtuk\u0105 \u201eInformacija\u201c ir pamatysite i\u0161mok\u0117jim\u0173 lentel\u0119.<\/li>\n<li>Spustel\u0117kite norim\u0105 pasirinkti daugikl\u012f, ir bus rodomi to daugiklio i\u0161mok\u0117jimai.<\/li>\n<li><strong>\u017daisti su daugiau ar ma\u017eiau skai\u010di\u0173<\/strong> &#8211; galite nuspr\u0119sti, ar bilietui norite pasirinkti daugiau, ar ma\u017eiau skai\u010di\u0173. V\u0117lgi, jei norite laim\u0117ti pagrindin\u012f priz\u0105, visada turite pasirinkti maksimal\u0173 skai\u010di\u0173, t. y. 10 skai\u010di\u0173. Ta\u010diau jei nuspr\u0119site \u017eaisti tik 8 skai\u010diais, laim\u0117site daugiau pinig\u0173, jei visi arba kai kurie i\u0161 j\u0173 atitiks i\u0161trauktus skai\u010dius. Lentel\u0117je \u201eInfo\u201c puslapyje v\u0117lgi rasite i\u0161mok\u0117jimus.<\/li>\n<li><strong>Daugiau skai\u010di\u0173 traukiama i\u0161 skai\u010di\u0173 asortimento<\/strong> &#8211; jei \u012fprastoje loterijoje traukiami 5 arba 6 skai\u010diai i\u0161 49 arba 60 skai\u010di\u0173, tai \u017eaid\u017eiant \u201eKeno\u201c yra kitaip. Pirma, daugumoje \u201eKeno\u201c \u017eaidim\u0173 traukiama 20 skai\u010di\u0173, ta\u010diau galim\u0173 skai\u010di\u0173 fondas taip pat yra didesnis (paprastai nuo 70 iki 90 skai\u010di\u0173). Ta\u010diau tur\u0117dami 20 laiming\u0173j\u0173 skai\u010di\u0173, turite atitikti tik 10 i\u0161 j\u0173, kad laim\u0117tum\u0117te didel\u012f priz\u0105. Tai rei\u0161kia, kad bendri \u0161ansai \u017eaid\u017eiant \u201eKeno\u201c internetu yra didesni, palyginti su daugeliu \u012fprast\u0173 loterij\u0173.<\/li>\n<\/ul>\n<h2>Taigi, kaip \u017eaisti \u201eKeno\u201c internete?<\/h2>\n<p><strong>Norint \u017eaisti \u201eKeno\u201c internete, tereikia atlikti toliau nurodytus veiksmus:<\/strong><\/p>\n<ul>\n<li>Spustel\u0117kite vien\u0105 i\u0161 \u0161iame puslapyje esan\u010di\u0173 \u201eKeno\u201c reklamini\u0173 skydeli\u0173.<\/li>\n<li>Pasirinkite, kiek skai\u010di\u0173 norite \u017eaisti<\/li>\n<li>Pasirinkite daugikl\u012f ir patikrinkite bilieto kain\u0105 (jei reikia, pakoreguokite daugikl\u012f).<\/li>\n<li>I\u0161sirinkite numerius (arba naudokite greitojo pasirinkimo funkcij\u0105, kad sugeneruotum\u0117te atsitiktinius numerius).<\/li>\n<li>Jei norite, prid\u0117kite daugiau to paties \u201eKeno\u201c tira\u017eo biliet\u0173<\/li>\n<li>Nuspr\u0119skite, ar norite, kad j\u016bs\u0173 bilietas ar bilietai dalyvaut\u0173 viename ar keliuose tira\u017euose<\/li>\n<li>Apmok\u0117kite u\u017e bilietus (jei dar neturite, turite susikurti nauj\u0105 paskyr\u0105 m\u016bs\u0173 svetain\u0117je arba prisijungti prie jau turimos paskyros).<\/li>\n<\/ul>\n<h2>Likus vos kelioms minut\u0117ms iki kito burt\u0173 traukimo<\/h2>\n<p>Dauguma \u201eKeno\u201c loterij\u0173 burtus traukia kas por\u0105 minu\u010di\u0173, tod\u0117l nereikia ilgai laukti, kol su\u017einosite, ar laim\u0117jote. Kiekvien\u0105 kart\u0105, kai art\u0117ja \u201eKeno\u201c loterijos burt\u0173 traukimas, kol esate m\u016bs\u0173 svetain\u0117je, pasirodys i\u0161\u0161okantis langas, o netrukus po to pamatysite burt\u0173 traukimo animacijos vaizdo \u012fra\u0161\u0105. Pasirod\u017eius i\u0161kylan\u010diajam langui, vis tiek tur\u0117tum\u0117te tur\u0117ti galimyb\u0119 nusipirkti biliet\u0105 ir \u017eaisti tame art\u0117jan\u010diame tira\u017ee. Ta\u010diau net jei ir praleisite kit\u0105 burt\u0173 traukim\u0105, visada galite susikurti biliet\u0105 kitam art\u0117jan\u010diam burt\u0173 traukimui, iki kurio liko vos kelios minut\u0117s!<\/p>\n<p>\u201eKeno\u201c tira\u017eai yra virtual\u016bs tira\u017eai, kuri\u0173 skai\u010dius generuoja sertifikuotas atsitiktini\u0173 skai\u010di\u0173 generatorius. Tod\u0117l galite b\u016bti tikri, kad \u017eaid\u017eiant \u201eKeno\u201c internetu m\u016bs\u0173 svetain\u0117je \u017eaidimas visada bus s\u0105\u017einingas.<\/p>\n<p>Beje, tai n\u0117ra vie\u0161oji loterija, kurioje bilietus galite nusipirkti kur nors<\/p>\n<p>loterijos pardavimo vietoje. Tod\u0117l \u201eKeno\u201c \u017eaidimuose negausite jokio nuskaityto bilieto, o tik patvirtinim\u0105 \u012f savo \u017eaid\u0117jo paskyr\u0105.<\/p>\n","protected":false},"excerpt":{"rendered":"<p>Ne\u017einote, kaip \u017eaisti \u201eKeno\u201c internete? Taigi \u017einote, kaip veikia loterija, bet niekada ne\u017eaid\u0117te \u201eKeno\u201c? Paai\u0161kinsiu, kaip \u017eaisti \u201eKeno\u201c internetu. Tai suprasti n\u0117ra taip sunku, o m\u016bs\u0173 platformoje lengva sukurti \u201eKeno\u201c biliet\u0105. \u012eprastos loterijos ir \u201eKeno\u201c skirtumai \u017daisdami \u201eKeno\u201c galite labiau kontroliuoti, kiek norite i\u0161leisti bilietui, taip pat sprend\u017eiate, kiek skai\u010di\u0173 i\u0161rinksite. Daugiklis &#8211; kiekvienas \u201eKeno\u201c [&hellip;]<\/p>\n","protected":false},"author":8,"featured_media":0,"parent":0,"menu_order":5,"comment_status":"closed","ping_status":"closed","template":"","meta":{"_et_pb_use_builder":"","_et_pb_old_content":"","_et_gb_content_width":"","exclude_from_search":false,"footnotes":""},"class_list":["post-84419","page","type-page","status-publish","hentry"],"yoast_head":"<!-- This site is optimized with the Yoast SEO plugin v23.8 - https:\/\/yoast.com\/wordpress\/plugins\/seo\/ -->\n<title>Kaip \u017eaisti Keno internete | Keno internete taisykl\u0117s ir strategija<\/title>\n<meta name=\"description\" content=\"Norite laim\u0117ti daug \u017eaid\u017eiant \u201eKeno\u201c? Kaip \u017eaisti \u201eKeno\u201c internete ir laim\u0117ti iki 10 mln. eur\u0173 vert\u0117s prizus, o iki burt\u0173 traukimo likus vos kelioms minut\u0117ms\" \/>\n<meta name=\"robots\" content=\"index, follow, max-snippet:-1, max-image-preview:large, max-video-preview:-1\" \/>\n<link rel=\"canonical\" href=\"https:\/\/redfoxlotto.com\/lt\/keno\/\" \/>\n<meta property=\"og:locale\" content=\"lt_LT\" \/>\n<meta property=\"og:type\" content=\"article\" \/>\n<meta property=\"og:title\" content=\"Kaip \u017eaisti Keno internete | Keno internete taisykl\u0117s ir strategija\" \/>\n<meta property=\"og:description\" content=\"Norite laim\u0117ti daug \u017eaid\u017eiant \u201eKeno\u201c? Kaip \u017eaisti \u201eKeno\u201c internete ir laim\u0117ti iki 10 mln. eur\u0173 vert\u0117s prizus, o iki burt\u0173 traukimo likus vos kelioms minut\u0117ms\" \/>\n<meta property=\"og:url\" content=\"https:\/\/redfoxlotto.com\/lt\/keno\/\" \/>\n<meta property=\"og:site_name\" content=\"Get Tickets for the World\u2019s largest jackpots\" \/>\n<meta property=\"article:modified_time\" content=\"2025-10-09T14:17:48+00:00\" \/>\n<meta property=\"og:image\" content=\"https:\/\/redfoxlotto.com\/wp-content\/uploads\/2025\/10\/3-scaled.png\" \/>\n<meta name=\"twitter:card\" content=\"summary_large_image\" \/>\n<meta name=\"twitter:label1\" content=\"Est. reading time\" \/>\n\t<meta name=\"twitter:data1\" content=\"4 minut\u0117s\" \/>\n<script type=\"application\/ld+json\" class=\"yoast-schema-graph\">{\"@context\":\"https:\/\/schema.org\",\"@graph\":[{\"@type\":\"WebPage\",\"@id\":\"https:\/\/redfoxlotto.com\/lt\/keno\/\",\"url\":\"https:\/\/redfoxlotto.com\/lt\/keno\/\",\"name\":\"Kaip \u017eaisti Keno internete | Keno internete taisykl\u0117s ir strategija\",\"isPartOf\":{\"@id\":\"https:\/\/redfoxlotto.com\/lt\/#website\"},\"primaryImageOfPage\":{\"@id\":\"https:\/\/redfoxlotto.com\/lt\/keno\/#primaryimage\"},\"image\":{\"@id\":\"https:\/\/redfoxlotto.com\/lt\/keno\/#primaryimage\"},\"thumbnailUrl\":\"https:\/\/redfoxlotto.com\/wp-content\/uploads\/2025\/10\/3-scaled.png\",\"datePublished\":\"2025-02-12T11:12:52+00:00\",\"dateModified\":\"2025-10-09T14:17:48+00:00\",\"description\":\"Norite laim\u0117ti daug \u017eaid\u017eiant \u201eKeno\u201c? Kaip \u017eaisti \u201eKeno\u201c internete ir laim\u0117ti iki 10 mln. eur\u0173 vert\u0117s prizus, o iki burt\u0173 traukimo likus vos kelioms minut\u0117ms\",\"breadcrumb\":{\"@id\":\"https:\/\/redfoxlotto.com\/lt\/keno\/#breadcrumb\"},\"inLanguage\":\"lt-LT\",\"potentialAction\":[{\"@type\":\"ReadAction\",\"target\":[\"https:\/\/redfoxlotto.com\/lt\/keno\/\"]}]},{\"@type\":\"ImageObject\",\"inLanguage\":\"lt-LT\",\"@id\":\"https:\/\/redfoxlotto.com\/lt\/keno\/#primaryimage\",\"url\":\"https:\/\/redfoxlotto.com\/wp-content\/uploads\/2025\/10\/3-scaled.png\",\"contentUrl\":\"https:\/\/redfoxlotto.com\/wp-content\/uploads\/2025\/10\/3-scaled.png\"},{\"@type\":\"BreadcrumbList\",\"@id\":\"https:\/\/redfoxlotto.com\/lt\/keno\/#breadcrumb\",\"itemListElement\":[{\"@type\":\"ListItem\",\"position\":1,\"name\":\"Home\",\"item\":\"https:\/\/redfoxlotto.com\/lt\/\"},{\"@type\":\"ListItem\",\"position\":2,\"name\":\"Keno\"}]},{\"@type\":\"WebSite\",\"@id\":\"https:\/\/redfoxlotto.com\/lt\/#website\",\"url\":\"https:\/\/redfoxlotto.com\/lt\/\",\"name\":\"Get Tickets for the World\u2019s largest jackpots\",\"description\":\"Participate in worldwide lottery jackpots from any country\",\"publisher\":{\"@id\":\"https:\/\/redfoxlotto.com\/lt\/#organization\"},\"potentialAction\":[{\"@type\":\"SearchAction\",\"target\":{\"@type\":\"EntryPoint\",\"urlTemplate\":\"https:\/\/redfoxlotto.com\/lt\/?s={search_term_string}\"},\"query-input\":{\"@type\":\"PropertyValueSpecification\",\"valueRequired\":true,\"valueName\":\"search_term_string\"}}],\"inLanguage\":\"lt-LT\"},{\"@type\":\"Organization\",\"@id\":\"https:\/\/redfoxlotto.com\/lt\/#organization\",\"name\":\"Get Tickets for the World\u2019s largest jackpots\",\"url\":\"https:\/\/redfoxlotto.com\/lt\/\",\"logo\":{\"@type\":\"ImageObject\",\"inLanguage\":\"lt-LT\",\"@id\":\"https:\/\/redfoxlotto.com\/lt\/#\/schema\/logo\/image\/\",\"url\":\"https:\/\/redfoxlotto.com\/wp-content\/uploads\/2023\/04\/logo.png\",\"contentUrl\":\"https:\/\/redfoxlotto.com\/wp-content\/uploads\/2023\/04\/logo.png\",\"width\":269,\"height\":53,\"caption\":\"Get Tickets for the World\u2019s largest jackpots\"},\"image\":{\"@id\":\"https:\/\/redfoxlotto.com\/lt\/#\/schema\/logo\/image\/\"}}]}<\/script>\n<!-- \/ Yoast SEO plugin. -->","yoast_head_json":{"title":"Kaip \u017eaisti Keno internete | Keno internete taisykl\u0117s ir strategija","description":"Norite laim\u0117ti daug \u017eaid\u017eiant \u201eKeno\u201c? Kaip \u017eaisti \u201eKeno\u201c internete ir laim\u0117ti iki 10 mln. eur\u0173 vert\u0117s prizus, o iki burt\u0173 traukimo likus vos kelioms minut\u0117ms","robots":{"index":"index","follow":"follow","max-snippet":"max-snippet:-1","max-image-preview":"max-image-preview:large","max-video-preview":"max-video-preview:-1"},"canonical":"https:\/\/redfoxlotto.com\/lt\/keno\/","og_locale":"lt_LT","og_type":"article","og_title":"Kaip \u017eaisti Keno internete | Keno internete taisykl\u0117s ir strategija","og_description":"Norite laim\u0117ti daug \u017eaid\u017eiant \u201eKeno\u201c? Kaip \u017eaisti \u201eKeno\u201c internete ir laim\u0117ti iki 10 mln. eur\u0173 vert\u0117s prizus, o iki burt\u0173 traukimo likus vos kelioms minut\u0117ms","og_url":"https:\/\/redfoxlotto.com\/lt\/keno\/","og_site_name":"Get Tickets for the World\u2019s largest jackpots","article_modified_time":"2025-10-09T14:17:48+00:00","og_image":[{"url":"https:\/\/redfoxlotto.com\/wp-content\/uploads\/2025\/10\/3-scaled.png"}],"twitter_card":"summary_large_image","twitter_misc":{"Est. reading time":"4 minut\u0117s"},"schema":{"@context":"https:\/\/schema.org","@graph":[{"@type":"WebPage","@id":"https:\/\/redfoxlotto.com\/lt\/keno\/","url":"https:\/\/redfoxlotto.com\/lt\/keno\/","name":"Kaip \u017eaisti Keno internete | Keno internete taisykl\u0117s ir strategija","isPartOf":{"@id":"https:\/\/redfoxlotto.com\/lt\/#website"},"primaryImageOfPage":{"@id":"https:\/\/redfoxlotto.com\/lt\/keno\/#primaryimage"},"image":{"@id":"https:\/\/redfoxlotto.com\/lt\/keno\/#primaryimage"},"thumbnailUrl":"https:\/\/redfoxlotto.com\/wp-content\/uploads\/2025\/10\/3-scaled.png","datePublished":"2025-02-12T11:12:52+00:00","dateModified":"2025-10-09T14:17:48+00:00","description":"Norite laim\u0117ti daug \u017eaid\u017eiant \u201eKeno\u201c? Kaip \u017eaisti \u201eKeno\u201c internete ir laim\u0117ti iki 10 mln. eur\u0173 vert\u0117s prizus, o iki burt\u0173 traukimo likus vos kelioms minut\u0117ms","breadcrumb":{"@id":"https:\/\/redfoxlotto.com\/lt\/keno\/#breadcrumb"},"inLanguage":"lt-LT","potentialAction":[{"@type":"ReadAction","target":["https:\/\/redfoxlotto.com\/lt\/keno\/"]}]},{"@type":"ImageObject","inLanguage":"lt-LT","@id":"https:\/\/redfoxlotto.com\/lt\/keno\/#primaryimage","url":"https:\/\/redfoxlotto.com\/wp-content\/uploads\/2025\/10\/3-scaled.png","contentUrl":"https:\/\/redfoxlotto.com\/wp-content\/uploads\/2025\/10\/3-scaled.png"},{"@type":"BreadcrumbList","@id":"https:\/\/redfoxlotto.com\/lt\/keno\/#breadcrumb","itemListElement":[{"@type":"ListItem","position":1,"name":"Home","item":"https:\/\/redfoxlotto.com\/lt\/"},{"@type":"ListItem","position":2,"name":"Keno"}]},{"@type":"WebSite","@id":"https:\/\/redfoxlotto.com\/lt\/#website","url":"https:\/\/redfoxlotto.com\/lt\/","name":"Get Tickets for the World\u2019s largest jackpots","description":"Participate in worldwide lottery jackpots from any country","publisher":{"@id":"https:\/\/redfoxlotto.com\/lt\/#organization"},"potentialAction":[{"@type":"SearchAction","target":{"@type":"EntryPoint","urlTemplate":"https:\/\/redfoxlotto.com\/lt\/?s={search_term_string}"},"query-input":{"@type":"PropertyValueSpecification","valueRequired":true,"valueName":"search_term_string"}}],"inLanguage":"lt-LT"},{"@type":"Organization","@id":"https:\/\/redfoxlotto.com\/lt\/#organization","name":"Get Tickets for the World\u2019s largest jackpots","url":"https:\/\/redfoxlotto.com\/lt\/","logo":{"@type":"ImageObject","inLanguage":"lt-LT","@id":"https:\/\/redfoxlotto.com\/lt\/#\/schema\/logo\/image\/","url":"https:\/\/redfoxlotto.com\/wp-content\/uploads\/2023\/04\/logo.png","contentUrl":"https:\/\/redfoxlotto.com\/wp-content\/uploads\/2023\/04\/logo.png","width":269,"height":53,"caption":"Get Tickets for the World\u2019s largest jackpots"},"image":{"@id":"https:\/\/redfoxlotto.com\/lt\/#\/schema\/logo\/image\/"}}]}},"_links":{"self":[{"href":"https:\/\/redfoxlotto.com\/lt\/wp-json\/wp\/v2\/pages\/84419","targetHints":{"allow":["GET"]}}],"collection":[{"href":"https:\/\/redfoxlotto.com\/lt\/wp-json\/wp\/v2\/pages"}],"about":[{"href":"https:\/\/redfoxlotto.com\/lt\/wp-json\/wp\/v2\/types\/page"}],"author":[{"embeddable":true,"href":"https:\/\/redfoxlotto.com\/lt\/wp-json\/wp\/v2\/users\/8"}],"replies":[{"embeddable":true,"href":"https:\/\/redfoxlotto.com\/lt\/wp-json\/wp\/v2\/comments?post=84419"}],"version-history":[{"count":0,"href":"https:\/\/redfoxlotto.com\/lt\/wp-json\/wp\/v2\/pages\/84419\/revisions"}],"wp:attachment":[{"href":"https:\/\/redfoxlotto.com\/lt\/wp-json\/wp\/v2\/media?parent=84419"}],"curies":[{"name":"wp","href":"https:\/\/api.w.org\/{rel}","templated":true}]}}