{"id":68313,"date":"2024-04-25T08:02:02","date_gmt":"2024-04-25T08:02:02","guid":{"rendered":"https:\/\/redfoxlotto.org\/?page_id=68313"},"modified":"2024-11-24T17:38:17","modified_gmt":"2024-11-24T17:38:17","slug":"purchase-success","status":"publish","type":"page","link":"https:\/\/redfoxlotto.com\/lt\/purchase-success\/","title":{"rendered":"S\u0117kmingas pirkimas"},"content":{"rendered":"<p>S\u0117kmingai \u012fsigijote loterijos biliet\u0105 ar bilietus!<\/p><p>U\u017esakymo informacij\u0105 galite matyti savo \u017eaid\u0117jo paskyroje. Pirmiausia prisijunkite ir spustel\u0117kite \u201eMano bilietai\u201c.<\/p><p>Atkreipkite d\u0117mes\u012f, kad bilieto su j\u016bs\u0173 numeriais nuskaitymas ir \u012fk\u0117limas gali \u0161iek tiek u\u017etrukti. Biliet\u0173 nuskaitymai bus \u012fkelti \u012f j\u016bs\u0173 \u017eaid\u0117jo paskyr\u0105, bet nebus i\u0161si\u0173sti el. pa\u0161tu.<\/p><p>Dabar belieka laukti burt\u0173 traukimo &#8211; laikome pir\u0161tus ir tikim\u0117s, kad laim\u0117site.<\/p><p>Jei j\u016bs\u0173 bilietas laim\u0117s, visada gausite prane\u0161im\u0105 el. pa\u0161tu. \u012esitikinkite, kad m\u016bs\u0173 el. lai\u0161kai neatsid\u016br\u0117 j\u016bs\u0173 \u201eSpam\u201c arba \u201eUnknown\u201c aplanke!\u201c<\/p>","protected":false},"excerpt":{"rendered":"<p>S\u0117kmingai \u012fsigijote loterijos biliet\u0105 ar bilietus! U\u017esakymo informacij\u0105 galite matyti savo \u017eaid\u0117jo paskyroje. Pirmiausia prisijunkite ir spustel\u0117kite \u201eMano bilietai\u201c. Atkreipkite d\u0117mes\u012f, kad bilieto su j\u016bs\u0173 numeriais nuskaitymas ir \u012fk\u0117limas gali \u0161iek tiek u\u017etrukti. Biliet\u0173 nuskaitymai bus \u012fkelti \u012f j\u016bs\u0173 \u017eaid\u0117jo paskyr\u0105, bet nebus i\u0161si\u0173sti el. pa\u0161tu. Dabar belieka laukti burt\u0173 traukimo &#8211; laikome pir\u0161tus ir [&hellip;]<\/p>\n","protected":false},"author":1,"featured_media":0,"parent":0,"menu_order":19,"comment_status":"closed","ping_status":"closed","template":"wc_ThankYou.php","meta":{"_et_pb_use_builder":"","_et_pb_old_content":"","_et_gb_content_width":"","exclude_from_search":false,"footnotes":""},"class_list":["post-68313","page","type-page","status-publish","hentry"],"yoast_head":"<!-- This site is optimized with the Yoast SEO plugin v23.8 - https:\/\/yoast.com\/wordpress\/plugins\/seo\/ -->\n<title>S\u0117kmingas pirkimas<\/title>\n<meta name=\"robots\" content=\"index, follow, max-snippet:-1, max-image-preview:large, max-video-preview:-1\" \/>\n<link rel=\"canonical\" href=\"https:\/\/redfoxlotto.com\/lt\/purchase-success\/\" \/>\n<meta property=\"og:locale\" content=\"lt_LT\" \/>\n<meta property=\"og:type\" content=\"article\" \/>\n<meta property=\"og:title\" content=\"S\u0117kmingas pirkimas\" \/>\n<meta property=\"og:description\" content=\"S\u0117kmingai \u012fsigijote loterijos biliet\u0105 ar bilietus! U\u017esakymo informacij\u0105 galite matyti savo \u017eaid\u0117jo paskyroje. Pirmiausia prisijunkite ir spustel\u0117kite \u201eMano bilietai\u201c. Atkreipkite d\u0117mes\u012f, kad bilieto su j\u016bs\u0173 numeriais nuskaitymas ir \u012fk\u0117limas gali \u0161iek tiek u\u017etrukti. Biliet\u0173 nuskaitymai bus \u012fkelti \u012f j\u016bs\u0173 \u017eaid\u0117jo paskyr\u0105, bet nebus i\u0161si\u0173sti el. pa\u0161tu. Dabar belieka laukti burt\u0173 traukimo &#8211; laikome pir\u0161tus ir [&hellip;]\" \/>\n<meta property=\"og:url\" content=\"https:\/\/redfoxlotto.com\/lt\/purchase-success\/\" \/>\n<meta property=\"og:site_name\" content=\"Get Tickets for the World\u2019s largest jackpots\" \/>\n<meta property=\"article:modified_time\" content=\"2024-11-24T17:38:17+00:00\" \/>\n<meta name=\"twitter:card\" content=\"summary_large_image\" \/>\n<meta name=\"twitter:label1\" content=\"Est. reading time\" \/>\n\t<meta name=\"twitter:data1\" content=\"1 minut\u0117\" \/>\n<script type=\"application\/ld+json\" class=\"yoast-schema-graph\">{\"@context\":\"https:\/\/schema.org\",\"@graph\":[{\"@type\":\"WebPage\",\"@id\":\"https:\/\/redfoxlotto.com\/lt\/purchase-success\/\",\"url\":\"https:\/\/redfoxlotto.com\/lt\/purchase-success\/\",\"name\":\"S\u0117kmingas pirkimas\",\"isPartOf\":{\"@id\":\"https:\/\/redfoxlotto.com\/lt\/#website\"},\"datePublished\":\"2024-04-25T08:02:02+00:00\",\"dateModified\":\"2024-11-24T17:38:17+00:00\",\"breadcrumb\":{\"@id\":\"https:\/\/redfoxlotto.com\/lt\/purchase-success\/#breadcrumb\"},\"inLanguage\":\"lt-LT\",\"potentialAction\":[{\"@type\":\"ReadAction\",\"target\":[\"https:\/\/redfoxlotto.com\/lt\/purchase-success\/\"]}]},{\"@type\":\"BreadcrumbList\",\"@id\":\"https:\/\/redfoxlotto.com\/lt\/purchase-success\/#breadcrumb\",\"itemListElement\":[{\"@type\":\"ListItem\",\"position\":1,\"name\":\"Home\",\"item\":\"https:\/\/redfoxlotto.com\/lt\/\"},{\"@type\":\"ListItem\",\"position\":2,\"name\":\"S\u0117kmingas pirkimas\"}]},{\"@type\":\"WebSite\",\"@id\":\"https:\/\/redfoxlotto.com\/lt\/#website\",\"url\":\"https:\/\/redfoxlotto.com\/lt\/\",\"name\":\"Get Tickets for the World\u2019s largest jackpots\",\"description\":\"Participate in worldwide lottery jackpots from any country\",\"publisher\":{\"@id\":\"https:\/\/redfoxlotto.com\/lt\/#organization\"},\"potentialAction\":[{\"@type\":\"SearchAction\",\"target\":{\"@type\":\"EntryPoint\",\"urlTemplate\":\"https:\/\/redfoxlotto.com\/lt\/?s={search_term_string}\"},\"query-input\":{\"@type\":\"PropertyValueSpecification\",\"valueRequired\":true,\"valueName\":\"search_term_string\"}}],\"inLanguage\":\"lt-LT\"},{\"@type\":\"Organization\",\"@id\":\"https:\/\/redfoxlotto.com\/lt\/#organization\",\"name\":\"Get Tickets for the World\u2019s largest jackpots\",\"url\":\"https:\/\/redfoxlotto.com\/lt\/\",\"logo\":{\"@type\":\"ImageObject\",\"inLanguage\":\"lt-LT\",\"@id\":\"https:\/\/redfoxlotto.com\/lt\/#\/schema\/logo\/image\/\",\"url\":\"https:\/\/redfoxlotto.com\/wp-content\/uploads\/2023\/04\/logo.png\",\"contentUrl\":\"https:\/\/redfoxlotto.com\/wp-content\/uploads\/2023\/04\/logo.png\",\"width\":269,\"height\":53,\"caption\":\"Get Tickets for the World\u2019s largest jackpots\"},\"image\":{\"@id\":\"https:\/\/redfoxlotto.com\/lt\/#\/schema\/logo\/image\/\"}}]}<\/script>\n<!-- \/ Yoast SEO plugin. -->","yoast_head_json":{"title":"S\u0117kmingas pirkimas","robots":{"index":"index","follow":"follow","max-snippet":"max-snippet:-1","max-image-preview":"max-image-preview:large","max-video-preview":"max-video-preview:-1"},"canonical":"https:\/\/redfoxlotto.com\/lt\/purchase-success\/","og_locale":"lt_LT","og_type":"article","og_title":"S\u0117kmingas pirkimas","og_description":"S\u0117kmingai \u012fsigijote loterijos biliet\u0105 ar bilietus! U\u017esakymo informacij\u0105 galite matyti savo \u017eaid\u0117jo paskyroje. Pirmiausia prisijunkite ir spustel\u0117kite \u201eMano bilietai\u201c. Atkreipkite d\u0117mes\u012f, kad bilieto su j\u016bs\u0173 numeriais nuskaitymas ir \u012fk\u0117limas gali \u0161iek tiek u\u017etrukti. Biliet\u0173 nuskaitymai bus \u012fkelti \u012f j\u016bs\u0173 \u017eaid\u0117jo paskyr\u0105, bet nebus i\u0161si\u0173sti el. pa\u0161tu. Dabar belieka laukti burt\u0173 traukimo &#8211; laikome pir\u0161tus ir [&hellip;]","og_url":"https:\/\/redfoxlotto.com\/lt\/purchase-success\/","og_site_name":"Get Tickets for the World\u2019s largest jackpots","article_modified_time":"2024-11-24T17:38:17+00:00","twitter_card":"summary_large_image","twitter_misc":{"Est. reading time":"1 minut\u0117"},"schema":{"@context":"https:\/\/schema.org","@graph":[{"@type":"WebPage","@id":"https:\/\/redfoxlotto.com\/lt\/purchase-success\/","url":"https:\/\/redfoxlotto.com\/lt\/purchase-success\/","name":"S\u0117kmingas pirkimas","isPartOf":{"@id":"https:\/\/redfoxlotto.com\/lt\/#website"},"datePublished":"2024-04-25T08:02:02+00:00","dateModified":"2024-11-24T17:38:17+00:00","breadcrumb":{"@id":"https:\/\/redfoxlotto.com\/lt\/purchase-success\/#breadcrumb"},"inLanguage":"lt-LT","potentialAction":[{"@type":"ReadAction","target":["https:\/\/redfoxlotto.com\/lt\/purchase-success\/"]}]},{"@type":"BreadcrumbList","@id":"https:\/\/redfoxlotto.com\/lt\/purchase-success\/#breadcrumb","itemListElement":[{"@type":"ListItem","position":1,"name":"Home","item":"https:\/\/redfoxlotto.com\/lt\/"},{"@type":"ListItem","position":2,"name":"S\u0117kmingas pirkimas"}]},{"@type":"WebSite","@id":"https:\/\/redfoxlotto.com\/lt\/#website","url":"https:\/\/redfoxlotto.com\/lt\/","name":"Get Tickets for the World\u2019s largest jackpots","description":"Participate in worldwide lottery jackpots from any country","publisher":{"@id":"https:\/\/redfoxlotto.com\/lt\/#organization"},"potentialAction":[{"@type":"SearchAction","target":{"@type":"EntryPoint","urlTemplate":"https:\/\/redfoxlotto.com\/lt\/?s={search_term_string}"},"query-input":{"@type":"PropertyValueSpecification","valueRequired":true,"valueName":"search_term_string"}}],"inLanguage":"lt-LT"},{"@type":"Organization","@id":"https:\/\/redfoxlotto.com\/lt\/#organization","name":"Get Tickets for the World\u2019s largest jackpots","url":"https:\/\/redfoxlotto.com\/lt\/","logo":{"@type":"ImageObject","inLanguage":"lt-LT","@id":"https:\/\/redfoxlotto.com\/lt\/#\/schema\/logo\/image\/","url":"https:\/\/redfoxlotto.com\/wp-content\/uploads\/2023\/04\/logo.png","contentUrl":"https:\/\/redfoxlotto.com\/wp-content\/uploads\/2023\/04\/logo.png","width":269,"height":53,"caption":"Get Tickets for the World\u2019s largest jackpots"},"image":{"@id":"https:\/\/redfoxlotto.com\/lt\/#\/schema\/logo\/image\/"}}]}},"_links":{"self":[{"href":"https:\/\/redfoxlotto.com\/lt\/wp-json\/wp\/v2\/pages\/68313","targetHints":{"allow":["GET"]}}],"collection":[{"href":"https:\/\/redfoxlotto.com\/lt\/wp-json\/wp\/v2\/pages"}],"about":[{"href":"https:\/\/redfoxlotto.com\/lt\/wp-json\/wp\/v2\/types\/page"}],"author":[{"embeddable":true,"href":"https:\/\/redfoxlotto.com\/lt\/wp-json\/wp\/v2\/users\/1"}],"replies":[{"embeddable":true,"href":"https:\/\/redfoxlotto.com\/lt\/wp-json\/wp\/v2\/comments?post=68313"}],"version-history":[{"count":0,"href":"https:\/\/redfoxlotto.com\/lt\/wp-json\/wp\/v2\/pages\/68313\/revisions"}],"wp:attachment":[{"href":"https:\/\/redfoxlotto.com\/lt\/wp-json\/wp\/v2\/media?parent=68313"}],"curies":[{"name":"wp","href":"https:\/\/api.w.org\/{rel}","templated":true}]}}