{"id":60876,"date":"2020-04-16T13:14:59","date_gmt":"2020-04-16T13:14:59","guid":{"rendered":"https:\/\/redfoxlotto.eu\/?page_id=60876"},"modified":"2023-06-01T08:18:44","modified_gmt":"2023-06-01T08:18:44","slug":"lotto-fr","status":"publish","type":"page","link":"https:\/\/redfoxlotto.com\/lt\/rezultatai\/lotto-fr\/","title":{"rendered":"Pranc\u016bzijos loterijos rezultatai"},"content":{"rendered":"<p>Prad\u0117jote \u017eaisti loterij\u0105 internetu ir dabar norite \u012fsitikinti, kad laimingus skai\u010dius galite gauti kuo lengviau? Ap\u017evelgsime Pranc\u016bzijos loterijos rezultatus ir k\u0105 jie gali reik\u0161ti jums. Juk jei \u017eaid\u017eiate \u0161iuos loterijos \u017eaidimus, norite b\u016bti tikri, kad rezultatus su\u017einosite i\u0161kart, kai tik jie bus paskelbti, tiesa? Dabar tai padaryti lengviau nei bet kada anks\u010diau.<\/p>\n<h2>Pranc\u016bzijos loterijos rezultat\u0173 paie\u0161ka<\/h2>\n<p>Pirmas dalykas, kur\u012f turite \u017einoti ie\u0161kodami loterijos rezultat\u0173 internete, yra tai,<\/p>\n<p><img loading=\"lazy\" decoding=\"async\" class=\" wp-image alignright\" src=\"https:\/\/content.redfoxlotto.com\/uploads\/sites\/9\/1_winning_online_lottery.jpg\" alt=\"Lotto Pranc\u016bzija\" width=\"160\" height=\"160\" \/><\/p>\n<p>kur rasti oficialius rezultatus. Yra \u012fvairiausi\u0173 svetaini\u0173, kuriose galite ie\u0161koti daugiau informacijos, ta\u010diau geriausia eiti ten, kur \u012fsigijote biliet\u0105, arba \u012f oficiali\u0105 loterijos, kurioje \u017eaid\u017eiate, svetain\u0119. Pranc\u016bzijos &#8222;Loto&#8221; rasite daugyb\u0119 skirting\u0173 galimybi\u0173 ir viet\u0173, tod\u0117l \u012fsitikinkite, kad ie\u0161kote vienoje i\u0161 \u0161i\u0173 dviej\u0173 viet\u0173 arba kad dukart tikrinate skai\u010dius skirtingose vietose.<\/p>\n<h2>Priz\u0173 lygi\u0173 supratimas<\/h2>\n<p>Kai rasite laim\u0117jimo rezultatus, nor\u0117site atid\u017eiau pa\u017evelgti \u012f tokius dalykus kaip prizini\u0173 pakop\u0173 s\u0105ra\u0161as ir \u012f tai, kurie skai\u010diai i\u0161 tikr\u0173j\u0173 yra teisingi. Juk &#8222;French Lotto&#8221; \u017eaidimas pana\u0161us \u012f daugel\u012f kit\u0173 loterij\u0173 visame pasaulyje. Turite vienu metu atsp\u0117ti visus skai\u010dius, \u0161iuo atveju penkis kamuoliukus ir premij\u0105. Tai bus sud\u0117tinga, bet tikrai ne ne\u012fmanoma (juk \u017emon\u0117s nuolat laimi loterijoje, tiesa?). Taigi, jei teisingai atsp\u0117site visus \u0161iuos skai\u010dius ir teisingai pasirinksite papildom\u0105 kamuoliuk\u0105, laim\u0117site nuolat did\u0117jant\u012f pagrindin\u012f priz\u0105.<\/p>\n<p>Jei teisingai atsp\u0117site tik kelis skai\u010dius (vos vien\u0105, jei pataikysite premij\u0105),<\/p>\n<p><img decoding=\"async\" class=\" wp-image alignright\" src=\"https:\/\/content.redfoxlotto.com\/uploads\/sites\/9\/1_lotto_money_win.jpg\" alt=\"rezultatai\" \/><\/p>\n<p>tuomet i\u0161 tikr\u0173j\u0173 laim\u0117site priz\u0105. Dabar daug nelaim\u0117site, jei atsp\u0117site tik premij\u0105 arba net jei atsp\u0117site vien\u0105 ar du kamuoliukus. Ta\u010diau jei pavyks gauti keturis i\u0161 j\u0173, laim\u0117site gana neblog\u0105 sum\u0105, o jei su premijiniu kamuoliuku gausite bent keturis, jums tikrai neblogai seksis. Ties\u0105 sakant, teisingai surink\u0119 tik keturis kamuoliukus su premija gausite didesn\u012f i\u0161mok\u0117jim\u0105 nei teisingai surink\u0119 penkis kamuoliukus be premijos.<\/p>\n<h2>\u017daisti m\u0117gstamus \u017eaidimus<\/h2>\n<p>Jei norite rasti Pranc\u016bzijos loterijos rezultatus, svarbiausia ie\u0161koti tinkamose vietose. Rezultatai traukiami kiekvien\u0105 pirmadien\u012f, tre\u010diadien\u012f ir \u0161e\u0161tadien\u012f, o tai rei\u0161kia, kad tur\u0117site daugyb\u0119 galimybi\u0173 laim\u0117ti, be to, aukso puodas kiekvien\u0105 dien\u0105 tik did\u0117ja, tod\u0117l jei nelaim\u0117site \u0161iandien, jau po keli\u0173 dien\u0173 galite tapti dideliu laim\u0117toju!<\/p>\n","protected":false},"excerpt":{"rendered":"<p>Prad\u0117jote \u017eaisti loterij\u0105 internetu ir dabar norite \u012fsitikinti, kad laimingus skai\u010dius galite gauti kuo lengviau? Ap\u017evelgsime Pranc\u016bzijos loterijos rezultatus ir k\u0105 jie gali reik\u0161ti jums. Juk jei \u017eaid\u017eiate \u0161iuos loterijos \u017eaidimus, norite b\u016bti tikri, kad rezultatus su\u017einosite i\u0161kart, kai tik jie bus paskelbti, tiesa? Dabar tai padaryti lengviau nei bet kada anks\u010diau. Pranc\u016bzijos loterijos rezultat\u0173 [&hellip;]<\/p>\n","protected":false},"author":1,"featured_media":0,"parent":17105,"menu_order":32,"comment_status":"closed","ping_status":"closed","template":"lotto-fr-results.php","meta":{"_et_pb_use_builder":"","_et_pb_old_content":"","_et_gb_content_width":"","exclude_from_search":false,"footnotes":""},"class_list":["post-60876","page","type-page","status-publish","hentry"],"yoast_head":"<!-- This site is optimized with the Yoast SEO plugin v23.8 - https:\/\/yoast.com\/wordpress\/plugins\/seo\/ -->\n<title>Pranc\u016bzijos loterijos rezultat\u0173 paie\u0161ka<\/title>\n<meta name=\"description\" content=\"Rasti Pranc\u016bzijos loterijos rezultatus yra paprasta ir lengva, nes viskas, k\u0105 jums reikia padaryti, tai patikrinti juos \u010dia\" \/>\n<meta name=\"robots\" content=\"index, follow, max-snippet:-1, max-image-preview:large, max-video-preview:-1\" \/>\n<link rel=\"canonical\" href=\"https:\/\/redfoxlotto.com\/lt\/rezultatai\/lotto-fr\/\" \/>\n<meta property=\"og:locale\" content=\"lt_LT\" \/>\n<meta property=\"og:type\" content=\"article\" \/>\n<meta property=\"og:title\" content=\"Pranc\u016bzijos loterijos rezultat\u0173 paie\u0161ka\" \/>\n<meta property=\"og:description\" content=\"Rasti Pranc\u016bzijos loterijos rezultatus yra paprasta ir lengva, nes viskas, k\u0105 jums reikia padaryti, tai patikrinti juos \u010dia\" \/>\n<meta property=\"og:url\" content=\"https:\/\/redfoxlotto.com\/lt\/rezultatai\/lotto-fr\/\" \/>\n<meta property=\"og:site_name\" content=\"Get Tickets for the World\u2019s largest jackpots\" \/>\n<meta property=\"article:modified_time\" content=\"2023-06-01T08:18:44+00:00\" \/>\n<meta property=\"og:image\" content=\"https:\/\/content.redfoxlotto.com\/uploads\/sites\/9\/1_winning_online_lottery.jpg\" \/>\n<meta name=\"twitter:card\" content=\"summary_large_image\" \/>\n<meta name=\"twitter:label1\" content=\"Est. reading time\" \/>\n\t<meta name=\"twitter:data1\" content=\"2 minut\u0117s\" \/>\n<script type=\"application\/ld+json\" class=\"yoast-schema-graph\">{\"@context\":\"https:\/\/schema.org\",\"@graph\":[{\"@type\":\"WebPage\",\"@id\":\"https:\/\/redfoxlotto.com\/lt\/rezultatai\/lotto-fr\/\",\"url\":\"https:\/\/redfoxlotto.com\/lt\/rezultatai\/lotto-fr\/\",\"name\":\"Pranc\u016bzijos loterijos rezultat\u0173 paie\u0161ka\",\"isPartOf\":{\"@id\":\"https:\/\/redfoxlotto.com\/lt\/#website\"},\"primaryImageOfPage\":{\"@id\":\"https:\/\/redfoxlotto.com\/lt\/rezultatai\/lotto-fr\/#primaryimage\"},\"image\":{\"@id\":\"https:\/\/redfoxlotto.com\/lt\/rezultatai\/lotto-fr\/#primaryimage\"},\"thumbnailUrl\":\"https:\/\/content.redfoxlotto.com\/uploads\/sites\/9\/1_winning_online_lottery.jpg\",\"datePublished\":\"2020-04-16T13:14:59+00:00\",\"dateModified\":\"2023-06-01T08:18:44+00:00\",\"description\":\"Rasti Pranc\u016bzijos loterijos rezultatus yra paprasta ir lengva, nes viskas, k\u0105 jums reikia padaryti, tai patikrinti juos \u010dia\",\"breadcrumb\":{\"@id\":\"https:\/\/redfoxlotto.com\/lt\/rezultatai\/lotto-fr\/#breadcrumb\"},\"inLanguage\":\"lt-LT\",\"potentialAction\":[{\"@type\":\"ReadAction\",\"target\":[\"https:\/\/redfoxlotto.com\/lt\/rezultatai\/lotto-fr\/\"]}]},{\"@type\":\"ImageObject\",\"inLanguage\":\"lt-LT\",\"@id\":\"https:\/\/redfoxlotto.com\/lt\/rezultatai\/lotto-fr\/#primaryimage\",\"url\":\"https:\/\/content.redfoxlotto.com\/uploads\/sites\/9\/1_winning_online_lottery.jpg\",\"contentUrl\":\"https:\/\/content.redfoxlotto.com\/uploads\/sites\/9\/1_winning_online_lottery.jpg\"},{\"@type\":\"BreadcrumbList\",\"@id\":\"https:\/\/redfoxlotto.com\/lt\/rezultatai\/lotto-fr\/#breadcrumb\",\"itemListElement\":[{\"@type\":\"ListItem\",\"position\":1,\"name\":\"Home\",\"item\":\"https:\/\/redfoxlotto.com\/lt\/\"},{\"@type\":\"ListItem\",\"position\":2,\"name\":\"Tarptautini\u0173 loterij\u0173 rezultatai\",\"item\":\"https:\/\/redfoxlotto.com\/lt\/rezultatai\/\"},{\"@type\":\"ListItem\",\"position\":3,\"name\":\"Pranc\u016bzijos loterijos rezultatai\"}]},{\"@type\":\"WebSite\",\"@id\":\"https:\/\/redfoxlotto.com\/lt\/#website\",\"url\":\"https:\/\/redfoxlotto.com\/lt\/\",\"name\":\"Get Tickets for the World\u2019s largest jackpots\",\"description\":\"Participate in worldwide lottery jackpots from any country\",\"publisher\":{\"@id\":\"https:\/\/redfoxlotto.com\/lt\/#organization\"},\"potentialAction\":[{\"@type\":\"SearchAction\",\"target\":{\"@type\":\"EntryPoint\",\"urlTemplate\":\"https:\/\/redfoxlotto.com\/lt\/?s={search_term_string}\"},\"query-input\":{\"@type\":\"PropertyValueSpecification\",\"valueRequired\":true,\"valueName\":\"search_term_string\"}}],\"inLanguage\":\"lt-LT\"},{\"@type\":\"Organization\",\"@id\":\"https:\/\/redfoxlotto.com\/lt\/#organization\",\"name\":\"Get Tickets for the World\u2019s largest jackpots\",\"url\":\"https:\/\/redfoxlotto.com\/lt\/\",\"logo\":{\"@type\":\"ImageObject\",\"inLanguage\":\"lt-LT\",\"@id\":\"https:\/\/redfoxlotto.com\/lt\/#\/schema\/logo\/image\/\",\"url\":\"https:\/\/redfoxlotto.com\/wp-content\/uploads\/2023\/04\/logo.png\",\"contentUrl\":\"https:\/\/redfoxlotto.com\/wp-content\/uploads\/2023\/04\/logo.png\",\"width\":269,\"height\":53,\"caption\":\"Get Tickets for the World\u2019s largest jackpots\"},\"image\":{\"@id\":\"https:\/\/redfoxlotto.com\/lt\/#\/schema\/logo\/image\/\"}}]}<\/script>\n<!-- \/ Yoast SEO plugin. -->","yoast_head_json":{"title":"Pranc\u016bzijos loterijos rezultat\u0173 paie\u0161ka","description":"Rasti Pranc\u016bzijos loterijos rezultatus yra paprasta ir lengva, nes viskas, k\u0105 jums reikia padaryti, tai patikrinti juos \u010dia","robots":{"index":"index","follow":"follow","max-snippet":"max-snippet:-1","max-image-preview":"max-image-preview:large","max-video-preview":"max-video-preview:-1"},"canonical":"https:\/\/redfoxlotto.com\/lt\/rezultatai\/lotto-fr\/","og_locale":"lt_LT","og_type":"article","og_title":"Pranc\u016bzijos loterijos rezultat\u0173 paie\u0161ka","og_description":"Rasti Pranc\u016bzijos loterijos rezultatus yra paprasta ir lengva, nes viskas, k\u0105 jums reikia padaryti, tai patikrinti juos \u010dia","og_url":"https:\/\/redfoxlotto.com\/lt\/rezultatai\/lotto-fr\/","og_site_name":"Get Tickets for the World\u2019s largest jackpots","article_modified_time":"2023-06-01T08:18:44+00:00","og_image":[{"url":"https:\/\/content.redfoxlotto.com\/uploads\/sites\/9\/1_winning_online_lottery.jpg"}],"twitter_card":"summary_large_image","twitter_misc":{"Est. reading time":"2 minut\u0117s"},"schema":{"@context":"https:\/\/schema.org","@graph":[{"@type":"WebPage","@id":"https:\/\/redfoxlotto.com\/lt\/rezultatai\/lotto-fr\/","url":"https:\/\/redfoxlotto.com\/lt\/rezultatai\/lotto-fr\/","name":"Pranc\u016bzijos loterijos rezultat\u0173 paie\u0161ka","isPartOf":{"@id":"https:\/\/redfoxlotto.com\/lt\/#website"},"primaryImageOfPage":{"@id":"https:\/\/redfoxlotto.com\/lt\/rezultatai\/lotto-fr\/#primaryimage"},"image":{"@id":"https:\/\/redfoxlotto.com\/lt\/rezultatai\/lotto-fr\/#primaryimage"},"thumbnailUrl":"https:\/\/content.redfoxlotto.com\/uploads\/sites\/9\/1_winning_online_lottery.jpg","datePublished":"2020-04-16T13:14:59+00:00","dateModified":"2023-06-01T08:18:44+00:00","description":"Rasti Pranc\u016bzijos loterijos rezultatus yra paprasta ir lengva, nes viskas, k\u0105 jums reikia padaryti, tai patikrinti juos \u010dia","breadcrumb":{"@id":"https:\/\/redfoxlotto.com\/lt\/rezultatai\/lotto-fr\/#breadcrumb"},"inLanguage":"lt-LT","potentialAction":[{"@type":"ReadAction","target":["https:\/\/redfoxlotto.com\/lt\/rezultatai\/lotto-fr\/"]}]},{"@type":"ImageObject","inLanguage":"lt-LT","@id":"https:\/\/redfoxlotto.com\/lt\/rezultatai\/lotto-fr\/#primaryimage","url":"https:\/\/content.redfoxlotto.com\/uploads\/sites\/9\/1_winning_online_lottery.jpg","contentUrl":"https:\/\/content.redfoxlotto.com\/uploads\/sites\/9\/1_winning_online_lottery.jpg"},{"@type":"BreadcrumbList","@id":"https:\/\/redfoxlotto.com\/lt\/rezultatai\/lotto-fr\/#breadcrumb","itemListElement":[{"@type":"ListItem","position":1,"name":"Home","item":"https:\/\/redfoxlotto.com\/lt\/"},{"@type":"ListItem","position":2,"name":"Tarptautini\u0173 loterij\u0173 rezultatai","item":"https:\/\/redfoxlotto.com\/lt\/rezultatai\/"},{"@type":"ListItem","position":3,"name":"Pranc\u016bzijos loterijos rezultatai"}]},{"@type":"WebSite","@id":"https:\/\/redfoxlotto.com\/lt\/#website","url":"https:\/\/redfoxlotto.com\/lt\/","name":"Get Tickets for the World\u2019s largest jackpots","description":"Participate in worldwide lottery jackpots from any country","publisher":{"@id":"https:\/\/redfoxlotto.com\/lt\/#organization"},"potentialAction":[{"@type":"SearchAction","target":{"@type":"EntryPoint","urlTemplate":"https:\/\/redfoxlotto.com\/lt\/?s={search_term_string}"},"query-input":{"@type":"PropertyValueSpecification","valueRequired":true,"valueName":"search_term_string"}}],"inLanguage":"lt-LT"},{"@type":"Organization","@id":"https:\/\/redfoxlotto.com\/lt\/#organization","name":"Get Tickets for the World\u2019s largest jackpots","url":"https:\/\/redfoxlotto.com\/lt\/","logo":{"@type":"ImageObject","inLanguage":"lt-LT","@id":"https:\/\/redfoxlotto.com\/lt\/#\/schema\/logo\/image\/","url":"https:\/\/redfoxlotto.com\/wp-content\/uploads\/2023\/04\/logo.png","contentUrl":"https:\/\/redfoxlotto.com\/wp-content\/uploads\/2023\/04\/logo.png","width":269,"height":53,"caption":"Get Tickets for the World\u2019s largest jackpots"},"image":{"@id":"https:\/\/redfoxlotto.com\/lt\/#\/schema\/logo\/image\/"}}]}},"_links":{"self":[{"href":"https:\/\/redfoxlotto.com\/lt\/wp-json\/wp\/v2\/pages\/60876","targetHints":{"allow":["GET"]}}],"collection":[{"href":"https:\/\/redfoxlotto.com\/lt\/wp-json\/wp\/v2\/pages"}],"about":[{"href":"https:\/\/redfoxlotto.com\/lt\/wp-json\/wp\/v2\/types\/page"}],"author":[{"embeddable":true,"href":"https:\/\/redfoxlotto.com\/lt\/wp-json\/wp\/v2\/users\/1"}],"replies":[{"embeddable":true,"href":"https:\/\/redfoxlotto.com\/lt\/wp-json\/wp\/v2\/comments?post=60876"}],"version-history":[{"count":0,"href":"https:\/\/redfoxlotto.com\/lt\/wp-json\/wp\/v2\/pages\/60876\/revisions"}],"up":[{"embeddable":true,"href":"https:\/\/redfoxlotto.com\/lt\/wp-json\/wp\/v2\/pages\/17105"}],"wp:attachment":[{"href":"https:\/\/redfoxlotto.com\/lt\/wp-json\/wp\/v2\/media?parent=60876"}],"curies":[{"name":"wp","href":"https:\/\/api.w.org\/{rel}","templated":true}]}}