{"id":60573,"date":"2019-08-09T14:33:52","date_gmt":"2019-08-09T14:33:52","guid":{"rendered":"https:\/\/redfoxlotto.eu\/?page_id=60573"},"modified":"2023-05-30T05:35:19","modified_gmt":"2023-05-30T05:35:19","slug":"lotto-fr","status":"publish","type":"page","link":"https:\/\/redfoxlotto.com\/lt\/loterija\/lotto-fr\/","title":{"rendered":"Apie Pranc\u016bzijos loterijos"},"content":{"rendered":"<p>Ie\u0161kote naujo \u017eaidimo, kur\u012f gal\u0117tum\u0117te \u017eaisti, bet ne\u017einote, kuris tai tur\u0117t\u0173 b\u016bti? Na, jei vis dar dvejojate, tuomet tur\u0117tum\u0117te pasidom\u0117ti, kaip nusipirkti Pranc\u016bzijos loterijos bilietus internetu.<\/p>\n<p>Kai su\u017einosite, kaip tai veikia, tai bus vienas geriausi\u0173 j\u016bs\u0173 pasirinkim\u0173, nes tai bus paprasta, lengva ir smagu visiems, kurie m\u0117gsta loterijas. Juk svarbiausia yra gauti tuos did\u017eiuosius skai\u010dius ir galb\u016bt laim\u0117ti did\u012fj\u012f aukso puod\u0105, tiesa?<\/p>\n<h2>Nuo ko viskas prasid\u0117jo<\/h2>\n<p>Galb\u016bt i\u0161 tikr\u0173j\u0173 nustebsite su\u017einoj\u0119, kad loterijos Pranc\u016bzijoje atsirado dar 1505 metais. Karalius Pranci\u0161kus I-asis j\u0105 prad\u0117jo su savo pilie\u010diais, ta\u010diau laikui b\u0117gant \u017eaidimas ir toliau gana<\/p>\n<p><img decoding=\"async\" class=\" wp-image alignright\" src=\"https:\/\/redfoxlotto.org\/wp-content\/uploads\/2023\/04\/ticket_euromillions1.jpg\" alt=\"bilietas internetu Pranc\u016bzijos loterija\" \/><\/p>\n<p>stipriai keit\u0117si. Vis d\u0117lto bendras procesas bus gana pana\u0161us \u012f t\u0105, kur\u012f tikriausiai mat\u0117te bet kuriame kitame loterijos \u017eaidime, kur\u012f esate \u017eaid\u0119. Be to, tur\u0117site galimyb\u0119 \u017eaisti d\u0117l gana ger\u0173 priz\u0173, o tai neabejotinai bus svarbus aspektas, ar nemanote?<\/p>\n<h2>Kaip tai veikia<\/h2>\n<p>Pranc\u016bzijos loterijoje i\u0161 tikr\u0173j\u0173 burtai traukiami tris dienas per savait\u0119, tod\u0117l tur\u0117site daugyb\u0119 galimybi\u0173 \u017eaisti. Kiekvien\u0105 pirmadien\u012f, tre\u010diadien\u012f ir \u0161e\u0161tadien\u012f jie rengia nauj\u0105 burt\u0173 traukim\u0105, tod\u0117l tai bus vienas i\u0161 da\u017enesni\u0173 laim\u0117jim\u0173. Tai dar svarbiau, kai pagalvojate apie tai, kad \u010dia esantis aukso puodas bus vienas i\u0161 didesni\u0173. \u012eprastas kasdien\u0117s loterijos aukso puodas yra gana ma\u017eas, o kas savait\u0119 ar kas dvi savaites vykstan\u010di\u0173 lo\u0161im\u0173 &#8211; gana didelis, o \u0161is pagal tai, kaip da\u017enai jis traukiamas, priart\u0117s prie didel\u0117s kategorijos.<\/p>\n<p>Be to, \u017eaidimas yra labai paprastas. Laim\u0117site, jei teisingai atsp\u0117site visus penkis skai\u010dius ir gausite teising\u0105 premijin\u012f kamuoliuk\u0105. Taigi, bus i\u0161traukti \u0161e\u0161i skirtingi skai\u010diai, ir galiausiai galite laim\u0117ti did\u012fj\u012f aukso puod\u0105, kuris paprastai siekia 2 000 000 \u20ac. Tai neabejotinai bus gera pinig\u0173 suma, tiesa? \u0160tai nuo \u0161ios sumos prasideda pagrindinis prizas, kuris toliau did\u0117ja. Tai rei\u0161kia, kad visada yra didel\u0117 tikimyb\u0117, kad laim\u0117site daugiau.<\/p>\n<h2>Skai\u010di\u0173 pasirinkimas<\/h2>\n<p>Yra keletas skirting\u0173 b\u016bd\u0173, kaip galite pasirinkti, su kuriais skai\u010diais norite \u017eaisti. Ties\u0105 sakant, tai priklausys tik nuo j\u016bs\u0173, lygiai taip pat, kaip ir tuo atveju, jei eitum\u0117te \u017eaisti \u012f parduotuv\u0119 ant kampo. Galite u\u017epildyti &#8222;kvit\u0105&#8221; su norimais skai\u010diais arba galite pasirinkti tiesiog &#8222;lengv\u0105 pasirinkim\u0105&#8221;. Jei patys u\u017epildysite numerius, b\u016bsite garantuoti, kad gausite tuos numerius, kuri\u0173 nor\u0117jote. Kita vertus, &#8222;lengvas pasirinkimas&#8221; rei\u0161kia, kad automatas jums automati\u0161kai sugeneruos numerius.<\/p>\n<h2>Kaip laim\u0117ti<\/h2>\n<p>Nor\u0117dami i\u0161 tikr\u0173j\u0173 k\u0105 nors laim\u0117ti, turite atid\u017eiau pa\u017evelgti \u012f \u0161iuos skai\u010dius. Kol gausite premijin\u012f skai\u010di\u0173, ka\u017ek\u0105 laim\u0117site. Jei gausite du \u012fprastus skai\u010dius, bet ne premijin\u012f, taip pat ka\u017ek\u0105 laim\u0117site. O su kiekvienu papildomu skai\u010diumi, vir\u0161ijan\u010diu \u0161\u012f skai\u010di\u0173, laim\u0117site vis daugiau ir daugiau. Geriausia laim\u0117ti turint keturis skai\u010dius ir premij\u0105 arba visus penkis skai\u010dius ir premij\u0105. Jei turite tik penkis skai\u010dius be premijos, i\u0161 tikr\u0173j\u0173 laim\u0117jimas n\u0117ra toks geras.<\/p>\n<h2>Kaip nusipirkti Pranc\u016bzijos loterijos bilietus internetu<\/h2>\n<p>Kai esate pasiruo\u0161\u0119 pirkti, pirmiausia jums reikia vietos, kur tai padaryti. J\u016bs negal\u0117site nueiti savo \u012f vietin\u0119 parduotuv\u0119 taip, kaip gal\u0117tum\u0117te nueiti, kai jums kils nuotaika \u017eaisti vietinius<\/p>\n<p><img decoding=\"async\" class=\" wp-image-5380 alignright\" src=\"https:\/\/content.redfoxlotto.com\/uploads\/sites\/9\/jackpot_lottery_online.jpg\" alt=\"Pranc\u016bzijos loterijos bilietai\" width=\"250&quot;\" height=\"125\" \/><\/p>\n<p>\u017eaidimus. Vietoj to, jums reik\u0117s patekti \u012f internet\u0105 ir susirasti ger\u0105 reputacij\u0105 turint\u012f pardav\u0117j\u0105, kuris gal\u0117t\u0173 jums pad\u0117ti (tai jums netur\u0117t\u0173 b\u016bti problema, tiesa, j\u016bs jau esate \u010dia). Be to, gal\u0117site gauti visus tuos pa\u010dius privalumus, kuriuos tur\u0117tum\u0117te, jei atsitiktinai gyventum\u0117te Pranc\u016bzijoje ir gal\u0117tum\u0117te \u012fsigyti bilietus vietoje. Taigi, jums nereik\u0117s nieko aukoti.<\/p>\n","protected":false},"excerpt":{"rendered":"<p>Ie\u0161kote naujo \u017eaidimo, kur\u012f gal\u0117tum\u0117te \u017eaisti, bet ne\u017einote, kuris tai tur\u0117t\u0173 b\u016bti? Na, jei vis dar dvejojate, tuomet tur\u0117tum\u0117te pasidom\u0117ti, kaip nusipirkti Pranc\u016bzijos loterijos bilietus internetu. Kai su\u017einosite, kaip tai veikia, tai bus vienas geriausi\u0173 j\u016bs\u0173 pasirinkim\u0173, nes tai bus paprasta, lengva ir smagu visiems, kurie m\u0117gsta loterijas. Juk svarbiausia yra gauti tuos did\u017eiuosius skai\u010dius [&hellip;]<\/p>\n","protected":false},"author":1,"featured_media":0,"parent":17097,"menu_order":31,"comment_status":"closed","ping_status":"closed","template":"lotto-fr-info.php","meta":{"_et_pb_use_builder":"","_et_pb_old_content":"","_et_gb_content_width":"","exclude_from_search":false,"footnotes":""},"class_list":["post-60573","page","type-page","status-publish","hentry"],"yoast_head":"<!-- This site is optimized with the Yoast SEO plugin v23.8 - https:\/\/yoast.com\/wordpress\/plugins\/seo\/ -->\n<title>Kaip nusipirkti Pranc\u016bzijos loterijos bilietus internetu<\/title>\n<meta name=\"description\" content=\"Pasiruo\u0161\u0119 pirkti Pranc\u016bzijos loterijos bilietus internetu? \u010cia rasite visk\u0105, k\u0105 apie tai reikia \u017einoti!\" \/>\n<meta name=\"robots\" content=\"index, follow, max-snippet:-1, max-image-preview:large, max-video-preview:-1\" \/>\n<link rel=\"canonical\" href=\"https:\/\/redfoxlotto.com\/lt\/loterija\/lotto-fr\/\" \/>\n<meta property=\"og:locale\" content=\"lt_LT\" \/>\n<meta property=\"og:type\" content=\"article\" \/>\n<meta property=\"og:title\" content=\"Kaip nusipirkti Pranc\u016bzijos loterijos bilietus internetu\" \/>\n<meta property=\"og:description\" content=\"Pasiruo\u0161\u0119 pirkti Pranc\u016bzijos loterijos bilietus internetu? \u010cia rasite visk\u0105, k\u0105 apie tai reikia \u017einoti!\" \/>\n<meta property=\"og:url\" content=\"https:\/\/redfoxlotto.com\/lt\/loterija\/lotto-fr\/\" \/>\n<meta property=\"og:site_name\" content=\"Get Tickets for the World\u2019s largest jackpots\" \/>\n<meta property=\"article:modified_time\" content=\"2023-05-30T05:35:19+00:00\" \/>\n<meta property=\"og:image\" content=\"https:\/\/redfoxlotto.org\/wp-content\/uploads\/2023\/04\/ticket_euromillions1.jpg\" \/>\n<meta name=\"twitter:card\" content=\"summary_large_image\" \/>\n<meta name=\"twitter:label1\" content=\"Est. reading time\" \/>\n\t<meta name=\"twitter:data1\" content=\"3 minut\u0117s\" \/>\n<script type=\"application\/ld+json\" class=\"yoast-schema-graph\">{\"@context\":\"https:\/\/schema.org\",\"@graph\":[{\"@type\":\"WebPage\",\"@id\":\"https:\/\/redfoxlotto.com\/lt\/loterija\/lotto-fr\/\",\"url\":\"https:\/\/redfoxlotto.com\/lt\/loterija\/lotto-fr\/\",\"name\":\"Kaip nusipirkti Pranc\u016bzijos loterijos bilietus internetu\",\"isPartOf\":{\"@id\":\"https:\/\/redfoxlotto.com\/lt\/#website\"},\"primaryImageOfPage\":{\"@id\":\"https:\/\/redfoxlotto.com\/lt\/loterija\/lotto-fr\/#primaryimage\"},\"image\":{\"@id\":\"https:\/\/redfoxlotto.com\/lt\/loterija\/lotto-fr\/#primaryimage\"},\"thumbnailUrl\":\"https:\/\/redfoxlotto.org\/wp-content\/uploads\/2023\/04\/ticket_euromillions1.jpg\",\"datePublished\":\"2019-08-09T14:33:52+00:00\",\"dateModified\":\"2023-05-30T05:35:19+00:00\",\"description\":\"Pasiruo\u0161\u0119 pirkti Pranc\u016bzijos loterijos bilietus internetu? \u010cia rasite visk\u0105, k\u0105 apie tai reikia \u017einoti!\",\"breadcrumb\":{\"@id\":\"https:\/\/redfoxlotto.com\/lt\/loterija\/lotto-fr\/#breadcrumb\"},\"inLanguage\":\"lt-LT\",\"potentialAction\":[{\"@type\":\"ReadAction\",\"target\":[\"https:\/\/redfoxlotto.com\/lt\/loterija\/lotto-fr\/\"]}]},{\"@type\":\"ImageObject\",\"inLanguage\":\"lt-LT\",\"@id\":\"https:\/\/redfoxlotto.com\/lt\/loterija\/lotto-fr\/#primaryimage\",\"url\":\"https:\/\/redfoxlotto.org\/wp-content\/uploads\/2023\/04\/ticket_euromillions1.jpg\",\"contentUrl\":\"https:\/\/redfoxlotto.org\/wp-content\/uploads\/2023\/04\/ticket_euromillions1.jpg\"},{\"@type\":\"BreadcrumbList\",\"@id\":\"https:\/\/redfoxlotto.com\/lt\/loterija\/lotto-fr\/#breadcrumb\",\"itemListElement\":[{\"@type\":\"ListItem\",\"position\":1,\"name\":\"Home\",\"item\":\"https:\/\/redfoxlotto.com\/lt\/\"},{\"@type\":\"ListItem\",\"position\":2,\"name\":\"Kaip internetu nusipirkti loterijos biliet\u0105 \u2013 \u012fsigyjimo proced\u016bra\",\"item\":\"https:\/\/redfoxlotto.com\/lt\/loterija\/\"},{\"@type\":\"ListItem\",\"position\":3,\"name\":\"Apie Pranc\u016bzijos loterijos\"}]},{\"@type\":\"WebSite\",\"@id\":\"https:\/\/redfoxlotto.com\/lt\/#website\",\"url\":\"https:\/\/redfoxlotto.com\/lt\/\",\"name\":\"Get Tickets for the World\u2019s largest jackpots\",\"description\":\"Participate in worldwide lottery jackpots from any country\",\"publisher\":{\"@id\":\"https:\/\/redfoxlotto.com\/lt\/#organization\"},\"potentialAction\":[{\"@type\":\"SearchAction\",\"target\":{\"@type\":\"EntryPoint\",\"urlTemplate\":\"https:\/\/redfoxlotto.com\/lt\/?s={search_term_string}\"},\"query-input\":{\"@type\":\"PropertyValueSpecification\",\"valueRequired\":true,\"valueName\":\"search_term_string\"}}],\"inLanguage\":\"lt-LT\"},{\"@type\":\"Organization\",\"@id\":\"https:\/\/redfoxlotto.com\/lt\/#organization\",\"name\":\"Get Tickets for the World\u2019s largest jackpots\",\"url\":\"https:\/\/redfoxlotto.com\/lt\/\",\"logo\":{\"@type\":\"ImageObject\",\"inLanguage\":\"lt-LT\",\"@id\":\"https:\/\/redfoxlotto.com\/lt\/#\/schema\/logo\/image\/\",\"url\":\"https:\/\/redfoxlotto.com\/wp-content\/uploads\/2023\/04\/logo.png\",\"contentUrl\":\"https:\/\/redfoxlotto.com\/wp-content\/uploads\/2023\/04\/logo.png\",\"width\":269,\"height\":53,\"caption\":\"Get Tickets for the World\u2019s largest jackpots\"},\"image\":{\"@id\":\"https:\/\/redfoxlotto.com\/lt\/#\/schema\/logo\/image\/\"}}]}<\/script>\n<!-- \/ Yoast SEO plugin. -->","yoast_head_json":{"title":"Kaip nusipirkti Pranc\u016bzijos loterijos bilietus internetu","description":"Pasiruo\u0161\u0119 pirkti Pranc\u016bzijos loterijos bilietus internetu? \u010cia rasite visk\u0105, k\u0105 apie tai reikia \u017einoti!","robots":{"index":"index","follow":"follow","max-snippet":"max-snippet:-1","max-image-preview":"max-image-preview:large","max-video-preview":"max-video-preview:-1"},"canonical":"https:\/\/redfoxlotto.com\/lt\/loterija\/lotto-fr\/","og_locale":"lt_LT","og_type":"article","og_title":"Kaip nusipirkti Pranc\u016bzijos loterijos bilietus internetu","og_description":"Pasiruo\u0161\u0119 pirkti Pranc\u016bzijos loterijos bilietus internetu? \u010cia rasite visk\u0105, k\u0105 apie tai reikia \u017einoti!","og_url":"https:\/\/redfoxlotto.com\/lt\/loterija\/lotto-fr\/","og_site_name":"Get Tickets for the World\u2019s largest jackpots","article_modified_time":"2023-05-30T05:35:19+00:00","og_image":[{"url":"https:\/\/redfoxlotto.org\/wp-content\/uploads\/2023\/04\/ticket_euromillions1.jpg"}],"twitter_card":"summary_large_image","twitter_misc":{"Est. reading time":"3 minut\u0117s"},"schema":{"@context":"https:\/\/schema.org","@graph":[{"@type":"WebPage","@id":"https:\/\/redfoxlotto.com\/lt\/loterija\/lotto-fr\/","url":"https:\/\/redfoxlotto.com\/lt\/loterija\/lotto-fr\/","name":"Kaip nusipirkti Pranc\u016bzijos loterijos bilietus internetu","isPartOf":{"@id":"https:\/\/redfoxlotto.com\/lt\/#website"},"primaryImageOfPage":{"@id":"https:\/\/redfoxlotto.com\/lt\/loterija\/lotto-fr\/#primaryimage"},"image":{"@id":"https:\/\/redfoxlotto.com\/lt\/loterija\/lotto-fr\/#primaryimage"},"thumbnailUrl":"https:\/\/redfoxlotto.org\/wp-content\/uploads\/2023\/04\/ticket_euromillions1.jpg","datePublished":"2019-08-09T14:33:52+00:00","dateModified":"2023-05-30T05:35:19+00:00","description":"Pasiruo\u0161\u0119 pirkti Pranc\u016bzijos loterijos bilietus internetu? \u010cia rasite visk\u0105, k\u0105 apie tai reikia \u017einoti!","breadcrumb":{"@id":"https:\/\/redfoxlotto.com\/lt\/loterija\/lotto-fr\/#breadcrumb"},"inLanguage":"lt-LT","potentialAction":[{"@type":"ReadAction","target":["https:\/\/redfoxlotto.com\/lt\/loterija\/lotto-fr\/"]}]},{"@type":"ImageObject","inLanguage":"lt-LT","@id":"https:\/\/redfoxlotto.com\/lt\/loterija\/lotto-fr\/#primaryimage","url":"https:\/\/redfoxlotto.org\/wp-content\/uploads\/2023\/04\/ticket_euromillions1.jpg","contentUrl":"https:\/\/redfoxlotto.org\/wp-content\/uploads\/2023\/04\/ticket_euromillions1.jpg"},{"@type":"BreadcrumbList","@id":"https:\/\/redfoxlotto.com\/lt\/loterija\/lotto-fr\/#breadcrumb","itemListElement":[{"@type":"ListItem","position":1,"name":"Home","item":"https:\/\/redfoxlotto.com\/lt\/"},{"@type":"ListItem","position":2,"name":"Kaip internetu nusipirkti loterijos biliet\u0105 \u2013 \u012fsigyjimo proced\u016bra","item":"https:\/\/redfoxlotto.com\/lt\/loterija\/"},{"@type":"ListItem","position":3,"name":"Apie Pranc\u016bzijos loterijos"}]},{"@type":"WebSite","@id":"https:\/\/redfoxlotto.com\/lt\/#website","url":"https:\/\/redfoxlotto.com\/lt\/","name":"Get Tickets for the World\u2019s largest jackpots","description":"Participate in worldwide lottery jackpots from any country","publisher":{"@id":"https:\/\/redfoxlotto.com\/lt\/#organization"},"potentialAction":[{"@type":"SearchAction","target":{"@type":"EntryPoint","urlTemplate":"https:\/\/redfoxlotto.com\/lt\/?s={search_term_string}"},"query-input":{"@type":"PropertyValueSpecification","valueRequired":true,"valueName":"search_term_string"}}],"inLanguage":"lt-LT"},{"@type":"Organization","@id":"https:\/\/redfoxlotto.com\/lt\/#organization","name":"Get Tickets for the World\u2019s largest jackpots","url":"https:\/\/redfoxlotto.com\/lt\/","logo":{"@type":"ImageObject","inLanguage":"lt-LT","@id":"https:\/\/redfoxlotto.com\/lt\/#\/schema\/logo\/image\/","url":"https:\/\/redfoxlotto.com\/wp-content\/uploads\/2023\/04\/logo.png","contentUrl":"https:\/\/redfoxlotto.com\/wp-content\/uploads\/2023\/04\/logo.png","width":269,"height":53,"caption":"Get Tickets for the World\u2019s largest jackpots"},"image":{"@id":"https:\/\/redfoxlotto.com\/lt\/#\/schema\/logo\/image\/"}}]}},"_links":{"self":[{"href":"https:\/\/redfoxlotto.com\/lt\/wp-json\/wp\/v2\/pages\/60573","targetHints":{"allow":["GET"]}}],"collection":[{"href":"https:\/\/redfoxlotto.com\/lt\/wp-json\/wp\/v2\/pages"}],"about":[{"href":"https:\/\/redfoxlotto.com\/lt\/wp-json\/wp\/v2\/types\/page"}],"author":[{"embeddable":true,"href":"https:\/\/redfoxlotto.com\/lt\/wp-json\/wp\/v2\/users\/1"}],"replies":[{"embeddable":true,"href":"https:\/\/redfoxlotto.com\/lt\/wp-json\/wp\/v2\/comments?post=60573"}],"version-history":[{"count":0,"href":"https:\/\/redfoxlotto.com\/lt\/wp-json\/wp\/v2\/pages\/60573\/revisions"}],"up":[{"embeddable":true,"href":"https:\/\/redfoxlotto.com\/lt\/wp-json\/wp\/v2\/pages\/17097"}],"wp:attachment":[{"href":"https:\/\/redfoxlotto.com\/lt\/wp-json\/wp\/v2\/media?parent=60573"}],"curies":[{"name":"wp","href":"https:\/\/api.w.org\/{rel}","templated":true}]}}