{"id":60092,"date":"2022-09-26T12:33:09","date_gmt":"2022-09-26T12:33:09","guid":{"rendered":"https:\/\/redfoxlotto.eu\/?page_id=60092"},"modified":"2023-05-24T17:07:09","modified_gmt":"2023-05-24T17:07:09","slug":"thunderball","status":"publish","type":"page","link":"https:\/\/redfoxlotto.com\/lt\/loterija\/thunderball\/","title":{"rendered":"Apie Thunderball"},"content":{"rendered":"<h2 class=\"wp-block-heading\">Pirkite bilietus UK Thunderball loterijai internetu<\/h2><p><img loading=\"lazy\" decoding=\"async\" class=\" wp-image alignright\" src=\"https:\/\/content.redfoxlotto.com\/uploads\/sites\/9\/1_online_lottery_jackpot_win.jpg\" alt=\"pirkti griaustin\u012f internete\" width=\"195\" height=\"177\" \/><\/p><p>Kai tik b\u016bsite pasireng\u0119s pirkti bilietus Uk Thunderball loterijai internetu, jums reik\u0117s pasirinkti 5 \u012fprastus skai\u010dius ir 1 Thunderball skai\u010dius. Tada pasirinkite laiming\u0173 skai\u010di\u0173 traukimo datas. J\u016bs gal\u0117tum\u0117te laim\u0117ti tur\u0117dami vos 1 atsp\u0117t\u0105 skai\u010di\u0173!<\/p><h2 class=\"wp-block-heading\">\u012esigykite biliet\u0105 sau \u012f UK Thunderball loterij\u0105<\/h2><p>J\u016bs pasirenkate skai\u010dius, kuriais norite \u017eaisti, arba naudokit\u0117s Quick Pick, kad jums automati\u0161kai parinktu skai\u010dius. Tada gr\u012f\u017ekite v\u0117liau, kad patikrintum\u0117te rezultatus.<\/p>","protected":false},"excerpt":{"rendered":"<p>Pirkite bilietus UK Thunderball loterijai internetu Kai tik b\u016bsite pasireng\u0119s pirkti bilietus Uk Thunderball loterijai internetu, jums reik\u0117s pasirinkti 5 \u012fprastus skai\u010dius ir 1 Thunderball skai\u010dius. Tada pasirinkite laiming\u0173 skai\u010di\u0173 traukimo datas. J\u016bs gal\u0117tum\u0117te laim\u0117ti tur\u0117dami vos 1 atsp\u0117t\u0105 skai\u010di\u0173! \u012esigykite biliet\u0105 sau \u012f UK Thunderball loterij\u0105 J\u016bs pasirenkate skai\u010dius, kuriais norite \u017eaisti, arba naudokit\u0117s [&hellip;]<\/p>\n","protected":false},"author":1,"featured_media":0,"parent":17097,"menu_order":11,"comment_status":"closed","ping_status":"closed","template":"thunderball-info.php","meta":{"_et_pb_use_builder":"","_et_pb_old_content":"","_et_gb_content_width":"","exclude_from_search":false,"footnotes":""},"class_list":["post-60092","page","type-page","status-publish","hentry"],"yoast_head":"<!-- This site is optimized with the Yoast SEO plugin v23.8 - https:\/\/yoast.com\/wordpress\/plugins\/seo\/ -->\n<title>Gaukite savo biliet\u0105 \u012f Thunderball loterij\u0105 internetu<\/title>\n<meta name=\"description\" content=\"Pirkite bilietus \u012f Thunderball loterij\u0105 net jeigu negyvenate UK\" \/>\n<meta name=\"robots\" content=\"index, follow, max-snippet:-1, max-image-preview:large, max-video-preview:-1\" \/>\n<link rel=\"canonical\" href=\"https:\/\/redfoxlotto.com\/lt\/loterija\/thunderball\/\" \/>\n<meta property=\"og:locale\" content=\"lt_LT\" \/>\n<meta property=\"og:type\" content=\"article\" \/>\n<meta property=\"og:title\" content=\"Gaukite savo biliet\u0105 \u012f Thunderball loterij\u0105 internetu\" \/>\n<meta property=\"og:description\" content=\"Pirkite bilietus \u012f Thunderball loterij\u0105 net jeigu negyvenate UK\" \/>\n<meta property=\"og:url\" content=\"https:\/\/redfoxlotto.com\/lt\/loterija\/thunderball\/\" \/>\n<meta property=\"og:site_name\" content=\"Get Tickets for the World\u2019s largest jackpots\" \/>\n<meta property=\"article:modified_time\" content=\"2023-05-24T17:07:09+00:00\" \/>\n<meta property=\"og:image\" content=\"https:\/\/content.redfoxlotto.com\/uploads\/sites\/9\/1_online_lottery_jackpot_win.jpg\" \/>\n<meta name=\"twitter:card\" content=\"summary_large_image\" \/>\n<meta name=\"twitter:label1\" content=\"Est. reading time\" \/>\n\t<meta name=\"twitter:data1\" content=\"1 minut\u0117\" \/>\n<script type=\"application\/ld+json\" class=\"yoast-schema-graph\">{\"@context\":\"https:\/\/schema.org\",\"@graph\":[{\"@type\":\"WebPage\",\"@id\":\"https:\/\/redfoxlotto.com\/lt\/loterija\/thunderball\/\",\"url\":\"https:\/\/redfoxlotto.com\/lt\/loterija\/thunderball\/\",\"name\":\"Gaukite savo biliet\u0105 \u012f Thunderball loterij\u0105 internetu\",\"isPartOf\":{\"@id\":\"https:\/\/redfoxlotto.com\/lt\/#website\"},\"primaryImageOfPage\":{\"@id\":\"https:\/\/redfoxlotto.com\/lt\/loterija\/thunderball\/#primaryimage\"},\"image\":{\"@id\":\"https:\/\/redfoxlotto.com\/lt\/loterija\/thunderball\/#primaryimage\"},\"thumbnailUrl\":\"https:\/\/content.redfoxlotto.com\/uploads\/sites\/9\/1_online_lottery_jackpot_win.jpg\",\"datePublished\":\"2022-09-26T12:33:09+00:00\",\"dateModified\":\"2023-05-24T17:07:09+00:00\",\"description\":\"Pirkite bilietus \u012f Thunderball loterij\u0105 net jeigu negyvenate UK\",\"breadcrumb\":{\"@id\":\"https:\/\/redfoxlotto.com\/lt\/loterija\/thunderball\/#breadcrumb\"},\"inLanguage\":\"lt-LT\",\"potentialAction\":[{\"@type\":\"ReadAction\",\"target\":[\"https:\/\/redfoxlotto.com\/lt\/loterija\/thunderball\/\"]}]},{\"@type\":\"ImageObject\",\"inLanguage\":\"lt-LT\",\"@id\":\"https:\/\/redfoxlotto.com\/lt\/loterija\/thunderball\/#primaryimage\",\"url\":\"https:\/\/content.redfoxlotto.com\/uploads\/sites\/9\/1_online_lottery_jackpot_win.jpg\",\"contentUrl\":\"https:\/\/content.redfoxlotto.com\/uploads\/sites\/9\/1_online_lottery_jackpot_win.jpg\"},{\"@type\":\"BreadcrumbList\",\"@id\":\"https:\/\/redfoxlotto.com\/lt\/loterija\/thunderball\/#breadcrumb\",\"itemListElement\":[{\"@type\":\"ListItem\",\"position\":1,\"name\":\"Home\",\"item\":\"https:\/\/redfoxlotto.com\/lt\/\"},{\"@type\":\"ListItem\",\"position\":2,\"name\":\"Kaip internetu nusipirkti loterijos biliet\u0105 \u2013 \u012fsigyjimo proced\u016bra\",\"item\":\"https:\/\/redfoxlotto.com\/lt\/loterija\/\"},{\"@type\":\"ListItem\",\"position\":3,\"name\":\"Apie Thunderball\"}]},{\"@type\":\"WebSite\",\"@id\":\"https:\/\/redfoxlotto.com\/lt\/#website\",\"url\":\"https:\/\/redfoxlotto.com\/lt\/\",\"name\":\"Get Tickets for the World\u2019s largest jackpots\",\"description\":\"Participate in worldwide lottery jackpots from any country\",\"publisher\":{\"@id\":\"https:\/\/redfoxlotto.com\/lt\/#organization\"},\"potentialAction\":[{\"@type\":\"SearchAction\",\"target\":{\"@type\":\"EntryPoint\",\"urlTemplate\":\"https:\/\/redfoxlotto.com\/lt\/?s={search_term_string}\"},\"query-input\":{\"@type\":\"PropertyValueSpecification\",\"valueRequired\":true,\"valueName\":\"search_term_string\"}}],\"inLanguage\":\"lt-LT\"},{\"@type\":\"Organization\",\"@id\":\"https:\/\/redfoxlotto.com\/lt\/#organization\",\"name\":\"Get Tickets for the World\u2019s largest jackpots\",\"url\":\"https:\/\/redfoxlotto.com\/lt\/\",\"logo\":{\"@type\":\"ImageObject\",\"inLanguage\":\"lt-LT\",\"@id\":\"https:\/\/redfoxlotto.com\/lt\/#\/schema\/logo\/image\/\",\"url\":\"https:\/\/redfoxlotto.com\/wp-content\/uploads\/2023\/04\/logo.png\",\"contentUrl\":\"https:\/\/redfoxlotto.com\/wp-content\/uploads\/2023\/04\/logo.png\",\"width\":269,\"height\":53,\"caption\":\"Get Tickets for the World\u2019s largest jackpots\"},\"image\":{\"@id\":\"https:\/\/redfoxlotto.com\/lt\/#\/schema\/logo\/image\/\"}}]}<\/script>\n<!-- \/ Yoast SEO plugin. -->","yoast_head_json":{"title":"Gaukite savo biliet\u0105 \u012f Thunderball loterij\u0105 internetu","description":"Pirkite bilietus \u012f Thunderball loterij\u0105 net jeigu negyvenate UK","robots":{"index":"index","follow":"follow","max-snippet":"max-snippet:-1","max-image-preview":"max-image-preview:large","max-video-preview":"max-video-preview:-1"},"canonical":"https:\/\/redfoxlotto.com\/lt\/loterija\/thunderball\/","og_locale":"lt_LT","og_type":"article","og_title":"Gaukite savo biliet\u0105 \u012f Thunderball loterij\u0105 internetu","og_description":"Pirkite bilietus \u012f Thunderball loterij\u0105 net jeigu negyvenate UK","og_url":"https:\/\/redfoxlotto.com\/lt\/loterija\/thunderball\/","og_site_name":"Get Tickets for the World\u2019s largest jackpots","article_modified_time":"2023-05-24T17:07:09+00:00","og_image":[{"url":"https:\/\/content.redfoxlotto.com\/uploads\/sites\/9\/1_online_lottery_jackpot_win.jpg"}],"twitter_card":"summary_large_image","twitter_misc":{"Est. reading time":"1 minut\u0117"},"schema":{"@context":"https:\/\/schema.org","@graph":[{"@type":"WebPage","@id":"https:\/\/redfoxlotto.com\/lt\/loterija\/thunderball\/","url":"https:\/\/redfoxlotto.com\/lt\/loterija\/thunderball\/","name":"Gaukite savo biliet\u0105 \u012f Thunderball loterij\u0105 internetu","isPartOf":{"@id":"https:\/\/redfoxlotto.com\/lt\/#website"},"primaryImageOfPage":{"@id":"https:\/\/redfoxlotto.com\/lt\/loterija\/thunderball\/#primaryimage"},"image":{"@id":"https:\/\/redfoxlotto.com\/lt\/loterija\/thunderball\/#primaryimage"},"thumbnailUrl":"https:\/\/content.redfoxlotto.com\/uploads\/sites\/9\/1_online_lottery_jackpot_win.jpg","datePublished":"2022-09-26T12:33:09+00:00","dateModified":"2023-05-24T17:07:09+00:00","description":"Pirkite bilietus \u012f Thunderball loterij\u0105 net jeigu negyvenate UK","breadcrumb":{"@id":"https:\/\/redfoxlotto.com\/lt\/loterija\/thunderball\/#breadcrumb"},"inLanguage":"lt-LT","potentialAction":[{"@type":"ReadAction","target":["https:\/\/redfoxlotto.com\/lt\/loterija\/thunderball\/"]}]},{"@type":"ImageObject","inLanguage":"lt-LT","@id":"https:\/\/redfoxlotto.com\/lt\/loterija\/thunderball\/#primaryimage","url":"https:\/\/content.redfoxlotto.com\/uploads\/sites\/9\/1_online_lottery_jackpot_win.jpg","contentUrl":"https:\/\/content.redfoxlotto.com\/uploads\/sites\/9\/1_online_lottery_jackpot_win.jpg"},{"@type":"BreadcrumbList","@id":"https:\/\/redfoxlotto.com\/lt\/loterija\/thunderball\/#breadcrumb","itemListElement":[{"@type":"ListItem","position":1,"name":"Home","item":"https:\/\/redfoxlotto.com\/lt\/"},{"@type":"ListItem","position":2,"name":"Kaip internetu nusipirkti loterijos biliet\u0105 \u2013 \u012fsigyjimo proced\u016bra","item":"https:\/\/redfoxlotto.com\/lt\/loterija\/"},{"@type":"ListItem","position":3,"name":"Apie Thunderball"}]},{"@type":"WebSite","@id":"https:\/\/redfoxlotto.com\/lt\/#website","url":"https:\/\/redfoxlotto.com\/lt\/","name":"Get Tickets for the World\u2019s largest jackpots","description":"Participate in worldwide lottery jackpots from any country","publisher":{"@id":"https:\/\/redfoxlotto.com\/lt\/#organization"},"potentialAction":[{"@type":"SearchAction","target":{"@type":"EntryPoint","urlTemplate":"https:\/\/redfoxlotto.com\/lt\/?s={search_term_string}"},"query-input":{"@type":"PropertyValueSpecification","valueRequired":true,"valueName":"search_term_string"}}],"inLanguage":"lt-LT"},{"@type":"Organization","@id":"https:\/\/redfoxlotto.com\/lt\/#organization","name":"Get Tickets for the World\u2019s largest jackpots","url":"https:\/\/redfoxlotto.com\/lt\/","logo":{"@type":"ImageObject","inLanguage":"lt-LT","@id":"https:\/\/redfoxlotto.com\/lt\/#\/schema\/logo\/image\/","url":"https:\/\/redfoxlotto.com\/wp-content\/uploads\/2023\/04\/logo.png","contentUrl":"https:\/\/redfoxlotto.com\/wp-content\/uploads\/2023\/04\/logo.png","width":269,"height":53,"caption":"Get Tickets for the World\u2019s largest jackpots"},"image":{"@id":"https:\/\/redfoxlotto.com\/lt\/#\/schema\/logo\/image\/"}}]}},"_links":{"self":[{"href":"https:\/\/redfoxlotto.com\/lt\/wp-json\/wp\/v2\/pages\/60092","targetHints":{"allow":["GET"]}}],"collection":[{"href":"https:\/\/redfoxlotto.com\/lt\/wp-json\/wp\/v2\/pages"}],"about":[{"href":"https:\/\/redfoxlotto.com\/lt\/wp-json\/wp\/v2\/types\/page"}],"author":[{"embeddable":true,"href":"https:\/\/redfoxlotto.com\/lt\/wp-json\/wp\/v2\/users\/1"}],"replies":[{"embeddable":true,"href":"https:\/\/redfoxlotto.com\/lt\/wp-json\/wp\/v2\/comments?post=60092"}],"version-history":[{"count":0,"href":"https:\/\/redfoxlotto.com\/lt\/wp-json\/wp\/v2\/pages\/60092\/revisions"}],"up":[{"embeddable":true,"href":"https:\/\/redfoxlotto.com\/lt\/wp-json\/wp\/v2\/pages\/17097"}],"wp:attachment":[{"href":"https:\/\/redfoxlotto.com\/lt\/wp-json\/wp\/v2\/media?parent=60092"}],"curies":[{"name":"wp","href":"https:\/\/api.w.org\/{rel}","templated":true}]}}