{"id":55255,"date":"2019-08-09T14:24:22","date_gmt":"2019-08-09T14:24:22","guid":{"rendered":"https:\/\/redfoxlotto.com\/?page_id=36458"},"modified":"2025-12-10T23:31:53","modified_gmt":"2025-12-10T23:31:53","slug":"lotto-fr","status":"publish","type":"page","link":"https:\/\/redfoxlotto.com\/lt\/zaisti\/lotto-fr\/","title":{"rendered":"\u017daisti Pranc\u016bzijos Lotto"},"content":{"rendered":"<script type=\"application\/ld+json\">\r\n{\r\n\"@context\": \"https:\/\/schema.org\",\r\n\"@type\": \"Service\",\r\n\"name\": \"French Lotto online\",\r\n\"url\": \"https:\/\/redfoxlotto.com\/lt\/zaisti\/lotto-fr\/\",\r\n\"description\": \"\u012esigykite oficialius Pranc\u016bzijos loto bilietus internetu per RedFoxLotto. Pasirinkite savo skai\u010dius ir dalyvaukite kitame traukime.\",\r\n\"serviceType\": \"Online lottery ticket purchase\",\r\n\r\n\"provider\": {\r\n\"@type\": \"Organization\",\r\n\"name\": \"RedFoxLotto\",\r\n\"url\": \"https:\/\/redfoxlotto.com\",\r\n\"logo\": \"https:\/\/redfoxlotto.com\/wp-content\/uploads\/logo.png\"\r\n},\r\n\r\n\"areaServed\": \"Worldwide\",\r\n\"termsOfService\": \"https:\/\/redfoxlotto.com\/terms-and-conditions\",\r\n\r\n\"hasOfferCatalog\": {\r\n\"@type\": \"OfferCatalog\",\r\n\"name\": \"French Lotto Offers\",\r\n\"itemListElement\": [\r\n{\r\n\"@type\": \"Offer\",\r\n\"name\": \"Lotto French Lotto Ticket\",\r\n\"url\": \"https:\/\/redfoxlotto.com\/lt\/zaisti\/lotto-fr\/\",\r\n\"description\": \"Vienas dalyvavimas kitame Pranc\u016bzijos loto traukime.\",\r\n\"price\": \"6.00\",\r\n\"priceCurrency\": \"EUR\",\r\n\"availability\": \"https:\/\/schema.org\/InStock\",\r\n\r\n\"itemOffered\": {\r\n\"@type\": \"Service\",\r\n\"name\": \"French Lotto Lottery Entry\",\r\n\"description\": \"Dalyvavimas kitame Pranc\u016bzijos loto traukime per RedFoxLotto.\"\r\n}\r\n}\r\n]\r\n},\r\n\r\n\"mainEntityOfPage\": {\r\n\"@type\": \"WebPage\",\r\n\"@id\": \"https:\/\/redfoxlotto.com\/lt\/zaisti\/lotto-fr\/\"\r\n}\r\n}\r\n<\/script><p>Ar esate pasiruo\u0161\u0119 \u017eaisti visi\u0161kai nauj\u0105 \u017eaidim\u0105? Jei taip, tuomet b\u016btinai tur\u0117tum\u0117te atid\u017eiau susipa\u017einti su Pranc\u016bzijos loterija. Jei anks\u010diau jos ne\u017eaid\u0117te, galite nustebti, kaip ji pana\u0161i \u012f \u017eaidimus, kuriuos esate \u017eaid\u0119. Juk svarbiausia &#8211; smagiai praleisti laik\u0105 ir gauti dar vien\u0105 galimyb\u0119 laim\u0117ti didel\u012f priz\u0105. O Pranc\u016bzijos loterijoje to tur\u0117site daug, nes kainos \u010dia tikrai bus pakankamos, kad b\u016bt\u0173 verta skirti laiko.<\/p><h2 class=\"wp-block-heading\">Kaip \u017eaisti Pranc\u016bzijos loterij\u0105 internetu<\/h2><p>Ar kada nors \u017eaid\u0117te kitokio tipo loterij\u0105 internetu? O gal anks\u010diau esate \u0117j\u0119 \u012f vietin\u0119 parduotuv\u0119 pasiimti biliet\u0173. Mes nekalbame apie \u012fbr\u0117\u017eiam\u0105j\u0105 loterij\u0105, kurioje i\u0161 karto tampate laim\u0117toju. \u010cia kalbame apie bilietus, kuri\u0173 numerius reikia pasirinkti, o ar laim\u0117jote, su\u017einosite tik po keli\u0173 valand\u0173 ar net dien\u0173. Tai \u017eaidimai, kurie bus dar \u012fdomesni ir suteiks dar daugiau galimybi\u0173 i\u0161 tikr\u0173j\u0173 laim\u0117ti didel\u012f priz\u0105. Nes kai kuriuose i\u0161 j\u0173 i\u0161 tikr\u0173j\u0173 galite laim\u0117ti milijonus doleri\u0173.<\/p><p>Kad gal\u0117tum\u0117te prad\u0117ti \u017eaisti Pranc\u016bzijos loterijoje, jums tereikia nusipirkti biliet\u0105 internetu, o nusipirkti biliet\u0105 labai paprasta. \u017dinoma, jums reik\u0117s rasti tinkam\u0105 internetin\u0119 paslaug\u0105, kuri gal\u0117t\u0173 jus prijungti prie Pranc\u016bzijos loterijos. Tuomet reik\u0117s i\u0161sirinkti skai\u010dius, kurie galb\u016bt padarys jus milijonieriumi. \u0160iame konkre\u010diame \u017eaidime gal\u0117site pasirinkti penkis skai\u010dius ir papildom\u0105 skai\u010di\u0173. Nesvarbu, kokia tvarka pasirinksite pirmin\u012f penketuk\u0105, ta\u010diau b\u016btinai atid\u017eiai pasirinkite, kuris skai\u010dius bus j\u016bs\u0173 premijinis. Jis turi b\u016bti teisingas.<\/p><h2 class=\"wp-block-heading\">Kaip laim\u0117ti Pranc\u016bzijos loterij\u0105 internete<\/h2><p>Kai i\u0161sirinksite numerius, reik\u0117s laukti, o tai da\u017enai b\u016bna blogiausia dalis. Tikrai nenorite tiesiog laukti ir \u017ei\u016br\u0117ti, kas nutiks, ta\u010diau kito pasirinkimo tikrai n\u0117ra. \u017daidimo burtai traukiami kas por\u0105 dien\u0173 &#8211; pirmadien\u012f, tre\u010diadien\u012f ir \u0161e\u0161tadien\u012f, tod\u0117l ilgai laukti nereik\u0117s, ta\u010diau teks apsi\u0161arvuoti kantrybe, juolab kad steb\u0117ti rezultatus gyvai tikrai nebus galimyb\u0117s. Vietoj to tur\u0117site \u0161iek tiek palaukti, kad pamatytum\u0117te, kas nutiks.<\/p><p>Kai skai\u010diai bus i\u0161traukti, tada ateis laikas juos patikrinti. Galite i\u0161kart gr\u012f\u017eti \u012f viet\u0105, kurioje pirkote biliet\u0105, ir rasti laiminguosius skai\u010dius bei su\u017einoti, ar laim\u0117jote pagrindin\u012f priz\u0105 arba bent vien\u0105 i\u0161 nedideli\u0173 priz\u0173, d\u0117l kuri\u0173 lengva tiesiog t\u0119sti \u017eaidim\u0105. Ma\u017eesni prizai skiriami u\u017e tai, kad sutapo premijinis skai\u010dius, du skai\u010diai, i\u0161skyrus premijin\u012f skai\u010di\u0173, du skai\u010diai plius premijinis kamuoliukas arba bet kokia didesn\u0117 kombinacija. Galite laim\u0117ti nedidel\u0119 sum\u0105, kuri padengs tik j\u016bs\u0173 bilieto kain\u0105, arba galite laim\u0117ti t\u016bkstan\u010dius ar net milijonus.<\/p><h2 class=\"wp-block-heading\">Kito bilieto pasirinkimas<\/h2><p>Kai su\u017einosite, ar laim\u0117jote, ar ne, neabejotinai ateis laikas \u017eaisti dar kart\u0105, ar nemanote? Jei k\u0105 nors laim\u0117jote, labai paprasta i\u0161sigryninti pinigus u\u017e biliet\u0105 tiesiogiai internetu arba galite tuos pinigus perkelti \u012f kit\u0105 biliet\u0105, kur\u012f norite \u012fsigyti. Nesvarbu, ar nuspr\u0119site dalyvauti Pranc\u016bzijos loterijoje, ar rinksit\u0117s visai kit\u0105 \u017eaidim\u0105, i\u0161 tikr\u0173j\u0173 labai lengva i\u0161sirinkti kit\u0105 rinkin\u012f ir visk\u0105 paruo\u0161ti naujam traukimui.<\/p><p>\u012esitikinkite, kad atkreip\u0117te d\u0117mes\u012f \u012f visas taisykles ir nuostatus. \u012esitikinkite, kad \u017einote, kokius skai\u010dius renkat\u0117s ir kaip jie turi b\u016bti i\u0161traukti. Ir b\u016btinai \u012fsitikinkite, kad atkreipiate d\u0117mes\u012f \u012f tai, kada vyks burt\u0173 traukimas. Norite b\u016bti tikri, kad esate pasiruo\u0161\u0119, ir tikrai norite \u017einoti, ar k\u0105 nors laim\u0117jote, tiesa? Taigi, \u012fsitikinkite, kad \u017ei\u016brite \u012f tinkamas svetaines, o tada nepadarykite klaidos ir nepraleiskite kito burt\u0173 traukimo.<\/p><p>Yra daugyb\u0117 b\u016bd\u0173, kaip galite \u017eaisti Pranc\u016bzijos loterij\u0105 internetu, ir tikrai nenorite praleisti progos.<\/p>","protected":false},"excerpt":{"rendered":"<p>Ar esate pasiruo\u0161\u0119 \u017eaisti visi\u0161kai nauj\u0105 \u017eaidim\u0105? Jei taip, tuomet b\u016btinai tur\u0117tum\u0117te atid\u017eiau susipa\u017einti su Pranc\u016bzijos loterija. Jei anks\u010diau jos ne\u017eaid\u0117te, galite nustebti, kaip ji pana\u0161i \u012f \u017eaidimus, kuriuos esate \u017eaid\u0119. Juk svarbiausia &#8211; smagiai praleisti laik\u0105 ir gauti dar vien\u0105 galimyb\u0119 laim\u0117ti didel\u012f priz\u0105. O Pranc\u016bzijos loterijoje to tur\u0117site daug, nes kainos \u010dia tikrai [&hellip;]<\/p>\n","protected":false},"author":1,"featured_media":0,"parent":17114,"menu_order":33,"comment_status":"closed","ping_status":"closed","template":"lotto-fr.php","meta":{"_et_pb_use_builder":"","_et_pb_old_content":"","_et_gb_content_width":"","exclude_from_search":false,"footnotes":""},"class_list":["post-55255","page","type-page","status-publish","hentry"],"yoast_head":"<!-- This site is optimized with the Yoast SEO plugin v23.8 - https:\/\/yoast.com\/wordpress\/plugins\/seo\/ -->\n<title>Kaip \u017eaisti Pranc\u016bzijos loterij\u0105 internetu<\/title>\n<meta name=\"description\" content=\"Kai b\u016bsite pasireng\u0119 \u017eaisti pranc\u016bz\u0173 loterij\u0105, prad\u0117site nuo \u0161ios vietos.\" \/>\n<meta name=\"robots\" content=\"index, follow, max-snippet:-1, max-image-preview:large, max-video-preview:-1\" \/>\n<link rel=\"canonical\" href=\"https:\/\/redfoxlotto.com\/lt\/zaisti\/lotto-fr\/\" \/>\n<meta property=\"og:locale\" content=\"lt_LT\" \/>\n<meta property=\"og:type\" content=\"article\" \/>\n<meta property=\"og:title\" content=\"Kaip \u017eaisti Pranc\u016bzijos loterij\u0105 internetu\" \/>\n<meta property=\"og:description\" content=\"Kai b\u016bsite pasireng\u0119 \u017eaisti pranc\u016bz\u0173 loterij\u0105, prad\u0117site nuo \u0161ios vietos.\" \/>\n<meta property=\"og:url\" content=\"https:\/\/redfoxlotto.com\/lt\/zaisti\/lotto-fr\/\" \/>\n<meta property=\"og:site_name\" content=\"Get Tickets for the World\u2019s largest jackpots\" \/>\n<meta property=\"article:modified_time\" content=\"2025-12-10T23:31:53+00:00\" \/>\n<meta name=\"twitter:card\" content=\"summary_large_image\" \/>\n<meta name=\"twitter:label1\" content=\"Est. reading time\" \/>\n\t<meta name=\"twitter:data1\" content=\"3 minut\u0117s\" \/>\n<script type=\"application\/ld+json\" class=\"yoast-schema-graph\">{\"@context\":\"https:\/\/schema.org\",\"@graph\":[{\"@type\":\"WebPage\",\"@id\":\"https:\/\/redfoxlotto.com\/lt\/zaisti\/lotto-fr\/\",\"url\":\"https:\/\/redfoxlotto.com\/lt\/zaisti\/lotto-fr\/\",\"name\":\"Kaip \u017eaisti Pranc\u016bzijos loterij\u0105 internetu\",\"isPartOf\":{\"@id\":\"https:\/\/redfoxlotto.com\/lt\/#website\"},\"datePublished\":\"2019-08-09T14:24:22+00:00\",\"dateModified\":\"2025-12-10T23:31:53+00:00\",\"description\":\"Kai b\u016bsite pasireng\u0119 \u017eaisti pranc\u016bz\u0173 loterij\u0105, prad\u0117site nuo \u0161ios vietos.\",\"breadcrumb\":{\"@id\":\"https:\/\/redfoxlotto.com\/lt\/zaisti\/lotto-fr\/#breadcrumb\"},\"inLanguage\":\"lt-LT\",\"potentialAction\":[{\"@type\":\"ReadAction\",\"target\":[\"https:\/\/redfoxlotto.com\/lt\/zaisti\/lotto-fr\/\"]}]},{\"@type\":\"BreadcrumbList\",\"@id\":\"https:\/\/redfoxlotto.com\/lt\/zaisti\/lotto-fr\/#breadcrumb\",\"itemListElement\":[{\"@type\":\"ListItem\",\"position\":1,\"name\":\"Home\",\"item\":\"https:\/\/redfoxlotto.com\/lt\/\"},{\"@type\":\"ListItem\",\"position\":2,\"name\":\"Kaip \u017eaisti kit\u0173 \u0161ali\u0173 loterijose\",\"item\":\"https:\/\/redfoxlotto.com\/lt\/zaisti\/\"},{\"@type\":\"ListItem\",\"position\":3,\"name\":\"\u017daisti Pranc\u016bzijos Lotto\"}]},{\"@type\":\"WebSite\",\"@id\":\"https:\/\/redfoxlotto.com\/lt\/#website\",\"url\":\"https:\/\/redfoxlotto.com\/lt\/\",\"name\":\"Get Tickets for the World\u2019s largest jackpots\",\"description\":\"Participate in worldwide lottery jackpots from any country\",\"publisher\":{\"@id\":\"https:\/\/redfoxlotto.com\/lt\/#organization\"},\"potentialAction\":[{\"@type\":\"SearchAction\",\"target\":{\"@type\":\"EntryPoint\",\"urlTemplate\":\"https:\/\/redfoxlotto.com\/lt\/?s={search_term_string}\"},\"query-input\":{\"@type\":\"PropertyValueSpecification\",\"valueRequired\":true,\"valueName\":\"search_term_string\"}}],\"inLanguage\":\"lt-LT\"},{\"@type\":\"Organization\",\"@id\":\"https:\/\/redfoxlotto.com\/lt\/#organization\",\"name\":\"Get Tickets for the World\u2019s largest jackpots\",\"url\":\"https:\/\/redfoxlotto.com\/lt\/\",\"logo\":{\"@type\":\"ImageObject\",\"inLanguage\":\"lt-LT\",\"@id\":\"https:\/\/redfoxlotto.com\/lt\/#\/schema\/logo\/image\/\",\"url\":\"https:\/\/redfoxlotto.com\/wp-content\/uploads\/2023\/04\/logo.png\",\"contentUrl\":\"https:\/\/redfoxlotto.com\/wp-content\/uploads\/2023\/04\/logo.png\",\"width\":269,\"height\":53,\"caption\":\"Get Tickets for the World\u2019s largest jackpots\"},\"image\":{\"@id\":\"https:\/\/redfoxlotto.com\/lt\/#\/schema\/logo\/image\/\"}}]}<\/script>\n<!-- \/ Yoast SEO plugin. -->","yoast_head_json":{"title":"Kaip \u017eaisti Pranc\u016bzijos loterij\u0105 internetu","description":"Kai b\u016bsite pasireng\u0119 \u017eaisti pranc\u016bz\u0173 loterij\u0105, prad\u0117site nuo \u0161ios vietos.","robots":{"index":"index","follow":"follow","max-snippet":"max-snippet:-1","max-image-preview":"max-image-preview:large","max-video-preview":"max-video-preview:-1"},"canonical":"https:\/\/redfoxlotto.com\/lt\/zaisti\/lotto-fr\/","og_locale":"lt_LT","og_type":"article","og_title":"Kaip \u017eaisti Pranc\u016bzijos loterij\u0105 internetu","og_description":"Kai b\u016bsite pasireng\u0119 \u017eaisti pranc\u016bz\u0173 loterij\u0105, prad\u0117site nuo \u0161ios vietos.","og_url":"https:\/\/redfoxlotto.com\/lt\/zaisti\/lotto-fr\/","og_site_name":"Get Tickets for the World\u2019s largest jackpots","article_modified_time":"2025-12-10T23:31:53+00:00","twitter_card":"summary_large_image","twitter_misc":{"Est. reading time":"3 minut\u0117s"},"schema":{"@context":"https:\/\/schema.org","@graph":[{"@type":"WebPage","@id":"https:\/\/redfoxlotto.com\/lt\/zaisti\/lotto-fr\/","url":"https:\/\/redfoxlotto.com\/lt\/zaisti\/lotto-fr\/","name":"Kaip \u017eaisti Pranc\u016bzijos loterij\u0105 internetu","isPartOf":{"@id":"https:\/\/redfoxlotto.com\/lt\/#website"},"datePublished":"2019-08-09T14:24:22+00:00","dateModified":"2025-12-10T23:31:53+00:00","description":"Kai b\u016bsite pasireng\u0119 \u017eaisti pranc\u016bz\u0173 loterij\u0105, prad\u0117site nuo \u0161ios vietos.","breadcrumb":{"@id":"https:\/\/redfoxlotto.com\/lt\/zaisti\/lotto-fr\/#breadcrumb"},"inLanguage":"lt-LT","potentialAction":[{"@type":"ReadAction","target":["https:\/\/redfoxlotto.com\/lt\/zaisti\/lotto-fr\/"]}]},{"@type":"BreadcrumbList","@id":"https:\/\/redfoxlotto.com\/lt\/zaisti\/lotto-fr\/#breadcrumb","itemListElement":[{"@type":"ListItem","position":1,"name":"Home","item":"https:\/\/redfoxlotto.com\/lt\/"},{"@type":"ListItem","position":2,"name":"Kaip \u017eaisti kit\u0173 \u0161ali\u0173 loterijose","item":"https:\/\/redfoxlotto.com\/lt\/zaisti\/"},{"@type":"ListItem","position":3,"name":"\u017daisti Pranc\u016bzijos Lotto"}]},{"@type":"WebSite","@id":"https:\/\/redfoxlotto.com\/lt\/#website","url":"https:\/\/redfoxlotto.com\/lt\/","name":"Get Tickets for the World\u2019s largest jackpots","description":"Participate in worldwide lottery jackpots from any country","publisher":{"@id":"https:\/\/redfoxlotto.com\/lt\/#organization"},"potentialAction":[{"@type":"SearchAction","target":{"@type":"EntryPoint","urlTemplate":"https:\/\/redfoxlotto.com\/lt\/?s={search_term_string}"},"query-input":{"@type":"PropertyValueSpecification","valueRequired":true,"valueName":"search_term_string"}}],"inLanguage":"lt-LT"},{"@type":"Organization","@id":"https:\/\/redfoxlotto.com\/lt\/#organization","name":"Get Tickets for the World\u2019s largest jackpots","url":"https:\/\/redfoxlotto.com\/lt\/","logo":{"@type":"ImageObject","inLanguage":"lt-LT","@id":"https:\/\/redfoxlotto.com\/lt\/#\/schema\/logo\/image\/","url":"https:\/\/redfoxlotto.com\/wp-content\/uploads\/2023\/04\/logo.png","contentUrl":"https:\/\/redfoxlotto.com\/wp-content\/uploads\/2023\/04\/logo.png","width":269,"height":53,"caption":"Get Tickets for the World\u2019s largest jackpots"},"image":{"@id":"https:\/\/redfoxlotto.com\/lt\/#\/schema\/logo\/image\/"}}]}},"_links":{"self":[{"href":"https:\/\/redfoxlotto.com\/lt\/wp-json\/wp\/v2\/pages\/55255","targetHints":{"allow":["GET"]}}],"collection":[{"href":"https:\/\/redfoxlotto.com\/lt\/wp-json\/wp\/v2\/pages"}],"about":[{"href":"https:\/\/redfoxlotto.com\/lt\/wp-json\/wp\/v2\/types\/page"}],"author":[{"embeddable":true,"href":"https:\/\/redfoxlotto.com\/lt\/wp-json\/wp\/v2\/users\/1"}],"replies":[{"embeddable":true,"href":"https:\/\/redfoxlotto.com\/lt\/wp-json\/wp\/v2\/comments?post=55255"}],"version-history":[{"count":0,"href":"https:\/\/redfoxlotto.com\/lt\/wp-json\/wp\/v2\/pages\/55255\/revisions"}],"up":[{"embeddable":true,"href":"https:\/\/redfoxlotto.com\/lt\/wp-json\/wp\/v2\/pages\/17114"}],"wp:attachment":[{"href":"https:\/\/redfoxlotto.com\/lt\/wp-json\/wp\/v2\/media?parent=55255"}],"curies":[{"name":"wp","href":"https:\/\/api.w.org\/{rel}","templated":true}]}}