{"id":49876,"date":"2023-04-13T18:01:41","date_gmt":"2023-04-13T18:01:41","guid":{"rendered":"https:\/\/redfoxlotto.eu\/?page_id=49876"},"modified":"2026-01-06T08:54:08","modified_gmt":"2026-01-06T08:54:08","slug":"home","status":"publish","type":"page","link":"https:\/\/redfoxlotto.com\/lt\/","title":{"rendered":"J\u016bs\u0173 gyvenamoji \u0161alis nesvarbu, \u017eaisti did\u017eiausias loterijas pasaulyje"},"content":{"rendered":"<p><script type=\"application\/ld+json\">\n{\n  \"@context\": \"https:\/\/schema.org\",\n  \"@type\": \"Service\",\n  \"name\": \"\u017daiskite Powerball internetu\",\n  \"url\": \"https:\/\/redfoxlotto.com\/lt\/\",\n  \"description\": \"Did\u017eiausi pasaulio loterij\u0173 prizai pasiekiami i\u0161 bet kurios vietos \u2013 pirkite loterijos bilietus internetu dabar!\",\n  \"serviceType\": \"Internetin\u0117 loterijos biliet\u0173 tarpininkavimo paslauga\",\n  \"provider\": {\n    \"@type\": \"Organization\",\n    \"name\": \"RedFoxLotto\",\n    \"url\": \"https:\/\/redfoxlotto.com\/lt\/\",\n    \"image\": \"https:\/\/redfoxlotto.com\/wp-content\/uploads\/2025\/12\/ticket_scans.jpg\"\n  },\n  \"areaServed\": \"Visame pasaulyje\",\n  \"termsOfService\": \"https:\/\/redfoxlotto.com\/terms-and-conditions\",\n  \"additionalProperty\": {\n    \"@type\": \"PropertyValue\",\n    \"name\": \"DUK\",\n    \"value\": \"https:\/\/redfoxlotto.com\/lt\/faq\/\"\n  },\n  \"hasOfferCatalog\": {\n    \"@type\": \"OfferCatalog\",\n    \"name\": \"Loterijos bilietai tarptautin\u0117ms loterijoms\",\n    \"itemListElement\": [\n      {\n        \"@type\": \"Offer\",\n        \"name\": \"Powerball, Mega Millions, Euromillions ir kit\u0173 bilietai\",\n        \"url\": \"https:\/\/redfoxlotto.com\/lt\/\",\n        \"description\": \"Pirkite bilietus did\u017eiausiems pasaulio loterij\u0173 prizams.\",\n        \"availability\": \"https:\/\/schema.org\/InStock\",\n        \"itemOffered\": {\n          \"@type\": \"Service\",\n          \"name\": \"Tarptautiniai loterijos bilietai\",\n          \"description\": \"Dalyvaukite tarptautin\u0117se loterijose per RedFoxLotto.\"\n        }\n      }\n    ]\n  },\n  \"mainEntityOfPage\": {\n    \"@type\": \"WebPage\",\n    \"@id\": \"https:\/\/redfoxlotto.com\/lt\/\"\n  }\n}\n<\/script><\/p>\n<h2>J\u016bs\u0173 gyvenamoji \u0161alis nesvarbi \u2013 \u017eaiskite did\u017eiausius pasaulio loterijas<\/h2>\n<p><img loading=\"lazy\" decoding=\"async\" class=\"size-full wp-image-4467 alignright\" src=\"https:\/\/redfoxlotto.com\/wp-content\/uploads\/2024\/03\/Balls_2.png\" alt=\"internetinis loterijos bilietas\" width=\"212\" height=\"250\" \/>Kiek kart\u0173 gird\u0117jote apie loterijos laim\u0117tojus visame pasaulyje, kurie laim\u0117jo mil\u017eini\u0161kas pinig\u0173 sumas? Deja, \u0161ie mil\u017eini\u0161ki laim\u0117jimai da\u017eniausiai buvo pasiekti kitose \u0161alyse. \u017dinoma, ir j\u016bs\u0173 \u0161alyje kartais pasitaiko dideli jackpotai, ta\u010diau da\u017enai reikia ilgai laukti, kol jackpotas taps pakankamai didelis. Taigi, jei laukiate didelio jackpoto, gali tekti luktel\u0117ti.<\/p>\n<p>Dabar galite \u012fsigyti loterijos bilietus internetu did\u017eiausiems pasaulio jackpotams. Tai rei\u0161kia, kad galite dalyvauti loterijose u\u017e savo \u0161alies rib\u0173. Tai visi\u0161kai legalu ir labai patogu. Galite u\u017esakyti biliet\u0105 internetu keliais paspaudimais ir sumok\u0117ti, pavyzd\u017eiui, kreditine kortele visi\u0161kai saugiu b\u016bdu. Arba galite naudoti vien\u0105 i\u0161 kit\u0173 m\u016bs\u0173 mok\u0117jimo metod\u0173. Netrukus gausite patvirtinimo el. lai\u0161k\u0105. Joks bilietas negali b\u016bti prarastas, ir mes automati\u0161kai informuosime apie kiekvien\u0105 laim\u0117jim\u0105. Taip nepraleisite laim\u0117jimo, net jei pamir\u0161ote patikrinti bilieto rezultatus.<\/p>\n<h2>Pagrindinis privalumas perkant loterijos biliet\u0105 internetu<\/h2>\n<p>Pagrindinis privalumas \u2013 galite visada nusipirkti bilietus loterijoms, kuri\u0173 jackpotai \u0161iuo metu yra did\u017eiausi. Nesvarbu, kiek pinig\u0173 i\u0161leid\u017eiate bilietams. Investuoti \u012f 150 milijon\u0173 jackpot\u0105 tikrai ekonomi\u0161kiau nei \u012f dviej\u0173 milijon\u0173 i\u0161mok\u0105. Su daugiau loterij\u0173 internete rasite bent vien\u0105 did\u017eiul\u012f jackpot\u0105 kiekvien\u0105 savait\u0119, o tai suteikia geresn\u012f i\u0161laid\u0173 ir galimo laim\u0117jimo santyk\u012f nei j\u016bs\u0173 vietin\u0117 loterija. Kartais jackpotai pasiekia stulbinamus lygius.<\/p>\n<p>Pasaulio rekordas \u2013 2 040 000 000 USD (2023 m. liepos m\u0117n.). Laim\u0117ta 2022 m. lapkri\u010dio 22 d. JAV Powerball loterijoje. 2016 m. sausio 13 d. buvo dar vienas 1,586 milijardo doleri\u0173 jackpotas, taip pat laim\u0117tas amerikieti\u0161kame Powerball. Tre\u010dias did\u017eiausias vis\u0173 laik\u0173 jackpotas buvo laim\u0117tas Mega Millions loterijoje 2018 m. spalio 23 d., kai laimingasis laim\u0117jo 1,537 milijardo doleri\u0173.<\/p>\n<p>Daugelis ankstesni\u0173 dideli\u0173 laim\u0117jim\u0173 \u0161iose loterijose buvo pasiekti perkant bilietus internetu.<\/p>\n<h2>Kas nutinka, kai u\u017esisakau biliet\u0105 internetu?<\/h2>\n<p><img loading=\"lazy\" decoding=\"async\" class=\"size-medium wp-image-39298 alignright\" src=\"https:\/\/redfoxlotto.com\/wp-content\/uploads\/2023\/04\/1_play_online_lotto.jpg\" alt=\"\u017eaiskite loterij\u0105 internetu\" width=\"300\" height=\"300\" \/>RedFoxLotto.com paslauga \u2013 m\u016bs\u0173 darbuotojai atitinkamose loterij\u0173 \u0161alyse perka u\u017esakytus bilietus. Tai tikri oficial\u016bs bilietai su j\u016bs\u0173 pasirinktais numeriais. Po pirkimo gausite patvirtinimo el. lai\u0161k\u0105. Kliento zonoje galite per\u017ei\u016br\u0117ti savo u\u017esakym\u0105 ir numerius. Netrukus po u\u017esakymo nuskenuotas bilieto vaizdas bus \u012fkeltas \u012f j\u016bs\u0173 paskyr\u0105.<\/p>\n<h2>O jei a\u0161 laim\u0117siu?<\/h2>\n<p>Visi laim\u0117jimai iki 2 500 \u20ac bus nedelsiant perkelti \u012f j\u016bs\u0173 RedFoxLotto klient\u0173 paskyr\u0105. Didesni\u0173 laim\u0117jim\u0173 atveju m\u016bs\u0173 klient\u0173 aptarnavimo komanda susisieks su jumis, kad susitart\u0173 d\u0117l i\u0161mok\u0117jimo. Mok\u0117jimas paprastai atliekamas tiesiogiai \u012f banko s\u0105skait\u0105 arba \u010dekiu.<\/p>\n<p>Apdorojame j\u016bs\u0173 laim\u0117jimus nemokamai, i\u0161skyrus nedidel\u012f mokest\u012f u\u017e kai kurias banko operacijas.<\/p>\n<p>Daugiau informacijos rasite DUK arba kreipkit\u0117s \u012f palaikymo komand\u0105. Nebereikia tenkintis ma\u017eesniais jackpotais \u2013 pasirinkite didesn\u012f jackpot\u0105 ir tapkite kitas loterijos multimilijonierius!<\/p>\n","protected":false},"excerpt":{"rendered":"<p>J\u016bs\u0173 gyvenamoji \u0161alis nesvarbi \u2013 \u017eaiskite did\u017eiausius pasaulio loterijas Kiek kart\u0173 gird\u0117jote apie loterijos laim\u0117tojus visame pasaulyje, kurie laim\u0117jo mil\u017eini\u0161kas pinig\u0173 sumas? Deja, \u0161ie mil\u017eini\u0161ki laim\u0117jimai da\u017eniausiai buvo pasiekti kitose \u0161alyse. \u017dinoma, ir j\u016bs\u0173 \u0161alyje kartais pasitaiko dideli jackpotai, ta\u010diau da\u017enai reikia ilgai laukti, kol jackpotas taps pakankamai didelis. Taigi, jei laukiate didelio jackpoto, gali [&hellip;]<\/p>\n","protected":false},"author":1,"featured_media":0,"parent":0,"menu_order":1,"comment_status":"closed","ping_status":"closed","template":"lotto.php","meta":{"_et_pb_use_builder":"","_et_pb_old_content":"","_et_gb_content_width":"","exclude_from_search":false,"footnotes":""},"class_list":["post-49876","page","type-page","status-publish","hentry"],"yoast_head":"<!-- This site is optimized with the Yoast SEO plugin v27.3 - https:\/\/yoast.com\/product\/yoast-seo-wordpress\/ -->\n<title>Internetin\u0117 loterija | Pirkite bilietus galimybei laim\u0117ti did\u017eiausi\u0173 pasaulio loterij\u0173 pagrindinius prizus<\/title>\n<meta name=\"description\" content=\"Galimyb\u0117 laim\u0117ti did\u017eiausi\u0173 pasaulio loterij\u0173 pagrindinius prizus nepaisant savo b\u016bvimo vietos \u2013 pirkite loterij\u0173 bilietus internetu dabar!\" \/>\n<meta name=\"robots\" content=\"index, follow, max-snippet:-1, max-image-preview:large, max-video-preview:-1\" \/>\n<link rel=\"canonical\" href=\"https:\/\/redfoxlotto.com\/lt\/\" \/>\n<meta property=\"og:locale\" content=\"lt_LT\" \/>\n<meta property=\"og:type\" content=\"article\" \/>\n<meta property=\"og:title\" content=\"Internetin\u0117 loterija | Pirkite bilietus galimybei laim\u0117ti did\u017eiausi\u0173 pasaulio loterij\u0173 pagrindinius prizus\" \/>\n<meta property=\"og:description\" content=\"Galimyb\u0117 laim\u0117ti did\u017eiausi\u0173 pasaulio loterij\u0173 pagrindinius prizus nepaisant savo b\u016bvimo vietos \u2013 pirkite loterij\u0173 bilietus internetu dabar!\" \/>\n<meta property=\"og:url\" content=\"https:\/\/redfoxlotto.com\/lt\/\" \/>\n<meta property=\"og:site_name\" content=\"Get Tickets for the World\u2019s largest jackpots\" \/>\n<meta property=\"article:modified_time\" content=\"2026-01-06T08:54:08+00:00\" \/>\n<meta property=\"og:image\" content=\"https:\/\/redfoxlotto.com\/wp-content\/uploads\/2024\/03\/Balls_2.png\" \/>\n<meta name=\"twitter:card\" content=\"summary_large_image\" \/>\n<meta name=\"twitter:label1\" content=\"Est. reading time\" \/>\n\t<meta name=\"twitter:data1\" content=\"4 minut\u0117s\" \/>\n<script type=\"application\/ld+json\" class=\"yoast-schema-graph\">{\"@context\":\"https:\\\/\\\/schema.org\",\"@graph\":[{\"@type\":\"WebPage\",\"@id\":\"https:\\\/\\\/redfoxlotto.com\\\/lt\\\/\",\"url\":\"https:\\\/\\\/redfoxlotto.com\\\/lt\\\/\",\"name\":\"Internetin\u0117 loterija | Pirkite bilietus galimybei laim\u0117ti did\u017eiausi\u0173 pasaulio loterij\u0173 pagrindinius prizus\",\"isPartOf\":{\"@id\":\"https:\\\/\\\/redfoxlotto.com\\\/lt\\\/#website\"},\"primaryImageOfPage\":{\"@id\":\"https:\\\/\\\/redfoxlotto.com\\\/lt\\\/#primaryimage\"},\"image\":{\"@id\":\"https:\\\/\\\/redfoxlotto.com\\\/lt\\\/#primaryimage\"},\"thumbnailUrl\":\"https:\\\/\\\/redfoxlotto.com\\\/wp-content\\\/uploads\\\/2024\\\/03\\\/Balls_2.png\",\"datePublished\":\"2023-04-13T18:01:41+00:00\",\"dateModified\":\"2026-01-06T08:54:08+00:00\",\"description\":\"Galimyb\u0117 laim\u0117ti did\u017eiausi\u0173 pasaulio loterij\u0173 pagrindinius prizus nepaisant savo b\u016bvimo vietos \u2013 pirkite loterij\u0173 bilietus internetu dabar!\",\"breadcrumb\":{\"@id\":\"https:\\\/\\\/redfoxlotto.com\\\/lt\\\/#breadcrumb\"},\"inLanguage\":\"lt-LT\",\"potentialAction\":[{\"@type\":\"ReadAction\",\"target\":[\"https:\\\/\\\/redfoxlotto.com\\\/lt\\\/\"]}]},{\"@type\":\"ImageObject\",\"inLanguage\":\"lt-LT\",\"@id\":\"https:\\\/\\\/redfoxlotto.com\\\/lt\\\/#primaryimage\",\"url\":\"https:\\\/\\\/redfoxlotto.com\\\/wp-content\\\/uploads\\\/2024\\\/03\\\/Balls_2.png\",\"contentUrl\":\"https:\\\/\\\/redfoxlotto.com\\\/wp-content\\\/uploads\\\/2024\\\/03\\\/Balls_2.png\"},{\"@type\":\"BreadcrumbList\",\"@id\":\"https:\\\/\\\/redfoxlotto.com\\\/lt\\\/#breadcrumb\",\"itemListElement\":[{\"@type\":\"ListItem\",\"position\":1,\"name\":\"Home\",\"item\":\"https:\\\/\\\/redfoxlotto.com\\\/lt\\\/\"},{\"@type\":\"ListItem\",\"position\":2,\"name\":\"J\u016bs\u0173 gyvenamoji \u0161alis nesvarbu, \u017eaisti did\u017eiausias loterijas pasaulyje\"}]},{\"@type\":\"WebSite\",\"@id\":\"https:\\\/\\\/redfoxlotto.com\\\/lt\\\/#website\",\"url\":\"https:\\\/\\\/redfoxlotto.com\\\/lt\\\/\",\"name\":\"Get Tickets for the World\u2019s largest jackpots\",\"description\":\"Participate in worldwide lottery jackpots from any country\",\"publisher\":{\"@id\":\"https:\\\/\\\/redfoxlotto.com\\\/lt\\\/#organization\"},\"potentialAction\":[{\"@type\":\"SearchAction\",\"target\":{\"@type\":\"EntryPoint\",\"urlTemplate\":\"https:\\\/\\\/redfoxlotto.com\\\/lt\\\/?s={search_term_string}\"},\"query-input\":{\"@type\":\"PropertyValueSpecification\",\"valueRequired\":true,\"valueName\":\"search_term_string\"}}],\"inLanguage\":\"lt-LT\"},{\"@type\":\"Organization\",\"@id\":\"https:\\\/\\\/redfoxlotto.com\\\/lt\\\/#organization\",\"name\":\"Get Tickets for the World\u2019s largest jackpots\",\"url\":\"https:\\\/\\\/redfoxlotto.com\\\/lt\\\/\",\"logo\":{\"@type\":\"ImageObject\",\"inLanguage\":\"lt-LT\",\"@id\":\"https:\\\/\\\/redfoxlotto.com\\\/lt\\\/#\\\/schema\\\/logo\\\/image\\\/\",\"url\":\"https:\\\/\\\/redfoxlotto.com\\\/wp-content\\\/uploads\\\/2023\\\/04\\\/logo.png\",\"contentUrl\":\"https:\\\/\\\/redfoxlotto.com\\\/wp-content\\\/uploads\\\/2023\\\/04\\\/logo.png\",\"width\":269,\"height\":53,\"caption\":\"Get Tickets for the World\u2019s largest jackpots\"},\"image\":{\"@id\":\"https:\\\/\\\/redfoxlotto.com\\\/lt\\\/#\\\/schema\\\/logo\\\/image\\\/\"}}]}<\/script>\n<!-- \/ Yoast SEO plugin. -->","yoast_head_json":{"title":"Internetin\u0117 loterija | Pirkite bilietus galimybei laim\u0117ti did\u017eiausi\u0173 pasaulio loterij\u0173 pagrindinius prizus","description":"Galimyb\u0117 laim\u0117ti did\u017eiausi\u0173 pasaulio loterij\u0173 pagrindinius prizus nepaisant savo b\u016bvimo vietos \u2013 pirkite loterij\u0173 bilietus internetu dabar!","robots":{"index":"index","follow":"follow","max-snippet":"max-snippet:-1","max-image-preview":"max-image-preview:large","max-video-preview":"max-video-preview:-1"},"canonical":"https:\/\/redfoxlotto.com\/lt\/","og_locale":"lt_LT","og_type":"article","og_title":"Internetin\u0117 loterija | Pirkite bilietus galimybei laim\u0117ti did\u017eiausi\u0173 pasaulio loterij\u0173 pagrindinius prizus","og_description":"Galimyb\u0117 laim\u0117ti did\u017eiausi\u0173 pasaulio loterij\u0173 pagrindinius prizus nepaisant savo b\u016bvimo vietos \u2013 pirkite loterij\u0173 bilietus internetu dabar!","og_url":"https:\/\/redfoxlotto.com\/lt\/","og_site_name":"Get Tickets for the World\u2019s largest jackpots","article_modified_time":"2026-01-06T08:54:08+00:00","og_image":[{"url":"https:\/\/redfoxlotto.com\/wp-content\/uploads\/2024\/03\/Balls_2.png","type":"","width":"","height":""}],"twitter_card":"summary_large_image","twitter_misc":{"Est. reading time":"4 minut\u0117s"},"schema":{"@context":"https:\/\/schema.org","@graph":[{"@type":"WebPage","@id":"https:\/\/redfoxlotto.com\/lt\/","url":"https:\/\/redfoxlotto.com\/lt\/","name":"Internetin\u0117 loterija | Pirkite bilietus galimybei laim\u0117ti did\u017eiausi\u0173 pasaulio loterij\u0173 pagrindinius prizus","isPartOf":{"@id":"https:\/\/redfoxlotto.com\/lt\/#website"},"primaryImageOfPage":{"@id":"https:\/\/redfoxlotto.com\/lt\/#primaryimage"},"image":{"@id":"https:\/\/redfoxlotto.com\/lt\/#primaryimage"},"thumbnailUrl":"https:\/\/redfoxlotto.com\/wp-content\/uploads\/2024\/03\/Balls_2.png","datePublished":"2023-04-13T18:01:41+00:00","dateModified":"2026-01-06T08:54:08+00:00","description":"Galimyb\u0117 laim\u0117ti did\u017eiausi\u0173 pasaulio loterij\u0173 pagrindinius prizus nepaisant savo b\u016bvimo vietos \u2013 pirkite loterij\u0173 bilietus internetu dabar!","breadcrumb":{"@id":"https:\/\/redfoxlotto.com\/lt\/#breadcrumb"},"inLanguage":"lt-LT","potentialAction":[{"@type":"ReadAction","target":["https:\/\/redfoxlotto.com\/lt\/"]}]},{"@type":"ImageObject","inLanguage":"lt-LT","@id":"https:\/\/redfoxlotto.com\/lt\/#primaryimage","url":"https:\/\/redfoxlotto.com\/wp-content\/uploads\/2024\/03\/Balls_2.png","contentUrl":"https:\/\/redfoxlotto.com\/wp-content\/uploads\/2024\/03\/Balls_2.png"},{"@type":"BreadcrumbList","@id":"https:\/\/redfoxlotto.com\/lt\/#breadcrumb","itemListElement":[{"@type":"ListItem","position":1,"name":"Home","item":"https:\/\/redfoxlotto.com\/lt\/"},{"@type":"ListItem","position":2,"name":"J\u016bs\u0173 gyvenamoji \u0161alis nesvarbu, \u017eaisti did\u017eiausias loterijas pasaulyje"}]},{"@type":"WebSite","@id":"https:\/\/redfoxlotto.com\/lt\/#website","url":"https:\/\/redfoxlotto.com\/lt\/","name":"Get Tickets for the World\u2019s largest jackpots","description":"Participate in worldwide lottery jackpots from any country","publisher":{"@id":"https:\/\/redfoxlotto.com\/lt\/#organization"},"potentialAction":[{"@type":"SearchAction","target":{"@type":"EntryPoint","urlTemplate":"https:\/\/redfoxlotto.com\/lt\/?s={search_term_string}"},"query-input":{"@type":"PropertyValueSpecification","valueRequired":true,"valueName":"search_term_string"}}],"inLanguage":"lt-LT"},{"@type":"Organization","@id":"https:\/\/redfoxlotto.com\/lt\/#organization","name":"Get Tickets for the World\u2019s largest jackpots","url":"https:\/\/redfoxlotto.com\/lt\/","logo":{"@type":"ImageObject","inLanguage":"lt-LT","@id":"https:\/\/redfoxlotto.com\/lt\/#\/schema\/logo\/image\/","url":"https:\/\/redfoxlotto.com\/wp-content\/uploads\/2023\/04\/logo.png","contentUrl":"https:\/\/redfoxlotto.com\/wp-content\/uploads\/2023\/04\/logo.png","width":269,"height":53,"caption":"Get Tickets for the World\u2019s largest jackpots"},"image":{"@id":"https:\/\/redfoxlotto.com\/lt\/#\/schema\/logo\/image\/"}}]}},"_links":{"self":[{"href":"https:\/\/redfoxlotto.com\/lt\/wp-json\/wp\/v2\/pages\/49876","targetHints":{"allow":["GET"]}}],"collection":[{"href":"https:\/\/redfoxlotto.com\/lt\/wp-json\/wp\/v2\/pages"}],"about":[{"href":"https:\/\/redfoxlotto.com\/lt\/wp-json\/wp\/v2\/types\/page"}],"author":[{"embeddable":true,"href":"https:\/\/redfoxlotto.com\/lt\/wp-json\/wp\/v2\/users\/1"}],"replies":[{"embeddable":true,"href":"https:\/\/redfoxlotto.com\/lt\/wp-json\/wp\/v2\/comments?post=49876"}],"version-history":[{"count":0,"href":"https:\/\/redfoxlotto.com\/lt\/wp-json\/wp\/v2\/pages\/49876\/revisions"}],"wp:attachment":[{"href":"https:\/\/redfoxlotto.com\/lt\/wp-json\/wp\/v2\/media?parent=49876"}],"curies":[{"name":"wp","href":"https:\/\/api.w.org\/{rel}","templated":true}]}}