{"id":18281,"date":"2020-08-18T09:11:18","date_gmt":"2020-08-18T09:11:18","guid":{"rendered":"https:\/\/redfoxlotto.com\/?page_id=18281"},"modified":"2021-01-07T10:51:50","modified_gmt":"2021-01-07T10:51:50","slug":"lotto-america","status":"publish","type":"page","link":"https:\/\/redfoxlotto.com\/lt\/rezultatai\/lotto-america\/","title":{"rendered":"Lotto America rezultatai"},"content":{"rendered":"<h2 class=\"wp-block-heading\">Patikrinkite rezultatus ir su\u017einokite, ar laim\u0117jote Lotto America?<\/h2><p><img loading=\"lazy\" decoding=\"async\" class=\" wp-image alignright\" src=\"https:\/\/content.redfoxlotto.com\/uploads\/sites\/9\/1_draw_results_lotto.jpg\" alt=\"atkreipti rezultat\u0173 loto amerika\" width=\"245\" height=\"173\" \/><\/p><p>I\u0161sirink\u0119 savo skai\u010dius ir nusipirk\u0119 biliet\u0105, kaip su\u017einosite, ar i\u0161 tikr\u0173j\u0173 laim\u0117jote? Tai gana paprasta. Viskas, k\u0105 jums reikia padaryti, tai apsilankyti RedFoxLotto internetin\u0117je svetain\u0117je. Jei nepirkote biliet\u0173, vis tiek gal\u0117site pamatyti vis\u0173 naujausi\u0173 \u017eaidim\u0173 laiminguosius skai\u010dius.<\/p><p>Jei \u017eaid\u0117te, galite prisijungti tiesiai \u012f savo paskyr\u0105, pamatysite laiminguosius skai\u010dius ir gal\u0117site palyginti su savo biliet\u0173 skai\u010diais. Gal\u0117site pamatyti visus atsp\u0117tus skai\u010dius, ir su\u017einosite, kokius laim\u0117jimus galite atsiimti.<\/p><h2 class=\"wp-block-heading\">Lotto America laim\u0117jimas<\/h2><p><img decoding=\"async\" class=\"size-full wp-image alignright\" src=\"https:\/\/content.redfoxlotto.com\/uploads\/sites\/9\/1_winner_lottery1.jpg\" alt=\"Amerikos loterijos laim\u0117tojas\"><\/p><p>Jei laim\u0117site Lotto America, ar bet kur\u012f kit\u0105 internetin\u012f loterijos \u017eaidim\u0105, tuo pasir\u016bpinsime mes. Ma\u017ei prizai bus i\u0161mok\u0117ti i\u0161kart, kai tik gausime rezultatus. Norint gauti \u0161iuos prizus, nereikia nieko daryti. Jie bus prid\u0117ti tiesiai \u012f j\u016bs\u0173 paskyros pinigin\u0119, kad gal\u0117tum\u0117te i\u0161siimti pinigus arba nusipirkti kit\u0105 biliet\u0105.<\/p><p>Jei laim\u0117site didesnius prizus, bus keliami reikalavimai, atsi\u017evelgiant \u012f loterij\u0105, kuri\u0105 \u017eaid\u017eiate. Tokiu atveju viskas jums kiek \u012fmanoma supaprastinta, kad \u012fsitikintum\u0117te, jog laim\u0117jim\u0105 galite gauti \u012fd\u0117jus kuo ma\u017eiau pastang\u0173. M\u016bs\u0173 komanda pasir\u016bpins visu procesu u\u017e jus. Tokiu b\u016bdu j\u016bs gausite savo pinigus kuo grei\u010diau. Laim\u0117jus pagrindinius prizus, tur\u0117site u\u017epildyti dokumentus arba atsi\u0173sti tam tikr\u0105 patvirtinimo form\u0105.<\/p>","protected":false},"excerpt":{"rendered":"<p>Patikrinkite rezultatus ir su\u017einokite, ar laim\u0117jote Lotto America? I\u0161sirink\u0119 savo skai\u010dius ir nusipirk\u0119 biliet\u0105, kaip su\u017einosite, ar i\u0161 tikr\u0173j\u0173 laim\u0117jote? Tai gana paprasta. Viskas, k\u0105 jums reikia padaryti, tai apsilankyti RedFoxLotto internetin\u0117je svetain\u0117je. Jei nepirkote biliet\u0173, vis tiek gal\u0117site pamatyti vis\u0173 naujausi\u0173 \u017eaidim\u0173 laiminguosius skai\u010dius. Jei \u017eaid\u0117te, galite prisijungti tiesiai \u012f savo paskyr\u0105, pamatysite laiminguosius [&hellip;]<\/p>\n","protected":false},"author":1,"featured_media":0,"parent":17105,"menu_order":12,"comment_status":"closed","ping_status":"closed","template":"lotto-america-results.php","meta":{"_et_pb_use_builder":"","_et_pb_old_content":"","_et_gb_content_width":"","exclude_from_search":false,"footnotes":""},"class_list":["post-18281","page","type-page","status-publish","hentry"],"yoast_head":"<!-- This site is optimized with the Yoast SEO plugin v23.8 - https:\/\/yoast.com\/wordpress\/plugins\/seo\/ -->\n<title>Lotto America laiming\u0173j\u0173 skai\u010di\u0173 traukimo rezultatai, laimingi skai\u010diai<\/title>\n<meta name=\"description\" content=\"\u0160ios savait\u0117s Lotto America laimingieji skai\u010diai ir rezultat\u0173 archyvas\" \/>\n<meta name=\"robots\" content=\"index, follow, max-snippet:-1, max-image-preview:large, max-video-preview:-1\" \/>\n<link rel=\"canonical\" href=\"https:\/\/redfoxlotto.com\/lt\/rezultatai\/lotto-america\/\" \/>\n<meta property=\"og:locale\" content=\"lt_LT\" \/>\n<meta property=\"og:type\" content=\"article\" \/>\n<meta property=\"og:title\" content=\"Lotto America laiming\u0173j\u0173 skai\u010di\u0173 traukimo rezultatai, laimingi skai\u010diai\" \/>\n<meta property=\"og:description\" content=\"\u0160ios savait\u0117s Lotto America laimingieji skai\u010diai ir rezultat\u0173 archyvas\" \/>\n<meta property=\"og:url\" content=\"https:\/\/redfoxlotto.com\/lt\/rezultatai\/lotto-america\/\" \/>\n<meta property=\"og:site_name\" content=\"Get Tickets for the World\u2019s largest jackpots\" \/>\n<meta property=\"article:modified_time\" content=\"2021-01-07T10:51:50+00:00\" \/>\n<meta property=\"og:image\" content=\"https:\/\/content.redfoxlotto.com\/uploads\/sites\/9\/1_draw_results_lotto.jpg\" \/>\n<meta name=\"twitter:card\" content=\"summary_large_image\" \/>\n<meta name=\"twitter:label1\" content=\"Est. reading time\" \/>\n\t<meta name=\"twitter:data1\" content=\"2 minut\u0117s\" \/>\n<script type=\"application\/ld+json\" class=\"yoast-schema-graph\">{\"@context\":\"https:\/\/schema.org\",\"@graph\":[{\"@type\":\"WebPage\",\"@id\":\"https:\/\/redfoxlotto.com\/lt\/rezultatai\/lotto-america\/\",\"url\":\"https:\/\/redfoxlotto.com\/lt\/rezultatai\/lotto-america\/\",\"name\":\"Lotto America laiming\u0173j\u0173 skai\u010di\u0173 traukimo rezultatai, laimingi skai\u010diai\",\"isPartOf\":{\"@id\":\"https:\/\/redfoxlotto.com\/lt\/#website\"},\"primaryImageOfPage\":{\"@id\":\"https:\/\/redfoxlotto.com\/lt\/rezultatai\/lotto-america\/#primaryimage\"},\"image\":{\"@id\":\"https:\/\/redfoxlotto.com\/lt\/rezultatai\/lotto-america\/#primaryimage\"},\"thumbnailUrl\":\"https:\/\/content.redfoxlotto.com\/uploads\/sites\/9\/1_draw_results_lotto.jpg\",\"datePublished\":\"2020-08-18T09:11:18+00:00\",\"dateModified\":\"2021-01-07T10:51:50+00:00\",\"description\":\"\u0160ios savait\u0117s Lotto America laimingieji skai\u010diai ir rezultat\u0173 archyvas\",\"breadcrumb\":{\"@id\":\"https:\/\/redfoxlotto.com\/lt\/rezultatai\/lotto-america\/#breadcrumb\"},\"inLanguage\":\"lt-LT\",\"potentialAction\":[{\"@type\":\"ReadAction\",\"target\":[\"https:\/\/redfoxlotto.com\/lt\/rezultatai\/lotto-america\/\"]}]},{\"@type\":\"ImageObject\",\"inLanguage\":\"lt-LT\",\"@id\":\"https:\/\/redfoxlotto.com\/lt\/rezultatai\/lotto-america\/#primaryimage\",\"url\":\"https:\/\/content.redfoxlotto.com\/uploads\/sites\/9\/1_draw_results_lotto.jpg\",\"contentUrl\":\"https:\/\/content.redfoxlotto.com\/uploads\/sites\/9\/1_draw_results_lotto.jpg\"},{\"@type\":\"BreadcrumbList\",\"@id\":\"https:\/\/redfoxlotto.com\/lt\/rezultatai\/lotto-america\/#breadcrumb\",\"itemListElement\":[{\"@type\":\"ListItem\",\"position\":1,\"name\":\"Home\",\"item\":\"https:\/\/redfoxlotto.com\/lt\/\"},{\"@type\":\"ListItem\",\"position\":2,\"name\":\"Tarptautini\u0173 loterij\u0173 rezultatai\",\"item\":\"https:\/\/redfoxlotto.com\/lt\/rezultatai\/\"},{\"@type\":\"ListItem\",\"position\":3,\"name\":\"Lotto America rezultatai\"}]},{\"@type\":\"WebSite\",\"@id\":\"https:\/\/redfoxlotto.com\/lt\/#website\",\"url\":\"https:\/\/redfoxlotto.com\/lt\/\",\"name\":\"Get Tickets for the World\u2019s largest jackpots\",\"description\":\"Participate in worldwide lottery jackpots from any country\",\"publisher\":{\"@id\":\"https:\/\/redfoxlotto.com\/lt\/#organization\"},\"potentialAction\":[{\"@type\":\"SearchAction\",\"target\":{\"@type\":\"EntryPoint\",\"urlTemplate\":\"https:\/\/redfoxlotto.com\/lt\/?s={search_term_string}\"},\"query-input\":{\"@type\":\"PropertyValueSpecification\",\"valueRequired\":true,\"valueName\":\"search_term_string\"}}],\"inLanguage\":\"lt-LT\"},{\"@type\":\"Organization\",\"@id\":\"https:\/\/redfoxlotto.com\/lt\/#organization\",\"name\":\"Get Tickets for the World\u2019s largest jackpots\",\"url\":\"https:\/\/redfoxlotto.com\/lt\/\",\"logo\":{\"@type\":\"ImageObject\",\"inLanguage\":\"lt-LT\",\"@id\":\"https:\/\/redfoxlotto.com\/lt\/#\/schema\/logo\/image\/\",\"url\":\"https:\/\/redfoxlotto.com\/wp-content\/uploads\/2023\/04\/logo.png\",\"contentUrl\":\"https:\/\/redfoxlotto.com\/wp-content\/uploads\/2023\/04\/logo.png\",\"width\":269,\"height\":53,\"caption\":\"Get Tickets for the World\u2019s largest jackpots\"},\"image\":{\"@id\":\"https:\/\/redfoxlotto.com\/lt\/#\/schema\/logo\/image\/\"}}]}<\/script>\n<!-- \/ Yoast SEO plugin. -->","yoast_head_json":{"title":"Lotto America laiming\u0173j\u0173 skai\u010di\u0173 traukimo rezultatai, laimingi skai\u010diai","description":"\u0160ios savait\u0117s Lotto America laimingieji skai\u010diai ir rezultat\u0173 archyvas","robots":{"index":"index","follow":"follow","max-snippet":"max-snippet:-1","max-image-preview":"max-image-preview:large","max-video-preview":"max-video-preview:-1"},"canonical":"https:\/\/redfoxlotto.com\/lt\/rezultatai\/lotto-america\/","og_locale":"lt_LT","og_type":"article","og_title":"Lotto America laiming\u0173j\u0173 skai\u010di\u0173 traukimo rezultatai, laimingi skai\u010diai","og_description":"\u0160ios savait\u0117s Lotto America laimingieji skai\u010diai ir rezultat\u0173 archyvas","og_url":"https:\/\/redfoxlotto.com\/lt\/rezultatai\/lotto-america\/","og_site_name":"Get Tickets for the World\u2019s largest jackpots","article_modified_time":"2021-01-07T10:51:50+00:00","og_image":[{"url":"https:\/\/content.redfoxlotto.com\/uploads\/sites\/9\/1_draw_results_lotto.jpg"}],"twitter_card":"summary_large_image","twitter_misc":{"Est. reading time":"2 minut\u0117s"},"schema":{"@context":"https:\/\/schema.org","@graph":[{"@type":"WebPage","@id":"https:\/\/redfoxlotto.com\/lt\/rezultatai\/lotto-america\/","url":"https:\/\/redfoxlotto.com\/lt\/rezultatai\/lotto-america\/","name":"Lotto America laiming\u0173j\u0173 skai\u010di\u0173 traukimo rezultatai, laimingi skai\u010diai","isPartOf":{"@id":"https:\/\/redfoxlotto.com\/lt\/#website"},"primaryImageOfPage":{"@id":"https:\/\/redfoxlotto.com\/lt\/rezultatai\/lotto-america\/#primaryimage"},"image":{"@id":"https:\/\/redfoxlotto.com\/lt\/rezultatai\/lotto-america\/#primaryimage"},"thumbnailUrl":"https:\/\/content.redfoxlotto.com\/uploads\/sites\/9\/1_draw_results_lotto.jpg","datePublished":"2020-08-18T09:11:18+00:00","dateModified":"2021-01-07T10:51:50+00:00","description":"\u0160ios savait\u0117s Lotto America laimingieji skai\u010diai ir rezultat\u0173 archyvas","breadcrumb":{"@id":"https:\/\/redfoxlotto.com\/lt\/rezultatai\/lotto-america\/#breadcrumb"},"inLanguage":"lt-LT","potentialAction":[{"@type":"ReadAction","target":["https:\/\/redfoxlotto.com\/lt\/rezultatai\/lotto-america\/"]}]},{"@type":"ImageObject","inLanguage":"lt-LT","@id":"https:\/\/redfoxlotto.com\/lt\/rezultatai\/lotto-america\/#primaryimage","url":"https:\/\/content.redfoxlotto.com\/uploads\/sites\/9\/1_draw_results_lotto.jpg","contentUrl":"https:\/\/content.redfoxlotto.com\/uploads\/sites\/9\/1_draw_results_lotto.jpg"},{"@type":"BreadcrumbList","@id":"https:\/\/redfoxlotto.com\/lt\/rezultatai\/lotto-america\/#breadcrumb","itemListElement":[{"@type":"ListItem","position":1,"name":"Home","item":"https:\/\/redfoxlotto.com\/lt\/"},{"@type":"ListItem","position":2,"name":"Tarptautini\u0173 loterij\u0173 rezultatai","item":"https:\/\/redfoxlotto.com\/lt\/rezultatai\/"},{"@type":"ListItem","position":3,"name":"Lotto America rezultatai"}]},{"@type":"WebSite","@id":"https:\/\/redfoxlotto.com\/lt\/#website","url":"https:\/\/redfoxlotto.com\/lt\/","name":"Get Tickets for the World\u2019s largest jackpots","description":"Participate in worldwide lottery jackpots from any country","publisher":{"@id":"https:\/\/redfoxlotto.com\/lt\/#organization"},"potentialAction":[{"@type":"SearchAction","target":{"@type":"EntryPoint","urlTemplate":"https:\/\/redfoxlotto.com\/lt\/?s={search_term_string}"},"query-input":{"@type":"PropertyValueSpecification","valueRequired":true,"valueName":"search_term_string"}}],"inLanguage":"lt-LT"},{"@type":"Organization","@id":"https:\/\/redfoxlotto.com\/lt\/#organization","name":"Get Tickets for the World\u2019s largest jackpots","url":"https:\/\/redfoxlotto.com\/lt\/","logo":{"@type":"ImageObject","inLanguage":"lt-LT","@id":"https:\/\/redfoxlotto.com\/lt\/#\/schema\/logo\/image\/","url":"https:\/\/redfoxlotto.com\/wp-content\/uploads\/2023\/04\/logo.png","contentUrl":"https:\/\/redfoxlotto.com\/wp-content\/uploads\/2023\/04\/logo.png","width":269,"height":53,"caption":"Get Tickets for the World\u2019s largest jackpots"},"image":{"@id":"https:\/\/redfoxlotto.com\/lt\/#\/schema\/logo\/image\/"}}]}},"_links":{"self":[{"href":"https:\/\/redfoxlotto.com\/lt\/wp-json\/wp\/v2\/pages\/18281","targetHints":{"allow":["GET"]}}],"collection":[{"href":"https:\/\/redfoxlotto.com\/lt\/wp-json\/wp\/v2\/pages"}],"about":[{"href":"https:\/\/redfoxlotto.com\/lt\/wp-json\/wp\/v2\/types\/page"}],"author":[{"embeddable":true,"href":"https:\/\/redfoxlotto.com\/lt\/wp-json\/wp\/v2\/users\/1"}],"replies":[{"embeddable":true,"href":"https:\/\/redfoxlotto.com\/lt\/wp-json\/wp\/v2\/comments?post=18281"}],"version-history":[{"count":0,"href":"https:\/\/redfoxlotto.com\/lt\/wp-json\/wp\/v2\/pages\/18281\/revisions"}],"up":[{"embeddable":true,"href":"https:\/\/redfoxlotto.com\/lt\/wp-json\/wp\/v2\/pages\/17105"}],"wp:attachment":[{"href":"https:\/\/redfoxlotto.com\/lt\/wp-json\/wp\/v2\/media?parent=18281"}],"curies":[{"name":"wp","href":"https:\/\/api.w.org\/{rel}","templated":true}]}}