{"id":18228,"date":"2019-11-20T11:24:49","date_gmt":"2019-11-20T11:24:49","guid":{"rendered":"https:\/\/redfoxlotto.com\/?page_id=18228"},"modified":"2021-01-07T10:46:15","modified_gmt":"2021-01-07T10:46:15","slug":"la-primitiva","status":"publish","type":"page","link":"https:\/\/redfoxlotto.com\/lt\/rezultatai\/la-primitiva\/","title":{"rendered":"La Primitiva loterijos laimingieji skai\u010diai ir rezultatai"},"content":{"rendered":"<p>Did\u017eiausios Ispanijos loterijos La Primitiva laiming\u0173 skai\u010di\u0173 rengiami kiekvien\u0105 sekmadien\u012f 13:00 CET. I\u0161kart po skai\u010di\u0173 traukimo rezultatus rasite \u010dia, RedFoxLotto.com.<\/p><p><img loading=\"lazy\" decoding=\"async\" class=\" wp-image alignright\" src=\"https:\/\/content.redfoxlotto.com\/uploads\/sites\/9\/1_results_lottery_online5.jpg\" alt=\"results lotto\" width=\"239\" height=\"159\" \/><\/p><p>B\u016btinai palyginkite bilieto skai\u010dius su laim\u0117jusiais skai\u010diais, patikrindami, ar laim\u0117jote, ar ne.<\/p><p>Jei turite per mus \u012fsigyt\u0105 La Primitiva loterijos biliet\u0105, mes taip pat informuosime jus apie visus laim\u0117jimus.<\/p>","protected":false},"excerpt":{"rendered":"<p>Did\u017eiausios Ispanijos loterijos La Primitiva laiming\u0173 skai\u010di\u0173 rengiami kiekvien\u0105 sekmadien\u012f 13:00 CET. I\u0161kart po skai\u010di\u0173 traukimo rezultatus rasite \u010dia, RedFoxLotto.com. B\u016btinai palyginkite bilieto skai\u010dius su laim\u0117jusiais skai\u010diais, patikrindami, ar laim\u0117jote, ar ne. Jei turite per mus \u012fsigyt\u0105 La Primitiva loterijos biliet\u0105, mes taip pat informuosime jus apie visus laim\u0117jimus.<\/p>\n","protected":false},"author":1,"featured_media":0,"parent":17105,"menu_order":7,"comment_status":"closed","ping_status":"closed","template":"la-primitiva-results.php","meta":{"_et_pb_use_builder":"","_et_pb_old_content":"","_et_gb_content_width":"","exclude_from_search":false,"footnotes":""},"class_list":["post-18228","page","type-page","status-publish","hentry"],"yoast_head":"<!-- This site is optimized with the Yoast SEO plugin v23.8 - https:\/\/yoast.com\/wordpress\/plugins\/seo\/ -->\n<title>Ispanijos La Primitiva loterijos laimingieji skai\u010diai ir rezultatai<\/title>\n<meta name=\"description\" content=\"Pasi\u017ei\u016br\u0117kite ar j\u016bs\u0173 La Primitiva loterijos bilietas laim\u0117jo, pasitikrinkite savo skai\u010dius \u010dia!\" \/>\n<meta name=\"robots\" content=\"index, follow, max-snippet:-1, max-image-preview:large, max-video-preview:-1\" \/>\n<link rel=\"canonical\" href=\"https:\/\/redfoxlotto.com\/lt\/rezultatai\/la-primitiva\/\" \/>\n<meta property=\"og:locale\" content=\"lt_LT\" \/>\n<meta property=\"og:type\" content=\"article\" \/>\n<meta property=\"og:title\" content=\"Ispanijos La Primitiva loterijos laimingieji skai\u010diai ir rezultatai\" \/>\n<meta property=\"og:description\" content=\"Pasi\u017ei\u016br\u0117kite ar j\u016bs\u0173 La Primitiva loterijos bilietas laim\u0117jo, pasitikrinkite savo skai\u010dius \u010dia!\" \/>\n<meta property=\"og:url\" content=\"https:\/\/redfoxlotto.com\/lt\/rezultatai\/la-primitiva\/\" \/>\n<meta property=\"og:site_name\" content=\"Get Tickets for the World\u2019s largest jackpots\" \/>\n<meta property=\"article:modified_time\" content=\"2021-01-07T10:46:15+00:00\" \/>\n<meta property=\"og:image\" content=\"https:\/\/content.redfoxlotto.com\/uploads\/sites\/9\/1_results_lottery_online5.jpg\" \/>\n<meta name=\"twitter:card\" content=\"summary_large_image\" \/>\n<meta name=\"twitter:label1\" content=\"Est. reading time\" \/>\n\t<meta name=\"twitter:data1\" content=\"1 minut\u0117\" \/>\n<script type=\"application\/ld+json\" class=\"yoast-schema-graph\">{\"@context\":\"https:\/\/schema.org\",\"@graph\":[{\"@type\":\"WebPage\",\"@id\":\"https:\/\/redfoxlotto.com\/lt\/rezultatai\/la-primitiva\/\",\"url\":\"https:\/\/redfoxlotto.com\/lt\/rezultatai\/la-primitiva\/\",\"name\":\"Ispanijos La Primitiva loterijos laimingieji skai\u010diai ir rezultatai\",\"isPartOf\":{\"@id\":\"https:\/\/redfoxlotto.com\/lt\/#website\"},\"primaryImageOfPage\":{\"@id\":\"https:\/\/redfoxlotto.com\/lt\/rezultatai\/la-primitiva\/#primaryimage\"},\"image\":{\"@id\":\"https:\/\/redfoxlotto.com\/lt\/rezultatai\/la-primitiva\/#primaryimage\"},\"thumbnailUrl\":\"https:\/\/content.redfoxlotto.com\/uploads\/sites\/9\/1_results_lottery_online5.jpg\",\"datePublished\":\"2019-11-20T11:24:49+00:00\",\"dateModified\":\"2021-01-07T10:46:15+00:00\",\"description\":\"Pasi\u017ei\u016br\u0117kite ar j\u016bs\u0173 La Primitiva loterijos bilietas laim\u0117jo, pasitikrinkite savo skai\u010dius \u010dia!\",\"breadcrumb\":{\"@id\":\"https:\/\/redfoxlotto.com\/lt\/rezultatai\/la-primitiva\/#breadcrumb\"},\"inLanguage\":\"lt-LT\",\"potentialAction\":[{\"@type\":\"ReadAction\",\"target\":[\"https:\/\/redfoxlotto.com\/lt\/rezultatai\/la-primitiva\/\"]}]},{\"@type\":\"ImageObject\",\"inLanguage\":\"lt-LT\",\"@id\":\"https:\/\/redfoxlotto.com\/lt\/rezultatai\/la-primitiva\/#primaryimage\",\"url\":\"https:\/\/content.redfoxlotto.com\/uploads\/sites\/9\/1_results_lottery_online5.jpg\",\"contentUrl\":\"https:\/\/content.redfoxlotto.com\/uploads\/sites\/9\/1_results_lottery_online5.jpg\"},{\"@type\":\"BreadcrumbList\",\"@id\":\"https:\/\/redfoxlotto.com\/lt\/rezultatai\/la-primitiva\/#breadcrumb\",\"itemListElement\":[{\"@type\":\"ListItem\",\"position\":1,\"name\":\"Home\",\"item\":\"https:\/\/redfoxlotto.com\/lt\/\"},{\"@type\":\"ListItem\",\"position\":2,\"name\":\"Tarptautini\u0173 loterij\u0173 rezultatai\",\"item\":\"https:\/\/redfoxlotto.com\/lt\/rezultatai\/\"},{\"@type\":\"ListItem\",\"position\":3,\"name\":\"La Primitiva loterijos laimingieji skai\u010diai ir rezultatai\"}]},{\"@type\":\"WebSite\",\"@id\":\"https:\/\/redfoxlotto.com\/lt\/#website\",\"url\":\"https:\/\/redfoxlotto.com\/lt\/\",\"name\":\"Get Tickets for the World\u2019s largest jackpots\",\"description\":\"Participate in worldwide lottery jackpots from any country\",\"publisher\":{\"@id\":\"https:\/\/redfoxlotto.com\/lt\/#organization\"},\"potentialAction\":[{\"@type\":\"SearchAction\",\"target\":{\"@type\":\"EntryPoint\",\"urlTemplate\":\"https:\/\/redfoxlotto.com\/lt\/?s={search_term_string}\"},\"query-input\":{\"@type\":\"PropertyValueSpecification\",\"valueRequired\":true,\"valueName\":\"search_term_string\"}}],\"inLanguage\":\"lt-LT\"},{\"@type\":\"Organization\",\"@id\":\"https:\/\/redfoxlotto.com\/lt\/#organization\",\"name\":\"Get Tickets for the World\u2019s largest jackpots\",\"url\":\"https:\/\/redfoxlotto.com\/lt\/\",\"logo\":{\"@type\":\"ImageObject\",\"inLanguage\":\"lt-LT\",\"@id\":\"https:\/\/redfoxlotto.com\/lt\/#\/schema\/logo\/image\/\",\"url\":\"https:\/\/redfoxlotto.com\/wp-content\/uploads\/2023\/04\/logo.png\",\"contentUrl\":\"https:\/\/redfoxlotto.com\/wp-content\/uploads\/2023\/04\/logo.png\",\"width\":269,\"height\":53,\"caption\":\"Get Tickets for the World\u2019s largest jackpots\"},\"image\":{\"@id\":\"https:\/\/redfoxlotto.com\/lt\/#\/schema\/logo\/image\/\"}}]}<\/script>\n<!-- \/ Yoast SEO plugin. -->","yoast_head_json":{"title":"Ispanijos La Primitiva loterijos laimingieji skai\u010diai ir rezultatai","description":"Pasi\u017ei\u016br\u0117kite ar j\u016bs\u0173 La Primitiva loterijos bilietas laim\u0117jo, pasitikrinkite savo skai\u010dius \u010dia!","robots":{"index":"index","follow":"follow","max-snippet":"max-snippet:-1","max-image-preview":"max-image-preview:large","max-video-preview":"max-video-preview:-1"},"canonical":"https:\/\/redfoxlotto.com\/lt\/rezultatai\/la-primitiva\/","og_locale":"lt_LT","og_type":"article","og_title":"Ispanijos La Primitiva loterijos laimingieji skai\u010diai ir rezultatai","og_description":"Pasi\u017ei\u016br\u0117kite ar j\u016bs\u0173 La Primitiva loterijos bilietas laim\u0117jo, pasitikrinkite savo skai\u010dius \u010dia!","og_url":"https:\/\/redfoxlotto.com\/lt\/rezultatai\/la-primitiva\/","og_site_name":"Get Tickets for the World\u2019s largest jackpots","article_modified_time":"2021-01-07T10:46:15+00:00","og_image":[{"url":"https:\/\/content.redfoxlotto.com\/uploads\/sites\/9\/1_results_lottery_online5.jpg"}],"twitter_card":"summary_large_image","twitter_misc":{"Est. reading time":"1 minut\u0117"},"schema":{"@context":"https:\/\/schema.org","@graph":[{"@type":"WebPage","@id":"https:\/\/redfoxlotto.com\/lt\/rezultatai\/la-primitiva\/","url":"https:\/\/redfoxlotto.com\/lt\/rezultatai\/la-primitiva\/","name":"Ispanijos La Primitiva loterijos laimingieji skai\u010diai ir rezultatai","isPartOf":{"@id":"https:\/\/redfoxlotto.com\/lt\/#website"},"primaryImageOfPage":{"@id":"https:\/\/redfoxlotto.com\/lt\/rezultatai\/la-primitiva\/#primaryimage"},"image":{"@id":"https:\/\/redfoxlotto.com\/lt\/rezultatai\/la-primitiva\/#primaryimage"},"thumbnailUrl":"https:\/\/content.redfoxlotto.com\/uploads\/sites\/9\/1_results_lottery_online5.jpg","datePublished":"2019-11-20T11:24:49+00:00","dateModified":"2021-01-07T10:46:15+00:00","description":"Pasi\u017ei\u016br\u0117kite ar j\u016bs\u0173 La Primitiva loterijos bilietas laim\u0117jo, pasitikrinkite savo skai\u010dius \u010dia!","breadcrumb":{"@id":"https:\/\/redfoxlotto.com\/lt\/rezultatai\/la-primitiva\/#breadcrumb"},"inLanguage":"lt-LT","potentialAction":[{"@type":"ReadAction","target":["https:\/\/redfoxlotto.com\/lt\/rezultatai\/la-primitiva\/"]}]},{"@type":"ImageObject","inLanguage":"lt-LT","@id":"https:\/\/redfoxlotto.com\/lt\/rezultatai\/la-primitiva\/#primaryimage","url":"https:\/\/content.redfoxlotto.com\/uploads\/sites\/9\/1_results_lottery_online5.jpg","contentUrl":"https:\/\/content.redfoxlotto.com\/uploads\/sites\/9\/1_results_lottery_online5.jpg"},{"@type":"BreadcrumbList","@id":"https:\/\/redfoxlotto.com\/lt\/rezultatai\/la-primitiva\/#breadcrumb","itemListElement":[{"@type":"ListItem","position":1,"name":"Home","item":"https:\/\/redfoxlotto.com\/lt\/"},{"@type":"ListItem","position":2,"name":"Tarptautini\u0173 loterij\u0173 rezultatai","item":"https:\/\/redfoxlotto.com\/lt\/rezultatai\/"},{"@type":"ListItem","position":3,"name":"La Primitiva loterijos laimingieji skai\u010diai ir rezultatai"}]},{"@type":"WebSite","@id":"https:\/\/redfoxlotto.com\/lt\/#website","url":"https:\/\/redfoxlotto.com\/lt\/","name":"Get Tickets for the World\u2019s largest jackpots","description":"Participate in worldwide lottery jackpots from any country","publisher":{"@id":"https:\/\/redfoxlotto.com\/lt\/#organization"},"potentialAction":[{"@type":"SearchAction","target":{"@type":"EntryPoint","urlTemplate":"https:\/\/redfoxlotto.com\/lt\/?s={search_term_string}"},"query-input":{"@type":"PropertyValueSpecification","valueRequired":true,"valueName":"search_term_string"}}],"inLanguage":"lt-LT"},{"@type":"Organization","@id":"https:\/\/redfoxlotto.com\/lt\/#organization","name":"Get Tickets for the World\u2019s largest jackpots","url":"https:\/\/redfoxlotto.com\/lt\/","logo":{"@type":"ImageObject","inLanguage":"lt-LT","@id":"https:\/\/redfoxlotto.com\/lt\/#\/schema\/logo\/image\/","url":"https:\/\/redfoxlotto.com\/wp-content\/uploads\/2023\/04\/logo.png","contentUrl":"https:\/\/redfoxlotto.com\/wp-content\/uploads\/2023\/04\/logo.png","width":269,"height":53,"caption":"Get Tickets for the World\u2019s largest jackpots"},"image":{"@id":"https:\/\/redfoxlotto.com\/lt\/#\/schema\/logo\/image\/"}}]}},"_links":{"self":[{"href":"https:\/\/redfoxlotto.com\/lt\/wp-json\/wp\/v2\/pages\/18228","targetHints":{"allow":["GET"]}}],"collection":[{"href":"https:\/\/redfoxlotto.com\/lt\/wp-json\/wp\/v2\/pages"}],"about":[{"href":"https:\/\/redfoxlotto.com\/lt\/wp-json\/wp\/v2\/types\/page"}],"author":[{"embeddable":true,"href":"https:\/\/redfoxlotto.com\/lt\/wp-json\/wp\/v2\/users\/1"}],"replies":[{"embeddable":true,"href":"https:\/\/redfoxlotto.com\/lt\/wp-json\/wp\/v2\/comments?post=18228"}],"version-history":[{"count":0,"href":"https:\/\/redfoxlotto.com\/lt\/wp-json\/wp\/v2\/pages\/18228\/revisions"}],"up":[{"embeddable":true,"href":"https:\/\/redfoxlotto.com\/lt\/wp-json\/wp\/v2\/pages\/17105"}],"wp:attachment":[{"href":"https:\/\/redfoxlotto.com\/lt\/wp-json\/wp\/v2\/media?parent=18228"}],"curies":[{"name":"wp","href":"https:\/\/api.w.org\/{rel}","templated":true}]}}