{"id":18174,"date":"2018-11-18T08:54:25","date_gmt":"2018-11-18T08:54:25","guid":{"rendered":"https:\/\/redfoxlotto.com\/?page_id=18174"},"modified":"2021-01-07T10:40:18","modified_gmt":"2021-01-07T10:40:18","slug":"saturday-lotto-au","status":"publish","type":"page","link":"https:\/\/redfoxlotto.com\/lt\/rezultatai\/saturday-lotto-au\/","title":{"rendered":"Saturday Lotto rezultatai"},"content":{"rendered":"<h2 class=\"wp-block-heading\">Saturday Lotto rezultatai RedFoxLotto<\/h2><p><img loading=\"lazy\" decoding=\"async\" class=\" wp-image alignright\" src=\"https:\/\/content.redfoxlotto.com\/uploads\/sites\/9\/1_draw_lottery_results.jpg\" alt=\"\u0160e\u0161tadienio loterija\" width=\"224\" height=\"224\"><\/p><p>Kai tik paai\u0161k\u0117s laimingieji skai\u010diai, \u010dia bus rodomi Saturday Lotto rezultatai. \u012e informacij\u0105 \u012feina laim\u0117jim\u0173 skai\u010dius, numatomas kitas pagrindinis prizas ir \u012fvairi\u0173 priz\u0173 pakop\u0173 sumos.<\/p><p>Nor\u0117dami pamatyti informacij\u0105 apie pra\u0117jusius \u0161e\u0161tadienio loterijos skai\u010dius, galite naudotis archyvu spragtel\u0117dami i\u0161skleid\u017eiam\u0105j\u012f datos meniu. Archyve pateikiama pastar\u0173j\u0173 trej\u0173 met\u0173 informacija.<\/p><h2 class=\"wp-block-heading\">Lengviausias ir grei\u010diausias b\u016bdas pasitikrinti, ar j\u016bs\u0173 bilietas laim\u0117jo<\/h2><p><img loading=\"lazy\" decoding=\"async\" class=\" wp-image alignright\" src=\"https:\/\/content.redfoxlotto.com\/uploads\/sites\/9\/1_draw_lottery_numbers.jpg\" alt=\"laim\u0117j\u0119 skai\u010diai\" width=\"241\" height=\"170\" \/><\/p><p>Taip pat galite spragtel\u0117ti vir\u0161utiniame de\u0161iniajame meniu \u201eMano paskyra \/ Mano bilietai\u201c. \u010cia pamatysite laim\u0117jusius skai\u010dius ir savo bilieto pasirinktus skai\u010dius. \u0160ioje srityje galite pamatyti visus buvusius ir aktyvius bilietus ir i\u0161kart pamatyti, ar laim\u0117jo vienas i\u0161 j\u016bs\u0173 biliet\u0173, taip pat kokia yra laim\u0117to prizo suma.<\/p>","protected":false},"excerpt":{"rendered":"<p>Saturday Lotto rezultatai RedFoxLotto Kai tik paai\u0161k\u0117s laimingieji skai\u010diai, \u010dia bus rodomi Saturday Lotto rezultatai. \u012e informacij\u0105 \u012feina laim\u0117jim\u0173 skai\u010dius, numatomas kitas pagrindinis prizas ir \u012fvairi\u0173 priz\u0173 pakop\u0173 sumos. Nor\u0117dami pamatyti informacij\u0105 apie pra\u0117jusius \u0161e\u0161tadienio loterijos skai\u010dius, galite naudotis archyvu spragtel\u0117dami i\u0161skleid\u017eiam\u0105j\u012f datos meniu. Archyve pateikiama pastar\u0173j\u0173 trej\u0173 met\u0173 informacija. Lengviausias ir grei\u010diausias b\u016bdas pasitikrinti, [&hellip;]<\/p>\n","protected":false},"author":1,"featured_media":0,"parent":17105,"menu_order":22,"comment_status":"closed","ping_status":"closed","template":"saturday-lotto-results.php","meta":{"_et_pb_use_builder":"","_et_pb_old_content":"","_et_gb_content_width":"","exclude_from_search":false,"footnotes":""},"class_list":["post-18174","page","type-page","status-publish","hentry"],"yoast_head":"<!-- This site is optimized with the Yoast SEO plugin v23.8 - https:\/\/yoast.com\/wordpress\/plugins\/seo\/ -->\n<title>Saturday Lotto laimingi skai\u010diai ir kiti rezultatai<\/title>\n<meta name=\"description\" content=\"\u010cia rasite Saturday Lotto laimingus skai\u010dius\" \/>\n<meta name=\"robots\" content=\"index, follow, max-snippet:-1, max-image-preview:large, max-video-preview:-1\" \/>\n<link rel=\"canonical\" href=\"https:\/\/redfoxlotto.com\/lt\/rezultatai\/saturday-lotto-au\/\" \/>\n<meta property=\"og:locale\" content=\"lt_LT\" \/>\n<meta property=\"og:type\" content=\"article\" \/>\n<meta property=\"og:title\" content=\"Saturday Lotto laimingi skai\u010diai ir kiti rezultatai\" \/>\n<meta property=\"og:description\" content=\"\u010cia rasite Saturday Lotto laimingus skai\u010dius\" \/>\n<meta property=\"og:url\" content=\"https:\/\/redfoxlotto.com\/lt\/rezultatai\/saturday-lotto-au\/\" \/>\n<meta property=\"og:site_name\" content=\"Get Tickets for the World\u2019s largest jackpots\" \/>\n<meta property=\"article:modified_time\" content=\"2021-01-07T10:40:18+00:00\" \/>\n<meta property=\"og:image\" content=\"https:\/\/content.redfoxlotto.com\/uploads\/sites\/9\/1_draw_lottery_results.jpg\" \/>\n<meta name=\"twitter:card\" content=\"summary_large_image\" \/>\n<meta name=\"twitter:label1\" content=\"Est. reading time\" \/>\n\t<meta name=\"twitter:data1\" content=\"1 minut\u0117\" \/>\n<script type=\"application\/ld+json\" class=\"yoast-schema-graph\">{\"@context\":\"https:\/\/schema.org\",\"@graph\":[{\"@type\":\"WebPage\",\"@id\":\"https:\/\/redfoxlotto.com\/lt\/rezultatai\/saturday-lotto-au\/\",\"url\":\"https:\/\/redfoxlotto.com\/lt\/rezultatai\/saturday-lotto-au\/\",\"name\":\"Saturday Lotto laimingi skai\u010diai ir kiti rezultatai\",\"isPartOf\":{\"@id\":\"https:\/\/redfoxlotto.com\/lt\/#website\"},\"primaryImageOfPage\":{\"@id\":\"https:\/\/redfoxlotto.com\/lt\/rezultatai\/saturday-lotto-au\/#primaryimage\"},\"image\":{\"@id\":\"https:\/\/redfoxlotto.com\/lt\/rezultatai\/saturday-lotto-au\/#primaryimage\"},\"thumbnailUrl\":\"https:\/\/content.redfoxlotto.com\/uploads\/sites\/9\/1_draw_lottery_results.jpg\",\"datePublished\":\"2018-11-18T08:54:25+00:00\",\"dateModified\":\"2021-01-07T10:40:18+00:00\",\"description\":\"\u010cia rasite Saturday Lotto laimingus skai\u010dius\",\"breadcrumb\":{\"@id\":\"https:\/\/redfoxlotto.com\/lt\/rezultatai\/saturday-lotto-au\/#breadcrumb\"},\"inLanguage\":\"lt-LT\",\"potentialAction\":[{\"@type\":\"ReadAction\",\"target\":[\"https:\/\/redfoxlotto.com\/lt\/rezultatai\/saturday-lotto-au\/\"]}]},{\"@type\":\"ImageObject\",\"inLanguage\":\"lt-LT\",\"@id\":\"https:\/\/redfoxlotto.com\/lt\/rezultatai\/saturday-lotto-au\/#primaryimage\",\"url\":\"https:\/\/content.redfoxlotto.com\/uploads\/sites\/9\/1_draw_lottery_results.jpg\",\"contentUrl\":\"https:\/\/content.redfoxlotto.com\/uploads\/sites\/9\/1_draw_lottery_results.jpg\"},{\"@type\":\"BreadcrumbList\",\"@id\":\"https:\/\/redfoxlotto.com\/lt\/rezultatai\/saturday-lotto-au\/#breadcrumb\",\"itemListElement\":[{\"@type\":\"ListItem\",\"position\":1,\"name\":\"Home\",\"item\":\"https:\/\/redfoxlotto.com\/lt\/\"},{\"@type\":\"ListItem\",\"position\":2,\"name\":\"Tarptautini\u0173 loterij\u0173 rezultatai\",\"item\":\"https:\/\/redfoxlotto.com\/lt\/rezultatai\/\"},{\"@type\":\"ListItem\",\"position\":3,\"name\":\"Saturday Lotto rezultatai\"}]},{\"@type\":\"WebSite\",\"@id\":\"https:\/\/redfoxlotto.com\/lt\/#website\",\"url\":\"https:\/\/redfoxlotto.com\/lt\/\",\"name\":\"Get Tickets for the World\u2019s largest jackpots\",\"description\":\"Participate in worldwide lottery jackpots from any country\",\"publisher\":{\"@id\":\"https:\/\/redfoxlotto.com\/lt\/#organization\"},\"potentialAction\":[{\"@type\":\"SearchAction\",\"target\":{\"@type\":\"EntryPoint\",\"urlTemplate\":\"https:\/\/redfoxlotto.com\/lt\/?s={search_term_string}\"},\"query-input\":{\"@type\":\"PropertyValueSpecification\",\"valueRequired\":true,\"valueName\":\"search_term_string\"}}],\"inLanguage\":\"lt-LT\"},{\"@type\":\"Organization\",\"@id\":\"https:\/\/redfoxlotto.com\/lt\/#organization\",\"name\":\"Get Tickets for the World\u2019s largest jackpots\",\"url\":\"https:\/\/redfoxlotto.com\/lt\/\",\"logo\":{\"@type\":\"ImageObject\",\"inLanguage\":\"lt-LT\",\"@id\":\"https:\/\/redfoxlotto.com\/lt\/#\/schema\/logo\/image\/\",\"url\":\"https:\/\/redfoxlotto.com\/wp-content\/uploads\/2023\/04\/logo.png\",\"contentUrl\":\"https:\/\/redfoxlotto.com\/wp-content\/uploads\/2023\/04\/logo.png\",\"width\":269,\"height\":53,\"caption\":\"Get Tickets for the World\u2019s largest jackpots\"},\"image\":{\"@id\":\"https:\/\/redfoxlotto.com\/lt\/#\/schema\/logo\/image\/\"}}]}<\/script>\n<!-- \/ Yoast SEO plugin. -->","yoast_head_json":{"title":"Saturday Lotto laimingi skai\u010diai ir kiti rezultatai","description":"\u010cia rasite Saturday Lotto laimingus skai\u010dius","robots":{"index":"index","follow":"follow","max-snippet":"max-snippet:-1","max-image-preview":"max-image-preview:large","max-video-preview":"max-video-preview:-1"},"canonical":"https:\/\/redfoxlotto.com\/lt\/rezultatai\/saturday-lotto-au\/","og_locale":"lt_LT","og_type":"article","og_title":"Saturday Lotto laimingi skai\u010diai ir kiti rezultatai","og_description":"\u010cia rasite Saturday Lotto laimingus skai\u010dius","og_url":"https:\/\/redfoxlotto.com\/lt\/rezultatai\/saturday-lotto-au\/","og_site_name":"Get Tickets for the World\u2019s largest jackpots","article_modified_time":"2021-01-07T10:40:18+00:00","og_image":[{"url":"https:\/\/content.redfoxlotto.com\/uploads\/sites\/9\/1_draw_lottery_results.jpg"}],"twitter_card":"summary_large_image","twitter_misc":{"Est. reading time":"1 minut\u0117"},"schema":{"@context":"https:\/\/schema.org","@graph":[{"@type":"WebPage","@id":"https:\/\/redfoxlotto.com\/lt\/rezultatai\/saturday-lotto-au\/","url":"https:\/\/redfoxlotto.com\/lt\/rezultatai\/saturday-lotto-au\/","name":"Saturday Lotto laimingi skai\u010diai ir kiti rezultatai","isPartOf":{"@id":"https:\/\/redfoxlotto.com\/lt\/#website"},"primaryImageOfPage":{"@id":"https:\/\/redfoxlotto.com\/lt\/rezultatai\/saturday-lotto-au\/#primaryimage"},"image":{"@id":"https:\/\/redfoxlotto.com\/lt\/rezultatai\/saturday-lotto-au\/#primaryimage"},"thumbnailUrl":"https:\/\/content.redfoxlotto.com\/uploads\/sites\/9\/1_draw_lottery_results.jpg","datePublished":"2018-11-18T08:54:25+00:00","dateModified":"2021-01-07T10:40:18+00:00","description":"\u010cia rasite Saturday Lotto laimingus skai\u010dius","breadcrumb":{"@id":"https:\/\/redfoxlotto.com\/lt\/rezultatai\/saturday-lotto-au\/#breadcrumb"},"inLanguage":"lt-LT","potentialAction":[{"@type":"ReadAction","target":["https:\/\/redfoxlotto.com\/lt\/rezultatai\/saturday-lotto-au\/"]}]},{"@type":"ImageObject","inLanguage":"lt-LT","@id":"https:\/\/redfoxlotto.com\/lt\/rezultatai\/saturday-lotto-au\/#primaryimage","url":"https:\/\/content.redfoxlotto.com\/uploads\/sites\/9\/1_draw_lottery_results.jpg","contentUrl":"https:\/\/content.redfoxlotto.com\/uploads\/sites\/9\/1_draw_lottery_results.jpg"},{"@type":"BreadcrumbList","@id":"https:\/\/redfoxlotto.com\/lt\/rezultatai\/saturday-lotto-au\/#breadcrumb","itemListElement":[{"@type":"ListItem","position":1,"name":"Home","item":"https:\/\/redfoxlotto.com\/lt\/"},{"@type":"ListItem","position":2,"name":"Tarptautini\u0173 loterij\u0173 rezultatai","item":"https:\/\/redfoxlotto.com\/lt\/rezultatai\/"},{"@type":"ListItem","position":3,"name":"Saturday Lotto rezultatai"}]},{"@type":"WebSite","@id":"https:\/\/redfoxlotto.com\/lt\/#website","url":"https:\/\/redfoxlotto.com\/lt\/","name":"Get Tickets for the World\u2019s largest jackpots","description":"Participate in worldwide lottery jackpots from any country","publisher":{"@id":"https:\/\/redfoxlotto.com\/lt\/#organization"},"potentialAction":[{"@type":"SearchAction","target":{"@type":"EntryPoint","urlTemplate":"https:\/\/redfoxlotto.com\/lt\/?s={search_term_string}"},"query-input":{"@type":"PropertyValueSpecification","valueRequired":true,"valueName":"search_term_string"}}],"inLanguage":"lt-LT"},{"@type":"Organization","@id":"https:\/\/redfoxlotto.com\/lt\/#organization","name":"Get Tickets for the World\u2019s largest jackpots","url":"https:\/\/redfoxlotto.com\/lt\/","logo":{"@type":"ImageObject","inLanguage":"lt-LT","@id":"https:\/\/redfoxlotto.com\/lt\/#\/schema\/logo\/image\/","url":"https:\/\/redfoxlotto.com\/wp-content\/uploads\/2023\/04\/logo.png","contentUrl":"https:\/\/redfoxlotto.com\/wp-content\/uploads\/2023\/04\/logo.png","width":269,"height":53,"caption":"Get Tickets for the World\u2019s largest jackpots"},"image":{"@id":"https:\/\/redfoxlotto.com\/lt\/#\/schema\/logo\/image\/"}}]}},"_links":{"self":[{"href":"https:\/\/redfoxlotto.com\/lt\/wp-json\/wp\/v2\/pages\/18174","targetHints":{"allow":["GET"]}}],"collection":[{"href":"https:\/\/redfoxlotto.com\/lt\/wp-json\/wp\/v2\/pages"}],"about":[{"href":"https:\/\/redfoxlotto.com\/lt\/wp-json\/wp\/v2\/types\/page"}],"author":[{"embeddable":true,"href":"https:\/\/redfoxlotto.com\/lt\/wp-json\/wp\/v2\/users\/1"}],"replies":[{"embeddable":true,"href":"https:\/\/redfoxlotto.com\/lt\/wp-json\/wp\/v2\/comments?post=18174"}],"version-history":[{"count":0,"href":"https:\/\/redfoxlotto.com\/lt\/wp-json\/wp\/v2\/pages\/18174\/revisions"}],"up":[{"embeddable":true,"href":"https:\/\/redfoxlotto.com\/lt\/wp-json\/wp\/v2\/pages\/17105"}],"wp:attachment":[{"href":"https:\/\/redfoxlotto.com\/lt\/wp-json\/wp\/v2\/media?parent=18174"}],"curies":[{"name":"wp","href":"https:\/\/api.w.org\/{rel}","templated":true}]}}