{"id":18118,"date":"2018-11-18T08:54:25","date_gmt":"2018-11-18T08:54:25","guid":{"rendered":"https:\/\/redfoxlotto.com\/?page_id=18118"},"modified":"2023-04-29T07:43:29","modified_gmt":"2023-04-29T07:43:29","slug":"powerball-au","status":"publish","type":"page","link":"https:\/\/redfoxlotto.com\/lt\/loterija\/powerball-au\/","title":{"rendered":"Apie Australijos Powerball loterij\u0105"},"content":{"rendered":"<p>Australijos Powerball loterijos laiming\u0173 skai\u010di\u0173 traukimas atliekamas kiekvien\u0105 ketvirtadien\u012f 21:00 AEST. Paimami 7 skai\u010diai nuo 1-35, ir vienas Powerball skai\u010dius &#8211; nuo 1 iki 20.<\/p><p><img loading=\"lazy\" decoding=\"async\" class=\" wp-image alignright\" src=\"https:\/\/content.redfoxlotto.com\/uploads\/sites\/9\/2_ticket_powerball_au2.jpg\" alt=\"Powerball Australia\" width=\"130\" height=\"239\" \/><\/p><p>Australijos Powerball loterijai bilietus galima \u012fsigyti internetu, tod\u0117l dalyvauti loterijoje n\u0117ra joki\u0173 apribojim\u0173, bilietus galite gauti bet kurioje pasaulio vietoje.<\/p><p>Visai neseniai Australijos Powerball loterijoje buvo u\u017efiksuota istorija, kai mama i\u0161 Sidn\u0117jaus laim\u0117jo did\u017eiausi\u0105 individual\u0173 107 mln. USD laim\u0117jim\u0105, tai did\u017eiausias laim\u0117jimas Powerball istorijoje.<\/p>","protected":false},"excerpt":{"rendered":"<p>Australijos Powerball loterijos laiming\u0173 skai\u010di\u0173 traukimas atliekamas kiekvien\u0105 ketvirtadien\u012f 21:00 AEST. Paimami 7 skai\u010diai nuo 1-35, ir vienas Powerball skai\u010dius &#8211; nuo 1 iki 20. Australijos Powerball loterijai bilietus galima \u012fsigyti internetu, tod\u0117l dalyvauti loterijoje n\u0117ra joki\u0173 apribojim\u0173, bilietus galite gauti bet kurioje pasaulio vietoje. Visai neseniai Australijos Powerball loterijoje buvo u\u017efiksuota istorija, kai mama [&hellip;]<\/p>\n","protected":false},"author":1,"featured_media":0,"parent":17097,"menu_order":20,"comment_status":"closed","ping_status":"closed","template":"powerball-au-info.php","meta":{"_et_pb_use_builder":"","_et_pb_old_content":"","_et_gb_content_width":"","exclude_from_search":false,"footnotes":""},"class_list":["post-18118","page","type-page","status-publish","hentry"],"yoast_head":"<!-- This site is optimized with the Yoast SEO plugin v23.8 - https:\/\/yoast.com\/wordpress\/plugins\/seo\/ -->\n<title>K\u0105 jums reikia \u017einoti, kad gautum\u0117te bilietus \u012f Australijos Powerball loterij\u0105 |<\/title>\n<meta name=\"description\" content=\"Australijos Powerball loterija pasi\u017eymi vienais i\u0161 did\u017eiausi\u0173 pagrindini\u0173 priz\u0173 \u2013 daugiau informacijos \u010dia\" \/>\n<meta name=\"robots\" content=\"index, follow, max-snippet:-1, max-image-preview:large, max-video-preview:-1\" \/>\n<link rel=\"canonical\" href=\"https:\/\/redfoxlotto.com\/lt\/loterija\/powerball-au\/\" \/>\n<meta property=\"og:locale\" content=\"lt_LT\" \/>\n<meta property=\"og:type\" content=\"article\" \/>\n<meta property=\"og:title\" content=\"K\u0105 jums reikia \u017einoti, kad gautum\u0117te bilietus \u012f Australijos Powerball loterij\u0105 |\" \/>\n<meta property=\"og:description\" content=\"Australijos Powerball loterija pasi\u017eymi vienais i\u0161 did\u017eiausi\u0173 pagrindini\u0173 priz\u0173 \u2013 daugiau informacijos \u010dia\" \/>\n<meta property=\"og:url\" content=\"https:\/\/redfoxlotto.com\/lt\/loterija\/powerball-au\/\" \/>\n<meta property=\"og:site_name\" content=\"Get Tickets for the World\u2019s largest jackpots\" \/>\n<meta property=\"article:modified_time\" content=\"2023-04-29T07:43:29+00:00\" \/>\n<meta property=\"og:image\" content=\"https:\/\/content.redfoxlotto.com\/uploads\/sites\/9\/2_ticket_powerball_au2.jpg\" \/>\n<meta name=\"twitter:card\" content=\"summary_large_image\" \/>\n<meta name=\"twitter:label1\" content=\"Est. reading time\" \/>\n\t<meta name=\"twitter:data1\" content=\"1 minut\u0117\" \/>\n<script type=\"application\/ld+json\" class=\"yoast-schema-graph\">{\"@context\":\"https:\/\/schema.org\",\"@graph\":[{\"@type\":\"WebPage\",\"@id\":\"https:\/\/redfoxlotto.com\/lt\/loterija\/powerball-au\/\",\"url\":\"https:\/\/redfoxlotto.com\/lt\/loterija\/powerball-au\/\",\"name\":\"K\u0105 jums reikia \u017einoti, kad gautum\u0117te bilietus \u012f Australijos Powerball loterij\u0105 |\",\"isPartOf\":{\"@id\":\"https:\/\/redfoxlotto.com\/lt\/#website\"},\"primaryImageOfPage\":{\"@id\":\"https:\/\/redfoxlotto.com\/lt\/loterija\/powerball-au\/#primaryimage\"},\"image\":{\"@id\":\"https:\/\/redfoxlotto.com\/lt\/loterija\/powerball-au\/#primaryimage\"},\"thumbnailUrl\":\"https:\/\/content.redfoxlotto.com\/uploads\/sites\/9\/2_ticket_powerball_au2.jpg\",\"datePublished\":\"2018-11-18T08:54:25+00:00\",\"dateModified\":\"2023-04-29T07:43:29+00:00\",\"description\":\"Australijos Powerball loterija pasi\u017eymi vienais i\u0161 did\u017eiausi\u0173 pagrindini\u0173 priz\u0173 \u2013 daugiau informacijos \u010dia\",\"breadcrumb\":{\"@id\":\"https:\/\/redfoxlotto.com\/lt\/loterija\/powerball-au\/#breadcrumb\"},\"inLanguage\":\"lt-LT\",\"potentialAction\":[{\"@type\":\"ReadAction\",\"target\":[\"https:\/\/redfoxlotto.com\/lt\/loterija\/powerball-au\/\"]}]},{\"@type\":\"ImageObject\",\"inLanguage\":\"lt-LT\",\"@id\":\"https:\/\/redfoxlotto.com\/lt\/loterija\/powerball-au\/#primaryimage\",\"url\":\"https:\/\/content.redfoxlotto.com\/uploads\/sites\/9\/2_ticket_powerball_au2.jpg\",\"contentUrl\":\"https:\/\/content.redfoxlotto.com\/uploads\/sites\/9\/2_ticket_powerball_au2.jpg\"},{\"@type\":\"BreadcrumbList\",\"@id\":\"https:\/\/redfoxlotto.com\/lt\/loterija\/powerball-au\/#breadcrumb\",\"itemListElement\":[{\"@type\":\"ListItem\",\"position\":1,\"name\":\"Home\",\"item\":\"https:\/\/redfoxlotto.com\/lt\/\"},{\"@type\":\"ListItem\",\"position\":2,\"name\":\"Kaip internetu nusipirkti loterijos biliet\u0105 \u2013 \u012fsigyjimo proced\u016bra\",\"item\":\"https:\/\/redfoxlotto.com\/lt\/loterija\/\"},{\"@type\":\"ListItem\",\"position\":3,\"name\":\"Apie Australijos Powerball loterij\u0105\"}]},{\"@type\":\"WebSite\",\"@id\":\"https:\/\/redfoxlotto.com\/lt\/#website\",\"url\":\"https:\/\/redfoxlotto.com\/lt\/\",\"name\":\"Get Tickets for the World\u2019s largest jackpots\",\"description\":\"Participate in worldwide lottery jackpots from any country\",\"publisher\":{\"@id\":\"https:\/\/redfoxlotto.com\/lt\/#organization\"},\"potentialAction\":[{\"@type\":\"SearchAction\",\"target\":{\"@type\":\"EntryPoint\",\"urlTemplate\":\"https:\/\/redfoxlotto.com\/lt\/?s={search_term_string}\"},\"query-input\":{\"@type\":\"PropertyValueSpecification\",\"valueRequired\":true,\"valueName\":\"search_term_string\"}}],\"inLanguage\":\"lt-LT\"},{\"@type\":\"Organization\",\"@id\":\"https:\/\/redfoxlotto.com\/lt\/#organization\",\"name\":\"Get Tickets for the World\u2019s largest jackpots\",\"url\":\"https:\/\/redfoxlotto.com\/lt\/\",\"logo\":{\"@type\":\"ImageObject\",\"inLanguage\":\"lt-LT\",\"@id\":\"https:\/\/redfoxlotto.com\/lt\/#\/schema\/logo\/image\/\",\"url\":\"https:\/\/redfoxlotto.com\/wp-content\/uploads\/2023\/04\/logo.png\",\"contentUrl\":\"https:\/\/redfoxlotto.com\/wp-content\/uploads\/2023\/04\/logo.png\",\"width\":269,\"height\":53,\"caption\":\"Get Tickets for the World\u2019s largest jackpots\"},\"image\":{\"@id\":\"https:\/\/redfoxlotto.com\/lt\/#\/schema\/logo\/image\/\"}}]}<\/script>\n<!-- \/ Yoast SEO plugin. -->","yoast_head_json":{"title":"K\u0105 jums reikia \u017einoti, kad gautum\u0117te bilietus \u012f Australijos Powerball loterij\u0105 |","description":"Australijos Powerball loterija pasi\u017eymi vienais i\u0161 did\u017eiausi\u0173 pagrindini\u0173 priz\u0173 \u2013 daugiau informacijos \u010dia","robots":{"index":"index","follow":"follow","max-snippet":"max-snippet:-1","max-image-preview":"max-image-preview:large","max-video-preview":"max-video-preview:-1"},"canonical":"https:\/\/redfoxlotto.com\/lt\/loterija\/powerball-au\/","og_locale":"lt_LT","og_type":"article","og_title":"K\u0105 jums reikia \u017einoti, kad gautum\u0117te bilietus \u012f Australijos Powerball loterij\u0105 |","og_description":"Australijos Powerball loterija pasi\u017eymi vienais i\u0161 did\u017eiausi\u0173 pagrindini\u0173 priz\u0173 \u2013 daugiau informacijos \u010dia","og_url":"https:\/\/redfoxlotto.com\/lt\/loterija\/powerball-au\/","og_site_name":"Get Tickets for the World\u2019s largest jackpots","article_modified_time":"2023-04-29T07:43:29+00:00","og_image":[{"url":"https:\/\/content.redfoxlotto.com\/uploads\/sites\/9\/2_ticket_powerball_au2.jpg"}],"twitter_card":"summary_large_image","twitter_misc":{"Est. reading time":"1 minut\u0117"},"schema":{"@context":"https:\/\/schema.org","@graph":[{"@type":"WebPage","@id":"https:\/\/redfoxlotto.com\/lt\/loterija\/powerball-au\/","url":"https:\/\/redfoxlotto.com\/lt\/loterija\/powerball-au\/","name":"K\u0105 jums reikia \u017einoti, kad gautum\u0117te bilietus \u012f Australijos Powerball loterij\u0105 |","isPartOf":{"@id":"https:\/\/redfoxlotto.com\/lt\/#website"},"primaryImageOfPage":{"@id":"https:\/\/redfoxlotto.com\/lt\/loterija\/powerball-au\/#primaryimage"},"image":{"@id":"https:\/\/redfoxlotto.com\/lt\/loterija\/powerball-au\/#primaryimage"},"thumbnailUrl":"https:\/\/content.redfoxlotto.com\/uploads\/sites\/9\/2_ticket_powerball_au2.jpg","datePublished":"2018-11-18T08:54:25+00:00","dateModified":"2023-04-29T07:43:29+00:00","description":"Australijos Powerball loterija pasi\u017eymi vienais i\u0161 did\u017eiausi\u0173 pagrindini\u0173 priz\u0173 \u2013 daugiau informacijos \u010dia","breadcrumb":{"@id":"https:\/\/redfoxlotto.com\/lt\/loterija\/powerball-au\/#breadcrumb"},"inLanguage":"lt-LT","potentialAction":[{"@type":"ReadAction","target":["https:\/\/redfoxlotto.com\/lt\/loterija\/powerball-au\/"]}]},{"@type":"ImageObject","inLanguage":"lt-LT","@id":"https:\/\/redfoxlotto.com\/lt\/loterija\/powerball-au\/#primaryimage","url":"https:\/\/content.redfoxlotto.com\/uploads\/sites\/9\/2_ticket_powerball_au2.jpg","contentUrl":"https:\/\/content.redfoxlotto.com\/uploads\/sites\/9\/2_ticket_powerball_au2.jpg"},{"@type":"BreadcrumbList","@id":"https:\/\/redfoxlotto.com\/lt\/loterija\/powerball-au\/#breadcrumb","itemListElement":[{"@type":"ListItem","position":1,"name":"Home","item":"https:\/\/redfoxlotto.com\/lt\/"},{"@type":"ListItem","position":2,"name":"Kaip internetu nusipirkti loterijos biliet\u0105 \u2013 \u012fsigyjimo proced\u016bra","item":"https:\/\/redfoxlotto.com\/lt\/loterija\/"},{"@type":"ListItem","position":3,"name":"Apie Australijos Powerball loterij\u0105"}]},{"@type":"WebSite","@id":"https:\/\/redfoxlotto.com\/lt\/#website","url":"https:\/\/redfoxlotto.com\/lt\/","name":"Get Tickets for the World\u2019s largest jackpots","description":"Participate in worldwide lottery jackpots from any country","publisher":{"@id":"https:\/\/redfoxlotto.com\/lt\/#organization"},"potentialAction":[{"@type":"SearchAction","target":{"@type":"EntryPoint","urlTemplate":"https:\/\/redfoxlotto.com\/lt\/?s={search_term_string}"},"query-input":{"@type":"PropertyValueSpecification","valueRequired":true,"valueName":"search_term_string"}}],"inLanguage":"lt-LT"},{"@type":"Organization","@id":"https:\/\/redfoxlotto.com\/lt\/#organization","name":"Get Tickets for the World\u2019s largest jackpots","url":"https:\/\/redfoxlotto.com\/lt\/","logo":{"@type":"ImageObject","inLanguage":"lt-LT","@id":"https:\/\/redfoxlotto.com\/lt\/#\/schema\/logo\/image\/","url":"https:\/\/redfoxlotto.com\/wp-content\/uploads\/2023\/04\/logo.png","contentUrl":"https:\/\/redfoxlotto.com\/wp-content\/uploads\/2023\/04\/logo.png","width":269,"height":53,"caption":"Get Tickets for the World\u2019s largest jackpots"},"image":{"@id":"https:\/\/redfoxlotto.com\/lt\/#\/schema\/logo\/image\/"}}]}},"_links":{"self":[{"href":"https:\/\/redfoxlotto.com\/lt\/wp-json\/wp\/v2\/pages\/18118","targetHints":{"allow":["GET"]}}],"collection":[{"href":"https:\/\/redfoxlotto.com\/lt\/wp-json\/wp\/v2\/pages"}],"about":[{"href":"https:\/\/redfoxlotto.com\/lt\/wp-json\/wp\/v2\/types\/page"}],"author":[{"embeddable":true,"href":"https:\/\/redfoxlotto.com\/lt\/wp-json\/wp\/v2\/users\/1"}],"replies":[{"embeddable":true,"href":"https:\/\/redfoxlotto.com\/lt\/wp-json\/wp\/v2\/comments?post=18118"}],"version-history":[{"count":0,"href":"https:\/\/redfoxlotto.com\/lt\/wp-json\/wp\/v2\/pages\/18118\/revisions"}],"up":[{"embeddable":true,"href":"https:\/\/redfoxlotto.com\/lt\/wp-json\/wp\/v2\/pages\/17097"}],"wp:attachment":[{"href":"https:\/\/redfoxlotto.com\/lt\/wp-json\/wp\/v2\/media?parent=18118"}],"curies":[{"name":"wp","href":"https:\/\/api.w.org\/{rel}","templated":true}]}}