{"id":18014,"date":"2020-08-18T09:14:14","date_gmt":"2020-08-18T09:14:14","guid":{"rendered":"https:\/\/redfoxlotto.com\/?page_id=18014"},"modified":"2021-01-07T10:22:45","modified_gmt":"2021-01-07T10:22:45","slug":"lotto-at","status":"publish","type":"page","link":"https:\/\/redfoxlotto.com\/lt\/rezultatai\/lotto-at\/","title":{"rendered":"Lotto Austria rezultatai"},"content":{"rendered":"<h2 class=\"wp-block-heading\">Austrian Lotto laimingieji skai\u010diai<\/h2><p>Kur rasti Austrian Lotto laiminguosius skai\u010dius pasibaigus j\u0173 traukimui? Viskas, k\u0105 jums reikia padaryti, tai prisijungti prie m\u016bs\u0173 internetin\u0117s svetain\u0117s, kurioje \u012fsigijote bilietus, ir numeriai bus jums pateikti prie\u0161 akis.<\/p><p>Su RedFoxLotto.com galite rasti naujausius vis\u0173 m\u0117gstamiausi\u0173 \u017eaidim\u0173 rezultatus tiesiogiai m\u016bs\u0173 internetin\u0117je svetain\u0117je. Jums nereikia jaudintis d\u0117l nieko, nes viskas bus \u010dia pat, vienoje vietoje.<\/p><h2 class=\"wp-block-heading\">Austrian Lotto rezultat\u0173 archyvas<\/h2><p>Once you know the current Austrian Lotto winning numbers you may want to know some of the old ones. All you have to do is check out the results archive and you can see which numbers have won in the past and which ones tend to win most often.<br>Kai \u017einosite dabartinius Austrian Lotto laiminguosius skai\u010dius, galb\u016bt nor\u0117site su\u017einoti ir kelet\u0105 sen\u0173j\u0173. Viskas, k\u0105 jums reikia padaryti, tai patikrinti rezultat\u0173 archyv\u0105 ir pamatysite, kurie skai\u010diai laim\u0117jo praeityje, o kurie yra laimingi da\u017eniausiai.<\/p>","protected":false},"excerpt":{"rendered":"<p>Austrian Lotto laimingieji skai\u010diai Kur rasti Austrian Lotto laiminguosius skai\u010dius pasibaigus j\u0173 traukimui? Viskas, k\u0105 jums reikia padaryti, tai prisijungti prie m\u016bs\u0173 internetin\u0117s svetain\u0117s, kurioje \u012fsigijote bilietus, ir numeriai bus jums pateikti prie\u0161 akis. Su RedFoxLotto.com galite rasti naujausius vis\u0173 m\u0117gstamiausi\u0173 \u017eaidim\u0173 rezultatus tiesiogiai m\u016bs\u0173 internetin\u0117je svetain\u0117je. Jums nereikia jaudintis d\u0117l nieko, nes viskas bus [&hellip;]<\/p>\n","protected":false},"author":1,"featured_media":0,"parent":17105,"menu_order":16,"comment_status":"closed","ping_status":"closed","template":"","meta":{"_et_pb_use_builder":"","_et_pb_old_content":"","_et_gb_content_width":"","exclude_from_search":false,"footnotes":""},"class_list":["post-18014","page","type-page","status-publish","hentry"],"yoast_head":"<!-- This site is optimized with the Yoast SEO plugin v23.8 - https:\/\/yoast.com\/wordpress\/plugins\/seo\/ -->\n<title>Austrijos loterijos laimingieji skai\u010diai ir kiti rezultatai<\/title>\n<meta name=\"description\" content=\"Savaitiniai nauji ir ankstesni Austrijos loterijos laiming\u0173 skai\u010di\u0173 traukimo rezultatai\" \/>\n<meta name=\"robots\" content=\"index, follow, max-snippet:-1, max-image-preview:large, max-video-preview:-1\" \/>\n<link rel=\"canonical\" href=\"https:\/\/redfoxlotto.com\/lt\/rezultatai\/lotto-at\/\" \/>\n<meta property=\"og:locale\" content=\"lt_LT\" \/>\n<meta property=\"og:type\" content=\"article\" \/>\n<meta property=\"og:title\" content=\"Austrijos loterijos laimingieji skai\u010diai ir kiti rezultatai\" \/>\n<meta property=\"og:description\" content=\"Savaitiniai nauji ir ankstesni Austrijos loterijos laiming\u0173 skai\u010di\u0173 traukimo rezultatai\" \/>\n<meta property=\"og:url\" content=\"https:\/\/redfoxlotto.com\/lt\/rezultatai\/lotto-at\/\" \/>\n<meta property=\"og:site_name\" content=\"Get Tickets for the World\u2019s largest jackpots\" \/>\n<meta property=\"article:modified_time\" content=\"2021-01-07T10:22:45+00:00\" \/>\n<meta name=\"twitter:card\" content=\"summary_large_image\" \/>\n<meta name=\"twitter:label1\" content=\"Est. reading time\" \/>\n\t<meta name=\"twitter:data1\" content=\"1 minut\u0117\" \/>\n<script type=\"application\/ld+json\" class=\"yoast-schema-graph\">{\"@context\":\"https:\/\/schema.org\",\"@graph\":[{\"@type\":\"WebPage\",\"@id\":\"https:\/\/redfoxlotto.com\/lt\/rezultatai\/lotto-at\/\",\"url\":\"https:\/\/redfoxlotto.com\/lt\/rezultatai\/lotto-at\/\",\"name\":\"Austrijos loterijos laimingieji skai\u010diai ir kiti rezultatai\",\"isPartOf\":{\"@id\":\"https:\/\/redfoxlotto.com\/lt\/#website\"},\"datePublished\":\"2020-08-18T09:14:14+00:00\",\"dateModified\":\"2021-01-07T10:22:45+00:00\",\"description\":\"Savaitiniai nauji ir ankstesni Austrijos loterijos laiming\u0173 skai\u010di\u0173 traukimo rezultatai\",\"breadcrumb\":{\"@id\":\"https:\/\/redfoxlotto.com\/lt\/rezultatai\/lotto-at\/#breadcrumb\"},\"inLanguage\":\"lt-LT\",\"potentialAction\":[{\"@type\":\"ReadAction\",\"target\":[\"https:\/\/redfoxlotto.com\/lt\/rezultatai\/lotto-at\/\"]}]},{\"@type\":\"BreadcrumbList\",\"@id\":\"https:\/\/redfoxlotto.com\/lt\/rezultatai\/lotto-at\/#breadcrumb\",\"itemListElement\":[{\"@type\":\"ListItem\",\"position\":1,\"name\":\"Home\",\"item\":\"https:\/\/redfoxlotto.com\/lt\/\"},{\"@type\":\"ListItem\",\"position\":2,\"name\":\"Tarptautini\u0173 loterij\u0173 rezultatai\",\"item\":\"https:\/\/redfoxlotto.com\/lt\/rezultatai\/\"},{\"@type\":\"ListItem\",\"position\":3,\"name\":\"Lotto Austria rezultatai\"}]},{\"@type\":\"WebSite\",\"@id\":\"https:\/\/redfoxlotto.com\/lt\/#website\",\"url\":\"https:\/\/redfoxlotto.com\/lt\/\",\"name\":\"Get Tickets for the World\u2019s largest jackpots\",\"description\":\"Participate in worldwide lottery jackpots from any country\",\"publisher\":{\"@id\":\"https:\/\/redfoxlotto.com\/lt\/#organization\"},\"potentialAction\":[{\"@type\":\"SearchAction\",\"target\":{\"@type\":\"EntryPoint\",\"urlTemplate\":\"https:\/\/redfoxlotto.com\/lt\/?s={search_term_string}\"},\"query-input\":{\"@type\":\"PropertyValueSpecification\",\"valueRequired\":true,\"valueName\":\"search_term_string\"}}],\"inLanguage\":\"lt-LT\"},{\"@type\":\"Organization\",\"@id\":\"https:\/\/redfoxlotto.com\/lt\/#organization\",\"name\":\"Get Tickets for the World\u2019s largest jackpots\",\"url\":\"https:\/\/redfoxlotto.com\/lt\/\",\"logo\":{\"@type\":\"ImageObject\",\"inLanguage\":\"lt-LT\",\"@id\":\"https:\/\/redfoxlotto.com\/lt\/#\/schema\/logo\/image\/\",\"url\":\"https:\/\/redfoxlotto.com\/wp-content\/uploads\/2023\/04\/logo.png\",\"contentUrl\":\"https:\/\/redfoxlotto.com\/wp-content\/uploads\/2023\/04\/logo.png\",\"width\":269,\"height\":53,\"caption\":\"Get Tickets for the World\u2019s largest jackpots\"},\"image\":{\"@id\":\"https:\/\/redfoxlotto.com\/lt\/#\/schema\/logo\/image\/\"}}]}<\/script>\n<!-- \/ Yoast SEO plugin. -->","yoast_head_json":{"title":"Austrijos loterijos laimingieji skai\u010diai ir kiti rezultatai","description":"Savaitiniai nauji ir ankstesni Austrijos loterijos laiming\u0173 skai\u010di\u0173 traukimo rezultatai","robots":{"index":"index","follow":"follow","max-snippet":"max-snippet:-1","max-image-preview":"max-image-preview:large","max-video-preview":"max-video-preview:-1"},"canonical":"https:\/\/redfoxlotto.com\/lt\/rezultatai\/lotto-at\/","og_locale":"lt_LT","og_type":"article","og_title":"Austrijos loterijos laimingieji skai\u010diai ir kiti rezultatai","og_description":"Savaitiniai nauji ir ankstesni Austrijos loterijos laiming\u0173 skai\u010di\u0173 traukimo rezultatai","og_url":"https:\/\/redfoxlotto.com\/lt\/rezultatai\/lotto-at\/","og_site_name":"Get Tickets for the World\u2019s largest jackpots","article_modified_time":"2021-01-07T10:22:45+00:00","twitter_card":"summary_large_image","twitter_misc":{"Est. reading time":"1 minut\u0117"},"schema":{"@context":"https:\/\/schema.org","@graph":[{"@type":"WebPage","@id":"https:\/\/redfoxlotto.com\/lt\/rezultatai\/lotto-at\/","url":"https:\/\/redfoxlotto.com\/lt\/rezultatai\/lotto-at\/","name":"Austrijos loterijos laimingieji skai\u010diai ir kiti rezultatai","isPartOf":{"@id":"https:\/\/redfoxlotto.com\/lt\/#website"},"datePublished":"2020-08-18T09:14:14+00:00","dateModified":"2021-01-07T10:22:45+00:00","description":"Savaitiniai nauji ir ankstesni Austrijos loterijos laiming\u0173 skai\u010di\u0173 traukimo rezultatai","breadcrumb":{"@id":"https:\/\/redfoxlotto.com\/lt\/rezultatai\/lotto-at\/#breadcrumb"},"inLanguage":"lt-LT","potentialAction":[{"@type":"ReadAction","target":["https:\/\/redfoxlotto.com\/lt\/rezultatai\/lotto-at\/"]}]},{"@type":"BreadcrumbList","@id":"https:\/\/redfoxlotto.com\/lt\/rezultatai\/lotto-at\/#breadcrumb","itemListElement":[{"@type":"ListItem","position":1,"name":"Home","item":"https:\/\/redfoxlotto.com\/lt\/"},{"@type":"ListItem","position":2,"name":"Tarptautini\u0173 loterij\u0173 rezultatai","item":"https:\/\/redfoxlotto.com\/lt\/rezultatai\/"},{"@type":"ListItem","position":3,"name":"Lotto Austria rezultatai"}]},{"@type":"WebSite","@id":"https:\/\/redfoxlotto.com\/lt\/#website","url":"https:\/\/redfoxlotto.com\/lt\/","name":"Get Tickets for the World\u2019s largest jackpots","description":"Participate in worldwide lottery jackpots from any country","publisher":{"@id":"https:\/\/redfoxlotto.com\/lt\/#organization"},"potentialAction":[{"@type":"SearchAction","target":{"@type":"EntryPoint","urlTemplate":"https:\/\/redfoxlotto.com\/lt\/?s={search_term_string}"},"query-input":{"@type":"PropertyValueSpecification","valueRequired":true,"valueName":"search_term_string"}}],"inLanguage":"lt-LT"},{"@type":"Organization","@id":"https:\/\/redfoxlotto.com\/lt\/#organization","name":"Get Tickets for the World\u2019s largest jackpots","url":"https:\/\/redfoxlotto.com\/lt\/","logo":{"@type":"ImageObject","inLanguage":"lt-LT","@id":"https:\/\/redfoxlotto.com\/lt\/#\/schema\/logo\/image\/","url":"https:\/\/redfoxlotto.com\/wp-content\/uploads\/2023\/04\/logo.png","contentUrl":"https:\/\/redfoxlotto.com\/wp-content\/uploads\/2023\/04\/logo.png","width":269,"height":53,"caption":"Get Tickets for the World\u2019s largest jackpots"},"image":{"@id":"https:\/\/redfoxlotto.com\/lt\/#\/schema\/logo\/image\/"}}]}},"_links":{"self":[{"href":"https:\/\/redfoxlotto.com\/lt\/wp-json\/wp\/v2\/pages\/18014","targetHints":{"allow":["GET"]}}],"collection":[{"href":"https:\/\/redfoxlotto.com\/lt\/wp-json\/wp\/v2\/pages"}],"about":[{"href":"https:\/\/redfoxlotto.com\/lt\/wp-json\/wp\/v2\/types\/page"}],"author":[{"embeddable":true,"href":"https:\/\/redfoxlotto.com\/lt\/wp-json\/wp\/v2\/users\/1"}],"replies":[{"embeddable":true,"href":"https:\/\/redfoxlotto.com\/lt\/wp-json\/wp\/v2\/comments?post=18014"}],"version-history":[{"count":0,"href":"https:\/\/redfoxlotto.com\/lt\/wp-json\/wp\/v2\/pages\/18014\/revisions"}],"up":[{"embeddable":true,"href":"https:\/\/redfoxlotto.com\/lt\/wp-json\/wp\/v2\/pages\/17105"}],"wp:attachment":[{"href":"https:\/\/redfoxlotto.com\/lt\/wp-json\/wp\/v2\/media?parent=18014"}],"curies":[{"name":"wp","href":"https:\/\/api.w.org\/{rel}","templated":true}]}}