{"id":17986,"date":"2020-08-18T09:23:56","date_gmt":"2020-08-18T09:23:56","guid":{"rendered":"https:\/\/redfoxlotto.com\/?page_id=17986"},"modified":"2021-01-07T10:19:22","modified_gmt":"2021-01-07T10:19:22","slug":"lotto-6aus49","status":"publish","type":"page","link":"https:\/\/redfoxlotto.com\/lt\/rezultatai\/lotto-6aus49\/","title":{"rendered":"German Lotto rezultatai"},"content":{"rendered":"<h2 class=\"wp-block-heading\">Vokietijos 6aus49 loterijos laimingieji skai\u010diai<\/h2><p><img loading=\"lazy\" decoding=\"async\" class=\" wp-image alignright\" src=\"https:\/\/content.redfoxlotto.com\/uploads\/sites\/9\/1_draw_results_lotto2.jpg\" alt=\"Lotto rezultatai Vokietija\" width=\"267\" height=\"127\" \/><\/p><p>Jei esate \u017eaide German Lotto, norite su\u017einoti, ar k\u0105 nors laim\u0117jote, ir tai rei\u0161kia, kad turite \u017einoti laiminguosius skai\u010dius. Arba, jei norite \u017eaisti neseniai laim\u0117jusiais skai\u010diais, arba tiesiog turite \u017einoti, kokie \u0161ie skai\u010diai yra, bet kaip patikrinti Vokietijos 6aus49 loterijos laiminguosius skai\u010dius?<\/p><h2 class=\"wp-block-heading\">Naujausi\u0173 German Lotto rezultat\u0173 tikrinimas<\/h2><p><img loading=\"lazy\" decoding=\"async\" class=\" wp-image alignright\" src=\"https:\/\/content.redfoxlotto.com\/uploads\/sites\/9\/1_win_lottery_prizes.jpg\" alt=\"laim\u0117kite loterij\u0105\" width=\"258\" height=\"172\" \/><\/p><p>Naujausius \u0161io loto \u017eaidimo rezultatus galite patikrinti tiesiogiai internetu RedFoxLotto.com internetin\u0117je svetain\u0117je. Viskas, k\u0105 jums reikia padaryti, tai apsilankyti svetain\u0117je ir gal\u0117site pamatyti vis\u0173 m\u0117gstamiausi\u0173 \u017eaidim\u0173 laiminguosius skai\u010dius.<\/p><p>Jei j\u016bs i\u0161 tikr\u0173j\u0173 \u017eaid\u0117te \u0161i\u0105 loterij\u0105 per mus, galite prisijungti prie savo paskyros, kad patikrintum\u0117te ten esan\u010dius laiminguosius skai\u010dius ir palygintum\u0117te juos su savaisiais. Visi atsp\u0117ti teisingai skai\u010diai bus pary\u0161kinti, kad gal\u0117tum\u0117te juos lengvai pamatyti.<\/p>","protected":false},"excerpt":{"rendered":"<p>Vokietijos 6aus49 loterijos laimingieji skai\u010diai Jei esate \u017eaide German Lotto, norite su\u017einoti, ar k\u0105 nors laim\u0117jote, ir tai rei\u0161kia, kad turite \u017einoti laiminguosius skai\u010dius. Arba, jei norite \u017eaisti neseniai laim\u0117jusiais skai\u010diais, arba tiesiog turite \u017einoti, kokie \u0161ie skai\u010diai yra, bet kaip patikrinti Vokietijos 6aus49 loterijos laiminguosius skai\u010dius? Naujausi\u0173 German Lotto rezultat\u0173 tikrinimas Naujausius \u0161io loto [&hellip;]<\/p>\n","protected":false},"author":1,"featured_media":0,"parent":17105,"menu_order":15,"comment_status":"closed","ping_status":"closed","template":"lotto-german-results.php","meta":{"_et_pb_use_builder":"","_et_pb_old_content":"","_et_gb_content_width":"","exclude_from_search":false,"footnotes":""},"class_list":["post-17986","page","type-page","status-publish","hentry"],"yoast_head":"<!-- This site is optimized with the Yoast SEO plugin v23.8 - https:\/\/yoast.com\/wordpress\/plugins\/seo\/ -->\n<title>Vokietijos loterijos skai\u010di\u0173 traukimo rezultatai ir laiming\u0173j\u0173 skai\u010di\u0173 deriniai bei archyvas<\/title>\n<meta name=\"description\" content=\"Ar pasirinkote German Lotto laiminguosius skai\u010dius? Pasitikrinkite skai\u010di\u0173 traukimo rezultatus m\u016bs\u0173 svetain\u0117je\" \/>\n<meta name=\"robots\" content=\"index, follow, max-snippet:-1, max-image-preview:large, max-video-preview:-1\" \/>\n<link rel=\"canonical\" href=\"https:\/\/redfoxlotto.com\/lt\/rezultatai\/lotto-6aus49\/\" \/>\n<meta property=\"og:locale\" content=\"lt_LT\" \/>\n<meta property=\"og:type\" content=\"article\" \/>\n<meta property=\"og:title\" content=\"Vokietijos loterijos skai\u010di\u0173 traukimo rezultatai ir laiming\u0173j\u0173 skai\u010di\u0173 deriniai bei archyvas\" \/>\n<meta property=\"og:description\" content=\"Ar pasirinkote German Lotto laiminguosius skai\u010dius? Pasitikrinkite skai\u010di\u0173 traukimo rezultatus m\u016bs\u0173 svetain\u0117je\" \/>\n<meta property=\"og:url\" content=\"https:\/\/redfoxlotto.com\/lt\/rezultatai\/lotto-6aus49\/\" \/>\n<meta property=\"og:site_name\" content=\"Get Tickets for the World\u2019s largest jackpots\" \/>\n<meta property=\"article:modified_time\" content=\"2021-01-07T10:19:22+00:00\" \/>\n<meta property=\"og:image\" content=\"https:\/\/content.redfoxlotto.com\/uploads\/sites\/9\/1_draw_results_lotto2.jpg\" \/>\n<meta name=\"twitter:card\" content=\"summary_large_image\" \/>\n<meta name=\"twitter:label1\" content=\"Est. reading time\" \/>\n\t<meta name=\"twitter:data1\" content=\"1 minut\u0117\" \/>\n<script type=\"application\/ld+json\" class=\"yoast-schema-graph\">{\"@context\":\"https:\/\/schema.org\",\"@graph\":[{\"@type\":\"WebPage\",\"@id\":\"https:\/\/redfoxlotto.com\/lt\/rezultatai\/lotto-6aus49\/\",\"url\":\"https:\/\/redfoxlotto.com\/lt\/rezultatai\/lotto-6aus49\/\",\"name\":\"Vokietijos loterijos skai\u010di\u0173 traukimo rezultatai ir laiming\u0173j\u0173 skai\u010di\u0173 deriniai bei archyvas\",\"isPartOf\":{\"@id\":\"https:\/\/redfoxlotto.com\/lt\/#website\"},\"primaryImageOfPage\":{\"@id\":\"https:\/\/redfoxlotto.com\/lt\/rezultatai\/lotto-6aus49\/#primaryimage\"},\"image\":{\"@id\":\"https:\/\/redfoxlotto.com\/lt\/rezultatai\/lotto-6aus49\/#primaryimage\"},\"thumbnailUrl\":\"https:\/\/content.redfoxlotto.com\/uploads\/sites\/9\/1_draw_results_lotto2.jpg\",\"datePublished\":\"2020-08-18T09:23:56+00:00\",\"dateModified\":\"2021-01-07T10:19:22+00:00\",\"description\":\"Ar pasirinkote German Lotto laiminguosius skai\u010dius? Pasitikrinkite skai\u010di\u0173 traukimo rezultatus m\u016bs\u0173 svetain\u0117je\",\"breadcrumb\":{\"@id\":\"https:\/\/redfoxlotto.com\/lt\/rezultatai\/lotto-6aus49\/#breadcrumb\"},\"inLanguage\":\"lt-LT\",\"potentialAction\":[{\"@type\":\"ReadAction\",\"target\":[\"https:\/\/redfoxlotto.com\/lt\/rezultatai\/lotto-6aus49\/\"]}]},{\"@type\":\"ImageObject\",\"inLanguage\":\"lt-LT\",\"@id\":\"https:\/\/redfoxlotto.com\/lt\/rezultatai\/lotto-6aus49\/#primaryimage\",\"url\":\"https:\/\/content.redfoxlotto.com\/uploads\/sites\/9\/1_draw_results_lotto2.jpg\",\"contentUrl\":\"https:\/\/content.redfoxlotto.com\/uploads\/sites\/9\/1_draw_results_lotto2.jpg\"},{\"@type\":\"BreadcrumbList\",\"@id\":\"https:\/\/redfoxlotto.com\/lt\/rezultatai\/lotto-6aus49\/#breadcrumb\",\"itemListElement\":[{\"@type\":\"ListItem\",\"position\":1,\"name\":\"Home\",\"item\":\"https:\/\/redfoxlotto.com\/lt\/\"},{\"@type\":\"ListItem\",\"position\":2,\"name\":\"Tarptautini\u0173 loterij\u0173 rezultatai\",\"item\":\"https:\/\/redfoxlotto.com\/lt\/rezultatai\/\"},{\"@type\":\"ListItem\",\"position\":3,\"name\":\"German Lotto rezultatai\"}]},{\"@type\":\"WebSite\",\"@id\":\"https:\/\/redfoxlotto.com\/lt\/#website\",\"url\":\"https:\/\/redfoxlotto.com\/lt\/\",\"name\":\"Get Tickets for the World\u2019s largest jackpots\",\"description\":\"Participate in worldwide lottery jackpots from any country\",\"publisher\":{\"@id\":\"https:\/\/redfoxlotto.com\/lt\/#organization\"},\"potentialAction\":[{\"@type\":\"SearchAction\",\"target\":{\"@type\":\"EntryPoint\",\"urlTemplate\":\"https:\/\/redfoxlotto.com\/lt\/?s={search_term_string}\"},\"query-input\":{\"@type\":\"PropertyValueSpecification\",\"valueRequired\":true,\"valueName\":\"search_term_string\"}}],\"inLanguage\":\"lt-LT\"},{\"@type\":\"Organization\",\"@id\":\"https:\/\/redfoxlotto.com\/lt\/#organization\",\"name\":\"Get Tickets for the World\u2019s largest jackpots\",\"url\":\"https:\/\/redfoxlotto.com\/lt\/\",\"logo\":{\"@type\":\"ImageObject\",\"inLanguage\":\"lt-LT\",\"@id\":\"https:\/\/redfoxlotto.com\/lt\/#\/schema\/logo\/image\/\",\"url\":\"https:\/\/redfoxlotto.com\/wp-content\/uploads\/2023\/04\/logo.png\",\"contentUrl\":\"https:\/\/redfoxlotto.com\/wp-content\/uploads\/2023\/04\/logo.png\",\"width\":269,\"height\":53,\"caption\":\"Get Tickets for the World\u2019s largest jackpots\"},\"image\":{\"@id\":\"https:\/\/redfoxlotto.com\/lt\/#\/schema\/logo\/image\/\"}}]}<\/script>\n<!-- \/ Yoast SEO plugin. -->","yoast_head_json":{"title":"Vokietijos loterijos skai\u010di\u0173 traukimo rezultatai ir laiming\u0173j\u0173 skai\u010di\u0173 deriniai bei archyvas","description":"Ar pasirinkote German Lotto laiminguosius skai\u010dius? Pasitikrinkite skai\u010di\u0173 traukimo rezultatus m\u016bs\u0173 svetain\u0117je","robots":{"index":"index","follow":"follow","max-snippet":"max-snippet:-1","max-image-preview":"max-image-preview:large","max-video-preview":"max-video-preview:-1"},"canonical":"https:\/\/redfoxlotto.com\/lt\/rezultatai\/lotto-6aus49\/","og_locale":"lt_LT","og_type":"article","og_title":"Vokietijos loterijos skai\u010di\u0173 traukimo rezultatai ir laiming\u0173j\u0173 skai\u010di\u0173 deriniai bei archyvas","og_description":"Ar pasirinkote German Lotto laiminguosius skai\u010dius? Pasitikrinkite skai\u010di\u0173 traukimo rezultatus m\u016bs\u0173 svetain\u0117je","og_url":"https:\/\/redfoxlotto.com\/lt\/rezultatai\/lotto-6aus49\/","og_site_name":"Get Tickets for the World\u2019s largest jackpots","article_modified_time":"2021-01-07T10:19:22+00:00","og_image":[{"url":"https:\/\/content.redfoxlotto.com\/uploads\/sites\/9\/1_draw_results_lotto2.jpg"}],"twitter_card":"summary_large_image","twitter_misc":{"Est. reading time":"1 minut\u0117"},"schema":{"@context":"https:\/\/schema.org","@graph":[{"@type":"WebPage","@id":"https:\/\/redfoxlotto.com\/lt\/rezultatai\/lotto-6aus49\/","url":"https:\/\/redfoxlotto.com\/lt\/rezultatai\/lotto-6aus49\/","name":"Vokietijos loterijos skai\u010di\u0173 traukimo rezultatai ir laiming\u0173j\u0173 skai\u010di\u0173 deriniai bei archyvas","isPartOf":{"@id":"https:\/\/redfoxlotto.com\/lt\/#website"},"primaryImageOfPage":{"@id":"https:\/\/redfoxlotto.com\/lt\/rezultatai\/lotto-6aus49\/#primaryimage"},"image":{"@id":"https:\/\/redfoxlotto.com\/lt\/rezultatai\/lotto-6aus49\/#primaryimage"},"thumbnailUrl":"https:\/\/content.redfoxlotto.com\/uploads\/sites\/9\/1_draw_results_lotto2.jpg","datePublished":"2020-08-18T09:23:56+00:00","dateModified":"2021-01-07T10:19:22+00:00","description":"Ar pasirinkote German Lotto laiminguosius skai\u010dius? Pasitikrinkite skai\u010di\u0173 traukimo rezultatus m\u016bs\u0173 svetain\u0117je","breadcrumb":{"@id":"https:\/\/redfoxlotto.com\/lt\/rezultatai\/lotto-6aus49\/#breadcrumb"},"inLanguage":"lt-LT","potentialAction":[{"@type":"ReadAction","target":["https:\/\/redfoxlotto.com\/lt\/rezultatai\/lotto-6aus49\/"]}]},{"@type":"ImageObject","inLanguage":"lt-LT","@id":"https:\/\/redfoxlotto.com\/lt\/rezultatai\/lotto-6aus49\/#primaryimage","url":"https:\/\/content.redfoxlotto.com\/uploads\/sites\/9\/1_draw_results_lotto2.jpg","contentUrl":"https:\/\/content.redfoxlotto.com\/uploads\/sites\/9\/1_draw_results_lotto2.jpg"},{"@type":"BreadcrumbList","@id":"https:\/\/redfoxlotto.com\/lt\/rezultatai\/lotto-6aus49\/#breadcrumb","itemListElement":[{"@type":"ListItem","position":1,"name":"Home","item":"https:\/\/redfoxlotto.com\/lt\/"},{"@type":"ListItem","position":2,"name":"Tarptautini\u0173 loterij\u0173 rezultatai","item":"https:\/\/redfoxlotto.com\/lt\/rezultatai\/"},{"@type":"ListItem","position":3,"name":"German Lotto rezultatai"}]},{"@type":"WebSite","@id":"https:\/\/redfoxlotto.com\/lt\/#website","url":"https:\/\/redfoxlotto.com\/lt\/","name":"Get Tickets for the World\u2019s largest jackpots","description":"Participate in worldwide lottery jackpots from any country","publisher":{"@id":"https:\/\/redfoxlotto.com\/lt\/#organization"},"potentialAction":[{"@type":"SearchAction","target":{"@type":"EntryPoint","urlTemplate":"https:\/\/redfoxlotto.com\/lt\/?s={search_term_string}"},"query-input":{"@type":"PropertyValueSpecification","valueRequired":true,"valueName":"search_term_string"}}],"inLanguage":"lt-LT"},{"@type":"Organization","@id":"https:\/\/redfoxlotto.com\/lt\/#organization","name":"Get Tickets for the World\u2019s largest jackpots","url":"https:\/\/redfoxlotto.com\/lt\/","logo":{"@type":"ImageObject","inLanguage":"lt-LT","@id":"https:\/\/redfoxlotto.com\/lt\/#\/schema\/logo\/image\/","url":"https:\/\/redfoxlotto.com\/wp-content\/uploads\/2023\/04\/logo.png","contentUrl":"https:\/\/redfoxlotto.com\/wp-content\/uploads\/2023\/04\/logo.png","width":269,"height":53,"caption":"Get Tickets for the World\u2019s largest jackpots"},"image":{"@id":"https:\/\/redfoxlotto.com\/lt\/#\/schema\/logo\/image\/"}}]}},"_links":{"self":[{"href":"https:\/\/redfoxlotto.com\/lt\/wp-json\/wp\/v2\/pages\/17986","targetHints":{"allow":["GET"]}}],"collection":[{"href":"https:\/\/redfoxlotto.com\/lt\/wp-json\/wp\/v2\/pages"}],"about":[{"href":"https:\/\/redfoxlotto.com\/lt\/wp-json\/wp\/v2\/types\/page"}],"author":[{"embeddable":true,"href":"https:\/\/redfoxlotto.com\/lt\/wp-json\/wp\/v2\/users\/1"}],"replies":[{"embeddable":true,"href":"https:\/\/redfoxlotto.com\/lt\/wp-json\/wp\/v2\/comments?post=17986"}],"version-history":[{"count":0,"href":"https:\/\/redfoxlotto.com\/lt\/wp-json\/wp\/v2\/pages\/17986\/revisions"}],"up":[{"embeddable":true,"href":"https:\/\/redfoxlotto.com\/lt\/wp-json\/wp\/v2\/pages\/17105"}],"wp:attachment":[{"href":"https:\/\/redfoxlotto.com\/lt\/wp-json\/wp\/v2\/media?parent=17986"}],"curies":[{"name":"wp","href":"https:\/\/api.w.org\/{rel}","templated":true}]}}