{"id":17979,"date":"2020-08-18T09:19:26","date_gmt":"2020-08-18T09:19:26","guid":{"rendered":"https:\/\/redfoxlotto.com\/?page_id=17979"},"modified":"2021-01-07T10:18:44","modified_gmt":"2021-01-07T10:18:44","slug":"lotto-6aus49","status":"publish","type":"page","link":"https:\/\/redfoxlotto.com\/lt\/loterija\/lotto-6aus49\/","title":{"rendered":"Apie Vokietijos 6 aus 49 loterij\u0105"},"content":{"rendered":"<h2 class=\"wp-block-heading\">Pirkite bilietus Vokietijos 6aus49 loterijai internetu<\/h2><p><img decoding=\"async\" class=\"size-full wp-image alignright\" src=\"https:\/\/content.redfoxlotto.com\/uploads\/sites\/9\/1_buy_lottery_online.jpg\" alt=\"vokie\u010di\u0173 loto bilietai\"><\/p><p>Viskas, k\u0105 jums reikia padaryti norint nusipirkti bilietus \u012f Vokietijos loterij\u0105, yra apsilankyti RedFoxLotto.com ir prad\u0117ti.<\/p><p>Kai b\u016bsite pasireng\u0119 \u017eaisti, tiesiog i\u0161sirinkite 6 skai\u010dius nuo 1 iki 49, bei 1 tarp 0 ir 9. Tada pasirinkite, keliuose laiming\u0173j\u0173 skai\u010di\u0173 traukimuose norite dalyvauti, ir pasirinkite pageidaujam\u0105 mok\u0117jimo metod\u0105.<\/p><p>\u012era\u0161\u0119 mok\u0117jimo informacij\u0105 ir atlik\u0119 mok\u0117jim\u0105, turite tik palaukti, kol su\u017einosite, ar k\u0105 nors laim\u0117jote.<\/p>","protected":false},"excerpt":{"rendered":"<p>Pirkite bilietus Vokietijos 6aus49 loterijai internetu Viskas, k\u0105 jums reikia padaryti norint nusipirkti bilietus \u012f Vokietijos loterij\u0105, yra apsilankyti RedFoxLotto.com ir prad\u0117ti. Kai b\u016bsite pasireng\u0119 \u017eaisti, tiesiog i\u0161sirinkite 6 skai\u010dius nuo 1 iki 49, bei 1 tarp 0 ir 9. Tada pasirinkite, keliuose laiming\u0173j\u0173 skai\u010di\u0173 traukimuose norite dalyvauti, ir pasirinkite pageidaujam\u0105 mok\u0117jimo metod\u0105. \u012era\u0161\u0119 mok\u0117jimo [&hellip;]<\/p>\n","protected":false},"author":1,"featured_media":0,"parent":17097,"menu_order":15,"comment_status":"closed","ping_status":"closed","template":"lotto-german-info.php","meta":{"_et_pb_use_builder":"","_et_pb_old_content":"","_et_gb_content_width":"","exclude_from_search":false,"footnotes":""},"class_list":["post-17979","page","type-page","status-publish","hentry"],"yoast_head":"<!-- This site is optimized with the Yoast SEO plugin v27.4 - https:\/\/yoast.com\/product\/yoast-seo-wordpress\/ -->\n<title>Gaukite bilietus \u012f Vokietijos loterij\u0105 internetu<\/title>\n<meta name=\"description\" content=\"Loterij\u0173 fanatikai jau gali internetu pirkti bilietus \u012f Vokietijos 6 aus 49 loterij\u0105\" \/>\n<meta name=\"robots\" content=\"index, follow, max-snippet:-1, max-image-preview:large, max-video-preview:-1\" \/>\n<link rel=\"canonical\" href=\"https:\/\/redfoxlotto.com\/lt\/loterija\/lotto-6aus49\/\" \/>\n<meta property=\"og:locale\" content=\"lt_LT\" \/>\n<meta property=\"og:type\" content=\"article\" \/>\n<meta property=\"og:title\" content=\"Gaukite bilietus \u012f Vokietijos loterij\u0105 internetu\" \/>\n<meta property=\"og:description\" content=\"Loterij\u0173 fanatikai jau gali internetu pirkti bilietus \u012f Vokietijos 6 aus 49 loterij\u0105\" \/>\n<meta property=\"og:url\" content=\"https:\/\/redfoxlotto.com\/lt\/loterija\/lotto-6aus49\/\" \/>\n<meta property=\"og:site_name\" content=\"Get Tickets for the World\u2019s largest jackpots\" \/>\n<meta property=\"article:modified_time\" content=\"2021-01-07T10:18:44+00:00\" \/>\n<meta property=\"og:image\" content=\"https:\/\/content.redfoxlotto.com\/uploads\/sites\/9\/1_buy_lottery_online.jpg\" \/>\n<meta name=\"twitter:card\" content=\"summary_large_image\" \/>\n<meta name=\"twitter:label1\" content=\"Est. reading time\" \/>\n\t<meta name=\"twitter:data1\" content=\"1 minut\u0117\" \/>\n<script type=\"application\/ld+json\" class=\"yoast-schema-graph\">{\"@context\":\"https:\\\/\\\/schema.org\",\"@graph\":[{\"@type\":\"WebPage\",\"@id\":\"https:\\\/\\\/redfoxlotto.com\\\/lt\\\/loterija\\\/lotto-6aus49\\\/\",\"url\":\"https:\\\/\\\/redfoxlotto.com\\\/lt\\\/loterija\\\/lotto-6aus49\\\/\",\"name\":\"Gaukite bilietus \u012f Vokietijos loterij\u0105 internetu\",\"isPartOf\":{\"@id\":\"https:\\\/\\\/redfoxlotto.com\\\/lt\\\/#website\"},\"primaryImageOfPage\":{\"@id\":\"https:\\\/\\\/redfoxlotto.com\\\/lt\\\/loterija\\\/lotto-6aus49\\\/#primaryimage\"},\"image\":{\"@id\":\"https:\\\/\\\/redfoxlotto.com\\\/lt\\\/loterija\\\/lotto-6aus49\\\/#primaryimage\"},\"thumbnailUrl\":\"https:\\\/\\\/content.redfoxlotto.com\\\/uploads\\\/sites\\\/9\\\/1_buy_lottery_online.jpg\",\"datePublished\":\"2020-08-18T09:19:26+00:00\",\"dateModified\":\"2021-01-07T10:18:44+00:00\",\"description\":\"Loterij\u0173 fanatikai jau gali internetu pirkti bilietus \u012f Vokietijos 6 aus 49 loterij\u0105\",\"breadcrumb\":{\"@id\":\"https:\\\/\\\/redfoxlotto.com\\\/lt\\\/loterija\\\/lotto-6aus49\\\/#breadcrumb\"},\"inLanguage\":\"lt-LT\",\"potentialAction\":[{\"@type\":\"ReadAction\",\"target\":[\"https:\\\/\\\/redfoxlotto.com\\\/lt\\\/loterija\\\/lotto-6aus49\\\/\"]}]},{\"@type\":\"ImageObject\",\"inLanguage\":\"lt-LT\",\"@id\":\"https:\\\/\\\/redfoxlotto.com\\\/lt\\\/loterija\\\/lotto-6aus49\\\/#primaryimage\",\"url\":\"https:\\\/\\\/content.redfoxlotto.com\\\/uploads\\\/sites\\\/9\\\/1_buy_lottery_online.jpg\",\"contentUrl\":\"https:\\\/\\\/content.redfoxlotto.com\\\/uploads\\\/sites\\\/9\\\/1_buy_lottery_online.jpg\"},{\"@type\":\"BreadcrumbList\",\"@id\":\"https:\\\/\\\/redfoxlotto.com\\\/lt\\\/loterija\\\/lotto-6aus49\\\/#breadcrumb\",\"itemListElement\":[{\"@type\":\"ListItem\",\"position\":1,\"name\":\"Home\",\"item\":\"https:\\\/\\\/redfoxlotto.com\\\/lt\\\/\"},{\"@type\":\"ListItem\",\"position\":2,\"name\":\"Kaip internetu nusipirkti loterijos biliet\u0105 \u2013 \u012fsigyjimo proced\u016bra\",\"item\":\"https:\\\/\\\/redfoxlotto.com\\\/lt\\\/loterija\\\/\"},{\"@type\":\"ListItem\",\"position\":3,\"name\":\"Apie Vokietijos 6 aus 49 loterij\u0105\"}]},{\"@type\":\"WebSite\",\"@id\":\"https:\\\/\\\/redfoxlotto.com\\\/lt\\\/#website\",\"url\":\"https:\\\/\\\/redfoxlotto.com\\\/lt\\\/\",\"name\":\"Get Tickets for the World\u2019s largest jackpots\",\"description\":\"Participate in worldwide lottery jackpots from any country\",\"publisher\":{\"@id\":\"https:\\\/\\\/redfoxlotto.com\\\/lt\\\/#organization\"},\"potentialAction\":[{\"@type\":\"SearchAction\",\"target\":{\"@type\":\"EntryPoint\",\"urlTemplate\":\"https:\\\/\\\/redfoxlotto.com\\\/lt\\\/?s={search_term_string}\"},\"query-input\":{\"@type\":\"PropertyValueSpecification\",\"valueRequired\":true,\"valueName\":\"search_term_string\"}}],\"inLanguage\":\"lt-LT\"},{\"@type\":\"Organization\",\"@id\":\"https:\\\/\\\/redfoxlotto.com\\\/lt\\\/#organization\",\"name\":\"Get Tickets for the World\u2019s largest jackpots\",\"url\":\"https:\\\/\\\/redfoxlotto.com\\\/lt\\\/\",\"logo\":{\"@type\":\"ImageObject\",\"inLanguage\":\"lt-LT\",\"@id\":\"https:\\\/\\\/redfoxlotto.com\\\/lt\\\/#\\\/schema\\\/logo\\\/image\\\/\",\"url\":\"https:\\\/\\\/redfoxlotto.com\\\/wp-content\\\/uploads\\\/2023\\\/04\\\/logo.png\",\"contentUrl\":\"https:\\\/\\\/redfoxlotto.com\\\/wp-content\\\/uploads\\\/2023\\\/04\\\/logo.png\",\"width\":269,\"height\":53,\"caption\":\"Get Tickets for the World\u2019s largest jackpots\"},\"image\":{\"@id\":\"https:\\\/\\\/redfoxlotto.com\\\/lt\\\/#\\\/schema\\\/logo\\\/image\\\/\"}}]}<\/script>\n<!-- \/ Yoast SEO plugin. -->","yoast_head_json":{"title":"Gaukite bilietus \u012f Vokietijos loterij\u0105 internetu","description":"Loterij\u0173 fanatikai jau gali internetu pirkti bilietus \u012f Vokietijos 6 aus 49 loterij\u0105","robots":{"index":"index","follow":"follow","max-snippet":"max-snippet:-1","max-image-preview":"max-image-preview:large","max-video-preview":"max-video-preview:-1"},"canonical":"https:\/\/redfoxlotto.com\/lt\/loterija\/lotto-6aus49\/","og_locale":"lt_LT","og_type":"article","og_title":"Gaukite bilietus \u012f Vokietijos loterij\u0105 internetu","og_description":"Loterij\u0173 fanatikai jau gali internetu pirkti bilietus \u012f Vokietijos 6 aus 49 loterij\u0105","og_url":"https:\/\/redfoxlotto.com\/lt\/loterija\/lotto-6aus49\/","og_site_name":"Get Tickets for the World\u2019s largest jackpots","article_modified_time":"2021-01-07T10:18:44+00:00","og_image":[{"url":"https:\/\/content.redfoxlotto.com\/uploads\/sites\/9\/1_buy_lottery_online.jpg","type":"","width":"","height":""}],"twitter_card":"summary_large_image","twitter_misc":{"Est. reading time":"1 minut\u0117"},"schema":{"@context":"https:\/\/schema.org","@graph":[{"@type":"WebPage","@id":"https:\/\/redfoxlotto.com\/lt\/loterija\/lotto-6aus49\/","url":"https:\/\/redfoxlotto.com\/lt\/loterija\/lotto-6aus49\/","name":"Gaukite bilietus \u012f Vokietijos loterij\u0105 internetu","isPartOf":{"@id":"https:\/\/redfoxlotto.com\/lt\/#website"},"primaryImageOfPage":{"@id":"https:\/\/redfoxlotto.com\/lt\/loterija\/lotto-6aus49\/#primaryimage"},"image":{"@id":"https:\/\/redfoxlotto.com\/lt\/loterija\/lotto-6aus49\/#primaryimage"},"thumbnailUrl":"https:\/\/content.redfoxlotto.com\/uploads\/sites\/9\/1_buy_lottery_online.jpg","datePublished":"2020-08-18T09:19:26+00:00","dateModified":"2021-01-07T10:18:44+00:00","description":"Loterij\u0173 fanatikai jau gali internetu pirkti bilietus \u012f Vokietijos 6 aus 49 loterij\u0105","breadcrumb":{"@id":"https:\/\/redfoxlotto.com\/lt\/loterija\/lotto-6aus49\/#breadcrumb"},"inLanguage":"lt-LT","potentialAction":[{"@type":"ReadAction","target":["https:\/\/redfoxlotto.com\/lt\/loterija\/lotto-6aus49\/"]}]},{"@type":"ImageObject","inLanguage":"lt-LT","@id":"https:\/\/redfoxlotto.com\/lt\/loterija\/lotto-6aus49\/#primaryimage","url":"https:\/\/content.redfoxlotto.com\/uploads\/sites\/9\/1_buy_lottery_online.jpg","contentUrl":"https:\/\/content.redfoxlotto.com\/uploads\/sites\/9\/1_buy_lottery_online.jpg"},{"@type":"BreadcrumbList","@id":"https:\/\/redfoxlotto.com\/lt\/loterija\/lotto-6aus49\/#breadcrumb","itemListElement":[{"@type":"ListItem","position":1,"name":"Home","item":"https:\/\/redfoxlotto.com\/lt\/"},{"@type":"ListItem","position":2,"name":"Kaip internetu nusipirkti loterijos biliet\u0105 \u2013 \u012fsigyjimo proced\u016bra","item":"https:\/\/redfoxlotto.com\/lt\/loterija\/"},{"@type":"ListItem","position":3,"name":"Apie Vokietijos 6 aus 49 loterij\u0105"}]},{"@type":"WebSite","@id":"https:\/\/redfoxlotto.com\/lt\/#website","url":"https:\/\/redfoxlotto.com\/lt\/","name":"Get Tickets for the World\u2019s largest jackpots","description":"Participate in worldwide lottery jackpots from any country","publisher":{"@id":"https:\/\/redfoxlotto.com\/lt\/#organization"},"potentialAction":[{"@type":"SearchAction","target":{"@type":"EntryPoint","urlTemplate":"https:\/\/redfoxlotto.com\/lt\/?s={search_term_string}"},"query-input":{"@type":"PropertyValueSpecification","valueRequired":true,"valueName":"search_term_string"}}],"inLanguage":"lt-LT"},{"@type":"Organization","@id":"https:\/\/redfoxlotto.com\/lt\/#organization","name":"Get Tickets for the World\u2019s largest jackpots","url":"https:\/\/redfoxlotto.com\/lt\/","logo":{"@type":"ImageObject","inLanguage":"lt-LT","@id":"https:\/\/redfoxlotto.com\/lt\/#\/schema\/logo\/image\/","url":"https:\/\/redfoxlotto.com\/wp-content\/uploads\/2023\/04\/logo.png","contentUrl":"https:\/\/redfoxlotto.com\/wp-content\/uploads\/2023\/04\/logo.png","width":269,"height":53,"caption":"Get Tickets for the World\u2019s largest jackpots"},"image":{"@id":"https:\/\/redfoxlotto.com\/lt\/#\/schema\/logo\/image\/"}}]}},"_links":{"self":[{"href":"https:\/\/redfoxlotto.com\/lt\/wp-json\/wp\/v2\/pages\/17979","targetHints":{"allow":["GET"]}}],"collection":[{"href":"https:\/\/redfoxlotto.com\/lt\/wp-json\/wp\/v2\/pages"}],"about":[{"href":"https:\/\/redfoxlotto.com\/lt\/wp-json\/wp\/v2\/types\/page"}],"author":[{"embeddable":true,"href":"https:\/\/redfoxlotto.com\/lt\/wp-json\/wp\/v2\/users\/1"}],"replies":[{"embeddable":true,"href":"https:\/\/redfoxlotto.com\/lt\/wp-json\/wp\/v2\/comments?post=17979"}],"version-history":[{"count":0,"href":"https:\/\/redfoxlotto.com\/lt\/wp-json\/wp\/v2\/pages\/17979\/revisions"}],"up":[{"embeddable":true,"href":"https:\/\/redfoxlotto.com\/lt\/wp-json\/wp\/v2\/pages\/17097"}],"wp:attachment":[{"href":"https:\/\/redfoxlotto.com\/lt\/wp-json\/wp\/v2\/media?parent=17979"}],"curies":[{"name":"wp","href":"https:\/\/api.w.org\/{rel}","templated":true}]}}