{"id":17930,"date":"2020-07-20T08:57:09","date_gmt":"2020-07-20T08:57:09","guid":{"rendered":"https:\/\/redfoxlotto.com\/?page_id=17930"},"modified":"2021-01-07T10:12:55","modified_gmt":"2021-01-07T10:12:55","slug":"mega-sena","status":"publish","type":"page","link":"https:\/\/redfoxlotto.com\/lt\/rezultatai\/mega-sena\/","title":{"rendered":"Mega Sena loterijos rezultatai"},"content":{"rendered":"<h2 class=\"wp-block-heading\">Brazilijos Mega Sena loterijos laimingieji skai\u010diai<\/h2><p><img loading=\"lazy\" decoding=\"async\" class=\" wp-image alignright\" src=\"https:\/\/content.redfoxlotto.com\/uploads\/sites\/9\/1_you_win_jackpot.jpg\" alt=\"laim\u0117kite loterijos jackpot\u0105\" width=\"238\" height=\"238\" \/><\/p><p>Jei jau jau \u017eaid\u0117te Mega Sena loterijoje, tuomet turite \u017einoti, ar laim\u0117jote, tiesa? Taigi, kaip patikrinti Brazilijos Mega Sena loterijos laiminguosius skai\u010dius? J\u016bs tiesiog apsilankykite savo paskyroje RedFoxLotto.com. \u010cia gal\u0117site rasti naujausius \u017eaidimo rezultatus ir, o jeigu \u017eaid\u0117te patys, gal\u0117site juos rasti dar lengviau.<\/p><h2 class=\"wp-block-heading\">Tikrinti senus laim\u0117jusius skai\u010dius<\/h2><p>Jei turite senesn\u012f biliet\u0105, kur\u012f norite patikrinti, galite tai padaryti pa\u017ei\u016br\u0117j\u0119 \u012f archyv\u0105. I\u0161nagrin\u0117ti senus Mega Sena loterijos laiminguosius skai\u010dius taip pat gerai, jei planuojate v\u0117l naudoti kai kuriuos i\u0161 \u0161i\u0173 skai\u010di\u0173. Viskas, k\u0105 jums reikia padaryti, tai pasi\u017evalgyti ir gal\u0117site pamatyti, kokie skai\u010diai i\u0161traukiami da\u017eniau (ar ma\u017eiau).<\/p>","protected":false},"excerpt":{"rendered":"<p>Brazilijos Mega Sena loterijos laimingieji skai\u010diai Jei jau jau \u017eaid\u0117te Mega Sena loterijoje, tuomet turite \u017einoti, ar laim\u0117jote, tiesa? Taigi, kaip patikrinti Brazilijos Mega Sena loterijos laiminguosius skai\u010dius? J\u016bs tiesiog apsilankykite savo paskyroje RedFoxLotto.com. \u010cia gal\u0117site rasti naujausius \u017eaidimo rezultatus ir, o jeigu \u017eaid\u0117te patys, gal\u0117site juos rasti dar lengviau. Tikrinti senus laim\u0117jusius skai\u010dius Jei [&hellip;]<\/p>\n","protected":false},"author":1,"featured_media":0,"parent":17105,"menu_order":13,"comment_status":"closed","ping_status":"closed","template":"megasena-results.php","meta":{"_et_pb_use_builder":"","_et_pb_old_content":"","_et_gb_content_width":"","exclude_from_search":false,"footnotes":""},"class_list":["post-17930","page","type-page","status-publish","hentry"],"yoast_head":"<!-- This site is optimized with the Yoast SEO plugin v23.8 - https:\/\/yoast.com\/wordpress\/plugins\/seo\/ -->\n<title>Laimingieji Mega Sena loterijos skai\u010diai | Brazilijos Mega Sena loterijos skai\u010di\u0173 traukimo rezultatai<\/title>\n<meta name=\"description\" content=\"Patikrinkite naujausius ir ankstesnius Mega Sena loterij\u0105 laim\u0117jusius skai\u010dius\" \/>\n<meta name=\"robots\" content=\"index, follow, max-snippet:-1, max-image-preview:large, max-video-preview:-1\" \/>\n<link rel=\"canonical\" href=\"https:\/\/redfoxlotto.com\/lt\/rezultatai\/mega-sena\/\" \/>\n<meta property=\"og:locale\" content=\"lt_LT\" \/>\n<meta property=\"og:type\" content=\"article\" \/>\n<meta property=\"og:title\" content=\"Laimingieji Mega Sena loterijos skai\u010diai | Brazilijos Mega Sena loterijos skai\u010di\u0173 traukimo rezultatai\" \/>\n<meta property=\"og:description\" content=\"Patikrinkite naujausius ir ankstesnius Mega Sena loterij\u0105 laim\u0117jusius skai\u010dius\" \/>\n<meta property=\"og:url\" content=\"https:\/\/redfoxlotto.com\/lt\/rezultatai\/mega-sena\/\" \/>\n<meta property=\"og:site_name\" content=\"Get Tickets for the World\u2019s largest jackpots\" \/>\n<meta property=\"article:modified_time\" content=\"2021-01-07T10:12:55+00:00\" \/>\n<meta property=\"og:image\" content=\"https:\/\/content.redfoxlotto.com\/uploads\/sites\/9\/1_you_win_jackpot.jpg\" \/>\n<meta name=\"twitter:card\" content=\"summary_large_image\" \/>\n<meta name=\"twitter:label1\" content=\"Est. reading time\" \/>\n\t<meta name=\"twitter:data1\" content=\"1 minut\u0117\" \/>\n<script type=\"application\/ld+json\" class=\"yoast-schema-graph\">{\"@context\":\"https:\/\/schema.org\",\"@graph\":[{\"@type\":\"WebPage\",\"@id\":\"https:\/\/redfoxlotto.com\/lt\/rezultatai\/mega-sena\/\",\"url\":\"https:\/\/redfoxlotto.com\/lt\/rezultatai\/mega-sena\/\",\"name\":\"Laimingieji Mega Sena loterijos skai\u010diai | Brazilijos Mega Sena loterijos skai\u010di\u0173 traukimo rezultatai\",\"isPartOf\":{\"@id\":\"https:\/\/redfoxlotto.com\/lt\/#website\"},\"primaryImageOfPage\":{\"@id\":\"https:\/\/redfoxlotto.com\/lt\/rezultatai\/mega-sena\/#primaryimage\"},\"image\":{\"@id\":\"https:\/\/redfoxlotto.com\/lt\/rezultatai\/mega-sena\/#primaryimage\"},\"thumbnailUrl\":\"https:\/\/content.redfoxlotto.com\/uploads\/sites\/9\/1_you_win_jackpot.jpg\",\"datePublished\":\"2020-07-20T08:57:09+00:00\",\"dateModified\":\"2021-01-07T10:12:55+00:00\",\"description\":\"Patikrinkite naujausius ir ankstesnius Mega Sena loterij\u0105 laim\u0117jusius skai\u010dius\",\"breadcrumb\":{\"@id\":\"https:\/\/redfoxlotto.com\/lt\/rezultatai\/mega-sena\/#breadcrumb\"},\"inLanguage\":\"lt-LT\",\"potentialAction\":[{\"@type\":\"ReadAction\",\"target\":[\"https:\/\/redfoxlotto.com\/lt\/rezultatai\/mega-sena\/\"]}]},{\"@type\":\"ImageObject\",\"inLanguage\":\"lt-LT\",\"@id\":\"https:\/\/redfoxlotto.com\/lt\/rezultatai\/mega-sena\/#primaryimage\",\"url\":\"https:\/\/content.redfoxlotto.com\/uploads\/sites\/9\/1_you_win_jackpot.jpg\",\"contentUrl\":\"https:\/\/content.redfoxlotto.com\/uploads\/sites\/9\/1_you_win_jackpot.jpg\"},{\"@type\":\"BreadcrumbList\",\"@id\":\"https:\/\/redfoxlotto.com\/lt\/rezultatai\/mega-sena\/#breadcrumb\",\"itemListElement\":[{\"@type\":\"ListItem\",\"position\":1,\"name\":\"Home\",\"item\":\"https:\/\/redfoxlotto.com\/lt\/\"},{\"@type\":\"ListItem\",\"position\":2,\"name\":\"Tarptautini\u0173 loterij\u0173 rezultatai\",\"item\":\"https:\/\/redfoxlotto.com\/lt\/rezultatai\/\"},{\"@type\":\"ListItem\",\"position\":3,\"name\":\"Mega Sena loterijos rezultatai\"}]},{\"@type\":\"WebSite\",\"@id\":\"https:\/\/redfoxlotto.com\/lt\/#website\",\"url\":\"https:\/\/redfoxlotto.com\/lt\/\",\"name\":\"Get Tickets for the World\u2019s largest jackpots\",\"description\":\"Participate in worldwide lottery jackpots from any country\",\"publisher\":{\"@id\":\"https:\/\/redfoxlotto.com\/lt\/#organization\"},\"potentialAction\":[{\"@type\":\"SearchAction\",\"target\":{\"@type\":\"EntryPoint\",\"urlTemplate\":\"https:\/\/redfoxlotto.com\/lt\/?s={search_term_string}\"},\"query-input\":{\"@type\":\"PropertyValueSpecification\",\"valueRequired\":true,\"valueName\":\"search_term_string\"}}],\"inLanguage\":\"lt-LT\"},{\"@type\":\"Organization\",\"@id\":\"https:\/\/redfoxlotto.com\/lt\/#organization\",\"name\":\"Get Tickets for the World\u2019s largest jackpots\",\"url\":\"https:\/\/redfoxlotto.com\/lt\/\",\"logo\":{\"@type\":\"ImageObject\",\"inLanguage\":\"lt-LT\",\"@id\":\"https:\/\/redfoxlotto.com\/lt\/#\/schema\/logo\/image\/\",\"url\":\"https:\/\/redfoxlotto.com\/wp-content\/uploads\/2023\/04\/logo.png\",\"contentUrl\":\"https:\/\/redfoxlotto.com\/wp-content\/uploads\/2023\/04\/logo.png\",\"width\":269,\"height\":53,\"caption\":\"Get Tickets for the World\u2019s largest jackpots\"},\"image\":{\"@id\":\"https:\/\/redfoxlotto.com\/lt\/#\/schema\/logo\/image\/\"}}]}<\/script>\n<!-- \/ Yoast SEO plugin. -->","yoast_head_json":{"title":"Laimingieji Mega Sena loterijos skai\u010diai | Brazilijos Mega Sena loterijos skai\u010di\u0173 traukimo rezultatai","description":"Patikrinkite naujausius ir ankstesnius Mega Sena loterij\u0105 laim\u0117jusius skai\u010dius","robots":{"index":"index","follow":"follow","max-snippet":"max-snippet:-1","max-image-preview":"max-image-preview:large","max-video-preview":"max-video-preview:-1"},"canonical":"https:\/\/redfoxlotto.com\/lt\/rezultatai\/mega-sena\/","og_locale":"lt_LT","og_type":"article","og_title":"Laimingieji Mega Sena loterijos skai\u010diai | Brazilijos Mega Sena loterijos skai\u010di\u0173 traukimo rezultatai","og_description":"Patikrinkite naujausius ir ankstesnius Mega Sena loterij\u0105 laim\u0117jusius skai\u010dius","og_url":"https:\/\/redfoxlotto.com\/lt\/rezultatai\/mega-sena\/","og_site_name":"Get Tickets for the World\u2019s largest jackpots","article_modified_time":"2021-01-07T10:12:55+00:00","og_image":[{"url":"https:\/\/content.redfoxlotto.com\/uploads\/sites\/9\/1_you_win_jackpot.jpg"}],"twitter_card":"summary_large_image","twitter_misc":{"Est. reading time":"1 minut\u0117"},"schema":{"@context":"https:\/\/schema.org","@graph":[{"@type":"WebPage","@id":"https:\/\/redfoxlotto.com\/lt\/rezultatai\/mega-sena\/","url":"https:\/\/redfoxlotto.com\/lt\/rezultatai\/mega-sena\/","name":"Laimingieji Mega Sena loterijos skai\u010diai | Brazilijos Mega Sena loterijos skai\u010di\u0173 traukimo rezultatai","isPartOf":{"@id":"https:\/\/redfoxlotto.com\/lt\/#website"},"primaryImageOfPage":{"@id":"https:\/\/redfoxlotto.com\/lt\/rezultatai\/mega-sena\/#primaryimage"},"image":{"@id":"https:\/\/redfoxlotto.com\/lt\/rezultatai\/mega-sena\/#primaryimage"},"thumbnailUrl":"https:\/\/content.redfoxlotto.com\/uploads\/sites\/9\/1_you_win_jackpot.jpg","datePublished":"2020-07-20T08:57:09+00:00","dateModified":"2021-01-07T10:12:55+00:00","description":"Patikrinkite naujausius ir ankstesnius Mega Sena loterij\u0105 laim\u0117jusius skai\u010dius","breadcrumb":{"@id":"https:\/\/redfoxlotto.com\/lt\/rezultatai\/mega-sena\/#breadcrumb"},"inLanguage":"lt-LT","potentialAction":[{"@type":"ReadAction","target":["https:\/\/redfoxlotto.com\/lt\/rezultatai\/mega-sena\/"]}]},{"@type":"ImageObject","inLanguage":"lt-LT","@id":"https:\/\/redfoxlotto.com\/lt\/rezultatai\/mega-sena\/#primaryimage","url":"https:\/\/content.redfoxlotto.com\/uploads\/sites\/9\/1_you_win_jackpot.jpg","contentUrl":"https:\/\/content.redfoxlotto.com\/uploads\/sites\/9\/1_you_win_jackpot.jpg"},{"@type":"BreadcrumbList","@id":"https:\/\/redfoxlotto.com\/lt\/rezultatai\/mega-sena\/#breadcrumb","itemListElement":[{"@type":"ListItem","position":1,"name":"Home","item":"https:\/\/redfoxlotto.com\/lt\/"},{"@type":"ListItem","position":2,"name":"Tarptautini\u0173 loterij\u0173 rezultatai","item":"https:\/\/redfoxlotto.com\/lt\/rezultatai\/"},{"@type":"ListItem","position":3,"name":"Mega Sena loterijos rezultatai"}]},{"@type":"WebSite","@id":"https:\/\/redfoxlotto.com\/lt\/#website","url":"https:\/\/redfoxlotto.com\/lt\/","name":"Get Tickets for the World\u2019s largest jackpots","description":"Participate in worldwide lottery jackpots from any country","publisher":{"@id":"https:\/\/redfoxlotto.com\/lt\/#organization"},"potentialAction":[{"@type":"SearchAction","target":{"@type":"EntryPoint","urlTemplate":"https:\/\/redfoxlotto.com\/lt\/?s={search_term_string}"},"query-input":{"@type":"PropertyValueSpecification","valueRequired":true,"valueName":"search_term_string"}}],"inLanguage":"lt-LT"},{"@type":"Organization","@id":"https:\/\/redfoxlotto.com\/lt\/#organization","name":"Get Tickets for the World\u2019s largest jackpots","url":"https:\/\/redfoxlotto.com\/lt\/","logo":{"@type":"ImageObject","inLanguage":"lt-LT","@id":"https:\/\/redfoxlotto.com\/lt\/#\/schema\/logo\/image\/","url":"https:\/\/redfoxlotto.com\/wp-content\/uploads\/2023\/04\/logo.png","contentUrl":"https:\/\/redfoxlotto.com\/wp-content\/uploads\/2023\/04\/logo.png","width":269,"height":53,"caption":"Get Tickets for the World\u2019s largest jackpots"},"image":{"@id":"https:\/\/redfoxlotto.com\/lt\/#\/schema\/logo\/image\/"}}]}},"_links":{"self":[{"href":"https:\/\/redfoxlotto.com\/lt\/wp-json\/wp\/v2\/pages\/17930","targetHints":{"allow":["GET"]}}],"collection":[{"href":"https:\/\/redfoxlotto.com\/lt\/wp-json\/wp\/v2\/pages"}],"about":[{"href":"https:\/\/redfoxlotto.com\/lt\/wp-json\/wp\/v2\/types\/page"}],"author":[{"embeddable":true,"href":"https:\/\/redfoxlotto.com\/lt\/wp-json\/wp\/v2\/users\/1"}],"replies":[{"embeddable":true,"href":"https:\/\/redfoxlotto.com\/lt\/wp-json\/wp\/v2\/comments?post=17930"}],"version-history":[{"count":0,"href":"https:\/\/redfoxlotto.com\/lt\/wp-json\/wp\/v2\/pages\/17930\/revisions"}],"up":[{"embeddable":true,"href":"https:\/\/redfoxlotto.com\/lt\/wp-json\/wp\/v2\/pages\/17105"}],"wp:attachment":[{"href":"https:\/\/redfoxlotto.com\/lt\/wp-json\/wp\/v2\/media?parent=17930"}],"curies":[{"name":"wp","href":"https:\/\/api.w.org\/{rel}","templated":true}]}}