{"id":17909,"date":"2020-08-18T09:10:34","date_gmt":"2020-08-18T09:10:34","guid":{"rendered":"https:\/\/redfoxlotto.com\/?page_id=17909"},"modified":"2023-04-29T07:46:41","modified_gmt":"2023-04-29T07:46:41","slug":"lotto-america","status":"publish","type":"page","link":"https:\/\/redfoxlotto.com\/lt\/loterija\/lotto-america\/","title":{"rendered":"Apie Lotto America"},"content":{"rendered":"<h2 class=\"wp-block-heading\">Pirkite bilietus \u012f Lotto Amerca internetu<\/h2><p><img loading=\"lazy\" decoding=\"async\" class=\" wp-image alignright\" src=\"https:\/\/content.redfoxlotto.com\/uploads\/sites\/9\/1_ticket_online_buying.jpg\" alt=\"Amerikos bilietas internetu\" width=\"245\" height=\"165\" \/><\/p><p>Kai reikia pirkti loterijos bilietus internetu, norite \u012fsitikinti, kad dalyvaujate geriausiuose \u017eaidimuose. Yra \u017eaidim\u0173 kitose \u0161alyse, pavyzd\u017eiui, Lotto America, kuriuos gal\u0117tum\u0117te \u017eaisti internetu.<\/p><h2 class=\"wp-block-heading\">Kas yra Lotto America?<\/h2><p>Lotto America yra daugelio valstybi\u0173 \u017eaidimas, \u017eaid\u017eiamas JAV. Bet norint \u017eaisti nereikia gyventi vienoje i\u0161 JAV valstij\u0173. J\u016bs galite \u017eaisti i\u0161 bet kurios pasaulio vietos.<\/p><h2 class=\"wp-block-heading\">Biliet\u0173 pirkimas<\/h2><p><img loading=\"lazy\" decoding=\"async\" class=\" wp-image alignright\" src=\"https:\/\/content.redfoxlotto.com\/uploads\/sites\/9\/1_usa_lottery_win.jpg\" alt=\"Lotto america\" width=\"257\" height=\"170\" \/><\/p><p>Jei jus domina \u017eaisti Lotto America loterijoje, jums tereikia \u017einoti, kur gauti bilietus. Mes galime pad\u0117ti jums \u012fsigyti bilietus \u012f \u0161\u012f \u017eaidim\u0105 ar kitas tarptautines loterijas, kurias galb\u016bt nor\u0117site \u017eaisti.. Tai lengva padaryti ir u\u017etruksite vos kelias sekundes, kol b\u016bsite visi\u0161kai pasiruo\u0161\u0119 \u017eaisti. Gal\u0117site prad\u0117ti nar\u0161yti po visus galimus loterijos \u017eaidimus. Kai nuspr\u0119site d\u0117l \u017eaidimo kuriame norite dalyvauti, pats laikas prad\u0117ti rinktis savo skai\u010dius.<\/p><h2 class=\"wp-block-heading\">\u2003<br \/>Pasirinkite savo skai\u010dius<\/h2><p>Lotto America yra penki standartiniai skai\u010diai ir vienas premijos skai\u010dius. Nor\u0117dami pasirinkti visus savo skai\u010dius, naudokite skai\u010di\u0173 generatori\u0173 arba \u012fra\u0161ykite savo m\u0117gstamus skai\u010dius, jeigu tokius turite.<\/p>","protected":false},"excerpt":{"rendered":"<p>Pirkite bilietus \u012f Lotto Amerca internetu Kai reikia pirkti loterijos bilietus internetu, norite \u012fsitikinti, kad dalyvaujate geriausiuose \u017eaidimuose. Yra \u017eaidim\u0173 kitose \u0161alyse, pavyzd\u017eiui, Lotto America, kuriuos gal\u0117tum\u0117te \u017eaisti internetu. Kas yra Lotto America? Lotto America yra daugelio valstybi\u0173 \u017eaidimas, \u017eaid\u017eiamas JAV. Bet norint \u017eaisti nereikia gyventi vienoje i\u0161 JAV valstij\u0173. J\u016bs galite \u017eaisti i\u0161 bet [&hellip;]<\/p>\n","protected":false},"author":1,"featured_media":0,"parent":17097,"menu_order":12,"comment_status":"closed","ping_status":"closed","template":"lotto-america-info.php","meta":{"_et_pb_use_builder":"","_et_pb_old_content":"","_et_gb_content_width":"","exclude_from_search":false,"footnotes":""},"class_list":["post-17909","page","type-page","status-publish","hentry"],"yoast_head":"<!-- This site is optimized with the Yoast SEO plugin v23.8 - https:\/\/yoast.com\/wordpress\/plugins\/seo\/ -->\n<title>Pirkite Lotto America bilietus internetu<\/title>\n<meta name=\"description\" content=\"Jei norite laim\u0117ti Lotto America loterij\u0105, nusipirkite biliet\u0105 internetu jau dabar!\" \/>\n<meta name=\"robots\" content=\"index, follow, max-snippet:-1, max-image-preview:large, max-video-preview:-1\" \/>\n<link rel=\"canonical\" href=\"https:\/\/redfoxlotto.com\/lt\/loterija\/lotto-america\/\" \/>\n<meta property=\"og:locale\" content=\"lt_LT\" \/>\n<meta property=\"og:type\" content=\"article\" \/>\n<meta property=\"og:title\" content=\"Pirkite Lotto America bilietus internetu\" \/>\n<meta property=\"og:description\" content=\"Jei norite laim\u0117ti Lotto America loterij\u0105, nusipirkite biliet\u0105 internetu jau dabar!\" \/>\n<meta property=\"og:url\" content=\"https:\/\/redfoxlotto.com\/lt\/loterija\/lotto-america\/\" \/>\n<meta property=\"og:site_name\" content=\"Get Tickets for the World\u2019s largest jackpots\" \/>\n<meta property=\"article:modified_time\" content=\"2023-04-29T07:46:41+00:00\" \/>\n<meta property=\"og:image\" content=\"https:\/\/content.redfoxlotto.com\/uploads\/sites\/9\/1_ticket_online_buying.jpg\" \/>\n<meta name=\"twitter:card\" content=\"summary_large_image\" \/>\n<meta name=\"twitter:label1\" content=\"Est. reading time\" \/>\n\t<meta name=\"twitter:data1\" content=\"2 minut\u0117s\" \/>\n<script type=\"application\/ld+json\" class=\"yoast-schema-graph\">{\"@context\":\"https:\/\/schema.org\",\"@graph\":[{\"@type\":\"WebPage\",\"@id\":\"https:\/\/redfoxlotto.com\/lt\/loterija\/lotto-america\/\",\"url\":\"https:\/\/redfoxlotto.com\/lt\/loterija\/lotto-america\/\",\"name\":\"Pirkite Lotto America bilietus internetu\",\"isPartOf\":{\"@id\":\"https:\/\/redfoxlotto.com\/lt\/#website\"},\"primaryImageOfPage\":{\"@id\":\"https:\/\/redfoxlotto.com\/lt\/loterija\/lotto-america\/#primaryimage\"},\"image\":{\"@id\":\"https:\/\/redfoxlotto.com\/lt\/loterija\/lotto-america\/#primaryimage\"},\"thumbnailUrl\":\"https:\/\/content.redfoxlotto.com\/uploads\/sites\/9\/1_ticket_online_buying.jpg\",\"datePublished\":\"2020-08-18T09:10:34+00:00\",\"dateModified\":\"2023-04-29T07:46:41+00:00\",\"description\":\"Jei norite laim\u0117ti Lotto America loterij\u0105, nusipirkite biliet\u0105 internetu jau dabar!\",\"breadcrumb\":{\"@id\":\"https:\/\/redfoxlotto.com\/lt\/loterija\/lotto-america\/#breadcrumb\"},\"inLanguage\":\"lt-LT\",\"potentialAction\":[{\"@type\":\"ReadAction\",\"target\":[\"https:\/\/redfoxlotto.com\/lt\/loterija\/lotto-america\/\"]}]},{\"@type\":\"ImageObject\",\"inLanguage\":\"lt-LT\",\"@id\":\"https:\/\/redfoxlotto.com\/lt\/loterija\/lotto-america\/#primaryimage\",\"url\":\"https:\/\/content.redfoxlotto.com\/uploads\/sites\/9\/1_ticket_online_buying.jpg\",\"contentUrl\":\"https:\/\/content.redfoxlotto.com\/uploads\/sites\/9\/1_ticket_online_buying.jpg\"},{\"@type\":\"BreadcrumbList\",\"@id\":\"https:\/\/redfoxlotto.com\/lt\/loterija\/lotto-america\/#breadcrumb\",\"itemListElement\":[{\"@type\":\"ListItem\",\"position\":1,\"name\":\"Home\",\"item\":\"https:\/\/redfoxlotto.com\/lt\/\"},{\"@type\":\"ListItem\",\"position\":2,\"name\":\"Kaip internetu nusipirkti loterijos biliet\u0105 \u2013 \u012fsigyjimo proced\u016bra\",\"item\":\"https:\/\/redfoxlotto.com\/lt\/loterija\/\"},{\"@type\":\"ListItem\",\"position\":3,\"name\":\"Apie Lotto America\"}]},{\"@type\":\"WebSite\",\"@id\":\"https:\/\/redfoxlotto.com\/lt\/#website\",\"url\":\"https:\/\/redfoxlotto.com\/lt\/\",\"name\":\"Get Tickets for the World\u2019s largest jackpots\",\"description\":\"Participate in worldwide lottery jackpots from any country\",\"publisher\":{\"@id\":\"https:\/\/redfoxlotto.com\/lt\/#organization\"},\"potentialAction\":[{\"@type\":\"SearchAction\",\"target\":{\"@type\":\"EntryPoint\",\"urlTemplate\":\"https:\/\/redfoxlotto.com\/lt\/?s={search_term_string}\"},\"query-input\":{\"@type\":\"PropertyValueSpecification\",\"valueRequired\":true,\"valueName\":\"search_term_string\"}}],\"inLanguage\":\"lt-LT\"},{\"@type\":\"Organization\",\"@id\":\"https:\/\/redfoxlotto.com\/lt\/#organization\",\"name\":\"Get Tickets for the World\u2019s largest jackpots\",\"url\":\"https:\/\/redfoxlotto.com\/lt\/\",\"logo\":{\"@type\":\"ImageObject\",\"inLanguage\":\"lt-LT\",\"@id\":\"https:\/\/redfoxlotto.com\/lt\/#\/schema\/logo\/image\/\",\"url\":\"https:\/\/redfoxlotto.com\/wp-content\/uploads\/2023\/04\/logo.png\",\"contentUrl\":\"https:\/\/redfoxlotto.com\/wp-content\/uploads\/2023\/04\/logo.png\",\"width\":269,\"height\":53,\"caption\":\"Get Tickets for the World\u2019s largest jackpots\"},\"image\":{\"@id\":\"https:\/\/redfoxlotto.com\/lt\/#\/schema\/logo\/image\/\"}}]}<\/script>\n<!-- \/ Yoast SEO plugin. -->","yoast_head_json":{"title":"Pirkite Lotto America bilietus internetu","description":"Jei norite laim\u0117ti Lotto America loterij\u0105, nusipirkite biliet\u0105 internetu jau dabar!","robots":{"index":"index","follow":"follow","max-snippet":"max-snippet:-1","max-image-preview":"max-image-preview:large","max-video-preview":"max-video-preview:-1"},"canonical":"https:\/\/redfoxlotto.com\/lt\/loterija\/lotto-america\/","og_locale":"lt_LT","og_type":"article","og_title":"Pirkite Lotto America bilietus internetu","og_description":"Jei norite laim\u0117ti Lotto America loterij\u0105, nusipirkite biliet\u0105 internetu jau dabar!","og_url":"https:\/\/redfoxlotto.com\/lt\/loterija\/lotto-america\/","og_site_name":"Get Tickets for the World\u2019s largest jackpots","article_modified_time":"2023-04-29T07:46:41+00:00","og_image":[{"url":"https:\/\/content.redfoxlotto.com\/uploads\/sites\/9\/1_ticket_online_buying.jpg"}],"twitter_card":"summary_large_image","twitter_misc":{"Est. reading time":"2 minut\u0117s"},"schema":{"@context":"https:\/\/schema.org","@graph":[{"@type":"WebPage","@id":"https:\/\/redfoxlotto.com\/lt\/loterija\/lotto-america\/","url":"https:\/\/redfoxlotto.com\/lt\/loterija\/lotto-america\/","name":"Pirkite Lotto America bilietus internetu","isPartOf":{"@id":"https:\/\/redfoxlotto.com\/lt\/#website"},"primaryImageOfPage":{"@id":"https:\/\/redfoxlotto.com\/lt\/loterija\/lotto-america\/#primaryimage"},"image":{"@id":"https:\/\/redfoxlotto.com\/lt\/loterija\/lotto-america\/#primaryimage"},"thumbnailUrl":"https:\/\/content.redfoxlotto.com\/uploads\/sites\/9\/1_ticket_online_buying.jpg","datePublished":"2020-08-18T09:10:34+00:00","dateModified":"2023-04-29T07:46:41+00:00","description":"Jei norite laim\u0117ti Lotto America loterij\u0105, nusipirkite biliet\u0105 internetu jau dabar!","breadcrumb":{"@id":"https:\/\/redfoxlotto.com\/lt\/loterija\/lotto-america\/#breadcrumb"},"inLanguage":"lt-LT","potentialAction":[{"@type":"ReadAction","target":["https:\/\/redfoxlotto.com\/lt\/loterija\/lotto-america\/"]}]},{"@type":"ImageObject","inLanguage":"lt-LT","@id":"https:\/\/redfoxlotto.com\/lt\/loterija\/lotto-america\/#primaryimage","url":"https:\/\/content.redfoxlotto.com\/uploads\/sites\/9\/1_ticket_online_buying.jpg","contentUrl":"https:\/\/content.redfoxlotto.com\/uploads\/sites\/9\/1_ticket_online_buying.jpg"},{"@type":"BreadcrumbList","@id":"https:\/\/redfoxlotto.com\/lt\/loterija\/lotto-america\/#breadcrumb","itemListElement":[{"@type":"ListItem","position":1,"name":"Home","item":"https:\/\/redfoxlotto.com\/lt\/"},{"@type":"ListItem","position":2,"name":"Kaip internetu nusipirkti loterijos biliet\u0105 \u2013 \u012fsigyjimo proced\u016bra","item":"https:\/\/redfoxlotto.com\/lt\/loterija\/"},{"@type":"ListItem","position":3,"name":"Apie Lotto America"}]},{"@type":"WebSite","@id":"https:\/\/redfoxlotto.com\/lt\/#website","url":"https:\/\/redfoxlotto.com\/lt\/","name":"Get Tickets for the World\u2019s largest jackpots","description":"Participate in worldwide lottery jackpots from any country","publisher":{"@id":"https:\/\/redfoxlotto.com\/lt\/#organization"},"potentialAction":[{"@type":"SearchAction","target":{"@type":"EntryPoint","urlTemplate":"https:\/\/redfoxlotto.com\/lt\/?s={search_term_string}"},"query-input":{"@type":"PropertyValueSpecification","valueRequired":true,"valueName":"search_term_string"}}],"inLanguage":"lt-LT"},{"@type":"Organization","@id":"https:\/\/redfoxlotto.com\/lt\/#organization","name":"Get Tickets for the World\u2019s largest jackpots","url":"https:\/\/redfoxlotto.com\/lt\/","logo":{"@type":"ImageObject","inLanguage":"lt-LT","@id":"https:\/\/redfoxlotto.com\/lt\/#\/schema\/logo\/image\/","url":"https:\/\/redfoxlotto.com\/wp-content\/uploads\/2023\/04\/logo.png","contentUrl":"https:\/\/redfoxlotto.com\/wp-content\/uploads\/2023\/04\/logo.png","width":269,"height":53,"caption":"Get Tickets for the World\u2019s largest jackpots"},"image":{"@id":"https:\/\/redfoxlotto.com\/lt\/#\/schema\/logo\/image\/"}}]}},"_links":{"self":[{"href":"https:\/\/redfoxlotto.com\/lt\/wp-json\/wp\/v2\/pages\/17909","targetHints":{"allow":["GET"]}}],"collection":[{"href":"https:\/\/redfoxlotto.com\/lt\/wp-json\/wp\/v2\/pages"}],"about":[{"href":"https:\/\/redfoxlotto.com\/lt\/wp-json\/wp\/v2\/types\/page"}],"author":[{"embeddable":true,"href":"https:\/\/redfoxlotto.com\/lt\/wp-json\/wp\/v2\/users\/1"}],"replies":[{"embeddable":true,"href":"https:\/\/redfoxlotto.com\/lt\/wp-json\/wp\/v2\/comments?post=17909"}],"version-history":[{"count":0,"href":"https:\/\/redfoxlotto.com\/lt\/wp-json\/wp\/v2\/pages\/17909\/revisions"}],"up":[{"embeddable":true,"href":"https:\/\/redfoxlotto.com\/lt\/wp-json\/wp\/v2\/pages\/17097"}],"wp:attachment":[{"href":"https:\/\/redfoxlotto.com\/lt\/wp-json\/wp\/v2\/media?parent=17909"}],"curies":[{"name":"wp","href":"https:\/\/api.w.org\/{rel}","templated":true}]}}