{"id":17796,"date":"2023-04-24T18:19:55","date_gmt":"2023-04-24T18:19:55","guid":{"rendered":"https:\/\/redfoxlotto.com\/?page_id=17796"},"modified":"2026-01-11T08:47:26","modified_gmt":"2026-01-11T08:47:26","slug":"powerball-au","status":"publish","type":"page","link":"https:\/\/redfoxlotto.com\/lt\/zaisti\/powerball-au\/","title":{"rendered":"Powerball i\u0161 Down Under &#8211; kaip \u017eaisti"},"content":{"rendered":"<p><img loading=\"lazy\" decoding=\"async\" class=\" wp-image alignright\" src=\"https:\/\/content.redfoxlotto.com\/uploads\/sites\/9\/2_ticket_powerball_au.jpg\" alt=\"Powerball Australija internetu\" width=\"155\" height=\"296\" \/><\/p>\n<p>Kiekvien\u0105 savait\u0119, ketvirtadienio vakar\u0105, Powerball Australia jaudina vis\u0105 \u0161al\u012f. \u017daidime naudojami du skai\u010di\u0173 rinkiniai i\u0161 dviej\u0173 b\u016bgn\u0173. Pirmajame b\u016bgne yra 35 skirtingi skai\u010diai nuo 1 iki 35, o antrajame \u2013 skai\u010diai nuo 1 iki 20.<\/p>\n<p>Pirmasis b\u016bgnas parenka septynis skai\u010dius, o antrasis \u2013 tik vien\u0105 skai\u010di\u0173. \u0160is skai\u010dius (nuo 1 iki 20) vadinamas Powerball. Didysis prizas skiriamas \u017eaid\u0117jui, kuris teisingai atsp\u0117ja visus septynis skai\u010dius ir Powerball.<\/p>\n<h2 id=\"h-how-do-i-get-started\">Kaip prad\u0117ti?<\/h2>\n<p>Paprastai australai \u017eaid\u017eia i\u0161leisdami 2,20 AUD bet kurioje loterijos pardavimo vietoje. Ta\u010diau registracija RedFoxLotto ir \u017eaidimas internetu yra paprastas, greitas ir patogus. Be to, tai galima daryti i\u0161 bet kurios pasaulio vietos.<\/p>\n<p><img loading=\"lazy\" decoding=\"async\" class=\" wp-image alignright\" src=\"https:\/\/content.redfoxlotto.com\/uploads\/sites\/9\/1_lottery_win_luxury_house.jpg\" alt=\"\u017daisti Australijos Powerball\" width=\"184\" height=\"138\" \/> Atminkite, kad traukimas vyksta 20:30 Australijos ryt\u0173 laiku. Nor\u0117dami \u017eaisti Australijos Powerball loterij\u0105 i\u0161 bet kurios pasaulio vietos per RedFoxLotto, tiesiog pasirinkite savo skai\u010dius \u010dia. Neseniai Sidn\u0117juje vienas laimingasis laim\u0117jo 107 milijonus AUD. Jei atsp\u0117jote visus septynis pirmojo b\u016bgno skai\u010dius, bet ne <a href=\"https:\/\/redfoxlotto.com\/lt\/zaisti\/powerball\/\">Powerball<\/a>, vis tiek galite laim\u0117ti didel\u0119 \u2013 da\u017enai \u0161e\u0161ia\u017eenkl\u0119 \u2013 sum\u0105.<\/p>\n<h2 id=\"h-play-the-online-powerball-australia-lottery\">\u017daiskite Powerball Australia internetu<\/h2>\n<p>Skirtingai nei daugelyje loterij\u0173, kuriose skai\u010di\u0173 diapazonas siekia nuo 1 iki 49 ar 59, <a href=\"https:\/\/redfoxlotto.com\/lt\/loterija\/powerball\/\">Powerball<\/a> Australia turi tik 35 skai\u010dius. Tai \u017eymiai padidina laim\u0117jimo tikimyb\u0119.<\/p>\n<p>Atsp\u0117ti \u0161e\u0161is skai\u010dius be Powerball \u2013 tikimyb\u0117 apie 1 i\u0161 36 000. Prizas skiriasi, ta\u010diau da\u017enai vir\u0161ija 500 AUD. T\u016bkstan\u010diai \u017eaid\u0117j\u0173 kiekvien\u0105 ketvirtadien\u012f laukia Powerball Australia traukimo.<\/p>\n<h2 id=\"h-how-do-i-finance-my-online-account\">Kaip papildyti internetin\u0119 s\u0105skait\u0105?<\/h2>\n<p>RedFoxLotto si\u016blo \u012fvairius <a href=\"https:\/\/redfoxlotto.com\/lt\/kaip-moketi-uz-pirkinius-internetu\/\">s\u0105skaitos papildymo b\u016bdus<\/a>, kad gal\u0117tum\u0117te \u017eaisti Australijos Powerball internetu. Patvirtinus, kad esate vyresnis nei 18 met\u0173, s\u0105skait\u0105 galima papildyti keliais b\u016bdais.<\/p>\n<p>RedFoxLotto priima MasterCard, Visa, banko pavedimus ir net <a href=\"https:\/\/redfoxlotto.com\/use-bitcoin-to-pay-when-you-play-the-lottery-online\/\">Bitcoin<\/a>.<\/p>\n","protected":false},"excerpt":{"rendered":"<p>Kiekvien\u0105 savait\u0119, ketvirtadienio vakar\u0105, Powerball Australia jaudina vis\u0105 \u0161al\u012f. \u017daidime naudojami du skai\u010di\u0173 rinkiniai i\u0161 dviej\u0173 b\u016bgn\u0173. Pirmajame b\u016bgne yra 35 skirtingi skai\u010diai nuo 1 iki 35, o antrajame \u2013 skai\u010diai nuo 1 iki 20. Pirmasis b\u016bgnas parenka septynis skai\u010dius, o antrasis \u2013 tik vien\u0105 skai\u010di\u0173. \u0160is skai\u010dius (nuo 1 iki 20) vadinamas Powerball. Didysis [&hellip;]<\/p>\n","protected":false},"author":1,"featured_media":0,"parent":17114,"menu_order":17,"comment_status":"closed","ping_status":"closed","template":"powerball-au.php","meta":{"_et_pb_use_builder":"","_et_pb_old_content":"","_et_gb_content_width":"","exclude_from_search":false,"footnotes":""},"class_list":["post-17796","page","type-page","status-publish","hentry"],"yoast_head":"<!-- This site is optimized with the Yoast SEO plugin v23.8 - https:\/\/yoast.com\/wordpress\/plugins\/seo\/ -->\n<title>\u017daiskite Australijos Powerball loterij\u0105 internetu<\/title>\n<meta name=\"description\" content=\"Australijos m\u0117gstamiausia loterija dabar prieinama visose pasaulio \u0161alyse\" \/>\n<meta name=\"robots\" content=\"index, follow, max-snippet:-1, max-image-preview:large, max-video-preview:-1\" \/>\n<link rel=\"canonical\" href=\"https:\/\/redfoxlotto.com\/lt\/zaisti\/powerball-au\/\" \/>\n<meta property=\"og:locale\" content=\"lt_LT\" \/>\n<meta property=\"og:type\" content=\"article\" \/>\n<meta property=\"og:title\" content=\"\u017daiskite Australijos Powerball loterij\u0105 internetu\" \/>\n<meta property=\"og:description\" content=\"Australijos m\u0117gstamiausia loterija dabar prieinama visose pasaulio \u0161alyse\" \/>\n<meta property=\"og:url\" content=\"https:\/\/redfoxlotto.com\/lt\/zaisti\/powerball-au\/\" \/>\n<meta property=\"og:site_name\" content=\"Get Tickets for the World\u2019s largest jackpots\" \/>\n<meta property=\"article:modified_time\" content=\"2026-01-11T08:47:26+00:00\" \/>\n<meta property=\"og:image\" content=\"https:\/\/content.redfoxlotto.com\/uploads\/sites\/9\/2_ticket_powerball_au.jpg\" \/>\n<meta name=\"twitter:card\" content=\"summary_large_image\" \/>\n<meta name=\"twitter:label1\" content=\"Est. reading time\" \/>\n\t<meta name=\"twitter:data1\" content=\"1 minut\u0117\" \/>\n<script type=\"application\/ld+json\" class=\"yoast-schema-graph\">{\"@context\":\"https:\/\/schema.org\",\"@graph\":[{\"@type\":\"WebPage\",\"@id\":\"https:\/\/redfoxlotto.com\/lt\/zaisti\/powerball-au\/\",\"url\":\"https:\/\/redfoxlotto.com\/lt\/zaisti\/powerball-au\/\",\"name\":\"\u017daiskite Australijos Powerball loterij\u0105 internetu\",\"isPartOf\":{\"@id\":\"https:\/\/redfoxlotto.com\/lt\/#website\"},\"primaryImageOfPage\":{\"@id\":\"https:\/\/redfoxlotto.com\/lt\/zaisti\/powerball-au\/#primaryimage\"},\"image\":{\"@id\":\"https:\/\/redfoxlotto.com\/lt\/zaisti\/powerball-au\/#primaryimage\"},\"thumbnailUrl\":\"https:\/\/content.redfoxlotto.com\/uploads\/sites\/9\/2_ticket_powerball_au.jpg\",\"datePublished\":\"2023-04-24T18:19:55+00:00\",\"dateModified\":\"2026-01-11T08:47:26+00:00\",\"description\":\"Australijos m\u0117gstamiausia loterija dabar prieinama visose pasaulio \u0161alyse\",\"breadcrumb\":{\"@id\":\"https:\/\/redfoxlotto.com\/lt\/zaisti\/powerball-au\/#breadcrumb\"},\"inLanguage\":\"lt-LT\",\"potentialAction\":[{\"@type\":\"ReadAction\",\"target\":[\"https:\/\/redfoxlotto.com\/lt\/zaisti\/powerball-au\/\"]}]},{\"@type\":\"ImageObject\",\"inLanguage\":\"lt-LT\",\"@id\":\"https:\/\/redfoxlotto.com\/lt\/zaisti\/powerball-au\/#primaryimage\",\"url\":\"https:\/\/content.redfoxlotto.com\/uploads\/sites\/9\/2_ticket_powerball_au.jpg\",\"contentUrl\":\"https:\/\/content.redfoxlotto.com\/uploads\/sites\/9\/2_ticket_powerball_au.jpg\"},{\"@type\":\"BreadcrumbList\",\"@id\":\"https:\/\/redfoxlotto.com\/lt\/zaisti\/powerball-au\/#breadcrumb\",\"itemListElement\":[{\"@type\":\"ListItem\",\"position\":1,\"name\":\"Home\",\"item\":\"https:\/\/redfoxlotto.com\/lt\/\"},{\"@type\":\"ListItem\",\"position\":2,\"name\":\"Kaip \u017eaisti kit\u0173 \u0161ali\u0173 loterijose\",\"item\":\"https:\/\/redfoxlotto.com\/lt\/zaisti\/\"},{\"@type\":\"ListItem\",\"position\":3,\"name\":\"Powerball i\u0161 Down Under &#8211; kaip \u017eaisti\"}]},{\"@type\":\"WebSite\",\"@id\":\"https:\/\/redfoxlotto.com\/lt\/#website\",\"url\":\"https:\/\/redfoxlotto.com\/lt\/\",\"name\":\"Get Tickets for the World\u2019s largest jackpots\",\"description\":\"Participate in worldwide lottery jackpots from any country\",\"publisher\":{\"@id\":\"https:\/\/redfoxlotto.com\/lt\/#organization\"},\"potentialAction\":[{\"@type\":\"SearchAction\",\"target\":{\"@type\":\"EntryPoint\",\"urlTemplate\":\"https:\/\/redfoxlotto.com\/lt\/?s={search_term_string}\"},\"query-input\":{\"@type\":\"PropertyValueSpecification\",\"valueRequired\":true,\"valueName\":\"search_term_string\"}}],\"inLanguage\":\"lt-LT\"},{\"@type\":\"Organization\",\"@id\":\"https:\/\/redfoxlotto.com\/lt\/#organization\",\"name\":\"Get Tickets for the World\u2019s largest jackpots\",\"url\":\"https:\/\/redfoxlotto.com\/lt\/\",\"logo\":{\"@type\":\"ImageObject\",\"inLanguage\":\"lt-LT\",\"@id\":\"https:\/\/redfoxlotto.com\/lt\/#\/schema\/logo\/image\/\",\"url\":\"https:\/\/redfoxlotto.com\/wp-content\/uploads\/2023\/04\/logo.png\",\"contentUrl\":\"https:\/\/redfoxlotto.com\/wp-content\/uploads\/2023\/04\/logo.png\",\"width\":269,\"height\":53,\"caption\":\"Get Tickets for the World\u2019s largest jackpots\"},\"image\":{\"@id\":\"https:\/\/redfoxlotto.com\/lt\/#\/schema\/logo\/image\/\"}}]}<\/script>\n<!-- \/ Yoast SEO plugin. -->","yoast_head_json":{"title":"\u017daiskite Australijos Powerball loterij\u0105 internetu","description":"Australijos m\u0117gstamiausia loterija dabar prieinama visose pasaulio \u0161alyse","robots":{"index":"index","follow":"follow","max-snippet":"max-snippet:-1","max-image-preview":"max-image-preview:large","max-video-preview":"max-video-preview:-1"},"canonical":"https:\/\/redfoxlotto.com\/lt\/zaisti\/powerball-au\/","og_locale":"lt_LT","og_type":"article","og_title":"\u017daiskite Australijos Powerball loterij\u0105 internetu","og_description":"Australijos m\u0117gstamiausia loterija dabar prieinama visose pasaulio \u0161alyse","og_url":"https:\/\/redfoxlotto.com\/lt\/zaisti\/powerball-au\/","og_site_name":"Get Tickets for the World\u2019s largest jackpots","article_modified_time":"2026-01-11T08:47:26+00:00","og_image":[{"url":"https:\/\/content.redfoxlotto.com\/uploads\/sites\/9\/2_ticket_powerball_au.jpg"}],"twitter_card":"summary_large_image","twitter_misc":{"Est. reading time":"1 minut\u0117"},"schema":{"@context":"https:\/\/schema.org","@graph":[{"@type":"WebPage","@id":"https:\/\/redfoxlotto.com\/lt\/zaisti\/powerball-au\/","url":"https:\/\/redfoxlotto.com\/lt\/zaisti\/powerball-au\/","name":"\u017daiskite Australijos Powerball loterij\u0105 internetu","isPartOf":{"@id":"https:\/\/redfoxlotto.com\/lt\/#website"},"primaryImageOfPage":{"@id":"https:\/\/redfoxlotto.com\/lt\/zaisti\/powerball-au\/#primaryimage"},"image":{"@id":"https:\/\/redfoxlotto.com\/lt\/zaisti\/powerball-au\/#primaryimage"},"thumbnailUrl":"https:\/\/content.redfoxlotto.com\/uploads\/sites\/9\/2_ticket_powerball_au.jpg","datePublished":"2023-04-24T18:19:55+00:00","dateModified":"2026-01-11T08:47:26+00:00","description":"Australijos m\u0117gstamiausia loterija dabar prieinama visose pasaulio \u0161alyse","breadcrumb":{"@id":"https:\/\/redfoxlotto.com\/lt\/zaisti\/powerball-au\/#breadcrumb"},"inLanguage":"lt-LT","potentialAction":[{"@type":"ReadAction","target":["https:\/\/redfoxlotto.com\/lt\/zaisti\/powerball-au\/"]}]},{"@type":"ImageObject","inLanguage":"lt-LT","@id":"https:\/\/redfoxlotto.com\/lt\/zaisti\/powerball-au\/#primaryimage","url":"https:\/\/content.redfoxlotto.com\/uploads\/sites\/9\/2_ticket_powerball_au.jpg","contentUrl":"https:\/\/content.redfoxlotto.com\/uploads\/sites\/9\/2_ticket_powerball_au.jpg"},{"@type":"BreadcrumbList","@id":"https:\/\/redfoxlotto.com\/lt\/zaisti\/powerball-au\/#breadcrumb","itemListElement":[{"@type":"ListItem","position":1,"name":"Home","item":"https:\/\/redfoxlotto.com\/lt\/"},{"@type":"ListItem","position":2,"name":"Kaip \u017eaisti kit\u0173 \u0161ali\u0173 loterijose","item":"https:\/\/redfoxlotto.com\/lt\/zaisti\/"},{"@type":"ListItem","position":3,"name":"Powerball i\u0161 Down Under &#8211; kaip \u017eaisti"}]},{"@type":"WebSite","@id":"https:\/\/redfoxlotto.com\/lt\/#website","url":"https:\/\/redfoxlotto.com\/lt\/","name":"Get Tickets for the World\u2019s largest jackpots","description":"Participate in worldwide lottery jackpots from any country","publisher":{"@id":"https:\/\/redfoxlotto.com\/lt\/#organization"},"potentialAction":[{"@type":"SearchAction","target":{"@type":"EntryPoint","urlTemplate":"https:\/\/redfoxlotto.com\/lt\/?s={search_term_string}"},"query-input":{"@type":"PropertyValueSpecification","valueRequired":true,"valueName":"search_term_string"}}],"inLanguage":"lt-LT"},{"@type":"Organization","@id":"https:\/\/redfoxlotto.com\/lt\/#organization","name":"Get Tickets for the World\u2019s largest jackpots","url":"https:\/\/redfoxlotto.com\/lt\/","logo":{"@type":"ImageObject","inLanguage":"lt-LT","@id":"https:\/\/redfoxlotto.com\/lt\/#\/schema\/logo\/image\/","url":"https:\/\/redfoxlotto.com\/wp-content\/uploads\/2023\/04\/logo.png","contentUrl":"https:\/\/redfoxlotto.com\/wp-content\/uploads\/2023\/04\/logo.png","width":269,"height":53,"caption":"Get Tickets for the World\u2019s largest jackpots"},"image":{"@id":"https:\/\/redfoxlotto.com\/lt\/#\/schema\/logo\/image\/"}}]}},"_links":{"self":[{"href":"https:\/\/redfoxlotto.com\/lt\/wp-json\/wp\/v2\/pages\/17796","targetHints":{"allow":["GET"]}}],"collection":[{"href":"https:\/\/redfoxlotto.com\/lt\/wp-json\/wp\/v2\/pages"}],"about":[{"href":"https:\/\/redfoxlotto.com\/lt\/wp-json\/wp\/v2\/types\/page"}],"author":[{"embeddable":true,"href":"https:\/\/redfoxlotto.com\/lt\/wp-json\/wp\/v2\/users\/1"}],"replies":[{"embeddable":true,"href":"https:\/\/redfoxlotto.com\/lt\/wp-json\/wp\/v2\/comments?post=17796"}],"version-history":[{"count":0,"href":"https:\/\/redfoxlotto.com\/lt\/wp-json\/wp\/v2\/pages\/17796\/revisions"}],"up":[{"embeddable":true,"href":"https:\/\/redfoxlotto.com\/lt\/wp-json\/wp\/v2\/pages\/17114"}],"wp:attachment":[{"href":"https:\/\/redfoxlotto.com\/lt\/wp-json\/wp\/v2\/media?parent=17796"}],"curies":[{"name":"wp","href":"https:\/\/api.w.org\/{rel}","templated":true}]}}