{"id":17699,"date":"2023-04-24T18:11:14","date_gmt":"2023-04-24T18:11:14","guid":{"rendered":"https:\/\/redfoxlotto.com\/?page_id=17699"},"modified":"2021-01-07T07:34:52","modified_gmt":"2021-01-07T07:34:52","slug":"mega-sena","status":"publish","type":"page","link":"https:\/\/redfoxlotto.com\/lt\/zaisti\/mega-sena\/","title":{"rendered":"Dalyvaukite Brazilijos Mega Sena loterijoje"},"content":{"rendered":"<h2 class=\"wp-block-heading\">\u017daiskite Brazilijos Mega Sena loterijoje internetu<\/h2><p>Jei per\u017ei\u016br\u0117jote internetinius lo\u0161imo \u017eaidimus, galb\u016bt jau mat\u0117te Mega Sena. \u0160is \u017eaidimas i\u0161 tikr\u0173j\u0173 yra did\u017eiausias loterijos \u017eaidimas, kuris \u0161iuo metu vyksta Brazilijoje.<\/p><h2 class=\"wp-block-heading\">Kaip \u017eaisti<\/h2><p><img decoding=\"async\" class=\"size-full wp-image alignright\" src=\"https:\/\/content.redfoxlotto.com\/uploads\/sites\/9\/1_win_online.jpg\" alt=\"\u041c\u0435\u0433\u0430 \u0421\u0435\u043d\u0430 \u0411\u0440\u0430\u0437\u0438\u043b\"><\/p><p>Jei norite prad\u0117ti \u017eaisti Bralizijos Mega Sena loterijoje internetu, \u017eaisti Mega Sena turite pasirinkti 6 skai\u010dius, \u0161ioje loterijoje papildom\u0173 skai\u010di\u0173 n\u0117ra.<\/p><h2 class=\"wp-block-heading\">Pasitikrinkite rezultatus<\/h2><p>Pasirink\u0117 norimus skai\u010dius \u017eaisti Brazilijos Mega Sena loterijoje, laikas patikrinti rezultatus. Su RedFoxLotto.com tai bus lengva, nes j\u016bs tiesiog prisijungiate prie savo paskyros ir ten jums bus prieinami laimingieji skai\u010diai, susitikrinkite juos.<\/p>","protected":false},"excerpt":{"rendered":"<p>\u017daiskite Brazilijos Mega Sena loterijoje internetu Jei per\u017ei\u016br\u0117jote internetinius lo\u0161imo \u017eaidimus, galb\u016bt jau mat\u0117te Mega Sena. \u0160is \u017eaidimas i\u0161 tikr\u0173j\u0173 yra did\u017eiausias loterijos \u017eaidimas, kuris \u0161iuo metu vyksta Brazilijoje. Kaip \u017eaisti Jei norite prad\u0117ti \u017eaisti Bralizijos Mega Sena loterijoje internetu, \u017eaisti Mega Sena turite pasirinkti 6 skai\u010dius, \u0161ioje loterijoje papildom\u0173 skai\u010di\u0173 n\u0117ra. Pasitikrinkite rezultatus Pasirink\u0117 [&hellip;]<\/p>\n","protected":false},"author":1,"featured_media":0,"parent":17114,"menu_order":13,"comment_status":"closed","ping_status":"closed","template":"megasena.php","meta":{"_et_pb_use_builder":"","_et_pb_old_content":"","_et_gb_content_width":"","exclude_from_search":false,"footnotes":""},"class_list":["post-17699","page","type-page","status-publish","hentry"],"yoast_head":"<!-- This site is optimized with the Yoast SEO plugin v23.8 - https:\/\/yoast.com\/wordpress\/plugins\/seo\/ -->\n<title>\u017daiskite Mega Sena internetu | Brazilijos populiariausia loterija internetu<\/title>\n<meta name=\"description\" content=\"Jus nereikia gyventi Brazilijoje, kad gal\u0117tum\u0117te dalyvauti Mega Sena loterijoje \u2013 \u017eaiskite internetu!\" \/>\n<meta name=\"robots\" content=\"index, follow, max-snippet:-1, max-image-preview:large, max-video-preview:-1\" \/>\n<link rel=\"canonical\" href=\"https:\/\/redfoxlotto.com\/lt\/zaisti\/mega-sena\/\" \/>\n<meta property=\"og:locale\" content=\"lt_LT\" \/>\n<meta property=\"og:type\" content=\"article\" \/>\n<meta property=\"og:title\" content=\"\u017daiskite Mega Sena internetu | Brazilijos populiariausia loterija internetu\" \/>\n<meta property=\"og:description\" content=\"Jus nereikia gyventi Brazilijoje, kad gal\u0117tum\u0117te dalyvauti Mega Sena loterijoje \u2013 \u017eaiskite internetu!\" \/>\n<meta property=\"og:url\" content=\"https:\/\/redfoxlotto.com\/lt\/zaisti\/mega-sena\/\" \/>\n<meta property=\"og:site_name\" content=\"Get Tickets for the World\u2019s largest jackpots\" \/>\n<meta property=\"article:modified_time\" content=\"2021-01-07T07:34:52+00:00\" \/>\n<meta property=\"og:image\" content=\"https:\/\/content.redfoxlotto.com\/uploads\/sites\/9\/1_win_online.jpg\" \/>\n<meta name=\"twitter:card\" content=\"summary_large_image\" \/>\n<meta name=\"twitter:label1\" content=\"Est. reading time\" \/>\n\t<meta name=\"twitter:data1\" content=\"1 minut\u0117\" \/>\n<script type=\"application\/ld+json\" class=\"yoast-schema-graph\">{\"@context\":\"https:\/\/schema.org\",\"@graph\":[{\"@type\":\"WebPage\",\"@id\":\"https:\/\/redfoxlotto.com\/lt\/zaisti\/mega-sena\/\",\"url\":\"https:\/\/redfoxlotto.com\/lt\/zaisti\/mega-sena\/\",\"name\":\"\u017daiskite Mega Sena internetu | Brazilijos populiariausia loterija internetu\",\"isPartOf\":{\"@id\":\"https:\/\/redfoxlotto.com\/lt\/#website\"},\"primaryImageOfPage\":{\"@id\":\"https:\/\/redfoxlotto.com\/lt\/zaisti\/mega-sena\/#primaryimage\"},\"image\":{\"@id\":\"https:\/\/redfoxlotto.com\/lt\/zaisti\/mega-sena\/#primaryimage\"},\"thumbnailUrl\":\"https:\/\/content.redfoxlotto.com\/uploads\/sites\/9\/1_win_online.jpg\",\"datePublished\":\"2023-04-24T18:11:14+00:00\",\"dateModified\":\"2021-01-07T07:34:52+00:00\",\"description\":\"Jus nereikia gyventi Brazilijoje, kad gal\u0117tum\u0117te dalyvauti Mega Sena loterijoje \u2013 \u017eaiskite internetu!\",\"breadcrumb\":{\"@id\":\"https:\/\/redfoxlotto.com\/lt\/zaisti\/mega-sena\/#breadcrumb\"},\"inLanguage\":\"lt-LT\",\"potentialAction\":[{\"@type\":\"ReadAction\",\"target\":[\"https:\/\/redfoxlotto.com\/lt\/zaisti\/mega-sena\/\"]}]},{\"@type\":\"ImageObject\",\"inLanguage\":\"lt-LT\",\"@id\":\"https:\/\/redfoxlotto.com\/lt\/zaisti\/mega-sena\/#primaryimage\",\"url\":\"https:\/\/content.redfoxlotto.com\/uploads\/sites\/9\/1_win_online.jpg\",\"contentUrl\":\"https:\/\/content.redfoxlotto.com\/uploads\/sites\/9\/1_win_online.jpg\"},{\"@type\":\"BreadcrumbList\",\"@id\":\"https:\/\/redfoxlotto.com\/lt\/zaisti\/mega-sena\/#breadcrumb\",\"itemListElement\":[{\"@type\":\"ListItem\",\"position\":1,\"name\":\"Home\",\"item\":\"https:\/\/redfoxlotto.com\/lt\/\"},{\"@type\":\"ListItem\",\"position\":2,\"name\":\"Kaip \u017eaisti kit\u0173 \u0161ali\u0173 loterijose\",\"item\":\"https:\/\/redfoxlotto.com\/lt\/zaisti\/\"},{\"@type\":\"ListItem\",\"position\":3,\"name\":\"Dalyvaukite Brazilijos Mega Sena loterijoje\"}]},{\"@type\":\"WebSite\",\"@id\":\"https:\/\/redfoxlotto.com\/lt\/#website\",\"url\":\"https:\/\/redfoxlotto.com\/lt\/\",\"name\":\"Get Tickets for the World\u2019s largest jackpots\",\"description\":\"Participate in worldwide lottery jackpots from any country\",\"publisher\":{\"@id\":\"https:\/\/redfoxlotto.com\/lt\/#organization\"},\"potentialAction\":[{\"@type\":\"SearchAction\",\"target\":{\"@type\":\"EntryPoint\",\"urlTemplate\":\"https:\/\/redfoxlotto.com\/lt\/?s={search_term_string}\"},\"query-input\":{\"@type\":\"PropertyValueSpecification\",\"valueRequired\":true,\"valueName\":\"search_term_string\"}}],\"inLanguage\":\"lt-LT\"},{\"@type\":\"Organization\",\"@id\":\"https:\/\/redfoxlotto.com\/lt\/#organization\",\"name\":\"Get Tickets for the World\u2019s largest jackpots\",\"url\":\"https:\/\/redfoxlotto.com\/lt\/\",\"logo\":{\"@type\":\"ImageObject\",\"inLanguage\":\"lt-LT\",\"@id\":\"https:\/\/redfoxlotto.com\/lt\/#\/schema\/logo\/image\/\",\"url\":\"https:\/\/redfoxlotto.com\/wp-content\/uploads\/2023\/04\/logo.png\",\"contentUrl\":\"https:\/\/redfoxlotto.com\/wp-content\/uploads\/2023\/04\/logo.png\",\"width\":269,\"height\":53,\"caption\":\"Get Tickets for the World\u2019s largest jackpots\"},\"image\":{\"@id\":\"https:\/\/redfoxlotto.com\/lt\/#\/schema\/logo\/image\/\"}}]}<\/script>\n<!-- \/ Yoast SEO plugin. -->","yoast_head_json":{"title":"\u017daiskite Mega Sena internetu | Brazilijos populiariausia loterija internetu","description":"Jus nereikia gyventi Brazilijoje, kad gal\u0117tum\u0117te dalyvauti Mega Sena loterijoje \u2013 \u017eaiskite internetu!","robots":{"index":"index","follow":"follow","max-snippet":"max-snippet:-1","max-image-preview":"max-image-preview:large","max-video-preview":"max-video-preview:-1"},"canonical":"https:\/\/redfoxlotto.com\/lt\/zaisti\/mega-sena\/","og_locale":"lt_LT","og_type":"article","og_title":"\u017daiskite Mega Sena internetu | Brazilijos populiariausia loterija internetu","og_description":"Jus nereikia gyventi Brazilijoje, kad gal\u0117tum\u0117te dalyvauti Mega Sena loterijoje \u2013 \u017eaiskite internetu!","og_url":"https:\/\/redfoxlotto.com\/lt\/zaisti\/mega-sena\/","og_site_name":"Get Tickets for the World\u2019s largest jackpots","article_modified_time":"2021-01-07T07:34:52+00:00","og_image":[{"url":"https:\/\/content.redfoxlotto.com\/uploads\/sites\/9\/1_win_online.jpg"}],"twitter_card":"summary_large_image","twitter_misc":{"Est. reading time":"1 minut\u0117"},"schema":{"@context":"https:\/\/schema.org","@graph":[{"@type":"WebPage","@id":"https:\/\/redfoxlotto.com\/lt\/zaisti\/mega-sena\/","url":"https:\/\/redfoxlotto.com\/lt\/zaisti\/mega-sena\/","name":"\u017daiskite Mega Sena internetu | Brazilijos populiariausia loterija internetu","isPartOf":{"@id":"https:\/\/redfoxlotto.com\/lt\/#website"},"primaryImageOfPage":{"@id":"https:\/\/redfoxlotto.com\/lt\/zaisti\/mega-sena\/#primaryimage"},"image":{"@id":"https:\/\/redfoxlotto.com\/lt\/zaisti\/mega-sena\/#primaryimage"},"thumbnailUrl":"https:\/\/content.redfoxlotto.com\/uploads\/sites\/9\/1_win_online.jpg","datePublished":"2023-04-24T18:11:14+00:00","dateModified":"2021-01-07T07:34:52+00:00","description":"Jus nereikia gyventi Brazilijoje, kad gal\u0117tum\u0117te dalyvauti Mega Sena loterijoje \u2013 \u017eaiskite internetu!","breadcrumb":{"@id":"https:\/\/redfoxlotto.com\/lt\/zaisti\/mega-sena\/#breadcrumb"},"inLanguage":"lt-LT","potentialAction":[{"@type":"ReadAction","target":["https:\/\/redfoxlotto.com\/lt\/zaisti\/mega-sena\/"]}]},{"@type":"ImageObject","inLanguage":"lt-LT","@id":"https:\/\/redfoxlotto.com\/lt\/zaisti\/mega-sena\/#primaryimage","url":"https:\/\/content.redfoxlotto.com\/uploads\/sites\/9\/1_win_online.jpg","contentUrl":"https:\/\/content.redfoxlotto.com\/uploads\/sites\/9\/1_win_online.jpg"},{"@type":"BreadcrumbList","@id":"https:\/\/redfoxlotto.com\/lt\/zaisti\/mega-sena\/#breadcrumb","itemListElement":[{"@type":"ListItem","position":1,"name":"Home","item":"https:\/\/redfoxlotto.com\/lt\/"},{"@type":"ListItem","position":2,"name":"Kaip \u017eaisti kit\u0173 \u0161ali\u0173 loterijose","item":"https:\/\/redfoxlotto.com\/lt\/zaisti\/"},{"@type":"ListItem","position":3,"name":"Dalyvaukite Brazilijos Mega Sena loterijoje"}]},{"@type":"WebSite","@id":"https:\/\/redfoxlotto.com\/lt\/#website","url":"https:\/\/redfoxlotto.com\/lt\/","name":"Get Tickets for the World\u2019s largest jackpots","description":"Participate in worldwide lottery jackpots from any country","publisher":{"@id":"https:\/\/redfoxlotto.com\/lt\/#organization"},"potentialAction":[{"@type":"SearchAction","target":{"@type":"EntryPoint","urlTemplate":"https:\/\/redfoxlotto.com\/lt\/?s={search_term_string}"},"query-input":{"@type":"PropertyValueSpecification","valueRequired":true,"valueName":"search_term_string"}}],"inLanguage":"lt-LT"},{"@type":"Organization","@id":"https:\/\/redfoxlotto.com\/lt\/#organization","name":"Get Tickets for the World\u2019s largest jackpots","url":"https:\/\/redfoxlotto.com\/lt\/","logo":{"@type":"ImageObject","inLanguage":"lt-LT","@id":"https:\/\/redfoxlotto.com\/lt\/#\/schema\/logo\/image\/","url":"https:\/\/redfoxlotto.com\/wp-content\/uploads\/2023\/04\/logo.png","contentUrl":"https:\/\/redfoxlotto.com\/wp-content\/uploads\/2023\/04\/logo.png","width":269,"height":53,"caption":"Get Tickets for the World\u2019s largest jackpots"},"image":{"@id":"https:\/\/redfoxlotto.com\/lt\/#\/schema\/logo\/image\/"}}]}},"_links":{"self":[{"href":"https:\/\/redfoxlotto.com\/lt\/wp-json\/wp\/v2\/pages\/17699","targetHints":{"allow":["GET"]}}],"collection":[{"href":"https:\/\/redfoxlotto.com\/lt\/wp-json\/wp\/v2\/pages"}],"about":[{"href":"https:\/\/redfoxlotto.com\/lt\/wp-json\/wp\/v2\/types\/page"}],"author":[{"embeddable":true,"href":"https:\/\/redfoxlotto.com\/lt\/wp-json\/wp\/v2\/users\/1"}],"replies":[{"embeddable":true,"href":"https:\/\/redfoxlotto.com\/lt\/wp-json\/wp\/v2\/comments?post=17699"}],"version-history":[{"count":0,"href":"https:\/\/redfoxlotto.com\/lt\/wp-json\/wp\/v2\/pages\/17699\/revisions"}],"up":[{"embeddable":true,"href":"https:\/\/redfoxlotto.com\/lt\/wp-json\/wp\/v2\/pages\/17114"}],"wp:attachment":[{"href":"https:\/\/redfoxlotto.com\/lt\/wp-json\/wp\/v2\/media?parent=17699"}],"curies":[{"name":"wp","href":"https:\/\/api.w.org\/{rel}","templated":true}]}}