{"id":17684,"date":"2023-04-24T18:09:15","date_gmt":"2023-04-24T18:09:15","guid":{"rendered":"https:\/\/redfoxlotto.com\/?page_id=17684"},"modified":"2025-12-10T13:37:43","modified_gmt":"2025-12-10T13:37:43","slug":"lotto-america","status":"publish","type":"page","link":"https:\/\/redfoxlotto.com\/lt\/zaisti\/lotto-america\/","title":{"rendered":"Kaip \u017eaisti Lotto America internetu"},"content":{"rendered":"<script type=\"application\/ld+json\">\r\n{\r\n\"@context\": \"https:\/\/schema.org\",\r\n\"@type\": \"Service\",\r\n\"name\": \" Lotto America online\",\r\n\"url\": \"https:\/\/redfoxlotto.com\/lt\/zaisti\/lotto-america\/\",\r\n\"description\": \"\u012esigykite oficialius \u201eLotto America\u201c bilietus internetu per \u201eRedFoxLotto\u201c. Pasirinkite savo skai\u010dius ir prisijunkite prie kito lo\u0161imo.\",\r\n\"serviceType\": \"Online lottery ticket purchase\",\r\n\r\n\"provider\": {\r\n\"@type\": \"Organization\",\r\n\"name\": \"RedFoxLotto\",\r\n\"url\": \"https:\/\/redfoxlotto.com\",\r\n\"logo\": \"https:\/\/redfoxlotto.com\/wp-content\/uploads\/logo.png\"\r\n},\r\n\r\n\"areaServed\": \"Worldwide\",\r\n\"termsOfService\": \"https:\/\/redfoxlotto.com\/terms-and-conditions\",\r\n\r\n\"hasOfferCatalog\": {\r\n\"@type\": \"OfferCatalog\",\r\n\"name\": \"Lotto America Offers\",\r\n\"itemListElement\": [\r\n{\r\n\"@type\": \"Offer\",\r\n\"name\": \"Lotto America Lottery Ticket\",\r\n\"url\": \"https:\/\/redfoxlotto.com\/lt\/zaisti\/lotto-america\/\",\r\n\"description\": \"Vienas \u012fra\u0161as \u012f kit\u0105 \u201eLotto America\u201c loterijos traukim\u0105.\",\r\n\"price\": \"2.75\",\r\n\"priceCurrency\": \"EUR\",\r\n\"availability\": \"https:\/\/schema.org\/InStock\",\r\n\r\n\"itemOffered\": {\r\n\"@type\": \"Service\",\r\n\"name\": \"Lotto America Lottery Entry\",\r\n\"description\": \"Dalyvaukite kitame \u201eLotto America\u201c loterijos traukime per \u201eRedFoxLotto\u201c.\"\r\n}\r\n}\r\n]\r\n},\r\n\r\n\"mainEntityOfPage\": {\r\n\"@type\": \"WebPage\",\r\n\"@id\": \"https:\/\/redfoxlotto.com\/lt\/zaisti\/lotto-america\/\"\r\n}\r\n}\r\n<\/script><p>Lotto America yra daugelio valstybi\u0173 loterijos \u017eaidimas, suteikiantis galimyb\u0119 laim\u0117ti puik\u0173 pagrindin\u012f priz\u0105. Ma\u017ea to, bilietai yra nebrang\u016bs, o \u0161is \u017eaidimas suteikia jums daugyb\u0119 b\u016bd\u0173, kaip galite laim\u0117ti ma\u017eesnius prizus, kol dalyvaujate loterijoje.<\/p><h2 class=\"wp-block-heading\">K\u0105 reik\u0117t\u0173 \u017einoti apie \u0161\u012f \u017eaidim\u0105<\/h2><p><img decoding=\"async\" class=\"size-full wp-image alignright\" src=\"https:\/\/content.redfoxlotto.com\/uploads\/sites\/9\/1_play_lottery_online5.jpg\" alt=\"\u017eaisti loto Amerikoje internete\"><\/p><p>\u0160is \u017eaidimas vyksta lygiai du kartus per savait\u0119 &#8211; tre\u010diadien\u012f ir \u0161e\u0161tadien\u012f. Taip pat i\u0161 viso i\u0161traukiami \u0161e\u0161i skirtingi kamuoliai. Penki i\u0161 j\u0173 yra \u012fprasti, balti rutuliai, kurie yra j\u016bs\u0173 standartiniai skai\u010diai. Vienas yra raudonas kamuolys, kuris yra premijos skai\u010dius.<\/p><p>Taigi, kod\u0117l gi nepaband\u017eius i\u0161bandyti Lotto America? Dar galite net nesuvokti, kad jums to tr\u016bksta.<\/p>","protected":false},"excerpt":{"rendered":"<p>Lotto America yra daugelio valstybi\u0173 loterijos \u017eaidimas, suteikiantis galimyb\u0119 laim\u0117ti puik\u0173 pagrindin\u012f priz\u0105. Ma\u017ea to, bilietai yra nebrang\u016bs, o \u0161is \u017eaidimas suteikia jums daugyb\u0119 b\u016bd\u0173, kaip galite laim\u0117ti ma\u017eesnius prizus, kol dalyvaujate loterijoje. K\u0105 reik\u0117t\u0173 \u017einoti apie \u0161\u012f \u017eaidim\u0105 \u0160is \u017eaidimas vyksta lygiai du kartus per savait\u0119 &#8211; tre\u010diadien\u012f ir \u0161e\u0161tadien\u012f. Taip pat i\u0161 viso [&hellip;]<\/p>\n","protected":false},"author":1,"featured_media":0,"parent":17114,"menu_order":12,"comment_status":"closed","ping_status":"closed","template":"lotto-america.php","meta":{"_et_pb_use_builder":"","_et_pb_old_content":"","_et_gb_content_width":"","exclude_from_search":false,"footnotes":""},"class_list":["post-17684","page","type-page","status-publish","hentry"],"yoast_head":"<!-- This site is optimized with the Yoast SEO plugin v27.3 - https:\/\/yoast.com\/product\/yoast-seo-wordpress\/ -->\n<title>\u017daiskite Lotto America internetu<\/title>\n<meta name=\"description\" content=\"\u017daid\u0117jai i\u0161 bet kurios \u0161alies dabar gali prisijungti ir \u017eaisti \u0161i\u0105 JAV loterij\u0105 internetu\" \/>\n<meta name=\"robots\" content=\"index, follow, max-snippet:-1, max-image-preview:large, max-video-preview:-1\" \/>\n<link rel=\"canonical\" href=\"https:\/\/redfoxlotto.com\/lt\/zaisti\/lotto-america\/\" \/>\n<meta property=\"og:locale\" content=\"lt_LT\" \/>\n<meta property=\"og:type\" content=\"article\" \/>\n<meta property=\"og:title\" content=\"\u017daiskite Lotto America internetu\" \/>\n<meta property=\"og:description\" content=\"\u017daid\u0117jai i\u0161 bet kurios \u0161alies dabar gali prisijungti ir \u017eaisti \u0161i\u0105 JAV loterij\u0105 internetu\" \/>\n<meta property=\"og:url\" content=\"https:\/\/redfoxlotto.com\/lt\/zaisti\/lotto-america\/\" \/>\n<meta property=\"og:site_name\" content=\"Get Tickets for the World\u2019s largest jackpots\" \/>\n<meta property=\"article:modified_time\" content=\"2025-12-10T13:37:43+00:00\" \/>\n<meta property=\"og:image\" content=\"https:\/\/content.redfoxlotto.com\/uploads\/sites\/9\/1_play_lottery_online5.jpg\" \/>\n<meta name=\"twitter:card\" content=\"summary_large_image\" \/>\n<meta name=\"twitter:label1\" content=\"Est. reading time\" \/>\n\t<meta name=\"twitter:data1\" content=\"1 minut\u0117\" \/>\n<script type=\"application\/ld+json\" class=\"yoast-schema-graph\">{\"@context\":\"https:\\\/\\\/schema.org\",\"@graph\":[{\"@type\":\"WebPage\",\"@id\":\"https:\\\/\\\/redfoxlotto.com\\\/lt\\\/zaisti\\\/lotto-america\\\/\",\"url\":\"https:\\\/\\\/redfoxlotto.com\\\/lt\\\/zaisti\\\/lotto-america\\\/\",\"name\":\"\u017daiskite Lotto America internetu\",\"isPartOf\":{\"@id\":\"https:\\\/\\\/redfoxlotto.com\\\/lt\\\/#website\"},\"primaryImageOfPage\":{\"@id\":\"https:\\\/\\\/redfoxlotto.com\\\/lt\\\/zaisti\\\/lotto-america\\\/#primaryimage\"},\"image\":{\"@id\":\"https:\\\/\\\/redfoxlotto.com\\\/lt\\\/zaisti\\\/lotto-america\\\/#primaryimage\"},\"thumbnailUrl\":\"https:\\\/\\\/content.redfoxlotto.com\\\/uploads\\\/sites\\\/9\\\/1_play_lottery_online5.jpg\",\"datePublished\":\"2023-04-24T18:09:15+00:00\",\"dateModified\":\"2025-12-10T13:37:43+00:00\",\"description\":\"\u017daid\u0117jai i\u0161 bet kurios \u0161alies dabar gali prisijungti ir \u017eaisti \u0161i\u0105 JAV loterij\u0105 internetu\",\"breadcrumb\":{\"@id\":\"https:\\\/\\\/redfoxlotto.com\\\/lt\\\/zaisti\\\/lotto-america\\\/#breadcrumb\"},\"inLanguage\":\"lt-LT\",\"potentialAction\":[{\"@type\":\"ReadAction\",\"target\":[\"https:\\\/\\\/redfoxlotto.com\\\/lt\\\/zaisti\\\/lotto-america\\\/\"]}]},{\"@type\":\"ImageObject\",\"inLanguage\":\"lt-LT\",\"@id\":\"https:\\\/\\\/redfoxlotto.com\\\/lt\\\/zaisti\\\/lotto-america\\\/#primaryimage\",\"url\":\"https:\\\/\\\/content.redfoxlotto.com\\\/uploads\\\/sites\\\/9\\\/1_play_lottery_online5.jpg\",\"contentUrl\":\"https:\\\/\\\/content.redfoxlotto.com\\\/uploads\\\/sites\\\/9\\\/1_play_lottery_online5.jpg\"},{\"@type\":\"BreadcrumbList\",\"@id\":\"https:\\\/\\\/redfoxlotto.com\\\/lt\\\/zaisti\\\/lotto-america\\\/#breadcrumb\",\"itemListElement\":[{\"@type\":\"ListItem\",\"position\":1,\"name\":\"Home\",\"item\":\"https:\\\/\\\/redfoxlotto.com\\\/lt\\\/\"},{\"@type\":\"ListItem\",\"position\":2,\"name\":\"Kaip \u017eaisti kit\u0173 \u0161ali\u0173 loterijose\",\"item\":\"https:\\\/\\\/redfoxlotto.com\\\/lt\\\/zaisti\\\/\"},{\"@type\":\"ListItem\",\"position\":3,\"name\":\"Kaip \u017eaisti Lotto America internetu\"}]},{\"@type\":\"WebSite\",\"@id\":\"https:\\\/\\\/redfoxlotto.com\\\/lt\\\/#website\",\"url\":\"https:\\\/\\\/redfoxlotto.com\\\/lt\\\/\",\"name\":\"Get Tickets for the World\u2019s largest jackpots\",\"description\":\"Participate in worldwide lottery jackpots from any country\",\"publisher\":{\"@id\":\"https:\\\/\\\/redfoxlotto.com\\\/lt\\\/#organization\"},\"potentialAction\":[{\"@type\":\"SearchAction\",\"target\":{\"@type\":\"EntryPoint\",\"urlTemplate\":\"https:\\\/\\\/redfoxlotto.com\\\/lt\\\/?s={search_term_string}\"},\"query-input\":{\"@type\":\"PropertyValueSpecification\",\"valueRequired\":true,\"valueName\":\"search_term_string\"}}],\"inLanguage\":\"lt-LT\"},{\"@type\":\"Organization\",\"@id\":\"https:\\\/\\\/redfoxlotto.com\\\/lt\\\/#organization\",\"name\":\"Get Tickets for the World\u2019s largest jackpots\",\"url\":\"https:\\\/\\\/redfoxlotto.com\\\/lt\\\/\",\"logo\":{\"@type\":\"ImageObject\",\"inLanguage\":\"lt-LT\",\"@id\":\"https:\\\/\\\/redfoxlotto.com\\\/lt\\\/#\\\/schema\\\/logo\\\/image\\\/\",\"url\":\"https:\\\/\\\/redfoxlotto.com\\\/wp-content\\\/uploads\\\/2023\\\/04\\\/logo.png\",\"contentUrl\":\"https:\\\/\\\/redfoxlotto.com\\\/wp-content\\\/uploads\\\/2023\\\/04\\\/logo.png\",\"width\":269,\"height\":53,\"caption\":\"Get Tickets for the World\u2019s largest jackpots\"},\"image\":{\"@id\":\"https:\\\/\\\/redfoxlotto.com\\\/lt\\\/#\\\/schema\\\/logo\\\/image\\\/\"}}]}<\/script>\n<!-- \/ Yoast SEO plugin. -->","yoast_head_json":{"title":"\u017daiskite Lotto America internetu","description":"\u017daid\u0117jai i\u0161 bet kurios \u0161alies dabar gali prisijungti ir \u017eaisti \u0161i\u0105 JAV loterij\u0105 internetu","robots":{"index":"index","follow":"follow","max-snippet":"max-snippet:-1","max-image-preview":"max-image-preview:large","max-video-preview":"max-video-preview:-1"},"canonical":"https:\/\/redfoxlotto.com\/lt\/zaisti\/lotto-america\/","og_locale":"lt_LT","og_type":"article","og_title":"\u017daiskite Lotto America internetu","og_description":"\u017daid\u0117jai i\u0161 bet kurios \u0161alies dabar gali prisijungti ir \u017eaisti \u0161i\u0105 JAV loterij\u0105 internetu","og_url":"https:\/\/redfoxlotto.com\/lt\/zaisti\/lotto-america\/","og_site_name":"Get Tickets for the World\u2019s largest jackpots","article_modified_time":"2025-12-10T13:37:43+00:00","og_image":[{"url":"https:\/\/content.redfoxlotto.com\/uploads\/sites\/9\/1_play_lottery_online5.jpg","type":"","width":"","height":""}],"twitter_card":"summary_large_image","twitter_misc":{"Est. reading time":"1 minut\u0117"},"schema":{"@context":"https:\/\/schema.org","@graph":[{"@type":"WebPage","@id":"https:\/\/redfoxlotto.com\/lt\/zaisti\/lotto-america\/","url":"https:\/\/redfoxlotto.com\/lt\/zaisti\/lotto-america\/","name":"\u017daiskite Lotto America internetu","isPartOf":{"@id":"https:\/\/redfoxlotto.com\/lt\/#website"},"primaryImageOfPage":{"@id":"https:\/\/redfoxlotto.com\/lt\/zaisti\/lotto-america\/#primaryimage"},"image":{"@id":"https:\/\/redfoxlotto.com\/lt\/zaisti\/lotto-america\/#primaryimage"},"thumbnailUrl":"https:\/\/content.redfoxlotto.com\/uploads\/sites\/9\/1_play_lottery_online5.jpg","datePublished":"2023-04-24T18:09:15+00:00","dateModified":"2025-12-10T13:37:43+00:00","description":"\u017daid\u0117jai i\u0161 bet kurios \u0161alies dabar gali prisijungti ir \u017eaisti \u0161i\u0105 JAV loterij\u0105 internetu","breadcrumb":{"@id":"https:\/\/redfoxlotto.com\/lt\/zaisti\/lotto-america\/#breadcrumb"},"inLanguage":"lt-LT","potentialAction":[{"@type":"ReadAction","target":["https:\/\/redfoxlotto.com\/lt\/zaisti\/lotto-america\/"]}]},{"@type":"ImageObject","inLanguage":"lt-LT","@id":"https:\/\/redfoxlotto.com\/lt\/zaisti\/lotto-america\/#primaryimage","url":"https:\/\/content.redfoxlotto.com\/uploads\/sites\/9\/1_play_lottery_online5.jpg","contentUrl":"https:\/\/content.redfoxlotto.com\/uploads\/sites\/9\/1_play_lottery_online5.jpg"},{"@type":"BreadcrumbList","@id":"https:\/\/redfoxlotto.com\/lt\/zaisti\/lotto-america\/#breadcrumb","itemListElement":[{"@type":"ListItem","position":1,"name":"Home","item":"https:\/\/redfoxlotto.com\/lt\/"},{"@type":"ListItem","position":2,"name":"Kaip \u017eaisti kit\u0173 \u0161ali\u0173 loterijose","item":"https:\/\/redfoxlotto.com\/lt\/zaisti\/"},{"@type":"ListItem","position":3,"name":"Kaip \u017eaisti Lotto America internetu"}]},{"@type":"WebSite","@id":"https:\/\/redfoxlotto.com\/lt\/#website","url":"https:\/\/redfoxlotto.com\/lt\/","name":"Get Tickets for the World\u2019s largest jackpots","description":"Participate in worldwide lottery jackpots from any country","publisher":{"@id":"https:\/\/redfoxlotto.com\/lt\/#organization"},"potentialAction":[{"@type":"SearchAction","target":{"@type":"EntryPoint","urlTemplate":"https:\/\/redfoxlotto.com\/lt\/?s={search_term_string}"},"query-input":{"@type":"PropertyValueSpecification","valueRequired":true,"valueName":"search_term_string"}}],"inLanguage":"lt-LT"},{"@type":"Organization","@id":"https:\/\/redfoxlotto.com\/lt\/#organization","name":"Get Tickets for the World\u2019s largest jackpots","url":"https:\/\/redfoxlotto.com\/lt\/","logo":{"@type":"ImageObject","inLanguage":"lt-LT","@id":"https:\/\/redfoxlotto.com\/lt\/#\/schema\/logo\/image\/","url":"https:\/\/redfoxlotto.com\/wp-content\/uploads\/2023\/04\/logo.png","contentUrl":"https:\/\/redfoxlotto.com\/wp-content\/uploads\/2023\/04\/logo.png","width":269,"height":53,"caption":"Get Tickets for the World\u2019s largest jackpots"},"image":{"@id":"https:\/\/redfoxlotto.com\/lt\/#\/schema\/logo\/image\/"}}]}},"_links":{"self":[{"href":"https:\/\/redfoxlotto.com\/lt\/wp-json\/wp\/v2\/pages\/17684","targetHints":{"allow":["GET"]}}],"collection":[{"href":"https:\/\/redfoxlotto.com\/lt\/wp-json\/wp\/v2\/pages"}],"about":[{"href":"https:\/\/redfoxlotto.com\/lt\/wp-json\/wp\/v2\/types\/page"}],"author":[{"embeddable":true,"href":"https:\/\/redfoxlotto.com\/lt\/wp-json\/wp\/v2\/users\/1"}],"replies":[{"embeddable":true,"href":"https:\/\/redfoxlotto.com\/lt\/wp-json\/wp\/v2\/comments?post=17684"}],"version-history":[{"count":0,"href":"https:\/\/redfoxlotto.com\/lt\/wp-json\/wp\/v2\/pages\/17684\/revisions"}],"up":[{"embeddable":true,"href":"https:\/\/redfoxlotto.com\/lt\/wp-json\/wp\/v2\/pages\/17114"}],"wp:attachment":[{"href":"https:\/\/redfoxlotto.com\/lt\/wp-json\/wp\/v2\/media?parent=17684"}],"curies":[{"name":"wp","href":"https:\/\/api.w.org\/{rel}","templated":true}]}}