{"id":17632,"date":"2023-04-24T17:52:16","date_gmt":"2023-04-24T17:52:16","guid":{"rendered":"https:\/\/redfoxlotto.com\/?page_id=17632"},"modified":"2021-01-07T06:26:31","modified_gmt":"2021-01-07T06:26:31","slug":"la-primitiva","status":"publish","type":"page","link":"https:\/\/redfoxlotto.com\/lt\/zaisti\/la-primitiva\/","title":{"rendered":"Kaip dalyvauti La Primitiva"},"content":{"rendered":"<h2 class=\"wp-block-heading\">Ispanijos savaitin\u0117 La Primitiva loterija<\/h2><p><img loading=\"lazy\" decoding=\"async\" class=\" wp-image alignright\" src=\"https:\/\/content.redfoxlotto.com\/uploads\/sites\/9\/1_play_lotto_to_win.jpg\" alt=\"La Primitiva \u017eaisti internete\" width=\"262\" height=\"187\" \/><\/p><p>Ispanijos La Primitiva loterija yra da\u017enai mai\u0161oma su El Gordo. La Primitiva yra savaitin\u0117 Ispanijos loterija, kurios laiming\u0173 skai\u010di\u0173 traukimai vyksta kiekvien\u0105 ketvirtadien\u012f ir \u0161e\u0161tadien\u012f. Nor\u0117dami u\u017epildyti biliet\u0105, tur\u0117site pasirinkti 6 skai\u010dius i\u0161 49.<\/p><h2 class=\"wp-block-heading\">Kur galiu \u017eaisti La Primitiva internetu?<\/h2><p><img loading=\"lazy\" decoding=\"async\" class=\" wp-image alignright\" src=\"https:\/\/content.redfoxlotto.com\/uploads\/sites\/9\/2_ticket_la_primitiva4.jpg\" alt=\"laim\u0117ti\" width=\"189\" height=\"289\" \/><\/p><p>Jei norite \u017eaisti La Primitiva i\u0161 Lietuvos, galite tai padaryti \u010dia, m\u016bs\u0173 svetain\u0117je.<\/p><p>U\u017epild\u0119 bilieto u\u017esakym\u0105, turite pas mus susikurti kliento s\u0105skait\u0105 ir atsiskaityti internetu. Nepamir\u0161kite patikrinti savo el. pa\u0161to d\u0117\u017eut\u0117s d\u0117l prane\u0161imo, kuriame yra nuoroda, kad patvirtintum\u0117te savo registracij\u0105. \u017dinoma, visada galite gr\u012f\u017eti ir \u017eaisti daugiau loterij\u0173.<\/p>","protected":false},"excerpt":{"rendered":"<p>Ispanijos savaitin\u0117 La Primitiva loterija Ispanijos La Primitiva loterija yra da\u017enai mai\u0161oma su El Gordo. La Primitiva yra savaitin\u0117 Ispanijos loterija, kurios laiming\u0173 skai\u010di\u0173 traukimai vyksta kiekvien\u0105 ketvirtadien\u012f ir \u0161e\u0161tadien\u012f. Nor\u0117dami u\u017epildyti biliet\u0105, tur\u0117site pasirinkti 6 skai\u010dius i\u0161 49. Kur galiu \u017eaisti La Primitiva internetu? Jei norite \u017eaisti La Primitiva i\u0161 Lietuvos, galite tai padaryti [&hellip;]<\/p>\n","protected":false},"author":1,"featured_media":0,"parent":17114,"menu_order":7,"comment_status":"closed","ping_status":"closed","template":"la-primitiva.php","meta":{"_et_pb_use_builder":"","_et_pb_old_content":"","_et_gb_content_width":"","exclude_from_search":false,"footnotes":""},"class_list":["post-17632","page","type-page","status-publish","hentry"],"yoast_head":"<!-- This site is optimized with the Yoast SEO plugin v23.8 - https:\/\/yoast.com\/wordpress\/plugins\/seo\/ -->\n<title>\u017daiskite La Primitiva i\u0161 Lietuvos<\/title>\n<meta name=\"description\" content=\"Mes jums parodysime kaip galite \u017eaisti Ispanijos La Primitiva loterijoje i\u0161 Lietuvos\" \/>\n<meta name=\"robots\" content=\"index, follow, max-snippet:-1, max-image-preview:large, max-video-preview:-1\" \/>\n<link rel=\"canonical\" href=\"https:\/\/redfoxlotto.com\/lt\/zaisti\/la-primitiva\/\" \/>\n<meta property=\"og:locale\" content=\"lt_LT\" \/>\n<meta property=\"og:type\" content=\"article\" \/>\n<meta property=\"og:title\" content=\"\u017daiskite La Primitiva i\u0161 Lietuvos\" \/>\n<meta property=\"og:description\" content=\"Mes jums parodysime kaip galite \u017eaisti Ispanijos La Primitiva loterijoje i\u0161 Lietuvos\" \/>\n<meta property=\"og:url\" content=\"https:\/\/redfoxlotto.com\/lt\/zaisti\/la-primitiva\/\" \/>\n<meta property=\"og:site_name\" content=\"Get Tickets for the World\u2019s largest jackpots\" \/>\n<meta property=\"article:modified_time\" content=\"2021-01-07T06:26:31+00:00\" \/>\n<meta property=\"og:image\" content=\"https:\/\/content.redfoxlotto.com\/uploads\/sites\/9\/1_play_lotto_to_win.jpg\" \/>\n<meta name=\"twitter:card\" content=\"summary_large_image\" \/>\n<meta name=\"twitter:label1\" content=\"Est. reading time\" \/>\n\t<meta name=\"twitter:data1\" content=\"1 minut\u0117\" \/>\n<script type=\"application\/ld+json\" class=\"yoast-schema-graph\">{\"@context\":\"https:\/\/schema.org\",\"@graph\":[{\"@type\":\"WebPage\",\"@id\":\"https:\/\/redfoxlotto.com\/lt\/zaisti\/la-primitiva\/\",\"url\":\"https:\/\/redfoxlotto.com\/lt\/zaisti\/la-primitiva\/\",\"name\":\"\u017daiskite La Primitiva i\u0161 Lietuvos\",\"isPartOf\":{\"@id\":\"https:\/\/redfoxlotto.com\/lt\/#website\"},\"primaryImageOfPage\":{\"@id\":\"https:\/\/redfoxlotto.com\/lt\/zaisti\/la-primitiva\/#primaryimage\"},\"image\":{\"@id\":\"https:\/\/redfoxlotto.com\/lt\/zaisti\/la-primitiva\/#primaryimage\"},\"thumbnailUrl\":\"https:\/\/content.redfoxlotto.com\/uploads\/sites\/9\/1_play_lotto_to_win.jpg\",\"datePublished\":\"2023-04-24T17:52:16+00:00\",\"dateModified\":\"2021-01-07T06:26:31+00:00\",\"description\":\"Mes jums parodysime kaip galite \u017eaisti Ispanijos La Primitiva loterijoje i\u0161 Lietuvos\",\"breadcrumb\":{\"@id\":\"https:\/\/redfoxlotto.com\/lt\/zaisti\/la-primitiva\/#breadcrumb\"},\"inLanguage\":\"lt-LT\",\"potentialAction\":[{\"@type\":\"ReadAction\",\"target\":[\"https:\/\/redfoxlotto.com\/lt\/zaisti\/la-primitiva\/\"]}]},{\"@type\":\"ImageObject\",\"inLanguage\":\"lt-LT\",\"@id\":\"https:\/\/redfoxlotto.com\/lt\/zaisti\/la-primitiva\/#primaryimage\",\"url\":\"https:\/\/content.redfoxlotto.com\/uploads\/sites\/9\/1_play_lotto_to_win.jpg\",\"contentUrl\":\"https:\/\/content.redfoxlotto.com\/uploads\/sites\/9\/1_play_lotto_to_win.jpg\"},{\"@type\":\"BreadcrumbList\",\"@id\":\"https:\/\/redfoxlotto.com\/lt\/zaisti\/la-primitiva\/#breadcrumb\",\"itemListElement\":[{\"@type\":\"ListItem\",\"position\":1,\"name\":\"Home\",\"item\":\"https:\/\/redfoxlotto.com\/lt\/\"},{\"@type\":\"ListItem\",\"position\":2,\"name\":\"Kaip \u017eaisti kit\u0173 \u0161ali\u0173 loterijose\",\"item\":\"https:\/\/redfoxlotto.com\/lt\/zaisti\/\"},{\"@type\":\"ListItem\",\"position\":3,\"name\":\"Kaip dalyvauti La Primitiva\"}]},{\"@type\":\"WebSite\",\"@id\":\"https:\/\/redfoxlotto.com\/lt\/#website\",\"url\":\"https:\/\/redfoxlotto.com\/lt\/\",\"name\":\"Get Tickets for the World\u2019s largest jackpots\",\"description\":\"Participate in worldwide lottery jackpots from any country\",\"publisher\":{\"@id\":\"https:\/\/redfoxlotto.com\/lt\/#organization\"},\"potentialAction\":[{\"@type\":\"SearchAction\",\"target\":{\"@type\":\"EntryPoint\",\"urlTemplate\":\"https:\/\/redfoxlotto.com\/lt\/?s={search_term_string}\"},\"query-input\":{\"@type\":\"PropertyValueSpecification\",\"valueRequired\":true,\"valueName\":\"search_term_string\"}}],\"inLanguage\":\"lt-LT\"},{\"@type\":\"Organization\",\"@id\":\"https:\/\/redfoxlotto.com\/lt\/#organization\",\"name\":\"Get Tickets for the World\u2019s largest jackpots\",\"url\":\"https:\/\/redfoxlotto.com\/lt\/\",\"logo\":{\"@type\":\"ImageObject\",\"inLanguage\":\"lt-LT\",\"@id\":\"https:\/\/redfoxlotto.com\/lt\/#\/schema\/logo\/image\/\",\"url\":\"https:\/\/redfoxlotto.com\/wp-content\/uploads\/2023\/04\/logo.png\",\"contentUrl\":\"https:\/\/redfoxlotto.com\/wp-content\/uploads\/2023\/04\/logo.png\",\"width\":269,\"height\":53,\"caption\":\"Get Tickets for the World\u2019s largest jackpots\"},\"image\":{\"@id\":\"https:\/\/redfoxlotto.com\/lt\/#\/schema\/logo\/image\/\"}}]}<\/script>\n<!-- \/ Yoast SEO plugin. -->","yoast_head_json":{"title":"\u017daiskite La Primitiva i\u0161 Lietuvos","description":"Mes jums parodysime kaip galite \u017eaisti Ispanijos La Primitiva loterijoje i\u0161 Lietuvos","robots":{"index":"index","follow":"follow","max-snippet":"max-snippet:-1","max-image-preview":"max-image-preview:large","max-video-preview":"max-video-preview:-1"},"canonical":"https:\/\/redfoxlotto.com\/lt\/zaisti\/la-primitiva\/","og_locale":"lt_LT","og_type":"article","og_title":"\u017daiskite La Primitiva i\u0161 Lietuvos","og_description":"Mes jums parodysime kaip galite \u017eaisti Ispanijos La Primitiva loterijoje i\u0161 Lietuvos","og_url":"https:\/\/redfoxlotto.com\/lt\/zaisti\/la-primitiva\/","og_site_name":"Get Tickets for the World\u2019s largest jackpots","article_modified_time":"2021-01-07T06:26:31+00:00","og_image":[{"url":"https:\/\/content.redfoxlotto.com\/uploads\/sites\/9\/1_play_lotto_to_win.jpg"}],"twitter_card":"summary_large_image","twitter_misc":{"Est. reading time":"1 minut\u0117"},"schema":{"@context":"https:\/\/schema.org","@graph":[{"@type":"WebPage","@id":"https:\/\/redfoxlotto.com\/lt\/zaisti\/la-primitiva\/","url":"https:\/\/redfoxlotto.com\/lt\/zaisti\/la-primitiva\/","name":"\u017daiskite La Primitiva i\u0161 Lietuvos","isPartOf":{"@id":"https:\/\/redfoxlotto.com\/lt\/#website"},"primaryImageOfPage":{"@id":"https:\/\/redfoxlotto.com\/lt\/zaisti\/la-primitiva\/#primaryimage"},"image":{"@id":"https:\/\/redfoxlotto.com\/lt\/zaisti\/la-primitiva\/#primaryimage"},"thumbnailUrl":"https:\/\/content.redfoxlotto.com\/uploads\/sites\/9\/1_play_lotto_to_win.jpg","datePublished":"2023-04-24T17:52:16+00:00","dateModified":"2021-01-07T06:26:31+00:00","description":"Mes jums parodysime kaip galite \u017eaisti Ispanijos La Primitiva loterijoje i\u0161 Lietuvos","breadcrumb":{"@id":"https:\/\/redfoxlotto.com\/lt\/zaisti\/la-primitiva\/#breadcrumb"},"inLanguage":"lt-LT","potentialAction":[{"@type":"ReadAction","target":["https:\/\/redfoxlotto.com\/lt\/zaisti\/la-primitiva\/"]}]},{"@type":"ImageObject","inLanguage":"lt-LT","@id":"https:\/\/redfoxlotto.com\/lt\/zaisti\/la-primitiva\/#primaryimage","url":"https:\/\/content.redfoxlotto.com\/uploads\/sites\/9\/1_play_lotto_to_win.jpg","contentUrl":"https:\/\/content.redfoxlotto.com\/uploads\/sites\/9\/1_play_lotto_to_win.jpg"},{"@type":"BreadcrumbList","@id":"https:\/\/redfoxlotto.com\/lt\/zaisti\/la-primitiva\/#breadcrumb","itemListElement":[{"@type":"ListItem","position":1,"name":"Home","item":"https:\/\/redfoxlotto.com\/lt\/"},{"@type":"ListItem","position":2,"name":"Kaip \u017eaisti kit\u0173 \u0161ali\u0173 loterijose","item":"https:\/\/redfoxlotto.com\/lt\/zaisti\/"},{"@type":"ListItem","position":3,"name":"Kaip dalyvauti La Primitiva"}]},{"@type":"WebSite","@id":"https:\/\/redfoxlotto.com\/lt\/#website","url":"https:\/\/redfoxlotto.com\/lt\/","name":"Get Tickets for the World\u2019s largest jackpots","description":"Participate in worldwide lottery jackpots from any country","publisher":{"@id":"https:\/\/redfoxlotto.com\/lt\/#organization"},"potentialAction":[{"@type":"SearchAction","target":{"@type":"EntryPoint","urlTemplate":"https:\/\/redfoxlotto.com\/lt\/?s={search_term_string}"},"query-input":{"@type":"PropertyValueSpecification","valueRequired":true,"valueName":"search_term_string"}}],"inLanguage":"lt-LT"},{"@type":"Organization","@id":"https:\/\/redfoxlotto.com\/lt\/#organization","name":"Get Tickets for the World\u2019s largest jackpots","url":"https:\/\/redfoxlotto.com\/lt\/","logo":{"@type":"ImageObject","inLanguage":"lt-LT","@id":"https:\/\/redfoxlotto.com\/lt\/#\/schema\/logo\/image\/","url":"https:\/\/redfoxlotto.com\/wp-content\/uploads\/2023\/04\/logo.png","contentUrl":"https:\/\/redfoxlotto.com\/wp-content\/uploads\/2023\/04\/logo.png","width":269,"height":53,"caption":"Get Tickets for the World\u2019s largest jackpots"},"image":{"@id":"https:\/\/redfoxlotto.com\/lt\/#\/schema\/logo\/image\/"}}]}},"_links":{"self":[{"href":"https:\/\/redfoxlotto.com\/lt\/wp-json\/wp\/v2\/pages\/17632","targetHints":{"allow":["GET"]}}],"collection":[{"href":"https:\/\/redfoxlotto.com\/lt\/wp-json\/wp\/v2\/pages"}],"about":[{"href":"https:\/\/redfoxlotto.com\/lt\/wp-json\/wp\/v2\/types\/page"}],"author":[{"embeddable":true,"href":"https:\/\/redfoxlotto.com\/lt\/wp-json\/wp\/v2\/users\/1"}],"replies":[{"embeddable":true,"href":"https:\/\/redfoxlotto.com\/lt\/wp-json\/wp\/v2\/comments?post=17632"}],"version-history":[{"count":0,"href":"https:\/\/redfoxlotto.com\/lt\/wp-json\/wp\/v2\/pages\/17632\/revisions"}],"up":[{"embeddable":true,"href":"https:\/\/redfoxlotto.com\/lt\/wp-json\/wp\/v2\/pages\/17114"}],"wp:attachment":[{"href":"https:\/\/redfoxlotto.com\/lt\/wp-json\/wp\/v2\/media?parent=17632"}],"curies":[{"name":"wp","href":"https:\/\/api.w.org\/{rel}","templated":true}]}}