{"id":17117,"date":"2023-04-24T17:37:44","date_gmt":"2023-04-24T17:37:44","guid":{"rendered":"https:\/\/redfoxlotto.com\/?page_id=3643"},"modified":"2025-12-17T09:12:09","modified_gmt":"2025-12-17T09:12:09","slug":"mega-millions","status":"publish","type":"page","link":"https:\/\/redfoxlotto.com\/lt\/zaisti\/mega-millions\/","title":{"rendered":"\u017daiskite Mega Millions loterij\u0105 i\u0161 Lietuvos"},"content":{"rendered":"<script type=\"application\/ld+json\">\r\n{\r\n  \"@context\": \"https:\/\/schema.org\",\r\n  \"@type\": \"Service\",\r\n  \"name\": \"\u017daisti Mega Millions internetu\",\r\n  \"url\": \"https:\/\/redfoxlotto.com\/lt\/zaisti\/mega-millions\/\",\r\n  \"description\": \"\u017daiskite Mega Millions loterij\u0105 internetu i\u0161 bet kurios \u0161alies. Apsilankykite RedFoxLotto, pasirinkite skai\u010dius ir gaukite bilietus.\",\r\n  \"serviceType\": \"Internetin\u0117 loterijos biliet\u0173 tarpininkavimo paslauga\",\r\n\r\n  \"provider\": {\r\n    \"@type\": \"Organization\",\r\n    \"name\": \"RedFoxLotto\",\r\n    \"url\": \"https:\/\/redfoxlotto.com\/lt\/zaisti\/mega-millions\/\",\r\n    \"image\": \"https:\/\/redfoxlotto.com\/wp-content\/uploads\/2025\/12\/ticket_scans.jpg\"\r\n  },\r\n\r\n  \"areaServed\": \"Worldwide\",\r\n  \"termsOfService\": \"https:\/\/redfoxlotto.com\/terms-and-conditions\",\r\n\r\n  \"additionalProperty\": {\r\n    \"@type\": \"PropertyValue\",\r\n    \"name\": \"FAQ\",\r\n    \"value\": \"https:\/\/redfoxlotto.com\/lt\/faq\/\"\r\n  },\r\n\r\n  \"hasOfferCatalog\": {\r\n    \"@type\": \"OfferCatalog\",\r\n    \"name\": \"Mega Millions loterijos bilietai\",\r\n    \"itemListElement\": [{\r\n      \"@type\": \"Offer\",\r\n      \"name\": \"Mega Millions bilietai\",\r\n      \"url\": \"https:\/\/redfoxlotto.com\/lt\/zaisti\/mega-millions\/\",\r\n      \"description\": \"Pasirinkite skai\u010dius kitam Mega Millions traukimui ir u\u017esisakykite bilietus internetu.\",\r\n      \"price\": \"13.00\",\r\n      \"priceCurrency\": \"EUR\",\r\n      \"availability\": \"https:\/\/schema.org\/InStock\"\r\n    }]\r\n  },\r\n\r\n  \"mainEntityOfPage\": {\r\n    \"@type\": \"WebPage\",\r\n    \"@id\": \"https:\/\/redfoxlotto.com\/lt\/zaisti\/mega-millions\/\"\r\n  }\r\n}\r\n<\/script>\r\n\r\n<p><!--more--><\/p><p>Kad \u017eaistum\u0117te JAV Mega Millions loterijoje, jums nereikia keliauti \u012f JAV. Dalyvauti Mega Millions galite ir b\u016bdami Lietuvoje. Mes suteiksime jums bilietus per savo internetin\u0119 sistem\u0105. Bilietus per m\u016bs\u0173 internetin\u0119 svetain\u0119 galite u\u017esisakyti ir b\u016bdami Lietuvoje. Vienas i\u0161 m\u016bs\u0173 agent\u0173, kuris yra JAV, nupirks jums bilietus (su skai\u010diais kuriuos i\u0161sirinkote). Tada, jums el. Pa\u0161tu atsi\u0173sime lai\u0161k\u0105 patvirtinant\u012f j\u016bs\u0173 pirkin\u012f. Mes taip pat pasir\u016bpinsime, kad j\u016bs\u0173 laim\u0117jimai jus pasiekt\u0173. Pra\u0161ome persiskaityti DUK sekcij\u0105 d\u0117l detalesn\u0117s informacijos apie m\u016bs\u0173 paslaugas.<\/p><h2 class=\"wp-block-heading\" id=\"h-mega-millions-loterijos-taisykl-s\">Mega Millions loterijos taisykl\u0117s<\/h2><p><img loading=\"lazy\" decoding=\"async\" class=\"alignright  wp-image\" src=\"https:\/\/content.redfoxlotto.com\/uploads\/sites\/9\/1_play_mega_millions_jackpot.jpg\" alt=\"Mega millions loterija internetu\" width=\"216\" height=\"144\"><\/p><p>Pra\u0161ome pasirinkti penkis skai\u010diuos nuo 1 iki 70, bei vien\u0105 papildom\u0105 skai\u010di\u0173 nuo 1 iki 25. Kad laim\u0117tum\u0117te pagrindin\u012f priz\u0105, visi 6 skai\u010diai turi b\u016bti pasirinkti teisingai. Jeigu 5 i\u0161 6 skai\u010di\u0173 pasirinkti teisingai, prizas yra 1 milijonas doleri\u0173.<\/p><h2 class=\"wp-block-heading\" id=\"h-mega-millions-pagrindinis-prizas\">Mega Millions pagrindinis prizas<\/h2><p>Mega Millions loterija yra garsi d\u0117l savo spar\u010diai augan\u010di\u0173 priz\u0173. Tai yra d\u0117l to, nes kiekvien\u0105 savait\u0119 JAV yra parduodami \u0161imtai milijon\u0173 loterijos biliet\u0173. Ta\u010diau pagrindinio prizo niekam laim\u0117ti nepavyksta bent kelias savaites. \u0160is prizas visuomet prasideda nuo 40 milijon\u0173 JAV doleri\u0173 ir kilti kiekvin\u0105 skai\u010di\u0173 traukim\u0105 pradeda nuo 10 Iki 15 milijon\u0173 JAV doleri\u0173 (tokie skai\u010di\u0173 traukimai vyksta du kartus per savait\u0119).<\/p><p>Jeigu niekas nelaimi pa\u010dio did\u017eiausio prizo, suma labai staigiai pakyla iki 100 milijon\u0173. Kai ta riba yra per\u017eengta, yra parduodama daugiau biliet\u0173 nei \u012fprasta, nes dabar visi nori laim\u0117ti \u0161\u012f priz\u0105. Pagrindinis prizas \u201esprogsta\u201c. Yra normalu, kad per vien\u0105 savaite pagrindinis prizas pakyla nuo 200 iki 500 milijon\u0173 doleri\u0173. O jeigu \u0161io prizo niekas nelaim\u0117jo per 10 savai\u010di\u0173 laikotarp\u012f, \u0161i suma gali vir\u0161yti net milijard\u0105 doleri\u0173, tai paskutin\u012f kart\u0105 \u012fvyko 2018 m. . Spalio 19 d. \u0160\u012f priz\u0105 galiausiai laim\u0117jo vienas \u017eaid\u0117jas t\u0173 pa\u010di\u0173 met\u0173 Spalio 23 d., jis namo parsine\u0161\u0117 net 1 milijard\u0105 ir 600 milijon\u0173 JAV doleri\u0173.<\/p><p>Kai tik prizinis fondas pasieki\u0105 tokio dyd\u017eio sum\u0105, b\u016bt\u0173 i\u0161mintingas sprendimas u\u017esisakyti biliet\u0105 ir sau internetu, ar net dalyvauti keliuose skai\u010di\u0173 traukimuose i\u0161 eil\u0117s. Taip \u012fsitikintum\u0117te, kad net pirm\u0105 kart\u0105 nepasisekus, j\u016bs vis dar b\u016bsite \u017eaidime ir t\u016br\u0117site galimyb\u0119 laim\u0117ti.<\/p><p>Svarbu pamin\u0117ti, kad pagrindinio prizo laim\u0117tojas gali pasirinkti i\u0161 dvej\u0173 variant\u0173. Jis arba pasirenka gauti piln\u0105 sum\u0105 per 30 i\u0161mok\u0117jim\u0173 (su 5% sumos padid\u0117jimu d\u0117l infliacijos), arba jis gali pasirinkti gauti vis\u0105 sum\u0105 dabar pat viena i\u0161moka. Antru variantu pinigin\u0117 suma b\u016bna ma\u017eesn\u0117 nei nei pilna pagrindinio prizo suma. Bet kuriuo atveju, galima susitarti d\u0117l pinig\u0173 pervedimo \u012f bank\u0105 Lietuvoje.<\/p><h2 class=\"wp-block-heading\" id=\"h-ar-i-internetin-paslauga-aid-jams-i-lietuvos-yra-legali\">Ar \u0161i internetin\u0117 paslauga \u017eaid\u0117jams i\u0161 Lietuvos yra legali?<\/h2><p><img loading=\"lazy\" decoding=\"async\" class=\"alignright size-full wp-image\" src=\"https:\/\/content.redfoxlotto.com\/uploads\/sites\/9\/2_ticket_mega_millions.jpg\" alt=\"\u017daiskite b\u016bdami Lietuvoje\" width=\"212\" height=\"142\"><\/p><p>Tai yra 100% legalu \u017eaid\u0117jams i\u0161 vis\u0173 valstybi\u0173, \u012fskaitant ir Lietuv\u0105. Tai yra lygiai taip pat, kaip j\u016bs b\u016btum\u0117te nusipirk\u0119 Mega Millions loterijos biliet\u0105 kol sve\u010diavot\u0117s JAV. Kadangi JAV loterij\u0173 bilietai gali b\u016bti parduodami bet kam, kas yra sulauk\u0119s 18 met\u0173 am\u017eiaus, laim\u0117ti gali ir u\u017esienie\u010diai. Galiausiai, svarbu yra tik tai, kad j\u016bs turite savo biliet\u0105. Mes u\u017etikriname, kad jums bus i\u0161mok\u0117tas visas j\u016bs\u0173 laim\u0117jimas. Didesnius laim\u0117jimus nei 2500 eur\u0173, j\u016bs da\u017eniausiai gausite bankiniu pavedimu arba i\u0161ra\u0161ytu \u010dekiu.<\/p><p>\u017dinoma, jeigu laim\u0117site pagrindin\u012f priz\u0105, jums gali teikti keliauti \u012f JAV kur jums laim\u0117jimo \u010dek\u012f \u012fteiks tiesiai \u012f rankas. Mes mielai pasir\u016bpintume j\u016bs\u0173 kelione!<\/p><p>Ar sekankis Mega Millions prizas rezervuotas jums? <strong>I\u0161m\u0117kinkite savo s\u0117km\u0119 &#8211; be bilieto nelaim\u0117site!<\/strong><\/p>","protected":false},"excerpt":{"rendered":"","protected":false},"author":1,"featured_media":0,"parent":17114,"menu_order":2,"comment_status":"closed","ping_status":"closed","template":"megamillion.php","meta":{"_et_pb_use_builder":"","_et_pb_old_content":"","_et_gb_content_width":"","exclude_from_search":false,"footnotes":""},"class_list":["post-17117","page","type-page","status-publish","hentry"],"yoast_head":"<!-- This site is optimized with the Yoast SEO plugin v23.8 - https:\/\/yoast.com\/wordpress\/plugins\/seo\/ -->\n<title>\u017daiskite tarptautin\u0119 Mega Millions loterij\u0105 internetu i\u0161 Lietuvos<\/title>\n<meta name=\"description\" content=\"U\u017esisakykite savo Mega Millions loterijos biliet\u0105 \u010dia \u2013 i\u0161 Lietuvos ar bet kokios kitos \u0161alies!\" \/>\n<meta name=\"robots\" content=\"index, follow, max-snippet:-1, max-image-preview:large, max-video-preview:-1\" \/>\n<link rel=\"canonical\" href=\"https:\/\/redfoxlotto.com\/lt\/zaisti\/mega-millions\/\" \/>\n<meta property=\"og:locale\" content=\"lt_LT\" \/>\n<meta property=\"og:type\" content=\"article\" \/>\n<meta property=\"og:title\" content=\"\u017daiskite tarptautin\u0119 Mega Millions loterij\u0105 internetu i\u0161 Lietuvos\" \/>\n<meta property=\"og:description\" content=\"U\u017esisakykite savo Mega Millions loterijos biliet\u0105 \u010dia \u2013 i\u0161 Lietuvos ar bet kokios kitos \u0161alies!\" \/>\n<meta property=\"og:url\" content=\"https:\/\/redfoxlotto.com\/lt\/zaisti\/mega-millions\/\" \/>\n<meta property=\"og:site_name\" content=\"Get Tickets for the World\u2019s largest jackpots\" \/>\n<meta property=\"article:modified_time\" content=\"2025-12-17T09:12:09+00:00\" \/>\n<meta property=\"og:image\" content=\"https:\/\/content.redfoxlotto.com\/uploads\/sites\/9\/1_play_mega_millions_jackpot.jpg\" \/>\n<meta name=\"twitter:card\" content=\"summary_large_image\" \/>\n<meta name=\"twitter:label1\" content=\"Est. reading time\" \/>\n\t<meta name=\"twitter:data1\" content=\"3 minut\u0117s\" \/>\n<script type=\"application\/ld+json\" class=\"yoast-schema-graph\">{\"@context\":\"https:\/\/schema.org\",\"@graph\":[{\"@type\":\"WebPage\",\"@id\":\"https:\/\/redfoxlotto.com\/lt\/zaisti\/mega-millions\/\",\"url\":\"https:\/\/redfoxlotto.com\/lt\/zaisti\/mega-millions\/\",\"name\":\"\u017daiskite tarptautin\u0119 Mega Millions loterij\u0105 internetu i\u0161 Lietuvos\",\"isPartOf\":{\"@id\":\"https:\/\/redfoxlotto.com\/lt\/#website\"},\"primaryImageOfPage\":{\"@id\":\"https:\/\/redfoxlotto.com\/lt\/zaisti\/mega-millions\/#primaryimage\"},\"image\":{\"@id\":\"https:\/\/redfoxlotto.com\/lt\/zaisti\/mega-millions\/#primaryimage\"},\"thumbnailUrl\":\"https:\/\/content.redfoxlotto.com\/uploads\/sites\/9\/1_play_mega_millions_jackpot.jpg\",\"datePublished\":\"2023-04-24T17:37:44+00:00\",\"dateModified\":\"2025-12-17T09:12:09+00:00\",\"description\":\"U\u017esisakykite savo Mega Millions loterijos biliet\u0105 \u010dia \u2013 i\u0161 Lietuvos ar bet kokios kitos \u0161alies!\",\"breadcrumb\":{\"@id\":\"https:\/\/redfoxlotto.com\/lt\/zaisti\/mega-millions\/#breadcrumb\"},\"inLanguage\":\"lt-LT\",\"potentialAction\":[{\"@type\":\"ReadAction\",\"target\":[\"https:\/\/redfoxlotto.com\/lt\/zaisti\/mega-millions\/\"]}]},{\"@type\":\"ImageObject\",\"inLanguage\":\"lt-LT\",\"@id\":\"https:\/\/redfoxlotto.com\/lt\/zaisti\/mega-millions\/#primaryimage\",\"url\":\"https:\/\/content.redfoxlotto.com\/uploads\/sites\/9\/1_play_mega_millions_jackpot.jpg\",\"contentUrl\":\"https:\/\/content.redfoxlotto.com\/uploads\/sites\/9\/1_play_mega_millions_jackpot.jpg\"},{\"@type\":\"BreadcrumbList\",\"@id\":\"https:\/\/redfoxlotto.com\/lt\/zaisti\/mega-millions\/#breadcrumb\",\"itemListElement\":[{\"@type\":\"ListItem\",\"position\":1,\"name\":\"Home\",\"item\":\"https:\/\/redfoxlotto.com\/lt\/\"},{\"@type\":\"ListItem\",\"position\":2,\"name\":\"Kaip \u017eaisti kit\u0173 \u0161ali\u0173 loterijose\",\"item\":\"https:\/\/redfoxlotto.com\/lt\/zaisti\/\"},{\"@type\":\"ListItem\",\"position\":3,\"name\":\"\u017daiskite Mega Millions loterij\u0105 i\u0161 Lietuvos\"}]},{\"@type\":\"WebSite\",\"@id\":\"https:\/\/redfoxlotto.com\/lt\/#website\",\"url\":\"https:\/\/redfoxlotto.com\/lt\/\",\"name\":\"Get Tickets for the World\u2019s largest jackpots\",\"description\":\"Participate in worldwide lottery jackpots from any country\",\"publisher\":{\"@id\":\"https:\/\/redfoxlotto.com\/lt\/#organization\"},\"potentialAction\":[{\"@type\":\"SearchAction\",\"target\":{\"@type\":\"EntryPoint\",\"urlTemplate\":\"https:\/\/redfoxlotto.com\/lt\/?s={search_term_string}\"},\"query-input\":{\"@type\":\"PropertyValueSpecification\",\"valueRequired\":true,\"valueName\":\"search_term_string\"}}],\"inLanguage\":\"lt-LT\"},{\"@type\":\"Organization\",\"@id\":\"https:\/\/redfoxlotto.com\/lt\/#organization\",\"name\":\"Get Tickets for the World\u2019s largest jackpots\",\"url\":\"https:\/\/redfoxlotto.com\/lt\/\",\"logo\":{\"@type\":\"ImageObject\",\"inLanguage\":\"lt-LT\",\"@id\":\"https:\/\/redfoxlotto.com\/lt\/#\/schema\/logo\/image\/\",\"url\":\"https:\/\/redfoxlotto.com\/wp-content\/uploads\/2023\/04\/logo.png\",\"contentUrl\":\"https:\/\/redfoxlotto.com\/wp-content\/uploads\/2023\/04\/logo.png\",\"width\":269,\"height\":53,\"caption\":\"Get Tickets for the World\u2019s largest jackpots\"},\"image\":{\"@id\":\"https:\/\/redfoxlotto.com\/lt\/#\/schema\/logo\/image\/\"}}]}<\/script>\n<!-- \/ Yoast SEO plugin. -->","yoast_head_json":{"title":"\u017daiskite tarptautin\u0119 Mega Millions loterij\u0105 internetu i\u0161 Lietuvos","description":"U\u017esisakykite savo Mega Millions loterijos biliet\u0105 \u010dia \u2013 i\u0161 Lietuvos ar bet kokios kitos \u0161alies!","robots":{"index":"index","follow":"follow","max-snippet":"max-snippet:-1","max-image-preview":"max-image-preview:large","max-video-preview":"max-video-preview:-1"},"canonical":"https:\/\/redfoxlotto.com\/lt\/zaisti\/mega-millions\/","og_locale":"lt_LT","og_type":"article","og_title":"\u017daiskite tarptautin\u0119 Mega Millions loterij\u0105 internetu i\u0161 Lietuvos","og_description":"U\u017esisakykite savo Mega Millions loterijos biliet\u0105 \u010dia \u2013 i\u0161 Lietuvos ar bet kokios kitos \u0161alies!","og_url":"https:\/\/redfoxlotto.com\/lt\/zaisti\/mega-millions\/","og_site_name":"Get Tickets for the World\u2019s largest jackpots","article_modified_time":"2025-12-17T09:12:09+00:00","og_image":[{"url":"https:\/\/content.redfoxlotto.com\/uploads\/sites\/9\/1_play_mega_millions_jackpot.jpg"}],"twitter_card":"summary_large_image","twitter_misc":{"Est. reading time":"3 minut\u0117s"},"schema":{"@context":"https:\/\/schema.org","@graph":[{"@type":"WebPage","@id":"https:\/\/redfoxlotto.com\/lt\/zaisti\/mega-millions\/","url":"https:\/\/redfoxlotto.com\/lt\/zaisti\/mega-millions\/","name":"\u017daiskite tarptautin\u0119 Mega Millions loterij\u0105 internetu i\u0161 Lietuvos","isPartOf":{"@id":"https:\/\/redfoxlotto.com\/lt\/#website"},"primaryImageOfPage":{"@id":"https:\/\/redfoxlotto.com\/lt\/zaisti\/mega-millions\/#primaryimage"},"image":{"@id":"https:\/\/redfoxlotto.com\/lt\/zaisti\/mega-millions\/#primaryimage"},"thumbnailUrl":"https:\/\/content.redfoxlotto.com\/uploads\/sites\/9\/1_play_mega_millions_jackpot.jpg","datePublished":"2023-04-24T17:37:44+00:00","dateModified":"2025-12-17T09:12:09+00:00","description":"U\u017esisakykite savo Mega Millions loterijos biliet\u0105 \u010dia \u2013 i\u0161 Lietuvos ar bet kokios kitos \u0161alies!","breadcrumb":{"@id":"https:\/\/redfoxlotto.com\/lt\/zaisti\/mega-millions\/#breadcrumb"},"inLanguage":"lt-LT","potentialAction":[{"@type":"ReadAction","target":["https:\/\/redfoxlotto.com\/lt\/zaisti\/mega-millions\/"]}]},{"@type":"ImageObject","inLanguage":"lt-LT","@id":"https:\/\/redfoxlotto.com\/lt\/zaisti\/mega-millions\/#primaryimage","url":"https:\/\/content.redfoxlotto.com\/uploads\/sites\/9\/1_play_mega_millions_jackpot.jpg","contentUrl":"https:\/\/content.redfoxlotto.com\/uploads\/sites\/9\/1_play_mega_millions_jackpot.jpg"},{"@type":"BreadcrumbList","@id":"https:\/\/redfoxlotto.com\/lt\/zaisti\/mega-millions\/#breadcrumb","itemListElement":[{"@type":"ListItem","position":1,"name":"Home","item":"https:\/\/redfoxlotto.com\/lt\/"},{"@type":"ListItem","position":2,"name":"Kaip \u017eaisti kit\u0173 \u0161ali\u0173 loterijose","item":"https:\/\/redfoxlotto.com\/lt\/zaisti\/"},{"@type":"ListItem","position":3,"name":"\u017daiskite Mega Millions loterij\u0105 i\u0161 Lietuvos"}]},{"@type":"WebSite","@id":"https:\/\/redfoxlotto.com\/lt\/#website","url":"https:\/\/redfoxlotto.com\/lt\/","name":"Get Tickets for the World\u2019s largest jackpots","description":"Participate in worldwide lottery jackpots from any country","publisher":{"@id":"https:\/\/redfoxlotto.com\/lt\/#organization"},"potentialAction":[{"@type":"SearchAction","target":{"@type":"EntryPoint","urlTemplate":"https:\/\/redfoxlotto.com\/lt\/?s={search_term_string}"},"query-input":{"@type":"PropertyValueSpecification","valueRequired":true,"valueName":"search_term_string"}}],"inLanguage":"lt-LT"},{"@type":"Organization","@id":"https:\/\/redfoxlotto.com\/lt\/#organization","name":"Get Tickets for the World\u2019s largest jackpots","url":"https:\/\/redfoxlotto.com\/lt\/","logo":{"@type":"ImageObject","inLanguage":"lt-LT","@id":"https:\/\/redfoxlotto.com\/lt\/#\/schema\/logo\/image\/","url":"https:\/\/redfoxlotto.com\/wp-content\/uploads\/2023\/04\/logo.png","contentUrl":"https:\/\/redfoxlotto.com\/wp-content\/uploads\/2023\/04\/logo.png","width":269,"height":53,"caption":"Get Tickets for the World\u2019s largest jackpots"},"image":{"@id":"https:\/\/redfoxlotto.com\/lt\/#\/schema\/logo\/image\/"}}]}},"_links":{"self":[{"href":"https:\/\/redfoxlotto.com\/lt\/wp-json\/wp\/v2\/pages\/17117","targetHints":{"allow":["GET"]}}],"collection":[{"href":"https:\/\/redfoxlotto.com\/lt\/wp-json\/wp\/v2\/pages"}],"about":[{"href":"https:\/\/redfoxlotto.com\/lt\/wp-json\/wp\/v2\/types\/page"}],"author":[{"embeddable":true,"href":"https:\/\/redfoxlotto.com\/lt\/wp-json\/wp\/v2\/users\/1"}],"replies":[{"embeddable":true,"href":"https:\/\/redfoxlotto.com\/lt\/wp-json\/wp\/v2\/comments?post=17117"}],"version-history":[{"count":0,"href":"https:\/\/redfoxlotto.com\/lt\/wp-json\/wp\/v2\/pages\/17117\/revisions"}],"up":[{"embeddable":true,"href":"https:\/\/redfoxlotto.com\/lt\/wp-json\/wp\/v2\/pages\/17114"}],"wp:attachment":[{"href":"https:\/\/redfoxlotto.com\/lt\/wp-json\/wp\/v2\/media?parent=17117"}],"curies":[{"name":"wp","href":"https:\/\/api.w.org\/{rel}","templated":true}]}}