{"id":17116,"date":"2022-10-26T09:30:02","date_gmt":"2022-10-26T09:30:02","guid":{"rendered":"https:\/\/redfoxlotto.com\/?page_id=3641"},"modified":"2025-12-17T07:50:35","modified_gmt":"2025-12-17T07:50:35","slug":"euromillions","status":"publish","type":"page","link":"https:\/\/redfoxlotto.com\/lt\/zaisti\/euromillions\/","title":{"rendered":"Kaip \u017eaisti &#8222;Euromillions&#8221; i\u0161 Lietuvos"},"content":{"rendered":"<p><script type=\"application\/ld+json\">\n{\n  \"@context\": \"https:\/\/schema.org\",\n  \"@type\": \"Service\",\n  \"name\": \"\u017daiskite Euromillions Internete\",\n  \"url\": \"https:\/\/redfoxlotto.com\/lt\/zaisti\/euromillions\/\",\n  \"description\": \"\u017daiskite Euromillions loterij\u0105 internete i\u0161 bet kurios \u0161alies. Apsilankykite RedFoxLotto, pasirinkite savo numerius ir gaukite bilietus.\",\n  \"serviceType\": \"Online lottery ticket messenger service\",\n  \"provider\": {\n    \"@type\": \"Organization\",\n    \"name\": \"RedFoxLotto\",\n    \"url\": \"https:\/\/redfoxlotto.com\/lt\/\",\n    \"image\": \"https:\/\/redfoxlotto.com\/wp-content\/uploads\/2025\/12\/ticket_scans.jpg\",\n    \"sameAs\": []\n  },\n  \"areaServed\": \"Worldwide\",\n  \"termsOfService\": \"https:\/\/redfoxlotto.com\/terms-and-conditions\",\n  \"additionalProperty\": {\n    \"@type\": \"PropertyValue\",\n    \"name\": \"FAQ\",\n    \"value\": \"https:\/\/redfoxlotto.com\/lt\/faq\/\"\n  },\n  \"hasOfferCatalog\": {\n    \"@type\": \"OfferCatalog\",\n    \"name\": \"Euromillions Loterijos Bilietai\",\n    \"itemListElement\": [\n      {\n        \"@type\": \"Offer\",\n        \"name\": \"Euromillions Bilietai\",\n        \"url\": \"https:\/\/redfoxlotto.com\/lt\/zaisti\/euromillions\/\",\n        \"description\": \"Spustel\u0117kite \u010dia, kad pasirinktum\u0117te savo numerius kitam Euromillions traukimui \u2013 u\u017esisakykite bilietus internetu.\",\n        \"price\": \"7.00\",\n        \"priceCurrency\": \"EUR\",\n        \"availability\": \"https:\/\/schema.org\/InStock\",\n        \"itemOffered\": {\n          \"@type\": \"Service\",\n          \"name\": \"Euromillions Loterijos Bilietai\",\n          \"description\": \"\u017daiskite kitame Euromillions traukimui per RedFoxLotto.\"\n        }\n      }\n    ]\n  },\n  \"mainEntityOfPage\": {\n    \"@type\": \"WebPage\",\n    \"@id\": \"https:\/\/redfoxlotto.com\/lt\/zaisti\/euromillions\/\"\n  }\n}\n<\/script><\/p>\n<p>Ar i\u0161 tikr\u0173j\u0173 kada nors gird\u0117jote apie &#8222;EuroMillions&#8221;? Jei gyvenate Europos \u0161alyje, tikrai gird\u0117jote. Ta\u010diau jei gyvenate Lietuvoje, galb\u016bt ne. Taigi, pa\u017evelkime \u0161iek tiek atid\u017eiau \u012f tai, kaip \u017eaisti &#8222;EuroMillions&#8221; internete, ar ne?<\/p>\n<p>EuroMillions yra tarptautin\u0117 loterija, kuri\u0105 galima \u017eaisti devyniose Europos \u0161alyse. Tai rei\u0161kia, kad galb\u016bt jau gyvenate \u0161alyje, kurioje galite \u012fsigyti biliet\u0105. Ta\u010diau &#8222;EuroMillions&#8221; loterijos biliet\u0173 negalima nusipirkti kit\u0173 \u0161ali\u0173 parduotuv\u0117se, \u012fskaitant ir Lietuv\u0105.<\/p>\n<p>Dabar tikrai nor\u0117site k\u0105 nors d\u0117l to padaryti, nes, be &#8222;Eurojackpot&#8221;, &#8222;EuroMillions&#8221; yra did\u017eiausia loterija Europoje. \u0160i loterija buvo \u012fkurta 2004 m., o iki \u0161iol rekordinis laim\u0117jimas siekia 190 mln. eur\u0173. J\u012f 2014 m. spalio m\u0117n. laim\u0117jo vienas ne\u017einomas \u017eaid\u0117jas. Tai neabejotinai ka\u017ekas, k\u0105 nor\u0117site bent jau i\u0161bandyti, tiesa?<\/p>\n<p>Ar norite gal\u0117ti pasakyti, kad beveik laim\u0117jote &#8222;EuroMillions&#8221;? Na, tod\u0117l jums reik\u0117s daugiau su\u017einoti apie j\u0173 bilietus.<img loading=\"lazy\" decoding=\"async\" class=\"wp-image-4203 alignright\" src=\"https:\/\/content.redfoxlotto.com\/uploads\/sites\/9\/2_ticket_euromillions.jpg\" alt=\"Euromillions internetu\" width=\"156\" height=\"416\" \/><\/p>\n<p>EuroMillions loto traukimai vyksta Pary\u017eiuje antradieniais ir penktadieniais. Norint laim\u0117ti pagrindin\u012f priz\u0105, biliete turi b\u016bti teisingai nurodyti 5 skai\u010diai nuo 1 iki 50, taip pat &#8222;laimingoji \u017evaig\u017ed\u0117&#8221; &#8211; skai\u010dius nuo 1 iki 12. \u017dinoma, yra ir kit\u0173 laim\u0117jimo lygi\u0173. Kad laim\u0117tum\u0117te ma\u017eiausi\u0105 laim\u0117jim\u0105, turite teisingai pa\u017eym\u0117ti 2 i\u0161 5 pagrindini\u0173 skai\u010di\u0173.<\/p>\n<p>Visa tai rei\u0161kia, kad tur\u0117site tikrai daug \u0161ans\u0173 k\u0105 nors laim\u0117ti, nes norint laim\u0117ti priz\u0105 tereikia atsp\u0117ti 2 skai\u010dius. O kai laim\u0117site net ir ma\u017eesn\u012f priz\u0105, tur\u0117site pinig\u0173, kuri\u0173 reikia naujam bilietui \u012fsigyti ir v\u0117l bandyti laim\u0117ti kitame lo\u0161ime.<\/p>\n<h2>Kaip veikia biliet\u0173 pirkimas internetu i\u0161 Lietuvos?<\/h2>\n<p>Nor\u0117dami \u012fsigyti bilietus ir \u017eaisti &#8222;EuroMillions&#8221; internetu i\u0161 Lietuvos, m\u016bs\u0173 svetain\u0117je tereikia spustel\u0117ti &#8222;EuroMillions&#8221;. I\u0161 ten jums bus pateikti visi \u017eingsniai, k\u0105 turite padaryti, kad \u012fsigytum\u0117te \u0161\u012f biliet\u0105. I\u0161sirinksite skai\u010dius, bet kokius norimus skai\u010dius (jei tik jie atitinka taisykles). Taip pat galima pasinaudoti funkcija &#8222;Greitasis pasirinkimas&#8221;.<\/p>\n<p>Vienu pel\u0117s spustel\u0117jimu galite papra\u0161yti, kad atsitiktini\u0173 skai\u010di\u0173 generatorius nustatyt\u0173 j\u016bs\u0173 numerius. Jei norite, galite rankiniu b\u016bdu keisti pasirinktus skai\u010dius, kad gautum\u0117te savo pasirinkt\u0173 skai\u010di\u0173 ir atsitiktinai parinkt\u0173 skai\u010di\u0173 derin\u012f. Tada \u012f krep\u0161el\u012f \u012fd\u0117kite tiek biliet\u0173, kiek norite, kad gal\u0117tum\u0117te \u012fsigyti.<\/p>\n<p>Jei norite, \u012f u\u017esakym\u0105 galite \u012ftraukti daugiau biliet\u0173. J\u016bs\u0173 u\u017esakyme gali b\u016bti net kit\u0173 loterij\u0173 bilietai. Daugelis m\u016bs\u0173 klient\u0173 vienu metu \u017eaid\u017eia keliose tarptautin\u0117se loterijose. Dauguma \u017emoni\u0173 loterijas renkasi pagal dabartin\u012f aukso puodo dyd\u012f, tod\u0117l tikriausiai rasite ir &#8222;EuroMillions&#8221;. \u0160is aukso puodas neabejotinai da\u017eniausiai b\u016bna labai geras, tod\u0117l j\u012f nor\u0117site pamatyti patys (ir jame sudalyvauti).<\/p>\n<p>Tada vadovaukit\u0117s m\u016bs\u0173 svetain\u0117je pateiktais nurodymais, kad u\u017ebaigtum\u0117te pirkim\u0105 ir sumok\u0117tum\u0117te internetu. Net jei dar neturite m\u016bs\u0173 paskyros, biliet\u0105 galite tur\u0117ti vos per kelias minutes. Mes i\u0161 ties\u0173 taip lengvai leid\u017eiame prad\u0117ti kelion\u0119.<\/p>\n<h2>Tarptautini\u0173 loterij\u0173, toki\u0173 kaip &#8222;Euromillions&#8221;, \u017eaidimo internetu privalumai<\/h2>\n<p>Atmetus patogum\u0105, \u010dia yra vienas i\u0161 pagrindini\u0173 privalum\u0173 \u017eaid\u017eiant tarptautin\u0117s loterijos prizus. Galite pelningiau panaudoti loterijos pinigus pirkdami tik t\u0173 loterij\u0173 bilietus, kuri\u0173 pagrindiniai prizai \u0161iuo metu yra pakankamai dideli. Nereikia laukti savait\u0117mis, kol j\u016bs\u0173 \u0161alyje nacionalin\u0117s loterijos pagrindinis prizas bus pakankamai didelis. I\u0161 esm\u0117s bet kada galite pasirinkti daug didesn\u012f aukso puod\u0105 internete. Ties\u0105 sakant, daugumoje Pasaulio \u0161ali\u0173 loterijos niekada nepasiekia toki\u0173 aukso puod\u0173, kurie tur\u0117t\u0173 net dalel\u0119 to, k\u0105 turi did\u017eiausios pasaulin\u0117s loterijos.<\/p>\n<p>Tiems, kurie tikrai nori i\u0161lo\u0161ti vienus did\u017eiausi\u0173 priz\u0173, kurie neabejotinai yra geriausia dalis i\u0161 vis\u0173. J\u016bs norite tur\u0117ti galimyb\u0119 laim\u0117ti milijonus, o ne kokias nors ma\u017eas sumas, nuo kuri\u0173 prasideda loterijos Lietuvoje. \u017dinoma, malonu laim\u0117ti. Bet bus dar maloniau laim\u0117ti, jei laim\u0117site ka\u017ek\u0105, kas tikrai pakeis j\u016bs\u0173 gyvenim\u0105, o ne laim\u0117site ka\u017ek\u0105, kas tik nupirks jums kit\u0105 norim\u0105 biliet\u0105.<\/p>\n<p>D\u0117l to, kad kas savait\u0119 vyksta du lo\u0161imai, &#8222;EuroMillions&#8221; pagrindinis prizas did\u0117ja gana greitai. D\u0117l \u0161ios prie\u017easties galite apsvarstyti galimyb\u0119 aktyvuoti galimyb\u0119, kad j\u016bs\u0173 bilietai dalyvaut\u0173 keliuose tira\u017euose i\u0161 eil\u0117s. Tai galite padaryti pirkdami internetu.<img loading=\"lazy\" decoding=\"async\" class=\"alignright size-full wp-image-4215\" src=\"https:\/\/content.redfoxlotto.com\/uploads\/sites\/9\/1_play_onlinelottery4.jpg\" alt=\"\u017eaisti internetu\" width=\"231\" height=\"130\" \/><\/p>\n<p>\u0160i\u0105 parinkt\u012f gal\u0117site pasirinkti prie\u0161 u\u017ebaigdami u\u017esakym\u0105. Taigi visada i\u0161liksite \u017eaidime d\u0117l kito did\u017eiausio pagrindinio prizo sekan\u010diame tira\u017ee. Kitame tira\u017ee pagrindinio prizo laim\u0117tojo gali ir neatsirasti, bet galb\u016bt po jo vyksian\u010diame tira\u017ee jums pasiseks.<\/p>\n<p>Jei \u012fsigyjate papildomus tira\u017eus u\u017e vien\u0105 biliet\u0105, tai taip pat rei\u0161kia, kad jums nereik\u0117s ilgiau r\u016bpintis, ar gausite daugiau biliet\u0173. Galite tiesiog palaukti ir pa\u017ei\u016br\u0117ti, k\u0105 j\u016bs\u0173 dabartinis bilietas padarys ir kaip jis jums atne\u0161 didel\u012f laim\u0117jim\u0105. Tai labai paprasta ir pamat\u0119 galim\u0105 laim\u0117jim\u0105 b\u016bsite daugiau nei laimingi.<\/p>\n<p>\u017daid\u0117jai moka \u0161iek tiek daugiau, nes \u201eEuroMillions\u201c bilietai perkami Jungtin\u0117je Karalyst\u0117je. Taip yra d\u0117l to, kad Jungtin\u0117s Karalyst\u0117s bilietai automati\u0161kai \u012ftraukiami \u012f \u201eMillionaire Maker\u201c lo\u0161im\u0105, kuris suteikia papildom\u0105 galimyb\u0119 laim\u0117ti 1 mln. svar\u0173 sterling\u0173 atlyg\u012f.<\/p>\n<p>Millionaire Maker veikia generuodamas unikal\u0173 kiekvieno nupirkto bilieto kod\u0105. \u0160\u012f kod\u0105 sudaro keturios raid\u0117s ir penki skai\u010diai (pvz., ABCD12345). Kiekvieno burt\u0173 traukimo metu atsitiktine tvarka i\u0161renkamas vienas ar keli i\u0161 \u0161i\u0173 kod\u0173, o biliet\u0173 tur\u0117tojas, kurio kodas sutampa, i\u0161 karto laimi 1 milijon\u0105 svar\u0173 sterling\u0173, nepriklausomai nuo i\u0161traukt\u0173 pagrindini\u0173 \u201eEuroMillions\u201c skai\u010di\u0173.<\/p>\n<p>D\u0117l \u0161ios savyb\u0117s \u017eaisti \u201eEuroMillions\u201c Jungtin\u0117je Karalyst\u0117je ypa\u010d patrauklu, nes tai suteikia papildom\u0105 galimyb\u0119 laim\u0117ti reik\u0161ming\u0105 priz\u0105 be standartinio pagrindinio prizo ir \u017eemesn\u0117s pakopos apdovanojim\u0173.<\/p>\n<p>Taigi, jei j\u016bs\u0173 vietin\u0117s loterijos Lietuvoje pagrindinis prizas \u0161iuo metu n\u0117ra toks patrauklus, kod\u0117l gi nepaband\u017eius laim\u0117s ir ne\u017eaidus &#8222;EuroMillions&#8221; internetu? Niekada ne\u017einai, d\u0117l ko gali var\u017eytis ir k\u0105 gali laim\u0117ti. O vis\u0105 proces\u0105 prad\u0117ti itin paprasta. K\u0105 galite prarasti i\u0161bandydami visi\u0161kai nauj\u0105 \u017eaidim\u0105, kurio prizai vir\u0161ija 100 milijon\u0173? Absoliu\u010diai nieko! O kitame lo\u0161ime galite laim\u0117ti ka\u017ek\u0105 did\u017eiulio.<\/p>\n<section class=\"layout\" style=\"border: solid 1px; width: 100%;\">\n<div class=\"img-div\" style=\"margin-top: 5px;\"><img decoding=\"async\" class=\"wp-image-17212 alignleft\" style=\"height: 45px; margin: 8px 8px 0px;\" src=\"https:\/\/redfoxlotto.com\/wp-content\/uploads\/sites\/9\/read1.jpg\" alt=\"Pirkti loterij\u0105 internetu\" width=\"\" height=\"\" \/><\/div>\n<div style=\"padding-left: 5px;\">\n<div style=\"font-size: 1.1em;\">\n<p><strong>Did\u017eiausi loterijos aukso puodai, kurie \u012f\u0117jo \u012f istorij\u0105<\/strong><\/p>\n<p style=\"font-size: 0.8em; margin-top: -1.5em;\">Su\u017einokite apie kai kuriuos did\u017eiausius istorijoje loterijos laim\u0117jimus, kurie per vien\u0105 nakt\u012f pakeit\u0117 laim\u0117toj\u0173 gyvenim\u0105. <a href=\"https:\/\/redfoxlotto.com\/lt\/largest-lottery-jackpots\/\">Skaityti daugiau<\/a><\/p>\n<\/div>\n<\/div>\n<\/section>\n","protected":false},"excerpt":{"rendered":"<p>Ar i\u0161 tikr\u0173j\u0173 kada nors gird\u0117jote apie &#8222;EuroMillions&#8221;? Jei gyvenate Europos \u0161alyje, tikrai gird\u0117jote. Ta\u010diau jei gyvenate Lietuvoje, galb\u016bt ne. Taigi, pa\u017evelkime \u0161iek tiek atid\u017eiau \u012f tai, kaip \u017eaisti &#8222;EuroMillions&#8221; internete, ar ne? EuroMillions yra tarptautin\u0117 loterija, kuri\u0105 galima \u017eaisti devyniose Europos \u0161alyse. Tai rei\u0161kia, kad galb\u016bt jau gyvenate \u0161alyje, kurioje galite \u012fsigyti biliet\u0105. Ta\u010diau [&hellip;]<\/p>\n","protected":false},"author":1,"featured_media":0,"parent":17114,"menu_order":3,"comment_status":"closed","ping_status":"closed","template":"euromillions.php","meta":{"_et_pb_use_builder":"","_et_pb_old_content":"","_et_gb_content_width":"","exclude_from_search":false,"footnotes":""},"class_list":["post-17116","page","type-page","status-publish","hentry"],"yoast_head":"<!-- This site is optimized with the Yoast SEO plugin v27.4 - https:\/\/yoast.com\/product\/yoast-seo-wordpress\/ -->\n<title>\u017daiskite Euromillions loterij\u0105 internetu Lietuvoje | Did\u017eiausia Europos loterija<\/title>\n<meta name=\"description\" content=\"Lotto gerb\u0117jai i\u0161 Lietuvos gali \u017eaisti &quot;Euromillions&quot; internetu dabar - patikrinkite m\u016bs\u0173 paslaug\u0105 d\u0117l &quot;Euromillions&quot; bilieto\" \/>\n<meta name=\"robots\" content=\"index, follow, max-snippet:-1, max-image-preview:large, max-video-preview:-1\" \/>\n<link rel=\"canonical\" href=\"https:\/\/redfoxlotto.com\/lt\/zaisti\/euromillions\/\" \/>\n<meta property=\"og:locale\" content=\"lt_LT\" \/>\n<meta property=\"og:type\" content=\"article\" \/>\n<meta property=\"og:title\" content=\"\u017daiskite Euromillions loterij\u0105 internetu Lietuvoje | Did\u017eiausia Europos loterija\" \/>\n<meta property=\"og:description\" content=\"Lotto gerb\u0117jai i\u0161 Lietuvos gali \u017eaisti &quot;Euromillions&quot; internetu dabar - patikrinkite m\u016bs\u0173 paslaug\u0105 d\u0117l &quot;Euromillions&quot; bilieto\" \/>\n<meta property=\"og:url\" content=\"https:\/\/redfoxlotto.com\/lt\/zaisti\/euromillions\/\" \/>\n<meta property=\"og:site_name\" content=\"Get Tickets for the World\u2019s largest jackpots\" \/>\n<meta property=\"article:modified_time\" content=\"2025-12-17T07:50:35+00:00\" \/>\n<meta property=\"og:image\" content=\"https:\/\/content.redfoxlotto.com\/uploads\/sites\/9\/2_ticket_euromillions.jpg\" \/>\n<meta name=\"twitter:card\" content=\"summary_large_image\" \/>\n<meta name=\"twitter:label1\" content=\"Est. reading time\" \/>\n\t<meta name=\"twitter:data1\" content=\"5 minut\u0117s\" \/>\n<script type=\"application\/ld+json\" class=\"yoast-schema-graph\">{\"@context\":\"https:\\\/\\\/schema.org\",\"@graph\":[{\"@type\":\"WebPage\",\"@id\":\"https:\\\/\\\/redfoxlotto.com\\\/lt\\\/zaisti\\\/euromillions\\\/\",\"url\":\"https:\\\/\\\/redfoxlotto.com\\\/lt\\\/zaisti\\\/euromillions\\\/\",\"name\":\"\u017daiskite Euromillions loterij\u0105 internetu Lietuvoje | Did\u017eiausia Europos loterija\",\"isPartOf\":{\"@id\":\"https:\\\/\\\/redfoxlotto.com\\\/lt\\\/#website\"},\"primaryImageOfPage\":{\"@id\":\"https:\\\/\\\/redfoxlotto.com\\\/lt\\\/zaisti\\\/euromillions\\\/#primaryimage\"},\"image\":{\"@id\":\"https:\\\/\\\/redfoxlotto.com\\\/lt\\\/zaisti\\\/euromillions\\\/#primaryimage\"},\"thumbnailUrl\":\"https:\\\/\\\/content.redfoxlotto.com\\\/uploads\\\/sites\\\/9\\\/2_ticket_euromillions.jpg\",\"datePublished\":\"2022-10-26T09:30:02+00:00\",\"dateModified\":\"2025-12-17T07:50:35+00:00\",\"description\":\"Lotto gerb\u0117jai i\u0161 Lietuvos gali \u017eaisti \\\"Euromillions\\\" internetu dabar - patikrinkite m\u016bs\u0173 paslaug\u0105 d\u0117l \\\"Euromillions\\\" bilieto\",\"breadcrumb\":{\"@id\":\"https:\\\/\\\/redfoxlotto.com\\\/lt\\\/zaisti\\\/euromillions\\\/#breadcrumb\"},\"inLanguage\":\"lt-LT\",\"potentialAction\":[{\"@type\":\"ReadAction\",\"target\":[\"https:\\\/\\\/redfoxlotto.com\\\/lt\\\/zaisti\\\/euromillions\\\/\"]}]},{\"@type\":\"ImageObject\",\"inLanguage\":\"lt-LT\",\"@id\":\"https:\\\/\\\/redfoxlotto.com\\\/lt\\\/zaisti\\\/euromillions\\\/#primaryimage\",\"url\":\"https:\\\/\\\/content.redfoxlotto.com\\\/uploads\\\/sites\\\/9\\\/2_ticket_euromillions.jpg\",\"contentUrl\":\"https:\\\/\\\/content.redfoxlotto.com\\\/uploads\\\/sites\\\/9\\\/2_ticket_euromillions.jpg\"},{\"@type\":\"BreadcrumbList\",\"@id\":\"https:\\\/\\\/redfoxlotto.com\\\/lt\\\/zaisti\\\/euromillions\\\/#breadcrumb\",\"itemListElement\":[{\"@type\":\"ListItem\",\"position\":1,\"name\":\"Home\",\"item\":\"https:\\\/\\\/redfoxlotto.com\\\/lt\\\/\"},{\"@type\":\"ListItem\",\"position\":2,\"name\":\"Kaip \u017eaisti kit\u0173 \u0161ali\u0173 loterijose\",\"item\":\"https:\\\/\\\/redfoxlotto.com\\\/lt\\\/zaisti\\\/\"},{\"@type\":\"ListItem\",\"position\":3,\"name\":\"Kaip \u017eaisti &#8222;Euromillions&#8221; i\u0161 Lietuvos\"}]},{\"@type\":\"WebSite\",\"@id\":\"https:\\\/\\\/redfoxlotto.com\\\/lt\\\/#website\",\"url\":\"https:\\\/\\\/redfoxlotto.com\\\/lt\\\/\",\"name\":\"Get Tickets for the World\u2019s largest jackpots\",\"description\":\"Participate in worldwide lottery jackpots from any country\",\"publisher\":{\"@id\":\"https:\\\/\\\/redfoxlotto.com\\\/lt\\\/#organization\"},\"potentialAction\":[{\"@type\":\"SearchAction\",\"target\":{\"@type\":\"EntryPoint\",\"urlTemplate\":\"https:\\\/\\\/redfoxlotto.com\\\/lt\\\/?s={search_term_string}\"},\"query-input\":{\"@type\":\"PropertyValueSpecification\",\"valueRequired\":true,\"valueName\":\"search_term_string\"}}],\"inLanguage\":\"lt-LT\"},{\"@type\":\"Organization\",\"@id\":\"https:\\\/\\\/redfoxlotto.com\\\/lt\\\/#organization\",\"name\":\"Get Tickets for the World\u2019s largest jackpots\",\"url\":\"https:\\\/\\\/redfoxlotto.com\\\/lt\\\/\",\"logo\":{\"@type\":\"ImageObject\",\"inLanguage\":\"lt-LT\",\"@id\":\"https:\\\/\\\/redfoxlotto.com\\\/lt\\\/#\\\/schema\\\/logo\\\/image\\\/\",\"url\":\"https:\\\/\\\/redfoxlotto.com\\\/wp-content\\\/uploads\\\/2023\\\/04\\\/logo.png\",\"contentUrl\":\"https:\\\/\\\/redfoxlotto.com\\\/wp-content\\\/uploads\\\/2023\\\/04\\\/logo.png\",\"width\":269,\"height\":53,\"caption\":\"Get Tickets for the World\u2019s largest jackpots\"},\"image\":{\"@id\":\"https:\\\/\\\/redfoxlotto.com\\\/lt\\\/#\\\/schema\\\/logo\\\/image\\\/\"}}]}<\/script>\n<!-- \/ Yoast SEO plugin. -->","yoast_head_json":{"title":"\u017daiskite Euromillions loterij\u0105 internetu Lietuvoje | Did\u017eiausia Europos loterija","description":"Lotto gerb\u0117jai i\u0161 Lietuvos gali \u017eaisti \"Euromillions\" internetu dabar - patikrinkite m\u016bs\u0173 paslaug\u0105 d\u0117l \"Euromillions\" bilieto","robots":{"index":"index","follow":"follow","max-snippet":"max-snippet:-1","max-image-preview":"max-image-preview:large","max-video-preview":"max-video-preview:-1"},"canonical":"https:\/\/redfoxlotto.com\/lt\/zaisti\/euromillions\/","og_locale":"lt_LT","og_type":"article","og_title":"\u017daiskite Euromillions loterij\u0105 internetu Lietuvoje | Did\u017eiausia Europos loterija","og_description":"Lotto gerb\u0117jai i\u0161 Lietuvos gali \u017eaisti \"Euromillions\" internetu dabar - patikrinkite m\u016bs\u0173 paslaug\u0105 d\u0117l \"Euromillions\" bilieto","og_url":"https:\/\/redfoxlotto.com\/lt\/zaisti\/euromillions\/","og_site_name":"Get Tickets for the World\u2019s largest jackpots","article_modified_time":"2025-12-17T07:50:35+00:00","og_image":[{"url":"https:\/\/content.redfoxlotto.com\/uploads\/sites\/9\/2_ticket_euromillions.jpg","type":"","width":"","height":""}],"twitter_card":"summary_large_image","twitter_misc":{"Est. reading time":"5 minut\u0117s"},"schema":{"@context":"https:\/\/schema.org","@graph":[{"@type":"WebPage","@id":"https:\/\/redfoxlotto.com\/lt\/zaisti\/euromillions\/","url":"https:\/\/redfoxlotto.com\/lt\/zaisti\/euromillions\/","name":"\u017daiskite Euromillions loterij\u0105 internetu Lietuvoje | Did\u017eiausia Europos loterija","isPartOf":{"@id":"https:\/\/redfoxlotto.com\/lt\/#website"},"primaryImageOfPage":{"@id":"https:\/\/redfoxlotto.com\/lt\/zaisti\/euromillions\/#primaryimage"},"image":{"@id":"https:\/\/redfoxlotto.com\/lt\/zaisti\/euromillions\/#primaryimage"},"thumbnailUrl":"https:\/\/content.redfoxlotto.com\/uploads\/sites\/9\/2_ticket_euromillions.jpg","datePublished":"2022-10-26T09:30:02+00:00","dateModified":"2025-12-17T07:50:35+00:00","description":"Lotto gerb\u0117jai i\u0161 Lietuvos gali \u017eaisti \"Euromillions\" internetu dabar - patikrinkite m\u016bs\u0173 paslaug\u0105 d\u0117l \"Euromillions\" bilieto","breadcrumb":{"@id":"https:\/\/redfoxlotto.com\/lt\/zaisti\/euromillions\/#breadcrumb"},"inLanguage":"lt-LT","potentialAction":[{"@type":"ReadAction","target":["https:\/\/redfoxlotto.com\/lt\/zaisti\/euromillions\/"]}]},{"@type":"ImageObject","inLanguage":"lt-LT","@id":"https:\/\/redfoxlotto.com\/lt\/zaisti\/euromillions\/#primaryimage","url":"https:\/\/content.redfoxlotto.com\/uploads\/sites\/9\/2_ticket_euromillions.jpg","contentUrl":"https:\/\/content.redfoxlotto.com\/uploads\/sites\/9\/2_ticket_euromillions.jpg"},{"@type":"BreadcrumbList","@id":"https:\/\/redfoxlotto.com\/lt\/zaisti\/euromillions\/#breadcrumb","itemListElement":[{"@type":"ListItem","position":1,"name":"Home","item":"https:\/\/redfoxlotto.com\/lt\/"},{"@type":"ListItem","position":2,"name":"Kaip \u017eaisti kit\u0173 \u0161ali\u0173 loterijose","item":"https:\/\/redfoxlotto.com\/lt\/zaisti\/"},{"@type":"ListItem","position":3,"name":"Kaip \u017eaisti &#8222;Euromillions&#8221; i\u0161 Lietuvos"}]},{"@type":"WebSite","@id":"https:\/\/redfoxlotto.com\/lt\/#website","url":"https:\/\/redfoxlotto.com\/lt\/","name":"Get Tickets for the World\u2019s largest jackpots","description":"Participate in worldwide lottery jackpots from any country","publisher":{"@id":"https:\/\/redfoxlotto.com\/lt\/#organization"},"potentialAction":[{"@type":"SearchAction","target":{"@type":"EntryPoint","urlTemplate":"https:\/\/redfoxlotto.com\/lt\/?s={search_term_string}"},"query-input":{"@type":"PropertyValueSpecification","valueRequired":true,"valueName":"search_term_string"}}],"inLanguage":"lt-LT"},{"@type":"Organization","@id":"https:\/\/redfoxlotto.com\/lt\/#organization","name":"Get Tickets for the World\u2019s largest jackpots","url":"https:\/\/redfoxlotto.com\/lt\/","logo":{"@type":"ImageObject","inLanguage":"lt-LT","@id":"https:\/\/redfoxlotto.com\/lt\/#\/schema\/logo\/image\/","url":"https:\/\/redfoxlotto.com\/wp-content\/uploads\/2023\/04\/logo.png","contentUrl":"https:\/\/redfoxlotto.com\/wp-content\/uploads\/2023\/04\/logo.png","width":269,"height":53,"caption":"Get Tickets for the World\u2019s largest jackpots"},"image":{"@id":"https:\/\/redfoxlotto.com\/lt\/#\/schema\/logo\/image\/"}}]}},"_links":{"self":[{"href":"https:\/\/redfoxlotto.com\/lt\/wp-json\/wp\/v2\/pages\/17116","targetHints":{"allow":["GET"]}}],"collection":[{"href":"https:\/\/redfoxlotto.com\/lt\/wp-json\/wp\/v2\/pages"}],"about":[{"href":"https:\/\/redfoxlotto.com\/lt\/wp-json\/wp\/v2\/types\/page"}],"author":[{"embeddable":true,"href":"https:\/\/redfoxlotto.com\/lt\/wp-json\/wp\/v2\/users\/1"}],"replies":[{"embeddable":true,"href":"https:\/\/redfoxlotto.com\/lt\/wp-json\/wp\/v2\/comments?post=17116"}],"version-history":[{"count":0,"href":"https:\/\/redfoxlotto.com\/lt\/wp-json\/wp\/v2\/pages\/17116\/revisions"}],"up":[{"embeddable":true,"href":"https:\/\/redfoxlotto.com\/lt\/wp-json\/wp\/v2\/pages\/17114"}],"wp:attachment":[{"href":"https:\/\/redfoxlotto.com\/lt\/wp-json\/wp\/v2\/media?parent=17116"}],"curies":[{"name":"wp","href":"https:\/\/api.w.org\/{rel}","templated":true}]}}