{"id":17115,"date":"2023-04-24T17:44:36","date_gmt":"2023-04-24T17:44:36","guid":{"rendered":"https:\/\/redfoxlotto.com\/?page_id=3639"},"modified":"2025-12-16T14:21:10","modified_gmt":"2025-12-16T14:21:10","slug":"eurojackpot","status":"publish","type":"page","link":"https:\/\/redfoxlotto.com\/lt\/zaisti\/eurojackpot\/","title":{"rendered":"\u017daiskite Eurojackpot loterij\u0105"},"content":{"rendered":"<p><script type=\"application\/ld+json\">\n{\n  \"@context\": \"https:\/\/schema.org\",\n  \"@type\": \"Service\",\n  \"name\": \"\u017daiskite Eurojackpot internetu\",\n  \"url\": \"https:\/\/redfoxlotto.com\/lt\/zaisti\/eurojackpot\/\",\n  \"description\": \"\u017daiskite Eurojackpot loterij\u0105 internetu i\u0161 bet kurios \u0161alies. Apsilankykite RedFoxLotto, pasirinkite savo skai\u010dius ir gaukite bilietus.\",\n  \"serviceType\": \"Internetini\u0173 loterijos biliet\u0173 tarpininkavimo paslauga\",\n  \"provider\": {\n    \"@type\": \"Organization\",\n    \"name\": \"RedFoxLotto\",\n    \"url\": \"https:\/\/redfoxlotto.com\/lt\/\",\n    \"image\": \"https:\/\/redfoxlotto.com\/wp-content\/uploads\/2025\/12\/ticket_scans.jpg\",\n    \"sameAs\": []\n  },\n  \"areaServed\": \"Worldwide\",\n  \"termsOfService\": \"https:\/\/redfoxlotto.com\/terms-and-conditions\",\n  \"additionalProperty\": {\n    \"@type\": \"PropertyValue\",\n    \"name\": \"FAQ\",\n    \"value\": \"https:\/\/redfoxlotto.com\/lt\/faq\/\"\n  },\n  \"hasOfferCatalog\": {\n    \"@type\": \"OfferCatalog\",\n    \"name\": \"Eurojackpot bilietai\",\n    \"itemListElement\": [\n      {\n        \"@type\": \"Offer\",\n        \"name\": \"Eurojackpot bilietai\",\n        \"url\": \"https:\/\/redfoxlotto.com\/lt\/zaisti\/eurojackpot\/\",\n        \"description\": \"Spustel\u0117kite \u010dia, kad pasirinktum\u0117te savo skai\u010dius kitam Eurojackpot tira\u017eui ir u\u017esisakytum\u0117te bilietus internetu.\",\n        \"price\": 6.00,\n        \"priceCurrency\": \"EUR\",\n        \"availability\": \"https:\/\/schema.org\/InStock\",\n        \"itemOffered\": {\n          \"@type\": \"Service\",\n          \"name\": \"Eurojackpot bilietai\",\n          \"description\": \"Dalyvaukite kitame Eurojackpot tira\u017ee per RedFoxLotto.\"\n        }\n      }\n    ]\n  },\n  \"mainEntityOfPage\": {\n    \"@type\": \"WebPage\",\n    \"@id\": \"https:\/\/redfoxlotto.com\/lt\/zaisti\/eurojackpot\/\"\n  }\n}\n<\/script><\/p>\n<p><!--more--><\/p>\n<p>Galb\u016bt jums teko gird\u0117ti apie Eurojackpot loterij\u0105, nesvarbu gyventate Europoje, kur ji lo\u0161iama, ar ne. Tai loterija kuri prasid\u0117jo 2012 metais ir joje dalyvauja 19 Europos S\u0105jungos \u0161ali\u0173. Ta\u010diau jeigu gyvenate Lietuvoje, ar kitoje i\u0161 \u012f dalyvi\u0173 s\u0105ra\u0161a ne\u012ftraukt\u0173 valstybi\u0173, jums gali neb\u016bti b\u016bdo tradiciniu b\u016bdu nusipirkti Eurojackpot loterijos bilieto.<\/p>\n<p>Tai rei\u0161kia, kad dar visai neseniai, j\u016bs neb\u016btum\u0117te t\u016br\u0117j\u0119 galimyb\u0117s \u017eaisti, ir tikrai neb\u016bt\u016bm\u0117t\u0119 t\u016br\u0117j\u0119 \u0161anc\u0173 pasiglem\u017eti \u0161\u012f aukso puod\u0105, tiesa? Na, dabar galite dalyvauti Eurojackpot loterijoje internetu.<\/p>\n<h2>Internetas atkeliauja jums \u012f pagalb\u0105<\/h2>\n<p><img decoding=\"async\" class=\"size-full wp-image alignright\" src=\"https:\/\/content.redfoxlotto.com\/uploads\/sites\/9\/2_ticket_eurojackpot1.jpg\" alt=\"eurojackpot \u017eaisti internete\" \/><\/p>\n<p>Loterij\u0173 m\u0117g\u0117jams Lietuvoje ir kitose \u0161alyse kuriose nerasite nusipirkti \u0161iai loterijai bilieto, yra m\u016bs\u0173 internetin\u0117 svetain\u0117. Suteikiame galimyb\u0119 dalyvauti ne tik Eurojackpot loterijoje, bet ir daugelyje kit\u0173. Tai k\u0105 mes si\u016blome yra kurjeri\u0173 paslaugos, m\u016bs\u0173 kurjeriai pagal j\u016bs\u0173 i\u0161sirinktus skai\u010dius nupirks bilietus, nesvarbu kokioje pasaulioje vietoje jums to reik\u0117tu. Kitokiu atveju, jeigu ne visos, tai bent dauguma pasaulio loterij\u0173 neb\u016bt\u0173 jums prieinamos!<\/p>\n<h2>D\u0117l ko \u017eaisti Eurojackpot loterijoje?<\/h2>\n<p>Gal\u0173 gale mes \u017einome, kad \u017emon\u0117s i\u0161 Lietuvos tikrai nori galimyb\u0117s \u017eaisti ir laim\u0117ti \u0161iuos did\u017eiuosius prizus, o ne u\u017estrigti tik savo nacionalini\u0173 loterijos \u017eaidim\u0173 prizuose.<\/p>\n<p>Jums tereikia i\u0161sirinkti i\u0161 m\u016bs\u0173 loterij\u0173 s\u0105ra\u0161o. Mes turime kelet\u0105 populiariausi\u0173 loterij\u0173 bet kuriame pasaulio kra\u0161te. Tokiu b\u016bdu galite pasi\u017ei\u016br\u0117ti, pamatyti, k\u0105 kiekviena loterija gali pasi\u016blyti, ir nuspr\u0119sti, kurios i\u0161 j\u0173 labiausiai domina.<\/p>\n<p>Tada pasirinkite numerius rankiniu b\u016bdu arba leiskite m\u016bs\u0173 atsitiktini\u0173 skai\u010di\u0173 generatoriui tai padaryti u\u017e jus \u201eQuick pick\u201c funkcijai (Greitojo pasirinkimo funkcija). J\u016bs netgi galite sujungti abu, pasirinkdami kelet\u0105 skai\u010di\u0173 ir tada atsitiktinai prid\u0117dami bet kokius kitus skai\u010dius, kuri\u0173 jums reikia u\u017epildyti bilietus. Tokiu b\u016bdu galite gauti kelet\u0105 norim\u0173 skai\u010di\u0173 ir vis tiek galite u\u017epildyti kortel\u0119 savaip, jei \u017einote visus norimus skai\u010dius.<\/p>\n<p>Jei norite, prid\u0117kite daugiau biliet\u0173, pamai\u0161ykite \u012fvairi\u0173 loterij\u0173 biliet\u0173. Tai pad\u0117s jums padidinti j\u016bs\u0173 \u0161ansus, nes j\u016bs \u017eaid\u017eiate daugyb\u0119 skirting\u0173 \u017eaidim\u0173 vienu metu. J\u016bs netgi galite padaryti tai, kas yra labai populiaru tarp m\u016bs\u0173 klient\u0173, \u017eaisti tuos pa\u010dius skai\u010di\u0173 rinkinius keliose loterijose \u012f priek\u012f.<\/p>\n<p>Kai kuriems tai atrodo puikus b\u016bdas padidinti savo galimybes laim\u0117ti, nes tie skai\u010diai ka\u017ekada ju gi turi b\u016bti i\u0161ridenti, tiesa? Turi b\u016bti b\u016bdas laim\u0117ti su \u0161iais skai\u010diais?<\/p>\n<p>Kai jau t\u016br\u0117ite visus norimus bilietus, galite naudotis vienu, i\u0161 m\u016bs\u0173 si\u016blom\u0173 daugyb\u0117s apmok\u0117jimo b\u016bd\u0173. Yra kr\u016bva apmok\u0117jimo b\u016bd\u0173.<\/p>\n<p>Nepamir\u0161kite nurodyti keliuose lo\u0161imuose norite dalyvauti. Tai yra labai svarbu, nes dabartinis aukso puodas gali b\u016bti nelaim\u0117tas t\u0105 traukim\u0105. Nenor\u0117tum\u0117te praleisti savo galimyb\u0117 laim\u0117ti \u0161io prizo sekan\u010diame traukime, tiesa?<\/p>\n<h2>Kas \u012fvyksta tada?<\/h2>\n<p>\u017daid\u017eiant Eurojackpot internetu viskas yra gan\u0117tinai paprasta. Mes turime tinkl\u0105 agent\u0173, kurie nupirks j\u016bs\u0173 konkre\u010diai parinktose vietov\u0117se. J\u016bs\u0173 RedFoxLotto.com kliento paskyroje, pamatysite savo u\u017esakymo patvirtinim\u0105. \u017dinoma, \u0161\u012f patvirtinim\u0105 taip pat gausite ir el. Pa\u0161tu. Tai rei\u0161kia, kad galite b\u016bti ram\u016bs, jog viskas bus atlikta taip kaip planavote, ir bilietai bus paruo\u0161ti dar pries laiming\u0173 skai\u010di\u0173 traukim\u0105.<\/p>\n<p>Gausite prane\u0161ima el. Pa\u0161tu jeigu vienas i\u0161 j\u016bs\u0173 biliet\u0173 laim\u0117s. Kol j\u016bs\u0173 laim\u0117jimas nevir\u0161ija 2500 eur\u0173 sumos, \u0161ie pinigai bus i\u0161 karto pervedami \u012f j\u016bs\u0173 paskyros pinigin\u0119. I\u0161 \u0161ios pinigin\u0117s galite pasirinkti arba i\u0161sigryninti pinigus \u012f savo asmenin\u0119 banko s\u0105skait\u0105 arba panaudoti juos pirkti kitiems loterij\u0173 bilietams internetu. Tai palengvins j\u016bs\u0173 pasirinkimus, taip? D\u0117l stambesni\u0173 laim\u0117jim\u0173, m\u016bs\u0173 komanda su jumis susisieks ir i\u0161mok\u0105 gausite tiesiogiai.<\/p>\n<h2>Eurojackpot loterijos \u017eaidimo specifikos<\/h2>\n<p>Jeigu ruo\u0161iat\u0117s dalyvauti Eurojackpot loterijoje b\u016bdami Lietuvoje, jums reikia \u017einoti kaip tai padaryti. Savo biliete, jums reikia pasirinkti penkis numerius nuo 1 iki 50, bei du papildomus skai\u010diuos tarp 1 ir 12. Aukso puodas b\u016bna ma\u017eiausiai 10 milijon\u0173 eur\u0173 vert\u0117s. Yra vienas askeppktas kuom \u0161i loterija skiriasi nuo kit\u0173 \u2013 pagrindinis prizas daugiausiai gali b\u016bti 120 milijon\u0173 eur\u0173.<\/p>\n<p><img decoding=\"async\" class=\"size-full wp-image alignright\" src=\"https:\/\/content.redfoxlotto.com\/uploads\/sites\/9\/1_play_eurojackpot.jpg\" alt=\"laim\u0117kite\" \/><\/p>\n<p>Tai rei\u0161kia, kad visi pinigai kurie da\u017eniausiai b\u016bt\u0173 pridedami prie pagrindinio prizo, bus pridedami prie antriniu priz\u0173. Kad laim\u0117tum\u0117te pagrindin\u012f priz\u0105, jums reikia, kad j\u016bs\u0173 biliete suptaptu 5 plius 1 skai\u010diai. J\u016bs\u0173 \u0161ancai laim\u0117ti taip yra akivaizd\u017eiai didesni nei atsp\u0117ti 12 sutampan\u010di\u0173 skai\u010di\u0173.<\/p>\n<p>Tai rei\u0161kia, kad kai aukso puodas pasiekia savo lubas, j\u016bs turite galimyb\u0119 laim\u0117ti antr\u0105 didel\u012f priz\u0105. Antraj\u012f priz\u0105 laim\u0117ti yra lengviau. Didesnis priz\u0173 skai\u010dius tikrai pakelia galimybes laim\u0117ti, tiesa?<\/p>\n<p>Tai rei\u0161kia, kad net jei laim\u0117jimas bus \u0161iek tiek ma\u017eesnis, net jei jis nustos did\u0117ti, vis tiek nor\u0117site nusipirkti vien\u0105 i\u0161 \u0161i\u0173 biliet\u0173, nes tur\u0117site puikias galimybes ilgainiui i\u0161 tikr\u0173j\u0173 ka\u017ek\u0105 laim\u0117ti perkant Eurojackpot loterijos bilietus internetu.<\/p>\n<p>Prad\u0117kite \u017eaisti tarptautines loterijas jau dabar \u2013 <strong>pirkite Eurojackpot loterijos bilietus jau \u0161iandien!<\/strong><\/p>\n","protected":false},"excerpt":{"rendered":"","protected":false},"author":1,"featured_media":0,"parent":17114,"menu_order":4,"comment_status":"closed","ping_status":"closed","template":"eurojackpot.php","meta":{"_et_pb_use_builder":"","_et_pb_old_content":"","_et_gb_content_width":"","exclude_from_search":false,"footnotes":""},"class_list":["post-17115","page","type-page","status-publish","hentry"],"yoast_head":"<!-- This site is optimized with the Yoast SEO plugin v23.8 - https:\/\/yoast.com\/wordpress\/plugins\/seo\/ -->\n<title>Eurojackpot loterij\u0105 internetu | \u017eaiskite b\u016bdami Lietuvoje<\/title>\n<meta name=\"description\" content=\"Gaukite prieig\u0105 prie Eurojackpot loterijos dabar \u2013 N\u0117ra svarbu i\u0161 kurios \u0161alies esate, \u017eaiskite tarptautin\u0117se loterijose internetu b\u016bdami Lietuvoje\" \/>\n<meta name=\"robots\" content=\"index, follow, max-snippet:-1, max-image-preview:large, max-video-preview:-1\" \/>\n<link rel=\"canonical\" href=\"https:\/\/redfoxlotto.com\/lt\/zaisti\/eurojackpot\/\" \/>\n<meta property=\"og:locale\" content=\"lt_LT\" \/>\n<meta property=\"og:type\" content=\"article\" \/>\n<meta property=\"og:title\" content=\"Eurojackpot loterij\u0105 internetu | \u017eaiskite b\u016bdami Lietuvoje\" \/>\n<meta property=\"og:description\" content=\"Gaukite prieig\u0105 prie Eurojackpot loterijos dabar \u2013 N\u0117ra svarbu i\u0161 kurios \u0161alies esate, \u017eaiskite tarptautin\u0117se loterijose internetu b\u016bdami Lietuvoje\" \/>\n<meta property=\"og:url\" content=\"https:\/\/redfoxlotto.com\/lt\/zaisti\/eurojackpot\/\" \/>\n<meta property=\"og:site_name\" content=\"Get Tickets for the World\u2019s largest jackpots\" \/>\n<meta property=\"article:modified_time\" content=\"2025-12-16T14:21:10+00:00\" \/>\n<meta property=\"og:image\" content=\"https:\/\/content.redfoxlotto.com\/uploads\/sites\/9\/2_ticket_eurojackpot1.jpg\" \/>\n<meta name=\"twitter:card\" content=\"summary_large_image\" \/>\n<meta name=\"twitter:label1\" content=\"Est. reading time\" \/>\n\t<meta name=\"twitter:data1\" content=\"4 minut\u0117s\" \/>\n<script type=\"application\/ld+json\" class=\"yoast-schema-graph\">{\"@context\":\"https:\/\/schema.org\",\"@graph\":[{\"@type\":\"WebPage\",\"@id\":\"https:\/\/redfoxlotto.com\/lt\/zaisti\/eurojackpot\/\",\"url\":\"https:\/\/redfoxlotto.com\/lt\/zaisti\/eurojackpot\/\",\"name\":\"Eurojackpot loterij\u0105 internetu | \u017eaiskite b\u016bdami Lietuvoje\",\"isPartOf\":{\"@id\":\"https:\/\/redfoxlotto.com\/lt\/#website\"},\"primaryImageOfPage\":{\"@id\":\"https:\/\/redfoxlotto.com\/lt\/zaisti\/eurojackpot\/#primaryimage\"},\"image\":{\"@id\":\"https:\/\/redfoxlotto.com\/lt\/zaisti\/eurojackpot\/#primaryimage\"},\"thumbnailUrl\":\"https:\/\/content.redfoxlotto.com\/uploads\/sites\/9\/2_ticket_eurojackpot1.jpg\",\"datePublished\":\"2023-04-24T17:44:36+00:00\",\"dateModified\":\"2025-12-16T14:21:10+00:00\",\"description\":\"Gaukite prieig\u0105 prie Eurojackpot loterijos dabar \u2013 N\u0117ra svarbu i\u0161 kurios \u0161alies esate, \u017eaiskite tarptautin\u0117se loterijose internetu b\u016bdami Lietuvoje\",\"breadcrumb\":{\"@id\":\"https:\/\/redfoxlotto.com\/lt\/zaisti\/eurojackpot\/#breadcrumb\"},\"inLanguage\":\"lt-LT\",\"potentialAction\":[{\"@type\":\"ReadAction\",\"target\":[\"https:\/\/redfoxlotto.com\/lt\/zaisti\/eurojackpot\/\"]}]},{\"@type\":\"ImageObject\",\"inLanguage\":\"lt-LT\",\"@id\":\"https:\/\/redfoxlotto.com\/lt\/zaisti\/eurojackpot\/#primaryimage\",\"url\":\"https:\/\/content.redfoxlotto.com\/uploads\/sites\/9\/2_ticket_eurojackpot1.jpg\",\"contentUrl\":\"https:\/\/content.redfoxlotto.com\/uploads\/sites\/9\/2_ticket_eurojackpot1.jpg\"},{\"@type\":\"BreadcrumbList\",\"@id\":\"https:\/\/redfoxlotto.com\/lt\/zaisti\/eurojackpot\/#breadcrumb\",\"itemListElement\":[{\"@type\":\"ListItem\",\"position\":1,\"name\":\"Home\",\"item\":\"https:\/\/redfoxlotto.com\/lt\/\"},{\"@type\":\"ListItem\",\"position\":2,\"name\":\"Kaip \u017eaisti kit\u0173 \u0161ali\u0173 loterijose\",\"item\":\"https:\/\/redfoxlotto.com\/lt\/zaisti\/\"},{\"@type\":\"ListItem\",\"position\":3,\"name\":\"\u017daiskite Eurojackpot loterij\u0105\"}]},{\"@type\":\"WebSite\",\"@id\":\"https:\/\/redfoxlotto.com\/lt\/#website\",\"url\":\"https:\/\/redfoxlotto.com\/lt\/\",\"name\":\"Get Tickets for the World\u2019s largest jackpots\",\"description\":\"Participate in worldwide lottery jackpots from any country\",\"publisher\":{\"@id\":\"https:\/\/redfoxlotto.com\/lt\/#organization\"},\"potentialAction\":[{\"@type\":\"SearchAction\",\"target\":{\"@type\":\"EntryPoint\",\"urlTemplate\":\"https:\/\/redfoxlotto.com\/lt\/?s={search_term_string}\"},\"query-input\":{\"@type\":\"PropertyValueSpecification\",\"valueRequired\":true,\"valueName\":\"search_term_string\"}}],\"inLanguage\":\"lt-LT\"},{\"@type\":\"Organization\",\"@id\":\"https:\/\/redfoxlotto.com\/lt\/#organization\",\"name\":\"Get Tickets for the World\u2019s largest jackpots\",\"url\":\"https:\/\/redfoxlotto.com\/lt\/\",\"logo\":{\"@type\":\"ImageObject\",\"inLanguage\":\"lt-LT\",\"@id\":\"https:\/\/redfoxlotto.com\/lt\/#\/schema\/logo\/image\/\",\"url\":\"https:\/\/redfoxlotto.com\/wp-content\/uploads\/2023\/04\/logo.png\",\"contentUrl\":\"https:\/\/redfoxlotto.com\/wp-content\/uploads\/2023\/04\/logo.png\",\"width\":269,\"height\":53,\"caption\":\"Get Tickets for the World\u2019s largest jackpots\"},\"image\":{\"@id\":\"https:\/\/redfoxlotto.com\/lt\/#\/schema\/logo\/image\/\"}}]}<\/script>\n<!-- \/ Yoast SEO plugin. -->","yoast_head_json":{"title":"Eurojackpot loterij\u0105 internetu | \u017eaiskite b\u016bdami Lietuvoje","description":"Gaukite prieig\u0105 prie Eurojackpot loterijos dabar \u2013 N\u0117ra svarbu i\u0161 kurios \u0161alies esate, \u017eaiskite tarptautin\u0117se loterijose internetu b\u016bdami Lietuvoje","robots":{"index":"index","follow":"follow","max-snippet":"max-snippet:-1","max-image-preview":"max-image-preview:large","max-video-preview":"max-video-preview:-1"},"canonical":"https:\/\/redfoxlotto.com\/lt\/zaisti\/eurojackpot\/","og_locale":"lt_LT","og_type":"article","og_title":"Eurojackpot loterij\u0105 internetu | \u017eaiskite b\u016bdami Lietuvoje","og_description":"Gaukite prieig\u0105 prie Eurojackpot loterijos dabar \u2013 N\u0117ra svarbu i\u0161 kurios \u0161alies esate, \u017eaiskite tarptautin\u0117se loterijose internetu b\u016bdami Lietuvoje","og_url":"https:\/\/redfoxlotto.com\/lt\/zaisti\/eurojackpot\/","og_site_name":"Get Tickets for the World\u2019s largest jackpots","article_modified_time":"2025-12-16T14:21:10+00:00","og_image":[{"url":"https:\/\/content.redfoxlotto.com\/uploads\/sites\/9\/2_ticket_eurojackpot1.jpg"}],"twitter_card":"summary_large_image","twitter_misc":{"Est. reading time":"4 minut\u0117s"},"schema":{"@context":"https:\/\/schema.org","@graph":[{"@type":"WebPage","@id":"https:\/\/redfoxlotto.com\/lt\/zaisti\/eurojackpot\/","url":"https:\/\/redfoxlotto.com\/lt\/zaisti\/eurojackpot\/","name":"Eurojackpot loterij\u0105 internetu | \u017eaiskite b\u016bdami Lietuvoje","isPartOf":{"@id":"https:\/\/redfoxlotto.com\/lt\/#website"},"primaryImageOfPage":{"@id":"https:\/\/redfoxlotto.com\/lt\/zaisti\/eurojackpot\/#primaryimage"},"image":{"@id":"https:\/\/redfoxlotto.com\/lt\/zaisti\/eurojackpot\/#primaryimage"},"thumbnailUrl":"https:\/\/content.redfoxlotto.com\/uploads\/sites\/9\/2_ticket_eurojackpot1.jpg","datePublished":"2023-04-24T17:44:36+00:00","dateModified":"2025-12-16T14:21:10+00:00","description":"Gaukite prieig\u0105 prie Eurojackpot loterijos dabar \u2013 N\u0117ra svarbu i\u0161 kurios \u0161alies esate, \u017eaiskite tarptautin\u0117se loterijose internetu b\u016bdami Lietuvoje","breadcrumb":{"@id":"https:\/\/redfoxlotto.com\/lt\/zaisti\/eurojackpot\/#breadcrumb"},"inLanguage":"lt-LT","potentialAction":[{"@type":"ReadAction","target":["https:\/\/redfoxlotto.com\/lt\/zaisti\/eurojackpot\/"]}]},{"@type":"ImageObject","inLanguage":"lt-LT","@id":"https:\/\/redfoxlotto.com\/lt\/zaisti\/eurojackpot\/#primaryimage","url":"https:\/\/content.redfoxlotto.com\/uploads\/sites\/9\/2_ticket_eurojackpot1.jpg","contentUrl":"https:\/\/content.redfoxlotto.com\/uploads\/sites\/9\/2_ticket_eurojackpot1.jpg"},{"@type":"BreadcrumbList","@id":"https:\/\/redfoxlotto.com\/lt\/zaisti\/eurojackpot\/#breadcrumb","itemListElement":[{"@type":"ListItem","position":1,"name":"Home","item":"https:\/\/redfoxlotto.com\/lt\/"},{"@type":"ListItem","position":2,"name":"Kaip \u017eaisti kit\u0173 \u0161ali\u0173 loterijose","item":"https:\/\/redfoxlotto.com\/lt\/zaisti\/"},{"@type":"ListItem","position":3,"name":"\u017daiskite Eurojackpot loterij\u0105"}]},{"@type":"WebSite","@id":"https:\/\/redfoxlotto.com\/lt\/#website","url":"https:\/\/redfoxlotto.com\/lt\/","name":"Get Tickets for the World\u2019s largest jackpots","description":"Participate in worldwide lottery jackpots from any country","publisher":{"@id":"https:\/\/redfoxlotto.com\/lt\/#organization"},"potentialAction":[{"@type":"SearchAction","target":{"@type":"EntryPoint","urlTemplate":"https:\/\/redfoxlotto.com\/lt\/?s={search_term_string}"},"query-input":{"@type":"PropertyValueSpecification","valueRequired":true,"valueName":"search_term_string"}}],"inLanguage":"lt-LT"},{"@type":"Organization","@id":"https:\/\/redfoxlotto.com\/lt\/#organization","name":"Get Tickets for the World\u2019s largest jackpots","url":"https:\/\/redfoxlotto.com\/lt\/","logo":{"@type":"ImageObject","inLanguage":"lt-LT","@id":"https:\/\/redfoxlotto.com\/lt\/#\/schema\/logo\/image\/","url":"https:\/\/redfoxlotto.com\/wp-content\/uploads\/2023\/04\/logo.png","contentUrl":"https:\/\/redfoxlotto.com\/wp-content\/uploads\/2023\/04\/logo.png","width":269,"height":53,"caption":"Get Tickets for the World\u2019s largest jackpots"},"image":{"@id":"https:\/\/redfoxlotto.com\/lt\/#\/schema\/logo\/image\/"}}]}},"_links":{"self":[{"href":"https:\/\/redfoxlotto.com\/lt\/wp-json\/wp\/v2\/pages\/17115","targetHints":{"allow":["GET"]}}],"collection":[{"href":"https:\/\/redfoxlotto.com\/lt\/wp-json\/wp\/v2\/pages"}],"about":[{"href":"https:\/\/redfoxlotto.com\/lt\/wp-json\/wp\/v2\/types\/page"}],"author":[{"embeddable":true,"href":"https:\/\/redfoxlotto.com\/lt\/wp-json\/wp\/v2\/users\/1"}],"replies":[{"embeddable":true,"href":"https:\/\/redfoxlotto.com\/lt\/wp-json\/wp\/v2\/comments?post=17115"}],"version-history":[{"count":0,"href":"https:\/\/redfoxlotto.com\/lt\/wp-json\/wp\/v2\/pages\/17115\/revisions"}],"up":[{"embeddable":true,"href":"https:\/\/redfoxlotto.com\/lt\/wp-json\/wp\/v2\/pages\/17114"}],"wp:attachment":[{"href":"https:\/\/redfoxlotto.com\/lt\/wp-json\/wp\/v2\/media?parent=17115"}],"curies":[{"name":"wp","href":"https:\/\/api.w.org\/{rel}","templated":true}]}}