{"id":17114,"date":"2023-04-24T14:10:57","date_gmt":"2023-04-24T14:10:57","guid":{"rendered":"https:\/\/redfoxlotto.com\/?page_id=3636"},"modified":"2025-12-15T19:02:13","modified_gmt":"2025-12-15T19:02:13","slug":"zaisti","status":"publish","type":"page","link":"https:\/\/redfoxlotto.com\/lt\/zaisti\/","title":{"rendered":"Kaip \u017eaisti kit\u0173 \u0161ali\u0173 loterijose"},"content":{"rendered":"<script type=\"application\/ld+json\">\r\n{\r\n  \"@context\": \"https:\/\/schema.org\",\r\n  \"@type\": \"Service\",\r\n  \"name\": \"\u017daiskite tarptautines loterijas internetu\",\r\n  \"url\": \"https:\/\/redfoxlotto.com\/lt\/zaisti\/\",\r\n  \"description\": \"\u017daiskite loterij\u0105 internetu ir laim\u0117kite tarptautinius loto jackpotus.\",\r\n  \"serviceType\": \"Internetin\u0117 loterijos biliet\u0173 tarpininkavimo paslauga\",\r\n  \"provider\": {\r\n    \"@type\": \"Organization\",\r\n    \"name\": \"RedFoxLotto\",\r\n    \"url\": \"https:\/\/redfoxlotto.com\/lt\/zaisti\/\",\r\n    \"image\": \"https:\/\/redfoxlotto.com\/wp-content\/uploads\/2025\/12\/ticket_scans.jpg\"\r\n  },\r\n  \"areaServed\": \"Visame pasaulyje\",\r\n  \"termsOfService\": \"https:\/\/redfoxlotto.com\/terms-and-conditions\",\r\n  \"additionalProperty\": {\r\n    \"@type\": \"PropertyValue\",\r\n    \"name\": \"DUK\",\r\n    \"value\": \"https:\/\/redfoxlotto.com\/lt\/faq\/\"\r\n  },\r\n  \"hasOfferCatalog\": {\r\n    \"@type\": \"OfferCatalog\",\r\n    \"name\": \"Tarptautiniai loterijos bilietai\",\r\n    \"itemListElement\": [\r\n      {\r\n        \"@type\": \"Offer\",\r\n        \"name\": \"Tarptautiniai loterijos bilietai\",\r\n        \"url\": \"https:\/\/redfoxlotto.com\/lt\/zaisti\/\",\r\n        \"description\": \"\u017daiskite tarptautines loterijas internetu. Jackpotai, tokie kaip Powerball, Mega Millions ir Euromillions \u2014 laim\u0117kite i\u0161 bet kurios vietos.\",\r\n        \"availability\": \"https:\/\/schema.org\/InStock\",\r\n        \"itemOffered\": {\r\n          \"@type\": \"Service\",\r\n          \"name\": \"Tarptautiniai loterijos bilietai\",\r\n          \"description\": \"Tarptautini\u0173 loterij\u0173 \u017eaidimas internetu suteikia daugiau pasirinkim\u0173 ir geresnes laim\u0117jimo galimybes.\"\r\n        }\r\n      }\r\n    ]\r\n  },\r\n  \"mainEntityOfPage\": {\r\n    \"@type\": \"WebPage\",\r\n    \"@id\": \"https:\/\/redfoxlotto.com\/lt\/zaisti\/\"\r\n  }\r\n}\r\n<\/script><h2 class=\"wp-block-heading\" id=\"h-daugiau-loterij-ir-didesni-pagrindiniai-prizai-visiems-norintiems-aisti\">Daugiau loterij\u0173 ir didesni pagrindiniai prizai visiems norintiems \u017eaisti!<\/h2><p>Geros naujienos visiems loterij\u0173 fanams pasaulyje \u2013 Jums daugiau nereik\u0117s tenkintis tik vietine loterija! Ar prisimenate kai loterijos tik prad\u0117jo darytis populiariomis? Dar visai neseniai visi prad\u0117jo \u017eaisti savo vietines ir nacionalines loterijas. Bet tai buvo viskas k\u0105 j\u016bs gal\u0117jote \u017eaisti. Visi j\u016bs\u0173 pasirinkimai apsiribojo tik j\u016bs\u0173 \u0161alies loterij\u0173 variantais.<\/p><p>Ank\u0161\u010diau, jums neleisdavo dalyvauti tarptautin\u0117se loterijoe. J\u016bs negal\u0117jote \u0161ios loterijoms pirkti biliet\u0173 ir negal\u0117jote siekti j\u0173 pagrindini\u0173 priz\u0173. Ta\u010diau, internetas \u0161i\u0105 problem\u0105 i\u0161sprend\u0117. RedFoxLotto.com jums si\u016blo galimyb\u0119 \u017eaisti \u012fvairias tarptautines loterijas internetu. Bet kaip reikia \u017eaisti loterijas internetu?<\/p><h2 class=\"wp-block-heading\" id=\"h-loterijos-bilieto-pirkimas-internetu\">Loterijos bilieto pirkimas internetu<\/h2><p><img loading=\"lazy\" decoding=\"async\" class=\"size-full wp-image alignright\" src=\"https:\/\/content.redfoxlotto.com\/uploads\/sites\/9\/1_playing_lottery_online.jpg\" alt=\"\u017daiskite internete ir laim\u0117kite\" width=\"212\" height=\"142\"><\/p><p>RedFoxLotto.com yra j\u016bs\u0173 loterijos biliet\u0173 kurjeris, nesvarbu kur ir kuriai loterijai biliet\u0105 nor\u0117tum\u0117te \u012fsigyti. Ties\u0105 sakant, mes turime agent\u0173 daugyb\u0117je \u0161ali\u0173, \u0161ali\u0173 kuriose rengiamos stamblios loterijos ir galime nupirkti jums bet kok\u012f norim\u0105 biliet\u0105 vietin\u0117se biliet\u0173 platinimo vietose.<\/p><p>J\u016bs, klientas, galite u\u017esisakyti savo bilietus pas mus internetu. Apsilankykite m\u016bs\u0173 internetin\u0117je svetain\u0117je ir suteiksime jums visas galimybes, lyg \u017eaistum\u0117te tas tarptautines loterijas pats tiesiogiai lo\u0161im\u0173 studijoje!<\/p><p>\u017dinoma, galite patys pasirinkti norimus bilieto skai\u010dius. Taip pat galite pasirinkti keliomis skai\u010di\u0173 kombinacijomis norite \u017eaisti, bei keliems traukimams norite, kad galiot\u0173 j\u016bs\u0173 bilietas. Apmok\u0117jimai atliekami internetu, pavyzd\u017eiui, kredito kortele, Bitcoin krypto valiuta ar bet kokiu kitu mok\u0117jimo b\u016bdu randamu m\u016bs\u0173 internetin\u0117je svetain\u0117je. Taigi, jeigu esate pasiruo\u0161\u0119 pasirinkti savo skai\u010dius, spragtel\u0117kite ant laukeli\u0173 ir juos pasirinkite. Jeigu nor\u0117tum\u0117te, kad skai\u010dius i\u0161rinktume mes, pasirinkite \u2018Quick Pick\u2019 nustatym\u0105 ir mes jums sugeneruosime atsitiktinius skaitmenis.<\/p><h2 class=\"wp-block-heading\" id=\"h-kuriuos-aidimus-aisti\">Kuriuos \u017eaidimus \u017eaisti<\/h2><p>\u017daisdami internetu galite dalyvauti daugiau nei vienoje tarptautin\u0117je loterijoje tuo pa\u010diu metu. Taigi, jeigu per\u017ei\u016br\u0117site m\u016bs\u0173 si\u016blomus variantus ir rasite bent kelis kurie jus sudomins, puiku. Patariame jums rinktis tuo metu did\u017eiausias pagrindinius prizus turin\u010dias loterijas, arba dvi did\u017eiausias, arba dar daugiau.<\/p><p>Pavyzd\u017eiui, labai da\u017enai, ir JAV Powerball ir Mega Millions vienu metu turi mil\u017eini\u0161kus prizinius fondus. Pagrindiniai prizai reguliariai siekia 500 milijon\u0173 JAV doleriais. Praeityje pagrindiniai prizai yra sieke net daugiau nei 1.5 milijardo JAV doleri\u0173.<\/p><p>Tiesa sakant, \u0161ios dvi loterijos yra tarp did\u017eiausiu loterij\u0173 pasaulyje. Taigi, kod\u0117l jums nepaband\u017eius pa\u017ei\u016br\u0117ti ar pasiseks ir laim\u0117site? Dar kai kas apgalvoti: yra populiarus sprendimas tais pa\u010diais skai\u010diais, t\u0105 pa\u010dia savait\u0119, \u017eaisti keliose loterijose.<\/p><p>Jeigu vienoje loterijoje laim\u0117ti nepasisek\u0119, gal j\u016bs\u0173 skai\u010diai bus s\u0117kmingi kitoje loterijoje? Tai yra gudrus b\u016bdas pasididinti savo m\u0117gstam\u0173 skai\u010di\u0173 \u0161ancus laim\u0117ti. \u017daid\u017eiant naudojant \u0161\u012f metod\u0105, loterijos tampa dar \u012fdomesn\u0117s!<\/p><h2 class=\"wp-block-heading\" id=\"h-kod-l-aisti-tarptautines-loterijas\">Kod\u0117l \u017eaisti tarptautines loterijas?<\/h2><p><img loading=\"lazy\" decoding=\"async\" class=\"size-full wp-image alignright\" src=\"https:\/\/content.redfoxlotto.com\/uploads\/sites\/9\/1_mega_lotto_jackpot.jpg\" alt=\"Internetin\u0117 i\u0161mok\u0173 loterija\" width=\"162\" height=\"186\"><\/p><p>Visi \u017eaid\u017eiantys taprtautin\u0117se loterijose, su savo finansais elgiasi protingiau. Kai kurie loterij\u0173 \u017eaid\u0117jai perka nacionalini\u0173 loterij\u0173 bilietus savait\u0117 po savait\u0117s, nesvarbu koks ma\u017eas b\u016bt\u0173 prizinis fondas. Logika ir matematika pataria jums, kad geriau yra pirkti bilietus loterijai, kurios pagrindinis prizas yra 200 milijon\u0173, nei loterijai, kurios prizas yra 2 milijonai. Tai yra tiesa, net jeigu internetu perkamo bilieto kaina didesn\u0117 nei vietin\u0117s loterijos bilieto parduotuv\u0117je. \u0160ancai laim\u0117ti lygiai tokie patys, ta\u010diau jeigu laim\u0117site, t\u016br\u0117site nepalyginamai daugiau.<\/p><p>\u017dinoma, perkant bilietus m\u016bs\u0173 sistemoje, t\u016br\u0117site sumok\u0117ti \u0161iek tiek brangiau, nes mes turime padengti i\u0161laidas. Taip pat, kaip ir visi norime u\u017esidirbti. \u012esivaizduokime, kad interneto perkamo loterijos bilieto kaina yra nuo 4.50 eur\u0173 iki 5.00 eur\u0173, o laim\u0117ti galite 200 milijon\u0173. U\u017e nacionalin\u0117s loterijos biliet\u0105 j9s mokate 2.00 eurus, o did\u017eiausias prizas yra tik 10 milijon\u0173. Kuris variantas yra geresnis ir logi\u0161kesnis? Na, turb\u016bt atsakymas akivaizdus. \u017daisti tarptautin\u0117se loterijose ir t\u016br\u0117ti galimybe laim\u0117ti mil\u017eini\u0161kus prizus yra sumanesnis sprendimas!<\/p><h2 class=\"wp-block-heading\" id=\"h-kaip-j-s-gaunate-i-mokas\">Kaip j\u016bs gaunate i\u0161mokas<\/h2><p>RedFoxLotto.com u\u017etikrins, kad gautum\u0117te savo laim\u0117jima. Beja, mes netaikysime joki\u0173 komisini\u0173 mokes\u010di\u0173, ta\u010diau galime papra\u0161yti ma\u017eo mokes\u010dio atliekant pavedim\u0105 banku. Tai rei\u0161kia, kad gal\u0117site b\u016bti ram\u016bs, jog nepaimsime jokios j\u016bs\u0173 laim\u0117jimo dalies. Kai nusipirksite biliet\u0105, viskas k\u0105 laim\u0117jote bus j\u016bs\u0173 ir tik j\u016bs\u0173.<\/p><p>Dauguma m\u016bs\u0173 klient\u0173, naudodamiesi m\u016bs\u0173 paslaugomis jau laim\u0117jo priz\u0173. Kai kuriems j\u0173 laim\u0117jimai radikaliai pakeit\u0117 gyvenim\u0105! \u017dinome, kad t\u016br\u0117site puikias galimybes laim\u0117ti didelius prizus ar bent jau laim\u0117ti, ko nepavyktu padaryti pasilikus prie lo\u0161imo tik savo \u0161alies loterijose.<\/p><p>D\u0117l \u0161i\u0173 prie\u017eas\u010di\u0173 \u017eaisti loterijas internetu darosi vis populiariau. At\u0117jo ir j\u016bs\u0173 laikas i\u0161sukti vien\u0105 i\u0161 mil\u017eini\u0161k\u0173 laim\u0117jim\u0173 \u2013 ko dar laukiate? Galite tapti laim\u0117toju nedelsiant!<\/p>","protected":false},"excerpt":{"rendered":"<p>Daugiau loterij\u0173 ir didesni pagrindiniai prizai visiems norintiems \u017eaisti! Geros naujienos visiems loterij\u0173 fanams pasaulyje \u2013 Jums daugiau nereik\u0117s tenkintis tik vietine loterija! Ar prisimenate kai loterijos tik prad\u0117jo darytis populiariomis? Dar visai neseniai visi prad\u0117jo \u017eaisti savo vietines ir nacionalines loterijas. Bet tai buvo viskas k\u0105 j\u016bs gal\u0117jote \u017eaisti. Visi j\u016bs\u0173 pasirinkimai apsiribojo tik [&hellip;]<\/p>\n","protected":false},"author":1,"featured_media":0,"parent":0,"menu_order":2,"comment_status":"closed","ping_status":"closed","template":"Play-all.php","meta":{"_et_pb_use_builder":"","_et_pb_old_content":"","_et_gb_content_width":"","exclude_from_search":false,"footnotes":""},"class_list":["post-17114","page","type-page","status-publish","hentry"],"yoast_head":"<!-- This site is optimized with the Yoast SEO plugin v23.8 - https:\/\/yoast.com\/wordpress\/plugins\/seo\/ -->\n<title>\u017daiskite tarptautines loterijas galimybei laim\u0117ti pagrindin\u012f priz\u0105 internetu<\/title>\n<meta name=\"description\" content=\"\u017daid\u017eiant tarpautin\u0117se loterijose internetu suteikia jums daugiau pasirinkim\u0173 ir didesnes galimybes \u2013 su\u017einokite d\u0117l ko!\" \/>\n<meta name=\"robots\" content=\"index, follow, max-snippet:-1, max-image-preview:large, max-video-preview:-1\" \/>\n<link rel=\"canonical\" href=\"https:\/\/redfoxlotto.com\/lt\/zaisti\/\" \/>\n<meta property=\"og:locale\" content=\"lt_LT\" \/>\n<meta property=\"og:type\" content=\"article\" \/>\n<meta property=\"og:title\" content=\"\u017daiskite tarptautines loterijas galimybei laim\u0117ti pagrindin\u012f priz\u0105 internetu\" \/>\n<meta property=\"og:description\" content=\"\u017daid\u017eiant tarpautin\u0117se loterijose internetu suteikia jums daugiau pasirinkim\u0173 ir didesnes galimybes \u2013 su\u017einokite d\u0117l ko!\" \/>\n<meta property=\"og:url\" content=\"https:\/\/redfoxlotto.com\/lt\/zaisti\/\" \/>\n<meta property=\"og:site_name\" content=\"Get Tickets for the World\u2019s largest jackpots\" \/>\n<meta property=\"article:modified_time\" content=\"2025-12-15T19:02:13+00:00\" \/>\n<meta property=\"og:image\" content=\"https:\/\/content.redfoxlotto.com\/uploads\/sites\/9\/1_playing_lottery_online.jpg\" \/>\n<meta name=\"twitter:card\" content=\"summary_large_image\" \/>\n<meta name=\"twitter:label1\" content=\"Est. reading time\" \/>\n\t<meta name=\"twitter:data1\" content=\"4 minut\u0117s\" \/>\n<script type=\"application\/ld+json\" class=\"yoast-schema-graph\">{\"@context\":\"https:\/\/schema.org\",\"@graph\":[{\"@type\":\"WebPage\",\"@id\":\"https:\/\/redfoxlotto.com\/lt\/zaisti\/\",\"url\":\"https:\/\/redfoxlotto.com\/lt\/zaisti\/\",\"name\":\"\u017daiskite tarptautines loterijas galimybei laim\u0117ti pagrindin\u012f priz\u0105 internetu\",\"isPartOf\":{\"@id\":\"https:\/\/redfoxlotto.com\/lt\/#website\"},\"primaryImageOfPage\":{\"@id\":\"https:\/\/redfoxlotto.com\/lt\/zaisti\/#primaryimage\"},\"image\":{\"@id\":\"https:\/\/redfoxlotto.com\/lt\/zaisti\/#primaryimage\"},\"thumbnailUrl\":\"https:\/\/content.redfoxlotto.com\/uploads\/sites\/9\/1_playing_lottery_online.jpg\",\"datePublished\":\"2023-04-24T14:10:57+00:00\",\"dateModified\":\"2025-12-15T19:02:13+00:00\",\"description\":\"\u017daid\u017eiant tarpautin\u0117se loterijose internetu suteikia jums daugiau pasirinkim\u0173 ir didesnes galimybes \u2013 su\u017einokite d\u0117l ko!\",\"breadcrumb\":{\"@id\":\"https:\/\/redfoxlotto.com\/lt\/zaisti\/#breadcrumb\"},\"inLanguage\":\"lt-LT\",\"potentialAction\":[{\"@type\":\"ReadAction\",\"target\":[\"https:\/\/redfoxlotto.com\/lt\/zaisti\/\"]}]},{\"@type\":\"ImageObject\",\"inLanguage\":\"lt-LT\",\"@id\":\"https:\/\/redfoxlotto.com\/lt\/zaisti\/#primaryimage\",\"url\":\"https:\/\/content.redfoxlotto.com\/uploads\/sites\/9\/1_playing_lottery_online.jpg\",\"contentUrl\":\"https:\/\/content.redfoxlotto.com\/uploads\/sites\/9\/1_playing_lottery_online.jpg\"},{\"@type\":\"BreadcrumbList\",\"@id\":\"https:\/\/redfoxlotto.com\/lt\/zaisti\/#breadcrumb\",\"itemListElement\":[{\"@type\":\"ListItem\",\"position\":1,\"name\":\"Home\",\"item\":\"https:\/\/redfoxlotto.com\/lt\/\"},{\"@type\":\"ListItem\",\"position\":2,\"name\":\"Kaip \u017eaisti kit\u0173 \u0161ali\u0173 loterijose\"}]},{\"@type\":\"WebSite\",\"@id\":\"https:\/\/redfoxlotto.com\/lt\/#website\",\"url\":\"https:\/\/redfoxlotto.com\/lt\/\",\"name\":\"Get Tickets for the World\u2019s largest jackpots\",\"description\":\"Participate in worldwide lottery jackpots from any country\",\"publisher\":{\"@id\":\"https:\/\/redfoxlotto.com\/lt\/#organization\"},\"potentialAction\":[{\"@type\":\"SearchAction\",\"target\":{\"@type\":\"EntryPoint\",\"urlTemplate\":\"https:\/\/redfoxlotto.com\/lt\/?s={search_term_string}\"},\"query-input\":{\"@type\":\"PropertyValueSpecification\",\"valueRequired\":true,\"valueName\":\"search_term_string\"}}],\"inLanguage\":\"lt-LT\"},{\"@type\":\"Organization\",\"@id\":\"https:\/\/redfoxlotto.com\/lt\/#organization\",\"name\":\"Get Tickets for the World\u2019s largest jackpots\",\"url\":\"https:\/\/redfoxlotto.com\/lt\/\",\"logo\":{\"@type\":\"ImageObject\",\"inLanguage\":\"lt-LT\",\"@id\":\"https:\/\/redfoxlotto.com\/lt\/#\/schema\/logo\/image\/\",\"url\":\"https:\/\/redfoxlotto.com\/wp-content\/uploads\/2023\/04\/logo.png\",\"contentUrl\":\"https:\/\/redfoxlotto.com\/wp-content\/uploads\/2023\/04\/logo.png\",\"width\":269,\"height\":53,\"caption\":\"Get Tickets for the World\u2019s largest jackpots\"},\"image\":{\"@id\":\"https:\/\/redfoxlotto.com\/lt\/#\/schema\/logo\/image\/\"}}]}<\/script>\n<!-- \/ Yoast SEO plugin. -->","yoast_head_json":{"title":"\u017daiskite tarptautines loterijas galimybei laim\u0117ti pagrindin\u012f priz\u0105 internetu","description":"\u017daid\u017eiant tarpautin\u0117se loterijose internetu suteikia jums daugiau pasirinkim\u0173 ir didesnes galimybes \u2013 su\u017einokite d\u0117l ko!","robots":{"index":"index","follow":"follow","max-snippet":"max-snippet:-1","max-image-preview":"max-image-preview:large","max-video-preview":"max-video-preview:-1"},"canonical":"https:\/\/redfoxlotto.com\/lt\/zaisti\/","og_locale":"lt_LT","og_type":"article","og_title":"\u017daiskite tarptautines loterijas galimybei laim\u0117ti pagrindin\u012f priz\u0105 internetu","og_description":"\u017daid\u017eiant tarpautin\u0117se loterijose internetu suteikia jums daugiau pasirinkim\u0173 ir didesnes galimybes \u2013 su\u017einokite d\u0117l ko!","og_url":"https:\/\/redfoxlotto.com\/lt\/zaisti\/","og_site_name":"Get Tickets for the World\u2019s largest jackpots","article_modified_time":"2025-12-15T19:02:13+00:00","og_image":[{"url":"https:\/\/content.redfoxlotto.com\/uploads\/sites\/9\/1_playing_lottery_online.jpg"}],"twitter_card":"summary_large_image","twitter_misc":{"Est. reading time":"4 minut\u0117s"},"schema":{"@context":"https:\/\/schema.org","@graph":[{"@type":"WebPage","@id":"https:\/\/redfoxlotto.com\/lt\/zaisti\/","url":"https:\/\/redfoxlotto.com\/lt\/zaisti\/","name":"\u017daiskite tarptautines loterijas galimybei laim\u0117ti pagrindin\u012f priz\u0105 internetu","isPartOf":{"@id":"https:\/\/redfoxlotto.com\/lt\/#website"},"primaryImageOfPage":{"@id":"https:\/\/redfoxlotto.com\/lt\/zaisti\/#primaryimage"},"image":{"@id":"https:\/\/redfoxlotto.com\/lt\/zaisti\/#primaryimage"},"thumbnailUrl":"https:\/\/content.redfoxlotto.com\/uploads\/sites\/9\/1_playing_lottery_online.jpg","datePublished":"2023-04-24T14:10:57+00:00","dateModified":"2025-12-15T19:02:13+00:00","description":"\u017daid\u017eiant tarpautin\u0117se loterijose internetu suteikia jums daugiau pasirinkim\u0173 ir didesnes galimybes \u2013 su\u017einokite d\u0117l ko!","breadcrumb":{"@id":"https:\/\/redfoxlotto.com\/lt\/zaisti\/#breadcrumb"},"inLanguage":"lt-LT","potentialAction":[{"@type":"ReadAction","target":["https:\/\/redfoxlotto.com\/lt\/zaisti\/"]}]},{"@type":"ImageObject","inLanguage":"lt-LT","@id":"https:\/\/redfoxlotto.com\/lt\/zaisti\/#primaryimage","url":"https:\/\/content.redfoxlotto.com\/uploads\/sites\/9\/1_playing_lottery_online.jpg","contentUrl":"https:\/\/content.redfoxlotto.com\/uploads\/sites\/9\/1_playing_lottery_online.jpg"},{"@type":"BreadcrumbList","@id":"https:\/\/redfoxlotto.com\/lt\/zaisti\/#breadcrumb","itemListElement":[{"@type":"ListItem","position":1,"name":"Home","item":"https:\/\/redfoxlotto.com\/lt\/"},{"@type":"ListItem","position":2,"name":"Kaip \u017eaisti kit\u0173 \u0161ali\u0173 loterijose"}]},{"@type":"WebSite","@id":"https:\/\/redfoxlotto.com\/lt\/#website","url":"https:\/\/redfoxlotto.com\/lt\/","name":"Get Tickets for the World\u2019s largest jackpots","description":"Participate in worldwide lottery jackpots from any country","publisher":{"@id":"https:\/\/redfoxlotto.com\/lt\/#organization"},"potentialAction":[{"@type":"SearchAction","target":{"@type":"EntryPoint","urlTemplate":"https:\/\/redfoxlotto.com\/lt\/?s={search_term_string}"},"query-input":{"@type":"PropertyValueSpecification","valueRequired":true,"valueName":"search_term_string"}}],"inLanguage":"lt-LT"},{"@type":"Organization","@id":"https:\/\/redfoxlotto.com\/lt\/#organization","name":"Get Tickets for the World\u2019s largest jackpots","url":"https:\/\/redfoxlotto.com\/lt\/","logo":{"@type":"ImageObject","inLanguage":"lt-LT","@id":"https:\/\/redfoxlotto.com\/lt\/#\/schema\/logo\/image\/","url":"https:\/\/redfoxlotto.com\/wp-content\/uploads\/2023\/04\/logo.png","contentUrl":"https:\/\/redfoxlotto.com\/wp-content\/uploads\/2023\/04\/logo.png","width":269,"height":53,"caption":"Get Tickets for the World\u2019s largest jackpots"},"image":{"@id":"https:\/\/redfoxlotto.com\/lt\/#\/schema\/logo\/image\/"}}]}},"_links":{"self":[{"href":"https:\/\/redfoxlotto.com\/lt\/wp-json\/wp\/v2\/pages\/17114","targetHints":{"allow":["GET"]}}],"collection":[{"href":"https:\/\/redfoxlotto.com\/lt\/wp-json\/wp\/v2\/pages"}],"about":[{"href":"https:\/\/redfoxlotto.com\/lt\/wp-json\/wp\/v2\/types\/page"}],"author":[{"embeddable":true,"href":"https:\/\/redfoxlotto.com\/lt\/wp-json\/wp\/v2\/users\/1"}],"replies":[{"embeddable":true,"href":"https:\/\/redfoxlotto.com\/lt\/wp-json\/wp\/v2\/comments?post=17114"}],"version-history":[{"count":0,"href":"https:\/\/redfoxlotto.com\/lt\/wp-json\/wp\/v2\/pages\/17114\/revisions"}],"wp:attachment":[{"href":"https:\/\/redfoxlotto.com\/lt\/wp-json\/wp\/v2\/media?parent=17114"}],"curies":[{"name":"wp","href":"https:\/\/api.w.org\/{rel}","templated":true}]}}