{"id":17110,"date":"2018-11-18T08:54:25","date_gmt":"2018-11-18T08:54:25","guid":{"rendered":"https:\/\/redfoxlotto.com\/?page_id=3628"},"modified":"2025-12-17T12:24:38","modified_gmt":"2025-12-17T12:24:38","slug":"powerball","status":"publish","type":"page","link":"https:\/\/redfoxlotto.com\/lt\/rezultatai\/powerball\/","title":{"rendered":"Powerball Rezultatai"},"content":{"rendered":"<script type=\"application\/ld+json\">\r\n{\r\n  \"@context\": \"https:\/\/schema.org\",\r\n  \"@type\": \"Service\",\r\n  \"name\": \"Patikrinkite Powerball rezultat\u0105 internete\",\r\n  \"url\": \"https:\/\/redfoxlotto.com\/lt\/rezultatai\/powerball\/\",\r\n  \"description\": \"Apsilankykite RedFoxLotto, kad patikrintum\u0117te naujausius Powerball rezultatus ir m\u016bs\u0173 loterijos rezultat\u0173 archyv\u0105.\",\r\n  \"serviceType\": \"Pasaulinis loterijos rezultat\u0173 archyvas\",\r\n  \"provider\": {\r\n    \"@type\": \"Organization\",\r\n    \"name\": \"RedFoxLotto\",\r\n    \"url\": \"https:\/\/redfoxlotto.com\/lt\/rezultatai\/powerball\/\",\r\n    \"image\": \"https:\/\/redfoxlotto.com\/wp-content\/uploads\/2025\/12\/ticket_scans.jpg\",\r\n    \"sameAs\": []\r\n  },\r\n  \"areaServed\": \"Worldwide\",\r\n  \"termsOfService\": \"https:\/\/redfoxlotto.com\/terms-and-conditions\",\r\n  \"additionalProperty\": {\r\n    \"@type\": \"PropertyValue\",\r\n    \"name\": \"FAQ\",\r\n    \"value\": \"https:\/\/redfoxlotto.com\/lt\/faq\/\"\r\n  },\r\n  \"hasOfferCatalog\": {\r\n    \"@type\": \"OfferCatalog\",\r\n    \"name\": \"Powerball rezultatai\",\r\n    \"itemListElement\": [\r\n      {\r\n        \"@type\": \"Offer\",\r\n        \"name\": \"Powerball rezultatai\",\r\n        \"url\": \"https:\/\/redfoxlotto.com\/lt\/rezultatai\/powerball\/\",\r\n        \"description\": \"Raskite naujausius ir istorin\u0117s Powerball rezultatus bei kitas did\u017eiausias loterijas \u010dia\",\r\n        \"itemOffered\": {\r\n          \"@type\": \"Service\",\r\n          \"name\": \"Powerball rezultatai\",\r\n          \"description\": \"Powerball i\u0161traukti numeriai internete, naujausi ir senesni rezultatai.\"\r\n        }\r\n      }\r\n    ]\r\n  },\r\n  \"mainEntityOfPage\": {\r\n    \"@type\": \"WebPage\",\r\n    \"@id\": \"https:\/\/redfoxlotto.com\/lt\/rezultatai\/powerball\/\"\r\n  }\r\n}\r\n<\/script><h2 class=\"wp-block-heading\">Kur rasti laiminguosius Powerball loterijos skai\u010dius<\/h2><p><img decoding=\"async\" class=\"size-full wp-image alignright\" src=\"https:\/\/content.redfoxlotto.com\/uploads\/sites\/9\/1_results_powerball.jpg\" alt=\"loterijos rezultatai\"><\/p><p>Savo svetain\u0117je pateikiame visus \u0161ios savait\u0117s ir praeities skai\u010di\u0173 traukimo Powerball loterijos rezultatus ir laim\u0117jimus.<\/p><p>\u017dinoma, mes jums pasakysime ne tik apie Powerball loterij\u0105. \u010cia galite patikrinti populiariausi\u0173 pasaulio loterij\u0173 rezultatus. Bet kalbant apie konkre\u010diai Powerball loterij\u0105, mes tikrai suprantame, kod\u0117l jus \u0161i loterija domina. Kiekvienas, atsp\u0117j\u0119s visus skai\u010dius savo biliete tampa multimilijonieriumi. M\u016bs\u0173 archyve taip pat galite per\u017ei\u016br\u0117ti praeityje laim\u0117jusius skai\u010dius.<\/p><h2 class=\"wp-block-heading\">Powerball loterijos pagrindinis prizas<\/h2><p><img decoding=\"async\" class=\"size-full wp-image alignright\" src=\"https:\/\/content.redfoxlotto.com\/uploads\/sites\/9\/1_winning_numbers_powerball.jpg\" alt=\"Powerball loterijos laim\u0117tojas\"><\/p><p>Powerball loterijos pagrindinis prizas prasideda nuo 40 000 000 USD. Ta\u010diau iki \u0161iol rekordin\u0117 suma yra ne\u012ftik\u0117tina 1 500 000 000 USD arba 1,5 mlrd. USD! Ties\u0105 sakant, retai kas laimi minimal\u0173 Powerball priz\u0105. Nors jis da\u017enai nesugeba vir\u0161yti 1 milijardo doleri\u0173, neretaib\u016bna labai arti \u0161ios sumos.<\/p><h2 class=\"wp-block-heading\">Powerball loterijos prizai ir laim\u0117tojai<\/h2><p>Powerball loterijoje yra devynios priz\u0173 pakopos. Kiekvienoje laimi \u0161imtai t\u016bkstan\u010di\u0173 \u017eaid\u0117j\u0173. Lentel\u0117je apie tai taip pat nurodytos laim\u0117tos sumos. Jei atisp\u0117site bent 2 skai\u010dius, laim\u0117site priz\u0105.<\/p><h2 class=\"wp-block-heading\">Gaukite sau biliet\u0105<\/h2><p>Jei ie\u0161kote Powerball loterijos rezultat\u0173 ir laim\u0117jusi\u0173 skai\u010di\u0173, tikriausiai taip pat ie\u0161kote b\u016bd\u0173, kaip i\u0161 tikr\u0173j\u0173 galite \u017eaisti \u017eaidim\u0105, tiesa? Na, j\u016bs\u0173 laimei, tai nereikia daug. Mes galime greitai nupirkti jums bilietus.<\/p><p>M\u016bs\u0173 biliet\u0173 gavimo procesas yra tik keli paprasti \u017eingsniai. Pirmasis yra tai, kad j\u016bs turite nuspr\u0119sti, kok\u012f \u017eaidim\u0105 norite \u017eaisti.<\/p><p>Tada i\u0161sirinksite bilietui skai\u010dius. M\u016bs\u0173 sistema netgi prane\u0161 jums, jei jums reikia pasirinkti daugiau ar ma\u017eiau numeri\u0173 ant bilieto, kad gal\u0117tum\u0117te \u012fsitikinti, jog tur\u0117site galiojant\u012f loterijoje numer\u012f.<\/p><p>Susikursite m\u016bs\u0173 platformoje paskyr\u0105, jei dar jos neturite, ir prid\u0117site mok\u0117jimo b\u016bd\u0105. Galiausiai, nor\u0117dami nusipirkti bilietus, spragtel\u0117kite mygtuk\u0105 ir mes pasir\u016bpinsime likusiu procesu u\u017e jus.<\/p><h2 class=\"wp-block-heading\">Gauti i\u0161mok\u0105<\/h2><p>Taigi, kas nutiks patikrinus rezultatus ir nusta\u010dius, kad j\u016bs i\u0161 tikr\u0173j\u0173 k\u0105 nors laim\u0117jote? Na, jei laim\u0117site nedidel\u0119 sum\u0105, pinigai bus nedelsiant pervesti \u012f j\u016bs\u0173 paskyr\u0105. Jei laimite didel\u0119 sum\u0105, m\u016bs\u0173 komanda susisiekia su jumis, kad su\u017einotum\u0117me, kaip nor\u0117tum\u0117te gauti mok\u0117jim\u0105.<\/p>","protected":false},"excerpt":{"rendered":"<p>Kur rasti laiminguosius Powerball loterijos skai\u010dius Savo svetain\u0117je pateikiame visus \u0161ios savait\u0117s ir praeities skai\u010di\u0173 traukimo Powerball loterijos rezultatus ir laim\u0117jimus. \u017dinoma, mes jums pasakysime ne tik apie Powerball loterij\u0105. \u010cia galite patikrinti populiariausi\u0173 pasaulio loterij\u0173 rezultatus. Bet kalbant apie konkre\u010diai Powerball loterij\u0105, mes tikrai suprantame, kod\u0117l jus \u0161i loterija domina. Kiekvienas, atsp\u0117j\u0119s visus skai\u010dius [&hellip;]<\/p>\n","protected":false},"author":1,"featured_media":0,"parent":17105,"menu_order":1,"comment_status":"closed","ping_status":"closed","template":"powerball-usa-results.php","meta":{"_et_pb_use_builder":"","_et_pb_old_content":"","_et_gb_content_width":"","exclude_from_search":false,"footnotes":""},"class_list":["post-17110","page","type-page","status-publish","hentry"],"yoast_head":"<!-- This site is optimized with the Yoast SEO plugin v23.8 - https:\/\/yoast.com\/wordpress\/plugins\/seo\/ -->\n<title>Powerball loterijos rezultatai ir laimingieji ska\u010diai<\/title>\n<meta name=\"description\" content=\"Gaukite naujausius Powerball loterijos rezultatus \u010dia, \u012fskaitant ir praeities lo\u0161im\u0173 archyv\u0105\" \/>\n<meta name=\"robots\" content=\"index, follow, max-snippet:-1, max-image-preview:large, max-video-preview:-1\" \/>\n<link rel=\"canonical\" href=\"https:\/\/redfoxlotto.com\/lt\/rezultatai\/powerball\/\" \/>\n<meta property=\"og:locale\" content=\"lt_LT\" \/>\n<meta property=\"og:type\" content=\"article\" \/>\n<meta property=\"og:title\" content=\"Powerball loterijos rezultatai ir laimingieji ska\u010diai\" \/>\n<meta property=\"og:description\" content=\"Gaukite naujausius Powerball loterijos rezultatus \u010dia, \u012fskaitant ir praeities lo\u0161im\u0173 archyv\u0105\" \/>\n<meta property=\"og:url\" content=\"https:\/\/redfoxlotto.com\/lt\/rezultatai\/powerball\/\" \/>\n<meta property=\"og:site_name\" content=\"Get Tickets for the World\u2019s largest jackpots\" \/>\n<meta property=\"article:modified_time\" content=\"2025-12-17T12:24:38+00:00\" \/>\n<meta property=\"og:image\" content=\"https:\/\/content.redfoxlotto.com\/uploads\/sites\/9\/1_results_powerball.jpg\" \/>\n<meta name=\"twitter:card\" content=\"summary_large_image\" \/>\n<meta name=\"twitter:label1\" content=\"Est. reading time\" \/>\n\t<meta name=\"twitter:data1\" content=\"2 minut\u0117s\" \/>\n<script type=\"application\/ld+json\" class=\"yoast-schema-graph\">{\"@context\":\"https:\/\/schema.org\",\"@graph\":[{\"@type\":\"WebPage\",\"@id\":\"https:\/\/redfoxlotto.com\/lt\/rezultatai\/powerball\/\",\"url\":\"https:\/\/redfoxlotto.com\/lt\/rezultatai\/powerball\/\",\"name\":\"Powerball loterijos rezultatai ir laimingieji ska\u010diai\",\"isPartOf\":{\"@id\":\"https:\/\/redfoxlotto.com\/lt\/#website\"},\"primaryImageOfPage\":{\"@id\":\"https:\/\/redfoxlotto.com\/lt\/rezultatai\/powerball\/#primaryimage\"},\"image\":{\"@id\":\"https:\/\/redfoxlotto.com\/lt\/rezultatai\/powerball\/#primaryimage\"},\"thumbnailUrl\":\"https:\/\/content.redfoxlotto.com\/uploads\/sites\/9\/1_results_powerball.jpg\",\"datePublished\":\"2018-11-18T08:54:25+00:00\",\"dateModified\":\"2025-12-17T12:24:38+00:00\",\"description\":\"Gaukite naujausius Powerball loterijos rezultatus \u010dia, \u012fskaitant ir praeities lo\u0161im\u0173 archyv\u0105\",\"breadcrumb\":{\"@id\":\"https:\/\/redfoxlotto.com\/lt\/rezultatai\/powerball\/#breadcrumb\"},\"inLanguage\":\"lt-LT\",\"potentialAction\":[{\"@type\":\"ReadAction\",\"target\":[\"https:\/\/redfoxlotto.com\/lt\/rezultatai\/powerball\/\"]}]},{\"@type\":\"ImageObject\",\"inLanguage\":\"lt-LT\",\"@id\":\"https:\/\/redfoxlotto.com\/lt\/rezultatai\/powerball\/#primaryimage\",\"url\":\"https:\/\/content.redfoxlotto.com\/uploads\/sites\/9\/1_results_powerball.jpg\",\"contentUrl\":\"https:\/\/content.redfoxlotto.com\/uploads\/sites\/9\/1_results_powerball.jpg\"},{\"@type\":\"BreadcrumbList\",\"@id\":\"https:\/\/redfoxlotto.com\/lt\/rezultatai\/powerball\/#breadcrumb\",\"itemListElement\":[{\"@type\":\"ListItem\",\"position\":1,\"name\":\"Home\",\"item\":\"https:\/\/redfoxlotto.com\/lt\/\"},{\"@type\":\"ListItem\",\"position\":2,\"name\":\"Tarptautini\u0173 loterij\u0173 rezultatai\",\"item\":\"https:\/\/redfoxlotto.com\/lt\/rezultatai\/\"},{\"@type\":\"ListItem\",\"position\":3,\"name\":\"Powerball Rezultatai\"}]},{\"@type\":\"WebSite\",\"@id\":\"https:\/\/redfoxlotto.com\/lt\/#website\",\"url\":\"https:\/\/redfoxlotto.com\/lt\/\",\"name\":\"Get Tickets for the World\u2019s largest jackpots\",\"description\":\"Participate in worldwide lottery jackpots from any country\",\"publisher\":{\"@id\":\"https:\/\/redfoxlotto.com\/lt\/#organization\"},\"potentialAction\":[{\"@type\":\"SearchAction\",\"target\":{\"@type\":\"EntryPoint\",\"urlTemplate\":\"https:\/\/redfoxlotto.com\/lt\/?s={search_term_string}\"},\"query-input\":{\"@type\":\"PropertyValueSpecification\",\"valueRequired\":true,\"valueName\":\"search_term_string\"}}],\"inLanguage\":\"lt-LT\"},{\"@type\":\"Organization\",\"@id\":\"https:\/\/redfoxlotto.com\/lt\/#organization\",\"name\":\"Get Tickets for the World\u2019s largest jackpots\",\"url\":\"https:\/\/redfoxlotto.com\/lt\/\",\"logo\":{\"@type\":\"ImageObject\",\"inLanguage\":\"lt-LT\",\"@id\":\"https:\/\/redfoxlotto.com\/lt\/#\/schema\/logo\/image\/\",\"url\":\"https:\/\/redfoxlotto.com\/wp-content\/uploads\/2023\/04\/logo.png\",\"contentUrl\":\"https:\/\/redfoxlotto.com\/wp-content\/uploads\/2023\/04\/logo.png\",\"width\":269,\"height\":53,\"caption\":\"Get Tickets for the World\u2019s largest jackpots\"},\"image\":{\"@id\":\"https:\/\/redfoxlotto.com\/lt\/#\/schema\/logo\/image\/\"}}]}<\/script>\n<!-- \/ Yoast SEO plugin. -->","yoast_head_json":{"title":"Powerball loterijos rezultatai ir laimingieji ska\u010diai","description":"Gaukite naujausius Powerball loterijos rezultatus \u010dia, \u012fskaitant ir praeities lo\u0161im\u0173 archyv\u0105","robots":{"index":"index","follow":"follow","max-snippet":"max-snippet:-1","max-image-preview":"max-image-preview:large","max-video-preview":"max-video-preview:-1"},"canonical":"https:\/\/redfoxlotto.com\/lt\/rezultatai\/powerball\/","og_locale":"lt_LT","og_type":"article","og_title":"Powerball loterijos rezultatai ir laimingieji ska\u010diai","og_description":"Gaukite naujausius Powerball loterijos rezultatus \u010dia, \u012fskaitant ir praeities lo\u0161im\u0173 archyv\u0105","og_url":"https:\/\/redfoxlotto.com\/lt\/rezultatai\/powerball\/","og_site_name":"Get Tickets for the World\u2019s largest jackpots","article_modified_time":"2025-12-17T12:24:38+00:00","og_image":[{"url":"https:\/\/content.redfoxlotto.com\/uploads\/sites\/9\/1_results_powerball.jpg"}],"twitter_card":"summary_large_image","twitter_misc":{"Est. reading time":"2 minut\u0117s"},"schema":{"@context":"https:\/\/schema.org","@graph":[{"@type":"WebPage","@id":"https:\/\/redfoxlotto.com\/lt\/rezultatai\/powerball\/","url":"https:\/\/redfoxlotto.com\/lt\/rezultatai\/powerball\/","name":"Powerball loterijos rezultatai ir laimingieji ska\u010diai","isPartOf":{"@id":"https:\/\/redfoxlotto.com\/lt\/#website"},"primaryImageOfPage":{"@id":"https:\/\/redfoxlotto.com\/lt\/rezultatai\/powerball\/#primaryimage"},"image":{"@id":"https:\/\/redfoxlotto.com\/lt\/rezultatai\/powerball\/#primaryimage"},"thumbnailUrl":"https:\/\/content.redfoxlotto.com\/uploads\/sites\/9\/1_results_powerball.jpg","datePublished":"2018-11-18T08:54:25+00:00","dateModified":"2025-12-17T12:24:38+00:00","description":"Gaukite naujausius Powerball loterijos rezultatus \u010dia, \u012fskaitant ir praeities lo\u0161im\u0173 archyv\u0105","breadcrumb":{"@id":"https:\/\/redfoxlotto.com\/lt\/rezultatai\/powerball\/#breadcrumb"},"inLanguage":"lt-LT","potentialAction":[{"@type":"ReadAction","target":["https:\/\/redfoxlotto.com\/lt\/rezultatai\/powerball\/"]}]},{"@type":"ImageObject","inLanguage":"lt-LT","@id":"https:\/\/redfoxlotto.com\/lt\/rezultatai\/powerball\/#primaryimage","url":"https:\/\/content.redfoxlotto.com\/uploads\/sites\/9\/1_results_powerball.jpg","contentUrl":"https:\/\/content.redfoxlotto.com\/uploads\/sites\/9\/1_results_powerball.jpg"},{"@type":"BreadcrumbList","@id":"https:\/\/redfoxlotto.com\/lt\/rezultatai\/powerball\/#breadcrumb","itemListElement":[{"@type":"ListItem","position":1,"name":"Home","item":"https:\/\/redfoxlotto.com\/lt\/"},{"@type":"ListItem","position":2,"name":"Tarptautini\u0173 loterij\u0173 rezultatai","item":"https:\/\/redfoxlotto.com\/lt\/rezultatai\/"},{"@type":"ListItem","position":3,"name":"Powerball Rezultatai"}]},{"@type":"WebSite","@id":"https:\/\/redfoxlotto.com\/lt\/#website","url":"https:\/\/redfoxlotto.com\/lt\/","name":"Get Tickets for the World\u2019s largest jackpots","description":"Participate in worldwide lottery jackpots from any country","publisher":{"@id":"https:\/\/redfoxlotto.com\/lt\/#organization"},"potentialAction":[{"@type":"SearchAction","target":{"@type":"EntryPoint","urlTemplate":"https:\/\/redfoxlotto.com\/lt\/?s={search_term_string}"},"query-input":{"@type":"PropertyValueSpecification","valueRequired":true,"valueName":"search_term_string"}}],"inLanguage":"lt-LT"},{"@type":"Organization","@id":"https:\/\/redfoxlotto.com\/lt\/#organization","name":"Get Tickets for the World\u2019s largest jackpots","url":"https:\/\/redfoxlotto.com\/lt\/","logo":{"@type":"ImageObject","inLanguage":"lt-LT","@id":"https:\/\/redfoxlotto.com\/lt\/#\/schema\/logo\/image\/","url":"https:\/\/redfoxlotto.com\/wp-content\/uploads\/2023\/04\/logo.png","contentUrl":"https:\/\/redfoxlotto.com\/wp-content\/uploads\/2023\/04\/logo.png","width":269,"height":53,"caption":"Get Tickets for the World\u2019s largest jackpots"},"image":{"@id":"https:\/\/redfoxlotto.com\/lt\/#\/schema\/logo\/image\/"}}]}},"_links":{"self":[{"href":"https:\/\/redfoxlotto.com\/lt\/wp-json\/wp\/v2\/pages\/17110","targetHints":{"allow":["GET"]}}],"collection":[{"href":"https:\/\/redfoxlotto.com\/lt\/wp-json\/wp\/v2\/pages"}],"about":[{"href":"https:\/\/redfoxlotto.com\/lt\/wp-json\/wp\/v2\/types\/page"}],"author":[{"embeddable":true,"href":"https:\/\/redfoxlotto.com\/lt\/wp-json\/wp\/v2\/users\/1"}],"replies":[{"embeddable":true,"href":"https:\/\/redfoxlotto.com\/lt\/wp-json\/wp\/v2\/comments?post=17110"}],"version-history":[{"count":0,"href":"https:\/\/redfoxlotto.com\/lt\/wp-json\/wp\/v2\/pages\/17110\/revisions"}],"up":[{"embeddable":true,"href":"https:\/\/redfoxlotto.com\/lt\/wp-json\/wp\/v2\/pages\/17105"}],"wp:attachment":[{"href":"https:\/\/redfoxlotto.com\/lt\/wp-json\/wp\/v2\/media?parent=17110"}],"curies":[{"name":"wp","href":"https:\/\/api.w.org\/{rel}","templated":true}]}}