{"id":17108,"date":"2018-11-18T08:54:25","date_gmt":"2018-11-18T08:54:25","guid":{"rendered":"https:\/\/redfoxlotto.com\/?page_id=3624"},"modified":"2025-12-18T06:51:37","modified_gmt":"2025-12-18T06:51:37","slug":"mega-millions","status":"publish","type":"page","link":"https:\/\/redfoxlotto.com\/lt\/rezultatai\/mega-millions\/","title":{"rendered":"Mega Millions loterijos rezultatai"},"content":{"rendered":"<script type=\"application\/ld+json\">\r\n{\r\n  \"@context\": \"https:\/\/schema.org\",\r\n  \"@type\": \"Service\",\r\n  \"name\": \"Patikrinkite Mega Millions traukimo rezultatus internetu\",\r\n  \"url\": \"https:\/\/redfoxlotto.com\/lt\/rezultatai\/mega-millions\/\",\r\n  \"description\": \"Apsilankykite RedFoxLotto, kad patikrintum\u0117te naujausius Mega Millions rezultatus ir m\u016bs\u0173 loterijos rezultat\u0173 archyv\u0105.\",\r\n  \"serviceType\": \"Pasaulin\u0117 loterijos rezultat\u0173 archyvas\",\r\n\r\n  \"provider\": {\r\n    \"@type\": \"Organization\",\r\n    \"name\": \"RedFoxLotto\",\r\n    \"url\": \"https:\/\/redfoxlotto.com\/lt\/\",\r\n    \"image\": \"https:\/\/redfoxlotto.com\/wp-content\/uploads\/2025\/12\/ticket_scans.jpg\",\r\n    \"sameAs\": []\r\n  },\r\n\r\n  \"areaServed\": \"Worldwide\",\r\n  \"termsOfService\": \"https:\/\/redfoxlotto.com\/lt\/terms-and-conditions\/\",\r\n  \"additionalProperty\": {\r\n    \"@type\": \"PropertyValue\",\r\n    \"name\": \"FAQ\",\r\n    \"value\": \"https:\/\/redfoxlotto.com\/lt\/faq\/\"\r\n  },\r\n\r\n  \"hasOfferCatalog\": {\r\n    \"@type\": \"OfferCatalog\",\r\n    \"name\": \"Mega Millions rezultatai\",\r\n    \"itemListElement\": [\r\n      {\r\n        \"@type\": \"Offer\",\r\n        \"name\": \"Mega Millions rezultatai\",\r\n        \"url\": \"https:\/\/redfoxlotto.com\/lt\/rezultatai\/mega-millions\/\",\r\n        \"description\": \"Raskite naujausius ir istorinius Mega Millions rezultatus \u010dia.\",\r\n        \"price\": \"13.00\",\r\n        \"priceCurrency\": \"EUR\",\r\n        \"availability\": \"https:\/\/schema.org\/InStock\",\r\n        \"itemOffered\": {\r\n          \"@type\": \"Service\",\r\n          \"name\": \"Mega Millions rezultatai\",\r\n          \"description\": \"Mega Millions i\u0161traukti numeriai internetu, naujausi ir senesni rezultatai.\"\r\n        }\r\n      }\r\n    ]\r\n  },\r\n\r\n  \"mainEntityOfPage\": {\r\n    \"@type\": \"WebPage\",\r\n    \"@id\": \"https:\/\/redfoxlotto.com\/lt\/rezultatai\/mega-millions\/\"\r\n  }\r\n}\r\n<\/script><p>Ar ie\u0161kote paskutini\u0173 JAV Mega Millions rezultat\u0173? \u010cia galite juos rasti, taip pat archyv\u0105 su ankstesni\u0173 skai\u010di\u0173 traukim\u0173 duomenimis.<\/p><h2 class=\"wp-block-heading\">Mega Millions loterijos pagrindinis prizas<\/h2><p><img loading=\"lazy\" decoding=\"async\" class=\" wp-image alignright\" src=\"https:\/\/content.redfoxlotto.com\/uploads\/sites\/9\/1_results_mega_millions.jpg\" alt=\"loterijos rezultatai\" width=\"228\" height=\"228\" \/><\/p><p>Ma\u017eiausias Mega Millions loterijos pagrindinis prizas yra 40 milijon\u0173 USD. Tai rei\u0161kia, kad jei kas nors laim\u0117s pagrindin\u012f priz\u0105 \u0161iandien, tai kitame lo\u0161ime tas prizas prasid\u0117s nuo 40 milijon\u0173 doleri\u0173. Taigi ma\u017eiausia suma (prie\u0161 mokes\u010dius, \u017einoma), kuri\u0105 galite laim\u0117ti \u0161ioje loterijoje, yra 40 milijon\u0173 doleri\u0173.<\/p><p>Tiesa ta, kad Mega Millions prizas spar\u010diai padid\u0117ja. Did\u017eiausias kada nors pasiektas Mega Millions pagrindinis prizas siekia daugiau nei 1,5 mlrd. Tai tikrai yra suma, kuri\u0105 visi JAV gyventojai nor\u0117jo laim\u0117ti, tod\u0117l buvo parduoti milijonai biliet\u0173, ta\u010diau jie n\u0117ra vieninteliai, kurie gali dalyvauti procese.<\/p><h2 class=\"wp-block-heading\">Mega Millions loterijos priz\u0173 lygiai<\/h2><p>M\u016bs\u0173 lentel\u0117je taip pat galite pamatyti galimus priz\u0173 lygius ir laim\u0117jim\u0173 sumas. Gal\u0173 gale, \u017eaisdami Mega Millions, i\u0161 tikr\u0173j\u0173 galite laim\u0117ti, jei atsp\u0117site tik Mega Ball, arba jei atsp\u0117site tik 2 \u012fprastus skai\u010dius. Tai rei\u0161kia, kad turite ger\u0105 galimyb\u0119 k\u0105 nors laim\u0117ti ir susigr\u0105\u017einti i\u0161leistus pinigus.<\/p><h2 class=\"wp-block-heading\">Kaip \u017eaisti Mega Millions loterij\u0105<\/h2><p><img decoding=\"async\" class=\"size-full wp-image alignright\" src=\"https:\/\/content.redfoxlotto.com\/uploads\/sites\/9\/1_lottery_winner_is2.jpg\" alt=\"Mega Millions jackpot\"><\/p><p>Jei esate pasireng\u0119 prad\u0117ti \u017eaisti Mega Millions loterijoje, bet JAV pilietis, jums reik\u0117s b\u016bdo nusipirkti biliet\u0105, tiesa? Mes pad\u0117sime jums \u012fsigyti biliet\u0105. Tur\u0117site susikurti pas mus paskyr\u0105 ir gal\u0117site nusipirkti bilietus. O tada mes pasir\u016bpinsime bilieto \u012fsigijimu.<\/p><p>Netrukus po bilieto nupirkimo jis bus rodomas j\u016bs\u0173 paskyroje ir gal\u0117site pamatyti, ar jis buvo laimingas, rasti Mega Millions loterijos rezultatus ir laim\u0117jimo skai\u010dius m\u016bs\u0173 sistemoje labai paprasta. Visi j\u016bs\u0173 biliete sutampantys su laimingaisiais skai\u010diai bus pary\u0161kinti. Tokiu b\u016bdu jums bus lengva i\u0161 karto pamatyti, kurie skai\u010diai atne\u0161\u0117 jums laim\u0117jim\u0105!<\/p>","protected":false},"excerpt":{"rendered":"<p>Ar ie\u0161kote paskutini\u0173 JAV Mega Millions rezultat\u0173? \u010cia galite juos rasti, taip pat archyv\u0105 su ankstesni\u0173 skai\u010di\u0173 traukim\u0173 duomenimis. Mega Millions loterijos pagrindinis prizas Ma\u017eiausias Mega Millions loterijos pagrindinis prizas yra 40 milijon\u0173 USD. Tai rei\u0161kia, kad jei kas nors laim\u0117s pagrindin\u012f priz\u0105 \u0161iandien, tai kitame lo\u0161ime tas prizas prasid\u0117s nuo 40 milijon\u0173 doleri\u0173. Taigi [&hellip;]<\/p>\n","protected":false},"author":1,"featured_media":0,"parent":17105,"menu_order":2,"comment_status":"closed","ping_status":"closed","template":"megamillion-results.php","meta":{"_et_pb_use_builder":"","_et_pb_old_content":"","_et_gb_content_width":"","exclude_from_search":false,"footnotes":""},"class_list":["post-17108","page","type-page","status-publish","hentry"],"yoast_head":"<!-- This site is optimized with the Yoast SEO plugin v23.8 - https:\/\/yoast.com\/wordpress\/plugins\/seo\/ -->\n<title>Mega Millions loterijos laimingieji skai\u010diai ir rezultatai<\/title>\n<meta name=\"description\" content=\"Patikrinkite laiminguosius Mega Millions loterijos skai\u010dius rezultat\u0173 puslapyje, naudodami ankstesni\u0173 skai\u010di\u0173 traukimo archyvu\" \/>\n<meta name=\"robots\" content=\"index, follow, max-snippet:-1, max-image-preview:large, max-video-preview:-1\" \/>\n<link rel=\"canonical\" href=\"https:\/\/redfoxlotto.com\/lt\/results\/mega-millions\/\" \/>\n<meta property=\"og:locale\" content=\"lt_LT\" \/>\n<meta property=\"og:type\" content=\"article\" \/>\n<meta property=\"og:title\" content=\"Mega Millions loterijos laimingieji skai\u010diai ir rezultatai\" \/>\n<meta property=\"og:description\" content=\"Patikrinkite laiminguosius Mega Millions loterijos skai\u010dius rezultat\u0173 puslapyje, naudodami ankstesni\u0173 skai\u010di\u0173 traukimo archyvu\" \/>\n<meta property=\"og:url\" content=\"https:\/\/redfoxlotto.com\/results\/mega-millions\/\" \/>\n<meta property=\"og:site_name\" content=\"Get Tickets for the World\u2019s largest jackpots\" \/>\n<meta property=\"article:modified_time\" content=\"2025-12-18T06:51:37+00:00\" \/>\n<meta property=\"og:image\" content=\"https:\/\/content.redfoxlotto.com\/uploads\/sites\/9\/1_results_mega_millions.jpg\" \/>\n<meta name=\"twitter:card\" content=\"summary_large_image\" \/>\n<meta name=\"twitter:label1\" content=\"Est. reading time\" \/>\n\t<meta name=\"twitter:data1\" content=\"2 minut\u0117s\" \/>\n<script type=\"application\/ld+json\" class=\"yoast-schema-graph\">{\"@context\":\"https:\/\/schema.org\",\"@graph\":[{\"@type\":\"WebPage\",\"@id\":\"https:\/\/redfoxlotto.com\/lt\/rezultatai\/mega-millions\/\",\"url\":\"https:\/\/redfoxlotto.com\/results\/mega-millions\/\",\"name\":\"Mega Millions loterijos laimingieji skai\u010diai ir rezultatai\",\"isPartOf\":{\"@id\":\"https:\/\/redfoxlotto.com\/lt\/#website\"},\"primaryImageOfPage\":{\"@id\":\"https:\/\/redfoxlotto.com\/results\/mega-millions\/#primaryimage\"},\"image\":{\"@id\":\"https:\/\/redfoxlotto.com\/results\/mega-millions\/#primaryimage\"},\"thumbnailUrl\":\"https:\/\/content.redfoxlotto.com\/uploads\/sites\/9\/1_results_mega_millions.jpg\",\"datePublished\":\"2018-11-18T08:54:25+00:00\",\"dateModified\":\"2025-12-18T06:51:37+00:00\",\"description\":\"Patikrinkite laiminguosius Mega Millions loterijos skai\u010dius rezultat\u0173 puslapyje, naudodami ankstesni\u0173 skai\u010di\u0173 traukimo archyvu\",\"breadcrumb\":{\"@id\":\"https:\/\/redfoxlotto.com\/results\/mega-millions\/#breadcrumb\"},\"inLanguage\":\"lt-LT\",\"potentialAction\":[{\"@type\":\"ReadAction\",\"target\":[\"https:\/\/redfoxlotto.com\/results\/mega-millions\/\"]}]},{\"@type\":\"ImageObject\",\"inLanguage\":\"lt-LT\",\"@id\":\"https:\/\/redfoxlotto.com\/results\/mega-millions\/#primaryimage\",\"url\":\"https:\/\/content.redfoxlotto.com\/uploads\/sites\/9\/1_results_mega_millions.jpg\",\"contentUrl\":\"https:\/\/content.redfoxlotto.com\/uploads\/sites\/9\/1_results_mega_millions.jpg\"},{\"@type\":\"BreadcrumbList\",\"@id\":\"https:\/\/redfoxlotto.com\/results\/mega-millions\/#breadcrumb\",\"itemListElement\":[{\"@type\":\"ListItem\",\"position\":1,\"name\":\"Home\",\"item\":\"https:\/\/redfoxlotto.com\/lt\/\"},{\"@type\":\"ListItem\",\"position\":2,\"name\":\"Tarptautini\u0173 loterij\u0173 rezultatai\",\"item\":\"https:\/\/redfoxlotto.com\/lt\/rezultatai\/\"},{\"@type\":\"ListItem\",\"position\":3,\"name\":\"Mega Millions loterijos rezultatai\"}]},{\"@type\":\"WebSite\",\"@id\":\"https:\/\/redfoxlotto.com\/lt\/#website\",\"url\":\"https:\/\/redfoxlotto.com\/lt\/\",\"name\":\"Get Tickets for the World\u2019s largest jackpots\",\"description\":\"Participate in worldwide lottery jackpots from any country\",\"publisher\":{\"@id\":\"https:\/\/redfoxlotto.com\/lt\/#organization\"},\"potentialAction\":[{\"@type\":\"SearchAction\",\"target\":{\"@type\":\"EntryPoint\",\"urlTemplate\":\"https:\/\/redfoxlotto.com\/lt\/?s={search_term_string}\"},\"query-input\":{\"@type\":\"PropertyValueSpecification\",\"valueRequired\":true,\"valueName\":\"search_term_string\"}}],\"inLanguage\":\"lt-LT\"},{\"@type\":\"Organization\",\"@id\":\"https:\/\/redfoxlotto.com\/lt\/#organization\",\"name\":\"Get Tickets for the World\u2019s largest jackpots\",\"url\":\"https:\/\/redfoxlotto.com\/lt\/\",\"logo\":{\"@type\":\"ImageObject\",\"inLanguage\":\"lt-LT\",\"@id\":\"https:\/\/redfoxlotto.com\/lt\/#\/schema\/logo\/image\/\",\"url\":\"https:\/\/redfoxlotto.com\/wp-content\/uploads\/2023\/04\/logo.png\",\"contentUrl\":\"https:\/\/redfoxlotto.com\/wp-content\/uploads\/2023\/04\/logo.png\",\"width\":269,\"height\":53,\"caption\":\"Get Tickets for the World\u2019s largest jackpots\"},\"image\":{\"@id\":\"https:\/\/redfoxlotto.com\/lt\/#\/schema\/logo\/image\/\"}}]}<\/script>\n<!-- \/ Yoast SEO plugin. -->","yoast_head_json":{"title":"Mega Millions loterijos laimingieji skai\u010diai ir rezultatai","description":"Patikrinkite laiminguosius Mega Millions loterijos skai\u010dius rezultat\u0173 puslapyje, naudodami ankstesni\u0173 skai\u010di\u0173 traukimo archyvu","robots":{"index":"index","follow":"follow","max-snippet":"max-snippet:-1","max-image-preview":"max-image-preview:large","max-video-preview":"max-video-preview:-1"},"canonical":"https:\/\/redfoxlotto.com\/lt\/results\/mega-millions\/","og_locale":"lt_LT","og_type":"article","og_title":"Mega Millions loterijos laimingieji skai\u010diai ir rezultatai","og_description":"Patikrinkite laiminguosius Mega Millions loterijos skai\u010dius rezultat\u0173 puslapyje, naudodami ankstesni\u0173 skai\u010di\u0173 traukimo archyvu","og_url":"https:\/\/redfoxlotto.com\/results\/mega-millions\/","og_site_name":"Get Tickets for the World\u2019s largest jackpots","article_modified_time":"2025-12-18T06:51:37+00:00","og_image":[{"url":"https:\/\/content.redfoxlotto.com\/uploads\/sites\/9\/1_results_mega_millions.jpg"}],"twitter_card":"summary_large_image","twitter_misc":{"Est. reading time":"2 minut\u0117s"},"schema":{"@context":"https:\/\/schema.org","@graph":[{"@type":"WebPage","@id":"https:\/\/redfoxlotto.com\/lt\/rezultatai\/mega-millions\/","url":"https:\/\/redfoxlotto.com\/results\/mega-millions\/","name":"Mega Millions loterijos laimingieji skai\u010diai ir rezultatai","isPartOf":{"@id":"https:\/\/redfoxlotto.com\/lt\/#website"},"primaryImageOfPage":{"@id":"https:\/\/redfoxlotto.com\/results\/mega-millions\/#primaryimage"},"image":{"@id":"https:\/\/redfoxlotto.com\/results\/mega-millions\/#primaryimage"},"thumbnailUrl":"https:\/\/content.redfoxlotto.com\/uploads\/sites\/9\/1_results_mega_millions.jpg","datePublished":"2018-11-18T08:54:25+00:00","dateModified":"2025-12-18T06:51:37+00:00","description":"Patikrinkite laiminguosius Mega Millions loterijos skai\u010dius rezultat\u0173 puslapyje, naudodami ankstesni\u0173 skai\u010di\u0173 traukimo archyvu","breadcrumb":{"@id":"https:\/\/redfoxlotto.com\/results\/mega-millions\/#breadcrumb"},"inLanguage":"lt-LT","potentialAction":[{"@type":"ReadAction","target":["https:\/\/redfoxlotto.com\/results\/mega-millions\/"]}]},{"@type":"ImageObject","inLanguage":"lt-LT","@id":"https:\/\/redfoxlotto.com\/results\/mega-millions\/#primaryimage","url":"https:\/\/content.redfoxlotto.com\/uploads\/sites\/9\/1_results_mega_millions.jpg","contentUrl":"https:\/\/content.redfoxlotto.com\/uploads\/sites\/9\/1_results_mega_millions.jpg"},{"@type":"BreadcrumbList","@id":"https:\/\/redfoxlotto.com\/results\/mega-millions\/#breadcrumb","itemListElement":[{"@type":"ListItem","position":1,"name":"Home","item":"https:\/\/redfoxlotto.com\/lt\/"},{"@type":"ListItem","position":2,"name":"Tarptautini\u0173 loterij\u0173 rezultatai","item":"https:\/\/redfoxlotto.com\/lt\/rezultatai\/"},{"@type":"ListItem","position":3,"name":"Mega Millions loterijos rezultatai"}]},{"@type":"WebSite","@id":"https:\/\/redfoxlotto.com\/lt\/#website","url":"https:\/\/redfoxlotto.com\/lt\/","name":"Get Tickets for the World\u2019s largest jackpots","description":"Participate in worldwide lottery jackpots from any country","publisher":{"@id":"https:\/\/redfoxlotto.com\/lt\/#organization"},"potentialAction":[{"@type":"SearchAction","target":{"@type":"EntryPoint","urlTemplate":"https:\/\/redfoxlotto.com\/lt\/?s={search_term_string}"},"query-input":{"@type":"PropertyValueSpecification","valueRequired":true,"valueName":"search_term_string"}}],"inLanguage":"lt-LT"},{"@type":"Organization","@id":"https:\/\/redfoxlotto.com\/lt\/#organization","name":"Get Tickets for the World\u2019s largest jackpots","url":"https:\/\/redfoxlotto.com\/lt\/","logo":{"@type":"ImageObject","inLanguage":"lt-LT","@id":"https:\/\/redfoxlotto.com\/lt\/#\/schema\/logo\/image\/","url":"https:\/\/redfoxlotto.com\/wp-content\/uploads\/2023\/04\/logo.png","contentUrl":"https:\/\/redfoxlotto.com\/wp-content\/uploads\/2023\/04\/logo.png","width":269,"height":53,"caption":"Get Tickets for the World\u2019s largest jackpots"},"image":{"@id":"https:\/\/redfoxlotto.com\/lt\/#\/schema\/logo\/image\/"}}]}},"_links":{"self":[{"href":"https:\/\/redfoxlotto.com\/lt\/wp-json\/wp\/v2\/pages\/17108","targetHints":{"allow":["GET"]}}],"collection":[{"href":"https:\/\/redfoxlotto.com\/lt\/wp-json\/wp\/v2\/pages"}],"about":[{"href":"https:\/\/redfoxlotto.com\/lt\/wp-json\/wp\/v2\/types\/page"}],"author":[{"embeddable":true,"href":"https:\/\/redfoxlotto.com\/lt\/wp-json\/wp\/v2\/users\/1"}],"replies":[{"embeddable":true,"href":"https:\/\/redfoxlotto.com\/lt\/wp-json\/wp\/v2\/comments?post=17108"}],"version-history":[{"count":0,"href":"https:\/\/redfoxlotto.com\/lt\/wp-json\/wp\/v2\/pages\/17108\/revisions"}],"up":[{"embeddable":true,"href":"https:\/\/redfoxlotto.com\/lt\/wp-json\/wp\/v2\/pages\/17105"}],"wp:attachment":[{"href":"https:\/\/redfoxlotto.com\/lt\/wp-json\/wp\/v2\/media?parent=17108"}],"curies":[{"name":"wp","href":"https:\/\/api.w.org\/{rel}","templated":true}]}}