{"id":17107,"date":"2018-11-18T08:54:25","date_gmt":"2018-11-18T08:54:25","guid":{"rendered":"https:\/\/redfoxlotto.com\/?page_id=3622"},"modified":"2025-12-17T15:04:12","modified_gmt":"2025-12-17T15:04:12","slug":"euromillions","status":"publish","type":"page","link":"https:\/\/redfoxlotto.com\/lt\/rezultatai\/euromillions\/","title":{"rendered":"EuroMillions rezultatai ir naujausi laim\u0117jusieji skai\u010diai"},"content":{"rendered":"<script type=\"application\/ld+json\">\r\n{\r\n  \"@context\": \"https:\/\/schema.org\",\r\n  \"@type\": \"Service\",\r\n  \"name\": \"Tikrinti Euromillions rezultatus internetu\",\r\n  \"url\": \"https:\/\/redfoxlotto.com\/lt\/rezultatai\/euromillions\/\",\r\n  \"description\": \"Apsilankykite RedFoxLotto ir per\u017ei\u016br\u0117kite naujausius bei ankstesnius Euromillions rezultatus.\",\r\n  \"serviceType\": \"Pasaulinis loterij\u0173 rezultat\u0173 archyvas\",\r\n  \"provider\": {\r\n    \"@type\": \"Organization\",\r\n    \"name\": \"RedFoxLotto\",\r\n    \"url\": \"https:\/\/redfoxlotto.com\",\r\n    \"image\": \"https:\/\/redfoxlotto.com\/wp-content\/uploads\/2025\/12\/ticket_scans.jpg\",\r\n    \"sameAs\": []\r\n  },\r\n  \"areaServed\": \"Worldwide\",\r\n  \"termsOfService\": \"https:\/\/redfoxlotto.com\/terms-and-conditions\",\r\n  \"additionalProperty\": {\r\n    \"@type\": \"PropertyValue\",\r\n    \"name\": \"FAQ\",\r\n    \"value\": \"https:\/\/redfoxlotto.com\/lt\/rezultatai\/euromillions\/\"\r\n  },\r\n  \"hasOfferCatalog\": {\r\n    \"@type\": \"OfferCatalog\",\r\n    \"name\": \"Euromillions rezultatai\",\r\n    \"itemListElement\": [{\r\n      \"@type\": \"Offer\",\r\n      \"name\": \"Euromillions rezultatai\",\r\n      \"url\": \"https:\/\/redfoxlotto.com\/lt\/rezultatai\/euromillions\/\",\r\n      \"description\": \"Naujausi ir ankstesni Euromillions rezultatai.\",\r\n      \"itemOffered\": {\r\n        \"@type\": \"Service\",\r\n        \"name\": \"Euromillions rezultatai\",\r\n        \"description\": \"I\u0161traukti Euromillions skai\u010diai.\"\r\n      }\r\n    }]\r\n  },\r\n  \"mainEntityOfPage\": {\r\n    \"@type\": \"WebPage\",\r\n    \"@id\": \"https:\/\/redfoxlotto.com\/lt\/rezultatai\/euromillions\/\"\r\n  }\r\n}\r\n<\/script><h2>\u201eEuroMillions\u201c ir \u201cUK Millionaire Maker<\/h2>\r\n<p>\u017daid\u0117jai moka \u0161iek tiek daugiau, nes \u201eEuroMillions\u201c bilietai perkami Jungtin\u0117je Karalyst\u0117je. Taip yra d\u0117l to, kad Jungtin\u0117s Karalyst\u0117s bilietai automati\u0161kai \u012ftraukiami \u012f \u201eMillionaire Maker\u201c lo\u0161im\u0105, kuris suteikia papildom\u0105 galimyb\u0119 laim\u0117ti 1 mln. svar\u0173 sterling\u0173 atlyg\u012f.<\/p>\r\n<p>Millionaire Maker veikia generuodamas unikal\u0173 kiekvieno nupirkto bilieto kod\u0105. \u0160\u012f kod\u0105 sudaro keturios raid\u0117s ir penki skai\u010diai (pvz., ABCD12345). Kiekvieno burt\u0173 traukimo metu atsitiktine tvarka pasirenkamas vienas ar keli i\u0161 \u0161i\u0173 kod\u0173, o biliet\u0173 tur\u0117tojas, kurio kodas sutampa, i\u0161 karto laimi 1 milijon\u0105 svar\u0173 sterling\u0173, nepriklausomai nuo i\u0161traukt\u0173 pagrindini\u0173 \u201eEuroMillions\u201c skai\u010di\u0173.<\/p>\r\n<p>D\u0117l \u0161ios savyb\u0117s \u017eaisti \u201eEuroMillions\u201c Jungtin\u0117je Karalyst\u0117je ypa\u010d patrauklu, nes tai suteikia papildom\u0105 galimyb\u0119 laim\u0117ti reik\u0161ming\u0105 priz\u0105 be standartinio pagrindinio prizo ir \u017eemesn\u0117s pakopos apdovanojim\u0173.<\/p>\r\n<p>\u0160iame puslapyje pateikiame EuroMillions loterijos skai\u010di\u0173 traukimo rezultatus. Ar j\u016bs\u0173 bilietas laim\u0117jo? Sveikiname!<\/p><p><img loading=\"lazy\" decoding=\"async\" class=\" wp-image alignright\" src=\"https:\/\/content.redfoxlotto.com\/uploads\/sites\/9\/1_results_mega_millions.jpg\" alt=\"loterijos rezultatai\" width=\"239\" height=\"239\" \/><\/p><p>Pasinaudokite m\u016bs\u0173 rezultat\u0173 archyvu, kuriame galite gauti informacijos apie tai, kurie skai\u010diai ilgai nelaim\u0117jo.<\/p><h2 class=\"wp-block-heading\">Ar laim\u0117jote?<\/h2><p>Tai lengva su\u017einoti laiminguosius skai\u010dius patikrinus \u010dia, kur \u012fsigijote biliet\u0105. Taip yra d\u0117l to, kad mes jums i\u0161 karto prane\u0161ime, kokie yra laimingieji skai\u010diai ir kokius skai\u010dius j\u016bs atsp\u0117jote.<\/p><h2 class=\"wp-block-heading\">Atsiimkite laim\u0117jimus<\/h2><p><img decoding=\"async\" class=\"size-full wp-image alignright\" src=\"https:\/\/content.redfoxlotto.com\/uploads\/sites\/9\/1_lottery_winner_is2.jpg\" alt=\"Mega Millions jackpot\" \/><\/p><p>Jeigu laimite loterijoje \u017eaidsdami internetu, laim\u0117jim\u0105 atsiimti yra taip lengva, lyg gyventum\u0117te tos loterijos \u0161alyje. Ma\u017e\u0173 laim\u0117jim\u0173 gali pakakti, kad \u012fsigytum\u0117te kit\u0105 biliet\u0105. Jei laim\u0117site iki 2500 eur\u0173, pinigai i\u0161kart bus pervesti \u012f j\u016bs\u0173 RedFoxLotto s\u0105skait\u0105. Didesni\u0173 laim\u0117jim\u0173 gali pakakti norint nusipirkti t\u0105 ypating\u0105 daikt\u0105, kurio labai nor\u0117jote. Didesnio laim\u0117jimo atveju, m\u016bs\u0173 komanda susisieks su jumis ir susitars d\u0117l i\u0161mok\u0117jimo b\u016bdo.<\/p>","protected":false},"excerpt":{"rendered":"<p>\u201eEuroMillions\u201c ir \u201cUK Millionaire Maker \u017daid\u0117jai moka \u0161iek tiek daugiau, nes \u201eEuroMillions\u201c bilietai perkami Jungtin\u0117je Karalyst\u0117je. Taip yra d\u0117l to, kad Jungtin\u0117s Karalyst\u0117s bilietai automati\u0161kai \u012ftraukiami \u012f \u201eMillionaire Maker\u201c lo\u0161im\u0105, kuris suteikia papildom\u0105 galimyb\u0119 laim\u0117ti 1 mln. svar\u0173 sterling\u0173 atlyg\u012f. Millionaire Maker veikia generuodamas unikal\u0173 kiekvieno nupirkto bilieto kod\u0105. \u0160\u012f kod\u0105 sudaro keturios raid\u0117s ir [&hellip;]<\/p>\n","protected":false},"author":1,"featured_media":0,"parent":17105,"menu_order":3,"comment_status":"closed","ping_status":"closed","template":"euromillions-results.php","meta":{"_et_pb_use_builder":"","_et_pb_old_content":"","_et_gb_content_width":"","exclude_from_search":false,"footnotes":""},"class_list":["post-17107","page","type-page","status-publish","hentry"],"yoast_head":"<!-- This site is optimized with the Yoast SEO plugin v27.4 - https:\/\/yoast.com\/product\/yoast-seo-wordpress\/ -->\n<title>EuroMillions loterijos rezultatai<\/title>\n<meta name=\"description\" content=\"Paskutin\u0117s ir senesni\u0173 Euromillions laiming\u0173j\u0173 skai\u010di\u0173 s\u0105ra\u0161as viename puslapyje\" \/>\n<meta name=\"robots\" content=\"index, follow, max-snippet:-1, max-image-preview:large, max-video-preview:-1\" \/>\n<link rel=\"canonical\" href=\"https:\/\/redfoxlotto.com\/lt\/rezultatai\/euromillions\/\" \/>\n<meta property=\"og:locale\" content=\"lt_LT\" \/>\n<meta property=\"og:type\" content=\"article\" \/>\n<meta property=\"og:title\" content=\"EuroMillions loterijos rezultatai\" \/>\n<meta property=\"og:description\" content=\"Paskutin\u0117s ir senesni\u0173 Euromillions laiming\u0173j\u0173 skai\u010di\u0173 s\u0105ra\u0161as viename puslapyje\" \/>\n<meta property=\"og:url\" content=\"https:\/\/redfoxlotto.com\/lt\/rezultatai\/euromillions\/\" \/>\n<meta property=\"og:site_name\" content=\"Get Tickets for the World\u2019s largest jackpots\" \/>\n<meta property=\"article:modified_time\" content=\"2025-12-17T15:04:12+00:00\" \/>\n<meta property=\"og:image\" content=\"https:\/\/content.redfoxlotto.com\/uploads\/sites\/9\/1_results_mega_millions.jpg\" \/>\n<meta name=\"twitter:card\" content=\"summary_large_image\" \/>\n<meta name=\"twitter:label1\" content=\"Est. reading time\" \/>\n\t<meta name=\"twitter:data1\" content=\"2 minut\u0117s\" \/>\n<script type=\"application\/ld+json\" class=\"yoast-schema-graph\">{\"@context\":\"https:\\\/\\\/schema.org\",\"@graph\":[{\"@type\":\"WebPage\",\"@id\":\"https:\\\/\\\/redfoxlotto.com\\\/lt\\\/rezultatai\\\/euromillions\\\/\",\"url\":\"https:\\\/\\\/redfoxlotto.com\\\/lt\\\/rezultatai\\\/euromillions\\\/\",\"name\":\"EuroMillions loterijos rezultatai\",\"isPartOf\":{\"@id\":\"https:\\\/\\\/redfoxlotto.com\\\/lt\\\/#website\"},\"primaryImageOfPage\":{\"@id\":\"https:\\\/\\\/redfoxlotto.com\\\/lt\\\/rezultatai\\\/euromillions\\\/#primaryimage\"},\"image\":{\"@id\":\"https:\\\/\\\/redfoxlotto.com\\\/lt\\\/rezultatai\\\/euromillions\\\/#primaryimage\"},\"thumbnailUrl\":\"https:\\\/\\\/content.redfoxlotto.com\\\/uploads\\\/sites\\\/9\\\/1_results_mega_millions.jpg\",\"datePublished\":\"2018-11-18T08:54:25+00:00\",\"dateModified\":\"2025-12-17T15:04:12+00:00\",\"description\":\"Paskutin\u0117s ir senesni\u0173 Euromillions laiming\u0173j\u0173 skai\u010di\u0173 s\u0105ra\u0161as viename puslapyje\",\"breadcrumb\":{\"@id\":\"https:\\\/\\\/redfoxlotto.com\\\/lt\\\/rezultatai\\\/euromillions\\\/#breadcrumb\"},\"inLanguage\":\"lt-LT\",\"potentialAction\":[{\"@type\":\"ReadAction\",\"target\":[\"https:\\\/\\\/redfoxlotto.com\\\/lt\\\/rezultatai\\\/euromillions\\\/\"]}]},{\"@type\":\"ImageObject\",\"inLanguage\":\"lt-LT\",\"@id\":\"https:\\\/\\\/redfoxlotto.com\\\/lt\\\/rezultatai\\\/euromillions\\\/#primaryimage\",\"url\":\"https:\\\/\\\/content.redfoxlotto.com\\\/uploads\\\/sites\\\/9\\\/1_results_mega_millions.jpg\",\"contentUrl\":\"https:\\\/\\\/content.redfoxlotto.com\\\/uploads\\\/sites\\\/9\\\/1_results_mega_millions.jpg\"},{\"@type\":\"BreadcrumbList\",\"@id\":\"https:\\\/\\\/redfoxlotto.com\\\/lt\\\/rezultatai\\\/euromillions\\\/#breadcrumb\",\"itemListElement\":[{\"@type\":\"ListItem\",\"position\":1,\"name\":\"Home\",\"item\":\"https:\\\/\\\/redfoxlotto.com\\\/lt\\\/\"},{\"@type\":\"ListItem\",\"position\":2,\"name\":\"Tarptautini\u0173 loterij\u0173 rezultatai\",\"item\":\"https:\\\/\\\/redfoxlotto.com\\\/lt\\\/rezultatai\\\/\"},{\"@type\":\"ListItem\",\"position\":3,\"name\":\"EuroMillions rezultatai ir naujausi laim\u0117jusieji skai\u010diai\"}]},{\"@type\":\"WebSite\",\"@id\":\"https:\\\/\\\/redfoxlotto.com\\\/lt\\\/#website\",\"url\":\"https:\\\/\\\/redfoxlotto.com\\\/lt\\\/\",\"name\":\"Get Tickets for the World\u2019s largest jackpots\",\"description\":\"Participate in worldwide lottery jackpots from any country\",\"publisher\":{\"@id\":\"https:\\\/\\\/redfoxlotto.com\\\/lt\\\/#organization\"},\"potentialAction\":[{\"@type\":\"SearchAction\",\"target\":{\"@type\":\"EntryPoint\",\"urlTemplate\":\"https:\\\/\\\/redfoxlotto.com\\\/lt\\\/?s={search_term_string}\"},\"query-input\":{\"@type\":\"PropertyValueSpecification\",\"valueRequired\":true,\"valueName\":\"search_term_string\"}}],\"inLanguage\":\"lt-LT\"},{\"@type\":\"Organization\",\"@id\":\"https:\\\/\\\/redfoxlotto.com\\\/lt\\\/#organization\",\"name\":\"Get Tickets for the World\u2019s largest jackpots\",\"url\":\"https:\\\/\\\/redfoxlotto.com\\\/lt\\\/\",\"logo\":{\"@type\":\"ImageObject\",\"inLanguage\":\"lt-LT\",\"@id\":\"https:\\\/\\\/redfoxlotto.com\\\/lt\\\/#\\\/schema\\\/logo\\\/image\\\/\",\"url\":\"https:\\\/\\\/redfoxlotto.com\\\/wp-content\\\/uploads\\\/2023\\\/04\\\/logo.png\",\"contentUrl\":\"https:\\\/\\\/redfoxlotto.com\\\/wp-content\\\/uploads\\\/2023\\\/04\\\/logo.png\",\"width\":269,\"height\":53,\"caption\":\"Get Tickets for the World\u2019s largest jackpots\"},\"image\":{\"@id\":\"https:\\\/\\\/redfoxlotto.com\\\/lt\\\/#\\\/schema\\\/logo\\\/image\\\/\"}}]}<\/script>\n<!-- \/ Yoast SEO plugin. -->","yoast_head_json":{"title":"EuroMillions loterijos rezultatai","description":"Paskutin\u0117s ir senesni\u0173 Euromillions laiming\u0173j\u0173 skai\u010di\u0173 s\u0105ra\u0161as viename puslapyje","robots":{"index":"index","follow":"follow","max-snippet":"max-snippet:-1","max-image-preview":"max-image-preview:large","max-video-preview":"max-video-preview:-1"},"canonical":"https:\/\/redfoxlotto.com\/lt\/rezultatai\/euromillions\/","og_locale":"lt_LT","og_type":"article","og_title":"EuroMillions loterijos rezultatai","og_description":"Paskutin\u0117s ir senesni\u0173 Euromillions laiming\u0173j\u0173 skai\u010di\u0173 s\u0105ra\u0161as viename puslapyje","og_url":"https:\/\/redfoxlotto.com\/lt\/rezultatai\/euromillions\/","og_site_name":"Get Tickets for the World\u2019s largest jackpots","article_modified_time":"2025-12-17T15:04:12+00:00","og_image":[{"url":"https:\/\/content.redfoxlotto.com\/uploads\/sites\/9\/1_results_mega_millions.jpg","type":"","width":"","height":""}],"twitter_card":"summary_large_image","twitter_misc":{"Est. reading time":"2 minut\u0117s"},"schema":{"@context":"https:\/\/schema.org","@graph":[{"@type":"WebPage","@id":"https:\/\/redfoxlotto.com\/lt\/rezultatai\/euromillions\/","url":"https:\/\/redfoxlotto.com\/lt\/rezultatai\/euromillions\/","name":"EuroMillions loterijos rezultatai","isPartOf":{"@id":"https:\/\/redfoxlotto.com\/lt\/#website"},"primaryImageOfPage":{"@id":"https:\/\/redfoxlotto.com\/lt\/rezultatai\/euromillions\/#primaryimage"},"image":{"@id":"https:\/\/redfoxlotto.com\/lt\/rezultatai\/euromillions\/#primaryimage"},"thumbnailUrl":"https:\/\/content.redfoxlotto.com\/uploads\/sites\/9\/1_results_mega_millions.jpg","datePublished":"2018-11-18T08:54:25+00:00","dateModified":"2025-12-17T15:04:12+00:00","description":"Paskutin\u0117s ir senesni\u0173 Euromillions laiming\u0173j\u0173 skai\u010di\u0173 s\u0105ra\u0161as viename puslapyje","breadcrumb":{"@id":"https:\/\/redfoxlotto.com\/lt\/rezultatai\/euromillions\/#breadcrumb"},"inLanguage":"lt-LT","potentialAction":[{"@type":"ReadAction","target":["https:\/\/redfoxlotto.com\/lt\/rezultatai\/euromillions\/"]}]},{"@type":"ImageObject","inLanguage":"lt-LT","@id":"https:\/\/redfoxlotto.com\/lt\/rezultatai\/euromillions\/#primaryimage","url":"https:\/\/content.redfoxlotto.com\/uploads\/sites\/9\/1_results_mega_millions.jpg","contentUrl":"https:\/\/content.redfoxlotto.com\/uploads\/sites\/9\/1_results_mega_millions.jpg"},{"@type":"BreadcrumbList","@id":"https:\/\/redfoxlotto.com\/lt\/rezultatai\/euromillions\/#breadcrumb","itemListElement":[{"@type":"ListItem","position":1,"name":"Home","item":"https:\/\/redfoxlotto.com\/lt\/"},{"@type":"ListItem","position":2,"name":"Tarptautini\u0173 loterij\u0173 rezultatai","item":"https:\/\/redfoxlotto.com\/lt\/rezultatai\/"},{"@type":"ListItem","position":3,"name":"EuroMillions rezultatai ir naujausi laim\u0117jusieji skai\u010diai"}]},{"@type":"WebSite","@id":"https:\/\/redfoxlotto.com\/lt\/#website","url":"https:\/\/redfoxlotto.com\/lt\/","name":"Get Tickets for the World\u2019s largest jackpots","description":"Participate in worldwide lottery jackpots from any country","publisher":{"@id":"https:\/\/redfoxlotto.com\/lt\/#organization"},"potentialAction":[{"@type":"SearchAction","target":{"@type":"EntryPoint","urlTemplate":"https:\/\/redfoxlotto.com\/lt\/?s={search_term_string}"},"query-input":{"@type":"PropertyValueSpecification","valueRequired":true,"valueName":"search_term_string"}}],"inLanguage":"lt-LT"},{"@type":"Organization","@id":"https:\/\/redfoxlotto.com\/lt\/#organization","name":"Get Tickets for the World\u2019s largest jackpots","url":"https:\/\/redfoxlotto.com\/lt\/","logo":{"@type":"ImageObject","inLanguage":"lt-LT","@id":"https:\/\/redfoxlotto.com\/lt\/#\/schema\/logo\/image\/","url":"https:\/\/redfoxlotto.com\/wp-content\/uploads\/2023\/04\/logo.png","contentUrl":"https:\/\/redfoxlotto.com\/wp-content\/uploads\/2023\/04\/logo.png","width":269,"height":53,"caption":"Get Tickets for the World\u2019s largest jackpots"},"image":{"@id":"https:\/\/redfoxlotto.com\/lt\/#\/schema\/logo\/image\/"}}]}},"_links":{"self":[{"href":"https:\/\/redfoxlotto.com\/lt\/wp-json\/wp\/v2\/pages\/17107","targetHints":{"allow":["GET"]}}],"collection":[{"href":"https:\/\/redfoxlotto.com\/lt\/wp-json\/wp\/v2\/pages"}],"about":[{"href":"https:\/\/redfoxlotto.com\/lt\/wp-json\/wp\/v2\/types\/page"}],"author":[{"embeddable":true,"href":"https:\/\/redfoxlotto.com\/lt\/wp-json\/wp\/v2\/users\/1"}],"replies":[{"embeddable":true,"href":"https:\/\/redfoxlotto.com\/lt\/wp-json\/wp\/v2\/comments?post=17107"}],"version-history":[{"count":0,"href":"https:\/\/redfoxlotto.com\/lt\/wp-json\/wp\/v2\/pages\/17107\/revisions"}],"up":[{"embeddable":true,"href":"https:\/\/redfoxlotto.com\/lt\/wp-json\/wp\/v2\/pages\/17105"}],"wp:attachment":[{"href":"https:\/\/redfoxlotto.com\/lt\/wp-json\/wp\/v2\/media?parent=17107"}],"curies":[{"name":"wp","href":"https:\/\/api.w.org\/{rel}","templated":true}]}}