{"id":17105,"date":"2023-04-24T14:13:24","date_gmt":"2023-04-24T14:13:24","guid":{"rendered":"https:\/\/redfoxlotto.com\/?page_id=3618"},"modified":"2025-12-18T08:44:55","modified_gmt":"2025-12-18T08:44:55","slug":"rezultatai","status":"publish","type":"page","link":"https:\/\/redfoxlotto.com\/lt\/rezultatai\/","title":{"rendered":"Tarptautini\u0173 loterij\u0173 rezultatai"},"content":{"rendered":"<script type=\"application\/ld+json\">\r\n{\r\n  \"@context\": \"https:\/\/schema.org\",\r\n  \"@type\": \"Service\",\r\n  \"name\": \"Patikrinkite tarptautini\u0173 loterij\u0173 traukim\u0173 rezultatus internetu\",\r\n  \"url\": \"https:\/\/redfoxlotto.com\/lt\/rezultatai\/powerball\",\r\n  \"description\": \"Apsilankykite RedFoxLotto ir su\u017einokite naujausius did\u017eiausi\u0173 pasaulio loterij\u0173 rezultatus.\",\r\n  \"serviceType\": \"Pasaulinis loterij\u0173 rezultat\u0173 archyvas\",\r\n\r\n  \"provider\": {\r\n    \"@type\": \"Organization\",\r\n    \"name\": \"RedFoxLotto\",\r\n    \"url\": \"https:\/\/redfoxlotto.com\/lt\/\",\r\n    \"image\": \"https:\/\/redfoxlotto.com\/wp-content\/uploads\/2025\/12\/ticket_scans.jpg\",\r\n    \"sameAs\": []\r\n  },\r\n\r\n  \"areaServed\": \"Worldwide\",\r\n  \"termsOfService\": \"https:\/\/redfoxlotto.com\/terms-and-conditions\",\r\n\r\n  \"additionalProperty\": {\r\n    \"@type\": \"PropertyValue\",\r\n    \"name\": \"DUK\",\r\n    \"value\": \"https:\/\/redfoxlotto.com\/lt\/faq\/\"\r\n  },\r\n\r\n  \"hasOfferCatalog\": {\r\n    \"@type\": \"OfferCatalog\",\r\n    \"name\": \"Pasaulio loterij\u0173 rezultatai\",\r\n    \"itemListElement\": [\r\n      {\r\n        \"@type\": \"Offer\",\r\n        \"name\": \"Powerball bilietas\",\r\n        \"url\": \"https:\/\/redfoxlotto.com\/lt\/rezultatai\/\",\r\n        \"description\": \"\u010cia rasite naujausius ir istorinius did\u017eiausi\u0173 pasaulio loterij\u0173 rezultatus\",\r\n        \"itemOffered\": {\r\n          \"@type\": \"Service\",\r\n          \"name\": \"Tarptautiniai loterij\u0173 rezultatai\",\r\n          \"description\": \"Did\u017eiausi\u0173 loterij\u0173 traukti skai\u010diai internetu, naujausi ir ankstesni rezultatai.\"\r\n        }\r\n      }\r\n    ]\r\n  },\r\n\r\n  \"mainEntityOfPage\": {\r\n    \"@type\": \"WebPage\",\r\n    \"@id\": \"https:\/\/redfoxlotto.com\/lt\/rezultatai\/\"\r\n  }\r\n}\r\n<\/script>\r\n\r\n<p><!--more--><\/p><p>\u010cia, kiekvien\u0105 savait\u0119 mes skelbiame naujausius laimingus skai\u010dius ir vis\u0173 tarptautini\u0173 loterij\u0173, kurioms galite pirkti bilietus, rezultatus.<\/p><p>Rezultatus gauname tiesiogiai i\u0161 loterij\u0173 operatori\u0173. Jie \u010dia bus skelbiami kai tik taps oficialiais. Tokiu b\u016bdu, galite greitai pasirikrinti savo bilietus su laimingaisiais skai\u010diais ir su\u017einoti ar k\u0105 nors laim\u0117jote. Taip pat galite pamatyti praeityje laim\u0117tas sumas ir kokie bilieto skai\u010diai tas sumas laim\u0117jo.<\/p><p><img loading=\"lazy\" decoding=\"async\" class=\" wp-image alignright\" src=\"https:\/\/content.redfoxlotto.com\/uploads\/sites\/9\/1_winning_lottery_numbers.jpg\" alt=\"Tarptautini\u0173 loterij\u0173 laim\u0117tojai\" width=\"240\" height=\"240\" \/><\/p><p>Mes taip pat rodome pra\u0117jusios savait\u0117s i\u0161trauktus skai\u010dius ir loterij\u0173 rezultatus. \u017dinoma, jeigu norite, galite naudotis \u0161ia tarptautini\u0173 loterij\u0173 informacija renkantis skai\u010dius sekantiems bilietams.<\/p><p>Sekan\u010dio savo bilieto skai\u010diams sukurti, galite remtis praeitos ar dar senesn\u0117s loterijos skai\u010diais ar j\u0173 kombinacijomis. Pavyzd\u017eiui, pirmasis skai\u010dius yra i\u0161 paskutinio Mega Millions lo\u0161imo laiming\u0173 skai\u010di\u0173, antrasis skai\u010dius paimtas i\u0161 Euromillions loterijos, o tre\u010diasis i\u0161 Eurojackpot ir t.t.<\/p><h2 class=\"wp-block-heading\" id=\"h-kar-ti-ir-alti-skai-iai\">Kar\u0161ti ir \u0161alti skai\u010diai<\/h2><p><img loading=\"lazy\" decoding=\"async\" class=\" wp-image alignright\" src=\"https:\/\/content.redfoxlotto.com\/uploads\/sites\/9\/1_lotto_draw_results.jpg\" alt=\"Rezultat\u0173 loterija\" width=\"254\" height=\"170\" \/><\/p><p>Pasitikrinus naujausius tarptautini\u0173 loterij\u0173 rezultatus, galite matyti kokie skai\u010diai da\u017eniausiai i\u0161traukiami. Tuo pa\u010diu metu, galite steb\u0117ti kokie skai\u010diai nepasirodo rezultatuose. Tokiu b\u016bdu, gal\u0117site susidaryti \u012fsp\u016bd\u012f, kokie paskutini\u0173 loterij\u0173 skai\u010diai yra kar\u0161ti, o kokite \u0161alti. Daugum\u0105 \u017eaid\u0117j\u0173 \u0161i\u0105 informacij\u0105 naudoja formuojant savo laiming\u0173j\u0173 skai\u010di\u0173 kombinacij\u0105. Tai strategija kuri garantuoja laim\u0117jim\u0105.<\/p><p>Sekan\u010dio savo bilieto skai\u010diams sukurti, galite remtis praeitos ar dar senesn\u0117s loterijos skai\u010diais ar j\u0173 kombinacijomis. Pavyzd\u017eiui, renkat\u0117s skai\u010dius Powerball lo\u0161imui, pirmasis skai\u010dius yra i\u0161 paskutinio Mega Millions lo\u0161imo laiming\u0173 skai\u010di\u0173, antrasis skai\u010dius paimtas i\u0161 Euromillions loterijos, o tre\u010diasis i\u0161 Eurojackpot ir t.t.<\/p>","protected":false},"excerpt":{"rendered":"","protected":false},"author":1,"featured_media":0,"parent":0,"menu_order":4,"comment_status":"closed","ping_status":"closed","template":"Results.php","meta":{"_et_pb_use_builder":"","_et_pb_old_content":"","_et_gb_content_width":"","exclude_from_search":false,"footnotes":""},"class_list":["post-17105","page","type-page","status-publish","hentry"],"yoast_head":"<!-- This site is optimized with the Yoast SEO plugin v23.8 - https:\/\/yoast.com\/wordpress\/plugins\/seo\/ -->\n<title>Tarptautini\u0173 loterij\u0173 rezultatai ir laimingi skai\u010diai<\/title>\n<meta name=\"description\" content=\"Ar j\u016bs\u0173 bilietas laim\u0117jo? Su\u017einokite tarptautini\u0173 loterij\u0173 rezultatus ir laiminguosius skai\u010dius \u010dia\" \/>\n<meta name=\"robots\" content=\"index, follow, max-snippet:-1, max-image-preview:large, max-video-preview:-1\" \/>\n<link rel=\"canonical\" href=\"https:\/\/redfoxlotto.com\/lt\/rezultatai\/\" \/>\n<meta property=\"og:locale\" content=\"lt_LT\" \/>\n<meta property=\"og:type\" content=\"article\" \/>\n<meta property=\"og:title\" content=\"Tarptautini\u0173 loterij\u0173 rezultatai ir laimingi skai\u010diai\" \/>\n<meta property=\"og:description\" content=\"Ar j\u016bs\u0173 bilietas laim\u0117jo? Su\u017einokite tarptautini\u0173 loterij\u0173 rezultatus ir laiminguosius skai\u010dius \u010dia\" \/>\n<meta property=\"og:url\" content=\"https:\/\/redfoxlotto.com\/lt\/rezultatai\/\" \/>\n<meta property=\"og:site_name\" content=\"Get Tickets for the World\u2019s largest jackpots\" \/>\n<meta property=\"article:modified_time\" content=\"2025-12-18T08:44:55+00:00\" \/>\n<meta property=\"og:image\" content=\"https:\/\/content.redfoxlotto.com\/uploads\/sites\/9\/1_winning_lottery_numbers.jpg\" \/>\n<meta name=\"twitter:card\" content=\"summary_large_image\" \/>\n<meta name=\"twitter:label1\" content=\"Est. reading time\" \/>\n\t<meta name=\"twitter:data1\" content=\"2 minut\u0117s\" \/>\n<script type=\"application\/ld+json\" class=\"yoast-schema-graph\">{\"@context\":\"https:\/\/schema.org\",\"@graph\":[{\"@type\":\"WebPage\",\"@id\":\"https:\/\/redfoxlotto.com\/lt\/rezultatai\/\",\"url\":\"https:\/\/redfoxlotto.com\/lt\/rezultatai\/\",\"name\":\"Tarptautini\u0173 loterij\u0173 rezultatai ir laimingi skai\u010diai\",\"isPartOf\":{\"@id\":\"https:\/\/redfoxlotto.com\/lt\/#website\"},\"primaryImageOfPage\":{\"@id\":\"https:\/\/redfoxlotto.com\/lt\/rezultatai\/#primaryimage\"},\"image\":{\"@id\":\"https:\/\/redfoxlotto.com\/lt\/rezultatai\/#primaryimage\"},\"thumbnailUrl\":\"https:\/\/content.redfoxlotto.com\/uploads\/sites\/9\/1_winning_lottery_numbers.jpg\",\"datePublished\":\"2023-04-24T14:13:24+00:00\",\"dateModified\":\"2025-12-18T08:44:55+00:00\",\"description\":\"Ar j\u016bs\u0173 bilietas laim\u0117jo? Su\u017einokite tarptautini\u0173 loterij\u0173 rezultatus ir laiminguosius skai\u010dius \u010dia\",\"breadcrumb\":{\"@id\":\"https:\/\/redfoxlotto.com\/lt\/rezultatai\/#breadcrumb\"},\"inLanguage\":\"lt-LT\",\"potentialAction\":[{\"@type\":\"ReadAction\",\"target\":[\"https:\/\/redfoxlotto.com\/lt\/rezultatai\/\"]}]},{\"@type\":\"ImageObject\",\"inLanguage\":\"lt-LT\",\"@id\":\"https:\/\/redfoxlotto.com\/lt\/rezultatai\/#primaryimage\",\"url\":\"https:\/\/content.redfoxlotto.com\/uploads\/sites\/9\/1_winning_lottery_numbers.jpg\",\"contentUrl\":\"https:\/\/content.redfoxlotto.com\/uploads\/sites\/9\/1_winning_lottery_numbers.jpg\"},{\"@type\":\"BreadcrumbList\",\"@id\":\"https:\/\/redfoxlotto.com\/lt\/rezultatai\/#breadcrumb\",\"itemListElement\":[{\"@type\":\"ListItem\",\"position\":1,\"name\":\"Home\",\"item\":\"https:\/\/redfoxlotto.com\/lt\/\"},{\"@type\":\"ListItem\",\"position\":2,\"name\":\"Tarptautini\u0173 loterij\u0173 rezultatai\"}]},{\"@type\":\"WebSite\",\"@id\":\"https:\/\/redfoxlotto.com\/lt\/#website\",\"url\":\"https:\/\/redfoxlotto.com\/lt\/\",\"name\":\"Get Tickets for the World\u2019s largest jackpots\",\"description\":\"Participate in worldwide lottery jackpots from any country\",\"publisher\":{\"@id\":\"https:\/\/redfoxlotto.com\/lt\/#organization\"},\"potentialAction\":[{\"@type\":\"SearchAction\",\"target\":{\"@type\":\"EntryPoint\",\"urlTemplate\":\"https:\/\/redfoxlotto.com\/lt\/?s={search_term_string}\"},\"query-input\":{\"@type\":\"PropertyValueSpecification\",\"valueRequired\":true,\"valueName\":\"search_term_string\"}}],\"inLanguage\":\"lt-LT\"},{\"@type\":\"Organization\",\"@id\":\"https:\/\/redfoxlotto.com\/lt\/#organization\",\"name\":\"Get Tickets for the World\u2019s largest jackpots\",\"url\":\"https:\/\/redfoxlotto.com\/lt\/\",\"logo\":{\"@type\":\"ImageObject\",\"inLanguage\":\"lt-LT\",\"@id\":\"https:\/\/redfoxlotto.com\/lt\/#\/schema\/logo\/image\/\",\"url\":\"https:\/\/redfoxlotto.com\/wp-content\/uploads\/2023\/04\/logo.png\",\"contentUrl\":\"https:\/\/redfoxlotto.com\/wp-content\/uploads\/2023\/04\/logo.png\",\"width\":269,\"height\":53,\"caption\":\"Get Tickets for the World\u2019s largest jackpots\"},\"image\":{\"@id\":\"https:\/\/redfoxlotto.com\/lt\/#\/schema\/logo\/image\/\"}}]}<\/script>\n<!-- \/ Yoast SEO plugin. -->","yoast_head_json":{"title":"Tarptautini\u0173 loterij\u0173 rezultatai ir laimingi skai\u010diai","description":"Ar j\u016bs\u0173 bilietas laim\u0117jo? Su\u017einokite tarptautini\u0173 loterij\u0173 rezultatus ir laiminguosius skai\u010dius \u010dia","robots":{"index":"index","follow":"follow","max-snippet":"max-snippet:-1","max-image-preview":"max-image-preview:large","max-video-preview":"max-video-preview:-1"},"canonical":"https:\/\/redfoxlotto.com\/lt\/rezultatai\/","og_locale":"lt_LT","og_type":"article","og_title":"Tarptautini\u0173 loterij\u0173 rezultatai ir laimingi skai\u010diai","og_description":"Ar j\u016bs\u0173 bilietas laim\u0117jo? Su\u017einokite tarptautini\u0173 loterij\u0173 rezultatus ir laiminguosius skai\u010dius \u010dia","og_url":"https:\/\/redfoxlotto.com\/lt\/rezultatai\/","og_site_name":"Get Tickets for the World\u2019s largest jackpots","article_modified_time":"2025-12-18T08:44:55+00:00","og_image":[{"url":"https:\/\/content.redfoxlotto.com\/uploads\/sites\/9\/1_winning_lottery_numbers.jpg"}],"twitter_card":"summary_large_image","twitter_misc":{"Est. reading time":"2 minut\u0117s"},"schema":{"@context":"https:\/\/schema.org","@graph":[{"@type":"WebPage","@id":"https:\/\/redfoxlotto.com\/lt\/rezultatai\/","url":"https:\/\/redfoxlotto.com\/lt\/rezultatai\/","name":"Tarptautini\u0173 loterij\u0173 rezultatai ir laimingi skai\u010diai","isPartOf":{"@id":"https:\/\/redfoxlotto.com\/lt\/#website"},"primaryImageOfPage":{"@id":"https:\/\/redfoxlotto.com\/lt\/rezultatai\/#primaryimage"},"image":{"@id":"https:\/\/redfoxlotto.com\/lt\/rezultatai\/#primaryimage"},"thumbnailUrl":"https:\/\/content.redfoxlotto.com\/uploads\/sites\/9\/1_winning_lottery_numbers.jpg","datePublished":"2023-04-24T14:13:24+00:00","dateModified":"2025-12-18T08:44:55+00:00","description":"Ar j\u016bs\u0173 bilietas laim\u0117jo? Su\u017einokite tarptautini\u0173 loterij\u0173 rezultatus ir laiminguosius skai\u010dius \u010dia","breadcrumb":{"@id":"https:\/\/redfoxlotto.com\/lt\/rezultatai\/#breadcrumb"},"inLanguage":"lt-LT","potentialAction":[{"@type":"ReadAction","target":["https:\/\/redfoxlotto.com\/lt\/rezultatai\/"]}]},{"@type":"ImageObject","inLanguage":"lt-LT","@id":"https:\/\/redfoxlotto.com\/lt\/rezultatai\/#primaryimage","url":"https:\/\/content.redfoxlotto.com\/uploads\/sites\/9\/1_winning_lottery_numbers.jpg","contentUrl":"https:\/\/content.redfoxlotto.com\/uploads\/sites\/9\/1_winning_lottery_numbers.jpg"},{"@type":"BreadcrumbList","@id":"https:\/\/redfoxlotto.com\/lt\/rezultatai\/#breadcrumb","itemListElement":[{"@type":"ListItem","position":1,"name":"Home","item":"https:\/\/redfoxlotto.com\/lt\/"},{"@type":"ListItem","position":2,"name":"Tarptautini\u0173 loterij\u0173 rezultatai"}]},{"@type":"WebSite","@id":"https:\/\/redfoxlotto.com\/lt\/#website","url":"https:\/\/redfoxlotto.com\/lt\/","name":"Get Tickets for the World\u2019s largest jackpots","description":"Participate in worldwide lottery jackpots from any country","publisher":{"@id":"https:\/\/redfoxlotto.com\/lt\/#organization"},"potentialAction":[{"@type":"SearchAction","target":{"@type":"EntryPoint","urlTemplate":"https:\/\/redfoxlotto.com\/lt\/?s={search_term_string}"},"query-input":{"@type":"PropertyValueSpecification","valueRequired":true,"valueName":"search_term_string"}}],"inLanguage":"lt-LT"},{"@type":"Organization","@id":"https:\/\/redfoxlotto.com\/lt\/#organization","name":"Get Tickets for the World\u2019s largest jackpots","url":"https:\/\/redfoxlotto.com\/lt\/","logo":{"@type":"ImageObject","inLanguage":"lt-LT","@id":"https:\/\/redfoxlotto.com\/lt\/#\/schema\/logo\/image\/","url":"https:\/\/redfoxlotto.com\/wp-content\/uploads\/2023\/04\/logo.png","contentUrl":"https:\/\/redfoxlotto.com\/wp-content\/uploads\/2023\/04\/logo.png","width":269,"height":53,"caption":"Get Tickets for the World\u2019s largest jackpots"},"image":{"@id":"https:\/\/redfoxlotto.com\/lt\/#\/schema\/logo\/image\/"}}]}},"_links":{"self":[{"href":"https:\/\/redfoxlotto.com\/lt\/wp-json\/wp\/v2\/pages\/17105","targetHints":{"allow":["GET"]}}],"collection":[{"href":"https:\/\/redfoxlotto.com\/lt\/wp-json\/wp\/v2\/pages"}],"about":[{"href":"https:\/\/redfoxlotto.com\/lt\/wp-json\/wp\/v2\/types\/page"}],"author":[{"embeddable":true,"href":"https:\/\/redfoxlotto.com\/lt\/wp-json\/wp\/v2\/users\/1"}],"replies":[{"embeddable":true,"href":"https:\/\/redfoxlotto.com\/lt\/wp-json\/wp\/v2\/comments?post=17105"}],"version-history":[{"count":0,"href":"https:\/\/redfoxlotto.com\/lt\/wp-json\/wp\/v2\/pages\/17105\/revisions"}],"wp:attachment":[{"href":"https:\/\/redfoxlotto.com\/lt\/wp-json\/wp\/v2\/media?parent=17105"}],"curies":[{"name":"wp","href":"https:\/\/api.w.org\/{rel}","templated":true}]}}