{"id":17103,"date":"2018-11-18T08:54:25","date_gmt":"2018-11-18T08:54:25","guid":{"rendered":"https:\/\/redfoxlotto.com\/?page_id=3614"},"modified":"2021-01-05T13:54:53","modified_gmt":"2021-01-05T13:54:53","slug":"superenalotto","status":"publish","type":"page","link":"https:\/\/redfoxlotto.com\/lt\/loterija\/superenalotto\/","title":{"rendered":"Apie SuperEnalotto"},"content":{"rendered":"<p>\u0160i Italijos loterija 50-aisiais buvo pristatytas kaip EnaLotto ir v\u0117liau pavadinta SuperEnaLotto. Did\u017eiausias u\u017eregistruotas SuperEnaLotto laim\u0117jimas buvo 177 729 043,16 euro. \u0160i loterija turi tris skai\u010di\u0173 traukimus per savait\u0119 &#8211; kiekvien\u0105 antradien\u012f, ketvirtadien\u012f ir \u0161e\u0161tadien\u012f.<\/p><h2 class=\"wp-block-heading\">Tarptautin\u0117 SuperEnaLotto loterija<\/h2><p><img loading=\"lazy\" decoding=\"async\" class=\" wp-image alignright\" src=\"https:\/\/content.redfoxlotto.com\/uploads\/sites\/9\/2_ticket_superenalotto4.jpg\" alt=\"Superenalotto \u017eaisti internete\" width=\"204\" height=\"291\" \/><\/p><p>Superenalotto \u017eaid\u017eiama ne tik Italijoje, bet ir internetu \u017eaid\u017eia \u017emon\u0117s i\u0161 kit\u0173 \u0161ali\u0173. Nesvarbu, kur gyvenate, bilietus \u012f Superenalotto galite \u012fsigyti internetu \u010dia, m\u016bs\u0173 svetain\u0117je.<\/p><h2 class=\"wp-block-heading\">SuperEnalotto loterijos taisykl\u0117s<\/h2><p><img decoding=\"async\" class=\"size-full wp-image alignright\" src=\"https:\/\/content.redfoxlotto.com\/uploads\/sites\/9\/1_buy_ticket_jackpot.jpg\" alt=\"laim\u0117kite Superenalotto\"><\/p><p>SuperEnaLotto yra 6 i\u0161 90 \u017eaidimas, be papildom\u0173 skai\u010di\u0173. Pataik\u0119 atsp\u0117ti 6 skai\u010dius, j\u016bs laimite pagrindin\u012f priz\u0105. Jei j\u016bs\u0173 Superenalotto bilietas turi bent 3 atsp\u0117tus skai\u010dius, esate kvalifikuotas gauti vien\u0105 i\u0161 \u017eemesn\u0117s vert\u0117s priz\u0173.<\/p>","protected":false},"excerpt":{"rendered":"<p>\u0160i Italijos loterija 50-aisiais buvo pristatytas kaip EnaLotto ir v\u0117liau pavadinta SuperEnaLotto. Did\u017eiausias u\u017eregistruotas SuperEnaLotto laim\u0117jimas buvo 177 729 043,16 euro. \u0160i loterija turi tris skai\u010di\u0173 traukimus per savait\u0119 &#8211; kiekvien\u0105 antradien\u012f, ketvirtadien\u012f ir \u0161e\u0161tadien\u012f. Tarptautin\u0117 SuperEnaLotto loterija Superenalotto \u017eaid\u017eiama ne tik Italijoje, bet ir internetu \u017eaid\u017eia \u017emon\u0117s i\u0161 kit\u0173 \u0161ali\u0173. Nesvarbu, kur gyvenate, bilietus [&hellip;]<\/p>\n","protected":false},"author":1,"featured_media":0,"parent":17097,"menu_order":5,"comment_status":"closed","ping_status":"closed","template":"superenalotto-info.php","meta":{"_et_pb_use_builder":"","_et_pb_old_content":"","_et_gb_content_width":"","exclude_from_search":false,"footnotes":""},"class_list":["post-17103","page","type-page","status-publish","hentry"],"yoast_head":"<!-- This site is optimized with the Yoast SEO plugin v23.8 - https:\/\/yoast.com\/wordpress\/plugins\/seo\/ -->\n<title>Pirkite bilietus Superenalotto loterijai internetu<\/title>\n<meta name=\"description\" content=\"Net jeigu negyvenate Italijoje, bilietus Superenalotto loterijai gali pirkti internetu jau dabar!\" \/>\n<meta name=\"robots\" content=\"index, follow, max-snippet:-1, max-image-preview:large, max-video-preview:-1\" \/>\n<link rel=\"canonical\" href=\"https:\/\/redfoxlotto.com\/lt\/loterija\/superenalotto\/\" \/>\n<meta property=\"og:locale\" content=\"lt_LT\" \/>\n<meta property=\"og:type\" content=\"article\" \/>\n<meta property=\"og:title\" content=\"Pirkite bilietus Superenalotto loterijai internetu\" \/>\n<meta property=\"og:description\" content=\"Net jeigu negyvenate Italijoje, bilietus Superenalotto loterijai gali pirkti internetu jau dabar!\" \/>\n<meta property=\"og:url\" content=\"https:\/\/redfoxlotto.com\/lt\/loterija\/superenalotto\/\" \/>\n<meta property=\"og:site_name\" content=\"Get Tickets for the World\u2019s largest jackpots\" \/>\n<meta property=\"article:modified_time\" content=\"2021-01-05T13:54:53+00:00\" \/>\n<meta property=\"og:image\" content=\"https:\/\/content.redfoxlotto.com\/uploads\/sites\/9\/2_ticket_superenalotto4.jpg\" \/>\n<meta name=\"twitter:card\" content=\"summary_large_image\" \/>\n<meta name=\"twitter:label1\" content=\"Est. reading time\" \/>\n\t<meta name=\"twitter:data1\" content=\"1 minut\u0117\" \/>\n<script type=\"application\/ld+json\" class=\"yoast-schema-graph\">{\"@context\":\"https:\/\/schema.org\",\"@graph\":[{\"@type\":\"WebPage\",\"@id\":\"https:\/\/redfoxlotto.com\/lt\/loterija\/superenalotto\/\",\"url\":\"https:\/\/redfoxlotto.com\/lt\/loterija\/superenalotto\/\",\"name\":\"Pirkite bilietus Superenalotto loterijai internetu\",\"isPartOf\":{\"@id\":\"https:\/\/redfoxlotto.com\/lt\/#website\"},\"primaryImageOfPage\":{\"@id\":\"https:\/\/redfoxlotto.com\/lt\/loterija\/superenalotto\/#primaryimage\"},\"image\":{\"@id\":\"https:\/\/redfoxlotto.com\/lt\/loterija\/superenalotto\/#primaryimage\"},\"thumbnailUrl\":\"https:\/\/content.redfoxlotto.com\/uploads\/sites\/9\/2_ticket_superenalotto4.jpg\",\"datePublished\":\"2018-11-18T08:54:25+00:00\",\"dateModified\":\"2021-01-05T13:54:53+00:00\",\"description\":\"Net jeigu negyvenate Italijoje, bilietus Superenalotto loterijai gali pirkti internetu jau dabar!\",\"breadcrumb\":{\"@id\":\"https:\/\/redfoxlotto.com\/lt\/loterija\/superenalotto\/#breadcrumb\"},\"inLanguage\":\"lt-LT\",\"potentialAction\":[{\"@type\":\"ReadAction\",\"target\":[\"https:\/\/redfoxlotto.com\/lt\/loterija\/superenalotto\/\"]}]},{\"@type\":\"ImageObject\",\"inLanguage\":\"lt-LT\",\"@id\":\"https:\/\/redfoxlotto.com\/lt\/loterija\/superenalotto\/#primaryimage\",\"url\":\"https:\/\/content.redfoxlotto.com\/uploads\/sites\/9\/2_ticket_superenalotto4.jpg\",\"contentUrl\":\"https:\/\/content.redfoxlotto.com\/uploads\/sites\/9\/2_ticket_superenalotto4.jpg\"},{\"@type\":\"BreadcrumbList\",\"@id\":\"https:\/\/redfoxlotto.com\/lt\/loterija\/superenalotto\/#breadcrumb\",\"itemListElement\":[{\"@type\":\"ListItem\",\"position\":1,\"name\":\"Home\",\"item\":\"https:\/\/redfoxlotto.com\/lt\/\"},{\"@type\":\"ListItem\",\"position\":2,\"name\":\"Kaip internetu nusipirkti loterijos biliet\u0105 \u2013 \u012fsigyjimo proced\u016bra\",\"item\":\"https:\/\/redfoxlotto.com\/lt\/loterija\/\"},{\"@type\":\"ListItem\",\"position\":3,\"name\":\"Apie SuperEnalotto\"}]},{\"@type\":\"WebSite\",\"@id\":\"https:\/\/redfoxlotto.com\/lt\/#website\",\"url\":\"https:\/\/redfoxlotto.com\/lt\/\",\"name\":\"Get Tickets for the World\u2019s largest jackpots\",\"description\":\"Participate in worldwide lottery jackpots from any country\",\"publisher\":{\"@id\":\"https:\/\/redfoxlotto.com\/lt\/#organization\"},\"potentialAction\":[{\"@type\":\"SearchAction\",\"target\":{\"@type\":\"EntryPoint\",\"urlTemplate\":\"https:\/\/redfoxlotto.com\/lt\/?s={search_term_string}\"},\"query-input\":{\"@type\":\"PropertyValueSpecification\",\"valueRequired\":true,\"valueName\":\"search_term_string\"}}],\"inLanguage\":\"lt-LT\"},{\"@type\":\"Organization\",\"@id\":\"https:\/\/redfoxlotto.com\/lt\/#organization\",\"name\":\"Get Tickets for the World\u2019s largest jackpots\",\"url\":\"https:\/\/redfoxlotto.com\/lt\/\",\"logo\":{\"@type\":\"ImageObject\",\"inLanguage\":\"lt-LT\",\"@id\":\"https:\/\/redfoxlotto.com\/lt\/#\/schema\/logo\/image\/\",\"url\":\"https:\/\/redfoxlotto.com\/wp-content\/uploads\/2023\/04\/logo.png\",\"contentUrl\":\"https:\/\/redfoxlotto.com\/wp-content\/uploads\/2023\/04\/logo.png\",\"width\":269,\"height\":53,\"caption\":\"Get Tickets for the World\u2019s largest jackpots\"},\"image\":{\"@id\":\"https:\/\/redfoxlotto.com\/lt\/#\/schema\/logo\/image\/\"}}]}<\/script>\n<!-- \/ Yoast SEO plugin. -->","yoast_head_json":{"title":"Pirkite bilietus Superenalotto loterijai internetu","description":"Net jeigu negyvenate Italijoje, bilietus Superenalotto loterijai gali pirkti internetu jau dabar!","robots":{"index":"index","follow":"follow","max-snippet":"max-snippet:-1","max-image-preview":"max-image-preview:large","max-video-preview":"max-video-preview:-1"},"canonical":"https:\/\/redfoxlotto.com\/lt\/loterija\/superenalotto\/","og_locale":"lt_LT","og_type":"article","og_title":"Pirkite bilietus Superenalotto loterijai internetu","og_description":"Net jeigu negyvenate Italijoje, bilietus Superenalotto loterijai gali pirkti internetu jau dabar!","og_url":"https:\/\/redfoxlotto.com\/lt\/loterija\/superenalotto\/","og_site_name":"Get Tickets for the World\u2019s largest jackpots","article_modified_time":"2021-01-05T13:54:53+00:00","og_image":[{"url":"https:\/\/content.redfoxlotto.com\/uploads\/sites\/9\/2_ticket_superenalotto4.jpg"}],"twitter_card":"summary_large_image","twitter_misc":{"Est. reading time":"1 minut\u0117"},"schema":{"@context":"https:\/\/schema.org","@graph":[{"@type":"WebPage","@id":"https:\/\/redfoxlotto.com\/lt\/loterija\/superenalotto\/","url":"https:\/\/redfoxlotto.com\/lt\/loterija\/superenalotto\/","name":"Pirkite bilietus Superenalotto loterijai internetu","isPartOf":{"@id":"https:\/\/redfoxlotto.com\/lt\/#website"},"primaryImageOfPage":{"@id":"https:\/\/redfoxlotto.com\/lt\/loterija\/superenalotto\/#primaryimage"},"image":{"@id":"https:\/\/redfoxlotto.com\/lt\/loterija\/superenalotto\/#primaryimage"},"thumbnailUrl":"https:\/\/content.redfoxlotto.com\/uploads\/sites\/9\/2_ticket_superenalotto4.jpg","datePublished":"2018-11-18T08:54:25+00:00","dateModified":"2021-01-05T13:54:53+00:00","description":"Net jeigu negyvenate Italijoje, bilietus Superenalotto loterijai gali pirkti internetu jau dabar!","breadcrumb":{"@id":"https:\/\/redfoxlotto.com\/lt\/loterija\/superenalotto\/#breadcrumb"},"inLanguage":"lt-LT","potentialAction":[{"@type":"ReadAction","target":["https:\/\/redfoxlotto.com\/lt\/loterija\/superenalotto\/"]}]},{"@type":"ImageObject","inLanguage":"lt-LT","@id":"https:\/\/redfoxlotto.com\/lt\/loterija\/superenalotto\/#primaryimage","url":"https:\/\/content.redfoxlotto.com\/uploads\/sites\/9\/2_ticket_superenalotto4.jpg","contentUrl":"https:\/\/content.redfoxlotto.com\/uploads\/sites\/9\/2_ticket_superenalotto4.jpg"},{"@type":"BreadcrumbList","@id":"https:\/\/redfoxlotto.com\/lt\/loterija\/superenalotto\/#breadcrumb","itemListElement":[{"@type":"ListItem","position":1,"name":"Home","item":"https:\/\/redfoxlotto.com\/lt\/"},{"@type":"ListItem","position":2,"name":"Kaip internetu nusipirkti loterijos biliet\u0105 \u2013 \u012fsigyjimo proced\u016bra","item":"https:\/\/redfoxlotto.com\/lt\/loterija\/"},{"@type":"ListItem","position":3,"name":"Apie SuperEnalotto"}]},{"@type":"WebSite","@id":"https:\/\/redfoxlotto.com\/lt\/#website","url":"https:\/\/redfoxlotto.com\/lt\/","name":"Get Tickets for the World\u2019s largest jackpots","description":"Participate in worldwide lottery jackpots from any country","publisher":{"@id":"https:\/\/redfoxlotto.com\/lt\/#organization"},"potentialAction":[{"@type":"SearchAction","target":{"@type":"EntryPoint","urlTemplate":"https:\/\/redfoxlotto.com\/lt\/?s={search_term_string}"},"query-input":{"@type":"PropertyValueSpecification","valueRequired":true,"valueName":"search_term_string"}}],"inLanguage":"lt-LT"},{"@type":"Organization","@id":"https:\/\/redfoxlotto.com\/lt\/#organization","name":"Get Tickets for the World\u2019s largest jackpots","url":"https:\/\/redfoxlotto.com\/lt\/","logo":{"@type":"ImageObject","inLanguage":"lt-LT","@id":"https:\/\/redfoxlotto.com\/lt\/#\/schema\/logo\/image\/","url":"https:\/\/redfoxlotto.com\/wp-content\/uploads\/2023\/04\/logo.png","contentUrl":"https:\/\/redfoxlotto.com\/wp-content\/uploads\/2023\/04\/logo.png","width":269,"height":53,"caption":"Get Tickets for the World\u2019s largest jackpots"},"image":{"@id":"https:\/\/redfoxlotto.com\/lt\/#\/schema\/logo\/image\/"}}]}},"_links":{"self":[{"href":"https:\/\/redfoxlotto.com\/lt\/wp-json\/wp\/v2\/pages\/17103","targetHints":{"allow":["GET"]}}],"collection":[{"href":"https:\/\/redfoxlotto.com\/lt\/wp-json\/wp\/v2\/pages"}],"about":[{"href":"https:\/\/redfoxlotto.com\/lt\/wp-json\/wp\/v2\/types\/page"}],"author":[{"embeddable":true,"href":"https:\/\/redfoxlotto.com\/lt\/wp-json\/wp\/v2\/users\/1"}],"replies":[{"embeddable":true,"href":"https:\/\/redfoxlotto.com\/lt\/wp-json\/wp\/v2\/comments?post=17103"}],"version-history":[{"count":0,"href":"https:\/\/redfoxlotto.com\/lt\/wp-json\/wp\/v2\/pages\/17103\/revisions"}],"up":[{"embeddable":true,"href":"https:\/\/redfoxlotto.com\/lt\/wp-json\/wp\/v2\/pages\/17097"}],"wp:attachment":[{"href":"https:\/\/redfoxlotto.com\/lt\/wp-json\/wp\/v2\/media?parent=17103"}],"curies":[{"name":"wp","href":"https:\/\/api.w.org\/{rel}","templated":true}]}}