{"id":17102,"date":"2018-11-18T08:54:25","date_gmt":"2018-11-18T08:54:25","guid":{"rendered":"https:\/\/redfoxlotto.com\/?page_id=3612"},"modified":"2025-12-18T11:13:30","modified_gmt":"2025-12-18T11:13:30","slug":"powerball","status":"publish","type":"page","link":"https:\/\/redfoxlotto.com\/lt\/loterija\/powerball\/","title":{"rendered":"Apie &#8222;Powerball"},"content":{"rendered":"<p><script type=\"application\/ld+json\">\n{\n  \"@context\": \"https:\/\/schema.org\",\n  \"@type\": \"Service\",\n  \"name\": \"\u017daisti Powerball internetu\",\n  \"url\": \"https:\/\/redfoxlotto.com\/lt\/lotteries\/powerball\",\n  \"description\": \"Pirkite oficialius Powerball bilietus internetu i\u0161 bet kurios \u0161alies. Apsilankykite RedFoxLotto, pasirinkite savo numerius ir dalyvaukite kitoje loterijoje.\",\n  \"serviceType\": \"Internetini\u0173 loterijos biliet\u0173 paslauga\",<\/p>\n<p>  \"provider\": {\n    \"@type\": \"Organization\",\n    \"name\": \"RedFoxLotto\",\n    \"url\": \"https:\/\/redfoxlotto.com\/lt\/\",\n    \"image\": \"https:\/\/redfoxlotto.com\/wp-content\/uploads\/2025\/12\/ticket_scans.jpg\",\n    \"sameAs\": []\n  },<\/p>\n<p>  \"areaServed\": \"Worldwide\",\n  \"termsOfService\": \"https:\/\/redfoxlotto.com\/terms-and-conditions\",<\/p>\n<p>  \"additionalProperty\": {\n    \"@type\": \"PropertyValue\",\n    \"name\": \"FAQ\",\n    \"value\": \"https:\/\/redfoxlotto.com\/lt\/faq\/\"\n  },<\/p>\n<p>  \"hasOfferCatalog\": {\n    \"@type\": \"OfferCatalog\",\n    \"name\": \"Powerball bilietai\",\n    \"itemListElement\": [\n      {\n        \"@type\": \"Offer\",\n        \"name\": \"Powerball bilietai\",\n        \"url\": \"https:\/\/redfoxlotto.com\/lt\/lotteries\/powerball\",\n        \"description\": \"Pirkite tikrus bilietus internetu kitai Powerball loterijai RedFoxLotto svetain\u0117je.\",\n        \"price\": \"5.90\",\n        \"priceCurrency\": \"\u20ac\",\n        \"availability\": \"https:\/\/schema.org\/InStock\",<\/p>\n<p>        \"itemOffered\": {\n          \"@type\": \"Service\",\n          \"name\": \"Powerball bilietai\",\n          \"description\": \"Dalyvaukite kitoje Powerball loterijoje \u2013 pirkite bilietus internetu per RedFoxLotto.\"\n        }\n      }\n    ]\n  },<\/p>\n<p>  \"mainEntityOfPage\": {\n    \"@type\": \"WebPage\",\n    \"@id\": \"https:\/\/redfoxlotto.com\/lt\/lotteries\/powerball\"\n  }\n}\n<\/script><\/p>\n<p>&#8222;Powerball&#8221; tikriausiai yra geriausiai \u017einoma loterija visame pasaulyje ir tam yra keletas tikrai svari\u0173 prie\u017eas\u010di\u0173.<\/p>\n<p>\u0160\u012f \u017eaidim\u0105 \u017eaid\u017eia milijonai \u017eaid\u0117j\u0173 i\u0161 viso pasaulio. Dar daugiau, ne tik JAV, bet ir i\u0161 kit\u0173 \u0161ali\u0173, pavyzd\u017eiui, Lietuvos, galite rinktis pirkti &#8222;Powerball&#8221; bilietus internetu.<\/p>\n<p>Burtai vyksta kiekvien\u0105 \u0161e\u0161tadien\u012f ir tre\u010diadien\u012f, o tai rei\u0161kia, kad tur\u0117site dvigubai daugiau galimybi\u0173 dalyvauti ir \u012fsigyti biliet\u0105. Labai \u012fdomu tai, kad did\u017eiausias kada nors pasiektas &#8222;Powerball&#8221; laim\u0117jimas buvo 1 586 400 000 JAV doleri\u0173!<\/p>\n<h2>Powerball Lotto visame pasaulyje<\/h2>\n<p>M\u016bs\u0173 svetain\u0117s pagalba dabar galite tapti &#8222;Powerball&#8221; multimilijonieriumi. Suteikiame jums galimyb\u0119 pirkti &#8222;Powerball&#8221; bilietus internetu. O jums tereikia pasidom\u0117ti, k\u0105 apima m\u016bs\u0173 sistema. Pamatysite, kad vos per kelis paprastus \u017eingsnius galite pereiti nuo papras\u010diausio m\u016bs\u0173 svetain\u0117s patikrinimo iki to, kad j\u016bs\u0173 paskyroje laukia pirmasis bilietas. Taigi atid\u017eiau ap\u017evelkime, k\u0105 jums reikia padaryti.<\/p>\n<p><img decoding=\"async\" class=\"wp-image alignright\" src=\"https:\/\/redfoxlotto.com\/wp-content\/uploads\/sites\/9\/ticket_powerball3.jpg\" alt=\"Powerball loterija\" \/><\/p>\n<h2>Kaip nusipirkti &#8222;Powerball&#8221; biliet\u0105 internetu i\u0161 Lietuvos<\/h2>\n<p>Pirmasis \u017eingsnis &#8211; tiesiog per\u017ei\u016br\u0117ti \u012fvairius m\u016bs\u0173 si\u016blomus loterijos \u017eaidimus. J\u016bs\u0173 laimei, yra daugyb\u0117 puiki\u0173 biliet\u0173 ir \u017eaidim\u0173, nes norime u\u017etikrinti, kad gal\u0117tum\u0117te dalyvauti visuose did\u017eiausiuose aukso puoduose. Taigi, visi did\u017eiausi \u017eaidimai visame pasaulyje yra prieinami i\u0161 Lietuvos, per m\u016bs\u0173 svetain\u0119. Jums tereikia per\u017evelgti si\u016blomus \u017eaidimus ir nuspr\u0119sti, kur\u012f i\u0161 j\u0173 norite \u017eaisti.<\/p>\n<p>Nusprend\u0119 d\u0117l \u017eaidimo (\u0161iuo atveju &#8222;Powerball&#8221;), tiesiog spustel\u0117kite nuorod\u0105 ir pereikite \u012f puslap\u012f. Pamatysite daugiau informacijos apie \u017eaidim\u0105 ir informacij\u0105 apie tai, kaip \u012fsigyti savo biliet\u0105. Tereikia i\u0161sirinkti norimus skai\u010dius. \u017dinoma, galite pasirinkti ir greit\u0105j\u012f pasirinkim\u0105, jei ne\u017einote, koki\u0173 skai\u010di\u0173 norite.<\/p>\n<p>Naudodamiesi m\u016bs\u0173 svetaine, kai prad\u0117site rinktis numerius, mes jums tiksliai nurodysime, kiek j\u0173 reikia, ir pasir\u016bpinsime, kad j\u0173 neb\u016bt\u0173 nei per daug, nei per ma\u017eai, kad gautum\u0117te galiojant\u012f biliet\u0105. Taip pat gal\u0117site pasirinkti atsitiktinai parinkt\u0173 ir asmeni\u0161kai parinkt\u0173 skai\u010di\u0173 derin\u012f, kaip jums patinka. Taip pat galite pasirinkti kelis \u017eaidimo bilietus.<\/p>\n<p>Toliau bilietus gal\u0117site \u012ftraukti \u012f krep\u0161el\u012f, o tada gal\u0117site i\u0161sirinkti papildom\u0173 &#8222;Powerball&#8221; ar kit\u0173 norim\u0173 \u017eaidim\u0173 biliet\u0173. Tada tereikia susikurti savo paskyr\u0105. Kai tai padarysite, papra\u0161ysime j\u016bs\u0173 pateikti tam tikr\u0105 asmenin\u0119 informacij\u0105, kuri pad\u0117s jums b\u016bti saugesniems, kai nor\u0117site \u012fsigyti biliet\u0173 ir kai nor\u0117site gauti pinig\u0173 i\u0161 savo s\u0105skaitos. Taip pat gal\u0117site nustatyti visas norimas paskyras.<\/p>\n<h2>&#8222;Powerball&#8221; biliet\u0173 internetu taisykl\u0117s<\/h2>\n<p>Kai kalbama apie &#8222;Powerball&#8221; bilieto nustatym\u0105, norite \u017einoti visk\u0105 apie taisykles, kuri\u0173 turite laikytis, ir apie tai, kaip ketinate i\u0161sirinkti biliet\u0105. Taigi, k\u0105 jums reikia daryti?<\/p>\n<p>Turite i\u0161rinkti 5 skai\u010dius nuo 1 iki 69 ir vien\u0105 &#8222;Powerball&#8221; skai\u010di\u0173 nuo 1 iki 26. Biliete turi sutapti visi \u0161e\u0161i skai\u010diai. Tada laim\u0117site pagrindin\u012f priz\u0105. Jei teisingai atsp\u0117jote tik pirmuosius 5 skai\u010dius, j\u016bs\u0173 bilietas laimi antrojo lygio priz\u0105. Vis tiek tapsite 1 milijonu doleri\u0173 turtingesnis. &#8222;Powerball&#8221; aukso puodo laim\u0117jimas gali b\u016bti i\u0161mok\u0117tas kaip vienkartin\u0117 i\u0161moka arba 30 metini\u0173 \u012fmok\u0173.<\/p>\n<h2>Pirkite &#8222;Powerball&#8221; biliet\u0105 internetu ir laim\u0117kite!<\/h2>\n<p>Taigi, kas nutiks, jei i\u0161 tikr\u0173j\u0173 laim\u0117site &#8222;Powerball&#8221; pagrindin\u012f priz\u0105? Tai bus labai smagu ir j\u016bs tikrai labai apsid\u017eiaugsite. Na, taip pat tur\u0117site suplanuoti kelion\u0119 \u012f Jungtines Valstijas, nes jos m\u0117gsta i\u0161 laim\u0117jusi\u0173 \u017emoni\u0173 daryti didel\u012f triuk\u0161m\u0105.<\/p>\n<p>Tai rei\u0161kia, kad jie fotografuosis, \u012fteiks jums didel\u012f \u010dek\u012f ir dar daug kit\u0173 dalyk\u0173, o mes pasir\u016bpinsime, kad b\u016btum\u0117te tam pasiruo\u0161\u0119, tur\u0117dami biliet\u0105 ir informacij\u0105, reikaling\u0105 prizui atsiimti.<\/p>\n<p>Jei laim\u0117jote \u017eemesnio lygio priz\u0105, pinigus galime pervesti tiesiai \u012f j\u016bs\u0173 s\u0105skait\u0105, kad gal\u0117tum\u0117te juos atsiimti \u012f savo s\u0105skait\u0105, arba galite juos panaudoti papildomiems bilietams \u012fsigyti. Laim\u0117jusiems didesnius prizus, bet ne pagrindin\u012f priz\u0105, gal\u0117site gauti tiesiogin\u012f pervedim\u0105 \u012f savo s\u0105skait\u0105, o mes su jumis susisieksime, kad su\u017einotum\u0117te, k\u0105 reikia daryti ir kaip visa tai nustatyti. Bet kaip tai su\u017einosite?<\/p>\n<p>Jei nuolat tikrinsite savo paskyr\u0105, gal\u0117site matyti savo bilieto atnaujinimus ir matysite visus sutampan\u010dius numerius. Be to, ma\u017eesn\u0117ms sumoms skirtus pinigus i\u0161 karto gausite pervestus \u012f savo s\u0105skait\u0105. Ta\u010diau bet kokia suma, kuri\u0105 laim\u0117site, bus rodoma j\u016bs\u0173 el. lai\u0161ke. Tai rei\u0161kia, kad gal\u0117site tiesiog patikrinti savo el. pa\u0161t\u0105 ir pamatyti, kad laim\u0117jote, tod\u0117l gal\u0117site i\u0161 karto pereiti prie savo paskyros.<\/p>\n<p><img decoding=\"async\" class=\"size-full wp-image alignright\" src=\"https:\/\/content.redfoxlotto.com\/uploads\/sites\/9\/1_buy_lottery_online.jpg\" alt=\"pirkti bilietus internetu\" \/><\/p>\n<h2>\u017daisti naujus \u017eaidimus<\/h2>\n<p>Jei esate pasireng\u0119 prad\u0117ti \u017eaisti ir norite pirkti &#8222;Powerball&#8221; bilietus internetu, tikrai nor\u0117site i\u0161bandyti ir kitas m\u016bs\u0173 si\u016blomas galimybes. Ties\u0105 sakant, turime kar\u0161\u010diausi\u0173 loterijos \u017eaidim\u0173, vykstan\u010di\u0173 visame pasaulyje, ir jums tereikia nuspr\u0119sti, kuris i\u0161 j\u0173 bus j\u016bs\u0173 m\u0117gstamiausias ir kur\u012f norite i\u0161bandyti toliau.<\/p>\n<p>Taigi, trumpai ap\u017evelkite, kas yra si\u016bloma ir kaip galite pasiimti visus norimus bilietus. Ir \u012fsitikinkite, kad taip pat per\u017ei\u016brite vis\u0105 informacij\u0105, kuri\u0105 galite rasti apie kiekvien\u0105 i\u0161 \u017eaidim\u0173, kada jie bus traukiami, kiek galite laim\u0117ti ir daug daugiau.<\/p>\n<p>Ar norite \u017eaisti ir \u012fsigyti &#8222;Powerball&#8221; biliet\u0173 internetu? Prad\u0117kite jau dabar, \u010dia.<\/p>\n","protected":false},"excerpt":{"rendered":"<p>&#8222;Powerball&#8221; tikriausiai yra geriausiai \u017einoma loterija visame pasaulyje ir tam yra keletas tikrai svari\u0173 prie\u017eas\u010di\u0173. \u0160\u012f \u017eaidim\u0105 \u017eaid\u017eia milijonai \u017eaid\u0117j\u0173 i\u0161 viso pasaulio. Dar daugiau, ne tik JAV, bet ir i\u0161 kit\u0173 \u0161ali\u0173, pavyzd\u017eiui, Lietuvos, galite rinktis pirkti &#8222;Powerball&#8221; bilietus internetu. Burtai vyksta kiekvien\u0105 \u0161e\u0161tadien\u012f ir tre\u010diadien\u012f, o tai rei\u0161kia, kad tur\u0117site dvigubai daugiau galimybi\u0173 [&hellip;]<\/p>\n","protected":false},"author":1,"featured_media":0,"parent":17097,"menu_order":1,"comment_status":"closed","ping_status":"closed","template":"powerball-usa-info.php","meta":{"_et_pb_use_builder":"","_et_pb_old_content":"","_et_gb_content_width":"","exclude_from_search":false,"footnotes":""},"class_list":["post-17102","page","type-page","status-publish","hentry"],"yoast_head":"<!-- This site is optimized with the Yoast SEO plugin v27.4 - https:\/\/yoast.com\/product\/yoast-seo-wordpress\/ -->\n<title>Pirkite &quot;Powerball&quot; bilietus internetu i\u0161 Lietuvos | Laim\u0117kite &quot;Powerball&quot; \u010dia<\/title>\n<meta name=\"description\" content=\"Kaip nusipirkti &quot;Powerball Lotto&quot; biliet\u0105 internetu JAV? M\u016bs\u0173 paslauga skirta tam, kad gal\u0117tum\u0117te dalyvauti &quot;Powerball USA&quot; loterijoje i\u0161 Lietuvos\" \/>\n<meta name=\"robots\" content=\"index, follow, max-snippet:-1, max-image-preview:large, max-video-preview:-1\" \/>\n<link rel=\"canonical\" href=\"https:\/\/redfoxlotto.com\/lt\/loterija\/powerball\/\" \/>\n<meta property=\"og:locale\" content=\"lt_LT\" \/>\n<meta property=\"og:type\" content=\"article\" \/>\n<meta property=\"og:title\" content=\"Pirkite &quot;Powerball&quot; bilietus internetu i\u0161 Lietuvos | Laim\u0117kite &quot;Powerball&quot; \u010dia\" \/>\n<meta property=\"og:description\" content=\"Kaip nusipirkti &quot;Powerball Lotto&quot; biliet\u0105 internetu JAV? M\u016bs\u0173 paslauga skirta tam, kad gal\u0117tum\u0117te dalyvauti &quot;Powerball USA&quot; loterijoje i\u0161 Lietuvos\" \/>\n<meta property=\"og:url\" content=\"https:\/\/redfoxlotto.com\/lt\/loterija\/powerball\/\" \/>\n<meta property=\"og:site_name\" content=\"Get Tickets for the World\u2019s largest jackpots\" \/>\n<meta property=\"article:modified_time\" content=\"2025-12-18T11:13:30+00:00\" \/>\n<meta property=\"og:image\" content=\"https:\/\/redfoxlotto.com\/wp-content\/uploads\/sites\/9\/ticket_powerball3.jpg\" \/>\n<meta name=\"twitter:card\" content=\"summary_large_image\" \/>\n<meta name=\"twitter:label1\" content=\"Est. reading time\" \/>\n\t<meta name=\"twitter:data1\" content=\"4 minut\u0117s\" \/>\n<script type=\"application\/ld+json\" class=\"yoast-schema-graph\">{\"@context\":\"https:\\\/\\\/schema.org\",\"@graph\":[{\"@type\":\"WebPage\",\"@id\":\"https:\\\/\\\/redfoxlotto.com\\\/lt\\\/loterija\\\/powerball\\\/\",\"url\":\"https:\\\/\\\/redfoxlotto.com\\\/lt\\\/loterija\\\/powerball\\\/\",\"name\":\"Pirkite \\\"Powerball\\\" bilietus internetu i\u0161 Lietuvos | Laim\u0117kite \\\"Powerball\\\" \u010dia\",\"isPartOf\":{\"@id\":\"https:\\\/\\\/redfoxlotto.com\\\/lt\\\/#website\"},\"primaryImageOfPage\":{\"@id\":\"https:\\\/\\\/redfoxlotto.com\\\/lt\\\/loterija\\\/powerball\\\/#primaryimage\"},\"image\":{\"@id\":\"https:\\\/\\\/redfoxlotto.com\\\/lt\\\/loterija\\\/powerball\\\/#primaryimage\"},\"thumbnailUrl\":\"https:\\\/\\\/redfoxlotto.com\\\/wp-content\\\/uploads\\\/sites\\\/9\\\/ticket_powerball3.jpg\",\"datePublished\":\"2018-11-18T08:54:25+00:00\",\"dateModified\":\"2025-12-18T11:13:30+00:00\",\"description\":\"Kaip nusipirkti \\\"Powerball Lotto\\\" biliet\u0105 internetu JAV? M\u016bs\u0173 paslauga skirta tam, kad gal\u0117tum\u0117te dalyvauti \\\"Powerball USA\\\" loterijoje i\u0161 Lietuvos\",\"breadcrumb\":{\"@id\":\"https:\\\/\\\/redfoxlotto.com\\\/lt\\\/loterija\\\/powerball\\\/#breadcrumb\"},\"inLanguage\":\"lt-LT\",\"potentialAction\":[{\"@type\":\"ReadAction\",\"target\":[\"https:\\\/\\\/redfoxlotto.com\\\/lt\\\/loterija\\\/powerball\\\/\"]}]},{\"@type\":\"ImageObject\",\"inLanguage\":\"lt-LT\",\"@id\":\"https:\\\/\\\/redfoxlotto.com\\\/lt\\\/loterija\\\/powerball\\\/#primaryimage\",\"url\":\"https:\\\/\\\/redfoxlotto.com\\\/wp-content\\\/uploads\\\/sites\\\/9\\\/ticket_powerball3.jpg\",\"contentUrl\":\"https:\\\/\\\/redfoxlotto.com\\\/wp-content\\\/uploads\\\/sites\\\/9\\\/ticket_powerball3.jpg\"},{\"@type\":\"BreadcrumbList\",\"@id\":\"https:\\\/\\\/redfoxlotto.com\\\/lt\\\/loterija\\\/powerball\\\/#breadcrumb\",\"itemListElement\":[{\"@type\":\"ListItem\",\"position\":1,\"name\":\"Home\",\"item\":\"https:\\\/\\\/redfoxlotto.com\\\/lt\\\/\"},{\"@type\":\"ListItem\",\"position\":2,\"name\":\"Kaip internetu nusipirkti loterijos biliet\u0105 \u2013 \u012fsigyjimo proced\u016bra\",\"item\":\"https:\\\/\\\/redfoxlotto.com\\\/lt\\\/loterija\\\/\"},{\"@type\":\"ListItem\",\"position\":3,\"name\":\"Apie &#8222;Powerball\"}]},{\"@type\":\"WebSite\",\"@id\":\"https:\\\/\\\/redfoxlotto.com\\\/lt\\\/#website\",\"url\":\"https:\\\/\\\/redfoxlotto.com\\\/lt\\\/\",\"name\":\"Get Tickets for the World\u2019s largest jackpots\",\"description\":\"Participate in worldwide lottery jackpots from any country\",\"publisher\":{\"@id\":\"https:\\\/\\\/redfoxlotto.com\\\/lt\\\/#organization\"},\"potentialAction\":[{\"@type\":\"SearchAction\",\"target\":{\"@type\":\"EntryPoint\",\"urlTemplate\":\"https:\\\/\\\/redfoxlotto.com\\\/lt\\\/?s={search_term_string}\"},\"query-input\":{\"@type\":\"PropertyValueSpecification\",\"valueRequired\":true,\"valueName\":\"search_term_string\"}}],\"inLanguage\":\"lt-LT\"},{\"@type\":\"Organization\",\"@id\":\"https:\\\/\\\/redfoxlotto.com\\\/lt\\\/#organization\",\"name\":\"Get Tickets for the World\u2019s largest jackpots\",\"url\":\"https:\\\/\\\/redfoxlotto.com\\\/lt\\\/\",\"logo\":{\"@type\":\"ImageObject\",\"inLanguage\":\"lt-LT\",\"@id\":\"https:\\\/\\\/redfoxlotto.com\\\/lt\\\/#\\\/schema\\\/logo\\\/image\\\/\",\"url\":\"https:\\\/\\\/redfoxlotto.com\\\/wp-content\\\/uploads\\\/2023\\\/04\\\/logo.png\",\"contentUrl\":\"https:\\\/\\\/redfoxlotto.com\\\/wp-content\\\/uploads\\\/2023\\\/04\\\/logo.png\",\"width\":269,\"height\":53,\"caption\":\"Get Tickets for the World\u2019s largest jackpots\"},\"image\":{\"@id\":\"https:\\\/\\\/redfoxlotto.com\\\/lt\\\/#\\\/schema\\\/logo\\\/image\\\/\"}}]}<\/script>\n<!-- \/ Yoast SEO plugin. -->","yoast_head_json":{"title":"Pirkite \"Powerball\" bilietus internetu i\u0161 Lietuvos | Laim\u0117kite \"Powerball\" \u010dia","description":"Kaip nusipirkti \"Powerball Lotto\" biliet\u0105 internetu JAV? M\u016bs\u0173 paslauga skirta tam, kad gal\u0117tum\u0117te dalyvauti \"Powerball USA\" loterijoje i\u0161 Lietuvos","robots":{"index":"index","follow":"follow","max-snippet":"max-snippet:-1","max-image-preview":"max-image-preview:large","max-video-preview":"max-video-preview:-1"},"canonical":"https:\/\/redfoxlotto.com\/lt\/loterija\/powerball\/","og_locale":"lt_LT","og_type":"article","og_title":"Pirkite \"Powerball\" bilietus internetu i\u0161 Lietuvos | Laim\u0117kite \"Powerball\" \u010dia","og_description":"Kaip nusipirkti \"Powerball Lotto\" biliet\u0105 internetu JAV? M\u016bs\u0173 paslauga skirta tam, kad gal\u0117tum\u0117te dalyvauti \"Powerball USA\" loterijoje i\u0161 Lietuvos","og_url":"https:\/\/redfoxlotto.com\/lt\/loterija\/powerball\/","og_site_name":"Get Tickets for the World\u2019s largest jackpots","article_modified_time":"2025-12-18T11:13:30+00:00","og_image":[{"url":"https:\/\/redfoxlotto.com\/wp-content\/uploads\/sites\/9\/ticket_powerball3.jpg","type":"","width":"","height":""}],"twitter_card":"summary_large_image","twitter_misc":{"Est. reading time":"4 minut\u0117s"},"schema":{"@context":"https:\/\/schema.org","@graph":[{"@type":"WebPage","@id":"https:\/\/redfoxlotto.com\/lt\/loterija\/powerball\/","url":"https:\/\/redfoxlotto.com\/lt\/loterija\/powerball\/","name":"Pirkite \"Powerball\" bilietus internetu i\u0161 Lietuvos | Laim\u0117kite \"Powerball\" \u010dia","isPartOf":{"@id":"https:\/\/redfoxlotto.com\/lt\/#website"},"primaryImageOfPage":{"@id":"https:\/\/redfoxlotto.com\/lt\/loterija\/powerball\/#primaryimage"},"image":{"@id":"https:\/\/redfoxlotto.com\/lt\/loterija\/powerball\/#primaryimage"},"thumbnailUrl":"https:\/\/redfoxlotto.com\/wp-content\/uploads\/sites\/9\/ticket_powerball3.jpg","datePublished":"2018-11-18T08:54:25+00:00","dateModified":"2025-12-18T11:13:30+00:00","description":"Kaip nusipirkti \"Powerball Lotto\" biliet\u0105 internetu JAV? M\u016bs\u0173 paslauga skirta tam, kad gal\u0117tum\u0117te dalyvauti \"Powerball USA\" loterijoje i\u0161 Lietuvos","breadcrumb":{"@id":"https:\/\/redfoxlotto.com\/lt\/loterija\/powerball\/#breadcrumb"},"inLanguage":"lt-LT","potentialAction":[{"@type":"ReadAction","target":["https:\/\/redfoxlotto.com\/lt\/loterija\/powerball\/"]}]},{"@type":"ImageObject","inLanguage":"lt-LT","@id":"https:\/\/redfoxlotto.com\/lt\/loterija\/powerball\/#primaryimage","url":"https:\/\/redfoxlotto.com\/wp-content\/uploads\/sites\/9\/ticket_powerball3.jpg","contentUrl":"https:\/\/redfoxlotto.com\/wp-content\/uploads\/sites\/9\/ticket_powerball3.jpg"},{"@type":"BreadcrumbList","@id":"https:\/\/redfoxlotto.com\/lt\/loterija\/powerball\/#breadcrumb","itemListElement":[{"@type":"ListItem","position":1,"name":"Home","item":"https:\/\/redfoxlotto.com\/lt\/"},{"@type":"ListItem","position":2,"name":"Kaip internetu nusipirkti loterijos biliet\u0105 \u2013 \u012fsigyjimo proced\u016bra","item":"https:\/\/redfoxlotto.com\/lt\/loterija\/"},{"@type":"ListItem","position":3,"name":"Apie &#8222;Powerball"}]},{"@type":"WebSite","@id":"https:\/\/redfoxlotto.com\/lt\/#website","url":"https:\/\/redfoxlotto.com\/lt\/","name":"Get Tickets for the World\u2019s largest jackpots","description":"Participate in worldwide lottery jackpots from any country","publisher":{"@id":"https:\/\/redfoxlotto.com\/lt\/#organization"},"potentialAction":[{"@type":"SearchAction","target":{"@type":"EntryPoint","urlTemplate":"https:\/\/redfoxlotto.com\/lt\/?s={search_term_string}"},"query-input":{"@type":"PropertyValueSpecification","valueRequired":true,"valueName":"search_term_string"}}],"inLanguage":"lt-LT"},{"@type":"Organization","@id":"https:\/\/redfoxlotto.com\/lt\/#organization","name":"Get Tickets for the World\u2019s largest jackpots","url":"https:\/\/redfoxlotto.com\/lt\/","logo":{"@type":"ImageObject","inLanguage":"lt-LT","@id":"https:\/\/redfoxlotto.com\/lt\/#\/schema\/logo\/image\/","url":"https:\/\/redfoxlotto.com\/wp-content\/uploads\/2023\/04\/logo.png","contentUrl":"https:\/\/redfoxlotto.com\/wp-content\/uploads\/2023\/04\/logo.png","width":269,"height":53,"caption":"Get Tickets for the World\u2019s largest jackpots"},"image":{"@id":"https:\/\/redfoxlotto.com\/lt\/#\/schema\/logo\/image\/"}}]}},"_links":{"self":[{"href":"https:\/\/redfoxlotto.com\/lt\/wp-json\/wp\/v2\/pages\/17102","targetHints":{"allow":["GET"]}}],"collection":[{"href":"https:\/\/redfoxlotto.com\/lt\/wp-json\/wp\/v2\/pages"}],"about":[{"href":"https:\/\/redfoxlotto.com\/lt\/wp-json\/wp\/v2\/types\/page"}],"author":[{"embeddable":true,"href":"https:\/\/redfoxlotto.com\/lt\/wp-json\/wp\/v2\/users\/1"}],"replies":[{"embeddable":true,"href":"https:\/\/redfoxlotto.com\/lt\/wp-json\/wp\/v2\/comments?post=17102"}],"version-history":[{"count":0,"href":"https:\/\/redfoxlotto.com\/lt\/wp-json\/wp\/v2\/pages\/17102\/revisions"}],"up":[{"embeddable":true,"href":"https:\/\/redfoxlotto.com\/lt\/wp-json\/wp\/v2\/pages\/17097"}],"wp:attachment":[{"href":"https:\/\/redfoxlotto.com\/lt\/wp-json\/wp\/v2\/media?parent=17102"}],"curies":[{"name":"wp","href":"https:\/\/api.w.org\/{rel}","templated":true}]}}