{"id":17100,"date":"2018-11-18T08:54:25","date_gmt":"2018-11-18T08:54:25","guid":{"rendered":"https:\/\/redfoxlotto.com\/?page_id=3608"},"modified":"2025-12-18T13:11:02","modified_gmt":"2025-12-18T13:11:02","slug":"mega-millions","status":"publish","type":"page","link":"https:\/\/redfoxlotto.com\/lt\/loterija\/mega-millions\/","title":{"rendered":"Apie &#8222;Mega Millions"},"content":{"rendered":"<p><script type=\"application\/ld+json\">\n{\n  \"@context\": \"https:\/\/schema.org\",\n  \"@type\": \"Service\",\n  \"name\": \"\u017daiskite Mega Millions internetu\",\n  \"url\": \"https:\/\/redfoxlotto.com\/lt\/lotteries\/mega-millions\",\n  \"description\": \"Pirkite oficialius Mega Millions loterijos bilietus internetu i\u0161 bet kurios \u0161alies. Apsilankykite RedFoxLotto, pasirinkite savo skai\u010dius ir dalyvaukite kitame traukime.\",\n  \"serviceType\": \"Internetin\u0117 loterijos biliet\u0173 tarpininkavimo paslauga\",<\/p>\n<p>  \"provider\": {\n    \"@type\": \"Organization\",\n    \"name\": \"RedFoxLotto\",\n    \"url\": \"https:\/\/redfoxlotto.com\/lt\",\n    \"image\": \"https:\/\/redfoxlotto.com\/lt\/wp-content\/uploads\/2025\/12\/ticket_scans.jpg\",\n    \"sameAs\": []\n  },<\/p>\n<p>  \"areaServed\": \"Worldwide\",\n  \"termsOfService\": \"https:\/\/redfoxlotto.com\/terms-and-conditions\",<\/p>\n<p>  \"additionalProperty\": {\n    \"@type\": \"PropertyValue\",\n    \"name\": \"DUK\",\n    \"value\": \"https:\/\/redfoxlotto.com\/lt\/faq\/\"\n  },<\/p>\n<p>  \"hasOfferCatalog\": {\n    \"@type\": \"OfferCatalog\",\n    \"name\": \"Mega Millions bilietai\",\n    \"itemListElement\": [\n      {\n        \"@type\": \"Offer\",\n        \"name\": \"Mega Millions bilietai\",\n        \"url\": \"https:\/\/redfoxlotto.com\/lt\/lotteries\/powerball\",\n        \"description\": \"Pirkite tikrus bilietus internetu kitam Mega Millions traukimui per RedFoxLotto.\",\n        \"price\": \"13.00\",\n        \"priceCurrency\": \"\u20ac\",\n        \"availability\": \"https:\/\/schema.org\/InStock\",<\/p>\n<p>        \"itemOffered\": {\n          \"@type\": \"Service\",\n          \"name\": \"Mega Millions loterijos bilietai\",\n          \"description\": \"Dalyvaukite kitame Mega Millions traukime \u2013 pirkite bilietus internetu su RedFoxLotto.\"\n        }\n      }\n    ]\n  },<\/p>\n<p>  \"mainEntityOfPage\": {\n    \"@type\": \"WebPage\",\n    \"@id\": \"https:\/\/redfoxlotto.com\/lt\/lotteries\/mega-millions\"\n  }\n}\n<\/script><\/p>\n<p>Iki 2002 m. \u017einoma kaip &#8222;Didysis \u017eaidimas&#8221;, dabar \u0161i 44 JAV valstij\u0173 loterija visame pasaulyje \u017einoma kaip &#8222;Mega Millions&#8221;. Per savait\u0119 (kiekvien\u0105 antradien\u012f ir penktadien\u012f) rengiami du \u0161ios loterijos traukimai. Jei nesate gird\u0117j\u0119 apie \u0161\u012f \u017eaidim\u0105 arba jei iki \u0161iol neskyr\u0117te jam d\u0117mesio, tikrai nor\u0117site pasidom\u0117ti ir su\u017einoti, k\u0105 apie j\u012f galite pasakyti.<\/p>\n<p>Tai tikrai bus prizas, kur\u012f nor\u0117site laim\u0117ti, be to, tai itin paprastas \u017eaidimas, kur\u012f \u017eaisti taip pat labai lengva. Tod\u0117l pirkti &#8222;Mega Millions&#8221; bilietus internetu i\u0161 Lietuvos yra abipusiai naudinga.<\/p>\n<h2>&#8222;Mega Millions&#8221; aukso puodas<\/h2>\n<p>Mega Milijonai gars\u0117ja dideliais aukso puodais. 2018 m. rekordin\u012f, daugiau nei 1,5 mlrd. doleri\u0173 vert\u0117s pagrindin\u012f priz\u0105 laim\u0117jo vienas laimingasis. Tok\u012f aukso puod\u0105 tikrai norite laim\u0117ti, tiesa? Ir tikimyb\u0117 tikrai n\u0117ra tokia bloga, kaip kai kuri\u0173 pagrindini\u0173 priz\u0173 laim\u0117jim\u0173 atveju.<\/p>\n<p><img loading=\"lazy\" decoding=\"async\" class=\"alignright wp-image\" src=\"https:\/\/content.redfoxlotto.com\/uploads\/sites\/9\/2_ticket_mega_millions2.jpg\" alt=\"Mega Millions internetu\" width=\"200\" height=\"207\" \/><\/p>\n<p>Dar geriau tai, kad &#8222;Mega Millions&#8221; prizai visada bus dideli. Ties\u0105 sakant, pagrindinis prizas prasideda nuo 40 milijon\u0173 JAV doleri\u0173. Taigi, net jei laim\u0117site pagrindin\u012f aukso puod\u0105, kol jis dar neprad\u0117jo did\u0117ti (o taip nutinka retai), vis tiek gausite didel\u012f laim\u0117jim\u0105.<\/p>\n<p>Jei laim\u0117site pagrindin\u012f priz\u0105 v\u0117liau, kai jis prad\u0117s did\u0117ti, galite laim\u0117ti daug daugiau. Dar geriau, kad \u0161ie aukso puodai did\u0117ja gana greitai. Taigi tai, kas \u0161iandien prasideda 40 milijon\u0173 doleri\u0173, jau po savait\u0117s ar ma\u017eiau gali lengvai vir\u0161yti 100 milijon\u0173 doleri\u0173. I\u0161 \u010dia jis gali pakilti iki keli\u0173 \u0161imt\u0173 milijon\u0173, o j\u016bs tiesiog galite patekti \u012f dar vien\u0105 milijardin\u012f lo\u0161im\u0105. Tai tikrai verta keli\u0173 doleri\u0173 investicijos \u012f bilietus, tiesa?<\/p>\n<p>M\u016bs\u0173 svetain\u0117je turite galimyb\u0119 \u012fsigyti &#8222;Mega Millions&#8221; bilietus internetu, net jei gyvenate Lietuvoje. Tiesiog i\u0161sirinkite skai\u010dius, nusipirkite biliet\u0105 ir laukite burt\u0173 traukimo rezultat\u0173! Po minut\u0117s ap\u017evelgsime kai kuriuos bendrus \u017eingsnius ir tai, ko reikia norint prad\u0117ti, ta\u010diau pirmiausia sutelkime d\u0117mes\u012f \u012f pat\u012f &#8222;Mega Millions&#8221;, ar ne?<\/p>\n<h2>&#8222;Mega Milijon\u0173&#8221; taisykl\u0117s<\/h2>\n<p>&#8222;Mega Millions&#8221; taisykl\u0117s yra paprastos. Turite pasirinkti 5 skai\u010dius nuo 1 iki 70 ir papildom\u0105 &#8222;MegaBall&#8221; skai\u010di\u0173. Kad laim\u0117tum\u0117te pagrindin\u012f priz\u0105, visi skai\u010diai turi sutapti. Tai nerei\u0161kia, kad negalite nieko laim\u0117ti, jei jums nepavyks laim\u0117ti \u0161io pagrindinio prizo. I\u0161 tikr\u0173j\u0173 galite laim\u0117ti daugyb\u0119 skirting\u0173 priz\u0173. \u017daidime &#8222;Mega Millions&#8221; galite laim\u0117ti devynis priz\u0173 intervalus.<\/p>\n<p>I\u0161 ties\u0173 puiku tai, kad i\u0161 tikr\u0173j\u0173 galite laim\u0117ti, jei sutapsite tik su vienu skai\u010diumi, jei tas skai\u010dius yra &#8222;MegaBall&#8221;. Jei sutapsite su \u0161iuo skai\u010diumi, laim\u0117site automatin\u012f priz\u0105 ir tai tik viso to prad\u017eia. Galite laim\u0117ti tikrai nedidelius prizus, u\u017e kuriuos tik atgausite pinigus, i\u0161leistus bilietui pirkti, arba galite laim\u0117ti didelius prizus, kurie vis tiek bus ma\u017eesni u\u017e tikr\u0105j\u012f pagrindin\u012f priz\u0105.<br \/>\nBe to, kiekvienas prizas po pagrindiniu prizu laimimas atskirai. Tai rei\u0161kia, kad jums nereik\u0117s dalytis pinigais, jei t\u0105 priz\u0105 laim\u0117s ir kas nors kitas.<\/p>\n<h2>&#8222;Mega Millions&#8221; bilieto pirkimas internetu Lietuvoje<\/h2>\n<p>Ar esate pasireng\u0119 \u012fsigyti pirm\u0105j\u012f &#8222;Mega Millions&#8221; biliet\u0105 internetu? Jei taip, tikrai nor\u0117site susipa\u017einti su \u0161io proceso etapais. Mes stengiam\u0117s, kad tai b\u016bt\u0173 kuo papras\u010diau, nes \u017einome, kad j\u016bs tikrai norite nusipirkti biliet\u0105, dalyvauti burt\u0173 traukime ir tada u\u017esiimti kitais savo gyvenimo reikalais. Taigi, mes pasir\u016bpinome, kad tai b\u016bt\u0173 tik keli \u017eingsniai.<\/p>\n<p>Pirmasis \u017eingsnis &#8211; nuspr\u0119sti, k\u0105 ketinate \u012fsigyti. Jei norite pirkti &#8222;Mega Millions&#8221; bilietus internetu, tai bus paprasta. Jums tereikia susirasti \u017eaidim\u0105 ir \u012feiti \u012f specialiai jam skirt\u0105 puslap\u012f.<\/p>\n<p>Jei norite pirkti kit\u0173 \u017eaidim\u0173 bilietus, gal\u0117site matyti kiekvien\u0105 i\u0161 j\u0173 ir j\u0173 dabartinius turimus aukso puodus tame pa\u010diame ekrane ir taip pat gal\u0117site \u012feiti \u012f kiekvien\u0105 i\u0161 j\u0173 atskirai. D\u0117l to jums bus labai lengva nuspr\u0119sti, k\u0105 ketinate daryti, ir i\u0161sirinkti norimus bilietus.<\/p>\n<p><img loading=\"lazy\" decoding=\"async\" class=\"alignright wp-image\" src=\"https:\/\/content.redfoxlotto.com\/uploads\/sites\/9\/1_buy_mega_millions_lottery_tickets.jpg\" alt=\"pirkti bilietus internetu\" width=\"287\" height=\"202\" \/><\/p>\n<p>Atsid\u016br\u0119 puslapyje galite su\u017einoti daugiau apie &#8222;Mega Millions&#8221;, o tada i\u0161sirinkti norimus \u017eaisti skai\u010dius. Jei norite konkre\u010di\u0173 skai\u010di\u0173, galite juos pasirinkti tiesiog \u0161iame ekrane. Jei turite tik kelis skai\u010dius ir norite, kad likusieji b\u016bt\u0173 priskirti atsitiktine tvarka, tai taip pat galima pasirinkti. Arba galite pasirinkti visi\u0161kai atsitiktinai parinkt\u0105 biliet\u0105. Tai priklausys tik nuo j\u016bs\u0173. Bet kuriuo atveju \u017einosite, ar turite pakankamai skai\u010di\u0173, ar j\u0173 per ma\u017eai, ar per daug, nes dar prie\u0161 pereidami \u012f kit\u0105 puslap\u012f \u012fsitikinsime, ar j\u016bs\u0173 bilietas yra galiojantis.<\/p>\n<h2>Mok\u0117jimo procesas<\/h2>\n<p>I\u0161sirink\u0119 norimus &#8222;Mega Millions&#8221; bilietus, galite juos prid\u0117ti \u012f krep\u0161el\u012f ir, jei norite, pasirinkti papildom\u0173 biliet\u0173 arba pereiti prie kasos proceso. Kai atsiskaitysite, jums reik\u0117s tur\u0117ti m\u016bs\u0173 paskyr\u0105, ta\u010diau mes pasir\u016bpiname, kad ir tai b\u016bt\u0173 itin paprasta.<\/p>\n<p>Tiesiog u\u017epildykite pagrindin\u0119 informacij\u0105 apie save, kad prireikus gal\u0117tum\u0117te atsiimti prizus.<\/p>\n<p>Tai ir viskas. Patvirtinate pirkim\u0105, mes gauname jums bilietus ir jie bus rodomi tiesiai j\u016bs\u0173 paskyroje, kad gal\u0117tum\u0117te steb\u0117ti ir matyti, ar laim\u0117jote. Netgi atsi\u0173sime jums el. lai\u0161k\u0105, jei j\u016bs\u0173 bilietas laim\u0117s, ir tiesiai j\u016bs\u0173 paskyroje parodysime, kurie burt\u0173 traukimo numeriai sutapo. Jums nebus joki\u0173 problem\u0173 gauti puiki\u0105 patirt\u012f \u017eaid\u017eiant &#8222;Mega Millions&#8221; ir nor\u0117site tiesiog toliau \u017eaisti kiekvien\u0105 \u017eaidim\u0105.<\/p>\n","protected":false},"excerpt":{"rendered":"<p>Iki 2002 m. \u017einoma kaip &#8222;Didysis \u017eaidimas&#8221;, dabar \u0161i 44 JAV valstij\u0173 loterija visame pasaulyje \u017einoma kaip &#8222;Mega Millions&#8221;. Per savait\u0119 (kiekvien\u0105 antradien\u012f ir penktadien\u012f) rengiami du \u0161ios loterijos traukimai. Jei nesate gird\u0117j\u0119 apie \u0161\u012f \u017eaidim\u0105 arba jei iki \u0161iol neskyr\u0117te jam d\u0117mesio, tikrai nor\u0117site pasidom\u0117ti ir su\u017einoti, k\u0105 apie j\u012f galite pasakyti. Tai tikrai [&hellip;]<\/p>\n","protected":false},"author":1,"featured_media":0,"parent":17097,"menu_order":2,"comment_status":"closed","ping_status":"closed","template":"megamillion-info.php","meta":{"_et_pb_use_builder":"","_et_pb_old_content":"","_et_gb_content_width":"","exclude_from_search":false,"footnotes":""},"class_list":["post-17100","page","type-page","status-publish","hentry"],"yoast_head":"<!-- This site is optimized with the Yoast SEO plugin v23.8 - https:\/\/yoast.com\/wordpress\/plugins\/seo\/ -->\n<title>Pirkite &quot;Mega Millions&quot; bilietus internetu | &quot;Mega Millions&quot; dabar galima \u012fsigyti i\u0161 Lietuvos<\/title>\n<meta name=\"description\" content=\"Su\u017einokite apie &quot;Mega Millions&quot; loterij\u0105 JAV ir kaip galite \u012fsigyti &quot;Mega Millions&quot; bilietus internetu i\u0161 Lietuvos arba i\u0161 bet kurios pasaulio \u0161alies\" \/>\n<meta name=\"robots\" content=\"index, follow, max-snippet:-1, max-image-preview:large, max-video-preview:-1\" \/>\n<link rel=\"canonical\" href=\"https:\/\/redfoxlotto.com\/lt\/lotteries\/mega-millions\/\" \/>\n<meta property=\"og:locale\" content=\"lt_LT\" \/>\n<meta property=\"og:type\" content=\"article\" \/>\n<meta property=\"og:title\" content=\"Pirkite &quot;Mega Millions&quot; bilietus internetu | &quot;Mega Millions&quot; dabar galima \u012fsigyti i\u0161 Lietuvos\" \/>\n<meta property=\"og:description\" content=\"Su\u017einokite apie &quot;Mega Millions&quot; loterij\u0105 JAV ir kaip galite \u012fsigyti &quot;Mega Millions&quot; bilietus internetu i\u0161 Lietuvos arba i\u0161 bet kurios pasaulio \u0161alies\" \/>\n<meta property=\"og:url\" content=\"https:\/\/redfoxlotto.com\/lotteries\/mega-millions\/\" \/>\n<meta property=\"og:site_name\" content=\"Get Tickets for the World\u2019s largest jackpots\" \/>\n<meta property=\"article:modified_time\" content=\"2025-12-18T13:11:02+00:00\" \/>\n<meta property=\"og:image\" content=\"https:\/\/content.redfoxlotto.com\/uploads\/sites\/9\/2_ticket_mega_millions2.jpg\" \/>\n<meta name=\"twitter:card\" content=\"summary_large_image\" \/>\n<meta name=\"twitter:label1\" content=\"Est. reading time\" \/>\n\t<meta name=\"twitter:data1\" content=\"4 minut\u0117s\" \/>\n<script type=\"application\/ld+json\" class=\"yoast-schema-graph\">{\"@context\":\"https:\/\/schema.org\",\"@graph\":[{\"@type\":\"WebPage\",\"@id\":\"https:\/\/redfoxlotto.com\/lt\/loterija\/mega-millions\/\",\"url\":\"https:\/\/redfoxlotto.com\/lotteries\/mega-millions\/\",\"name\":\"Pirkite \\\"Mega Millions\\\" bilietus internetu | \\\"Mega Millions\\\" dabar galima \u012fsigyti i\u0161 Lietuvos\",\"isPartOf\":{\"@id\":\"https:\/\/redfoxlotto.com\/lt\/#website\"},\"primaryImageOfPage\":{\"@id\":\"https:\/\/redfoxlotto.com\/lotteries\/mega-millions\/#primaryimage\"},\"image\":{\"@id\":\"https:\/\/redfoxlotto.com\/lotteries\/mega-millions\/#primaryimage\"},\"thumbnailUrl\":\"https:\/\/content.redfoxlotto.com\/uploads\/sites\/9\/2_ticket_mega_millions2.jpg\",\"datePublished\":\"2018-11-18T08:54:25+00:00\",\"dateModified\":\"2025-12-18T13:11:02+00:00\",\"description\":\"Su\u017einokite apie \\\"Mega Millions\\\" loterij\u0105 JAV ir kaip galite \u012fsigyti \\\"Mega Millions\\\" bilietus internetu i\u0161 Lietuvos arba i\u0161 bet kurios pasaulio \u0161alies\",\"breadcrumb\":{\"@id\":\"https:\/\/redfoxlotto.com\/lotteries\/mega-millions\/#breadcrumb\"},\"inLanguage\":\"lt-LT\",\"potentialAction\":[{\"@type\":\"ReadAction\",\"target\":[\"https:\/\/redfoxlotto.com\/lotteries\/mega-millions\/\"]}]},{\"@type\":\"ImageObject\",\"inLanguage\":\"lt-LT\",\"@id\":\"https:\/\/redfoxlotto.com\/lotteries\/mega-millions\/#primaryimage\",\"url\":\"https:\/\/content.redfoxlotto.com\/uploads\/sites\/9\/2_ticket_mega_millions2.jpg\",\"contentUrl\":\"https:\/\/content.redfoxlotto.com\/uploads\/sites\/9\/2_ticket_mega_millions2.jpg\"},{\"@type\":\"BreadcrumbList\",\"@id\":\"https:\/\/redfoxlotto.com\/lotteries\/mega-millions\/#breadcrumb\",\"itemListElement\":[{\"@type\":\"ListItem\",\"position\":1,\"name\":\"Home\",\"item\":\"https:\/\/redfoxlotto.com\/lt\/\"},{\"@type\":\"ListItem\",\"position\":2,\"name\":\"Kaip internetu nusipirkti loterijos biliet\u0105 \u2013 \u012fsigyjimo proced\u016bra\",\"item\":\"https:\/\/redfoxlotto.com\/lt\/loterija\/\"},{\"@type\":\"ListItem\",\"position\":3,\"name\":\"Apie &#8222;Mega Millions\"}]},{\"@type\":\"WebSite\",\"@id\":\"https:\/\/redfoxlotto.com\/lt\/#website\",\"url\":\"https:\/\/redfoxlotto.com\/lt\/\",\"name\":\"Get Tickets for the World\u2019s largest jackpots\",\"description\":\"Participate in worldwide lottery jackpots from any country\",\"publisher\":{\"@id\":\"https:\/\/redfoxlotto.com\/lt\/#organization\"},\"potentialAction\":[{\"@type\":\"SearchAction\",\"target\":{\"@type\":\"EntryPoint\",\"urlTemplate\":\"https:\/\/redfoxlotto.com\/lt\/?s={search_term_string}\"},\"query-input\":{\"@type\":\"PropertyValueSpecification\",\"valueRequired\":true,\"valueName\":\"search_term_string\"}}],\"inLanguage\":\"lt-LT\"},{\"@type\":\"Organization\",\"@id\":\"https:\/\/redfoxlotto.com\/lt\/#organization\",\"name\":\"Get Tickets for the World\u2019s largest jackpots\",\"url\":\"https:\/\/redfoxlotto.com\/lt\/\",\"logo\":{\"@type\":\"ImageObject\",\"inLanguage\":\"lt-LT\",\"@id\":\"https:\/\/redfoxlotto.com\/lt\/#\/schema\/logo\/image\/\",\"url\":\"https:\/\/redfoxlotto.com\/wp-content\/uploads\/2023\/04\/logo.png\",\"contentUrl\":\"https:\/\/redfoxlotto.com\/wp-content\/uploads\/2023\/04\/logo.png\",\"width\":269,\"height\":53,\"caption\":\"Get Tickets for the World\u2019s largest jackpots\"},\"image\":{\"@id\":\"https:\/\/redfoxlotto.com\/lt\/#\/schema\/logo\/image\/\"}}]}<\/script>\n<!-- \/ Yoast SEO plugin. -->","yoast_head_json":{"title":"Pirkite \"Mega Millions\" bilietus internetu | \"Mega Millions\" dabar galima \u012fsigyti i\u0161 Lietuvos","description":"Su\u017einokite apie \"Mega Millions\" loterij\u0105 JAV ir kaip galite \u012fsigyti \"Mega Millions\" bilietus internetu i\u0161 Lietuvos arba i\u0161 bet kurios pasaulio \u0161alies","robots":{"index":"index","follow":"follow","max-snippet":"max-snippet:-1","max-image-preview":"max-image-preview:large","max-video-preview":"max-video-preview:-1"},"canonical":"https:\/\/redfoxlotto.com\/lt\/lotteries\/mega-millions\/","og_locale":"lt_LT","og_type":"article","og_title":"Pirkite \"Mega Millions\" bilietus internetu | \"Mega Millions\" dabar galima \u012fsigyti i\u0161 Lietuvos","og_description":"Su\u017einokite apie \"Mega Millions\" loterij\u0105 JAV ir kaip galite \u012fsigyti \"Mega Millions\" bilietus internetu i\u0161 Lietuvos arba i\u0161 bet kurios pasaulio \u0161alies","og_url":"https:\/\/redfoxlotto.com\/lotteries\/mega-millions\/","og_site_name":"Get Tickets for the World\u2019s largest jackpots","article_modified_time":"2025-12-18T13:11:02+00:00","og_image":[{"url":"https:\/\/content.redfoxlotto.com\/uploads\/sites\/9\/2_ticket_mega_millions2.jpg"}],"twitter_card":"summary_large_image","twitter_misc":{"Est. reading time":"4 minut\u0117s"},"schema":{"@context":"https:\/\/schema.org","@graph":[{"@type":"WebPage","@id":"https:\/\/redfoxlotto.com\/lt\/loterija\/mega-millions\/","url":"https:\/\/redfoxlotto.com\/lotteries\/mega-millions\/","name":"Pirkite \"Mega Millions\" bilietus internetu | \"Mega Millions\" dabar galima \u012fsigyti i\u0161 Lietuvos","isPartOf":{"@id":"https:\/\/redfoxlotto.com\/lt\/#website"},"primaryImageOfPage":{"@id":"https:\/\/redfoxlotto.com\/lotteries\/mega-millions\/#primaryimage"},"image":{"@id":"https:\/\/redfoxlotto.com\/lotteries\/mega-millions\/#primaryimage"},"thumbnailUrl":"https:\/\/content.redfoxlotto.com\/uploads\/sites\/9\/2_ticket_mega_millions2.jpg","datePublished":"2018-11-18T08:54:25+00:00","dateModified":"2025-12-18T13:11:02+00:00","description":"Su\u017einokite apie \"Mega Millions\" loterij\u0105 JAV ir kaip galite \u012fsigyti \"Mega Millions\" bilietus internetu i\u0161 Lietuvos arba i\u0161 bet kurios pasaulio \u0161alies","breadcrumb":{"@id":"https:\/\/redfoxlotto.com\/lotteries\/mega-millions\/#breadcrumb"},"inLanguage":"lt-LT","potentialAction":[{"@type":"ReadAction","target":["https:\/\/redfoxlotto.com\/lotteries\/mega-millions\/"]}]},{"@type":"ImageObject","inLanguage":"lt-LT","@id":"https:\/\/redfoxlotto.com\/lotteries\/mega-millions\/#primaryimage","url":"https:\/\/content.redfoxlotto.com\/uploads\/sites\/9\/2_ticket_mega_millions2.jpg","contentUrl":"https:\/\/content.redfoxlotto.com\/uploads\/sites\/9\/2_ticket_mega_millions2.jpg"},{"@type":"BreadcrumbList","@id":"https:\/\/redfoxlotto.com\/lotteries\/mega-millions\/#breadcrumb","itemListElement":[{"@type":"ListItem","position":1,"name":"Home","item":"https:\/\/redfoxlotto.com\/lt\/"},{"@type":"ListItem","position":2,"name":"Kaip internetu nusipirkti loterijos biliet\u0105 \u2013 \u012fsigyjimo proced\u016bra","item":"https:\/\/redfoxlotto.com\/lt\/loterija\/"},{"@type":"ListItem","position":3,"name":"Apie &#8222;Mega Millions"}]},{"@type":"WebSite","@id":"https:\/\/redfoxlotto.com\/lt\/#website","url":"https:\/\/redfoxlotto.com\/lt\/","name":"Get Tickets for the World\u2019s largest jackpots","description":"Participate in worldwide lottery jackpots from any country","publisher":{"@id":"https:\/\/redfoxlotto.com\/lt\/#organization"},"potentialAction":[{"@type":"SearchAction","target":{"@type":"EntryPoint","urlTemplate":"https:\/\/redfoxlotto.com\/lt\/?s={search_term_string}"},"query-input":{"@type":"PropertyValueSpecification","valueRequired":true,"valueName":"search_term_string"}}],"inLanguage":"lt-LT"},{"@type":"Organization","@id":"https:\/\/redfoxlotto.com\/lt\/#organization","name":"Get Tickets for the World\u2019s largest jackpots","url":"https:\/\/redfoxlotto.com\/lt\/","logo":{"@type":"ImageObject","inLanguage":"lt-LT","@id":"https:\/\/redfoxlotto.com\/lt\/#\/schema\/logo\/image\/","url":"https:\/\/redfoxlotto.com\/wp-content\/uploads\/2023\/04\/logo.png","contentUrl":"https:\/\/redfoxlotto.com\/wp-content\/uploads\/2023\/04\/logo.png","width":269,"height":53,"caption":"Get Tickets for the World\u2019s largest jackpots"},"image":{"@id":"https:\/\/redfoxlotto.com\/lt\/#\/schema\/logo\/image\/"}}]}},"_links":{"self":[{"href":"https:\/\/redfoxlotto.com\/lt\/wp-json\/wp\/v2\/pages\/17100","targetHints":{"allow":["GET"]}}],"collection":[{"href":"https:\/\/redfoxlotto.com\/lt\/wp-json\/wp\/v2\/pages"}],"about":[{"href":"https:\/\/redfoxlotto.com\/lt\/wp-json\/wp\/v2\/types\/page"}],"author":[{"embeddable":true,"href":"https:\/\/redfoxlotto.com\/lt\/wp-json\/wp\/v2\/users\/1"}],"replies":[{"embeddable":true,"href":"https:\/\/redfoxlotto.com\/lt\/wp-json\/wp\/v2\/comments?post=17100"}],"version-history":[{"count":0,"href":"https:\/\/redfoxlotto.com\/lt\/wp-json\/wp\/v2\/pages\/17100\/revisions"}],"up":[{"embeddable":true,"href":"https:\/\/redfoxlotto.com\/lt\/wp-json\/wp\/v2\/pages\/17097"}],"wp:attachment":[{"href":"https:\/\/redfoxlotto.com\/lt\/wp-json\/wp\/v2\/media?parent=17100"}],"curies":[{"name":"wp","href":"https:\/\/api.w.org\/{rel}","templated":true}]}}