{"id":17099,"date":"2018-11-18T08:54:25","date_gmt":"2018-11-18T08:54:25","guid":{"rendered":"https:\/\/redfoxlotto.com\/?page_id=3606"},"modified":"2025-12-18T14:41:39","modified_gmt":"2025-12-18T14:41:39","slug":"euromillions","status":"publish","type":"page","link":"https:\/\/redfoxlotto.com\/lt\/loterija\/euromillions\/","title":{"rendered":"Apie &#8222;EuroMillions"},"content":{"rendered":"<p><script type=\"application\/ld+json\">\n{\n  \"@context\": \"https:\/\/schema.org\",\n  \"@type\": \"Service\",\n  \"name\": \"\u017daiskite Euromillions internetu\",\n  \"url\": \"https:\/\/redfoxlotto.com\/lt\/lotteries\/euromillions\/\",\n  \"description\": \"Pirkite oficialius Euromillions loterijos bilietus internetu i\u0161 bet kurios \u0161alies. Apsilankykite RedFoxLotto, pasirinkite savo skai\u010dius ir dalyvaukite kitoje traukoje.\",\n  \"serviceType\": \"Internetin\u0117 loterijos biliet\u0173 tarpininkavimo paslauga\",\n  \"provider\": {\n    \"@type\": \"Organization\",\n    \"name\": \"RedFoxLotto\",\n    \"url\": \"https:\/\/redfoxlotto.com\/lt\",\n    \"image\": \"https:\/\/redfoxlotto.com\/lt\/wp-content\/uploads\/2025\/12\/ticket_scans.jpg\",\n    \"sameAs\": []\n  },\n  \"areaServed\": \"Worldwide\",\n  \"termsOfService\": \"https:\/\/redfoxlotto.com\/terms-and-conditions\",\n  \"additionalProperty\": {\n    \"@type\": \"PropertyValue\",\n    \"name\": \"FAQ\",\n    \"value\": \"https:\/\/redfoxlotto.com\/lt\/faq\/\"\n  },\n  \"hasOfferCatalog\": {\n    \"@type\": \"OfferCatalog\",\n    \"name\": \"Euromillions bilietai\",\n    \"itemListElement\": [\n      {\n        \"@type\": \"Offer\",\n        \"name\": \"Euromillions bilietai\",\n        \"url\": \"https:\/\/redfoxlotto.com\/lt\/lotteries\/euromillions\",\n        \"description\": \"Pirkite tikrus bilietus kitam Euromillions traukimui per RedFoxLotto.\",\n        \"price\": \"7.00\",\n        \"priceCurrency\": \"\u20ac\",\n        \"availability\": \"https:\/\/schema.org\/InStock\",\n        \"itemOffered\": {\n          \"@type\": \"Service\",\n          \"name\": \"Euromillions bilietai\",\n          \"description\": \"Dalyvaukite kitame Euromillions traukimyje \u2013 pirkite bilietus internetu per RedFoxLotto.\"\n        }\n      }\n    ]\n  },\n  \"mainEntityOfPage\": {\n    \"@type\": \"WebPage\",\n    \"@id\": \"https:\/\/redfoxlotto.com\/lt\/lotteries\/euromillions\"\n  }\n}\n<\/script><\/p>\n<p>Euromilijonai yra did\u017eiausia Europos loterija. Prad\u0117ta rengti 2004 m. Bilietus galima \u012fsigyti devyniose Europos \u0161alyse, o jei esate i\u0161 Lietuvos, bilietus galite \u012fsigyti internetu \u010dia.<\/p>\n<h2>Gaukite &#8222;EuroMillions&#8221; biliet\u0105 i\u0161 Lietuvos<\/h2>\n<p>Ar esate pasireng\u0119 prad\u0117ti ir pirkti &#8222;EuroMillions&#8221; bilietus internetu? Jei taip, tuomet, prie\u0161 prad\u0117dami \u017eaisti, nor\u0117site su\u017einoti kelet\u0105 dalyk\u0173 apie \u0161\u012f \u017eaidim\u0105, tiesa? Norite b\u016bti tikri, kad esate pasiruo\u0161\u0119 ir \u017einote apie \u017eaidim\u0105 visk\u0105, k\u0105 tik galite. Pirmas dalykas, kur\u012f tur\u0117tum\u0117te \u017einoti, yra tai, kada vyks burt\u0173 traukimai, nes norite b\u016bti tikri, kad loterijos biliet\u0105 \u012fsigysite iki kito burt\u0173 traukimo. &#8222;EuroMillions&#8221; tira\u017eai vyksta kiekvien\u0105 antradien\u012f ir penktadien\u012f Pary\u017eiuje.<\/p>\n<p>Apie tai, i\u0161 koki\u0173 skai\u010di\u0173 galite rinktis ir kaip gausite norim\u0105 biliet\u0105, pla\u010diau pakalb\u0117sime po minut\u0117s, o kol kas atid\u017eiau pa\u017evelkime \u012f pagrindin\u012f laim\u0117jim\u0105, kur\u012f galite laim\u0117ti. Juk tai viena i\u0161 prie\u017eas\u010di\u0173, kod\u0117l nor\u0117site \u017eaisti &#8222;EuroMillions&#8221;.<\/p>\n<p><img loading=\"lazy\" decoding=\"async\" class=\"alignright wp-image\" src=\"https:\/\/content.redfoxlotto.com\/uploads\/sites\/9\/1_buy_euromillions_online.jpg\" alt=\"Euromillions pagrindinis prizas\" width=\"284\" height=\"190\" \/><\/p>\n<h2>&#8222;EuroMillions&#8221; aukso puodas<\/h2>\n<p>B\u016bdama did\u017eiausia loterija Europoje, &#8222;EuroMillions&#8221; turi ir did\u017eiulius aukso puodus. Ties\u0105 sakant, da\u017enai prizai siekia milijonus doleri\u0173, o did\u017eiausi neabejotinai bus ir didieji. Iki \u0161iol did\u017eiausias \u0161ios loterijos pagrindinis prizas buvo 190 000 000 eur\u0173. J\u012f 2014 m. spalio 24 d. laim\u0117jo anoniminis \u017eaid\u0117jas.<\/p>\n<p>Tai jau pakankamai svari prie\u017eastis, kad atid\u017eiau pasidom\u0117tum\u0117te \u0161iuo \u017eaidimu ir pagalvotum\u0117te apie galimyb\u0119 \u012fsigyti biliet\u0105 sau, tiesa? Na, jums patiks mintis laim\u0117ti \u0161iuos pinigus, o i\u0161 tikr\u0173j\u0173 galite laim\u0117ti nema\u017eai pinig\u0173 net ir tuo atveju, jei nepasieksite \u0161io pagrindinio prizo. Taip yra tod\u0117l, kad net ir pradin\u0117 suma yra puikus prizas, o tie, kurie yra per vidur\u012f tarp \u017eemiausio ir auk\u0161\u010diausio lygio, taip pat bus puik\u016bs.<\/p>\n<h2>EuroMillions taisykl\u0117s<\/h2>\n<p>Esate pasireng\u0119 pirkti &#8222;EuroMillions&#8221; bilietus internetu, bet ne\u017einote, kur ir kaip tai daryti &#8211; gal tod\u0117l, kad gyvenate Lietuvoje? K\u0105 gi, mes ap\u017evelgsime, k\u0105 tiksliai turite daryti ir kaip i\u0161sirinkti norimus skai\u010dius, kad b\u016btum\u0117te tikri, jog turite kuo daugiau galimybi\u0173 i\u0161 tikr\u0173j\u0173 laim\u0117ti \u017eaidim\u0105.<\/p>\n<h2>Taigi, k\u0105 jums reikia daryti?<\/h2>\n<p>Pasirinkite 5 pagrindinius skai\u010dius nuo 1 iki 50 ir du papildomus skai\u010dius, vadinamus &#8222;Laiminga \u017evaig\u017ed\u0117&#8221;, nuo 1 iki 12. Norint laim\u0117ti ma\u017eiausios kainos interval\u0105, turi sutapti tik du pagrindiniai skai\u010diai. Tai rei\u0161kia, kad tur\u0117site daug \u0161ans\u0173, kai gal\u0117site laim\u0117ti, nors ir nelaim\u0117site daug pinig\u0173, jei atitiksite tik kelis skai\u010dius.<\/p>\n<p>Jei sutapsite su keliais skai\u010diais, o ypa\u010d jei sutapsite su laimingosios \u017evaig\u017ed\u0117s skai\u010diais, gal\u0117site laim\u0117ti didesn\u012f priz\u0105. Tai neabejotinai bus geras privalumas, tiesa? I\u0161 tikr\u0173j\u0173 galite padidinti savo \u0161ansus k\u0105 nors laim\u0117ti ir tikrai gal\u0117site m\u0117gautis \u017eaidimu.<\/p>\n<h2>Bilieto pasirinkimas<\/h2>\n<p>Ar esate pasireng\u0119 i\u0161sirinkti biliet\u0105? Tikrai nor\u0117site susipa\u017einti su m\u016bs\u0173 procesu, nes mes pasir\u016bpinsime, kad tai b\u016bt\u0173 labai paprasta. \u017dinome, kad neturite daug laiko, tod\u0117l norite b\u016bti tikri, kad t\u0105 laik\u0105 i\u0161naudosite maksimaliai. Ta\u010diau vis tiek norite smagiai praleisti laik\u0105 \u017eaisdami &#8222;EuroMillions&#8221;, o tai rei\u0161kia, kad turite pirkti &#8222;EuroMillions&#8221; bilietus internetu.<\/p>\n<p>Pirmasis m\u016bs\u0173 proceso \u017eingsnis &#8211; nuspr\u0119sti, kok\u012f biliet\u0105 \u012fsigysite. Jei jau apsisprend\u0117te d\u0117l &#8222;EuroMillions&#8221;, tuomet viskas paruo\u0161ta. Ta\u010diau jei dar nesate visi\u0161kai tikri, tikrai nor\u0117site apsilankyti pagrindiniame puslapyje, kuriame parodysime jums visus geriausius prizus ir \u017eaidimus, \u012f kuriuos vert\u0117t\u0173 atkreipti d\u0117mes\u012f. Tai \u017eaidimai, \u012f kuriuos si\u016blome bilietus.<\/p>\n<p>Nusprend\u0119, kokio bilieto norite, eikite \u012f puslap\u012f ir prad\u0117kite rinktis savo bilieto numerius. Jei norite, galite pasirinkti absoliu\u010diai visus skai\u010dius, tod\u0117l gausite individual\u0173 biliet\u0105, atitinkant\u012f tai, kas jums labiausiai patinka.<\/p>\n<p>Taip pat galite pasirinkti pirkti atsitiktinai parinktus bilietus. D\u0117l to jums tikrai lengva \u012fsigyti biliet\u0105, neskiriant tam daug laiko. Be to, galite nuspr\u0119sti, kiek biliet\u0173 norite \u012fsigyti, tod\u0117l tur\u0117site visk\u0105, ko reikia potencialiai laim\u0117ti didel\u012f aukso puod\u0105.<\/p>\n<h2>&#8222;EuroMillions&#8221; pirkimo procesas<\/h2>\n<p>Kai eisite ir i\u0161sirinksite bilietus, paskutinis dalykas, kur\u012f turite padaryti, tai \u012fsitikinti, kad u\u017epild\u0117te savo paskyros informacij\u0105. Mes i\u0161 karto nurodysime, kaip susikurti \u0161i\u0105 paskyr\u0105, kad gal\u0117tum\u0117te b\u016bti tikri, jog gausite norimus bilietus tada, kai j\u0173 nor\u0117site. \u010cia netgi galite nustatyti mok\u0117jimo s\u0105skaitas, kurias norite naudoti.<\/p>\n<p><img loading=\"lazy\" decoding=\"async\" class=\"alignright wp-image\" src=\"https:\/\/content.redfoxlotto.com\/uploads\/sites\/9\/1_buy_lottery_ticket.jpg\" alt=\"pirkti bilietus internetu\" width=\"312\" height=\"107\" \/><\/p>\n<p>Kai visk\u0105 nustatysite, jums tereik\u0117s norimus bilietus \u012fsid\u0117ti \u012f krep\u0161el\u012f, o tada gal\u0117site juos visus \u012fsigyti vienu metu. \u012e krep\u0161el\u012f galite net sud\u0117ti skirting\u0173 \u017eaidim\u0173 bilietus kartu ir gal\u0117site \u012fsigyti visk\u0105, ko jums reikia.<\/p>\n<p>Nusprend\u0119 d\u0117l biliet\u0173, b\u016bsite visk\u0105 paruo\u0161\u0119 ir gal\u0117site laukti, kas nutiks su j\u016bs\u0173 bilietais. Nusipirkti bilietai i\u0161 karto atsiras j\u016bs\u0173 paskyroje, o v\u0117liau gal\u0117site patikrinti, ar laim\u0117jote.<\/p>\n<p>Jei laim\u0117site, atsi\u0173sime jums el. lai\u0161k\u0105 ir gal\u0117site savo paskyroje pasi\u017ei\u016br\u0117ti, kokie j\u016bs\u0173 numeriai sutampa su i\u0161trauktais skai\u010diais. O tai pad\u0117s jums lengviau su\u017einoti, kada reikia i\u0161pirkti biliet\u0105.<\/p>\n<h2>\u201eEuroMillions\u201c ir \u201cUK Millionaire Maker<\/h2>\n<p>\u017daid\u0117jai moka \u0161iek tiek daugiau, nes \u201eEuroMillions\u201c bilietai perkami Jungtin\u0117je Karalyst\u0117je. Taip yra d\u0117l to, kad Jungtin\u0117s Karalyst\u0117s bilietai automati\u0161kai \u012ftraukiami \u012f \u201eMillionaire Maker\u201c lo\u0161im\u0105, kuris suteikia papildom\u0105 galimyb\u0119 laim\u0117ti 1 mln. svar\u0173 sterling\u0173 atlyg\u012f.<\/p>\n<p>Millionaire Maker veikia generuodamas unikal\u0173 kiekvieno nupirkto bilieto kod\u0105. \u0160\u012f kod\u0105 sudaro keturios raid\u0117s ir penki skai\u010diai (pvz., ABCD12345). Kiekvieno burt\u0173 traukimo metu atsitiktine tvarka pasirenkamas vienas ar keli i\u0161 \u0161i\u0173 kod\u0173, o biliet\u0173 tur\u0117tojas, kurio kodas sutampa, i\u0161 karto laimi 1 milijon\u0105 svar\u0173 sterling\u0173, nepriklausomai nuo i\u0161traukt\u0173 pagrindini\u0173 \u201eEuroMillions\u201c skai\u010di\u0173.<\/p>\n<p>D\u0117l \u0161ios savyb\u0117s \u017eaisti \u201eEuroMillions\u201c Jungtin\u0117je Karalyst\u0117je ypa\u010d patrauklu, nes tai suteikia papildom\u0105 galimyb\u0119 laim\u0117ti reik\u0161ming\u0105 priz\u0105 be standartinio pagrindinio prizo ir \u017eemesn\u0117s pakopos apdovanojim\u0173.<\/p>\n","protected":false},"excerpt":{"rendered":"<p>Euromilijonai yra did\u017eiausia Europos loterija. Prad\u0117ta rengti 2004 m. Bilietus galima \u012fsigyti devyniose Europos \u0161alyse, o jei esate i\u0161 Lietuvos, bilietus galite \u012fsigyti internetu \u010dia. Gaukite &#8222;EuroMillions&#8221; biliet\u0105 i\u0161 Lietuvos Ar esate pasireng\u0119 prad\u0117ti ir pirkti &#8222;EuroMillions&#8221; bilietus internetu? Jei taip, tuomet, prie\u0161 prad\u0117dami \u017eaisti, nor\u0117site su\u017einoti kelet\u0105 dalyk\u0173 apie \u0161\u012f \u017eaidim\u0105, tiesa? Norite b\u016bti [&hellip;]<\/p>\n","protected":false},"author":1,"featured_media":0,"parent":17097,"menu_order":3,"comment_status":"closed","ping_status":"closed","template":"euromillions-info.php","meta":{"_et_pb_use_builder":"","_et_pb_old_content":"","_et_gb_content_width":"","exclude_from_search":false,"footnotes":""},"class_list":["post-17099","page","type-page","status-publish","hentry"],"yoast_head":"<!-- This site is optimized with the Yoast SEO plugin v23.8 - https:\/\/yoast.com\/wordpress\/plugins\/seo\/ -->\n<title>Pirkite &quot;EuroMillions&quot; bilietus internetu i\u0161 Lietuvos<\/title>\n<meta name=\"description\" content=\"Informacija apie tai, kaip Lietuvos gyventojai gali \u012fsigyti &quot;Euromillions&quot; bilietus internetu. Euromillions loterijoje yra did\u017eiausias Europoje pagrindinis prizas\" \/>\n<meta name=\"robots\" content=\"index, follow, max-snippet:-1, max-image-preview:large, max-video-preview:-1\" \/>\n<link rel=\"canonical\" href=\"https:\/\/redfoxlotto.com\/lt\/loterija\/euromillions\/\" \/>\n<meta property=\"og:locale\" content=\"lt_LT\" \/>\n<meta property=\"og:type\" content=\"article\" \/>\n<meta property=\"og:title\" content=\"Pirkite &quot;EuroMillions&quot; bilietus internetu i\u0161 Lietuvos\" \/>\n<meta property=\"og:description\" content=\"Informacija apie tai, kaip Lietuvos gyventojai gali \u012fsigyti &quot;Euromillions&quot; bilietus internetu. Euromillions loterijoje yra did\u017eiausias Europoje pagrindinis prizas\" \/>\n<meta property=\"og:url\" content=\"https:\/\/redfoxlotto.com\/lt\/loterija\/euromillions\/\" \/>\n<meta property=\"og:site_name\" content=\"Get Tickets for the World\u2019s largest jackpots\" \/>\n<meta property=\"article:modified_time\" content=\"2025-12-18T14:41:39+00:00\" \/>\n<meta property=\"og:image\" content=\"https:\/\/content.redfoxlotto.com\/uploads\/sites\/9\/1_buy_euromillions_online.jpg\" \/>\n<meta name=\"twitter:card\" content=\"summary_large_image\" \/>\n<meta name=\"twitter:label1\" content=\"Est. reading time\" \/>\n\t<meta name=\"twitter:data1\" content=\"4 minut\u0117s\" \/>\n<script type=\"application\/ld+json\" class=\"yoast-schema-graph\">{\"@context\":\"https:\/\/schema.org\",\"@graph\":[{\"@type\":\"WebPage\",\"@id\":\"https:\/\/redfoxlotto.com\/lt\/loterija\/euromillions\/\",\"url\":\"https:\/\/redfoxlotto.com\/lt\/loterija\/euromillions\/\",\"name\":\"Pirkite \\\"EuroMillions\\\" bilietus internetu i\u0161 Lietuvos\",\"isPartOf\":{\"@id\":\"https:\/\/redfoxlotto.com\/lt\/#website\"},\"primaryImageOfPage\":{\"@id\":\"https:\/\/redfoxlotto.com\/lt\/loterija\/euromillions\/#primaryimage\"},\"image\":{\"@id\":\"https:\/\/redfoxlotto.com\/lt\/loterija\/euromillions\/#primaryimage\"},\"thumbnailUrl\":\"https:\/\/content.redfoxlotto.com\/uploads\/sites\/9\/1_buy_euromillions_online.jpg\",\"datePublished\":\"2018-11-18T08:54:25+00:00\",\"dateModified\":\"2025-12-18T14:41:39+00:00\",\"description\":\"Informacija apie tai, kaip Lietuvos gyventojai gali \u012fsigyti \\\"Euromillions\\\" bilietus internetu. Euromillions loterijoje yra did\u017eiausias Europoje pagrindinis prizas\",\"breadcrumb\":{\"@id\":\"https:\/\/redfoxlotto.com\/lt\/loterija\/euromillions\/#breadcrumb\"},\"inLanguage\":\"lt-LT\",\"potentialAction\":[{\"@type\":\"ReadAction\",\"target\":[\"https:\/\/redfoxlotto.com\/lt\/loterija\/euromillions\/\"]}]},{\"@type\":\"ImageObject\",\"inLanguage\":\"lt-LT\",\"@id\":\"https:\/\/redfoxlotto.com\/lt\/loterija\/euromillions\/#primaryimage\",\"url\":\"https:\/\/content.redfoxlotto.com\/uploads\/sites\/9\/1_buy_euromillions_online.jpg\",\"contentUrl\":\"https:\/\/content.redfoxlotto.com\/uploads\/sites\/9\/1_buy_euromillions_online.jpg\"},{\"@type\":\"BreadcrumbList\",\"@id\":\"https:\/\/redfoxlotto.com\/lt\/loterija\/euromillions\/#breadcrumb\",\"itemListElement\":[{\"@type\":\"ListItem\",\"position\":1,\"name\":\"Home\",\"item\":\"https:\/\/redfoxlotto.com\/lt\/\"},{\"@type\":\"ListItem\",\"position\":2,\"name\":\"Kaip internetu nusipirkti loterijos biliet\u0105 \u2013 \u012fsigyjimo proced\u016bra\",\"item\":\"https:\/\/redfoxlotto.com\/lt\/loterija\/\"},{\"@type\":\"ListItem\",\"position\":3,\"name\":\"Apie &#8222;EuroMillions\"}]},{\"@type\":\"WebSite\",\"@id\":\"https:\/\/redfoxlotto.com\/lt\/#website\",\"url\":\"https:\/\/redfoxlotto.com\/lt\/\",\"name\":\"Get Tickets for the World\u2019s largest jackpots\",\"description\":\"Participate in worldwide lottery jackpots from any country\",\"publisher\":{\"@id\":\"https:\/\/redfoxlotto.com\/lt\/#organization\"},\"potentialAction\":[{\"@type\":\"SearchAction\",\"target\":{\"@type\":\"EntryPoint\",\"urlTemplate\":\"https:\/\/redfoxlotto.com\/lt\/?s={search_term_string}\"},\"query-input\":{\"@type\":\"PropertyValueSpecification\",\"valueRequired\":true,\"valueName\":\"search_term_string\"}}],\"inLanguage\":\"lt-LT\"},{\"@type\":\"Organization\",\"@id\":\"https:\/\/redfoxlotto.com\/lt\/#organization\",\"name\":\"Get Tickets for the World\u2019s largest jackpots\",\"url\":\"https:\/\/redfoxlotto.com\/lt\/\",\"logo\":{\"@type\":\"ImageObject\",\"inLanguage\":\"lt-LT\",\"@id\":\"https:\/\/redfoxlotto.com\/lt\/#\/schema\/logo\/image\/\",\"url\":\"https:\/\/redfoxlotto.com\/wp-content\/uploads\/2023\/04\/logo.png\",\"contentUrl\":\"https:\/\/redfoxlotto.com\/wp-content\/uploads\/2023\/04\/logo.png\",\"width\":269,\"height\":53,\"caption\":\"Get Tickets for the World\u2019s largest jackpots\"},\"image\":{\"@id\":\"https:\/\/redfoxlotto.com\/lt\/#\/schema\/logo\/image\/\"}}]}<\/script>\n<!-- \/ Yoast SEO plugin. -->","yoast_head_json":{"title":"Pirkite \"EuroMillions\" bilietus internetu i\u0161 Lietuvos","description":"Informacija apie tai, kaip Lietuvos gyventojai gali \u012fsigyti \"Euromillions\" bilietus internetu. Euromillions loterijoje yra did\u017eiausias Europoje pagrindinis prizas","robots":{"index":"index","follow":"follow","max-snippet":"max-snippet:-1","max-image-preview":"max-image-preview:large","max-video-preview":"max-video-preview:-1"},"canonical":"https:\/\/redfoxlotto.com\/lt\/loterija\/euromillions\/","og_locale":"lt_LT","og_type":"article","og_title":"Pirkite \"EuroMillions\" bilietus internetu i\u0161 Lietuvos","og_description":"Informacija apie tai, kaip Lietuvos gyventojai gali \u012fsigyti \"Euromillions\" bilietus internetu. Euromillions loterijoje yra did\u017eiausias Europoje pagrindinis prizas","og_url":"https:\/\/redfoxlotto.com\/lt\/loterija\/euromillions\/","og_site_name":"Get Tickets for the World\u2019s largest jackpots","article_modified_time":"2025-12-18T14:41:39+00:00","og_image":[{"url":"https:\/\/content.redfoxlotto.com\/uploads\/sites\/9\/1_buy_euromillions_online.jpg"}],"twitter_card":"summary_large_image","twitter_misc":{"Est. reading time":"4 minut\u0117s"},"schema":{"@context":"https:\/\/schema.org","@graph":[{"@type":"WebPage","@id":"https:\/\/redfoxlotto.com\/lt\/loterija\/euromillions\/","url":"https:\/\/redfoxlotto.com\/lt\/loterija\/euromillions\/","name":"Pirkite \"EuroMillions\" bilietus internetu i\u0161 Lietuvos","isPartOf":{"@id":"https:\/\/redfoxlotto.com\/lt\/#website"},"primaryImageOfPage":{"@id":"https:\/\/redfoxlotto.com\/lt\/loterija\/euromillions\/#primaryimage"},"image":{"@id":"https:\/\/redfoxlotto.com\/lt\/loterija\/euromillions\/#primaryimage"},"thumbnailUrl":"https:\/\/content.redfoxlotto.com\/uploads\/sites\/9\/1_buy_euromillions_online.jpg","datePublished":"2018-11-18T08:54:25+00:00","dateModified":"2025-12-18T14:41:39+00:00","description":"Informacija apie tai, kaip Lietuvos gyventojai gali \u012fsigyti \"Euromillions\" bilietus internetu. Euromillions loterijoje yra did\u017eiausias Europoje pagrindinis prizas","breadcrumb":{"@id":"https:\/\/redfoxlotto.com\/lt\/loterija\/euromillions\/#breadcrumb"},"inLanguage":"lt-LT","potentialAction":[{"@type":"ReadAction","target":["https:\/\/redfoxlotto.com\/lt\/loterija\/euromillions\/"]}]},{"@type":"ImageObject","inLanguage":"lt-LT","@id":"https:\/\/redfoxlotto.com\/lt\/loterija\/euromillions\/#primaryimage","url":"https:\/\/content.redfoxlotto.com\/uploads\/sites\/9\/1_buy_euromillions_online.jpg","contentUrl":"https:\/\/content.redfoxlotto.com\/uploads\/sites\/9\/1_buy_euromillions_online.jpg"},{"@type":"BreadcrumbList","@id":"https:\/\/redfoxlotto.com\/lt\/loterija\/euromillions\/#breadcrumb","itemListElement":[{"@type":"ListItem","position":1,"name":"Home","item":"https:\/\/redfoxlotto.com\/lt\/"},{"@type":"ListItem","position":2,"name":"Kaip internetu nusipirkti loterijos biliet\u0105 \u2013 \u012fsigyjimo proced\u016bra","item":"https:\/\/redfoxlotto.com\/lt\/loterija\/"},{"@type":"ListItem","position":3,"name":"Apie &#8222;EuroMillions"}]},{"@type":"WebSite","@id":"https:\/\/redfoxlotto.com\/lt\/#website","url":"https:\/\/redfoxlotto.com\/lt\/","name":"Get Tickets for the World\u2019s largest jackpots","description":"Participate in worldwide lottery jackpots from any country","publisher":{"@id":"https:\/\/redfoxlotto.com\/lt\/#organization"},"potentialAction":[{"@type":"SearchAction","target":{"@type":"EntryPoint","urlTemplate":"https:\/\/redfoxlotto.com\/lt\/?s={search_term_string}"},"query-input":{"@type":"PropertyValueSpecification","valueRequired":true,"valueName":"search_term_string"}}],"inLanguage":"lt-LT"},{"@type":"Organization","@id":"https:\/\/redfoxlotto.com\/lt\/#organization","name":"Get Tickets for the World\u2019s largest jackpots","url":"https:\/\/redfoxlotto.com\/lt\/","logo":{"@type":"ImageObject","inLanguage":"lt-LT","@id":"https:\/\/redfoxlotto.com\/lt\/#\/schema\/logo\/image\/","url":"https:\/\/redfoxlotto.com\/wp-content\/uploads\/2023\/04\/logo.png","contentUrl":"https:\/\/redfoxlotto.com\/wp-content\/uploads\/2023\/04\/logo.png","width":269,"height":53,"caption":"Get Tickets for the World\u2019s largest jackpots"},"image":{"@id":"https:\/\/redfoxlotto.com\/lt\/#\/schema\/logo\/image\/"}}]}},"_links":{"self":[{"href":"https:\/\/redfoxlotto.com\/lt\/wp-json\/wp\/v2\/pages\/17099","targetHints":{"allow":["GET"]}}],"collection":[{"href":"https:\/\/redfoxlotto.com\/lt\/wp-json\/wp\/v2\/pages"}],"about":[{"href":"https:\/\/redfoxlotto.com\/lt\/wp-json\/wp\/v2\/types\/page"}],"author":[{"embeddable":true,"href":"https:\/\/redfoxlotto.com\/lt\/wp-json\/wp\/v2\/users\/1"}],"replies":[{"embeddable":true,"href":"https:\/\/redfoxlotto.com\/lt\/wp-json\/wp\/v2\/comments?post=17099"}],"version-history":[{"count":0,"href":"https:\/\/redfoxlotto.com\/lt\/wp-json\/wp\/v2\/pages\/17099\/revisions"}],"up":[{"embeddable":true,"href":"https:\/\/redfoxlotto.com\/lt\/wp-json\/wp\/v2\/pages\/17097"}],"wp:attachment":[{"href":"https:\/\/redfoxlotto.com\/lt\/wp-json\/wp\/v2\/media?parent=17099"}],"curies":[{"name":"wp","href":"https:\/\/api.w.org\/{rel}","templated":true}]}}