{"id":17098,"date":"2018-11-18T08:54:25","date_gmt":"2018-11-18T08:54:25","guid":{"rendered":"https:\/\/redfoxlotto.com\/?page_id=3604"},"modified":"2025-12-18T13:55:02","modified_gmt":"2025-12-18T13:55:02","slug":"eurojackpot","status":"publish","type":"page","link":"https:\/\/redfoxlotto.com\/lt\/loterija\/eurojackpot\/","title":{"rendered":"Apie Eurojackpot loterij\u0105"},"content":{"rendered":"<script type=\"application\/ld+json\">\r\n{\r\n  \"@context\": \"https:\/\/schema.org\",\r\n  \"@type\": \"Service\",\r\n  \"name\": \"\u017daiskite Eurojackpot internetu\",\r\n  \"url\": \"https:\/\/redfoxlotto.com\/lt\/lotteries\/eurojackpot\/\",\r\n  \"description\": \"Pirkite oficialius Eurojackpot loterijos bilietus internetu i\u0161 bet kurios \u0161alies. Apsilankykite RedFoxLotto, pasirinkite savo numerius ir dalyvaukite kitame traukinyje.\",\r\n  \"serviceType\": \"Internetin\u0117 loterijos biliet\u0173 tarpininkavimo paslauga\",\r\n\r\n  \"provider\": {\r\n    \"@type\": \"Organization\",\r\n    \"name\": \"RedFoxLotto\",\r\n    \"url\": \"https:\/\/redfoxlotto.com\/lt\",\r\n    \"image\": \"https:\/\/redfoxlotto.com\/lt\/wp-content\/uploads\/2025\/12\/ticket_scans.jpg\",\r\n    \"sameAs\": []\r\n  },\r\n\r\n  \"areaServed\": \"Worldwide\",\r\n  \"termsOfService\": \"https:\/\/redfoxlotto.com\/terms-and-conditions\",\r\n\r\n  \"additionalProperty\": {\r\n    \"@type\": \"PropertyValue\",\r\n    \"name\": \"DUK\",\r\n    \"value\": \"https:\/\/redfoxlotto.com\/lt\/faq\/\"\r\n  },\r\n\r\n  \"hasOfferCatalog\": {\r\n    \"@type\": \"OfferCatalog\",\r\n    \"name\": \"Eurojackpot bilietai\",\r\n    \"itemListElement\": [\r\n      {\r\n        \"@type\": \"Offer\",\r\n        \"name\": \"Eurojackpot bilietai\",\r\n        \"url\": \"https:\/\/redfoxlotto.com\/lt\/lotteries\/eurojackpot\",\r\n        \"description\": \"Pirkite tikrus bilietus internetu kitam Eurojackpot traukimui per RedFoxLotto.\",\r\n        \"price\": \"6.00\",\r\n        \"priceCurrency\": \"\u20ac\",\r\n        \"availability\": \"https:\/\/schema.org\/InStock\",\r\n\r\n        \"itemOffered\": {\r\n          \"@type\": \"Service\",\r\n          \"name\": \"Eurojackpot loterijos bilietai\",\r\n          \"description\": \"Dalyvaukite kitame Eurojackpot traukim\u0435 \u2013 pirkite bilietus internetu per RedFoxLotto.\"\r\n        }\r\n      }\r\n    ]\r\n  },\r\n\r\n  \"mainEntityOfPage\": {\r\n    \"@type\": \"WebPage\",\r\n    \"@id\": \"https:\/\/redfoxlotto.com\/lt\/lotteries\/eurojackpot\/\"\r\n  }\r\n}\r\n<\/script>\r\n\r\n<p><!--more--><\/p><p>Eurojackpot loterija gyvuoja nuo 2012 m. Ir nuo to laiko ji darosi vis populeresn\u0117. Viena i\u0161 prie\u017eas\u010di\u0173 kuri tikrai pradeda loterijos populiarumui yra ta, kad j\u016bs i\u0161 tikr\u0173j\u0173 galite laim\u0117ti padori\u0105 pinig\u0173 sum\u0105 (apie tai kalbama v\u0117liau). Bilietus galima nusipirkti 17 loterijoje dalyvaujan\u010di\u0173 Europos \u0161ali\u0173, tod\u0117l tai tikrai puiku toms \u0161alims, kurios jau yra tame rate.<\/p><p>Bet k\u0105 daryti \u017emon\u0117mis Lietuvoje, kurie galb\u016bt negali tiesiog nueiti \u012f parduotuv\u0119 ir nusipirkti Eurojackpot loterijos biliet\u0173? Pirkimas internetu yra j\u0173 kelias \u012f s\u0117km\u0119. Jeigu gyvenate Lietuvoje, Eurojackpot loterijos bilietus taip pat galite \u012fsigyti m\u016bs\u0173 internetin\u0117je svetain\u0117se.<\/p><h2 class=\"wp-block-heading\" id=\"h-pagrindinis-prizas\">Pagrindinis prizas<\/h2><p><img decoding=\"async\" class=\"size-full wp-image alignright\" src=\"https:\/\/content.redfoxlotto.com\/uploads\/sites\/9\/1_ticket_eurojackpot2.jpg\" alt=\"eurojackpot\" \/><\/p><p>Eurojackpot loterijoje minimali pagrindinio prizo suma yra 10 milijon\u0173 eur\u0173. Tai tikrai t\u016br\u0117t\u0173 did\u017eiul\u0117s \u012ftakos j\u016bs\u0173 gyvenimui, tiesa? Na, u\u017e tuos pinigus gal\u0117site nusipirksite tikrai \u0161auni\u0173 daikt\u0173 ar sumok\u0117site skolas ar dar k\u0105 nors reik\u0161mingo. Bet tai tik minimalus laim\u0117jimas. Suma gali b\u016bti daug didesn\u0117. I\u0161 tikr\u0173j\u0173 maksimali i\u0161moka gali siekti net 120 milijon\u0173 eur\u0173. Tai tikrai bus did\u017eiul\u0117 suma ir t\u016br\u0117s \u012ftakos j\u016bs\u0173 gyvenime, bet kas, jei niekas nelaim\u0117s \u0161io pagrindinio prizo? Visos sumos, vir\u0161ijan\u010dios \u0161i\u0105 sum\u0105, bus pervestos \u012f antr\u0105j\u0105 priz\u0173 klas\u0119.<\/p><p>Tai rei\u0161kia, kad j\u016bs tur\u0117site galimyb\u0119 laim\u0117ti t\u0105 mil\u017eini\u0161k\u0105 aukso puod\u0105, dar kol jis pasieks \u0161i\u0105 rib\u0105. V\u0117liau pamatysite, kad antra did\u017eiausia suma prad\u0117s vis did\u0117ti. Tai rei\u0161kia, kad gal\u0117tum\u0117te gauti did\u017eiul\u012f priz\u0105 atsp\u0117jus ma\u017eiau skai\u010di\u0173, nes antros pakopos prizas taps tikrai puikia premija ir antr\u0105ja galimybe laim\u0117ti stambi\u0105 sum\u0105 pinig\u0173.<\/p><h2 class=\"wp-block-heading\" id=\"h-eurojackpot-loterijos-taisykl-s\">Eurojackpot loterijos taisykl\u0117s<\/h2><p>Jei norite \u017eaisti Eurojackpot loterijoje b\u016bdami Lietuvoje, turite \u012fsitikinti, kad \u017einote kaip tai padaryti. Norite \u012fsitikinti, kad \u017eaid\u017eiate \u017eaidim\u0105 teisingai ir j\u016bs\u0173 bilietas yra pasirinktas teisingai. Na, jums pasisek\u0117, nes \u0161iuos bilietus i\u0161sirinkti yra labai paprasta ir jums nekils problem\u0173 i\u0161sirenkant b\u016btent tok\u012f biliet\u0105, kokio norite.<\/p><p>J\u016bs pasirenkate 5 pagrindinius skai\u010dius nuo 1 iki 50, v\u0117liau dar du papildomus skai\u010dius nuo 1 iki 12. \u0160ie 5 pagrindiniai skai\u010diai gaus jums priz\u0105, net jei neatsp\u0117site papildom\u0173 2 skai\u010di\u0173 ar Star numbers. Viso yra 12 galim\u0173 laim\u0117ti priz\u0173.<\/p><p>Tai rei\u0161kia, kad yra daugyb\u0117 skirting\u0173 deran\u010di\u0173 skai\u010di\u0173 derini\u0173, kuriuos gal\u0117tum\u0117te sugalvoti ir kurie jums gali laim\u0117ti kok\u012f nors priz\u0105. Gali b\u016bti, kad laim\u0117site tik tiek, kad padengtum\u0117te bilieto kain\u0105, arba galite laim\u0117ti milijonus ir nesuderinus skaitmen\u0173.<\/p><p>\u017dinoma, nor\u0117dami laim\u0117ti pagrindin\u012f priz\u0105, turite tur\u0117ti teisingai atsp\u0117ti visus 5 pagrindinius skai\u010dius, bei tuos 2 papildomus skai\u010dius. Tai bus sud\u0117tinga ir tai tikrai yra retas reginys, bet tai \u012fmanoma. Juk ka\u017ekas jau yra laim\u0117j\u0119s ir ne vien\u0105 kart\u0105, tiesa? Kod\u0117l tas ka\u017ekas negali b\u016bti j\u016bs? Manome, kad laim\u0117ti tikrai \u012fmanoma, ir viskas, k\u0105 jums reikia padaryti, yra per\u017evelgti kaip i\u0161sirinkti ir nusipirkti sau biliet\u0105.<\/p><h2 class=\"wp-block-heading\" id=\"h-eurojackpot-loterijos-bilieto-pirkimas-i-lietuvos\">Eurojackpot loterijos bilieto pirkimas i\u0161 Lietuvos<\/h2><p><img loading=\"lazy\" decoding=\"async\" class=\" wp-image alignright\" src=\"https:\/\/content.redfoxlotto.com\/uploads\/sites\/9\/1_eurojackpot_buy_ticket.jpg\" alt=\"pirkti eurojackpot biliet\u0105\" width=\"225\" height=\"149\" \/><\/p><p>Jei manote, kad esate pasireng\u0119s pirkti Eurojackpot bilietus internetu, jums reikia pa\u017evelgti m\u016bs\u0173 sistem\u0105 ir m\u016bs\u0173 internetin\u0119 svetain\u0119. Viskas, k\u0105 jums reikia padaryti, tai prisijungti \u012f savo paskyr\u0105 ir pasi\u017evalgyti, bet jau esate \u010dia. Taigi, k\u0105 jums reikia daryti toliau? Pa\u017evelgti \u012f skirtingus m\u016bs\u0173 si\u016blomus bilietus.<\/p><p>Mes si\u016blome geriausius bilietus ir populiariausias loterijas, suteikdami jums galimybes laim\u0117ti did\u017eiausius pagrindinius prizus. Ap\u017ei\u016br\u0117j\u0119 k\u0105 si\u016blome. galite nuspr\u0119sti, kad norite \u012fsigyti bilietus Eurojackpot loterijai ir pateksite \u012f atskir\u0105 puslap\u012f.<\/p><p>\u0160iame puslapyje gausite daugiau informacijos apie pa\u010di\u0105 Eurojackpot loterij\u0105, ir gal\u0117site nusipirkti norimus bilietus b\u016bdami Lietuvoje, patogiai savo namuose. Galite rinktis kiek tik norite biliet\u0173 ir norimus t\u0173 biliet\u0173 skaitmenis. Jei j\u016bs\u0173 skai\u010diai atitinka taisykles, apie kurias kalb\u0117ta auk\u0161\u010diau, kiekvienam bilietui galite pasirinkti bet kok\u012f skai\u010di\u0173 derin\u012f.<\/p><p>\u017dinoma, jei ne\u017einote, kokiais skai\u010diais norite \u017eaisti, galite vietoje sav\u0173 pasirinkti atsitiktinai sugeneruotus skai\u010dius.<\/p><p>Pasirink\u0119 greaitaj\u012f rinkim\u0105 gausite atsitiktinai parinktus skai\u010dius, kurie atitiks skaitmen\u0173 reikalavimus. Tai leis jums \u012fsigyti biliet\u0105, bet j\u016bs turite jaudintis d\u0117l kai ko kito. Jei norite pasirinkti kelet\u0105 variant\u0173, bet nenorite visiems atrinkti vis\u0173 skai\u010di\u0173 pats, i\u0161 tikr\u0173j\u0173 galite atlikti \u0161i\u0173 dviej\u0173 b\u016bd\u0173 derin\u012f, kai kuriuos parinkti patys, o kai kuriuos automati\u0161kai sugeneruoti. Tai tikrai palengvins jums galimyb\u0119 \u012fsigyti tuos biliet\u0105.<\/p><h2 class=\"wp-block-heading\" id=\"h-susikurkite-savo-paskyr\">Susikurkite savo paskyr\u0105<\/h2><p>I\u0161sirinkus visus norimus skai\u010dius, j\u016bs tiesiog susikuriate savo paskyr\u0105. Prad\u0117jus kurti savo paskyr\u0105, viskas atrodo labai paprastai ir viskas, k\u0105 jums reik\u0117s padaryti, tai u\u017epildyti savo asmenin\u0119 informacij\u0105. D\u0117l \u0161ios informacijos jums bus labai lengva ir patogu \u012fne\u0161ti pinig\u0173 \u012f savo s\u0105skait\u0105, \u0161iuos pinigus gal\u0117site naudoti apmok\u0117dami savo bilietus, be to, jums bus labai lengva i\u0161imti pinigus i\u0161 savo s\u0105skaitos, kai laim\u0117site.<\/p><p>Kai b\u016bsite pasireng\u0119 i\u0161sirinkti sau bilietus b\u016bdami Lietuvoje, j\u016bs tiesiog v\u0117l prisijunkite prie savo paskyros ir gal\u0117site nusipirkti bet kur\u012f norim\u0105 biliet\u0105. Jei nor\u0117site naudoti spartaus skai\u010di\u0173 parinkimo funkcij\u0105, tai viskas bus dar papras\u010diau ir netgi gal\u0117site nustatyti, kad j\u016bs\u0173 norimi bilietai b\u016bt\u0173 paruo\u0161ti keliems lo\u0161imams \u012f priek\u012f. Tai reik\u0161tu, kad gal\u0117tum\u0117te b\u016bti ram\u016bs d\u0117l to ar sp\u0117site nusipirkti biliet\u0173 kitam lo\u0161imui. J\u016bs tiesiog pasiliksite t\u0105 pat\u012f biliet\u0105 ir b\u016bsite pilnai pasiruo\u0161\u0119 laim\u0117ti.<\/p>","protected":false},"excerpt":{"rendered":"","protected":false},"author":1,"featured_media":0,"parent":17097,"menu_order":4,"comment_status":"closed","ping_status":"closed","template":"eurojackpot-info.php","meta":{"_et_pb_use_builder":"","_et_pb_old_content":"","_et_gb_content_width":"","exclude_from_search":false,"footnotes":""},"class_list":["post-17098","page","type-page","status-publish","hentry"],"yoast_head":"<!-- This site is optimized with the Yoast SEO plugin v27.3 - https:\/\/yoast.com\/product\/yoast-seo-wordpress\/ -->\n<title>Kaip pirkti bilietus Eurojackpot loterijai internetu i\u0161 Lietuvos<\/title>\n<meta name=\"description\" content=\"Eurojackpot loterijos bilietai visiems loterij\u0173 fanams, jau prekyboje internetu ir Lietuvoje\" \/>\n<meta name=\"robots\" content=\"index, follow, max-snippet:-1, max-image-preview:large, max-video-preview:-1\" \/>\n<link rel=\"canonical\" href=\"https:\/\/redfoxlotto.com\/lt\/loterija\/eurojackpot\/\" \/>\n<meta property=\"og:locale\" content=\"lt_LT\" \/>\n<meta property=\"og:type\" content=\"article\" \/>\n<meta property=\"og:title\" content=\"Kaip pirkti bilietus Eurojackpot loterijai internetu i\u0161 Lietuvos\" \/>\n<meta property=\"og:description\" content=\"Eurojackpot loterijos bilietai visiems loterij\u0173 fanams, jau prekyboje internetu ir Lietuvoje\" \/>\n<meta property=\"og:url\" content=\"https:\/\/redfoxlotto.com\/lt\/loterija\/eurojackpot\/\" \/>\n<meta property=\"og:site_name\" content=\"Get Tickets for the World\u2019s largest jackpots\" \/>\n<meta property=\"article:modified_time\" content=\"2025-12-18T13:55:02+00:00\" \/>\n<meta property=\"og:image\" content=\"https:\/\/content.redfoxlotto.com\/uploads\/sites\/9\/1_ticket_eurojackpot2.jpg\" \/>\n<meta name=\"twitter:card\" content=\"summary_large_image\" \/>\n<meta name=\"twitter:label1\" content=\"Est. reading time\" \/>\n\t<meta name=\"twitter:data1\" content=\"4 minut\u0117s\" \/>\n<script type=\"application\/ld+json\" class=\"yoast-schema-graph\">{\"@context\":\"https:\\\/\\\/schema.org\",\"@graph\":[{\"@type\":\"WebPage\",\"@id\":\"https:\\\/\\\/redfoxlotto.com\\\/lt\\\/loterija\\\/eurojackpot\\\/\",\"url\":\"https:\\\/\\\/redfoxlotto.com\\\/lt\\\/loterija\\\/eurojackpot\\\/\",\"name\":\"Kaip pirkti bilietus Eurojackpot loterijai internetu i\u0161 Lietuvos\",\"isPartOf\":{\"@id\":\"https:\\\/\\\/redfoxlotto.com\\\/lt\\\/#website\"},\"primaryImageOfPage\":{\"@id\":\"https:\\\/\\\/redfoxlotto.com\\\/lt\\\/loterija\\\/eurojackpot\\\/#primaryimage\"},\"image\":{\"@id\":\"https:\\\/\\\/redfoxlotto.com\\\/lt\\\/loterija\\\/eurojackpot\\\/#primaryimage\"},\"thumbnailUrl\":\"https:\\\/\\\/content.redfoxlotto.com\\\/uploads\\\/sites\\\/9\\\/1_ticket_eurojackpot2.jpg\",\"datePublished\":\"2018-11-18T08:54:25+00:00\",\"dateModified\":\"2025-12-18T13:55:02+00:00\",\"description\":\"Eurojackpot loterijos bilietai visiems loterij\u0173 fanams, jau prekyboje internetu ir Lietuvoje\",\"breadcrumb\":{\"@id\":\"https:\\\/\\\/redfoxlotto.com\\\/lt\\\/loterija\\\/eurojackpot\\\/#breadcrumb\"},\"inLanguage\":\"lt-LT\",\"potentialAction\":[{\"@type\":\"ReadAction\",\"target\":[\"https:\\\/\\\/redfoxlotto.com\\\/lt\\\/loterija\\\/eurojackpot\\\/\"]}]},{\"@type\":\"ImageObject\",\"inLanguage\":\"lt-LT\",\"@id\":\"https:\\\/\\\/redfoxlotto.com\\\/lt\\\/loterija\\\/eurojackpot\\\/#primaryimage\",\"url\":\"https:\\\/\\\/content.redfoxlotto.com\\\/uploads\\\/sites\\\/9\\\/1_ticket_eurojackpot2.jpg\",\"contentUrl\":\"https:\\\/\\\/content.redfoxlotto.com\\\/uploads\\\/sites\\\/9\\\/1_ticket_eurojackpot2.jpg\"},{\"@type\":\"BreadcrumbList\",\"@id\":\"https:\\\/\\\/redfoxlotto.com\\\/lt\\\/loterija\\\/eurojackpot\\\/#breadcrumb\",\"itemListElement\":[{\"@type\":\"ListItem\",\"position\":1,\"name\":\"Home\",\"item\":\"https:\\\/\\\/redfoxlotto.com\\\/lt\\\/\"},{\"@type\":\"ListItem\",\"position\":2,\"name\":\"Kaip internetu nusipirkti loterijos biliet\u0105 \u2013 \u012fsigyjimo proced\u016bra\",\"item\":\"https:\\\/\\\/redfoxlotto.com\\\/lt\\\/loterija\\\/\"},{\"@type\":\"ListItem\",\"position\":3,\"name\":\"Apie Eurojackpot loterij\u0105\"}]},{\"@type\":\"WebSite\",\"@id\":\"https:\\\/\\\/redfoxlotto.com\\\/lt\\\/#website\",\"url\":\"https:\\\/\\\/redfoxlotto.com\\\/lt\\\/\",\"name\":\"Get Tickets for the World\u2019s largest jackpots\",\"description\":\"Participate in worldwide lottery jackpots from any country\",\"publisher\":{\"@id\":\"https:\\\/\\\/redfoxlotto.com\\\/lt\\\/#organization\"},\"potentialAction\":[{\"@type\":\"SearchAction\",\"target\":{\"@type\":\"EntryPoint\",\"urlTemplate\":\"https:\\\/\\\/redfoxlotto.com\\\/lt\\\/?s={search_term_string}\"},\"query-input\":{\"@type\":\"PropertyValueSpecification\",\"valueRequired\":true,\"valueName\":\"search_term_string\"}}],\"inLanguage\":\"lt-LT\"},{\"@type\":\"Organization\",\"@id\":\"https:\\\/\\\/redfoxlotto.com\\\/lt\\\/#organization\",\"name\":\"Get Tickets for the World\u2019s largest jackpots\",\"url\":\"https:\\\/\\\/redfoxlotto.com\\\/lt\\\/\",\"logo\":{\"@type\":\"ImageObject\",\"inLanguage\":\"lt-LT\",\"@id\":\"https:\\\/\\\/redfoxlotto.com\\\/lt\\\/#\\\/schema\\\/logo\\\/image\\\/\",\"url\":\"https:\\\/\\\/redfoxlotto.com\\\/wp-content\\\/uploads\\\/2023\\\/04\\\/logo.png\",\"contentUrl\":\"https:\\\/\\\/redfoxlotto.com\\\/wp-content\\\/uploads\\\/2023\\\/04\\\/logo.png\",\"width\":269,\"height\":53,\"caption\":\"Get Tickets for the World\u2019s largest jackpots\"},\"image\":{\"@id\":\"https:\\\/\\\/redfoxlotto.com\\\/lt\\\/#\\\/schema\\\/logo\\\/image\\\/\"}}]}<\/script>\n<!-- \/ Yoast SEO plugin. -->","yoast_head_json":{"title":"Kaip pirkti bilietus Eurojackpot loterijai internetu i\u0161 Lietuvos","description":"Eurojackpot loterijos bilietai visiems loterij\u0173 fanams, jau prekyboje internetu ir Lietuvoje","robots":{"index":"index","follow":"follow","max-snippet":"max-snippet:-1","max-image-preview":"max-image-preview:large","max-video-preview":"max-video-preview:-1"},"canonical":"https:\/\/redfoxlotto.com\/lt\/loterija\/eurojackpot\/","og_locale":"lt_LT","og_type":"article","og_title":"Kaip pirkti bilietus Eurojackpot loterijai internetu i\u0161 Lietuvos","og_description":"Eurojackpot loterijos bilietai visiems loterij\u0173 fanams, jau prekyboje internetu ir Lietuvoje","og_url":"https:\/\/redfoxlotto.com\/lt\/loterija\/eurojackpot\/","og_site_name":"Get Tickets for the World\u2019s largest jackpots","article_modified_time":"2025-12-18T13:55:02+00:00","og_image":[{"url":"https:\/\/content.redfoxlotto.com\/uploads\/sites\/9\/1_ticket_eurojackpot2.jpg","type":"","width":"","height":""}],"twitter_card":"summary_large_image","twitter_misc":{"Est. reading time":"4 minut\u0117s"},"schema":{"@context":"https:\/\/schema.org","@graph":[{"@type":"WebPage","@id":"https:\/\/redfoxlotto.com\/lt\/loterija\/eurojackpot\/","url":"https:\/\/redfoxlotto.com\/lt\/loterija\/eurojackpot\/","name":"Kaip pirkti bilietus Eurojackpot loterijai internetu i\u0161 Lietuvos","isPartOf":{"@id":"https:\/\/redfoxlotto.com\/lt\/#website"},"primaryImageOfPage":{"@id":"https:\/\/redfoxlotto.com\/lt\/loterija\/eurojackpot\/#primaryimage"},"image":{"@id":"https:\/\/redfoxlotto.com\/lt\/loterija\/eurojackpot\/#primaryimage"},"thumbnailUrl":"https:\/\/content.redfoxlotto.com\/uploads\/sites\/9\/1_ticket_eurojackpot2.jpg","datePublished":"2018-11-18T08:54:25+00:00","dateModified":"2025-12-18T13:55:02+00:00","description":"Eurojackpot loterijos bilietai visiems loterij\u0173 fanams, jau prekyboje internetu ir Lietuvoje","breadcrumb":{"@id":"https:\/\/redfoxlotto.com\/lt\/loterija\/eurojackpot\/#breadcrumb"},"inLanguage":"lt-LT","potentialAction":[{"@type":"ReadAction","target":["https:\/\/redfoxlotto.com\/lt\/loterija\/eurojackpot\/"]}]},{"@type":"ImageObject","inLanguage":"lt-LT","@id":"https:\/\/redfoxlotto.com\/lt\/loterija\/eurojackpot\/#primaryimage","url":"https:\/\/content.redfoxlotto.com\/uploads\/sites\/9\/1_ticket_eurojackpot2.jpg","contentUrl":"https:\/\/content.redfoxlotto.com\/uploads\/sites\/9\/1_ticket_eurojackpot2.jpg"},{"@type":"BreadcrumbList","@id":"https:\/\/redfoxlotto.com\/lt\/loterija\/eurojackpot\/#breadcrumb","itemListElement":[{"@type":"ListItem","position":1,"name":"Home","item":"https:\/\/redfoxlotto.com\/lt\/"},{"@type":"ListItem","position":2,"name":"Kaip internetu nusipirkti loterijos biliet\u0105 \u2013 \u012fsigyjimo proced\u016bra","item":"https:\/\/redfoxlotto.com\/lt\/loterija\/"},{"@type":"ListItem","position":3,"name":"Apie Eurojackpot loterij\u0105"}]},{"@type":"WebSite","@id":"https:\/\/redfoxlotto.com\/lt\/#website","url":"https:\/\/redfoxlotto.com\/lt\/","name":"Get Tickets for the World\u2019s largest jackpots","description":"Participate in worldwide lottery jackpots from any country","publisher":{"@id":"https:\/\/redfoxlotto.com\/lt\/#organization"},"potentialAction":[{"@type":"SearchAction","target":{"@type":"EntryPoint","urlTemplate":"https:\/\/redfoxlotto.com\/lt\/?s={search_term_string}"},"query-input":{"@type":"PropertyValueSpecification","valueRequired":true,"valueName":"search_term_string"}}],"inLanguage":"lt-LT"},{"@type":"Organization","@id":"https:\/\/redfoxlotto.com\/lt\/#organization","name":"Get Tickets for the World\u2019s largest jackpots","url":"https:\/\/redfoxlotto.com\/lt\/","logo":{"@type":"ImageObject","inLanguage":"lt-LT","@id":"https:\/\/redfoxlotto.com\/lt\/#\/schema\/logo\/image\/","url":"https:\/\/redfoxlotto.com\/wp-content\/uploads\/2023\/04\/logo.png","contentUrl":"https:\/\/redfoxlotto.com\/wp-content\/uploads\/2023\/04\/logo.png","width":269,"height":53,"caption":"Get Tickets for the World\u2019s largest jackpots"},"image":{"@id":"https:\/\/redfoxlotto.com\/lt\/#\/schema\/logo\/image\/"}}]}},"_links":{"self":[{"href":"https:\/\/redfoxlotto.com\/lt\/wp-json\/wp\/v2\/pages\/17098","targetHints":{"allow":["GET"]}}],"collection":[{"href":"https:\/\/redfoxlotto.com\/lt\/wp-json\/wp\/v2\/pages"}],"about":[{"href":"https:\/\/redfoxlotto.com\/lt\/wp-json\/wp\/v2\/types\/page"}],"author":[{"embeddable":true,"href":"https:\/\/redfoxlotto.com\/lt\/wp-json\/wp\/v2\/users\/1"}],"replies":[{"embeddable":true,"href":"https:\/\/redfoxlotto.com\/lt\/wp-json\/wp\/v2\/comments?post=17098"}],"version-history":[{"count":0,"href":"https:\/\/redfoxlotto.com\/lt\/wp-json\/wp\/v2\/pages\/17098\/revisions"}],"up":[{"embeddable":true,"href":"https:\/\/redfoxlotto.com\/lt\/wp-json\/wp\/v2\/pages\/17097"}],"wp:attachment":[{"href":"https:\/\/redfoxlotto.com\/lt\/wp-json\/wp\/v2\/media?parent=17098"}],"curies":[{"name":"wp","href":"https:\/\/api.w.org\/{rel}","templated":true}]}}