{"id":17097,"date":"2023-04-24T14:12:24","date_gmt":"2023-04-24T14:12:24","guid":{"rendered":"https:\/\/redfoxlotto.com\/?page_id=3602"},"modified":"2025-12-18T09:51:18","modified_gmt":"2025-12-18T09:51:18","slug":"loterija","status":"publish","type":"page","link":"https:\/\/redfoxlotto.com\/lt\/loterija\/","title":{"rendered":"Kaip internetu nusipirkti loterijos biliet\u0105 \u2013 \u012fsigyjimo proced\u016bra"},"content":{"rendered":"<script type=\"application\/ld+json\">\r\n{\r\n  \"@context\": \"https:\/\/schema.org\",\r\n  \"@type\": \"Service\",\r\n  \"name\": \"Pirkite loterijos bilietus internetu\",\r\n  \"url\": \"https:\/\/redfoxlotto.com\/lt\/lotteries\/\",\r\n  \"description\": \"Pirkite loterijos bilietus internetu \u2013 geriausios pasaulio loterijos prieinamos \u010dia.\",\r\n  \"serviceType\": \"Internetin\u0117s loterijos biliet\u0173 pristatymo paslauga\",\r\n\r\n  \"provider\": {\r\n    \"@type\": \"Organization\",\r\n    \"name\": \"RedFoxLotto\",\r\n    \"url\": \"https:\/\/redfoxlotto.com\/lt\/\",\r\n    \"image\": \"https:\/\/redfoxlotto.com\/wp-content\/uploads\/2025\/12\/ticket_scans.jpg\"\r\n  },\r\n\r\n  \"areaServed\": \"Worldwide\",\r\n  \"termsOfService\": \"https:\/\/redfoxlotto.com\/terms-and-conditions\",\r\n\r\n  \"additionalProperty\": {\r\n    \"@type\": \"PropertyValue\",\r\n    \"name\": \"FAQ\",\r\n    \"value\": \"https:\/\/redfoxlotto.com\/lt\/faq\/\"\r\n  },\r\n\r\n  \"hasOfferCatalog\": {\r\n    \"@type\": \"OfferCatalog\",\r\n    \"name\": \"Pasauliniai loterijos bilietai\",\r\n    \"itemListElement\": [\r\n      {\r\n        \"@type\": \"Offer\",\r\n        \"name\": \"Loterijos bilietai\",\r\n        \"url\": \"https:\/\/redfoxlotto.com\/lt\/lotteries\/\",\r\n        \"description\": \"Pasaulio loterijos biliet\u0173 pirkimas internetu yra saugus ir paprastas \u2013 \u0161tai kaip tai veikia.\",\r\n        \"availability\": \"https:\/\/schema.org\/InStock\",\r\n\r\n        \"itemOffered\": {\r\n          \"@type\": \"Service\",\r\n          \"name\": \"Internetiniai loterijos bilietai\",\r\n          \"description\": \"Dalyvaukite did\u017eiausiuose pasaulio loterijos d\u017eekpotuose \u2013 pirkite bilietus internetu per RedFoxLotto.\"\r\n        }\r\n      }\r\n    ]\r\n  },\r\n\r\n  \"mainEntityOfPage\": {\r\n    \"@type\": \"WebPage\",\r\n    \"@id\": \"https:\/\/redfoxlotto.com\/lt\/lotteries\/\"\r\n  }\r\n}\r\n<\/script>\r\n\r\n<p><!--more--><\/p><p>Esate pasiruo\u0161\u0119 pirkti loterij\u0173 bilietus b\u016bnant bet kur pasaulyje? O galb\u016bt dar nesate u\u017etikrinti ar esate pasiruo\u0161\u0119. Galb\u016bt abejojate ar jums tai bus smagu. Galb\u016bt ne\u017einote koks bus viso to procesas.<\/p><p>M\u016bs\u0173 internetin\u0117je svetain\u0117je galite \u012fsigyti loteriju bilietus did\u017eiausioms pasaulio loterijoms, ne tik tuos bilietus kuriuos esate priprat\u0119 pirkti savo kaiminyst\u0117s parduotuv\u0117je. \u012e m\u016bs\u0173 loterijas \u012ftrauktos tokios kaip JAV Mega Millions ir Powerball loterijos, EuroMillions, Eurojackpot, Ispanijos El Gordo ir La Primitiva loterijos, Italijos Superenalotto ir daugyb\u0117 kit\u0173.<\/p><p>Perkant bilietus internetu m\u016bs\u0173 internetin\u0117je sistemoje, bilietus galite t\u016br\u0117ti po tik 4 labai lengv\u0173 \u017eingsni\u0173. Jums nereik\u0117s lau\u017eyti galvos ir pereiti per daugyb\u0119 sunkaus darbo, kad \u012fsigytum\u0117te visai svetimos \u0161alies loterijos biliet\u0105. Perkant biliet\u0105 internetu bus greita lyg spragtel\u0117ti pir\u0161tais.<\/p><h2 class=\"wp-block-heading\" id=\"h-keturi-ingsniai-kaip-lengvai-nusipirkti-biliet-internetu\">Keturi \u017eingsniai kaip lengvai nusipirkti biliet\u0105 internetu:<\/h2><p><img decoding=\"async\" class=\"size-full wp-image alignright\" src=\"https:\/\/content.redfoxlotto.com\/uploads\/sites\/9\/1_lottery_ticket.jpg\" alt=\"Kaip nusipirkti internetinius loterijos bilietus\"><\/p><p><strong>1 \u017eingsnis \u2013 Loterijos pasirinkimas<\/strong><\/p><p>Per RedFoxLotto.com pasirinkite loterij\u0105 kuriai norite nusipirkti bilietus. M\u016bs\u0173 internetin\u0117s svetain\u0117s pagrindiniame puslapyje galite matyti loterijas sugrupuotas pagal pagrindinio prizo dyd\u012f. Tokiu b\u016bdu, galite nuspr\u0119sti kurioms loterijoms verta pirkti bilietus, taip pat, spragtel\u0117jus loterij\u0105 gal\u0117site su\u017einoti apie j\u0105 pla\u010diau.<br>Apsilankius kiekviename puslapyje, gal\u0117site matyti kada loterijos traukia laimingus skai\u010dius, kiek j\u0173 yra ir koks yra skai\u010di\u0173 atrinkimo procesas. Taigi niekada nepasiduosite \u012f loterij\u0105 aklai.<\/p><p><strong>2 \u017eingsnis \u2013 Pasirinkite savo skai\u010dius<\/strong><\/p><p>Naudodamiesi pele pasirinkite norimus skai\u010dius. Laukeliai jus informuos kiek b\u016btent skai\u010di\u0173 jums reikia pasirinkti ir prane\u0161 jeigu reikia pasirinkti ypating\u0173 skai\u010di\u0173 (kaip Powerball ar Mega skai\u010diai). Jeigu nenorite patys i\u0161sirinkti skai\u010di\u0173, galite spragtel\u0117ti &#8222;Quick Pick&#8221; ir jums bus parinkti atsitiktiniai skai\u010diai.<\/p><p>Parinkus atsitiktinius skai\u010dius, jeigu jie jums patiko, t\u016br\u0117site patvirtinti pasirinkim\u0105. Taigi, jeigu tarp galutini\u0173 skai\u010di\u0173 bus 2 kurie jums nepatinka, gal\u0117site juos pakeisti kitais. Taip pat galite suvesti kai kuriuos skai\u010dius kokius norite ir pasirinkti likusius laukelius u\u017epildyti atsitiktiniais skai\u010diais.<br>Jums nereikia nerimauti, kad pasirinkote per ma\u017eai ar per daug skai\u010di\u0173. Tokiais atvejais sistema jums prane\u0161 ir papra\u0161ys prid\u0117ti ar i\u0161trinti skai\u010di\u0173 prie\u0161 sumokant u\u017e biliet\u0105. Tai i\u0161 ties\u0173 taip paprasta.<\/p><p><img decoding=\"async\" class=\"size-full wp-image alignright\" src=\"https:\/\/content.redfoxlotto.com\/uploads\/sites\/9\/1_buy_lottery_online.jpg\" alt=\"mok\u0117ti biliet\u0105 internetu\"><\/p><p>Galite prie savo u\u017esakymo prid\u0117ti ir biliet\u0173 kitoms loterijoms. Kai susirinkote visus norimus bilietus, spragtel\u0117kite \u201ePay Now\u201c (Lithuanian \u201eMok\u0117ti\u201c). Galite vienu metu pirkti daugiau nei vien\u0105 tos pa\u010dios loterijos ar kit\u0173 loterij\u0173 bilietus, daryti loterij\u0173 kombinacijas ir pabaigoje u\u017e visus bilietus sumok\u0117ti kaip u\u017e vien\u0105 u\u017esakym\u0105.<\/p><p><strong>3 \u2013 U\u017esiregistruokite arba prisijunkite<\/strong><\/p><p>Dabar turite u\u017esiregistruoti pas mus paskyr\u0105, kad gal\u0117tum\u0117te pirkti loterij\u0173 bilietus internetu. Tam mums reik\u0117s \u0161iek tiek informacijos apie jus. Tai yra d\u0117l j\u016bs\u0173 pa\u010di\u0173 saugumo, nes norite b\u016bti informuoti laim\u0117jimo atveju. Jeigu jau esate pas mus u\u017esiregistrav\u0119, jums reik\u0117s tik prisijungti su savo prisijungimo duomenimis. Jeigu pamir\u0161ote slapta\u017eodi, pra\u0161ome naudotis \u201cForgot password\u201d (Pamir\u0161au slapta\u017eod\u012f ( I did \u2013 1st person) or Pamir\u0161ote slapta\u017eod\u012f? ( Did you forget your password? )) funkcij\u0105.<\/p><p><strong>4 \u2013 Apmok\u0117kite<\/strong><\/p><p>Savo paskyroje pasirinkite jums priimtiniausi\u0105 mok\u0117jimo b\u016bd\u0105. Jums galimi mok\u0117jimo pasirinkimai gali skirtis priklausomai nuo \u0161alies kurioje gyvenate. Mastercard, Visa, momentinis pavedimas banku, Bitcoin, Neteller, Skrill ar Paysafecard yra tik keli i\u0161 galim\u0173 mok\u0117jimo pasirinkim\u0173. I\u0161sirinkite jums priimtiniausi\u0105 ir spragtel\u0117kite mygtuk\u0105 pirkti.<\/p><p>Po apmok\u0117jimo\u012f gausite patvirtinimo lai\u0161k\u0105 \u012f registracijoje naudot\u0105 el. Pa\u0161t\u0105. \u0160is lai\u0161kas yra \u012frodymas, kad j\u016bs\u0173 u\u017esakymas prad\u0117tas vykdyti ir j\u016bs pasiruo\u0161\u0119 dalyvauti loterijoje.<\/p><p>Prisiregistravus m\u016bs\u0173 sistemoje, taip pat galite \u012f savo paskyr\u0105 \u012fsid\u0117ti pinig\u0173, nor\u0117dami ateityje pirkti bilietus nesiekiant pasiimti kreditin\u0117s kortel\u0117s. Tai yra labai paprasta proced\u016bra, nes mes siekiame, kad bilietus gautum\u0117te kuo \u012fmanoma grei\u010diau. \u017dinoma, galite loterijos bilietus \u012ftraukti \u012f savo pirkini\u0173 krep\u0161el\u012f ir v\u0117liau pasirinkti j\u012f apmok\u0117ti ir taip u\u017etvirtinti u\u017esakym\u0105.<\/p><p>Keturi \u017eingsniai, kelios minut\u0117s ir j\u016bs jau pasiruo\u0161\u0119 laukiate laiming\u0173 skai\u010di\u0173 traukimo. Jums nereik\u0117s nerimauti, kad praleisite \u017eaidim\u0105, nes laim\u0117jimo atveju, nedelsiant jus informuosime.<\/p><p>\u017dinoma, visus duomenis galite pasitikrinti patys, nu\u0117j\u0119 \u012f savo paskyr\u0105 gal\u0117site matyti kokioms loterijoms ir kokius bilietus pirkote.<\/p><h2 class=\"wp-block-heading\">\u012esigij\u0119 bilietus internetu<\/h2><p>Jeigu laim\u0117jote pagrindin\u012f priz\u0105, ar j\u016bs\u0173 pasirinkti skai\u010diai sutapo su loterijoje i\u0161trauktais skai\u010diais, mes jums j\u016bs\u0173 paskyroje prane\u0161ime laiminguosius skai\u010dius ir ar k\u0105 nors laim\u0117jote. Jeigu laim\u0117jote pinigin\u0119 sum\u0105 ma\u017eesn\u0119 nei 2500 eur\u0173, \u0161i suma i\u0161 karto bus prid\u0117ta \u012f j\u016bs\u0173 paskyros pinigin\u0119. Tada tuos pinigus gal\u0117site i\u0161sigryninti arba naudoti nauj\u0173 biliet\u0173 pirkimui. Mes taip pat sutvarkysime visus didelius j\u016bs\u0173 laim\u0117jimus \u2013 ta\u010diau \u0161is procesas \u0161iek tiek sud\u0117tingesnis<\/p><p>\u017daisti loterijose su mumis yra i\u0161 tiesu taip paprasta, ir \u017eaid\u017eiant su mumis jums bus \u017eymiai smagiau nei yra buvo lygi \u0161iol, tai u\u017etikrins loterij\u0173 pasirinkim\u0173 gausa.<\/p>","protected":false},"excerpt":{"rendered":"","protected":false},"author":1,"featured_media":0,"parent":0,"menu_order":3,"comment_status":"closed","ping_status":"closed","template":"Information.php","meta":{"_et_pb_use_builder":"","_et_pb_old_content":"","_et_gb_content_width":"","exclude_from_search":false,"footnotes":""},"class_list":["post-17097","page","type-page","status-publish","hentry"],"yoast_head":"<!-- This site is optimized with the Yoast SEO plugin v23.8 - https:\/\/yoast.com\/wordpress\/plugins\/seo\/ -->\n<title>Kaip man nusipirkti loterijos biliet\u0105 internetu?<\/title>\n<meta name=\"description\" content=\"Tai yra saugus, legalus ir lengvas b\u016bdas nusipirkti bilietus tarptautin\u0117ms loterijoms \u2013 \u017ei\u016br\u0117kite kaip tai veikia!\" \/>\n<meta name=\"robots\" content=\"index, follow, max-snippet:-1, max-image-preview:large, max-video-preview:-1\" \/>\n<link rel=\"canonical\" href=\"https:\/\/redfoxlotto.com\/lt\/loterija\/\" \/>\n<meta property=\"og:locale\" content=\"lt_LT\" \/>\n<meta property=\"og:type\" content=\"article\" \/>\n<meta property=\"og:title\" content=\"Kaip man nusipirkti loterijos biliet\u0105 internetu?\" \/>\n<meta property=\"og:description\" content=\"Tai yra saugus, legalus ir lengvas b\u016bdas nusipirkti bilietus tarptautin\u0117ms loterijoms \u2013 \u017ei\u016br\u0117kite kaip tai veikia!\" \/>\n<meta property=\"og:url\" content=\"https:\/\/redfoxlotto.com\/lt\/loterija\/\" \/>\n<meta property=\"og:site_name\" content=\"Get Tickets for the World\u2019s largest jackpots\" \/>\n<meta property=\"article:modified_time\" content=\"2025-12-18T09:51:18+00:00\" \/>\n<meta property=\"og:image\" content=\"https:\/\/content.redfoxlotto.com\/uploads\/sites\/9\/1_lottery_ticket.jpg\" \/>\n<meta name=\"twitter:card\" content=\"summary_large_image\" \/>\n<meta name=\"twitter:label1\" content=\"Est. reading time\" \/>\n\t<meta name=\"twitter:data1\" content=\"4 minut\u0117s\" \/>\n<script type=\"application\/ld+json\" class=\"yoast-schema-graph\">{\"@context\":\"https:\/\/schema.org\",\"@graph\":[{\"@type\":\"WebPage\",\"@id\":\"https:\/\/redfoxlotto.com\/lt\/loterija\/\",\"url\":\"https:\/\/redfoxlotto.com\/lt\/loterija\/\",\"name\":\"Kaip man nusipirkti loterijos biliet\u0105 internetu?\",\"isPartOf\":{\"@id\":\"https:\/\/redfoxlotto.com\/lt\/#website\"},\"primaryImageOfPage\":{\"@id\":\"https:\/\/redfoxlotto.com\/lt\/loterija\/#primaryimage\"},\"image\":{\"@id\":\"https:\/\/redfoxlotto.com\/lt\/loterija\/#primaryimage\"},\"thumbnailUrl\":\"https:\/\/content.redfoxlotto.com\/uploads\/sites\/9\/1_lottery_ticket.jpg\",\"datePublished\":\"2023-04-24T14:12:24+00:00\",\"dateModified\":\"2025-12-18T09:51:18+00:00\",\"description\":\"Tai yra saugus, legalus ir lengvas b\u016bdas nusipirkti bilietus tarptautin\u0117ms loterijoms \u2013 \u017ei\u016br\u0117kite kaip tai veikia!\",\"breadcrumb\":{\"@id\":\"https:\/\/redfoxlotto.com\/lt\/loterija\/#breadcrumb\"},\"inLanguage\":\"lt-LT\",\"potentialAction\":[{\"@type\":\"ReadAction\",\"target\":[\"https:\/\/redfoxlotto.com\/lt\/loterija\/\"]}]},{\"@type\":\"ImageObject\",\"inLanguage\":\"lt-LT\",\"@id\":\"https:\/\/redfoxlotto.com\/lt\/loterija\/#primaryimage\",\"url\":\"https:\/\/content.redfoxlotto.com\/uploads\/sites\/9\/1_lottery_ticket.jpg\",\"contentUrl\":\"https:\/\/content.redfoxlotto.com\/uploads\/sites\/9\/1_lottery_ticket.jpg\"},{\"@type\":\"BreadcrumbList\",\"@id\":\"https:\/\/redfoxlotto.com\/lt\/loterija\/#breadcrumb\",\"itemListElement\":[{\"@type\":\"ListItem\",\"position\":1,\"name\":\"Home\",\"item\":\"https:\/\/redfoxlotto.com\/lt\/\"},{\"@type\":\"ListItem\",\"position\":2,\"name\":\"Kaip internetu nusipirkti loterijos biliet\u0105 \u2013 \u012fsigyjimo proced\u016bra\"}]},{\"@type\":\"WebSite\",\"@id\":\"https:\/\/redfoxlotto.com\/lt\/#website\",\"url\":\"https:\/\/redfoxlotto.com\/lt\/\",\"name\":\"Get Tickets for the World\u2019s largest jackpots\",\"description\":\"Participate in worldwide lottery jackpots from any country\",\"publisher\":{\"@id\":\"https:\/\/redfoxlotto.com\/lt\/#organization\"},\"potentialAction\":[{\"@type\":\"SearchAction\",\"target\":{\"@type\":\"EntryPoint\",\"urlTemplate\":\"https:\/\/redfoxlotto.com\/lt\/?s={search_term_string}\"},\"query-input\":{\"@type\":\"PropertyValueSpecification\",\"valueRequired\":true,\"valueName\":\"search_term_string\"}}],\"inLanguage\":\"lt-LT\"},{\"@type\":\"Organization\",\"@id\":\"https:\/\/redfoxlotto.com\/lt\/#organization\",\"name\":\"Get Tickets for the World\u2019s largest jackpots\",\"url\":\"https:\/\/redfoxlotto.com\/lt\/\",\"logo\":{\"@type\":\"ImageObject\",\"inLanguage\":\"lt-LT\",\"@id\":\"https:\/\/redfoxlotto.com\/lt\/#\/schema\/logo\/image\/\",\"url\":\"https:\/\/redfoxlotto.com\/wp-content\/uploads\/2023\/04\/logo.png\",\"contentUrl\":\"https:\/\/redfoxlotto.com\/wp-content\/uploads\/2023\/04\/logo.png\",\"width\":269,\"height\":53,\"caption\":\"Get Tickets for the World\u2019s largest jackpots\"},\"image\":{\"@id\":\"https:\/\/redfoxlotto.com\/lt\/#\/schema\/logo\/image\/\"}}]}<\/script>\n<!-- \/ Yoast SEO plugin. -->","yoast_head_json":{"title":"Kaip man nusipirkti loterijos biliet\u0105 internetu?","description":"Tai yra saugus, legalus ir lengvas b\u016bdas nusipirkti bilietus tarptautin\u0117ms loterijoms \u2013 \u017ei\u016br\u0117kite kaip tai veikia!","robots":{"index":"index","follow":"follow","max-snippet":"max-snippet:-1","max-image-preview":"max-image-preview:large","max-video-preview":"max-video-preview:-1"},"canonical":"https:\/\/redfoxlotto.com\/lt\/loterija\/","og_locale":"lt_LT","og_type":"article","og_title":"Kaip man nusipirkti loterijos biliet\u0105 internetu?","og_description":"Tai yra saugus, legalus ir lengvas b\u016bdas nusipirkti bilietus tarptautin\u0117ms loterijoms \u2013 \u017ei\u016br\u0117kite kaip tai veikia!","og_url":"https:\/\/redfoxlotto.com\/lt\/loterija\/","og_site_name":"Get Tickets for the World\u2019s largest jackpots","article_modified_time":"2025-12-18T09:51:18+00:00","og_image":[{"url":"https:\/\/content.redfoxlotto.com\/uploads\/sites\/9\/1_lottery_ticket.jpg"}],"twitter_card":"summary_large_image","twitter_misc":{"Est. reading time":"4 minut\u0117s"},"schema":{"@context":"https:\/\/schema.org","@graph":[{"@type":"WebPage","@id":"https:\/\/redfoxlotto.com\/lt\/loterija\/","url":"https:\/\/redfoxlotto.com\/lt\/loterija\/","name":"Kaip man nusipirkti loterijos biliet\u0105 internetu?","isPartOf":{"@id":"https:\/\/redfoxlotto.com\/lt\/#website"},"primaryImageOfPage":{"@id":"https:\/\/redfoxlotto.com\/lt\/loterija\/#primaryimage"},"image":{"@id":"https:\/\/redfoxlotto.com\/lt\/loterija\/#primaryimage"},"thumbnailUrl":"https:\/\/content.redfoxlotto.com\/uploads\/sites\/9\/1_lottery_ticket.jpg","datePublished":"2023-04-24T14:12:24+00:00","dateModified":"2025-12-18T09:51:18+00:00","description":"Tai yra saugus, legalus ir lengvas b\u016bdas nusipirkti bilietus tarptautin\u0117ms loterijoms \u2013 \u017ei\u016br\u0117kite kaip tai veikia!","breadcrumb":{"@id":"https:\/\/redfoxlotto.com\/lt\/loterija\/#breadcrumb"},"inLanguage":"lt-LT","potentialAction":[{"@type":"ReadAction","target":["https:\/\/redfoxlotto.com\/lt\/loterija\/"]}]},{"@type":"ImageObject","inLanguage":"lt-LT","@id":"https:\/\/redfoxlotto.com\/lt\/loterija\/#primaryimage","url":"https:\/\/content.redfoxlotto.com\/uploads\/sites\/9\/1_lottery_ticket.jpg","contentUrl":"https:\/\/content.redfoxlotto.com\/uploads\/sites\/9\/1_lottery_ticket.jpg"},{"@type":"BreadcrumbList","@id":"https:\/\/redfoxlotto.com\/lt\/loterija\/#breadcrumb","itemListElement":[{"@type":"ListItem","position":1,"name":"Home","item":"https:\/\/redfoxlotto.com\/lt\/"},{"@type":"ListItem","position":2,"name":"Kaip internetu nusipirkti loterijos biliet\u0105 \u2013 \u012fsigyjimo proced\u016bra"}]},{"@type":"WebSite","@id":"https:\/\/redfoxlotto.com\/lt\/#website","url":"https:\/\/redfoxlotto.com\/lt\/","name":"Get Tickets for the World\u2019s largest jackpots","description":"Participate in worldwide lottery jackpots from any country","publisher":{"@id":"https:\/\/redfoxlotto.com\/lt\/#organization"},"potentialAction":[{"@type":"SearchAction","target":{"@type":"EntryPoint","urlTemplate":"https:\/\/redfoxlotto.com\/lt\/?s={search_term_string}"},"query-input":{"@type":"PropertyValueSpecification","valueRequired":true,"valueName":"search_term_string"}}],"inLanguage":"lt-LT"},{"@type":"Organization","@id":"https:\/\/redfoxlotto.com\/lt\/#organization","name":"Get Tickets for the World\u2019s largest jackpots","url":"https:\/\/redfoxlotto.com\/lt\/","logo":{"@type":"ImageObject","inLanguage":"lt-LT","@id":"https:\/\/redfoxlotto.com\/lt\/#\/schema\/logo\/image\/","url":"https:\/\/redfoxlotto.com\/wp-content\/uploads\/2023\/04\/logo.png","contentUrl":"https:\/\/redfoxlotto.com\/wp-content\/uploads\/2023\/04\/logo.png","width":269,"height":53,"caption":"Get Tickets for the World\u2019s largest jackpots"},"image":{"@id":"https:\/\/redfoxlotto.com\/lt\/#\/schema\/logo\/image\/"}}]}},"_links":{"self":[{"href":"https:\/\/redfoxlotto.com\/lt\/wp-json\/wp\/v2\/pages\/17097","targetHints":{"allow":["GET"]}}],"collection":[{"href":"https:\/\/redfoxlotto.com\/lt\/wp-json\/wp\/v2\/pages"}],"about":[{"href":"https:\/\/redfoxlotto.com\/lt\/wp-json\/wp\/v2\/types\/page"}],"author":[{"embeddable":true,"href":"https:\/\/redfoxlotto.com\/lt\/wp-json\/wp\/v2\/users\/1"}],"replies":[{"embeddable":true,"href":"https:\/\/redfoxlotto.com\/lt\/wp-json\/wp\/v2\/comments?post=17097"}],"version-history":[{"count":0,"href":"https:\/\/redfoxlotto.com\/lt\/wp-json\/wp\/v2\/pages\/17097\/revisions"}],"wp:attachment":[{"href":"https:\/\/redfoxlotto.com\/lt\/wp-json\/wp\/v2\/media?parent=17097"}],"curies":[{"name":"wp","href":"https:\/\/api.w.org\/{rel}","templated":true}]}}