{"id":102347,"date":"2025-02-12T11:20:21","date_gmt":"2025-02-12T11:20:21","guid":{"rendered":"https:\/\/redfoxlotto.com\/?page_id=102347"},"modified":"2026-01-12T10:20:22","modified_gmt":"2026-01-12T10:20:22","slug":"galimybes-laimeti-keno","status":"publish","type":"page","link":"https:\/\/redfoxlotto.com\/lt\/keno\/galimybes-laimeti-keno\/","title":{"rendered":"\u201eGold Keno\u201c laim\u0117j\u0119 numeriai"},"content":{"rendered":"<h2>\u201eGold Keno\u201c \u017eaidime J\u016bs\u0173 laukia 2 milijon\u0173 eur\u0173 jackpotas.<\/h2>\n<p><img loading=\"lazy\" decoding=\"async\" class=\"size-medium wp-image-93652 alignright\" src=\"https:\/\/redfoxlotto.com\/wp-content\/uploads\/2025\/09\/gold-keno-win-2-300x300.jpg\" alt=\"gold keno\" width=\"300\" height=\"300\" \/><br \/>\n\u201eGold Keno\u201c yra internetinis loterijos \u017eaidimas, kuris yra tikrai \u012fdomus. Kiekvienas \u017eaid\u0117jas gali laim\u0117ti nuostab\u0173 2 milijon\u0173 eur\u0173 priz\u0105. Lengva suprasti, kod\u0117l \u201eGold Keno\u201c yra toks populiarus: kiekvienas lo\u0161imas suteikia reali\u0105 galimyb\u0119 laim\u0117ti daug pinig\u0173, kurie gali pakeisti j\u016bs\u0173 gyvenim\u0105 \u012f ger\u0105j\u0105 pus\u0119. \u0160io \u017eaidimo \u012fdomumas kyla i\u0161 to, kad lo\u0161imai vyksta greitai, \u017eaidimas yra s\u0105\u017einingas ir yra galimyb\u0117 laim\u0117ti 2 milijon\u0173 eur\u0173 jackpota. Tai tiesa, nesvarbu, ar \u017eaid\u017eiate d\u0117l malonumo, ar norite u\u017esidirbti daug pinig\u0173.<\/p>\n<h2>\u201eGold Keno\u201c \u017eaidimo \u0161ans\u0173 vadovas<\/h2>\n<p>\u201eGold Keno\u201c \u017eaidime atsitiktine tvarka i\u0161 a\u0161tuoniasde\u0161imties skai\u010di\u0173 pasirenkami 20 skai\u010di\u0173. \u017daid\u0117jai pasirenka savo skai\u010dius, o prizo suma priklauso nuo to, kiek kart\u0173 j\u0173 pasirinkimai sutampa su lo\u0161imu. Prid\u0117jus daugikl\u012f, padid\u0117ja galimas laim\u0117jimas. Tai rei\u0161kia, kad brangesni bilietai laim\u0117s didesnius prizus.<\/p>\n<p>Kai turite daugiau pasirinkim\u0173, turite didesn\u0119 tikimyb\u0119 gauti didesn\u012f laim\u0117jim\u0105, bet kai turite ma\u017eiau pasirinkim\u0173, turite didesn\u0119 tikimyb\u0119 gauti ma\u017eesn\u012f laim\u0117jim\u0105. Laim\u0117jimo tikimyb\u0117 keno \u017eaidime yra pagr\u012fsta \u0161iuo balansu: daugiau pasirinkim\u0173 rei\u0161kia didesnius prizus, bet ma\u017eesn\u0119 tikimyb\u0119 laim\u0117ti, o ma\u017eiau pasirinkim\u0173 rei\u0161kia, kad laim\u0117ti yra papras\u010diau. Jei naudojate daugikl\u012f, galite laim\u0117ti did\u012fj\u012f priz\u0105 \u2013 du milijonus eur\u0173.<\/p>\n<h2>Svarbiausias dalykas, norint laim\u0117ti daugiau, yra naudoti daugiklius.<\/h2>\n<p>D\u0117l daugiklio funkcijos galite laim\u0117ti did\u017eiausi\u0105 2 milijon\u0173 eur\u0173 priz\u0105 \u201eGold Keno\u201c. Pavyzd\u017eiui:<\/p>\n<p>Jei did\u017eiausias daugiklis yra nustatytas 5x, bilietas su 1x daugikliu suteiks jums 20 % did\u017eiausio prizo. Jei \u017eaid\u0117jai statys su did\u017eiausiu daugikliu, jie gal\u0117s gauti vis\u0105 prizin\u012f fond\u0105, kurio vert\u0117 yra daugiau nei 2 milijonai eur\u0173.<\/p>\n<p>\u0160i technika si\u016blo kit\u0105 b\u016bd\u0105, kuriuo \u017eaid\u0117jai gali pakeisti laim\u0117jimo tikimyb\u0119 keno \u017eaidime. Ji suteikia tiek atsargiems \u017eaid\u0117jams, tiek rizikos m\u0117g\u0117jams s\u0105\u017eining\u0105 \u017eaidimo b\u016bd\u0105.<\/p>\n<h2>Sandoriams naudojami grynieji pinigai ir ind\u0117liai.<\/h2>\n<p>Nor\u0117dami \u017eaisti \u201eGold Keno\u201c, turite \u012fne\u0161ti pinigus \u012f savo s\u0105skait\u0105 ir pirkti bilietus internetu. Sandoriai yra greiti, saug\u016bs ir lengvai suprantami, tod\u0117l galite dalyvauti bet kuriame lo\u0161ime jau dabar.<\/p>\n<h2>Vyksta daug \u201eGold Keno\u201c lo\u0161im\u0173<\/h2>\n<p>Jums nereikia laukti, kad gal\u0117tum\u0117te \u017eaisti \u201eGold Keno\u201c, kaip tai darote kit\u0173 loterij\u0173 atveju. Kas kelias minutes vyksta nauji lo\u0161imai, tod\u0117l lenktyn\u0117s d\u0117l 2 milijon\u0173 eur\u0173 pagrindinio prizo tampa \u012fdomia ir nesibaigian\u010dia nuotykiu. Kadangi lo\u0161im\u0173 yra labai daug, laim\u0117jimo tikimyb\u0117 keno \u017eaidime yra nuolat tikrinama, tod\u0117l \u017eaidimas i\u0161lieka \u012fdomus.<\/p>\n<h2>Atsitiktini\u0173 skai\u010di\u0173 generatorius (RNG) u\u017etikrina s\u0105\u017eining\u0105 \u017eaidim\u0105<\/h2>\n<p>Siekiant u\u017etikrinti, kad kiekvienas \u201eGold Keno\u201c lo\u0161imas b\u016bt\u0173 s\u0105\u017einingas, naudojame patvirtint\u0105 atsitiktini\u0173 skai\u010di\u0173 generatori\u0173 (RNG). Kadangi kiekvienas rezultatas yra visi\u0161kai atsitiktinis, galimyb\u0117 laim\u0117ti 2 milijon\u0173 eur\u0173 priz\u0105 priklauso ne nuo sp\u0117jim\u0173, o nuo atsitiktinumo. Tai u\u017etikrina, kad kiekvienas turi vienodas galimybes laim\u0117ti \u201eKeno\u201c.<\/p>\n<h2>Laim\u0117jim\u0173 tikrinimas ir i\u0161\u0117mimas<\/h2>\n<p>\u017daid\u0117jai gali i\u0161 karto pamatyti rezultatus skyriuje \u201eMano bilietai\u201c. Ma\u017eesni laim\u0117jimai i\u0161 karto pervedami \u012f j\u016bs\u0173 s\u0105skait\u0105, o didesni, kurie gali siekti iki 2500 eur\u0173, taip pat pervedami i\u0161 karto. Draudimas garantuoja 2 milijon\u0173 eur\u0173 pagrindin\u012f priz\u0105 ir kitus didelius prizus, o vyriausyb\u0117 tikrina, ar jie yra i\u0161mokami.<\/p>\n<h2>Visi laim\u0117tojai turi teis\u0119 susigr\u0105\u017einti savo pinigus<\/h2>\n<p>Skirtingai nuo daugumos loterij\u0173, \u201eGold Keno\u201c i\u0161moka laim\u0117jimus nepriklausomai nuo parduot\u0173 biliet\u0173 skai\u010diaus. \u017daidimas yra ne tik saugus, bet ir pelningas, nes visi prizai, \u012fskaitant 2 mln. eur\u0173 loterijos jackpoto, yra visi\u0161kai saug\u016bs.<\/p>\n<h2>Popierini\u0173 biliet\u0173 n\u0117ra, nes viskas daroma internetu.<\/h2>\n<p>Popierini\u0173 biliet\u0173 nereik\u0117s, nes \u201eGold Keno\u201c yra visi\u0161kai skaitmeninis. \u0160i sistema seka visus pateiktus bilietus, kad niekas neb\u016bt\u0173 prarasta ar pavogta.<\/p>\n<h2>Paskutin\u0117s mintys: kuo \u201eGold Keno\u201c skiriasi nuo kit\u0173 \u201eKeno\u201c \u017eaidim\u0173<\/h2>\n<p>\u201eGold Keno\u201c vis dar yra vienas i\u0161 \u012fdomiausi\u0173 internetini\u0173 loterijos \u017eaidim\u0173, nes lo\u0161imai vyksta kas kelias minutes, yra s\u0105\u017einingas atsitiktini\u0173 skai\u010di\u0173 generatorius, garantuotos premijos ir galimyb\u0117 laim\u0117ti 2 milijon\u0173 eur\u0173 jackpota. \u017dmon\u0117ms, kurie galvoja apie laim\u0117jimo \u201eKeno\u201c tikimyb\u0119, \u0161is \u017eaidimas yra \u012fdomus ir raminantis, nes kiekvienas bilietas gali pakeisti \u017eaidimo eig\u0105 \u017eaid\u0117jams, turintiems dideli\u0173 tiksl\u0173.<\/p>\n","protected":false},"excerpt":{"rendered":"<p>\u201eGold Keno\u201c \u017eaidime J\u016bs\u0173 laukia 2 milijon\u0173 eur\u0173 jackpotas. \u201eGold Keno\u201c yra internetinis loterijos \u017eaidimas, kuris yra tikrai \u012fdomus. Kiekvienas \u017eaid\u0117jas gali laim\u0117ti nuostab\u0173 2 milijon\u0173 eur\u0173 priz\u0105. Lengva suprasti, kod\u0117l \u201eGold Keno\u201c yra toks populiarus: kiekvienas lo\u0161imas suteikia reali\u0105 galimyb\u0119 laim\u0117ti daug pinig\u0173, kurie gali pakeisti j\u016bs\u0173 gyvenim\u0105 \u012f ger\u0105j\u0105 pus\u0119. \u0160io \u017eaidimo \u012fdomumas [&hellip;]<\/p>\n","protected":false},"author":8,"featured_media":0,"parent":84419,"menu_order":42,"comment_status":"closed","ping_status":"closed","template":"","meta":{"_et_pb_use_builder":"","_et_pb_old_content":"","_et_gb_content_width":"","exclude_from_search":false,"footnotes":""},"class_list":["post-102347","page","type-page","status-publish","hentry"],"yoast_head":"<!-- This site is optimized with the Yoast SEO plugin v23.8 - https:\/\/yoast.com\/wordpress\/plugins\/seo\/ -->\n<title>Galimyb\u0117s laim\u0117ti Keno | M\u016bs\u0173 Keno \u017eaidimai si\u016blo puikias galimybes ir prizus<\/title>\n<meta name=\"description\" content=\"Kai \u017eaid\u017eiate Keno internete, per\u017ei\u016br\u0117kite \u017eaidim\u0173 galimybes. M\u016bs\u0173 Gold Keno si\u016blo 2 milijon\u0173 eur\u0173 auk\u0161\u010diausi\u0105 i\u0161mok\u0105 ir geriausias galimybes, kurias galite rasti internete.\" \/>\n<meta name=\"robots\" content=\"index, follow, max-snippet:-1, max-image-preview:large, max-video-preview:-1\" \/>\n<link rel=\"canonical\" href=\"https:\/\/redfoxlotto.com\/lt\/keno\/galimybes-laimeti-keno\/\" \/>\n<meta property=\"og:locale\" content=\"lt_LT\" \/>\n<meta property=\"og:type\" content=\"article\" \/>\n<meta property=\"og:title\" content=\"Galimyb\u0117s laim\u0117ti Keno | M\u016bs\u0173 Keno \u017eaidimai si\u016blo puikias galimybes ir prizus\" \/>\n<meta property=\"og:description\" content=\"Kai \u017eaid\u017eiate Keno internete, per\u017ei\u016br\u0117kite \u017eaidim\u0173 galimybes. M\u016bs\u0173 Gold Keno si\u016blo 2 milijon\u0173 eur\u0173 auk\u0161\u010diausi\u0105 i\u0161mok\u0105 ir geriausias galimybes, kurias galite rasti internete.\" \/>\n<meta property=\"og:url\" content=\"https:\/\/redfoxlotto.com\/lt\/keno\/galimybes-laimeti-keno\/\" \/>\n<meta property=\"og:site_name\" content=\"Get Tickets for the World\u2019s largest jackpots\" \/>\n<meta property=\"article:modified_time\" content=\"2026-01-12T10:20:22+00:00\" \/>\n<meta property=\"og:image\" content=\"https:\/\/redfoxlotto.com\/wp-content\/uploads\/2025\/09\/gold-keno-win-2-300x300.jpg\" \/>\n<meta name=\"twitter:card\" content=\"summary_large_image\" \/>\n<meta name=\"twitter:label1\" content=\"Est. reading time\" \/>\n\t<meta name=\"twitter:data1\" content=\"3 minut\u0117s\" \/>\n<script type=\"application\/ld+json\" class=\"yoast-schema-graph\">{\"@context\":\"https:\/\/schema.org\",\"@graph\":[{\"@type\":\"WebPage\",\"@id\":\"https:\/\/redfoxlotto.com\/lt\/keno\/galimybes-laimeti-keno\/\",\"url\":\"https:\/\/redfoxlotto.com\/lt\/keno\/galimybes-laimeti-keno\/\",\"name\":\"Galimyb\u0117s laim\u0117ti Keno | M\u016bs\u0173 Keno \u017eaidimai si\u016blo puikias galimybes ir prizus\",\"isPartOf\":{\"@id\":\"https:\/\/redfoxlotto.com\/lt\/#website\"},\"primaryImageOfPage\":{\"@id\":\"https:\/\/redfoxlotto.com\/lt\/keno\/galimybes-laimeti-keno\/#primaryimage\"},\"image\":{\"@id\":\"https:\/\/redfoxlotto.com\/lt\/keno\/galimybes-laimeti-keno\/#primaryimage\"},\"thumbnailUrl\":\"https:\/\/redfoxlotto.com\/wp-content\/uploads\/2025\/09\/gold-keno-win-2-300x300.jpg\",\"datePublished\":\"2025-02-12T11:20:21+00:00\",\"dateModified\":\"2026-01-12T10:20:22+00:00\",\"description\":\"Kai \u017eaid\u017eiate Keno internete, per\u017ei\u016br\u0117kite \u017eaidim\u0173 galimybes. M\u016bs\u0173 Gold Keno si\u016blo 2 milijon\u0173 eur\u0173 auk\u0161\u010diausi\u0105 i\u0161mok\u0105 ir geriausias galimybes, kurias galite rasti internete.\",\"breadcrumb\":{\"@id\":\"https:\/\/redfoxlotto.com\/lt\/keno\/galimybes-laimeti-keno\/#breadcrumb\"},\"inLanguage\":\"lt-LT\",\"potentialAction\":[{\"@type\":\"ReadAction\",\"target\":[\"https:\/\/redfoxlotto.com\/lt\/keno\/galimybes-laimeti-keno\/\"]}]},{\"@type\":\"ImageObject\",\"inLanguage\":\"lt-LT\",\"@id\":\"https:\/\/redfoxlotto.com\/lt\/keno\/galimybes-laimeti-keno\/#primaryimage\",\"url\":\"https:\/\/redfoxlotto.com\/wp-content\/uploads\/2025\/09\/gold-keno-win-2-300x300.jpg\",\"contentUrl\":\"https:\/\/redfoxlotto.com\/wp-content\/uploads\/2025\/09\/gold-keno-win-2-300x300.jpg\"},{\"@type\":\"BreadcrumbList\",\"@id\":\"https:\/\/redfoxlotto.com\/lt\/keno\/galimybes-laimeti-keno\/#breadcrumb\",\"itemListElement\":[{\"@type\":\"ListItem\",\"position\":1,\"name\":\"Home\",\"item\":\"https:\/\/redfoxlotto.com\/lt\/\"},{\"@type\":\"ListItem\",\"position\":2,\"name\":\"Keno\",\"item\":\"https:\/\/redfoxlotto.com\/lt\/keno\/\"},{\"@type\":\"ListItem\",\"position\":3,\"name\":\"\u201eGold Keno\u201c laim\u0117j\u0119 numeriai\"}]},{\"@type\":\"WebSite\",\"@id\":\"https:\/\/redfoxlotto.com\/lt\/#website\",\"url\":\"https:\/\/redfoxlotto.com\/lt\/\",\"name\":\"Get Tickets for the World\u2019s largest jackpots\",\"description\":\"Participate in worldwide lottery jackpots from any country\",\"publisher\":{\"@id\":\"https:\/\/redfoxlotto.com\/lt\/#organization\"},\"potentialAction\":[{\"@type\":\"SearchAction\",\"target\":{\"@type\":\"EntryPoint\",\"urlTemplate\":\"https:\/\/redfoxlotto.com\/lt\/?s={search_term_string}\"},\"query-input\":{\"@type\":\"PropertyValueSpecification\",\"valueRequired\":true,\"valueName\":\"search_term_string\"}}],\"inLanguage\":\"lt-LT\"},{\"@type\":\"Organization\",\"@id\":\"https:\/\/redfoxlotto.com\/lt\/#organization\",\"name\":\"Get Tickets for the World\u2019s largest jackpots\",\"url\":\"https:\/\/redfoxlotto.com\/lt\/\",\"logo\":{\"@type\":\"ImageObject\",\"inLanguage\":\"lt-LT\",\"@id\":\"https:\/\/redfoxlotto.com\/lt\/#\/schema\/logo\/image\/\",\"url\":\"https:\/\/redfoxlotto.com\/wp-content\/uploads\/2023\/04\/logo.png\",\"contentUrl\":\"https:\/\/redfoxlotto.com\/wp-content\/uploads\/2023\/04\/logo.png\",\"width\":269,\"height\":53,\"caption\":\"Get Tickets for the World\u2019s largest jackpots\"},\"image\":{\"@id\":\"https:\/\/redfoxlotto.com\/lt\/#\/schema\/logo\/image\/\"}}]}<\/script>\n<!-- \/ Yoast SEO plugin. -->","yoast_head_json":{"title":"Galimyb\u0117s laim\u0117ti Keno | M\u016bs\u0173 Keno \u017eaidimai si\u016blo puikias galimybes ir prizus","description":"Kai \u017eaid\u017eiate Keno internete, per\u017ei\u016br\u0117kite \u017eaidim\u0173 galimybes. M\u016bs\u0173 Gold Keno si\u016blo 2 milijon\u0173 eur\u0173 auk\u0161\u010diausi\u0105 i\u0161mok\u0105 ir geriausias galimybes, kurias galite rasti internete.","robots":{"index":"index","follow":"follow","max-snippet":"max-snippet:-1","max-image-preview":"max-image-preview:large","max-video-preview":"max-video-preview:-1"},"canonical":"https:\/\/redfoxlotto.com\/lt\/keno\/galimybes-laimeti-keno\/","og_locale":"lt_LT","og_type":"article","og_title":"Galimyb\u0117s laim\u0117ti Keno | M\u016bs\u0173 Keno \u017eaidimai si\u016blo puikias galimybes ir prizus","og_description":"Kai \u017eaid\u017eiate Keno internete, per\u017ei\u016br\u0117kite \u017eaidim\u0173 galimybes. M\u016bs\u0173 Gold Keno si\u016blo 2 milijon\u0173 eur\u0173 auk\u0161\u010diausi\u0105 i\u0161mok\u0105 ir geriausias galimybes, kurias galite rasti internete.","og_url":"https:\/\/redfoxlotto.com\/lt\/keno\/galimybes-laimeti-keno\/","og_site_name":"Get Tickets for the World\u2019s largest jackpots","article_modified_time":"2026-01-12T10:20:22+00:00","og_image":[{"url":"https:\/\/redfoxlotto.com\/wp-content\/uploads\/2025\/09\/gold-keno-win-2-300x300.jpg"}],"twitter_card":"summary_large_image","twitter_misc":{"Est. reading time":"3 minut\u0117s"},"schema":{"@context":"https:\/\/schema.org","@graph":[{"@type":"WebPage","@id":"https:\/\/redfoxlotto.com\/lt\/keno\/galimybes-laimeti-keno\/","url":"https:\/\/redfoxlotto.com\/lt\/keno\/galimybes-laimeti-keno\/","name":"Galimyb\u0117s laim\u0117ti Keno | M\u016bs\u0173 Keno \u017eaidimai si\u016blo puikias galimybes ir prizus","isPartOf":{"@id":"https:\/\/redfoxlotto.com\/lt\/#website"},"primaryImageOfPage":{"@id":"https:\/\/redfoxlotto.com\/lt\/keno\/galimybes-laimeti-keno\/#primaryimage"},"image":{"@id":"https:\/\/redfoxlotto.com\/lt\/keno\/galimybes-laimeti-keno\/#primaryimage"},"thumbnailUrl":"https:\/\/redfoxlotto.com\/wp-content\/uploads\/2025\/09\/gold-keno-win-2-300x300.jpg","datePublished":"2025-02-12T11:20:21+00:00","dateModified":"2026-01-12T10:20:22+00:00","description":"Kai \u017eaid\u017eiate Keno internete, per\u017ei\u016br\u0117kite \u017eaidim\u0173 galimybes. M\u016bs\u0173 Gold Keno si\u016blo 2 milijon\u0173 eur\u0173 auk\u0161\u010diausi\u0105 i\u0161mok\u0105 ir geriausias galimybes, kurias galite rasti internete.","breadcrumb":{"@id":"https:\/\/redfoxlotto.com\/lt\/keno\/galimybes-laimeti-keno\/#breadcrumb"},"inLanguage":"lt-LT","potentialAction":[{"@type":"ReadAction","target":["https:\/\/redfoxlotto.com\/lt\/keno\/galimybes-laimeti-keno\/"]}]},{"@type":"ImageObject","inLanguage":"lt-LT","@id":"https:\/\/redfoxlotto.com\/lt\/keno\/galimybes-laimeti-keno\/#primaryimage","url":"https:\/\/redfoxlotto.com\/wp-content\/uploads\/2025\/09\/gold-keno-win-2-300x300.jpg","contentUrl":"https:\/\/redfoxlotto.com\/wp-content\/uploads\/2025\/09\/gold-keno-win-2-300x300.jpg"},{"@type":"BreadcrumbList","@id":"https:\/\/redfoxlotto.com\/lt\/keno\/galimybes-laimeti-keno\/#breadcrumb","itemListElement":[{"@type":"ListItem","position":1,"name":"Home","item":"https:\/\/redfoxlotto.com\/lt\/"},{"@type":"ListItem","position":2,"name":"Keno","item":"https:\/\/redfoxlotto.com\/lt\/keno\/"},{"@type":"ListItem","position":3,"name":"\u201eGold Keno\u201c laim\u0117j\u0119 numeriai"}]},{"@type":"WebSite","@id":"https:\/\/redfoxlotto.com\/lt\/#website","url":"https:\/\/redfoxlotto.com\/lt\/","name":"Get Tickets for the World\u2019s largest jackpots","description":"Participate in worldwide lottery jackpots from any country","publisher":{"@id":"https:\/\/redfoxlotto.com\/lt\/#organization"},"potentialAction":[{"@type":"SearchAction","target":{"@type":"EntryPoint","urlTemplate":"https:\/\/redfoxlotto.com\/lt\/?s={search_term_string}"},"query-input":{"@type":"PropertyValueSpecification","valueRequired":true,"valueName":"search_term_string"}}],"inLanguage":"lt-LT"},{"@type":"Organization","@id":"https:\/\/redfoxlotto.com\/lt\/#organization","name":"Get Tickets for the World\u2019s largest jackpots","url":"https:\/\/redfoxlotto.com\/lt\/","logo":{"@type":"ImageObject","inLanguage":"lt-LT","@id":"https:\/\/redfoxlotto.com\/lt\/#\/schema\/logo\/image\/","url":"https:\/\/redfoxlotto.com\/wp-content\/uploads\/2023\/04\/logo.png","contentUrl":"https:\/\/redfoxlotto.com\/wp-content\/uploads\/2023\/04\/logo.png","width":269,"height":53,"caption":"Get Tickets for the World\u2019s largest jackpots"},"image":{"@id":"https:\/\/redfoxlotto.com\/lt\/#\/schema\/logo\/image\/"}}]}},"_links":{"self":[{"href":"https:\/\/redfoxlotto.com\/lt\/wp-json\/wp\/v2\/pages\/102347","targetHints":{"allow":["GET"]}}],"collection":[{"href":"https:\/\/redfoxlotto.com\/lt\/wp-json\/wp\/v2\/pages"}],"about":[{"href":"https:\/\/redfoxlotto.com\/lt\/wp-json\/wp\/v2\/types\/page"}],"author":[{"embeddable":true,"href":"https:\/\/redfoxlotto.com\/lt\/wp-json\/wp\/v2\/users\/8"}],"replies":[{"embeddable":true,"href":"https:\/\/redfoxlotto.com\/lt\/wp-json\/wp\/v2\/comments?post=102347"}],"version-history":[{"count":0,"href":"https:\/\/redfoxlotto.com\/lt\/wp-json\/wp\/v2\/pages\/102347\/revisions"}],"up":[{"embeddable":true,"href":"https:\/\/redfoxlotto.com\/lt\/wp-json\/wp\/v2\/pages\/84419"}],"wp:attachment":[{"href":"https:\/\/redfoxlotto.com\/lt\/wp-json\/wp\/v2\/media?parent=102347"}],"curies":[{"name":"wp","href":"https:\/\/api.w.org\/{rel}","templated":true}]}}