{"id":102077,"date":"2025-05-22T08:53:38","date_gmt":"2025-05-22T08:53:38","guid":{"rendered":"https:\/\/redfoxlotto.com\/?page_id=102077"},"modified":"2026-01-10T07:24:18","modified_gmt":"2026-01-10T07:24:18","slug":"keno-loterijos-rezultatai","status":"publish","type":"page","link":"https:\/\/redfoxlotto.com\/lt\/keno\/keno-loterijos-rezultatai\/","title":{"rendered":"Platinum Keno laim\u0117j\u0119 numeriai"},"content":{"rendered":"<h2>Kaip pasirenkami \u0161ansai ir kur rasti Platinum Keno rezultatus<\/h2>\n<p><img loading=\"lazy\" decoding=\"async\" class=\"size-medium wp-image-83635 alignright\" src=\"https:\/\/redfoxlotto.com\/wp-content\/uploads\/2025\/03\/keno_card-300x300.jpg\" alt=\"platnum keno\" width=\"300\" height=\"300\" srcset=\"https:\/\/redfoxlotto.com\/wp-content\/uploads\/2025\/03\/keno_card-300x300.jpg 300w, https:\/\/redfoxlotto.com\/wp-content\/uploads\/2025\/03\/keno_card-150x150.jpg 150w, https:\/\/redfoxlotto.com\/wp-content\/uploads\/2025\/03\/keno_card-100x100.jpg 100w, https:\/\/redfoxlotto.com\/wp-content\/uploads\/2025\/03\/keno_card.jpg 307w\" sizes=\"auto, (max-width: 300px) 100vw, 300px\" \/><br \/>\nPlatinum Keno netrukus taps viena i\u0161 populiariausi\u0173 loterijos tipo \u017eaidim\u0173. Netrukus \u017eaid\u0117jai gal\u0117s m\u0117gautis visais tradicinio Keno malonumais i\u0161 savo ekrano patogumo, nes \u017eaidimas yra greitas, taisykl\u0117s ai\u0161kios, o \u017eaisti internete yra lengva. Kol kas n\u0117ra joki\u0173 gyv\u0173 rezultat\u0173, bet \u010dia rasite vis\u0105 reikiam\u0105 informacij\u0105 apie tai, kaip renkami numeriai, kur juos rasti ir kaip su\u017einoti, ar laim\u0117jote, kai prasideda \u017eaidimas.<\/p>\n<h2>Platinum Keno numeri\u0173 pasirinkimo etapai<\/h2>\n<p>Platinum Keno grind\u017eiamas id\u0117ja, kad viskas turi b\u016bti s\u0105\u017eininga. Numerius renka patikrintas atsitiktini\u0173 skai\u010di\u0173 generatorius (RNG). Tai tur\u0117t\u0173 u\u017etikrinti, kad kiekvienas lo\u0161imas b\u016bt\u0173 visi\u0161kai atsitiktinis. RNG u\u017etikrina, kad kiekvienas skai\u010dius i\u0161 vis\u0173 skai\u010di\u0173 turi vienodas galimybes b\u016bti atrinktas, kaip ir tada, kai i\u0161 ma\u0161inos traukiate numeruotus kamuoliukus.<\/p>\n<ul>\n<li>\u017daid\u0117jai renka i\u0161 skai\u010di\u0173 nuo 1 iki 80.<\/li>\n<li>Loterijos dydis: kiekviename raunde atsitiktine tvarka atrenkama 20 skai\u010di\u0173.<\/li>\n<li>Vienodos galimyb\u0117s: n\u0117ra m\u0117gstam\u0173 skai\u010di\u0173, viskas priklauso nuo s\u0117km\u0117s.<\/li>\n<li>Naudojant \u0161\u012f metod\u0105, kiekvienas lo\u0161imas yra skaidrus, gali b\u016bti patikrintas ir pagr\u012fstas pasitik\u0117jimu.<\/li>\n<\/ul>\n<h2>Kaip \u017eaisti \u017eaidim\u0105.<\/h2>\n<p>\u201ePlatinum Keno\u201c yra skirtas tiek nuolatin\u0117ms \u017eaid\u0117jams, tiek \u017emon\u0117ms, norintiems laim\u0117ti didelius jackpotus. Pasirinkite skai\u010dius i\u0161 80 skai\u010di\u0173, i\u0161 kuri\u0173 20 yra atrenkami atsitiktine tvarka. Taip \u017eaid\u017eiamas \u017eaidimas. J\u016bs norite, kad kuo daugiau j\u016bs\u0173 pasirinkim\u0173 sutapt\u0173.<\/p>\n<h2>Skai\u010di\u0173 pasirinkimas.<\/h2>\n<p>J\u016bs pasirenkate \u017eaisti norim\u0105 \u201eviet\u0173\u201c (skai\u010di\u0173) skai\u010di\u0173. Skirtingi \u017emon\u0117s pasirenka skirting\u0105 korteli\u0173 skai\u010di\u0173. J\u016bs\u0173 pasirinktas viet\u0173 skai\u010dius tiesiogiai paveiks j\u016bs\u0173 galimybes ir pinig\u0173 sum\u0105, kuri\u0105 galite laim\u0117ti.<\/p>\n<h2>Veiksnio pasirinkimas.<\/h2>\n<p>\u201ePlatinum Keno\u201c turi daugikl\u012f, kuris kei\u010dia prizus. \u0160iuo atveju, jei did\u017eiausias daugiklis yra 5, \u017eaisdami su 1x daugikliu gausite 20 % i\u0161 5x prizo. Jei did\u017eiausias yra 10, 1x bilietas i\u0161mok\u0117s 10 % i\u0161 10x prizo. Didesnis daugiklis padidina tiek bilieto kain\u0105, tiek laim\u0117jimo tikimyb\u0119.<\/p>\n<h2>I\u0161mok\u0117jim\u0173 s\u0105ra\u0161o naudojimas<\/h2>\n<p>Jis tiksliai nurodo, kiek galite laim\u0117ti, remiantis j\u016bs\u0173 pasirinktu skai\u010diumi ir bonusu. Galite tai laikyti priz\u0173 \u017eem\u0117lapiu, kuris nurodo, kas yra statoma, dar prie\u0161 atliekant traukim\u0105.<\/p>\n<h2>Kaip pasirinkimai veikia rezultat\u0105<\/h2>\n<p>Jei pasirenkate daugiau skai\u010di\u0173, did\u017eiausias prizas, kur\u012f galite laim\u0117ti, padid\u0117ja, bet j\u016bs\u0173 \u0161ansas laim\u0117ti visus skai\u010dius suma\u017e\u0117ja. Prie\u0161ingai, didesnis daugiklis padidina i\u0161mok\u0105, jei laim\u0117site, bet prad\u017eioje tur\u0117site pastatyti daugiau pinig\u0173. \u201ePlatinum Keno\u201c yra \u012fdomus ir rizikingas \u017eaidimas, nes turite suderinti rizik\u0105 ir peln\u0105.<\/p>\n<h2>Geriausios vietos \u201ePlatinum Keno\u201c rezultatams rasti<\/h2>\n<p>Kai tik prasid\u0117s \u201ePlatinum Keno\u201c, naujausi rezultatai bus skelbiami \u201eRedFoxLotto\u201c rezultat\u0173 puslapyje. Jums nereikia i\u0161eiti i\u0161 program\u0117l\u0117s, kad gal\u0117tum\u0117te steb\u0117ti pra\u0117jusius ir dabartinius lo\u0161imus.<\/p>\n<p>J\u016bs galite atlikti \u0161iuos veiksmus:<\/p>\n<ul>\n<li>Per\u017ei\u016br\u0117ti vis\u0105 kiekvieno \u017eaidimo atrinkt\u0173 skai\u010di\u0173 s\u0105ra\u0161\u0105.<\/li>\n<li>Per\u017ei\u016br\u0117ti pra\u0117jusius lo\u0161imus, kad pamatytum\u0117te temas ir tendencijas.<\/li>\n<li>Sekti naujienas, nereikia ie\u0161koti kitur.<\/li>\n<\/ul>\n<h2>Kaip su\u017einoti, ar laim\u0117jote<\/h2>\n<p>Daugiau nebereikia popierini\u0173 kupon\u0173 \u2013 Platinum Keno yra tik kompiuterinis \u017eaidimas. J\u016bs\u0173 numeriai i\u0161saugomi j\u016bs\u0173 RedFoxLotto paskyroje i\u0161kart po kiekvieno \u017eaidimo. Rezultatus galite patikrinti i\u0161kart po kiekvieno lo\u0161imo:<\/p>\n<p>Spustel\u0117kite \u201eMano bilietai\u201c \u2013 \u0161ioje dalyje yra i\u0161vardyti visi j\u016bs\u0173 \u012fsigyti bilietai.<\/p>\n<p>Palyginkite savo numerius su rezultatais: jei j\u016bs\u0173 numeriai sutampa su laim\u0117jusi\u0173 lo\u0161imo numeriais, sistema i\u0161kart parodys jums \u0161iuos sutapimus.<\/p>\n<p>Kai tik laim\u0117site, jums bus parodytas laim\u0117jimo dydis. Ma\u017eesn\u0117s vert\u0117s laim\u0117jimai pervedami tiesiai \u012f j\u016bs\u0173 s\u0105skait\u0105, o didesn\u0117s vert\u0117s laim\u0117jimai prie\u0161 pervedim\u0105 gali b\u016bti patikrinti.<\/p>\n<h2>\u012emokos ir \u017eaidimas<\/h2>\n<p>Nor\u0117dami \u017eaisti Platinum Keno, turite tur\u0117ti pinig\u0173 savo RedFoxLotto paskyroje. \u012ene\u0161ti pinigus yra lengva ir saugu, o kai suma bus \u012fskaityta, gal\u0117site j\u0105 i\u0161 karto panaudoti bilietams pirkti.<\/p>\n<h2>Kod\u0117l galite pasitik\u0117ti rezultatais<\/h2>\n<p>Kiekvienas \u201ePlatinum Keno\u201c prizas yra apdraustas, tod\u0117l gausite savo pinigus atgal, nesvarbu, ar laim\u0117site 5 eurus, ar 500 000 eur\u0173. \u201eRedFoxLotto\u201c u\u017etikrina, kad jums bus i\u0161mok\u0117ti pinigai, o RNG u\u017etikrina, kad viskas vyks s\u0105\u017einingai.<\/p>\n<h2>I\u0161vada<\/h2>\n<p>Tai tarsi senamadi\u0161ko skai\u010di\u0173 traukimo ir kompiuterini\u0173 \u017eaidim\u0173 paprastumo mi\u0161inys. Nors galutiniai rezultatai dar n\u0117ra paskelbti, \u017eaid\u0117jai gali tik\u0117tis:<\/p>\n<ul>\n<li>S\u0105\u017eining\u0173 traukim\u0173, patvirtint\u0173 RNG.<\/li>\n<li>\u017daidimas vyksta greitai, o rezultatai skelbiami kas kelias minutes.<\/li>\n<li>RedFoxLotto leid\u017eia lengvai gauti rezultatus.<\/li>\n<li>J\u016bs\u0173 s\u0105skaita automati\u0161kai fiksuos laim\u0117jimus.<\/li>\n<li>Prad\u0117jus \u017eaidim\u0105, jums tereikia gr\u012f\u017eti po traukimo ir pa\u017ei\u016br\u0117ti, ar laim\u0117jote.<\/li>\n<\/ul>\n","protected":false},"excerpt":{"rendered":"<p>Kaip pasirenkami \u0161ansai ir kur rasti Platinum Keno rezultatus Platinum Keno netrukus taps viena i\u0161 populiariausi\u0173 loterijos tipo \u017eaidim\u0173. Netrukus \u017eaid\u0117jai gal\u0117s m\u0117gautis visais tradicinio Keno malonumais i\u0161 savo ekrano patogumo, nes \u017eaidimas yra greitas, taisykl\u0117s ai\u0161kios, o \u017eaisti internete yra lengva. Kol kas n\u0117ra joki\u0173 gyv\u0173 rezultat\u0173, bet \u010dia rasite vis\u0105 reikiam\u0105 informacij\u0105 apie [&hellip;]<\/p>\n","protected":false},"author":8,"featured_media":0,"parent":84419,"menu_order":41,"comment_status":"closed","ping_status":"closed","template":"","meta":{"_et_pb_use_builder":"","_et_pb_old_content":"","_et_gb_content_width":"","exclude_from_search":false,"footnotes":""},"class_list":["post-102077","page","type-page","status-publish","hentry"],"yoast_head":"<!-- This site is optimized with the Yoast SEO plugin v23.8 - https:\/\/yoast.com\/wordpress\/plugins\/seo\/ -->\n<title>Keno loterijos rezultatai u\u017e \u0161\u012f kasdien\u012f 5 milijon\u0173 eur\u0173 vert\u0117s internetin\u012f Keno traukim\u0105<\/title>\n<meta name=\"description\" content=\"\u0160i Keno loterija kasdien traukia 5 milijon\u0173 eur\u0173 vert\u0117s pagrindin\u012f priz\u0105 \u2013 m\u016bs\u0173 Keno traukim\u0173 rezultatus rasite \u010dia. Turime 5 milijon\u0173 eur\u0173 ir 10 milijon\u0173 eur\u0173 vert\u0117s Keno \u017eaidimus\" \/>\n<meta name=\"robots\" content=\"index, follow, max-snippet:-1, max-image-preview:large, max-video-preview:-1\" \/>\n<link rel=\"canonical\" href=\"https:\/\/redfoxlotto.com\/lt\/keno\/keno-loterijos-rezultatai\/\" \/>\n<meta property=\"og:locale\" content=\"lt_LT\" \/>\n<meta property=\"og:type\" content=\"article\" \/>\n<meta property=\"og:title\" content=\"Keno loterijos rezultatai u\u017e \u0161\u012f kasdien\u012f 5 milijon\u0173 eur\u0173 vert\u0117s internetin\u012f Keno traukim\u0105\" \/>\n<meta property=\"og:description\" content=\"\u0160i Keno loterija kasdien traukia 5 milijon\u0173 eur\u0173 vert\u0117s pagrindin\u012f priz\u0105 \u2013 m\u016bs\u0173 Keno traukim\u0173 rezultatus rasite \u010dia. Turime 5 milijon\u0173 eur\u0173 ir 10 milijon\u0173 eur\u0173 vert\u0117s Keno \u017eaidimus\" \/>\n<meta property=\"og:url\" content=\"https:\/\/redfoxlotto.com\/lt\/keno\/keno-loterijos-rezultatai\/\" \/>\n<meta property=\"og:site_name\" content=\"Get Tickets for the World\u2019s largest jackpots\" \/>\n<meta property=\"article:modified_time\" content=\"2026-01-10T07:24:18+00:00\" \/>\n<meta property=\"og:image\" content=\"https:\/\/redfoxlotto.com\/wp-content\/uploads\/2025\/03\/keno_card-300x300.jpg\" \/>\n<meta name=\"twitter:card\" content=\"summary_large_image\" \/>\n<meta name=\"twitter:label1\" content=\"Est. reading time\" \/>\n\t<meta name=\"twitter:data1\" content=\"3 minut\u0117s\" \/>\n<script type=\"application\/ld+json\" class=\"yoast-schema-graph\">{\"@context\":\"https:\/\/schema.org\",\"@graph\":[{\"@type\":\"WebPage\",\"@id\":\"https:\/\/redfoxlotto.com\/lt\/keno\/keno-loterijos-rezultatai\/\",\"url\":\"https:\/\/redfoxlotto.com\/lt\/keno\/keno-loterijos-rezultatai\/\",\"name\":\"Keno loterijos rezultatai u\u017e \u0161\u012f kasdien\u012f 5 milijon\u0173 eur\u0173 vert\u0117s internetin\u012f Keno traukim\u0105\",\"isPartOf\":{\"@id\":\"https:\/\/redfoxlotto.com\/lt\/#website\"},\"primaryImageOfPage\":{\"@id\":\"https:\/\/redfoxlotto.com\/lt\/keno\/keno-loterijos-rezultatai\/#primaryimage\"},\"image\":{\"@id\":\"https:\/\/redfoxlotto.com\/lt\/keno\/keno-loterijos-rezultatai\/#primaryimage\"},\"thumbnailUrl\":\"https:\/\/redfoxlotto.com\/wp-content\/uploads\/2025\/03\/keno_card-300x300.jpg\",\"datePublished\":\"2025-05-22T08:53:38+00:00\",\"dateModified\":\"2026-01-10T07:24:18+00:00\",\"description\":\"\u0160i Keno loterija kasdien traukia 5 milijon\u0173 eur\u0173 vert\u0117s pagrindin\u012f priz\u0105 \u2013 m\u016bs\u0173 Keno traukim\u0173 rezultatus rasite \u010dia. Turime 5 milijon\u0173 eur\u0173 ir 10 milijon\u0173 eur\u0173 vert\u0117s Keno \u017eaidimus\",\"breadcrumb\":{\"@id\":\"https:\/\/redfoxlotto.com\/lt\/keno\/keno-loterijos-rezultatai\/#breadcrumb\"},\"inLanguage\":\"lt-LT\",\"potentialAction\":[{\"@type\":\"ReadAction\",\"target\":[\"https:\/\/redfoxlotto.com\/lt\/keno\/keno-loterijos-rezultatai\/\"]}]},{\"@type\":\"ImageObject\",\"inLanguage\":\"lt-LT\",\"@id\":\"https:\/\/redfoxlotto.com\/lt\/keno\/keno-loterijos-rezultatai\/#primaryimage\",\"url\":\"https:\/\/redfoxlotto.com\/wp-content\/uploads\/2025\/03\/keno_card-300x300.jpg\",\"contentUrl\":\"https:\/\/redfoxlotto.com\/wp-content\/uploads\/2025\/03\/keno_card-300x300.jpg\"},{\"@type\":\"BreadcrumbList\",\"@id\":\"https:\/\/redfoxlotto.com\/lt\/keno\/keno-loterijos-rezultatai\/#breadcrumb\",\"itemListElement\":[{\"@type\":\"ListItem\",\"position\":1,\"name\":\"Home\",\"item\":\"https:\/\/redfoxlotto.com\/lt\/\"},{\"@type\":\"ListItem\",\"position\":2,\"name\":\"Keno\",\"item\":\"https:\/\/redfoxlotto.com\/lt\/keno\/\"},{\"@type\":\"ListItem\",\"position\":3,\"name\":\"Platinum Keno laim\u0117j\u0119 numeriai\"}]},{\"@type\":\"WebSite\",\"@id\":\"https:\/\/redfoxlotto.com\/lt\/#website\",\"url\":\"https:\/\/redfoxlotto.com\/lt\/\",\"name\":\"Get Tickets for the World\u2019s largest jackpots\",\"description\":\"Participate in worldwide lottery jackpots from any country\",\"publisher\":{\"@id\":\"https:\/\/redfoxlotto.com\/lt\/#organization\"},\"potentialAction\":[{\"@type\":\"SearchAction\",\"target\":{\"@type\":\"EntryPoint\",\"urlTemplate\":\"https:\/\/redfoxlotto.com\/lt\/?s={search_term_string}\"},\"query-input\":{\"@type\":\"PropertyValueSpecification\",\"valueRequired\":true,\"valueName\":\"search_term_string\"}}],\"inLanguage\":\"lt-LT\"},{\"@type\":\"Organization\",\"@id\":\"https:\/\/redfoxlotto.com\/lt\/#organization\",\"name\":\"Get Tickets for the World\u2019s largest jackpots\",\"url\":\"https:\/\/redfoxlotto.com\/lt\/\",\"logo\":{\"@type\":\"ImageObject\",\"inLanguage\":\"lt-LT\",\"@id\":\"https:\/\/redfoxlotto.com\/lt\/#\/schema\/logo\/image\/\",\"url\":\"https:\/\/redfoxlotto.com\/wp-content\/uploads\/2023\/04\/logo.png\",\"contentUrl\":\"https:\/\/redfoxlotto.com\/wp-content\/uploads\/2023\/04\/logo.png\",\"width\":269,\"height\":53,\"caption\":\"Get Tickets for the World\u2019s largest jackpots\"},\"image\":{\"@id\":\"https:\/\/redfoxlotto.com\/lt\/#\/schema\/logo\/image\/\"}}]}<\/script>\n<!-- \/ Yoast SEO plugin. -->","yoast_head_json":{"title":"Keno loterijos rezultatai u\u017e \u0161\u012f kasdien\u012f 5 milijon\u0173 eur\u0173 vert\u0117s internetin\u012f Keno traukim\u0105","description":"\u0160i Keno loterija kasdien traukia 5 milijon\u0173 eur\u0173 vert\u0117s pagrindin\u012f priz\u0105 \u2013 m\u016bs\u0173 Keno traukim\u0173 rezultatus rasite \u010dia. Turime 5 milijon\u0173 eur\u0173 ir 10 milijon\u0173 eur\u0173 vert\u0117s Keno \u017eaidimus","robots":{"index":"index","follow":"follow","max-snippet":"max-snippet:-1","max-image-preview":"max-image-preview:large","max-video-preview":"max-video-preview:-1"},"canonical":"https:\/\/redfoxlotto.com\/lt\/keno\/keno-loterijos-rezultatai\/","og_locale":"lt_LT","og_type":"article","og_title":"Keno loterijos rezultatai u\u017e \u0161\u012f kasdien\u012f 5 milijon\u0173 eur\u0173 vert\u0117s internetin\u012f Keno traukim\u0105","og_description":"\u0160i Keno loterija kasdien traukia 5 milijon\u0173 eur\u0173 vert\u0117s pagrindin\u012f priz\u0105 \u2013 m\u016bs\u0173 Keno traukim\u0173 rezultatus rasite \u010dia. Turime 5 milijon\u0173 eur\u0173 ir 10 milijon\u0173 eur\u0173 vert\u0117s Keno \u017eaidimus","og_url":"https:\/\/redfoxlotto.com\/lt\/keno\/keno-loterijos-rezultatai\/","og_site_name":"Get Tickets for the World\u2019s largest jackpots","article_modified_time":"2026-01-10T07:24:18+00:00","og_image":[{"url":"https:\/\/redfoxlotto.com\/wp-content\/uploads\/2025\/03\/keno_card-300x300.jpg"}],"twitter_card":"summary_large_image","twitter_misc":{"Est. reading time":"3 minut\u0117s"},"schema":{"@context":"https:\/\/schema.org","@graph":[{"@type":"WebPage","@id":"https:\/\/redfoxlotto.com\/lt\/keno\/keno-loterijos-rezultatai\/","url":"https:\/\/redfoxlotto.com\/lt\/keno\/keno-loterijos-rezultatai\/","name":"Keno loterijos rezultatai u\u017e \u0161\u012f kasdien\u012f 5 milijon\u0173 eur\u0173 vert\u0117s internetin\u012f Keno traukim\u0105","isPartOf":{"@id":"https:\/\/redfoxlotto.com\/lt\/#website"},"primaryImageOfPage":{"@id":"https:\/\/redfoxlotto.com\/lt\/keno\/keno-loterijos-rezultatai\/#primaryimage"},"image":{"@id":"https:\/\/redfoxlotto.com\/lt\/keno\/keno-loterijos-rezultatai\/#primaryimage"},"thumbnailUrl":"https:\/\/redfoxlotto.com\/wp-content\/uploads\/2025\/03\/keno_card-300x300.jpg","datePublished":"2025-05-22T08:53:38+00:00","dateModified":"2026-01-10T07:24:18+00:00","description":"\u0160i Keno loterija kasdien traukia 5 milijon\u0173 eur\u0173 vert\u0117s pagrindin\u012f priz\u0105 \u2013 m\u016bs\u0173 Keno traukim\u0173 rezultatus rasite \u010dia. Turime 5 milijon\u0173 eur\u0173 ir 10 milijon\u0173 eur\u0173 vert\u0117s Keno \u017eaidimus","breadcrumb":{"@id":"https:\/\/redfoxlotto.com\/lt\/keno\/keno-loterijos-rezultatai\/#breadcrumb"},"inLanguage":"lt-LT","potentialAction":[{"@type":"ReadAction","target":["https:\/\/redfoxlotto.com\/lt\/keno\/keno-loterijos-rezultatai\/"]}]},{"@type":"ImageObject","inLanguage":"lt-LT","@id":"https:\/\/redfoxlotto.com\/lt\/keno\/keno-loterijos-rezultatai\/#primaryimage","url":"https:\/\/redfoxlotto.com\/wp-content\/uploads\/2025\/03\/keno_card-300x300.jpg","contentUrl":"https:\/\/redfoxlotto.com\/wp-content\/uploads\/2025\/03\/keno_card-300x300.jpg"},{"@type":"BreadcrumbList","@id":"https:\/\/redfoxlotto.com\/lt\/keno\/keno-loterijos-rezultatai\/#breadcrumb","itemListElement":[{"@type":"ListItem","position":1,"name":"Home","item":"https:\/\/redfoxlotto.com\/lt\/"},{"@type":"ListItem","position":2,"name":"Keno","item":"https:\/\/redfoxlotto.com\/lt\/keno\/"},{"@type":"ListItem","position":3,"name":"Platinum Keno laim\u0117j\u0119 numeriai"}]},{"@type":"WebSite","@id":"https:\/\/redfoxlotto.com\/lt\/#website","url":"https:\/\/redfoxlotto.com\/lt\/","name":"Get Tickets for the World\u2019s largest jackpots","description":"Participate in worldwide lottery jackpots from any country","publisher":{"@id":"https:\/\/redfoxlotto.com\/lt\/#organization"},"potentialAction":[{"@type":"SearchAction","target":{"@type":"EntryPoint","urlTemplate":"https:\/\/redfoxlotto.com\/lt\/?s={search_term_string}"},"query-input":{"@type":"PropertyValueSpecification","valueRequired":true,"valueName":"search_term_string"}}],"inLanguage":"lt-LT"},{"@type":"Organization","@id":"https:\/\/redfoxlotto.com\/lt\/#organization","name":"Get Tickets for the World\u2019s largest jackpots","url":"https:\/\/redfoxlotto.com\/lt\/","logo":{"@type":"ImageObject","inLanguage":"lt-LT","@id":"https:\/\/redfoxlotto.com\/lt\/#\/schema\/logo\/image\/","url":"https:\/\/redfoxlotto.com\/wp-content\/uploads\/2023\/04\/logo.png","contentUrl":"https:\/\/redfoxlotto.com\/wp-content\/uploads\/2023\/04\/logo.png","width":269,"height":53,"caption":"Get Tickets for the World\u2019s largest jackpots"},"image":{"@id":"https:\/\/redfoxlotto.com\/lt\/#\/schema\/logo\/image\/"}}]}},"_links":{"self":[{"href":"https:\/\/redfoxlotto.com\/lt\/wp-json\/wp\/v2\/pages\/102077","targetHints":{"allow":["GET"]}}],"collection":[{"href":"https:\/\/redfoxlotto.com\/lt\/wp-json\/wp\/v2\/pages"}],"about":[{"href":"https:\/\/redfoxlotto.com\/lt\/wp-json\/wp\/v2\/types\/page"}],"author":[{"embeddable":true,"href":"https:\/\/redfoxlotto.com\/lt\/wp-json\/wp\/v2\/users\/8"}],"replies":[{"embeddable":true,"href":"https:\/\/redfoxlotto.com\/lt\/wp-json\/wp\/v2\/comments?post=102077"}],"version-history":[{"count":0,"href":"https:\/\/redfoxlotto.com\/lt\/wp-json\/wp\/v2\/pages\/102077\/revisions"}],"up":[{"embeddable":true,"href":"https:\/\/redfoxlotto.com\/lt\/wp-json\/wp\/v2\/pages\/84419"}],"wp:attachment":[{"href":"https:\/\/redfoxlotto.com\/lt\/wp-json\/wp\/v2\/media?parent=102077"}],"curies":[{"name":"wp","href":"https:\/\/api.w.org\/{rel}","templated":true}]}}