{"id":959,"date":"2023-04-24T18:24:48","date_gmt":"2023-04-24T18:24:48","guid":{"rendered":"https:\/\/redfoxlotto.com\/?page_id=4522"},"modified":"2025-12-11T08:27:51","modified_gmt":"2025-12-11T08:27:51","slug":"saturday-lotto-au","status":"publish","type":"page","link":"https:\/\/redfoxlotto.com\/it\/gioca\/saturday-lotto-au\/","title":{"rendered":"Gioca a Saturday Lotto Online"},"content":{"rendered":"<script type=\"application\/ld+json\">\r\n{\r\n  \"@context\": \"https:\/\/schema.org\",\r\n  \"@type\": \"Service\",\r\n  \"name\": \"Saturday Lotto Australia online\",\r\n  \"url\": \"https:\/\/redfoxlotto.com\/it\/gioca\/saturday-lotto-au\/\",\r\n  \"description\": \"Acquista i biglietti ufficiali del Saturday Lotto Australia online tramite RedFoxLotto. Scegli i tuoi numeri e partecipa al prossimo sorteggio.\",\r\n  \"serviceType\": \"Online lottery ticket purchase\",\r\n\r\n  \"provider\": {\r\n    \"@type\": \"Organization\",\r\n    \"name\": \"RedFoxLotto\",\r\n    \"url\": \"https:\/\/redfoxlotto.com\",\r\n    \"logo\": \"https:\/\/redfoxlotto.com\/wp-content\/uploads\/logo.png\"\r\n  },\r\n\r\n  \"areaServed\": \"Worldwide\",\r\n  \"termsOfService\": \"https:\/\/redfoxlotto.com\/terms-and-conditions\",\r\n\r\n  \"hasOfferCatalog\": {\r\n    \"@type\": \"OfferCatalog\",\r\n    \"name\": \"Saturday Lotto Australia Offers\",\r\n    \"itemListElement\": [\r\n      {\r\n        \"@type\": \"Offer\",\r\n        \"name\": \"Lotto Saturday Lotto Australia Ticket\",\r\n        \"url\": \"https:\/\/redfoxlotto.com\/it\/gioca\/saturday-lotto-au\/\",\r\n        \"description\": \"Una partecipazione al prossimo sorteggio del Saturday Lotto Australia.\",\r\n        \"price\": \"1.50\",\r\n        \"priceCurrency\": \"EUR\",\r\n        \"availability\": \"https:\/\/schema.org\/InStock\",\r\n\r\n        \"itemOffered\": {\r\n          \"@type\": \"Service\",\r\n          \"name\": \"Saturday Lotto Australia Entry\",\r\n          \"description\": \"Partecipazione al prossimo sorteggio del Saturday Lotto Australia tramite RedFoxLotto.\"\r\n        }\r\n      }\r\n    ]\r\n  },\r\n\r\n  \"mainEntityOfPage\": {\r\n    \"@type\": \"WebPage\",\r\n    \"@id\": \"https:\/\/redfoxlotto.com\/it\/gioca\/saturday-lotto-au\/\"\r\n  }\r\n}\r\n<\/script>\r\n\r\n<p><img decoding=\"async\" class=\"size-full wp-image alignright\" src=\"https:\/\/content.redfoxlotto.com\/uploads\/sites\/9\/2_ticket_saturday_lotto_au.jpg\" alt=\"Gioca al Saturday Lotto Australia online\"><\/p><p>Ogni sabato viene offerta a tutti l&#8217;opportunit\u00e0 di partecipare e di avere la possibilit\u00e0 di portare via con s\u00e9 un&#8217;enorme quantit\u00e0 di denaro. Internet ha reso possibile non perdere le opportunit\u00e0 che cambiano la vita come questo, come chiunque in qualsiasi parte del mondo pu\u00f2 partecipare a questa opportunit\u00e0 prenotando un biglietto per il lotto del sabato australiano online. La distanza non \u00e8 pi\u00f9 una barriera nel giocare al lotto del sabato, come non solo quelli presenti in Australia, ma chiunque ovunque \u00e8 in grado di essere una parte della lotteria. Tutto ci\u00f2 che serve \u00e8 qualsiasi dispositivo che pu\u00f2 accedere a internet e si potrebbe essere il prossimo vincitore del jackpot della lotteria del sabato australiano. Quindi, ogni volta che si sente solo fortunato non esitate a prenotare un biglietto della lotteria del sabato online e si potrebbe avere la vostra vita ha una svolta importante per il meglio.<\/p><p>Prenotazione del biglietto del lotto Sabato \u00e8 cos\u00ec facile come tutto quello che dovete fare \u00e8 aprire un account con RedFoxLotto, scegliere i vostri preferiti 6 numeri su 45 o si potrebbe semplicemente utilizzare l&#8217;opzione di scelta rapida in cui i numeri sono scelti a caso per voi e poi il biglietto sarebbe stato prenotato e registrato, e anche si ottiene una notifica via e-mail di conferma del biglietto prenotato. Pagare i biglietti \u00e8 facile come selezionare i numeri, in quanto ci sono diverse opzioni di pagamento a disposizione degli utenti per pagare e RedFoxLotto fornisce un portale di pagamento sicuro e privato in modo da non avere paura di ottenere i vostri dati bancari compromessi.<\/p><p>L&#8217;estrazione per la lotteria del sabato viene effettuata ogni sabato sera, e vengono estratti 8 numeri. I primi 6 numeri sono i numeri principali e vengono utilizzati per determinare i vincitori del premio principale. I restanti 2 numeri sono i numeri supplementari e vengono utilizzati per determinare altre categorie minori di vincite. Se i 6 numeri che hai scelto al momento della prenotazione del biglietto corrispondono ai 6 numeri principali estratti, allora hai vinto il premio finale. Si tratta di circa 4 milioni di dollari australiani che possono essere suddivisi tra un massimo di 4 vincitori. Ci sono premi disponibili per i biglietti con meno di 6 numeri corrispondenti ai 6 numeri estratti.<\/p><p><img decoding=\"async\" class=\"size-full wp-image alignright\" src=\"https:\/\/content.redfoxlotto.com\/uploads\/sites\/9\/1_lotto_jackpot_online.jpg\" alt=\"Australia lottery Saturday\"><\/p><p>Nel caso in cui tu abbia la fortuna di essere un vincitore, allora ti verranno comunicate le tue vincite. RedFoxLotto si assicurer\u00e0 che ti venga notificata la tua vincita e in questo modo non ti perderai nessuna delle tue vincite, in quanto aiutano anche nell&#8217;elaborazione dei tuoi pagamenti per assicurarti di riceverle. Se le tue vincite sono piccole, vengono inviate al tuo conto cliente. Da l\u00ec puoi ritirarle sul tuo conto bancario o utilizzarle per acquistare altri biglietti. Se le tue vincite sono elevate, allora un rappresentante del servizio clienti ti contatter\u00e0 per organizzare come riceverai le tue vincite.<\/p>","protected":false},"excerpt":{"rendered":"<p>Ogni sabato viene offerta a tutti l&#8217;opportunit\u00e0 di partecipare e di avere la possibilit\u00e0 di portare via con s\u00e9 un&#8217;enorme quantit\u00e0 di denaro. Internet ha reso possibile non perdere le opportunit\u00e0 che cambiano la vita come questo, come chiunque in qualsiasi parte del mondo pu\u00f2 partecipare a questa opportunit\u00e0 prenotando un biglietto per il lotto [&hellip;]<\/p>\n","protected":false},"author":1,"featured_media":0,"parent":920,"menu_order":20,"comment_status":"closed","ping_status":"closed","template":"saturday-lotto.php","meta":{"_et_pb_use_builder":"","_et_pb_old_content":"","_et_gb_content_width":"","exclude_from_search":false,"footnotes":""},"class_list":["post-959","page","type-page","status-publish","hentry"],"yoast_head":"<!-- This site is optimized with the Yoast SEO plugin v23.8 - https:\/\/yoast.com\/wordpress\/plugins\/seo\/ -->\n<title>Gioca Sabato Lotto on-line | Una delle lotterie pi\u00f9 grandi d&#039;Australia.<\/title>\n<meta name=\"description\" content=\"Prenota i tuoi biglietti e gioca alla lotteria del sabato in Australia.\" \/>\n<meta name=\"robots\" content=\"index, follow, max-snippet:-1, max-image-preview:large, max-video-preview:-1\" \/>\n<link rel=\"canonical\" href=\"https:\/\/redfoxlotto.com\/it\/gioca\/saturday-lotto-au\/\" \/>\n<meta property=\"og:locale\" content=\"it_IT\" \/>\n<meta property=\"og:type\" content=\"article\" \/>\n<meta property=\"og:title\" content=\"Gioca Sabato Lotto on-line | Una delle lotterie pi\u00f9 grandi d&#039;Australia.\" \/>\n<meta property=\"og:description\" content=\"Prenota i tuoi biglietti e gioca alla lotteria del sabato in Australia.\" \/>\n<meta property=\"og:url\" content=\"https:\/\/redfoxlotto.com\/it\/gioca\/saturday-lotto-au\/\" \/>\n<meta property=\"og:site_name\" content=\"Get Tickets for the World\u2019s largest jackpots\" \/>\n<meta property=\"article:modified_time\" content=\"2025-12-11T08:27:51+00:00\" \/>\n<meta property=\"og:image\" content=\"https:\/\/content.redfoxlotto.com\/uploads\/sites\/9\/2_ticket_saturday_lotto_au.jpg\" \/>\n<meta name=\"twitter:card\" content=\"summary_large_image\" \/>\n<meta name=\"twitter:label1\" content=\"Tempo di lettura stimato\" \/>\n\t<meta name=\"twitter:data1\" content=\"3 minuti\" \/>\n<script type=\"application\/ld+json\" class=\"yoast-schema-graph\">{\"@context\":\"https:\/\/schema.org\",\"@graph\":[{\"@type\":\"WebPage\",\"@id\":\"https:\/\/redfoxlotto.com\/it\/gioca\/saturday-lotto-au\/\",\"url\":\"https:\/\/redfoxlotto.com\/it\/gioca\/saturday-lotto-au\/\",\"name\":\"Gioca Sabato Lotto on-line | Una delle lotterie pi\u00f9 grandi d'Australia.\",\"isPartOf\":{\"@id\":\"https:\/\/redfoxlotto.com\/it\/#website\"},\"primaryImageOfPage\":{\"@id\":\"https:\/\/redfoxlotto.com\/it\/gioca\/saturday-lotto-au\/#primaryimage\"},\"image\":{\"@id\":\"https:\/\/redfoxlotto.com\/it\/gioca\/saturday-lotto-au\/#primaryimage\"},\"thumbnailUrl\":\"https:\/\/content.redfoxlotto.com\/uploads\/sites\/9\/2_ticket_saturday_lotto_au.jpg\",\"datePublished\":\"2023-04-24T18:24:48+00:00\",\"dateModified\":\"2025-12-11T08:27:51+00:00\",\"description\":\"Prenota i tuoi biglietti e gioca alla lotteria del sabato in Australia.\",\"breadcrumb\":{\"@id\":\"https:\/\/redfoxlotto.com\/it\/gioca\/saturday-lotto-au\/#breadcrumb\"},\"inLanguage\":\"it-IT\",\"potentialAction\":[{\"@type\":\"ReadAction\",\"target\":[\"https:\/\/redfoxlotto.com\/it\/gioca\/saturday-lotto-au\/\"]}]},{\"@type\":\"ImageObject\",\"inLanguage\":\"it-IT\",\"@id\":\"https:\/\/redfoxlotto.com\/it\/gioca\/saturday-lotto-au\/#primaryimage\",\"url\":\"https:\/\/content.redfoxlotto.com\/uploads\/sites\/9\/2_ticket_saturday_lotto_au.jpg\",\"contentUrl\":\"https:\/\/content.redfoxlotto.com\/uploads\/sites\/9\/2_ticket_saturday_lotto_au.jpg\"},{\"@type\":\"BreadcrumbList\",\"@id\":\"https:\/\/redfoxlotto.com\/it\/gioca\/saturday-lotto-au\/#breadcrumb\",\"itemListElement\":[{\"@type\":\"ListItem\",\"position\":1,\"name\":\"Home\",\"item\":\"https:\/\/redfoxlotto.com\/it\/\"},{\"@type\":\"ListItem\",\"position\":2,\"name\":\"Come si gioca al lotto online\",\"item\":\"https:\/\/redfoxlotto.com\/it\/gioca\/\"},{\"@type\":\"ListItem\",\"position\":3,\"name\":\"Gioca a Saturday Lotto Online\"}]},{\"@type\":\"WebSite\",\"@id\":\"https:\/\/redfoxlotto.com\/it\/#website\",\"url\":\"https:\/\/redfoxlotto.com\/it\/\",\"name\":\"Get Tickets for the World\u2019s largest jackpots\",\"description\":\"Participate in worldwide lottery jackpots from any country\",\"publisher\":{\"@id\":\"https:\/\/redfoxlotto.com\/it\/#organization\"},\"potentialAction\":[{\"@type\":\"SearchAction\",\"target\":{\"@type\":\"EntryPoint\",\"urlTemplate\":\"https:\/\/redfoxlotto.com\/it\/?s={search_term_string}\"},\"query-input\":{\"@type\":\"PropertyValueSpecification\",\"valueRequired\":true,\"valueName\":\"search_term_string\"}}],\"inLanguage\":\"it-IT\"},{\"@type\":\"Organization\",\"@id\":\"https:\/\/redfoxlotto.com\/it\/#organization\",\"name\":\"Get Tickets for the World\u2019s largest jackpots\",\"url\":\"https:\/\/redfoxlotto.com\/it\/\",\"logo\":{\"@type\":\"ImageObject\",\"inLanguage\":\"it-IT\",\"@id\":\"https:\/\/redfoxlotto.com\/it\/#\/schema\/logo\/image\/\",\"url\":\"https:\/\/redfoxlotto.com\/wp-content\/uploads\/2023\/04\/logo.png\",\"contentUrl\":\"https:\/\/redfoxlotto.com\/wp-content\/uploads\/2023\/04\/logo.png\",\"width\":269,\"height\":53,\"caption\":\"Get Tickets for the World\u2019s largest jackpots\"},\"image\":{\"@id\":\"https:\/\/redfoxlotto.com\/it\/#\/schema\/logo\/image\/\"}}]}<\/script>\n<!-- \/ Yoast SEO plugin. -->","yoast_head_json":{"title":"Gioca Sabato Lotto on-line | Una delle lotterie pi\u00f9 grandi d'Australia.","description":"Prenota i tuoi biglietti e gioca alla lotteria del sabato in Australia.","robots":{"index":"index","follow":"follow","max-snippet":"max-snippet:-1","max-image-preview":"max-image-preview:large","max-video-preview":"max-video-preview:-1"},"canonical":"https:\/\/redfoxlotto.com\/it\/gioca\/saturday-lotto-au\/","og_locale":"it_IT","og_type":"article","og_title":"Gioca Sabato Lotto on-line | Una delle lotterie pi\u00f9 grandi d'Australia.","og_description":"Prenota i tuoi biglietti e gioca alla lotteria del sabato in Australia.","og_url":"https:\/\/redfoxlotto.com\/it\/gioca\/saturday-lotto-au\/","og_site_name":"Get Tickets for the World\u2019s largest jackpots","article_modified_time":"2025-12-11T08:27:51+00:00","og_image":[{"url":"https:\/\/content.redfoxlotto.com\/uploads\/sites\/9\/2_ticket_saturday_lotto_au.jpg"}],"twitter_card":"summary_large_image","twitter_misc":{"Tempo di lettura stimato":"3 minuti"},"schema":{"@context":"https:\/\/schema.org","@graph":[{"@type":"WebPage","@id":"https:\/\/redfoxlotto.com\/it\/gioca\/saturday-lotto-au\/","url":"https:\/\/redfoxlotto.com\/it\/gioca\/saturday-lotto-au\/","name":"Gioca Sabato Lotto on-line | Una delle lotterie pi\u00f9 grandi d'Australia.","isPartOf":{"@id":"https:\/\/redfoxlotto.com\/it\/#website"},"primaryImageOfPage":{"@id":"https:\/\/redfoxlotto.com\/it\/gioca\/saturday-lotto-au\/#primaryimage"},"image":{"@id":"https:\/\/redfoxlotto.com\/it\/gioca\/saturday-lotto-au\/#primaryimage"},"thumbnailUrl":"https:\/\/content.redfoxlotto.com\/uploads\/sites\/9\/2_ticket_saturday_lotto_au.jpg","datePublished":"2023-04-24T18:24:48+00:00","dateModified":"2025-12-11T08:27:51+00:00","description":"Prenota i tuoi biglietti e gioca alla lotteria del sabato in Australia.","breadcrumb":{"@id":"https:\/\/redfoxlotto.com\/it\/gioca\/saturday-lotto-au\/#breadcrumb"},"inLanguage":"it-IT","potentialAction":[{"@type":"ReadAction","target":["https:\/\/redfoxlotto.com\/it\/gioca\/saturday-lotto-au\/"]}]},{"@type":"ImageObject","inLanguage":"it-IT","@id":"https:\/\/redfoxlotto.com\/it\/gioca\/saturday-lotto-au\/#primaryimage","url":"https:\/\/content.redfoxlotto.com\/uploads\/sites\/9\/2_ticket_saturday_lotto_au.jpg","contentUrl":"https:\/\/content.redfoxlotto.com\/uploads\/sites\/9\/2_ticket_saturday_lotto_au.jpg"},{"@type":"BreadcrumbList","@id":"https:\/\/redfoxlotto.com\/it\/gioca\/saturday-lotto-au\/#breadcrumb","itemListElement":[{"@type":"ListItem","position":1,"name":"Home","item":"https:\/\/redfoxlotto.com\/it\/"},{"@type":"ListItem","position":2,"name":"Come si gioca al lotto online","item":"https:\/\/redfoxlotto.com\/it\/gioca\/"},{"@type":"ListItem","position":3,"name":"Gioca a Saturday Lotto Online"}]},{"@type":"WebSite","@id":"https:\/\/redfoxlotto.com\/it\/#website","url":"https:\/\/redfoxlotto.com\/it\/","name":"Get Tickets for the World\u2019s largest jackpots","description":"Participate in worldwide lottery jackpots from any country","publisher":{"@id":"https:\/\/redfoxlotto.com\/it\/#organization"},"potentialAction":[{"@type":"SearchAction","target":{"@type":"EntryPoint","urlTemplate":"https:\/\/redfoxlotto.com\/it\/?s={search_term_string}"},"query-input":{"@type":"PropertyValueSpecification","valueRequired":true,"valueName":"search_term_string"}}],"inLanguage":"it-IT"},{"@type":"Organization","@id":"https:\/\/redfoxlotto.com\/it\/#organization","name":"Get Tickets for the World\u2019s largest jackpots","url":"https:\/\/redfoxlotto.com\/it\/","logo":{"@type":"ImageObject","inLanguage":"it-IT","@id":"https:\/\/redfoxlotto.com\/it\/#\/schema\/logo\/image\/","url":"https:\/\/redfoxlotto.com\/wp-content\/uploads\/2023\/04\/logo.png","contentUrl":"https:\/\/redfoxlotto.com\/wp-content\/uploads\/2023\/04\/logo.png","width":269,"height":53,"caption":"Get Tickets for the World\u2019s largest jackpots"},"image":{"@id":"https:\/\/redfoxlotto.com\/it\/#\/schema\/logo\/image\/"}}]}},"_links":{"self":[{"href":"https:\/\/redfoxlotto.com\/it\/wp-json\/wp\/v2\/pages\/959","targetHints":{"allow":["GET"]}}],"collection":[{"href":"https:\/\/redfoxlotto.com\/it\/wp-json\/wp\/v2\/pages"}],"about":[{"href":"https:\/\/redfoxlotto.com\/it\/wp-json\/wp\/v2\/types\/page"}],"author":[{"embeddable":true,"href":"https:\/\/redfoxlotto.com\/it\/wp-json\/wp\/v2\/users\/1"}],"replies":[{"embeddable":true,"href":"https:\/\/redfoxlotto.com\/it\/wp-json\/wp\/v2\/comments?post=959"}],"version-history":[{"count":0,"href":"https:\/\/redfoxlotto.com\/it\/wp-json\/wp\/v2\/pages\/959\/revisions"}],"up":[{"embeddable":true,"href":"https:\/\/redfoxlotto.com\/it\/wp-json\/wp\/v2\/pages\/920"}],"wp:attachment":[{"href":"https:\/\/redfoxlotto.com\/it\/wp-json\/wp\/v2\/media?parent=959"}],"curies":[{"name":"wp","href":"https:\/\/api.w.org\/{rel}","templated":true}]}}