{"id":923,"date":"2023-04-24T17:37:44","date_gmt":"2023-04-24T17:37:44","guid":{"rendered":"https:\/\/redfoxlotto.com\/?page_id=3514"},"modified":"2025-12-17T09:06:41","modified_gmt":"2025-12-17T09:06:41","slug":"mega-millions","status":"publish","type":"page","link":"https:\/\/redfoxlotto.com\/it\/gioca\/mega-millions\/","title":{"rendered":"Gioca a Mega Millions Online"},"content":{"rendered":"<p><script type=\"application\/ld+json\">\n{\n  \"@context\": \"https:\/\/schema.org\",\n  \"@type\": \"Service\",\n  \"name\": \"Gioca a Mega Millions Online\",\n  \"url\": \"https:\/\/redfoxlotto.com\/it\/gioca\/mega-millions\/\",\n  \"description\": \"Gioca alla lotteria Mega Millions online da qualsiasi paese. Visita RedFoxLotto, scegli i tuoi numeri e ottieni i biglietti.\",\n  \"serviceType\": \"Servizio di intermediazione biglietti lotteria online\",<\/p>\n<p>  \"provider\": {\n    \"@type\": \"Organization\",\n    \"name\": \"RedFoxLotto\",\n    \"url\": \"https:\/\/redfoxlotto.com\/it\/gioca\/mega-millions\/\",\n    \"image\": \"https:\/\/redfoxlotto.com\/wp-content\/uploads\/2025\/12\/ticket_scans.jpg\"\n  },<\/p>\n<p>  \"areaServed\": \"Worldwide\",\n  \"termsOfService\": \"https:\/\/redfoxlotto.com\/terms-and-conditions\",<\/p>\n<p>  \"additionalProperty\": {\n    \"@type\": \"PropertyValue\",\n    \"name\": \"FAQ\",\n    \"value\": \"https:\/\/redfoxlotto.com\/it\/faq\/\"\n  },<\/p>\n<p>  \"hasOfferCatalog\": {\n    \"@type\": \"OfferCatalog\",\n    \"name\": \"Biglietti Mega Millions\",\n    \"itemListElement\": [{\n      \"@type\": \"Offer\",\n      \"name\": \"Biglietti Mega Millions\",\n      \"url\": \"https:\/\/redfoxlotto.com\/it\/gioca\/mega-millions\/\",\n      \"description\": \"Seleziona i tuoi numeri per la prossima estrazione Mega Millions e ordina i biglietti online.\",\n      \"price\": \"13.00\",\n      \"priceCurrency\": \"EUR\",\n      \"availability\": \"https:\/\/schema.org\/InStock\"\n    }]\n  },<\/p>\n<p>  \"mainEntityOfPage\": {\n    \"@type\": \"WebPage\",\n    \"@id\": \"https:\/\/redfoxlotto.com\/it\/gioca\/mega-millions\/\"\n  }\n}\n<\/script><\/p>\n<p>Non \u00e8 necessario recarsi negli Stati Uniti per giocare alla lotteria US Mega Millions! Avete mai voluto giocare a questa lotteria estremamente popolare ma non sapevate come fare? Forse hai visto i numeri che vengono estratti per questo gioco e hai visto gli enormi jackpot che sono disponibili e ti interessava molto giocare, ma pensavi che fosse possibile solo per le persone provenienti dagli Stati Uniti.<!--more--><\/p>\n<p>Ma non \u00e8 affatto cos\u00ec. <strong>Si pu\u00f2 anche giocare a Mega Millions dall&#8217;Italia.<\/strong><\/p>\n<h2>Come giocare a Mega Millions<\/h2>\n<p>Il modo in cui funziona \u00e8 che noi compriamo i vostri biglietti con il nostro servizio negli USA, in modo che possiate giocare a Mega Millions from Italy online. Potete ordinare tutti i lotti sul nostro sito web. Tutto quello che dovete fare \u00e8 selezionare i numeri che volete e il numero di lotti che volete. Naturalmente, si possono giocare anche altre lotterie internazionali dall&#8217;Italia. Basta dare un&#8217;occhiata al nostro sito web.<\/p>\n<p><img loading=\"lazy\" decoding=\"async\" class=\" wp-image alignright\" src=\"https:\/\/content.redfoxlotto.com\/uploads\/sites\/9\/1_play_mega_millions_jackpot.jpg\" alt=\"mega millions giocare online\" width=\"186\" height=\"200\">Dopo l&#8217;acquisto del biglietto della lotteria online, uno dei nostri agenti negli USA acquista i biglietti (con i numeri che avete composto). Successivamente, riceverete una e-mail da noi per confermare l&#8217;acquisto. Ci occupiamo anche del pagamento delle vostre vincite. \u00c8 davvero cos\u00ec facile per voi <a href=\"https:\/\/redfoxlotto.com\/it\/lotteria\/mega-millions\/\">ottenere un biglietto della lotteria Mega Millions<\/a>. Potete trovare maggiori dettagli sul nostro servizio nella nostra sezione FAQ.<\/p>\n<h2>Le regole del Mega Millions Lotto<\/h2>\n<p>Se volete giocare a Mega Millions, dovreste sapere quali sono le regole, giusto? Beh, non \u00e8 troppo difficile. I giocatori scelgono cinque numeri tra 1 e 70 e un numero aggiuntivo da 1 a 25, il che significa che ci sono un totale di 6 palline diverse nella macchina di estrazione per le quali si devono scegliere i numeri.<\/p>\n<p>Per vincere il jackpot, tutti e sei i numeri devono essere scelti correttamente. Per cinque numeri principali corretti, il premio \u00e8 di 1 milione di dollari. Quindi avrete comunque un buon payout anche se non avete digitato correttamente la mega palla.<\/p>\n<h2>Il Mega Millions Jackpot<\/h2>\n<p>Il Mega Millions Lotto \u00e8 noto per i suoi jackpot in rapida crescita. Uno dei motivi \u00e8 che ogni settimana negli Stati Uniti vengono venduti centinaia di milioni di biglietti della lotteria. Ma il jackpot spesso non viene colpito per settimane. Ancora meglio \u00e8 che il jackpot inizia sempre con almeno 40 milioni di dollari. Di solito aumenta lentamente, circa 10-15 milioni di dollari per estrazione (ci sono due estrazioni a settimana). A proposito, indichiamo l&#8217;ammontare di tutti i jackpot in Euro!<\/p>\n<p><img loading=\"lazy\" decoding=\"async\" class=\"wp-image alignright\" src=\"https:\/\/content.redfoxlotto.com\/uploads\/sites\/9\/2_ticket_mega_millions.jpg\" alt=\"mega millions dall'Italia\" width=\"188\" height=\"136\"><\/p>\n<p>Se nessuno vince il premio di primo livello, l&#8217;importo di 100 milioni di dollari viene raggiunto rapidamente. Una volta superata questa soglia, vengono venduti pi\u00f9 lotti del solito. Anche il numero di giocatori online provenienti da Paesi come l&#8217;Italia aumenter\u00e0 notevolmente. Il jackpot inizia a &#8220;esplodere&#8221;. Gli aumenti da 200 milioni a 500 milioni in una settimana sono del tutto normali.<\/p>\n<p>E se il jackpot non \u00e8 stato vinto entro 10 settimane, superer\u00e0 addirittura l&#8217;importo di 1 miliardo di dollari, che \u00e8 avvenuto per l&#8217;ultima volta il 19.10.2018. Il jackpot \u00e8 stato finalmente vinto da un solo vincitore il 23.10.2018; all&#8217;epoca il montepremi ammontava a quasi 1,6 miliardi di dollari.<\/p>\n<p>Ogni volta che la dimensione del jackpot \u00e8 sostanziale, dovresti considerare di ordinare il tuo biglietto per partecipare a diversi disegni consecutivi. In questo modo si pu\u00f2 fare in modo di partecipare al gioco anche per i jackpot successivi, ancora pi\u00f9 alti. E si ottiene anche un piccolo sconto.<\/p>\n<p>\u00c8 importante notare che i <a href=\"https:\/\/redfoxlotto.com\/it\/risultati\/mega-millions\/\">vincitori del jackpot<\/a> negli USA possono scegliere tra due opzioni. O sceglie di ricevere l&#8217;intero importo in 30 pagamenti annuali (con un aumento annuale del 5% corretto per l&#8217;inflazione) oppure decide di ricevere un pagamento una tantum immediato. Questo pagamento sarebbe inferiore all&#8217;importo del jackpot completo, ma il vincitore non deve preoccuparsi di ricevere questi pagamenti ogni anno.<\/p>\n<h2>Questo servizio \u00e8 legale per i giocatori italiani?<\/h2>\n<p>Se state prendendo in considerazione la lotteria online, potreste chiedervi se potete fare lo stesso se non vivete negli Stati Uniti. Molte persone pensano di dover vivere nel paese dove si svolge la lotteria per poter giocare. Tuttavia, questo \u00e8 legale al 100% per i giocatori di tutti i paesi, compresa l&#8217;Italia.<\/p>\n<p>In sostanza, \u00e8 come comprare un biglietto per Mega Millions durante un soggiorno negli USA. Poich\u00e9 i biglietti della lotteria possono essere venduti negli USA a chiunque abbia pi\u00f9 di 18 anni, gli stranieri possono anche vincere legalmente. Alla fine, tutto ci\u00f2 che conta \u00e8 che tu abbia il tuo biglietto. Inoltre, ci assicuriamo anche che siate pagati con quello che avete vinto. Per le vincite pi\u00f9 grandi (pi\u00f9 di \u20ac2500) di solito si riceve un assegno o un bonifico bancario dalla societ\u00e0 della lotteria.<\/p>\n<p>Per le vincite pi\u00f9 piccole, puoi facilmente recuperare le tue vincite direttamente dal nostro sito web e tenerle nel tuo account per acquistare ulteriori biglietti in un secondo momento. Potete anche prelevare sul vostro conto bancario in Italia. Naturalmente non sono soprattutto i piccoli prezzi a interessarvi.<\/p>\n<p>Tuttavia, se vinci il jackpot giocando a Mega Millions online dall&#8217;Italia, dovrai recarti negli USA dove ti verr\u00e0 consegnato l&#8217;assegno di persona. Sicuramente iniziereste questo viaggio con gioia ed entusiasmo! Le persone che negli USA sono responsabili della lotteria amano mettere in scena un grande spettacolo con la persona o le persone che vincono il jackpot.<\/p>\n<p>Questo significa che ti consegneranno un grosso assegno e ti faranno un sacco di foto e le mostreranno in TV, ma se ottieni milioni (o anche pi\u00f9 di un miliardo) di dollari, non sar\u00e0 un problema, vero?<\/p>\n<p><strong>Il <a href=\"https:\/\/redfoxlotto.com\/it\/qual-e-ad-oggi-lammontare-dei-jackpot-powerball-e-mega-millions\/\">prossimo Mega Millions Jackpot<\/a> \u00e8 riservato a voi? Tentate la fortuna ora &#8211; non potete vincere se non comprate un biglietto!<\/strong><\/p>\n","protected":false},"excerpt":{"rendered":"<p>Non \u00e8 necessario recarsi negli Stati Uniti per giocare alla lotteria US Mega Millions! Avete mai voluto giocare a questa lotteria estremamente popolare ma non sapevate come fare? Forse hai visto i numeri che vengono estratti per questo gioco e hai visto gli enormi jackpot che sono disponibili e ti interessava molto giocare, ma pensavi [&hellip;]<\/p>\n","protected":false},"author":1,"featured_media":0,"parent":920,"menu_order":2,"comment_status":"closed","ping_status":"closed","template":"megamillion.php","meta":{"_et_pb_use_builder":"","_et_pb_old_content":"","_et_gb_content_width":"","exclude_from_search":false,"footnotes":""},"class_list":["post-923","page","type-page","status-publish","hentry"],"yoast_head":"<!-- This site is optimized with the Yoast SEO plugin v27.4 - https:\/\/yoast.com\/product\/yoast-seo-wordpress\/ -->\n<title>Gioca a Mega Millions online dall&#039;Italia<\/title>\n<meta name=\"description\" content=\"Ordina qui il tuo biglietto Mega Millions - gioca online dall&#039;Italia o da qualsiasi altro paese!\" \/>\n<meta name=\"robots\" content=\"index, follow, max-snippet:-1, max-image-preview:large, max-video-preview:-1\" \/>\n<link rel=\"canonical\" href=\"https:\/\/redfoxlotto.com\/it\/gioca\/mega-millions\/\" \/>\n<meta property=\"og:locale\" content=\"it_IT\" \/>\n<meta property=\"og:type\" content=\"article\" \/>\n<meta property=\"og:title\" content=\"Gioca a Mega Millions online dall&#039;Italia\" \/>\n<meta property=\"og:description\" content=\"Ordina qui il tuo biglietto Mega Millions - gioca online dall&#039;Italia o da qualsiasi altro paese!\" \/>\n<meta property=\"og:url\" content=\"https:\/\/redfoxlotto.com\/it\/gioca\/mega-millions\/\" \/>\n<meta property=\"og:site_name\" content=\"Get Tickets for the World\u2019s largest jackpots\" \/>\n<meta property=\"article:modified_time\" content=\"2025-12-17T09:06:41+00:00\" \/>\n<meta property=\"og:image\" content=\"https:\/\/content.redfoxlotto.com\/uploads\/sites\/9\/1_play_mega_millions_jackpot.jpg\" \/>\n<meta name=\"twitter:card\" content=\"summary_large_image\" \/>\n<meta name=\"twitter:label1\" content=\"Tempo di lettura stimato\" \/>\n\t<meta name=\"twitter:data1\" content=\"5 minuti\" \/>\n<script type=\"application\/ld+json\" class=\"yoast-schema-graph\">{\"@context\":\"https:\\\/\\\/schema.org\",\"@graph\":[{\"@type\":\"WebPage\",\"@id\":\"https:\\\/\\\/redfoxlotto.com\\\/it\\\/gioca\\\/mega-millions\\\/\",\"url\":\"https:\\\/\\\/redfoxlotto.com\\\/it\\\/gioca\\\/mega-millions\\\/\",\"name\":\"Gioca a Mega Millions online dall'Italia\",\"isPartOf\":{\"@id\":\"https:\\\/\\\/redfoxlotto.com\\\/it\\\/#website\"},\"primaryImageOfPage\":{\"@id\":\"https:\\\/\\\/redfoxlotto.com\\\/it\\\/gioca\\\/mega-millions\\\/#primaryimage\"},\"image\":{\"@id\":\"https:\\\/\\\/redfoxlotto.com\\\/it\\\/gioca\\\/mega-millions\\\/#primaryimage\"},\"thumbnailUrl\":\"https:\\\/\\\/content.redfoxlotto.com\\\/uploads\\\/sites\\\/9\\\/1_play_mega_millions_jackpot.jpg\",\"datePublished\":\"2023-04-24T17:37:44+00:00\",\"dateModified\":\"2025-12-17T09:06:41+00:00\",\"description\":\"Ordina qui il tuo biglietto Mega Millions - gioca online dall'Italia o da qualsiasi altro paese!\",\"breadcrumb\":{\"@id\":\"https:\\\/\\\/redfoxlotto.com\\\/it\\\/gioca\\\/mega-millions\\\/#breadcrumb\"},\"inLanguage\":\"it-IT\",\"potentialAction\":[{\"@type\":\"ReadAction\",\"target\":[\"https:\\\/\\\/redfoxlotto.com\\\/it\\\/gioca\\\/mega-millions\\\/\"]}]},{\"@type\":\"ImageObject\",\"inLanguage\":\"it-IT\",\"@id\":\"https:\\\/\\\/redfoxlotto.com\\\/it\\\/gioca\\\/mega-millions\\\/#primaryimage\",\"url\":\"https:\\\/\\\/content.redfoxlotto.com\\\/uploads\\\/sites\\\/9\\\/1_play_mega_millions_jackpot.jpg\",\"contentUrl\":\"https:\\\/\\\/content.redfoxlotto.com\\\/uploads\\\/sites\\\/9\\\/1_play_mega_millions_jackpot.jpg\"},{\"@type\":\"BreadcrumbList\",\"@id\":\"https:\\\/\\\/redfoxlotto.com\\\/it\\\/gioca\\\/mega-millions\\\/#breadcrumb\",\"itemListElement\":[{\"@type\":\"ListItem\",\"position\":1,\"name\":\"Home\",\"item\":\"https:\\\/\\\/redfoxlotto.com\\\/it\\\/\"},{\"@type\":\"ListItem\",\"position\":2,\"name\":\"Come si gioca al lotto online\",\"item\":\"https:\\\/\\\/redfoxlotto.com\\\/it\\\/gioca\\\/\"},{\"@type\":\"ListItem\",\"position\":3,\"name\":\"Gioca a Mega Millions Online\"}]},{\"@type\":\"WebSite\",\"@id\":\"https:\\\/\\\/redfoxlotto.com\\\/it\\\/#website\",\"url\":\"https:\\\/\\\/redfoxlotto.com\\\/it\\\/\",\"name\":\"Get Tickets for the World\u2019s largest jackpots\",\"description\":\"Participate in worldwide lottery jackpots from any country\",\"publisher\":{\"@id\":\"https:\\\/\\\/redfoxlotto.com\\\/it\\\/#organization\"},\"potentialAction\":[{\"@type\":\"SearchAction\",\"target\":{\"@type\":\"EntryPoint\",\"urlTemplate\":\"https:\\\/\\\/redfoxlotto.com\\\/it\\\/?s={search_term_string}\"},\"query-input\":{\"@type\":\"PropertyValueSpecification\",\"valueRequired\":true,\"valueName\":\"search_term_string\"}}],\"inLanguage\":\"it-IT\"},{\"@type\":\"Organization\",\"@id\":\"https:\\\/\\\/redfoxlotto.com\\\/it\\\/#organization\",\"name\":\"Get Tickets for the World\u2019s largest jackpots\",\"url\":\"https:\\\/\\\/redfoxlotto.com\\\/it\\\/\",\"logo\":{\"@type\":\"ImageObject\",\"inLanguage\":\"it-IT\",\"@id\":\"https:\\\/\\\/redfoxlotto.com\\\/it\\\/#\\\/schema\\\/logo\\\/image\\\/\",\"url\":\"https:\\\/\\\/redfoxlotto.com\\\/wp-content\\\/uploads\\\/2023\\\/04\\\/logo.png\",\"contentUrl\":\"https:\\\/\\\/redfoxlotto.com\\\/wp-content\\\/uploads\\\/2023\\\/04\\\/logo.png\",\"width\":269,\"height\":53,\"caption\":\"Get Tickets for the World\u2019s largest jackpots\"},\"image\":{\"@id\":\"https:\\\/\\\/redfoxlotto.com\\\/it\\\/#\\\/schema\\\/logo\\\/image\\\/\"}}]}<\/script>\n<!-- \/ Yoast SEO plugin. -->","yoast_head_json":{"title":"Gioca a Mega Millions online dall'Italia","description":"Ordina qui il tuo biglietto Mega Millions - gioca online dall'Italia o da qualsiasi altro paese!","robots":{"index":"index","follow":"follow","max-snippet":"max-snippet:-1","max-image-preview":"max-image-preview:large","max-video-preview":"max-video-preview:-1"},"canonical":"https:\/\/redfoxlotto.com\/it\/gioca\/mega-millions\/","og_locale":"it_IT","og_type":"article","og_title":"Gioca a Mega Millions online dall'Italia","og_description":"Ordina qui il tuo biglietto Mega Millions - gioca online dall'Italia o da qualsiasi altro paese!","og_url":"https:\/\/redfoxlotto.com\/it\/gioca\/mega-millions\/","og_site_name":"Get Tickets for the World\u2019s largest jackpots","article_modified_time":"2025-12-17T09:06:41+00:00","og_image":[{"url":"https:\/\/content.redfoxlotto.com\/uploads\/sites\/9\/1_play_mega_millions_jackpot.jpg","type":"","width":"","height":""}],"twitter_card":"summary_large_image","twitter_misc":{"Tempo di lettura stimato":"5 minuti"},"schema":{"@context":"https:\/\/schema.org","@graph":[{"@type":"WebPage","@id":"https:\/\/redfoxlotto.com\/it\/gioca\/mega-millions\/","url":"https:\/\/redfoxlotto.com\/it\/gioca\/mega-millions\/","name":"Gioca a Mega Millions online dall'Italia","isPartOf":{"@id":"https:\/\/redfoxlotto.com\/it\/#website"},"primaryImageOfPage":{"@id":"https:\/\/redfoxlotto.com\/it\/gioca\/mega-millions\/#primaryimage"},"image":{"@id":"https:\/\/redfoxlotto.com\/it\/gioca\/mega-millions\/#primaryimage"},"thumbnailUrl":"https:\/\/content.redfoxlotto.com\/uploads\/sites\/9\/1_play_mega_millions_jackpot.jpg","datePublished":"2023-04-24T17:37:44+00:00","dateModified":"2025-12-17T09:06:41+00:00","description":"Ordina qui il tuo biglietto Mega Millions - gioca online dall'Italia o da qualsiasi altro paese!","breadcrumb":{"@id":"https:\/\/redfoxlotto.com\/it\/gioca\/mega-millions\/#breadcrumb"},"inLanguage":"it-IT","potentialAction":[{"@type":"ReadAction","target":["https:\/\/redfoxlotto.com\/it\/gioca\/mega-millions\/"]}]},{"@type":"ImageObject","inLanguage":"it-IT","@id":"https:\/\/redfoxlotto.com\/it\/gioca\/mega-millions\/#primaryimage","url":"https:\/\/content.redfoxlotto.com\/uploads\/sites\/9\/1_play_mega_millions_jackpot.jpg","contentUrl":"https:\/\/content.redfoxlotto.com\/uploads\/sites\/9\/1_play_mega_millions_jackpot.jpg"},{"@type":"BreadcrumbList","@id":"https:\/\/redfoxlotto.com\/it\/gioca\/mega-millions\/#breadcrumb","itemListElement":[{"@type":"ListItem","position":1,"name":"Home","item":"https:\/\/redfoxlotto.com\/it\/"},{"@type":"ListItem","position":2,"name":"Come si gioca al lotto online","item":"https:\/\/redfoxlotto.com\/it\/gioca\/"},{"@type":"ListItem","position":3,"name":"Gioca a Mega Millions Online"}]},{"@type":"WebSite","@id":"https:\/\/redfoxlotto.com\/it\/#website","url":"https:\/\/redfoxlotto.com\/it\/","name":"Get Tickets for the World\u2019s largest jackpots","description":"Participate in worldwide lottery jackpots from any country","publisher":{"@id":"https:\/\/redfoxlotto.com\/it\/#organization"},"potentialAction":[{"@type":"SearchAction","target":{"@type":"EntryPoint","urlTemplate":"https:\/\/redfoxlotto.com\/it\/?s={search_term_string}"},"query-input":{"@type":"PropertyValueSpecification","valueRequired":true,"valueName":"search_term_string"}}],"inLanguage":"it-IT"},{"@type":"Organization","@id":"https:\/\/redfoxlotto.com\/it\/#organization","name":"Get Tickets for the World\u2019s largest jackpots","url":"https:\/\/redfoxlotto.com\/it\/","logo":{"@type":"ImageObject","inLanguage":"it-IT","@id":"https:\/\/redfoxlotto.com\/it\/#\/schema\/logo\/image\/","url":"https:\/\/redfoxlotto.com\/wp-content\/uploads\/2023\/04\/logo.png","contentUrl":"https:\/\/redfoxlotto.com\/wp-content\/uploads\/2023\/04\/logo.png","width":269,"height":53,"caption":"Get Tickets for the World\u2019s largest jackpots"},"image":{"@id":"https:\/\/redfoxlotto.com\/it\/#\/schema\/logo\/image\/"}}]}},"_links":{"self":[{"href":"https:\/\/redfoxlotto.com\/it\/wp-json\/wp\/v2\/pages\/923","targetHints":{"allow":["GET"]}}],"collection":[{"href":"https:\/\/redfoxlotto.com\/it\/wp-json\/wp\/v2\/pages"}],"about":[{"href":"https:\/\/redfoxlotto.com\/it\/wp-json\/wp\/v2\/types\/page"}],"author":[{"embeddable":true,"href":"https:\/\/redfoxlotto.com\/it\/wp-json\/wp\/v2\/users\/1"}],"replies":[{"embeddable":true,"href":"https:\/\/redfoxlotto.com\/it\/wp-json\/wp\/v2\/comments?post=923"}],"version-history":[{"count":0,"href":"https:\/\/redfoxlotto.com\/it\/wp-json\/wp\/v2\/pages\/923\/revisions"}],"up":[{"embeddable":true,"href":"https:\/\/redfoxlotto.com\/it\/wp-json\/wp\/v2\/pages\/920"}],"wp:attachment":[{"href":"https:\/\/redfoxlotto.com\/it\/wp-json\/wp\/v2\/media?parent=923"}],"curies":[{"name":"wp","href":"https:\/\/api.w.org\/{rel}","templated":true}]}}