{"id":922,"date":"2022-10-26T09:30:02","date_gmt":"2022-10-26T09:30:02","guid":{"rendered":"https:\/\/redfoxlotto.com\/?page_id=3512"},"modified":"2025-12-17T07:35:21","modified_gmt":"2025-12-17T07:35:21","slug":"euromillions","status":"publish","type":"page","link":"https:\/\/redfoxlotto.com\/it\/gioca\/euromillions\/","title":{"rendered":"Come giocare all&#8217;Euromillions dall&#8217;Italia"},"content":{"rendered":"<p><script type=\"application\/ld+json\">\n{\n  \"@context\": \"https:\/\/schema.org\",\n  \"@type\": \"Service\",\n  \"name\": \"Gioca Euromillions Online\",\n  \"url\": \"https:\/\/redfoxlotto.com\/it\/gioca\/euromillions\/\",\n  \"description\": \"Gioca alla lotteria Euromillions online da qualsiasi paese. Visita RedFoxLotto, scegli i tuoi numeri e ottieni i tuoi biglietti.\",\n  \"serviceType\": \"Online lottery ticket messenger service\",\n  \"provider\": {\n    \"@type\": \"Organization\",\n    \"name\": \"RedFoxLotto\",\n    \"url\": \"https:\/\/redfoxlotto.com\/it\/\",\n    \"image\": \"https:\/\/redfoxlotto.com\/wp-content\/uploads\/2025\/12\/ticket_scans.jpg\",\n    \"sameAs\": []\n  },\n  \"areaServed\": \"Worldwide\",\n  \"termsOfService\": \"https:\/\/redfoxlotto.com\/terms-and-conditions\",\n  \"additionalProperty\": {\n    \"@type\": \"PropertyValue\",\n    \"name\": \"FAQ\",\n    \"value\": \"https:\/\/redfoxlotto.com\/it\/faq\/\"\n  },\n  \"hasOfferCatalog\": {\n    \"@type\": \"OfferCatalog\",\n    \"name\": \"Biglietti Euromillions\",\n    \"itemListElement\": [\n      {\n        \"@type\": \"Offer\",\n        \"name\": \"Biglietti Euromillions\",\n        \"url\": \"https:\/\/redfoxlotto.com\/it\/gioca\/euromillions\/\",\n        \"description\": \"Clicca qui per selezionare i tuoi numeri per l'estrazione Euromillions successiva \u2013 ordina i tuoi biglietti online.\",\n        \"price\": \"7.00\",\n        \"priceCurrency\": \"EUR\",\n        \"availability\": \"https:\/\/schema.org\/InStock\",\n        \"itemOffered\": {\n          \"@type\": \"Service\",\n          \"name\": \"Biglietti Euromillions\",\n          \"description\": \"Partecipa alla prossima estrazione Euromillions tramite RedFoxLotto.\"\n        }\n      }\n    ]\n  },\n  \"mainEntityOfPage\": {\n    \"@type\": \"WebPage\",\n    \"@id\": \"https:\/\/redfoxlotto.com\/it\/gioca\/euromillions\/\"\n  }\n}\n<\/script><\/p>\n<p>Avete mai sentito parlare dell&#8217;EuroMillions? Se vivete in un Paese europeo sicuramente s\u00ec. Ma se vivete in Italia, forse no. Quindi, diamo un&#8217;occhiata pi\u00f9 da vicino a come giocare all&#8217;EuroMillions online, che ne dite?<\/p>\n<p>L&#8217;EuroMillions \u00e8 una lotteria internazionale che pu\u00f2 essere giocata in nove Paesi europei. Ci\u00f2 significa che potreste gi\u00e0 vivere in un Paese in cui \u00e8 possibile acquistare un biglietto. I biglietti della lotteria EuroMillions, tuttavia, non possono essere acquistati nei negozi di altri Paesi, compresa l&#8217;Italia.<img loading=\"lazy\" decoding=\"async\" class=\"wp-image-4203 alignright\" src=\"https:\/\/content.redfoxlotto.com\/uploads\/sites\/9\/2_ticket_euromillions.jpg\" alt=\"euromiliardi online\" width=\"156\" height=\"416\" \/><\/p>\n<p>Ora, vorrete sicuramente fare qualcosa al riguardo perch\u00e9, oltre all&#8217;Eurojackpot, l&#8217;EuroMillions \u00e8 la pi\u00f9 grande lotteria d&#8217;Europa. La lotteria \u00e8 stata fondata nel 2004 e finora il jackpot record \u00e8 stato di 190 milioni di euro. \u00c8 stato vinto da un singolo giocatore sconosciuto nell&#8217;ottobre 2014. Si tratta sicuramente di qualcosa di cui si vuole avere almeno una possibilit\u00e0, giusto?<\/p>\n<p>Volete poter dire di aver quasi vinto l&#8217;EuroMillions? Ecco perch\u00e9 dovete saperne di pi\u00f9 sui biglietti.<\/p>\n<p>Le estrazioni del lotto EuroMillions si svolgono a Parigi il marted\u00ec e il venerd\u00ec. Per vincere il jackpot, un biglietto deve indicare correttamente 5 numeri da 1 a 50, oltre alla &#8220;stella fortunata&#8221;, un numero compreso tra 1 e 12. Naturalmente, ci sono altri livelli di vincita. Per la vincita pi\u00f9 piccola, \u00e8 necessario aver selezionato correttamente 2 dei 5 numeri principali.<\/p>\n<p>Tutto ci\u00f2 significa che avrete ottime possibilit\u00e0 di vincere qualcosa, perch\u00e9 per vincere un premio bastano 2 numeri. E quando vincete anche un premio minore, avrete il denaro necessario per acquistare un nuovo biglietto e riprovare per l&#8217;estrazione successiva.<\/p>\n<h2>Come funziona l&#8217;acquisto online dei biglietti dall&#8217;Italia?<\/h2>\n<p>Per acquistare i biglietti e giocare all&#8217;EuroMillions online dall&#8217;Italia, tutto ci\u00f2 che dovete fare \u00e8 cliccare su EuroMillions sul nostro sito web. Da l\u00ec, sarete guidati attraverso le fasi di ci\u00f2 che dovete fare per ottenere il biglietto. Scegliete i numeri che volete (purch\u00e9 siano conformi alle regole). \u00c8 disponibile anche la funzione &#8220;Quick Pick&#8221;.<\/p>\n<p>Con un solo clic del mouse, potete far s\u00ec che un generatore di numeri casuali determini i vostri numeri. Se lo desiderate, potete comunque modificare manualmente i numeri scelti, in modo da ottenere una combinazione di numeri scelti da voi e di numeri scelti a caso per voi. Quindi, aggiungete al carrello tutti i biglietti che desiderate, in modo da essere pronti per l&#8217;acquisto.<\/p>\n<p>Se lo desiderate, potete aggiungere altri biglietti al vostro ordine. L&#8217;ordine pu\u00f2 includere anche biglietti per altre lotterie. Molti dei nostri clienti giocano a diverse lotterie internazionali contemporaneamente. La maggior parte delle persone sceglie le proprie lotterie in base alle dimensioni del jackpot attuale, ed \u00e8 qui che probabilmente si trova anche l&#8217;EuroMillions. Il montepremi \u00e8 sicuramente molto alto ed \u00e8 uno di quelli che vorrete vedere con i vostri occhi (e che potrete sfruttare).<\/p>\n<p>Quindi, seguite le istruzioni sul nostro sito web per completare l&#8217;acquisto e pagare online. Potrete avere il vostro biglietto in pochi minuti, anche se non avete ancora un account con noi. \u00c8 davvero cos\u00ec facile iniziare a giocare.<\/p>\n<h2>Vantaggi di giocare alle lotterie internazionali come Euromillions online<\/h2>\n<p>A parte la convenienza, ecco uno dei principali vantaggi di giocare ai jackpot delle lotterie internazionali. Potete utilizzare il vostro denaro della lotteria in modo pi\u00f9 proficuo, acquistando solo biglietti per quelle lotterie i cui jackpot sono attualmente abbastanza alti. Non dovrete aspettare per settimane che il jackpot della lotteria nazionale sia sufficientemente alto nel vostro Paese. Potete scegliere un jackpot molto pi\u00f9 alto online praticamente in qualsiasi momento. In realt\u00e0, la maggior parte dei Paesi del mondo ha lotterie che non raggiungono mai jackpot che abbiano anche solo una frazione di quelli delle pi\u00f9 grandi lotterie mondiali.<br \/>\n<img loading=\"lazy\" decoding=\"async\" class=\"alignright size-full wp-image-4215\" src=\"https:\/\/content.redfoxlotto.com\/uploads\/sites\/9\/1_play_onlinelottery4.jpg\" alt=\"gioca online\" width=\"231\" height=\"130\" \/><br \/>\nPer coloro che vogliono davvero tentare di aggiudicarsi alcuni dei premi pi\u00f9 grandi, questa \u00e8 sicuramente la parte migliore di tutte. Si vuole avere la possibilit\u00e0 di vincere milioni di euro, piuttosto che le piccole somme con cui iniziano molte lotterie in Italia. Certo, \u00e8 bello vincere. Ma sar\u00e0 ancora pi\u00f9 bello vincere se si ottiene qualcosa che cambier\u00e0 davvero la propria vita, invece di vincere qualcosa che servir\u00e0 solo a comprare il prossimo biglietto che si desidera.<\/p>\n<p>Poich\u00e9 ci sono due estrazioni settimanali, il jackpot dell&#8217;EuroMillions aumenta abbastanza velocemente. Per questo motivo, potreste considerare di attivare l&#8217;opzione di far partecipare i vostri biglietti a pi\u00f9 estrazioni consecutive. Questo pu\u00f2 essere fatto durante il processo di acquisto online.<\/p>\n<p>L&#8217;opzione \u00e8 disponibile prima che l&#8217;ordine sia completato. In questo modo si rimane sempre in gioco per il jackpot pi\u00f9 alto dell&#8217;estrazione successiva. L&#8217;estrazione successiva potrebbe non avere un vincitore per il premio principale, ma forse quella successiva sar\u00e0 la vostra occasione fortunata.<\/p>\n<p>Se acquistate estrazioni supplementari per un singolo biglietto, significa anche che non dovrete preoccuparvi di ottenere altri biglietti per un po&#8217; di tempo in pi\u00f9. Potrete semplicemente aspettare di vedere cosa fa il vostro biglietto attuale e vedere come si trasformer\u00e0 in una grande vincita per voi. \u00c8 semplicissimo e sarete pi\u00f9 che felici quando vedrete la possibile vincita.<\/p>\n<p>I giocatori pagano un po&#8217; di pi\u00f9 se i biglietti dell&#8217;EuroMillions vengono acquistati nel Regno Unito. Ci\u00f2 \u00e8 dovuto al fatto che i biglietti del Regno Unito prevedono la partecipazione automatica all&#8217;estrazione Millionaire Maker, che offre un&#8217;opportunit\u00e0 in pi\u00f9 di vincere un premio da 1 milione di sterline.<\/p>\n<p>Il Millionaire Maker funziona generando un codice unico per ogni biglietto acquistato. Questo codice \u00e8 composto da quattro lettere seguite da cinque numeri (ad esempio, ABCD12345). In ogni estrazione, uno o pi\u00f9 di questi codici vengono selezionati in modo casuale e il possessore del biglietto con il codice corrispondente vince immediatamente 1 milione di sterline, indipendentemente dai numeri principali di EuroMillions estratti.<\/p>\n<p>Questa caratteristica rende particolarmente interessante giocare all&#8217;EuroMillions nel Regno Unito, in quanto offre un&#8217;ulteriore opportunit\u00e0 di vincere un premio significativo oltre al jackpot standard e ai premi di livello inferiore.<\/p>\n<p>Quindi, se il jackpot della vostra lotteria locale in Italia non \u00e8 cos\u00ec attraente al momento, perch\u00e9 non tentare la fortuna e giocare all&#8217;EuroMillions online? Non si sa mai per cosa si potrebbe concorrere o cosa si potrebbe vincere. E l&#8217;intero processo \u00e8 super facile da iniziare. Che cosa avete da perdere se provate un gioco completamente nuovo con jackpot di oltre 100 milioni? Assolutamente nulla! E potreste vincere qualcosa di enorme nella prossima estrazione.<\/p>\n<section class=\"layout\" style=\"border: solid 1px; width: 100%;\">\n<div class=\"img-div\" style=\"margin-top: 5px;\"><img decoding=\"async\" class=\"wp-image-17212 alignleft\" style=\"height: 45px; margin: 8px 8px 0px;\" src=\"https:\/\/redfoxlotto.com\/wp-content\/uploads\/sites\/9\/read1.jpg\" alt=\"comprare la lotteria online\" width=\"\" height=\"\" \/><\/div>\n<div style=\"padding-left: 5px;\">\n<div style=\"font-size: 1.1em;\">\n<p><strong>I pi\u00f9 grandi jackpot della lotteria che hanno fatto la storia<\/strong><\/p>\n<p style=\"font-size: 0.8em; margin-top: -1.5em;\">Conoscete alcune delle pi\u00f9 grandi vincite di jackpot della lotteria nella storia che hanno cambiato la vita dei vincitori da un giorno all&#8217;altro. <a href=\"https:\/\/redfoxlotto.com\/it\/i-piu-grandi-jackpot-della-lotteria-che-hanno-fatto-la-storia\/\">Per saperne di pi\u00f9<\/a><\/p>\n<\/div>\n<\/div>\n<\/section>\n","protected":false},"excerpt":{"rendered":"<p>Avete mai sentito parlare dell&#8217;EuroMillions? Se vivete in un Paese europeo sicuramente s\u00ec. Ma se vivete in Italia, forse no. Quindi, diamo un&#8217;occhiata pi\u00f9 da vicino a come giocare all&#8217;EuroMillions online, che ne dite? L&#8217;EuroMillions \u00e8 una lotteria internazionale che pu\u00f2 essere giocata in nove Paesi europei. Ci\u00f2 significa che potreste gi\u00e0 vivere in un [&hellip;]<\/p>\n","protected":false},"author":1,"featured_media":0,"parent":920,"menu_order":3,"comment_status":"closed","ping_status":"closed","template":"euromillions.php","meta":{"_et_pb_use_builder":"","_et_pb_old_content":"","_et_gb_content_width":"","exclude_from_search":false,"footnotes":""},"class_list":["post-922","page","type-page","status-publish","hentry"],"yoast_head":"<!-- This site is optimized with the Yoast SEO plugin v23.8 - https:\/\/yoast.com\/wordpress\/plugins\/seo\/ -->\n<title>Gioca a Euromillions online dall&#039;Italia | La pi\u00f9 grande lotteria d&#039;Europa<\/title>\n<meta name=\"description\" content=\"Gli appassionati del Lotto in Italia possono giocare a Euromillions online ora - controlla il nostro servizio per il biglietto Euromillions\" \/>\n<meta name=\"robots\" content=\"index, follow, max-snippet:-1, max-image-preview:large, max-video-preview:-1\" \/>\n<link rel=\"canonical\" href=\"https:\/\/redfoxlotto.com\/it\/gioca\/euromillions\/\" \/>\n<meta property=\"og:locale\" content=\"it_IT\" \/>\n<meta property=\"og:type\" content=\"article\" \/>\n<meta property=\"og:title\" content=\"Gioca a Euromillions online dall&#039;Italia | La pi\u00f9 grande lotteria d&#039;Europa\" \/>\n<meta property=\"og:description\" content=\"Gli appassionati del Lotto in Italia possono giocare a Euromillions online ora - controlla il nostro servizio per il biglietto Euromillions\" \/>\n<meta property=\"og:url\" content=\"https:\/\/redfoxlotto.com\/it\/gioca\/euromillions\/\" \/>\n<meta property=\"og:site_name\" content=\"Get Tickets for the World\u2019s largest jackpots\" \/>\n<meta property=\"article:modified_time\" content=\"2025-12-17T07:35:21+00:00\" \/>\n<meta property=\"og:image\" content=\"https:\/\/content.redfoxlotto.com\/uploads\/sites\/9\/2_ticket_euromillions.jpg\" \/>\n<meta name=\"twitter:card\" content=\"summary_large_image\" \/>\n<meta name=\"twitter:label1\" content=\"Tempo di lettura stimato\" \/>\n\t<meta name=\"twitter:data1\" content=\"6 minuti\" \/>\n<script type=\"application\/ld+json\" class=\"yoast-schema-graph\">{\"@context\":\"https:\/\/schema.org\",\"@graph\":[{\"@type\":\"WebPage\",\"@id\":\"https:\/\/redfoxlotto.com\/it\/gioca\/euromillions\/\",\"url\":\"https:\/\/redfoxlotto.com\/it\/gioca\/euromillions\/\",\"name\":\"Gioca a Euromillions online dall'Italia | La pi\u00f9 grande lotteria d'Europa\",\"isPartOf\":{\"@id\":\"https:\/\/redfoxlotto.com\/it\/#website\"},\"primaryImageOfPage\":{\"@id\":\"https:\/\/redfoxlotto.com\/it\/gioca\/euromillions\/#primaryimage\"},\"image\":{\"@id\":\"https:\/\/redfoxlotto.com\/it\/gioca\/euromillions\/#primaryimage\"},\"thumbnailUrl\":\"https:\/\/content.redfoxlotto.com\/uploads\/sites\/9\/2_ticket_euromillions.jpg\",\"datePublished\":\"2022-10-26T09:30:02+00:00\",\"dateModified\":\"2025-12-17T07:35:21+00:00\",\"description\":\"Gli appassionati del Lotto in Italia possono giocare a Euromillions online ora - controlla il nostro servizio per il biglietto Euromillions\",\"breadcrumb\":{\"@id\":\"https:\/\/redfoxlotto.com\/it\/gioca\/euromillions\/#breadcrumb\"},\"inLanguage\":\"it-IT\",\"potentialAction\":[{\"@type\":\"ReadAction\",\"target\":[\"https:\/\/redfoxlotto.com\/it\/gioca\/euromillions\/\"]}]},{\"@type\":\"ImageObject\",\"inLanguage\":\"it-IT\",\"@id\":\"https:\/\/redfoxlotto.com\/it\/gioca\/euromillions\/#primaryimage\",\"url\":\"https:\/\/content.redfoxlotto.com\/uploads\/sites\/9\/2_ticket_euromillions.jpg\",\"contentUrl\":\"https:\/\/content.redfoxlotto.com\/uploads\/sites\/9\/2_ticket_euromillions.jpg\"},{\"@type\":\"BreadcrumbList\",\"@id\":\"https:\/\/redfoxlotto.com\/it\/gioca\/euromillions\/#breadcrumb\",\"itemListElement\":[{\"@type\":\"ListItem\",\"position\":1,\"name\":\"Home\",\"item\":\"https:\/\/redfoxlotto.com\/it\/\"},{\"@type\":\"ListItem\",\"position\":2,\"name\":\"Come si gioca al lotto online\",\"item\":\"https:\/\/redfoxlotto.com\/it\/gioca\/\"},{\"@type\":\"ListItem\",\"position\":3,\"name\":\"Come giocare all&#8217;Euromillions dall&#8217;Italia\"}]},{\"@type\":\"WebSite\",\"@id\":\"https:\/\/redfoxlotto.com\/it\/#website\",\"url\":\"https:\/\/redfoxlotto.com\/it\/\",\"name\":\"Get Tickets for the World\u2019s largest jackpots\",\"description\":\"Participate in worldwide lottery jackpots from any country\",\"publisher\":{\"@id\":\"https:\/\/redfoxlotto.com\/it\/#organization\"},\"potentialAction\":[{\"@type\":\"SearchAction\",\"target\":{\"@type\":\"EntryPoint\",\"urlTemplate\":\"https:\/\/redfoxlotto.com\/it\/?s={search_term_string}\"},\"query-input\":{\"@type\":\"PropertyValueSpecification\",\"valueRequired\":true,\"valueName\":\"search_term_string\"}}],\"inLanguage\":\"it-IT\"},{\"@type\":\"Organization\",\"@id\":\"https:\/\/redfoxlotto.com\/it\/#organization\",\"name\":\"Get Tickets for the World\u2019s largest jackpots\",\"url\":\"https:\/\/redfoxlotto.com\/it\/\",\"logo\":{\"@type\":\"ImageObject\",\"inLanguage\":\"it-IT\",\"@id\":\"https:\/\/redfoxlotto.com\/it\/#\/schema\/logo\/image\/\",\"url\":\"https:\/\/redfoxlotto.com\/wp-content\/uploads\/2023\/04\/logo.png\",\"contentUrl\":\"https:\/\/redfoxlotto.com\/wp-content\/uploads\/2023\/04\/logo.png\",\"width\":269,\"height\":53,\"caption\":\"Get Tickets for the World\u2019s largest jackpots\"},\"image\":{\"@id\":\"https:\/\/redfoxlotto.com\/it\/#\/schema\/logo\/image\/\"}}]}<\/script>\n<!-- \/ Yoast SEO plugin. -->","yoast_head_json":{"title":"Gioca a Euromillions online dall'Italia | La pi\u00f9 grande lotteria d'Europa","description":"Gli appassionati del Lotto in Italia possono giocare a Euromillions online ora - controlla il nostro servizio per il biglietto Euromillions","robots":{"index":"index","follow":"follow","max-snippet":"max-snippet:-1","max-image-preview":"max-image-preview:large","max-video-preview":"max-video-preview:-1"},"canonical":"https:\/\/redfoxlotto.com\/it\/gioca\/euromillions\/","og_locale":"it_IT","og_type":"article","og_title":"Gioca a Euromillions online dall'Italia | La pi\u00f9 grande lotteria d'Europa","og_description":"Gli appassionati del Lotto in Italia possono giocare a Euromillions online ora - controlla il nostro servizio per il biglietto Euromillions","og_url":"https:\/\/redfoxlotto.com\/it\/gioca\/euromillions\/","og_site_name":"Get Tickets for the World\u2019s largest jackpots","article_modified_time":"2025-12-17T07:35:21+00:00","og_image":[{"url":"https:\/\/content.redfoxlotto.com\/uploads\/sites\/9\/2_ticket_euromillions.jpg"}],"twitter_card":"summary_large_image","twitter_misc":{"Tempo di lettura stimato":"6 minuti"},"schema":{"@context":"https:\/\/schema.org","@graph":[{"@type":"WebPage","@id":"https:\/\/redfoxlotto.com\/it\/gioca\/euromillions\/","url":"https:\/\/redfoxlotto.com\/it\/gioca\/euromillions\/","name":"Gioca a Euromillions online dall'Italia | La pi\u00f9 grande lotteria d'Europa","isPartOf":{"@id":"https:\/\/redfoxlotto.com\/it\/#website"},"primaryImageOfPage":{"@id":"https:\/\/redfoxlotto.com\/it\/gioca\/euromillions\/#primaryimage"},"image":{"@id":"https:\/\/redfoxlotto.com\/it\/gioca\/euromillions\/#primaryimage"},"thumbnailUrl":"https:\/\/content.redfoxlotto.com\/uploads\/sites\/9\/2_ticket_euromillions.jpg","datePublished":"2022-10-26T09:30:02+00:00","dateModified":"2025-12-17T07:35:21+00:00","description":"Gli appassionati del Lotto in Italia possono giocare a Euromillions online ora - controlla il nostro servizio per il biglietto Euromillions","breadcrumb":{"@id":"https:\/\/redfoxlotto.com\/it\/gioca\/euromillions\/#breadcrumb"},"inLanguage":"it-IT","potentialAction":[{"@type":"ReadAction","target":["https:\/\/redfoxlotto.com\/it\/gioca\/euromillions\/"]}]},{"@type":"ImageObject","inLanguage":"it-IT","@id":"https:\/\/redfoxlotto.com\/it\/gioca\/euromillions\/#primaryimage","url":"https:\/\/content.redfoxlotto.com\/uploads\/sites\/9\/2_ticket_euromillions.jpg","contentUrl":"https:\/\/content.redfoxlotto.com\/uploads\/sites\/9\/2_ticket_euromillions.jpg"},{"@type":"BreadcrumbList","@id":"https:\/\/redfoxlotto.com\/it\/gioca\/euromillions\/#breadcrumb","itemListElement":[{"@type":"ListItem","position":1,"name":"Home","item":"https:\/\/redfoxlotto.com\/it\/"},{"@type":"ListItem","position":2,"name":"Come si gioca al lotto online","item":"https:\/\/redfoxlotto.com\/it\/gioca\/"},{"@type":"ListItem","position":3,"name":"Come giocare all&#8217;Euromillions dall&#8217;Italia"}]},{"@type":"WebSite","@id":"https:\/\/redfoxlotto.com\/it\/#website","url":"https:\/\/redfoxlotto.com\/it\/","name":"Get Tickets for the World\u2019s largest jackpots","description":"Participate in worldwide lottery jackpots from any country","publisher":{"@id":"https:\/\/redfoxlotto.com\/it\/#organization"},"potentialAction":[{"@type":"SearchAction","target":{"@type":"EntryPoint","urlTemplate":"https:\/\/redfoxlotto.com\/it\/?s={search_term_string}"},"query-input":{"@type":"PropertyValueSpecification","valueRequired":true,"valueName":"search_term_string"}}],"inLanguage":"it-IT"},{"@type":"Organization","@id":"https:\/\/redfoxlotto.com\/it\/#organization","name":"Get Tickets for the World\u2019s largest jackpots","url":"https:\/\/redfoxlotto.com\/it\/","logo":{"@type":"ImageObject","inLanguage":"it-IT","@id":"https:\/\/redfoxlotto.com\/it\/#\/schema\/logo\/image\/","url":"https:\/\/redfoxlotto.com\/wp-content\/uploads\/2023\/04\/logo.png","contentUrl":"https:\/\/redfoxlotto.com\/wp-content\/uploads\/2023\/04\/logo.png","width":269,"height":53,"caption":"Get Tickets for the World\u2019s largest jackpots"},"image":{"@id":"https:\/\/redfoxlotto.com\/it\/#\/schema\/logo\/image\/"}}]}},"_links":{"self":[{"href":"https:\/\/redfoxlotto.com\/it\/wp-json\/wp\/v2\/pages\/922","targetHints":{"allow":["GET"]}}],"collection":[{"href":"https:\/\/redfoxlotto.com\/it\/wp-json\/wp\/v2\/pages"}],"about":[{"href":"https:\/\/redfoxlotto.com\/it\/wp-json\/wp\/v2\/types\/page"}],"author":[{"embeddable":true,"href":"https:\/\/redfoxlotto.com\/it\/wp-json\/wp\/v2\/users\/1"}],"replies":[{"embeddable":true,"href":"https:\/\/redfoxlotto.com\/it\/wp-json\/wp\/v2\/comments?post=922"}],"version-history":[{"count":0,"href":"https:\/\/redfoxlotto.com\/it\/wp-json\/wp\/v2\/pages\/922\/revisions"}],"up":[{"embeddable":true,"href":"https:\/\/redfoxlotto.com\/it\/wp-json\/wp\/v2\/pages\/920"}],"wp:attachment":[{"href":"https:\/\/redfoxlotto.com\/it\/wp-json\/wp\/v2\/media?parent=922"}],"curies":[{"name":"wp","href":"https:\/\/api.w.org\/{rel}","templated":true}]}}