{"id":921,"date":"2023-04-24T17:44:36","date_gmt":"2023-04-24T17:44:36","guid":{"rendered":"https:\/\/redfoxlotto.com\/?page_id=3510"},"modified":"2025-12-16T14:14:22","modified_gmt":"2025-12-16T14:14:22","slug":"eurojackpot","status":"publish","type":"page","link":"https:\/\/redfoxlotto.com\/it\/gioca\/eurojackpot\/","title":{"rendered":"Gioca a Eurojackpot"},"content":{"rendered":"<p><script type=\"application\/ld+json\">\n{\n  \"@context\": \"https:\/\/schema.org\",\n  \"@type\": \"Service\",\n  \"name\": \"Gioca a Eurojackpot online\",\n  \"url\": \"https:\/\/redfoxlotto.com\/it\/gioca\/eurojackpot\/\",\n  \"description\": \"Gioca alla lotteria Eurojackpot online da qualsiasi paese. Visita RedFoxLotto, scegli i tuoi numeri e ottieni i tuoi biglietti.\",\n  \"serviceType\": \"Servizio di intermediazione biglietti della lotteria online\",\n  \"provider\": {\n    \"@type\": \"Organization\",\n    \"name\": \"RedFoxLotto\",\n    \"url\": \"https:\/\/redfoxlotto.com\/it\/\",\n    \"image\": \"https:\/\/redfoxlotto.com\/wp-content\/uploads\/2025\/12\/ticket_scans.jpg\",\n    \"sameAs\": []\n  },\n  \"areaServed\": \"Worldwide\",\n  \"termsOfService\": \"https:\/\/redfoxlotto.com\/terms-and-conditions\",\n  \"additionalProperty\": {\n    \"@type\": \"PropertyValue\",\n    \"name\": \"FAQ\",\n    \"value\": \"https:\/\/redfoxlotto.com\/it\/faq\/\"\n  },\n  \"hasOfferCatalog\": {\n    \"@type\": \"OfferCatalog\",\n    \"name\": \"Biglietti Eurojackpot\",\n    \"itemListElement\": [\n      {\n        \"@type\": \"Offer\",\n        \"name\": \"Biglietti Eurojackpot\",\n        \"url\": \"https:\/\/redfoxlotto.com\/it\/gioca\/eurojackpot\/\",\n        \"description\": \"Clicca qui per selezionare i tuoi numeri per la prossima estrazione Eurojackpot \u2013 ordina i tuoi biglietti online.\",\n        \"price\": 6.00,\n        \"priceCurrency\": \"EUR\",\n        \"availability\": \"https:\/\/schema.org\/InStock\",\n        \"itemOffered\": {\n          \"@type\": \"Service\",\n          \"name\": \"Biglietti Eurojackpot\",\n          \"description\": \"Partecipa alla prossima estrazione Eurojackpot tramite RedFoxLotto.\"\n        }\n      }\n    ]\n  },\n  \"mainEntityOfPage\": {\n    \"@type\": \"WebPage\",\n    \"@id\": \"https:\/\/redfoxlotto.com\/it\/gioca\/eurojackpot\/\"\n  }\n}\n<\/script><\/p>\n<h2>Come partecipare all&#8217;Eurojackpot dall&#8217;Italia<\/h2>\n<p>Avrete sentito parlare dell&#8217;Eurojackpot Lotto, sia che viviate attualmente in uno dei Paesi europei in cui si gioca, sia che non lo facciate. Si tratta di una lotteria che ha preso il via nel 2012 con la partecipazione di 19 Paesi europei. Ma se vivete in Italia, o in qualsiasi altro Paese non incluso nell&#8217;elenco dei partecipanti, non c&#8217;\u00e8 modo di ottenere un biglietto per Eurojackpot nel modo tradizionale.<\/p>\n<p>Ci\u00f2 significa che, fino a poco tempo fa, non avreste potuto giocare, e questo non vi permetter\u00e0 di accedere a questo nuovo jackpot, giusto? Ebbene, ora potete giocare a Eurojackpot online.<\/p>\n<h2>Internet in soccorso<\/h2>\n<p><img loading=\"lazy\" decoding=\"async\" class=\" wp-image alignright\" src=\"https:\/\/redfoxlotto.org\/wp-content\/uploads\/2023\/04\/lotto-online-495x329-1-282x300-1.jpg\" alt=\"gioca a eurojackpot online\" width=\"174\" height=\"372\" \/><br \/>\nLa soluzione per gli appassionati del lotto italiani e non solo \u00e8 fornita dal nostro sito Internet. Oltre a Eurojackpot, vi diamo accesso a numerose lotterie internazionali. Offriamo un servizio di corriere per i biglietti del lotto delle lotterie con i maggiori jackpot di tutto il mondo. La maggior parte di queste lotterie, se non tutte, non sarebbero altrimenti disponibili per voi, ma noi vi copriamo!<\/p>\n<h2>Perch\u00e9 giocare a Eurojackpot?<\/h2>\n<p>Dopo tutto, sappiamo che le persone di tutto il mondo vogliono avere la possibilit\u00e0 di giocare e vincere questi grandi jackpot piuttosto che essere bloccati solo con i jackpot delle loro lotterie nazionali.<\/p>\n<p>Tutto quello che dovete fare \u00e8 scegliere dal nostro elenco di lotterie. Abbiamo a disposizione alcune delle pi\u00f9 popolari di tutto il mondo. In questo modo potrete dare un&#8217;occhiata, vedere cosa offre ciascuna di esse e decidere quali vi interessano di pi\u00f9.<\/p>\n<p>Quindi scegliete i vostri numeri manualmente o lasciate che il nostro generatore di numeri casuali lo faccia per voi (funzione &#8220;Quick Pick&#8221;). Potete anche combinare le due cose, selezionando alcuni numeri e poi aggiungendo casualmente gli altri numeri necessari per completare i vostri biglietti. In questo modo potrete ottenere alcuni dei numeri che sapete di volere e potrete comunque riempire un biglietto se non conoscete tutti i numeri desiderati.<\/p>\n<p>Se volete, aggiungete altri biglietti e mescolate diverse lotterie. Questo vi aiuter\u00e0 ad aumentare le vostre probabilit\u00e0 perch\u00e9 state giocando a diversi giochi contemporaneamente. Potreste anche fare quello che \u00e8 molto popolare tra i nostri clienti, cio\u00e8 giocare gli stessi numeri in pi\u00f9 lotterie.<\/p>\n<p>Per alcuni, questo \u00e8 un ottimo modo per aumentare le proprie probabilit\u00e0, perch\u00e9 quei numeri devono essere estratti prima o poi, giusto? Deve esserci un modo per far vincere quei numeri.<\/p>\n<p>Una volta ottenuti tutti i biglietti desiderati, \u00e8 possibile utilizzare una qualsiasi delle nostre opzioni di pagamento multiple e sicure per acquistare i biglietti. Ci sono molti modi diversi tra cui scegliere, in modo che possiate trovare qualcosa che vi faccia sentire a vostro agio nel versare e nel prelevare denaro. Utilizziamo praticamente tutte le piattaforme pi\u00f9 diffuse.<img decoding=\"async\" class=\" wp-image alignright\" src=\"https:\/\/redfoxlotto.org\/wp-content\/uploads\/2023\/04\/misc_euro_bills.jpg\" alt=\"vincere all'Eurojackpot\" width=\"250&quot;\" height=\"125\" \/><\/p>\n<p>Non dimenticate di stabilire a quante estrazioni volete partecipare. Questo \u00e8 importante soprattutto perch\u00e9 il jackpot attuale potrebbe non essere vinto nell&#8217;estrazione successiva. Non vorrete perdere la possibilit\u00e0 di vincere una somma ancora maggiore nell&#8217;estrazione successiva, vero?<\/p>\n<h2>Allora cosa succede?<\/h2>\n<p>Beh, in realt\u00e0 \u00e8 molto semplice quando si gioca a Eurojackpot online. Abbiamo una rete di agenti che acquisteranno i biglietti della lotteria Eurojackpot con le specifiche da voi scelte. Nel vostro conto cliente su RedFoxLotto.com, vedrete la conferma del vostro acquisto. Naturalmente, riceverete la conferma anche via e-mail. Questo significa che potete essere sicuri che tutto stia andando come previsto e che i vostri biglietti siano pronti e in attesa dell&#8217;estrazione.<\/p>\n<p>Non dovrete pi\u00f9 preoccuparvi di nulla, perch\u00e9 vi terremo aggiornati anche sulle estrazioni, nel caso in cui vi capitasse di dimenticare quali sono i giorni.<\/p>\n<p>E riceverete un&#8217;altra e-mail di notifica se uno dei vostri biglietti ha vinto. Se le vincite non superano i 2500 euro, saranno accreditate immediatamente sul vostro conto cliente. Potrete scegliere se farvele pagare attraverso il conto che avete selezionato o se utilizzare i fondi per acquistare altri biglietti. In questo modo sar\u00e0 facilissimo per voi fare la vostra scelta, giusto? Per le vincite pi\u00f9 alte, il nostro servizio di assistenza vi contatter\u00e0 e gestir\u00e0 per voi un pagamento diretto.<\/p>\n<h2>Caratteristiche del gioco di Eurojackpot<\/h2>\n<p>Ora, se avete intenzione di giocare all&#8217;Eurojackpot, dovete sapere come farlo. \u00c8 davvero molto semplice. Sul biglietto dovete scegliere cinque numeri compresi tra 1 e 50, pi\u00f9 2 numeri compresi tra 1 e 12. I jackpot partono da un minimo di 1.000 euro. I jackpot partono da un minimo di 10 milioni di euro. C&#8217;\u00e8 un aspetto in cui questa lotteria \u00e8 diversa dalla maggior parte delle altre. Una volta che il jackpot raggiunge i 120 milioni di euro, viene fissato un tetto massimo.<\/p>\n<p>Ci\u00f2 significa che tutto il denaro che normalmente verrebbe aggiunto al jackpot verr\u00e0 aggiunto al livello del premio di secondo livello. Per vincere questo premio, \u00e8 sufficiente che il biglietto contenga 5 pi\u00f9 1 numero. Le possibilit\u00e0 di vincere questo premio sono ovviamente maggiori di 12 volte rispetto alle possibilit\u00e0 di vincere il jackpot con 5 pi\u00f9 2 numeri!<\/p>\n<section class=\"layout\" style=\"border: solid 1px; width: 100%;\">\n<div class=\"img-div\" style=\"margin-top: 5px;\"><img decoding=\"async\" class=\"wp-image-17212 alignleft\" style=\"height: 45px; margin: 8px 8px 0px;\" src=\"https:\/\/redfoxlotto.com\/wp-content\/uploads\/sites\/9\/read1.jpg\" alt=\"comprare la lotteria online\" width=\"\" height=\"\" \/><\/div>\n<div style=\"padding-left: 5px;\">\n<div style=\"font-size: 1.1em;\">\n<p><strong>Attenzione alle truffe delle lotterie online<\/strong><\/p>\n<p style=\"font-size: 0.8em; margin-top: -1.5em;\">Come riconoscere una truffa alle lotterie online e quali sono i loro intenti <a href=\"https:\/\/redfoxlotto.com\/it\/guarda-lestrazione-per-mega-millions-e-powerball-in-tv\/\">Per saperne di pi\u00f9<\/a><\/p>\n<\/div>\n<\/div>\n<\/section>\n<p>Ci\u00f2 significa che, se il jackpot raggiunge l&#8217;importo massimo, avete una seconda possibilit\u00e0 di vincere un grande jackpot. Il secondo livello \u00e8 pi\u00f9 facile da vincere e i numeri inizieranno a salire. Questo aumenter\u00e0 sicuramente le vostre probabilit\u00e0 di vincere un premio enorme, giusto?<\/p>\n<p>Questo significa che, anche se il montepremi sar\u00e0 un po&#8217; pi\u00f9 piccolo anche quando si esaurir\u00e0, vorrete comunque prendere uno di questi biglietti perch\u00e9 avrete grandi possibilit\u00e0 di ottenere qualcosa nel lungo periodo acquistando Eurojackpot online.<\/p>\n<p><strong>Inizia subito a giocare alle lotterie internazionali: acquista oggi stesso i biglietti dell&#8217;Eurojackpot!<\/strong><\/p>\n","protected":false},"excerpt":{"rendered":"<p>Come partecipare all&#8217;Eurojackpot dall&#8217;Italia Avrete sentito parlare dell&#8217;Eurojackpot Lotto, sia che viviate attualmente in uno dei Paesi europei in cui si gioca, sia che non lo facciate. Si tratta di una lotteria che ha preso il via nel 2012 con la partecipazione di 19 Paesi europei. Ma se vivete in Italia, o in qualsiasi altro [&hellip;]<\/p>\n","protected":false},"author":1,"featured_media":0,"parent":920,"menu_order":4,"comment_status":"closed","ping_status":"closed","template":"eurojackpot.php","meta":{"_et_pb_use_builder":"","_et_pb_old_content":"","_et_gb_content_width":"","exclude_from_search":false,"footnotes":""},"class_list":["post-921","page","type-page","status-publish","hentry"],"yoast_head":"<!-- This site is optimized with the Yoast SEO plugin v23.8 - https:\/\/yoast.com\/wordpress\/plugins\/seo\/ -->\n<title>Gioca a Eurojackpot online | Come i residenti in Italia ottengono i biglietti di Eurojackpot<\/title>\n<meta name=\"description\" content=\"Accedi subito a Eurojackpot - non importa da quale paese provieni, gioca a Eurojackpot e ad altre lotterie internazionali online\" \/>\n<meta name=\"robots\" content=\"index, follow, max-snippet:-1, max-image-preview:large, max-video-preview:-1\" \/>\n<link rel=\"canonical\" href=\"https:\/\/redfoxlotto.com\/it\/gioca\/eurojackpot\/\" \/>\n<meta property=\"og:locale\" content=\"it_IT\" \/>\n<meta property=\"og:type\" content=\"article\" \/>\n<meta property=\"og:title\" content=\"Gioca a Eurojackpot online | Come i residenti in Italia ottengono i biglietti di Eurojackpot\" \/>\n<meta property=\"og:description\" content=\"Accedi subito a Eurojackpot - non importa da quale paese provieni, gioca a Eurojackpot e ad altre lotterie internazionali online\" \/>\n<meta property=\"og:url\" content=\"https:\/\/redfoxlotto.com\/it\/gioca\/eurojackpot\/\" \/>\n<meta property=\"og:site_name\" content=\"Get Tickets for the World\u2019s largest jackpots\" \/>\n<meta property=\"article:modified_time\" content=\"2025-12-16T14:14:22+00:00\" \/>\n<meta property=\"og:image\" content=\"https:\/\/redfoxlotto.org\/wp-content\/uploads\/2023\/04\/lotto-online-495x329-1-282x300-1.jpg\" \/>\n<meta name=\"twitter:card\" content=\"summary_large_image\" \/>\n<meta name=\"twitter:label1\" content=\"Tempo di lettura stimato\" \/>\n\t<meta name=\"twitter:data1\" content=\"5 minuti\" \/>\n<script type=\"application\/ld+json\" class=\"yoast-schema-graph\">{\"@context\":\"https:\/\/schema.org\",\"@graph\":[{\"@type\":\"WebPage\",\"@id\":\"https:\/\/redfoxlotto.com\/it\/gioca\/eurojackpot\/\",\"url\":\"https:\/\/redfoxlotto.com\/it\/gioca\/eurojackpot\/\",\"name\":\"Gioca a Eurojackpot online | Come i residenti in Italia ottengono i biglietti di Eurojackpot\",\"isPartOf\":{\"@id\":\"https:\/\/redfoxlotto.com\/it\/#website\"},\"primaryImageOfPage\":{\"@id\":\"https:\/\/redfoxlotto.com\/it\/gioca\/eurojackpot\/#primaryimage\"},\"image\":{\"@id\":\"https:\/\/redfoxlotto.com\/it\/gioca\/eurojackpot\/#primaryimage\"},\"thumbnailUrl\":\"https:\/\/redfoxlotto.org\/wp-content\/uploads\/2023\/04\/lotto-online-495x329-1-282x300-1.jpg\",\"datePublished\":\"2023-04-24T17:44:36+00:00\",\"dateModified\":\"2025-12-16T14:14:22+00:00\",\"description\":\"Accedi subito a Eurojackpot - non importa da quale paese provieni, gioca a Eurojackpot e ad altre lotterie internazionali online\",\"breadcrumb\":{\"@id\":\"https:\/\/redfoxlotto.com\/it\/gioca\/eurojackpot\/#breadcrumb\"},\"inLanguage\":\"it-IT\",\"potentialAction\":[{\"@type\":\"ReadAction\",\"target\":[\"https:\/\/redfoxlotto.com\/it\/gioca\/eurojackpot\/\"]}]},{\"@type\":\"ImageObject\",\"inLanguage\":\"it-IT\",\"@id\":\"https:\/\/redfoxlotto.com\/it\/gioca\/eurojackpot\/#primaryimage\",\"url\":\"https:\/\/redfoxlotto.org\/wp-content\/uploads\/2023\/04\/lotto-online-495x329-1-282x300-1.jpg\",\"contentUrl\":\"https:\/\/redfoxlotto.org\/wp-content\/uploads\/2023\/04\/lotto-online-495x329-1-282x300-1.jpg\"},{\"@type\":\"BreadcrumbList\",\"@id\":\"https:\/\/redfoxlotto.com\/it\/gioca\/eurojackpot\/#breadcrumb\",\"itemListElement\":[{\"@type\":\"ListItem\",\"position\":1,\"name\":\"Home\",\"item\":\"https:\/\/redfoxlotto.com\/it\/\"},{\"@type\":\"ListItem\",\"position\":2,\"name\":\"Come si gioca al lotto online\",\"item\":\"https:\/\/redfoxlotto.com\/it\/gioca\/\"},{\"@type\":\"ListItem\",\"position\":3,\"name\":\"Gioca a Eurojackpot\"}]},{\"@type\":\"WebSite\",\"@id\":\"https:\/\/redfoxlotto.com\/it\/#website\",\"url\":\"https:\/\/redfoxlotto.com\/it\/\",\"name\":\"Get Tickets for the World\u2019s largest jackpots\",\"description\":\"Participate in worldwide lottery jackpots from any country\",\"publisher\":{\"@id\":\"https:\/\/redfoxlotto.com\/it\/#organization\"},\"potentialAction\":[{\"@type\":\"SearchAction\",\"target\":{\"@type\":\"EntryPoint\",\"urlTemplate\":\"https:\/\/redfoxlotto.com\/it\/?s={search_term_string}\"},\"query-input\":{\"@type\":\"PropertyValueSpecification\",\"valueRequired\":true,\"valueName\":\"search_term_string\"}}],\"inLanguage\":\"it-IT\"},{\"@type\":\"Organization\",\"@id\":\"https:\/\/redfoxlotto.com\/it\/#organization\",\"name\":\"Get Tickets for the World\u2019s largest jackpots\",\"url\":\"https:\/\/redfoxlotto.com\/it\/\",\"logo\":{\"@type\":\"ImageObject\",\"inLanguage\":\"it-IT\",\"@id\":\"https:\/\/redfoxlotto.com\/it\/#\/schema\/logo\/image\/\",\"url\":\"https:\/\/redfoxlotto.com\/wp-content\/uploads\/2023\/04\/logo.png\",\"contentUrl\":\"https:\/\/redfoxlotto.com\/wp-content\/uploads\/2023\/04\/logo.png\",\"width\":269,\"height\":53,\"caption\":\"Get Tickets for the World\u2019s largest jackpots\"},\"image\":{\"@id\":\"https:\/\/redfoxlotto.com\/it\/#\/schema\/logo\/image\/\"}}]}<\/script>\n<!-- \/ Yoast SEO plugin. -->","yoast_head_json":{"title":"Gioca a Eurojackpot online | Come i residenti in Italia ottengono i biglietti di Eurojackpot","description":"Accedi subito a Eurojackpot - non importa da quale paese provieni, gioca a Eurojackpot e ad altre lotterie internazionali online","robots":{"index":"index","follow":"follow","max-snippet":"max-snippet:-1","max-image-preview":"max-image-preview:large","max-video-preview":"max-video-preview:-1"},"canonical":"https:\/\/redfoxlotto.com\/it\/gioca\/eurojackpot\/","og_locale":"it_IT","og_type":"article","og_title":"Gioca a Eurojackpot online | Come i residenti in Italia ottengono i biglietti di Eurojackpot","og_description":"Accedi subito a Eurojackpot - non importa da quale paese provieni, gioca a Eurojackpot e ad altre lotterie internazionali online","og_url":"https:\/\/redfoxlotto.com\/it\/gioca\/eurojackpot\/","og_site_name":"Get Tickets for the World\u2019s largest jackpots","article_modified_time":"2025-12-16T14:14:22+00:00","og_image":[{"url":"https:\/\/redfoxlotto.org\/wp-content\/uploads\/2023\/04\/lotto-online-495x329-1-282x300-1.jpg"}],"twitter_card":"summary_large_image","twitter_misc":{"Tempo di lettura stimato":"5 minuti"},"schema":{"@context":"https:\/\/schema.org","@graph":[{"@type":"WebPage","@id":"https:\/\/redfoxlotto.com\/it\/gioca\/eurojackpot\/","url":"https:\/\/redfoxlotto.com\/it\/gioca\/eurojackpot\/","name":"Gioca a Eurojackpot online | Come i residenti in Italia ottengono i biglietti di Eurojackpot","isPartOf":{"@id":"https:\/\/redfoxlotto.com\/it\/#website"},"primaryImageOfPage":{"@id":"https:\/\/redfoxlotto.com\/it\/gioca\/eurojackpot\/#primaryimage"},"image":{"@id":"https:\/\/redfoxlotto.com\/it\/gioca\/eurojackpot\/#primaryimage"},"thumbnailUrl":"https:\/\/redfoxlotto.org\/wp-content\/uploads\/2023\/04\/lotto-online-495x329-1-282x300-1.jpg","datePublished":"2023-04-24T17:44:36+00:00","dateModified":"2025-12-16T14:14:22+00:00","description":"Accedi subito a Eurojackpot - non importa da quale paese provieni, gioca a Eurojackpot e ad altre lotterie internazionali online","breadcrumb":{"@id":"https:\/\/redfoxlotto.com\/it\/gioca\/eurojackpot\/#breadcrumb"},"inLanguage":"it-IT","potentialAction":[{"@type":"ReadAction","target":["https:\/\/redfoxlotto.com\/it\/gioca\/eurojackpot\/"]}]},{"@type":"ImageObject","inLanguage":"it-IT","@id":"https:\/\/redfoxlotto.com\/it\/gioca\/eurojackpot\/#primaryimage","url":"https:\/\/redfoxlotto.org\/wp-content\/uploads\/2023\/04\/lotto-online-495x329-1-282x300-1.jpg","contentUrl":"https:\/\/redfoxlotto.org\/wp-content\/uploads\/2023\/04\/lotto-online-495x329-1-282x300-1.jpg"},{"@type":"BreadcrumbList","@id":"https:\/\/redfoxlotto.com\/it\/gioca\/eurojackpot\/#breadcrumb","itemListElement":[{"@type":"ListItem","position":1,"name":"Home","item":"https:\/\/redfoxlotto.com\/it\/"},{"@type":"ListItem","position":2,"name":"Come si gioca al lotto online","item":"https:\/\/redfoxlotto.com\/it\/gioca\/"},{"@type":"ListItem","position":3,"name":"Gioca a Eurojackpot"}]},{"@type":"WebSite","@id":"https:\/\/redfoxlotto.com\/it\/#website","url":"https:\/\/redfoxlotto.com\/it\/","name":"Get Tickets for the World\u2019s largest jackpots","description":"Participate in worldwide lottery jackpots from any country","publisher":{"@id":"https:\/\/redfoxlotto.com\/it\/#organization"},"potentialAction":[{"@type":"SearchAction","target":{"@type":"EntryPoint","urlTemplate":"https:\/\/redfoxlotto.com\/it\/?s={search_term_string}"},"query-input":{"@type":"PropertyValueSpecification","valueRequired":true,"valueName":"search_term_string"}}],"inLanguage":"it-IT"},{"@type":"Organization","@id":"https:\/\/redfoxlotto.com\/it\/#organization","name":"Get Tickets for the World\u2019s largest jackpots","url":"https:\/\/redfoxlotto.com\/it\/","logo":{"@type":"ImageObject","inLanguage":"it-IT","@id":"https:\/\/redfoxlotto.com\/it\/#\/schema\/logo\/image\/","url":"https:\/\/redfoxlotto.com\/wp-content\/uploads\/2023\/04\/logo.png","contentUrl":"https:\/\/redfoxlotto.com\/wp-content\/uploads\/2023\/04\/logo.png","width":269,"height":53,"caption":"Get Tickets for the World\u2019s largest jackpots"},"image":{"@id":"https:\/\/redfoxlotto.com\/it\/#\/schema\/logo\/image\/"}}]}},"_links":{"self":[{"href":"https:\/\/redfoxlotto.com\/it\/wp-json\/wp\/v2\/pages\/921","targetHints":{"allow":["GET"]}}],"collection":[{"href":"https:\/\/redfoxlotto.com\/it\/wp-json\/wp\/v2\/pages"}],"about":[{"href":"https:\/\/redfoxlotto.com\/it\/wp-json\/wp\/v2\/types\/page"}],"author":[{"embeddable":true,"href":"https:\/\/redfoxlotto.com\/it\/wp-json\/wp\/v2\/users\/1"}],"replies":[{"embeddable":true,"href":"https:\/\/redfoxlotto.com\/it\/wp-json\/wp\/v2\/comments?post=921"}],"version-history":[{"count":0,"href":"https:\/\/redfoxlotto.com\/it\/wp-json\/wp\/v2\/pages\/921\/revisions"}],"up":[{"embeddable":true,"href":"https:\/\/redfoxlotto.com\/it\/wp-json\/wp\/v2\/pages\/920"}],"wp:attachment":[{"href":"https:\/\/redfoxlotto.com\/it\/wp-json\/wp\/v2\/media?parent=921"}],"curies":[{"name":"wp","href":"https:\/\/api.w.org\/{rel}","templated":true}]}}