{"id":920,"date":"2023-04-24T14:10:57","date_gmt":"2023-04-24T14:10:57","guid":{"rendered":"https:\/\/redfoxlotto.com\/?page_id=3508"},"modified":"2025-12-15T18:51:16","modified_gmt":"2025-12-15T18:51:16","slug":"gioca","status":"publish","type":"page","link":"https:\/\/redfoxlotto.com\/it\/gioca\/","title":{"rendered":"Come si gioca al lotto online"},"content":{"rendered":"<p><script type=\"application\/ld+json\">\n{\n  \"@context\": \"https:\/\/schema.org\",\n  \"@type\": \"Service\",\n  \"name\": \"Gioca alle lotterie internazionali online\",\n  \"url\": \"https:\/\/redfoxlotto.com\/it\/gioca\/\",\n  \"description\": \"Gioca alla lotteria online e vinci jackpot di lotterie internazionali.\",\n  \"serviceType\": \"Servizio di intermediazione online per biglietti della lotteria\",\n  \"provider\": {\n    \"@type\": \"Organization\",\n    \"name\": \"RedFoxLotto\",\n    \"url\": \"https:\/\/redfoxlotto.com\/it\/gioca\/\",\n    \"image\": \"https:\/\/redfoxlotto.com\/wp-content\/uploads\/2025\/12\/ticket_scans.jpg\"\n  },\n  \"areaServed\": \"In tutto il mondo\",\n  \"termsOfService\": \"https:\/\/redfoxlotto.com\/terms-and-conditions\",\n  \"additionalProperty\": {\n    \"@type\": \"PropertyValue\",\n    \"name\": \"FAQ\",\n    \"value\": \"https:\/\/redfoxlotto.com\/it\/faq\/\"\n  },\n  \"hasOfferCatalog\": {\n    \"@type\": \"OfferCatalog\",\n    \"name\": \"Biglietti della lotteria internazionali\",\n    \"itemListElement\": [\n      {\n        \"@type\": \"Offer\",\n        \"name\": \"Biglietti della lotteria internazionali\",\n        \"url\": \"https:\/\/redfoxlotto.com\/it\/gioca\/\",\n        \"description\": \"Gioca alle lotterie internazionali online. Jackpot come Powerball, Mega Millions ed Euromillions \u2014 vinci ovunque.\",\n        \"availability\": \"https:\/\/schema.org\/InStock\",\n        \"itemOffered\": {\n          \"@type\": \"Service\",\n          \"name\": \"Biglietti della lotteria internazionali\",\n          \"description\": \"Giocare alle lotterie internazionali online ti offre pi\u00f9 opzioni e migliori possibilit\u00e0 di vincita.\"\n        }\n      }\n    ]\n  },\n  \"mainEntityOfPage\": {\n    \"@type\": \"WebPage\",\n    \"@id\": \"https:\/\/redfoxlotto.com\/it\/gioca\/\"\n  }\n}\n<\/script><\/p>\n<h2>Pi\u00f9 lotterie e jackpot per tutti da giocare!<\/h2>\n<p><strong>Grandi notizie per tutti i fan del Lotto in tutto il mondo!<\/strong> Non sei pi\u00f9 limitato alla tua lotteria nazionale. In precedenza, ti \u00e8 stato negato l&#8217;accesso alle lotterie internazionali. Non \u00e8 possibile acquistare i biglietti per questi jackpot della lotteria nel proprio paese. Ma Internet ha risolto il problema. Qui su RedFoxLotto.com, <strong>ora <a href=\"https:\/\/redfoxlotto.com\/it\/gioca\/\">puoi giocare online a molte lotterie internazionali.<\/a><\/strong><\/p>\n<h2>Acquisto dei biglietti del lotto<\/h2>\n<p>RedFoxLotto.com \u00e8 <strong>un corriere per i biglietti della lotteria<\/strong>. Abbiamo agenti in molti paesi diversi dove si svolgono le grandi lotterie. Questi agenti acquistano i biglietti in loco per i nostri clienti. Tu, il cliente, puoi ordinare online i tuoi biglietti. Ovviamente, puoi scegliere i tuoi numeri. Determinate anche quante combinazioni di numeri volete giocare e per quante estrazioni il vostro biglietto dovrebbe essere valido. Il pagamento viene effettuato online, ad esempio con carta di credito.<\/p>\n<h2>A quali giochi giocare<\/h2>\n<p>Ovviamente puoi anche <a href=\"https:\/\/redfoxlotto.com\/it\/\">partecipare a pi\u00f9 di una lotteria internazionale<\/a> allo stesso tempo. Ti consigliamo di scegliere il jackpot pi\u00f9 grande in qualsiasi momento, o i due pi\u00f9 grandi, o anche di pi\u00f9. Ad esempio, piuttosto spesso, sia Powerball US che Megamillions US hanno jackpot giganteschi. I jackpot raggiungono regolarmente $ 500 milioni negli Stati Uniti. Ci sono stati persino jackpot di oltre 1,5 miliardi in passato.<\/p>\n<p>Queste due <a href=\"https:\/\/redfoxlotto.com\/it\/lotteria\/\">lotterie sono tra le pi\u00f9 grandi al mondo<\/a>. Un&#8217;opzione molto popolare \u00e8 quella <strong>di giocare gli stessi numeri in pi\u00f9 lotterie la stessa settimana.<\/strong> Se non vinci ad una lotteria, forse i tuoi numeri diventano fortunati nell&#8217;altra? Questo \u00e8 un modo intelligente per aumentare le probabilit\u00e0 di vincita dei tuoi numeri preferiti. Questo metodo rende ancora pi\u00f9 eccitante giocare al lotto!<\/p>\n<h2>Perch\u00e9 giocare al Lotto a livello internazionale?<\/h2>\n<p><img loading=\"lazy\" decoding=\"async\" class=\"size-full alignright\" src=\"https:\/\/content.redfoxlotto.com\/uploads\/sites\/9\/1_playing_lottery_online.jpg\" alt=\"giocare e vincere online\" width=\"200\" height=\"140\" \/>Chiunque giochi al lotto internazionale utilizza i propri fondi in modo pi\u00f9 intelligente. Alcuni giocatori della lotteria acquistano i biglietti per la lotteria nazionale settimana dopo settimana. Non gli interessa quanto \u00e8 basso il jackpot. Matematica e logica ti dicono che \u00e8 meglio comprare un biglietto per una lotteria con un jackpot di 200 milioni rispetto a un montepremi di 2 milioni. Questo \u00e8 vero anche se il prezzo del biglietto online \u00e8 superiore al prezzo del biglietto di una lotteria locale.<\/p>\n<p>Ovviamente, per il nostro servizio, dobbiamo addebitare un prezzo pi\u00f9 alto perch\u00e9 abbiamo delle spese. Vogliamo anche guadagnare. Ma supponiamo che il biglietto della lotteria online abbia un prezzo di 4,50 &#8211; 5,00 \u20ac e un jackpot di 200 milioni. Per il lotto nazionale paghi \u20ac 2,00 e hai un jackpot di 10 milioni. Quale \u00e8 meglio e ha pi\u00f9 senso? Beh, la risposta probabilmente \u00e8 ovvia.<\/p>\n<h2>Come viene pagato<\/h2>\n<p><img loading=\"lazy\" decoding=\"async\" class=\"size-full alignright\" src=\"https:\/\/content.redfoxlotto.com\/uploads\/sites\/9\/1_mega_lotto_jackpot.jpg\" alt=\"pagare la lotteria online \" width=\"170\" height=\"200\" \/>RedFoxLotto.com si assicura anche di farti <a href=\"https:\/\/redfoxlotto.com\/it\/risultati\/\">ricevere le tue vincite<\/a>. A proposito, non applicheremo alcuna commissione, ad eccezione di una piccola commissione in caso di bonifico bancario. Molti dei nostri clienti hanno gi\u00e0 vinto premi attraverso di noi. Alcuni di hanno cambiato le loro vite grazie all&#8217;importo che hanno vinto!<\/p>\n<p>Questi sono i motivi per cui giocare alla lotteria online sta diventando sempre pi\u00f9 popolare. <strong>E ora \u00e8 il tuo turno di vincere uno dei mega-jackpot! Che cosa stai aspettando?<\/strong><\/p>\n","protected":false},"excerpt":{"rendered":"<p>Pi\u00f9 lotterie e jackpot per tutti da giocare! Grandi notizie per tutti i fan del Lotto in tutto il mondo! Non sei pi\u00f9 limitato alla tua lotteria nazionale. In precedenza, ti \u00e8 stato negato l&#8217;accesso alle lotterie internazionali. Non \u00e8 possibile acquistare i biglietti per questi jackpot della lotteria nel proprio paese. Ma Internet ha [&hellip;]<\/p>\n","protected":false},"author":1,"featured_media":0,"parent":0,"menu_order":2,"comment_status":"closed","ping_status":"closed","template":"Play-all.php","meta":{"_et_pb_use_builder":"","_et_pb_old_content":"","_et_gb_content_width":"","exclude_from_search":false,"footnotes":""},"class_list":["post-920","page","type-page","status-publish","hentry"],"yoast_head":"<!-- This site is optimized with the Yoast SEO plugin v23.8 - https:\/\/yoast.com\/wordpress\/plugins\/seo\/ -->\n<title>Gioca lotteria online<\/title>\n<meta name=\"description\" content=\"Giocare a lotterie internazionali online ti offre pi\u00f9 opzioni e migliori possibilit\u00e0: scopri perch\u00e9!\" \/>\n<meta name=\"robots\" content=\"index, follow, max-snippet:-1, max-image-preview:large, max-video-preview:-1\" \/>\n<link rel=\"canonical\" href=\"https:\/\/redfoxlotto.com\/it\/gioca\/\" \/>\n<meta property=\"og:locale\" content=\"it_IT\" \/>\n<meta property=\"og:type\" content=\"article\" \/>\n<meta property=\"og:title\" content=\"Gioca lotteria online\" \/>\n<meta property=\"og:description\" content=\"Giocare a lotterie internazionali online ti offre pi\u00f9 opzioni e migliori possibilit\u00e0: scopri perch\u00e9!\" \/>\n<meta property=\"og:url\" content=\"https:\/\/redfoxlotto.com\/it\/gioca\/\" \/>\n<meta property=\"og:site_name\" content=\"Get Tickets for the World\u2019s largest jackpots\" \/>\n<meta property=\"article:modified_time\" content=\"2025-12-15T18:51:16+00:00\" \/>\n<meta property=\"og:image\" content=\"https:\/\/content.redfoxlotto.com\/uploads\/sites\/9\/1_playing_lottery_online.jpg\" \/>\n<meta name=\"twitter:card\" content=\"summary_large_image\" \/>\n<meta name=\"twitter:label1\" content=\"Tempo di lettura stimato\" \/>\n\t<meta name=\"twitter:data1\" content=\"3 minuti\" \/>\n<script type=\"application\/ld+json\" class=\"yoast-schema-graph\">{\"@context\":\"https:\/\/schema.org\",\"@graph\":[{\"@type\":\"WebPage\",\"@id\":\"https:\/\/redfoxlotto.com\/it\/gioca\/\",\"url\":\"https:\/\/redfoxlotto.com\/it\/gioca\/\",\"name\":\"Gioca lotteria online\",\"isPartOf\":{\"@id\":\"https:\/\/redfoxlotto.com\/it\/#website\"},\"primaryImageOfPage\":{\"@id\":\"https:\/\/redfoxlotto.com\/it\/gioca\/#primaryimage\"},\"image\":{\"@id\":\"https:\/\/redfoxlotto.com\/it\/gioca\/#primaryimage\"},\"thumbnailUrl\":\"https:\/\/content.redfoxlotto.com\/uploads\/sites\/9\/1_playing_lottery_online.jpg\",\"datePublished\":\"2023-04-24T14:10:57+00:00\",\"dateModified\":\"2025-12-15T18:51:16+00:00\",\"description\":\"Giocare a lotterie internazionali online ti offre pi\u00f9 opzioni e migliori possibilit\u00e0: scopri perch\u00e9!\",\"breadcrumb\":{\"@id\":\"https:\/\/redfoxlotto.com\/it\/gioca\/#breadcrumb\"},\"inLanguage\":\"it-IT\",\"potentialAction\":[{\"@type\":\"ReadAction\",\"target\":[\"https:\/\/redfoxlotto.com\/it\/gioca\/\"]}]},{\"@type\":\"ImageObject\",\"inLanguage\":\"it-IT\",\"@id\":\"https:\/\/redfoxlotto.com\/it\/gioca\/#primaryimage\",\"url\":\"https:\/\/content.redfoxlotto.com\/uploads\/sites\/9\/1_playing_lottery_online.jpg\",\"contentUrl\":\"https:\/\/content.redfoxlotto.com\/uploads\/sites\/9\/1_playing_lottery_online.jpg\"},{\"@type\":\"BreadcrumbList\",\"@id\":\"https:\/\/redfoxlotto.com\/it\/gioca\/#breadcrumb\",\"itemListElement\":[{\"@type\":\"ListItem\",\"position\":1,\"name\":\"Home\",\"item\":\"https:\/\/redfoxlotto.com\/it\/\"},{\"@type\":\"ListItem\",\"position\":2,\"name\":\"Come si gioca al lotto online\"}]},{\"@type\":\"WebSite\",\"@id\":\"https:\/\/redfoxlotto.com\/it\/#website\",\"url\":\"https:\/\/redfoxlotto.com\/it\/\",\"name\":\"Get Tickets for the World\u2019s largest jackpots\",\"description\":\"Participate in worldwide lottery jackpots from any country\",\"publisher\":{\"@id\":\"https:\/\/redfoxlotto.com\/it\/#organization\"},\"potentialAction\":[{\"@type\":\"SearchAction\",\"target\":{\"@type\":\"EntryPoint\",\"urlTemplate\":\"https:\/\/redfoxlotto.com\/it\/?s={search_term_string}\"},\"query-input\":{\"@type\":\"PropertyValueSpecification\",\"valueRequired\":true,\"valueName\":\"search_term_string\"}}],\"inLanguage\":\"it-IT\"},{\"@type\":\"Organization\",\"@id\":\"https:\/\/redfoxlotto.com\/it\/#organization\",\"name\":\"Get Tickets for the World\u2019s largest jackpots\",\"url\":\"https:\/\/redfoxlotto.com\/it\/\",\"logo\":{\"@type\":\"ImageObject\",\"inLanguage\":\"it-IT\",\"@id\":\"https:\/\/redfoxlotto.com\/it\/#\/schema\/logo\/image\/\",\"url\":\"https:\/\/redfoxlotto.com\/wp-content\/uploads\/2023\/04\/logo.png\",\"contentUrl\":\"https:\/\/redfoxlotto.com\/wp-content\/uploads\/2023\/04\/logo.png\",\"width\":269,\"height\":53,\"caption\":\"Get Tickets for the World\u2019s largest jackpots\"},\"image\":{\"@id\":\"https:\/\/redfoxlotto.com\/it\/#\/schema\/logo\/image\/\"}}]}<\/script>\n<!-- \/ Yoast SEO plugin. -->","yoast_head_json":{"title":"Gioca lotteria online","description":"Giocare a lotterie internazionali online ti offre pi\u00f9 opzioni e migliori possibilit\u00e0: scopri perch\u00e9!","robots":{"index":"index","follow":"follow","max-snippet":"max-snippet:-1","max-image-preview":"max-image-preview:large","max-video-preview":"max-video-preview:-1"},"canonical":"https:\/\/redfoxlotto.com\/it\/gioca\/","og_locale":"it_IT","og_type":"article","og_title":"Gioca lotteria online","og_description":"Giocare a lotterie internazionali online ti offre pi\u00f9 opzioni e migliori possibilit\u00e0: scopri perch\u00e9!","og_url":"https:\/\/redfoxlotto.com\/it\/gioca\/","og_site_name":"Get Tickets for the World\u2019s largest jackpots","article_modified_time":"2025-12-15T18:51:16+00:00","og_image":[{"url":"https:\/\/content.redfoxlotto.com\/uploads\/sites\/9\/1_playing_lottery_online.jpg"}],"twitter_card":"summary_large_image","twitter_misc":{"Tempo di lettura stimato":"3 minuti"},"schema":{"@context":"https:\/\/schema.org","@graph":[{"@type":"WebPage","@id":"https:\/\/redfoxlotto.com\/it\/gioca\/","url":"https:\/\/redfoxlotto.com\/it\/gioca\/","name":"Gioca lotteria online","isPartOf":{"@id":"https:\/\/redfoxlotto.com\/it\/#website"},"primaryImageOfPage":{"@id":"https:\/\/redfoxlotto.com\/it\/gioca\/#primaryimage"},"image":{"@id":"https:\/\/redfoxlotto.com\/it\/gioca\/#primaryimage"},"thumbnailUrl":"https:\/\/content.redfoxlotto.com\/uploads\/sites\/9\/1_playing_lottery_online.jpg","datePublished":"2023-04-24T14:10:57+00:00","dateModified":"2025-12-15T18:51:16+00:00","description":"Giocare a lotterie internazionali online ti offre pi\u00f9 opzioni e migliori possibilit\u00e0: scopri perch\u00e9!","breadcrumb":{"@id":"https:\/\/redfoxlotto.com\/it\/gioca\/#breadcrumb"},"inLanguage":"it-IT","potentialAction":[{"@type":"ReadAction","target":["https:\/\/redfoxlotto.com\/it\/gioca\/"]}]},{"@type":"ImageObject","inLanguage":"it-IT","@id":"https:\/\/redfoxlotto.com\/it\/gioca\/#primaryimage","url":"https:\/\/content.redfoxlotto.com\/uploads\/sites\/9\/1_playing_lottery_online.jpg","contentUrl":"https:\/\/content.redfoxlotto.com\/uploads\/sites\/9\/1_playing_lottery_online.jpg"},{"@type":"BreadcrumbList","@id":"https:\/\/redfoxlotto.com\/it\/gioca\/#breadcrumb","itemListElement":[{"@type":"ListItem","position":1,"name":"Home","item":"https:\/\/redfoxlotto.com\/it\/"},{"@type":"ListItem","position":2,"name":"Come si gioca al lotto online"}]},{"@type":"WebSite","@id":"https:\/\/redfoxlotto.com\/it\/#website","url":"https:\/\/redfoxlotto.com\/it\/","name":"Get Tickets for the World\u2019s largest jackpots","description":"Participate in worldwide lottery jackpots from any country","publisher":{"@id":"https:\/\/redfoxlotto.com\/it\/#organization"},"potentialAction":[{"@type":"SearchAction","target":{"@type":"EntryPoint","urlTemplate":"https:\/\/redfoxlotto.com\/it\/?s={search_term_string}"},"query-input":{"@type":"PropertyValueSpecification","valueRequired":true,"valueName":"search_term_string"}}],"inLanguage":"it-IT"},{"@type":"Organization","@id":"https:\/\/redfoxlotto.com\/it\/#organization","name":"Get Tickets for the World\u2019s largest jackpots","url":"https:\/\/redfoxlotto.com\/it\/","logo":{"@type":"ImageObject","inLanguage":"it-IT","@id":"https:\/\/redfoxlotto.com\/it\/#\/schema\/logo\/image\/","url":"https:\/\/redfoxlotto.com\/wp-content\/uploads\/2023\/04\/logo.png","contentUrl":"https:\/\/redfoxlotto.com\/wp-content\/uploads\/2023\/04\/logo.png","width":269,"height":53,"caption":"Get Tickets for the World\u2019s largest jackpots"},"image":{"@id":"https:\/\/redfoxlotto.com\/it\/#\/schema\/logo\/image\/"}}]}},"_links":{"self":[{"href":"https:\/\/redfoxlotto.com\/it\/wp-json\/wp\/v2\/pages\/920","targetHints":{"allow":["GET"]}}],"collection":[{"href":"https:\/\/redfoxlotto.com\/it\/wp-json\/wp\/v2\/pages"}],"about":[{"href":"https:\/\/redfoxlotto.com\/it\/wp-json\/wp\/v2\/types\/page"}],"author":[{"embeddable":true,"href":"https:\/\/redfoxlotto.com\/it\/wp-json\/wp\/v2\/users\/1"}],"replies":[{"embeddable":true,"href":"https:\/\/redfoxlotto.com\/it\/wp-json\/wp\/v2\/comments?post=920"}],"version-history":[{"count":0,"href":"https:\/\/redfoxlotto.com\/it\/wp-json\/wp\/v2\/pages\/920\/revisions"}],"wp:attachment":[{"href":"https:\/\/redfoxlotto.com\/it\/wp-json\/wp\/v2\/media?parent=920"}],"curies":[{"name":"wp","href":"https:\/\/api.w.org\/{rel}","templated":true}]}}