{"id":913,"date":"2018-11-18T08:54:25","date_gmt":"2018-11-18T08:54:25","guid":{"rendered":"https:\/\/redfoxlotto.com\/?page_id=3494"},"modified":"2025-12-18T06:45:26","modified_gmt":"2025-12-18T06:45:26","slug":"mega-millions","status":"publish","type":"page","link":"https:\/\/redfoxlotto.com\/it\/risultati\/mega-millions\/","title":{"rendered":"Risultati della lotteria Mega Millions"},"content":{"rendered":"<p><script type=\"application\/ld+json\">\n{\n  \"@context\": \"https:\/\/schema.org\",\n  \"@type\": \"Service\",\n  \"name\": \"Controlla i risultati della estrazione Mega Millions online\",\n  \"url\": \"https:\/\/redfoxlotto.com\/it\/risultati\/mega-millions\/\",\n  \"description\": \"Visita RedFoxLotto per controllare gli ultimi risultati Mega Millions e il nostro archivio dei risultati della lotteria.\",\n  \"serviceType\": \"Archivio mondiale dei risultati della lotteria\",<\/p>\n<p>  \"provider\": {\n    \"@type\": \"Organization\",\n    \"name\": \"RedFoxLotto\",\n    \"url\": \"https:\/\/redfoxlotto.com\/it\/\",\n    \"image\": \"https:\/\/redfoxlotto.com\/wp-content\/uploads\/2025\/12\/ticket_scans.jpg\",\n    \"sameAs\": []\n  },<\/p>\n<p>  \"areaServed\": \"Worldwide\",\n  \"termsOfService\": \"https:\/\/redfoxlotto.com\/it\/terms-and-conditions\/\",\n  \"additionalProperty\": {\n    \"@type\": \"PropertyValue\",\n    \"name\": \"FAQ\",\n    \"value\": \"https:\/\/redfoxlotto.com\/it\/faq\/\"\n  },<\/p>\n<p>  \"hasOfferCatalog\": {\n    \"@type\": \"OfferCatalog\",\n    \"name\": \"Risultati Mega Millions\",\n    \"itemListElement\": [\n      {\n        \"@type\": \"Offer\",\n        \"name\": \"Risultati Mega Millions\",\n        \"url\": \"https:\/\/redfoxlotto.com\/it\/risultati\/mega-millions\/\",\n        \"description\": \"Trova qui i risultati Mega Millions pi\u00f9 recenti e storici.\",\n        \"price\": \"13.00\",\n        \"priceCurrency\": \"EUR\",\n        \"availability\": \"https:\/\/schema.org\/InStock\",\n        \"itemOffered\": {\n          \"@type\": \"Service\",\n          \"name\": \"Risultati Mega Millions\",\n          \"description\": \"Numeri Mega Millions estratti online, risultati recenti e precedenti.\"\n        }\n      }\n    ]\n  },<\/p>\n<p>  \"mainEntityOfPage\": {\n    \"@type\": \"WebPage\",\n    \"@id\": \"https:\/\/redfoxlotto.com\/it\/risultati\/mega-millions\/\"\n  }\n}\n<\/script><\/p>\n<p>Stai cercando gli ultimi risultati dell&#8217;estrazione di Mega Millions USA? Qui puoi trovarli, cos\u00ec come un archivio con i numeri delle estrazioni precedenti. <a href=\"https:\/\/redfoxlotto.com\/it\/gioca\/mega-millions\/\">Vincere il jackpot Mega Millions<\/a> \u00e8 il sogno di ogni giocatore della lotteria e la ricompensa pu\u00f2 spesso essere di centinaia di milioni di $!<\/p>\n<p><!--more--><\/p>\n<h2>Jackpot Mega Millions<\/h2>\n<p><img loading=\"lazy\" decoding=\"async\" class=\" wp-image alignright\" src=\"https:\/\/content.redfoxlotto.com\/uploads\/sites\/9\/1_results_mega_millions.jpg\" alt=\"risultati della lotteria\" width=\"257\" height=\"257\" \/><\/p>\n<p>Il jackpot minimo della lotteria Mega Millions \u00e8 di $ 40 milioni. Il jackpot non ha limite. Si possono accumulare enormi somme in breve tempo. Il jackpot pi\u00f9 alto mai raggiunto da Mega Millions \u00e8 stato di oltre 1,5 miliardi!<\/p>\n<p><strong>Gioca a MegaMillions online!<\/strong><\/p>\n<h2>Livelli di vincite di Mega Millions<\/h2>\n<p>Dal nostro tavolo puoi anche vedere i livelli delle vincite disponibili e l&#8217;ammontare dei premi.<\/p>\n<h2>I numeri pi\u00f9 e meno estratti<\/h2>\n<p><img decoding=\"async\" class=\"size-full wp-image alignright\" src=\"https:\/\/content.redfoxlotto.com\/uploads\/sites\/9\/1_lottery_winner_is2.jpg\" alt=\"Mega Millions jackpot\" \/><br \/>\nIl nostro archivio pu\u00f2 anche essere utile se vuoi trovare numeri con migliori probabilit\u00e0. Ecco i numeri &#8220;caldi&#8221; per il Mega Millions Lotto:<br \/>\nI numeri 29, 4, 48 e 36 sono i numeri pi\u00f9 frequentemente estratti da Mega Millions. Il numero 48 \u00e8 stato estratto pi\u00f9 di 80 volte dal 2005. I numeri pi\u00f9 popolari di MegaBall erano il 35, il 9, il 36 e il 7.<\/p>\n","protected":false},"excerpt":{"rendered":"<p>Stai cercando gli ultimi risultati dell&#8217;estrazione di Mega Millions USA? Qui puoi trovarli, cos\u00ec come un archivio con i numeri delle estrazioni precedenti. Vincere il jackpot Mega Millions \u00e8 il sogno di ogni giocatore della lotteria e la ricompensa pu\u00f2 spesso essere di centinaia di milioni di $!<\/p>\n","protected":false},"author":1,"featured_media":0,"parent":910,"menu_order":2,"comment_status":"closed","ping_status":"closed","template":"megamillion-results.php","meta":{"_et_pb_use_builder":"","_et_pb_old_content":"","_et_gb_content_width":"","exclude_from_search":false,"footnotes":""},"class_list":["post-913","page","type-page","status-publish","hentry"],"yoast_head":"<!-- This site is optimized with the Yoast SEO plugin v27.4 - https:\/\/yoast.com\/product\/yoast-seo-wordpress\/ -->\n<title>Numeri vincenti e risultati di Mega Millions<\/title>\n<meta name=\"description\" content=\"Qui puoi trovare i numeri vincenti e i risultati per la lotteria Mega Millions, incluso un archivio con informazioni sui sorteggi precedenti\" \/>\n<meta name=\"robots\" content=\"index, follow, max-snippet:-1, max-image-preview:large, max-video-preview:-1\" \/>\n<link rel=\"canonical\" href=\"https:\/\/redfoxlotto.com\/it\/risultati\/mega-millions\/\" \/>\n<meta property=\"og:locale\" content=\"it_IT\" \/>\n<meta property=\"og:type\" content=\"article\" \/>\n<meta property=\"og:title\" content=\"Numeri vincenti e risultati di Mega Millions\" \/>\n<meta property=\"og:description\" content=\"Qui puoi trovare i numeri vincenti e i risultati per la lotteria Mega Millions, incluso un archivio con informazioni sui sorteggi precedenti\" \/>\n<meta property=\"og:url\" content=\"https:\/\/redfoxlotto.com\/it\/risultati\/mega-millions\/\" \/>\n<meta property=\"og:site_name\" content=\"Get Tickets for the World\u2019s largest jackpots\" \/>\n<meta property=\"article:modified_time\" content=\"2025-12-18T06:45:26+00:00\" \/>\n<meta property=\"og:image\" content=\"https:\/\/content.redfoxlotto.com\/uploads\/sites\/9\/1_results_mega_millions.jpg\" \/>\n<meta name=\"twitter:card\" content=\"summary_large_image\" \/>\n<meta name=\"twitter:label1\" content=\"Tempo di lettura stimato\" \/>\n\t<meta name=\"twitter:data1\" content=\"2 minuti\" \/>\n<script type=\"application\/ld+json\" class=\"yoast-schema-graph\">{\"@context\":\"https:\\\/\\\/schema.org\",\"@graph\":[{\"@type\":\"WebPage\",\"@id\":\"https:\\\/\\\/redfoxlotto.com\\\/it\\\/risultati\\\/mega-millions\\\/\",\"url\":\"https:\\\/\\\/redfoxlotto.com\\\/it\\\/risultati\\\/mega-millions\\\/\",\"name\":\"Numeri vincenti e risultati di Mega Millions\",\"isPartOf\":{\"@id\":\"https:\\\/\\\/redfoxlotto.com\\\/it\\\/#website\"},\"primaryImageOfPage\":{\"@id\":\"https:\\\/\\\/redfoxlotto.com\\\/it\\\/risultati\\\/mega-millions\\\/#primaryimage\"},\"image\":{\"@id\":\"https:\\\/\\\/redfoxlotto.com\\\/it\\\/risultati\\\/mega-millions\\\/#primaryimage\"},\"thumbnailUrl\":\"https:\\\/\\\/content.redfoxlotto.com\\\/uploads\\\/sites\\\/9\\\/1_results_mega_millions.jpg\",\"datePublished\":\"2018-11-18T08:54:25+00:00\",\"dateModified\":\"2025-12-18T06:45:26+00:00\",\"description\":\"Qui puoi trovare i numeri vincenti e i risultati per la lotteria Mega Millions, incluso un archivio con informazioni sui sorteggi precedenti\",\"breadcrumb\":{\"@id\":\"https:\\\/\\\/redfoxlotto.com\\\/it\\\/risultati\\\/mega-millions\\\/#breadcrumb\"},\"inLanguage\":\"it-IT\",\"potentialAction\":[{\"@type\":\"ReadAction\",\"target\":[\"https:\\\/\\\/redfoxlotto.com\\\/it\\\/risultati\\\/mega-millions\\\/\"]}]},{\"@type\":\"ImageObject\",\"inLanguage\":\"it-IT\",\"@id\":\"https:\\\/\\\/redfoxlotto.com\\\/it\\\/risultati\\\/mega-millions\\\/#primaryimage\",\"url\":\"https:\\\/\\\/content.redfoxlotto.com\\\/uploads\\\/sites\\\/9\\\/1_results_mega_millions.jpg\",\"contentUrl\":\"https:\\\/\\\/content.redfoxlotto.com\\\/uploads\\\/sites\\\/9\\\/1_results_mega_millions.jpg\"},{\"@type\":\"BreadcrumbList\",\"@id\":\"https:\\\/\\\/redfoxlotto.com\\\/it\\\/risultati\\\/mega-millions\\\/#breadcrumb\",\"itemListElement\":[{\"@type\":\"ListItem\",\"position\":1,\"name\":\"Home\",\"item\":\"https:\\\/\\\/redfoxlotto.com\\\/it\\\/\"},{\"@type\":\"ListItem\",\"position\":2,\"name\":\"Risultati della lotteria internazionale\",\"item\":\"https:\\\/\\\/redfoxlotto.com\\\/it\\\/risultati\\\/\"},{\"@type\":\"ListItem\",\"position\":3,\"name\":\"Risultati della lotteria Mega Millions\"}]},{\"@type\":\"WebSite\",\"@id\":\"https:\\\/\\\/redfoxlotto.com\\\/it\\\/#website\",\"url\":\"https:\\\/\\\/redfoxlotto.com\\\/it\\\/\",\"name\":\"Get Tickets for the World\u2019s largest jackpots\",\"description\":\"Participate in worldwide lottery jackpots from any country\",\"publisher\":{\"@id\":\"https:\\\/\\\/redfoxlotto.com\\\/it\\\/#organization\"},\"potentialAction\":[{\"@type\":\"SearchAction\",\"target\":{\"@type\":\"EntryPoint\",\"urlTemplate\":\"https:\\\/\\\/redfoxlotto.com\\\/it\\\/?s={search_term_string}\"},\"query-input\":{\"@type\":\"PropertyValueSpecification\",\"valueRequired\":true,\"valueName\":\"search_term_string\"}}],\"inLanguage\":\"it-IT\"},{\"@type\":\"Organization\",\"@id\":\"https:\\\/\\\/redfoxlotto.com\\\/it\\\/#organization\",\"name\":\"Get Tickets for the World\u2019s largest jackpots\",\"url\":\"https:\\\/\\\/redfoxlotto.com\\\/it\\\/\",\"logo\":{\"@type\":\"ImageObject\",\"inLanguage\":\"it-IT\",\"@id\":\"https:\\\/\\\/redfoxlotto.com\\\/it\\\/#\\\/schema\\\/logo\\\/image\\\/\",\"url\":\"https:\\\/\\\/redfoxlotto.com\\\/wp-content\\\/uploads\\\/2023\\\/04\\\/logo.png\",\"contentUrl\":\"https:\\\/\\\/redfoxlotto.com\\\/wp-content\\\/uploads\\\/2023\\\/04\\\/logo.png\",\"width\":269,\"height\":53,\"caption\":\"Get Tickets for the World\u2019s largest jackpots\"},\"image\":{\"@id\":\"https:\\\/\\\/redfoxlotto.com\\\/it\\\/#\\\/schema\\\/logo\\\/image\\\/\"}}]}<\/script>\n<!-- \/ Yoast SEO plugin. -->","yoast_head_json":{"title":"Numeri vincenti e risultati di Mega Millions","description":"Qui puoi trovare i numeri vincenti e i risultati per la lotteria Mega Millions, incluso un archivio con informazioni sui sorteggi precedenti","robots":{"index":"index","follow":"follow","max-snippet":"max-snippet:-1","max-image-preview":"max-image-preview:large","max-video-preview":"max-video-preview:-1"},"canonical":"https:\/\/redfoxlotto.com\/it\/risultati\/mega-millions\/","og_locale":"it_IT","og_type":"article","og_title":"Numeri vincenti e risultati di Mega Millions","og_description":"Qui puoi trovare i numeri vincenti e i risultati per la lotteria Mega Millions, incluso un archivio con informazioni sui sorteggi precedenti","og_url":"https:\/\/redfoxlotto.com\/it\/risultati\/mega-millions\/","og_site_name":"Get Tickets for the World\u2019s largest jackpots","article_modified_time":"2025-12-18T06:45:26+00:00","og_image":[{"url":"https:\/\/content.redfoxlotto.com\/uploads\/sites\/9\/1_results_mega_millions.jpg","type":"","width":"","height":""}],"twitter_card":"summary_large_image","twitter_misc":{"Tempo di lettura stimato":"2 minuti"},"schema":{"@context":"https:\/\/schema.org","@graph":[{"@type":"WebPage","@id":"https:\/\/redfoxlotto.com\/it\/risultati\/mega-millions\/","url":"https:\/\/redfoxlotto.com\/it\/risultati\/mega-millions\/","name":"Numeri vincenti e risultati di Mega Millions","isPartOf":{"@id":"https:\/\/redfoxlotto.com\/it\/#website"},"primaryImageOfPage":{"@id":"https:\/\/redfoxlotto.com\/it\/risultati\/mega-millions\/#primaryimage"},"image":{"@id":"https:\/\/redfoxlotto.com\/it\/risultati\/mega-millions\/#primaryimage"},"thumbnailUrl":"https:\/\/content.redfoxlotto.com\/uploads\/sites\/9\/1_results_mega_millions.jpg","datePublished":"2018-11-18T08:54:25+00:00","dateModified":"2025-12-18T06:45:26+00:00","description":"Qui puoi trovare i numeri vincenti e i risultati per la lotteria Mega Millions, incluso un archivio con informazioni sui sorteggi precedenti","breadcrumb":{"@id":"https:\/\/redfoxlotto.com\/it\/risultati\/mega-millions\/#breadcrumb"},"inLanguage":"it-IT","potentialAction":[{"@type":"ReadAction","target":["https:\/\/redfoxlotto.com\/it\/risultati\/mega-millions\/"]}]},{"@type":"ImageObject","inLanguage":"it-IT","@id":"https:\/\/redfoxlotto.com\/it\/risultati\/mega-millions\/#primaryimage","url":"https:\/\/content.redfoxlotto.com\/uploads\/sites\/9\/1_results_mega_millions.jpg","contentUrl":"https:\/\/content.redfoxlotto.com\/uploads\/sites\/9\/1_results_mega_millions.jpg"},{"@type":"BreadcrumbList","@id":"https:\/\/redfoxlotto.com\/it\/risultati\/mega-millions\/#breadcrumb","itemListElement":[{"@type":"ListItem","position":1,"name":"Home","item":"https:\/\/redfoxlotto.com\/it\/"},{"@type":"ListItem","position":2,"name":"Risultati della lotteria internazionale","item":"https:\/\/redfoxlotto.com\/it\/risultati\/"},{"@type":"ListItem","position":3,"name":"Risultati della lotteria Mega Millions"}]},{"@type":"WebSite","@id":"https:\/\/redfoxlotto.com\/it\/#website","url":"https:\/\/redfoxlotto.com\/it\/","name":"Get Tickets for the World\u2019s largest jackpots","description":"Participate in worldwide lottery jackpots from any country","publisher":{"@id":"https:\/\/redfoxlotto.com\/it\/#organization"},"potentialAction":[{"@type":"SearchAction","target":{"@type":"EntryPoint","urlTemplate":"https:\/\/redfoxlotto.com\/it\/?s={search_term_string}"},"query-input":{"@type":"PropertyValueSpecification","valueRequired":true,"valueName":"search_term_string"}}],"inLanguage":"it-IT"},{"@type":"Organization","@id":"https:\/\/redfoxlotto.com\/it\/#organization","name":"Get Tickets for the World\u2019s largest jackpots","url":"https:\/\/redfoxlotto.com\/it\/","logo":{"@type":"ImageObject","inLanguage":"it-IT","@id":"https:\/\/redfoxlotto.com\/it\/#\/schema\/logo\/image\/","url":"https:\/\/redfoxlotto.com\/wp-content\/uploads\/2023\/04\/logo.png","contentUrl":"https:\/\/redfoxlotto.com\/wp-content\/uploads\/2023\/04\/logo.png","width":269,"height":53,"caption":"Get Tickets for the World\u2019s largest jackpots"},"image":{"@id":"https:\/\/redfoxlotto.com\/it\/#\/schema\/logo\/image\/"}}]}},"_links":{"self":[{"href":"https:\/\/redfoxlotto.com\/it\/wp-json\/wp\/v2\/pages\/913","targetHints":{"allow":["GET"]}}],"collection":[{"href":"https:\/\/redfoxlotto.com\/it\/wp-json\/wp\/v2\/pages"}],"about":[{"href":"https:\/\/redfoxlotto.com\/it\/wp-json\/wp\/v2\/types\/page"}],"author":[{"embeddable":true,"href":"https:\/\/redfoxlotto.com\/it\/wp-json\/wp\/v2\/users\/1"}],"replies":[{"embeddable":true,"href":"https:\/\/redfoxlotto.com\/it\/wp-json\/wp\/v2\/comments?post=913"}],"version-history":[{"count":0,"href":"https:\/\/redfoxlotto.com\/it\/wp-json\/wp\/v2\/pages\/913\/revisions"}],"up":[{"embeddable":true,"href":"https:\/\/redfoxlotto.com\/it\/wp-json\/wp\/v2\/pages\/910"}],"wp:attachment":[{"href":"https:\/\/redfoxlotto.com\/it\/wp-json\/wp\/v2\/media?parent=913"}],"curies":[{"name":"wp","href":"https:\/\/api.w.org\/{rel}","templated":true}]}}