{"id":912,"date":"2018-11-18T08:54:25","date_gmt":"2018-11-18T08:54:25","guid":{"rendered":"https:\/\/redfoxlotto.com\/?page_id=3492"},"modified":"2025-12-17T14:55:38","modified_gmt":"2025-12-17T14:55:38","slug":"euromillions","status":"publish","type":"page","link":"https:\/\/redfoxlotto.com\/it\/risultati\/euromillions\/","title":{"rendered":"Risultati della lotteria EuroMillions"},"content":{"rendered":"<p><script type=\"application\/ld+json\">\n{\n  \"@context\": \"https:\/\/schema.org\",\n  \"@type\": \"Service\",\n  \"name\": \"Controlla i risultati Euromillions online\",\n  \"url\": \"https:\/\/redfoxlotto.com\/it\/risultati\/euromillions\/\",\n  \"description\": \"Visita RedFoxLotto per consultare gli ultimi risultati Euromillions e l\u2019archivio.\",\n  \"serviceType\": \"Archivio mondiale dei risultati delle lotterie\",\n  \"provider\": {\n    \"@type\": \"Organization\",\n    \"name\": \"RedFoxLotto\",\n    \"url\": \"https:\/\/redfoxlotto.com\",\n    \"image\": \"https:\/\/redfoxlotto.com\/wp-content\/uploads\/2025\/12\/ticket_scans.jpg\",\n    \"sameAs\": []\n  },\n  \"areaServed\": \"Worldwide\",\n  \"termsOfService\": \"https:\/\/redfoxlotto.com\/terms-and-conditions\",\n  \"additionalProperty\": {\n    \"@type\": \"PropertyValue\",\n    \"name\": \"FAQ\",\n    \"value\": \"https:\/\/redfoxlotto.com\/it\/risultati\/euromillions\/\"\n  },\n  \"hasOfferCatalog\": {\n    \"@type\": \"OfferCatalog\",\n    \"name\": \"Risultati Euromillions\",\n    \"itemListElement\": [{\n      \"@type\": \"Offer\",\n      \"name\": \"Risultati Euromillions\",\n      \"url\": \"https:\/\/redfoxlotto.com\/it\/risultati\/euromillions\/\",\n      \"description\": \"Ultimi e precedenti risultati Euromillions.\",\n      \"itemOffered\": {\n        \"@type\": \"Service\",\n        \"name\": \"Risultati Euromillions\",\n        \"description\": \"Numeri estratti Euromillions.\"\n      }\n    }]\n  },\n  \"mainEntityOfPage\": {\n    \"@type\": \"WebPage\",\n    \"@id\": \"https:\/\/redfoxlotto.com\/it\/risultati\/euromillions\/\"\n  }\n}\n<\/script><\/p>\n<p>In questa pagina, elenchiamo i risultati dell\u2019estrazione di <a href=\"https:\/\/redfoxlotto.com\/it\/gioca\/euromillions\/\">EuroMillions<\/a>. Hai vinto con il tuo biglietto? Congratulazioni! Approfitta dell&#8217;archivio risultati, dove puoi ottenere informazioni su quali numeri non sono stati estratti per molto tempo.<\/p>\n<p><!--more--><\/p>\n<h2>L&#8217;EuroMillions e il Millionaire Maker del Regno Unito<\/h2>\n<p>I giocatori pagano un po&#8217; di pi\u00f9 se i biglietti dell&#8217;EuroMillions vengono acquistati nel Regno Unito. Ci\u00f2 \u00e8 dovuto al fatto che i biglietti del Regno Unito sono accompagnati da una partecipazione automatica all&#8217;estrazione Millionaire Maker, che offre un&#8217;ulteriore opportunit\u00e0 di vincere un premio di 1 milione di sterline.<\/p>\n<p>Il Millionaire Maker funziona generando un codice unico per ogni biglietto acquistato. Questo codice \u00e8 composto da quattro lettere seguite da cinque numeri (ad esempio, ABCD12345). In ogni estrazione, uno o pi\u00f9 di questi codici vengono selezionati casualmente e il possessore del biglietto con il codice corrispondente vince istantaneamente 1 milione di sterline, indipendentemente dai numeri principali di EuroMillions estratti.<\/p>\n<p>Questa caratteristica rende particolarmente interessante giocare all&#8217;EuroMillions nel Regno Unito, in quanto offre un&#8217;opportunit\u00e0 in pi\u00f9 di vincere un premio significativo, oltre al jackpot standard e ai premi di livello inferiore.<\/p>\n<h2>Jackpot EuroMillions<\/h2>\n<p><img loading=\"lazy\" decoding=\"async\" class=\" wp-image alignright\" src=\"https:\/\/content.redfoxlotto.com\/uploads\/sites\/9\/1_results_mega_millions.jpg\" alt=\"risultati della lotteria\" width=\"240\" height=\"240\" \/><\/p>\n<p>Il jackpot iniziale per EuroMillions \u00e8 di \u20ac 17.000.000. Ma ci sono gi\u00e0 stati favolosi jackpot da \u20ac 190 milioni. Questo \u00e8 il motivo per cui i fan della lotteria di tutta Europa amano questa lotteria.<\/p>\n<h2>Premi e vincitori di EuroMillions<\/h2>\n<p><img decoding=\"async\" class=\"size-full wp-image alignright\" src=\"https:\/\/content.redfoxlotto.com\/uploads\/sites\/9\/1_lottery_winner_is2.jpg\" alt=\"Mega Millions jackpot\" \/><br \/>\nCi sono 13 livelli di <a href=\"https:\/\/redfoxlotto.com\/it\/lotteria\/euromillions\">vincita nel Lotto di EuroMillions<\/a>. Sono necessari solo 2 numeri per vincere un premio. La nostra tabella mostra anche il numero di vincitori in ogni fascia di vincita oltre ai loro rispettivi importi.<\/p>\n","protected":false},"excerpt":{"rendered":"<p>In questa pagina, elenchiamo i risultati dell\u2019estrazione di EuroMillions. Hai vinto con il tuo biglietto? Congratulazioni! Approfitta dell&#8217;archivio risultati, dove puoi ottenere informazioni su quali numeri non sono stati estratti per molto tempo.<\/p>\n","protected":false},"author":1,"featured_media":0,"parent":910,"menu_order":3,"comment_status":"closed","ping_status":"closed","template":"euromillions-results.php","meta":{"_et_pb_use_builder":"","_et_pb_old_content":"","_et_gb_content_width":"","exclude_from_search":false,"footnotes":""},"class_list":["post-912","page","type-page","status-publish","hentry"],"yoast_head":"<!-- This site is optimized with the Yoast SEO plugin v23.8 - https:\/\/yoast.com\/wordpress\/plugins\/seo\/ -->\n<title>Numeri vincenti e risultati per Euromillions<\/title>\n<meta name=\"description\" content=\"Cerchi i risultati Euromillions o i numeri vincenti? Eccoli!\" \/>\n<meta name=\"robots\" content=\"index, follow, max-snippet:-1, max-image-preview:large, max-video-preview:-1\" \/>\n<link rel=\"canonical\" href=\"https:\/\/redfoxlotto.com\/it\/risultati\/euromillions\/\" \/>\n<meta property=\"og:locale\" content=\"it_IT\" \/>\n<meta property=\"og:type\" content=\"article\" \/>\n<meta property=\"og:title\" content=\"Numeri vincenti e risultati per Euromillions\" \/>\n<meta property=\"og:description\" content=\"Cerchi i risultati Euromillions o i numeri vincenti? Eccoli!\" \/>\n<meta property=\"og:url\" content=\"https:\/\/redfoxlotto.com\/it\/risultati\/euromillions\/\" \/>\n<meta property=\"og:site_name\" content=\"Get Tickets for the World\u2019s largest jackpots\" \/>\n<meta property=\"article:modified_time\" content=\"2025-12-17T14:55:38+00:00\" \/>\n<meta property=\"og:image\" content=\"https:\/\/content.redfoxlotto.com\/uploads\/sites\/9\/1_results_mega_millions.jpg\" \/>\n<meta name=\"twitter:card\" content=\"summary_large_image\" \/>\n<meta name=\"twitter:label1\" content=\"Tempo di lettura stimato\" \/>\n\t<meta name=\"twitter:data1\" content=\"2 minuti\" \/>\n<script type=\"application\/ld+json\" class=\"yoast-schema-graph\">{\"@context\":\"https:\/\/schema.org\",\"@graph\":[{\"@type\":\"WebPage\",\"@id\":\"https:\/\/redfoxlotto.com\/it\/risultati\/euromillions\/\",\"url\":\"https:\/\/redfoxlotto.com\/it\/risultati\/euromillions\/\",\"name\":\"Numeri vincenti e risultati per Euromillions\",\"isPartOf\":{\"@id\":\"https:\/\/redfoxlotto.com\/it\/#website\"},\"primaryImageOfPage\":{\"@id\":\"https:\/\/redfoxlotto.com\/it\/risultati\/euromillions\/#primaryimage\"},\"image\":{\"@id\":\"https:\/\/redfoxlotto.com\/it\/risultati\/euromillions\/#primaryimage\"},\"thumbnailUrl\":\"https:\/\/content.redfoxlotto.com\/uploads\/sites\/9\/1_results_mega_millions.jpg\",\"datePublished\":\"2018-11-18T08:54:25+00:00\",\"dateModified\":\"2025-12-17T14:55:38+00:00\",\"description\":\"Cerchi i risultati Euromillions o i numeri vincenti? Eccoli!\",\"breadcrumb\":{\"@id\":\"https:\/\/redfoxlotto.com\/it\/risultati\/euromillions\/#breadcrumb\"},\"inLanguage\":\"it-IT\",\"potentialAction\":[{\"@type\":\"ReadAction\",\"target\":[\"https:\/\/redfoxlotto.com\/it\/risultati\/euromillions\/\"]}]},{\"@type\":\"ImageObject\",\"inLanguage\":\"it-IT\",\"@id\":\"https:\/\/redfoxlotto.com\/it\/risultati\/euromillions\/#primaryimage\",\"url\":\"https:\/\/content.redfoxlotto.com\/uploads\/sites\/9\/1_results_mega_millions.jpg\",\"contentUrl\":\"https:\/\/content.redfoxlotto.com\/uploads\/sites\/9\/1_results_mega_millions.jpg\"},{\"@type\":\"BreadcrumbList\",\"@id\":\"https:\/\/redfoxlotto.com\/it\/risultati\/euromillions\/#breadcrumb\",\"itemListElement\":[{\"@type\":\"ListItem\",\"position\":1,\"name\":\"Home\",\"item\":\"https:\/\/redfoxlotto.com\/it\/\"},{\"@type\":\"ListItem\",\"position\":2,\"name\":\"Risultati della lotteria internazionale\",\"item\":\"https:\/\/redfoxlotto.com\/it\/risultati\/\"},{\"@type\":\"ListItem\",\"position\":3,\"name\":\"Risultati della lotteria EuroMillions\"}]},{\"@type\":\"WebSite\",\"@id\":\"https:\/\/redfoxlotto.com\/it\/#website\",\"url\":\"https:\/\/redfoxlotto.com\/it\/\",\"name\":\"Get Tickets for the World\u2019s largest jackpots\",\"description\":\"Participate in worldwide lottery jackpots from any country\",\"publisher\":{\"@id\":\"https:\/\/redfoxlotto.com\/it\/#organization\"},\"potentialAction\":[{\"@type\":\"SearchAction\",\"target\":{\"@type\":\"EntryPoint\",\"urlTemplate\":\"https:\/\/redfoxlotto.com\/it\/?s={search_term_string}\"},\"query-input\":{\"@type\":\"PropertyValueSpecification\",\"valueRequired\":true,\"valueName\":\"search_term_string\"}}],\"inLanguage\":\"it-IT\"},{\"@type\":\"Organization\",\"@id\":\"https:\/\/redfoxlotto.com\/it\/#organization\",\"name\":\"Get Tickets for the World\u2019s largest jackpots\",\"url\":\"https:\/\/redfoxlotto.com\/it\/\",\"logo\":{\"@type\":\"ImageObject\",\"inLanguage\":\"it-IT\",\"@id\":\"https:\/\/redfoxlotto.com\/it\/#\/schema\/logo\/image\/\",\"url\":\"https:\/\/redfoxlotto.com\/wp-content\/uploads\/2023\/04\/logo.png\",\"contentUrl\":\"https:\/\/redfoxlotto.com\/wp-content\/uploads\/2023\/04\/logo.png\",\"width\":269,\"height\":53,\"caption\":\"Get Tickets for the World\u2019s largest jackpots\"},\"image\":{\"@id\":\"https:\/\/redfoxlotto.com\/it\/#\/schema\/logo\/image\/\"}}]}<\/script>\n<!-- \/ Yoast SEO plugin. -->","yoast_head_json":{"title":"Numeri vincenti e risultati per Euromillions","description":"Cerchi i risultati Euromillions o i numeri vincenti? Eccoli!","robots":{"index":"index","follow":"follow","max-snippet":"max-snippet:-1","max-image-preview":"max-image-preview:large","max-video-preview":"max-video-preview:-1"},"canonical":"https:\/\/redfoxlotto.com\/it\/risultati\/euromillions\/","og_locale":"it_IT","og_type":"article","og_title":"Numeri vincenti e risultati per Euromillions","og_description":"Cerchi i risultati Euromillions o i numeri vincenti? Eccoli!","og_url":"https:\/\/redfoxlotto.com\/it\/risultati\/euromillions\/","og_site_name":"Get Tickets for the World\u2019s largest jackpots","article_modified_time":"2025-12-17T14:55:38+00:00","og_image":[{"url":"https:\/\/content.redfoxlotto.com\/uploads\/sites\/9\/1_results_mega_millions.jpg"}],"twitter_card":"summary_large_image","twitter_misc":{"Tempo di lettura stimato":"2 minuti"},"schema":{"@context":"https:\/\/schema.org","@graph":[{"@type":"WebPage","@id":"https:\/\/redfoxlotto.com\/it\/risultati\/euromillions\/","url":"https:\/\/redfoxlotto.com\/it\/risultati\/euromillions\/","name":"Numeri vincenti e risultati per Euromillions","isPartOf":{"@id":"https:\/\/redfoxlotto.com\/it\/#website"},"primaryImageOfPage":{"@id":"https:\/\/redfoxlotto.com\/it\/risultati\/euromillions\/#primaryimage"},"image":{"@id":"https:\/\/redfoxlotto.com\/it\/risultati\/euromillions\/#primaryimage"},"thumbnailUrl":"https:\/\/content.redfoxlotto.com\/uploads\/sites\/9\/1_results_mega_millions.jpg","datePublished":"2018-11-18T08:54:25+00:00","dateModified":"2025-12-17T14:55:38+00:00","description":"Cerchi i risultati Euromillions o i numeri vincenti? Eccoli!","breadcrumb":{"@id":"https:\/\/redfoxlotto.com\/it\/risultati\/euromillions\/#breadcrumb"},"inLanguage":"it-IT","potentialAction":[{"@type":"ReadAction","target":["https:\/\/redfoxlotto.com\/it\/risultati\/euromillions\/"]}]},{"@type":"ImageObject","inLanguage":"it-IT","@id":"https:\/\/redfoxlotto.com\/it\/risultati\/euromillions\/#primaryimage","url":"https:\/\/content.redfoxlotto.com\/uploads\/sites\/9\/1_results_mega_millions.jpg","contentUrl":"https:\/\/content.redfoxlotto.com\/uploads\/sites\/9\/1_results_mega_millions.jpg"},{"@type":"BreadcrumbList","@id":"https:\/\/redfoxlotto.com\/it\/risultati\/euromillions\/#breadcrumb","itemListElement":[{"@type":"ListItem","position":1,"name":"Home","item":"https:\/\/redfoxlotto.com\/it\/"},{"@type":"ListItem","position":2,"name":"Risultati della lotteria internazionale","item":"https:\/\/redfoxlotto.com\/it\/risultati\/"},{"@type":"ListItem","position":3,"name":"Risultati della lotteria EuroMillions"}]},{"@type":"WebSite","@id":"https:\/\/redfoxlotto.com\/it\/#website","url":"https:\/\/redfoxlotto.com\/it\/","name":"Get Tickets for the World\u2019s largest jackpots","description":"Participate in worldwide lottery jackpots from any country","publisher":{"@id":"https:\/\/redfoxlotto.com\/it\/#organization"},"potentialAction":[{"@type":"SearchAction","target":{"@type":"EntryPoint","urlTemplate":"https:\/\/redfoxlotto.com\/it\/?s={search_term_string}"},"query-input":{"@type":"PropertyValueSpecification","valueRequired":true,"valueName":"search_term_string"}}],"inLanguage":"it-IT"},{"@type":"Organization","@id":"https:\/\/redfoxlotto.com\/it\/#organization","name":"Get Tickets for the World\u2019s largest jackpots","url":"https:\/\/redfoxlotto.com\/it\/","logo":{"@type":"ImageObject","inLanguage":"it-IT","@id":"https:\/\/redfoxlotto.com\/it\/#\/schema\/logo\/image\/","url":"https:\/\/redfoxlotto.com\/wp-content\/uploads\/2023\/04\/logo.png","contentUrl":"https:\/\/redfoxlotto.com\/wp-content\/uploads\/2023\/04\/logo.png","width":269,"height":53,"caption":"Get Tickets for the World\u2019s largest jackpots"},"image":{"@id":"https:\/\/redfoxlotto.com\/it\/#\/schema\/logo\/image\/"}}]}},"_links":{"self":[{"href":"https:\/\/redfoxlotto.com\/it\/wp-json\/wp\/v2\/pages\/912","targetHints":{"allow":["GET"]}}],"collection":[{"href":"https:\/\/redfoxlotto.com\/it\/wp-json\/wp\/v2\/pages"}],"about":[{"href":"https:\/\/redfoxlotto.com\/it\/wp-json\/wp\/v2\/types\/page"}],"author":[{"embeddable":true,"href":"https:\/\/redfoxlotto.com\/it\/wp-json\/wp\/v2\/users\/1"}],"replies":[{"embeddable":true,"href":"https:\/\/redfoxlotto.com\/it\/wp-json\/wp\/v2\/comments?post=912"}],"version-history":[{"count":0,"href":"https:\/\/redfoxlotto.com\/it\/wp-json\/wp\/v2\/pages\/912\/revisions"}],"up":[{"embeddable":true,"href":"https:\/\/redfoxlotto.com\/it\/wp-json\/wp\/v2\/pages\/910"}],"wp:attachment":[{"href":"https:\/\/redfoxlotto.com\/it\/wp-json\/wp\/v2\/media?parent=912"}],"curies":[{"name":"wp","href":"https:\/\/api.w.org\/{rel}","templated":true}]}}