{"id":86855,"date":"2025-02-12T11:18:17","date_gmt":"2025-02-12T11:18:17","guid":{"rendered":"https:\/\/redfoxlotto.com\/?page_id=86855"},"modified":"2025-05-15T05:53:23","modified_gmt":"2025-05-15T05:53:23","slug":"keno-diamond-10m","status":"publish","type":"page","link":"https:\/\/redfoxlotto.com\/it\/keno\/keno-diamond-10m\/","title":{"rendered":"Keno Diamond 10m"},"content":{"rendered":"<h2>Il Keno online non pu\u00f2 essere pi\u00f9 grande e migliore di cos\u00ec: giocate al Keno con una vincita di 10 milioni di euro!<\/h2>\n<p>Questo \u00e8 il nostro gioco di lotteria Keno pi\u00f9 grande e pi\u00f9 popolare. Se state cercando il miglior gioco di Keno da giocare online, siete nel posto giusto. Questo gioco di Keno prevede un&#8217;estrazione ogni 20 minuti, quindi non dovrete aspettare a lungo per scoprire se il vostro biglietto ha vinto.<\/p>\n","protected":false},"excerpt":{"rendered":"<p>Il Keno online non pu\u00f2 essere pi\u00f9 grande e migliore di cos\u00ec: giocate al Keno con una vincita di 10 milioni di euro! Questo \u00e8 il nostro gioco di lotteria Keno pi\u00f9 grande e pi\u00f9 popolare. Se state cercando il miglior gioco di Keno da giocare online, siete nel posto giusto. Questo gioco di Keno [&hellip;]<\/p>\n","protected":false},"author":8,"featured_media":0,"parent":84407,"menu_order":1,"comment_status":"closed","ping_status":"closed","template":"","meta":{"_et_pb_use_builder":"","_et_pb_old_content":"","_et_gb_content_width":"","exclude_from_search":false,"footnotes":""},"class_list":["post-86855","page","type-page","status-publish","hentry"],"yoast_head":"<!-- This site is optimized with the Yoast SEO plugin v23.8 - https:\/\/yoast.com\/wordpress\/plugins\/seo\/ -->\n<title>I migliori giochi di Keno online - Keno da 10 milioni di euro<\/title>\n<meta name=\"description\" content=\"Finite qui i migliori giochi di Keno online, con premi fino a 10 milioni di euro. Non dovrete mai aspettare troppo a lungo per la prossima estrazione di Keno online!\" \/>\n<meta name=\"robots\" content=\"index, follow, max-snippet:-1, max-image-preview:large, max-video-preview:-1\" \/>\n<link rel=\"canonical\" href=\"https:\/\/redfoxlotto.com\/it\/keno\/keno-diamond-10m\/\" \/>\n<meta property=\"og:locale\" content=\"it_IT\" \/>\n<meta property=\"og:type\" content=\"article\" \/>\n<meta property=\"og:title\" content=\"I migliori giochi di Keno online - Keno da 10 milioni di euro\" \/>\n<meta property=\"og:description\" content=\"Finite qui i migliori giochi di Keno online, con premi fino a 10 milioni di euro. Non dovrete mai aspettare troppo a lungo per la prossima estrazione di Keno online!\" \/>\n<meta property=\"og:url\" content=\"https:\/\/redfoxlotto.com\/it\/keno\/keno-diamond-10m\/\" \/>\n<meta property=\"og:site_name\" content=\"Get Tickets for the World\u2019s largest jackpots\" \/>\n<meta property=\"article:modified_time\" content=\"2025-05-15T05:53:23+00:00\" \/>\n<meta name=\"twitter:card\" content=\"summary_large_image\" \/>\n<meta name=\"twitter:label1\" content=\"Tempo di lettura stimato\" \/>\n\t<meta name=\"twitter:data1\" content=\"1 minuto\" \/>\n<script type=\"application\/ld+json\" class=\"yoast-schema-graph\">{\"@context\":\"https:\/\/schema.org\",\"@graph\":[{\"@type\":\"WebPage\",\"@id\":\"https:\/\/redfoxlotto.com\/it\/keno\/keno-diamond-10m\/\",\"url\":\"https:\/\/redfoxlotto.com\/it\/keno\/keno-diamond-10m\/\",\"name\":\"I migliori giochi di Keno online - Keno da 10 milioni di euro\",\"isPartOf\":{\"@id\":\"https:\/\/redfoxlotto.com\/it\/#website\"},\"datePublished\":\"2025-02-12T11:18:17+00:00\",\"dateModified\":\"2025-05-15T05:53:23+00:00\",\"description\":\"Finite qui i migliori giochi di Keno online, con premi fino a 10 milioni di euro. Non dovrete mai aspettare troppo a lungo per la prossima estrazione di Keno online!\",\"breadcrumb\":{\"@id\":\"https:\/\/redfoxlotto.com\/it\/keno\/keno-diamond-10m\/#breadcrumb\"},\"inLanguage\":\"it-IT\",\"potentialAction\":[{\"@type\":\"ReadAction\",\"target\":[\"https:\/\/redfoxlotto.com\/it\/keno\/keno-diamond-10m\/\"]}]},{\"@type\":\"BreadcrumbList\",\"@id\":\"https:\/\/redfoxlotto.com\/it\/keno\/keno-diamond-10m\/#breadcrumb\",\"itemListElement\":[{\"@type\":\"ListItem\",\"position\":1,\"name\":\"Home\",\"item\":\"https:\/\/redfoxlotto.com\/it\/\"},{\"@type\":\"ListItem\",\"position\":2,\"name\":\"Keno\",\"item\":\"https:\/\/redfoxlotto.com\/it\/keno\/\"},{\"@type\":\"ListItem\",\"position\":3,\"name\":\"Keno Diamond 10m\"}]},{\"@type\":\"WebSite\",\"@id\":\"https:\/\/redfoxlotto.com\/it\/#website\",\"url\":\"https:\/\/redfoxlotto.com\/it\/\",\"name\":\"Get Tickets for the World\u2019s largest jackpots\",\"description\":\"Participate in worldwide lottery jackpots from any country\",\"publisher\":{\"@id\":\"https:\/\/redfoxlotto.com\/it\/#organization\"},\"potentialAction\":[{\"@type\":\"SearchAction\",\"target\":{\"@type\":\"EntryPoint\",\"urlTemplate\":\"https:\/\/redfoxlotto.com\/it\/?s={search_term_string}\"},\"query-input\":{\"@type\":\"PropertyValueSpecification\",\"valueRequired\":true,\"valueName\":\"search_term_string\"}}],\"inLanguage\":\"it-IT\"},{\"@type\":\"Organization\",\"@id\":\"https:\/\/redfoxlotto.com\/it\/#organization\",\"name\":\"Get Tickets for the World\u2019s largest jackpots\",\"url\":\"https:\/\/redfoxlotto.com\/it\/\",\"logo\":{\"@type\":\"ImageObject\",\"inLanguage\":\"it-IT\",\"@id\":\"https:\/\/redfoxlotto.com\/it\/#\/schema\/logo\/image\/\",\"url\":\"https:\/\/redfoxlotto.com\/wp-content\/uploads\/2023\/04\/logo.png\",\"contentUrl\":\"https:\/\/redfoxlotto.com\/wp-content\/uploads\/2023\/04\/logo.png\",\"width\":269,\"height\":53,\"caption\":\"Get Tickets for the World\u2019s largest jackpots\"},\"image\":{\"@id\":\"https:\/\/redfoxlotto.com\/it\/#\/schema\/logo\/image\/\"}}]}<\/script>\n<!-- \/ Yoast SEO plugin. -->","yoast_head_json":{"title":"I migliori giochi di Keno online - Keno da 10 milioni di euro","description":"Finite qui i migliori giochi di Keno online, con premi fino a 10 milioni di euro. Non dovrete mai aspettare troppo a lungo per la prossima estrazione di Keno online!","robots":{"index":"index","follow":"follow","max-snippet":"max-snippet:-1","max-image-preview":"max-image-preview:large","max-video-preview":"max-video-preview:-1"},"canonical":"https:\/\/redfoxlotto.com\/it\/keno\/keno-diamond-10m\/","og_locale":"it_IT","og_type":"article","og_title":"I migliori giochi di Keno online - Keno da 10 milioni di euro","og_description":"Finite qui i migliori giochi di Keno online, con premi fino a 10 milioni di euro. Non dovrete mai aspettare troppo a lungo per la prossima estrazione di Keno online!","og_url":"https:\/\/redfoxlotto.com\/it\/keno\/keno-diamond-10m\/","og_site_name":"Get Tickets for the World\u2019s largest jackpots","article_modified_time":"2025-05-15T05:53:23+00:00","twitter_card":"summary_large_image","twitter_misc":{"Tempo di lettura stimato":"1 minuto"},"schema":{"@context":"https:\/\/schema.org","@graph":[{"@type":"WebPage","@id":"https:\/\/redfoxlotto.com\/it\/keno\/keno-diamond-10m\/","url":"https:\/\/redfoxlotto.com\/it\/keno\/keno-diamond-10m\/","name":"I migliori giochi di Keno online - Keno da 10 milioni di euro","isPartOf":{"@id":"https:\/\/redfoxlotto.com\/it\/#website"},"datePublished":"2025-02-12T11:18:17+00:00","dateModified":"2025-05-15T05:53:23+00:00","description":"Finite qui i migliori giochi di Keno online, con premi fino a 10 milioni di euro. Non dovrete mai aspettare troppo a lungo per la prossima estrazione di Keno online!","breadcrumb":{"@id":"https:\/\/redfoxlotto.com\/it\/keno\/keno-diamond-10m\/#breadcrumb"},"inLanguage":"it-IT","potentialAction":[{"@type":"ReadAction","target":["https:\/\/redfoxlotto.com\/it\/keno\/keno-diamond-10m\/"]}]},{"@type":"BreadcrumbList","@id":"https:\/\/redfoxlotto.com\/it\/keno\/keno-diamond-10m\/#breadcrumb","itemListElement":[{"@type":"ListItem","position":1,"name":"Home","item":"https:\/\/redfoxlotto.com\/it\/"},{"@type":"ListItem","position":2,"name":"Keno","item":"https:\/\/redfoxlotto.com\/it\/keno\/"},{"@type":"ListItem","position":3,"name":"Keno Diamond 10m"}]},{"@type":"WebSite","@id":"https:\/\/redfoxlotto.com\/it\/#website","url":"https:\/\/redfoxlotto.com\/it\/","name":"Get Tickets for the World\u2019s largest jackpots","description":"Participate in worldwide lottery jackpots from any country","publisher":{"@id":"https:\/\/redfoxlotto.com\/it\/#organization"},"potentialAction":[{"@type":"SearchAction","target":{"@type":"EntryPoint","urlTemplate":"https:\/\/redfoxlotto.com\/it\/?s={search_term_string}"},"query-input":{"@type":"PropertyValueSpecification","valueRequired":true,"valueName":"search_term_string"}}],"inLanguage":"it-IT"},{"@type":"Organization","@id":"https:\/\/redfoxlotto.com\/it\/#organization","name":"Get Tickets for the World\u2019s largest jackpots","url":"https:\/\/redfoxlotto.com\/it\/","logo":{"@type":"ImageObject","inLanguage":"it-IT","@id":"https:\/\/redfoxlotto.com\/it\/#\/schema\/logo\/image\/","url":"https:\/\/redfoxlotto.com\/wp-content\/uploads\/2023\/04\/logo.png","contentUrl":"https:\/\/redfoxlotto.com\/wp-content\/uploads\/2023\/04\/logo.png","width":269,"height":53,"caption":"Get Tickets for the World\u2019s largest jackpots"},"image":{"@id":"https:\/\/redfoxlotto.com\/it\/#\/schema\/logo\/image\/"}}]}},"_links":{"self":[{"href":"https:\/\/redfoxlotto.com\/it\/wp-json\/wp\/v2\/pages\/86855","targetHints":{"allow":["GET"]}}],"collection":[{"href":"https:\/\/redfoxlotto.com\/it\/wp-json\/wp\/v2\/pages"}],"about":[{"href":"https:\/\/redfoxlotto.com\/it\/wp-json\/wp\/v2\/types\/page"}],"author":[{"embeddable":true,"href":"https:\/\/redfoxlotto.com\/it\/wp-json\/wp\/v2\/users\/8"}],"replies":[{"embeddable":true,"href":"https:\/\/redfoxlotto.com\/it\/wp-json\/wp\/v2\/comments?post=86855"}],"version-history":[{"count":0,"href":"https:\/\/redfoxlotto.com\/it\/wp-json\/wp\/v2\/pages\/86855\/revisions"}],"up":[{"embeddable":true,"href":"https:\/\/redfoxlotto.com\/it\/wp-json\/wp\/v2\/pages\/84407"}],"wp:attachment":[{"href":"https:\/\/redfoxlotto.com\/it\/wp-json\/wp\/v2\/media?parent=86855"}],"curies":[{"name":"wp","href":"https:\/\/api.w.org\/{rel}","templated":true}]}}