{"id":85487,"date":"2025-02-25T17:25:31","date_gmt":"2025-02-25T17:25:31","guid":{"rendered":"https:\/\/redfoxlotto.com\/?page_id=85487"},"modified":"2025-04-21T06:46:05","modified_gmt":"2025-04-21T06:46:05","slug":"informazioni-sulla-lotteria-di-new-york","status":"publish","type":"page","link":"https:\/\/redfoxlotto.com\/it\/lotteria\/informazioni-sulla-lotteria-di-new-york\/","title":{"rendered":"Informazioni sulla Lotteria di New York"},"content":{"rendered":"<h2>Come acquistare i biglietti della Lotteria di New York<\/h2>\n<p>Guida all&#8217;acquisto dei biglietti della Lotteria di New York su RedFoxLotto:<\/p>\n<p>Quando giochi alla Lotteria di New York, hai mai fantasticato di vincere un jackpot che potrebbe trasformare completamente la tua vita? Partecipare a lotterie internazionali, come il Lotto di New York, non \u00e8 mai stato cos\u00ec semplice come con RedFoxLotto, anche se ti trovi al di fuori degli Stati Uniti.<\/p>\n<p>Nel corso di questo post, ti guideremo attraverso il processo di acquisto dei biglietti della Lotteria di New York da RedFoxLotto in pochi semplici passaggi.<\/p>\n<h2>RedFoxLotto: che cos&#8217;\u00e8?<\/h2>\n<p>Con RedFoxLotto, un servizio di lotterie online affidabile, puoi partecipare alle principali lotterie internazionali. Queste lotterie includono Powerball, Mega Millions, EuroMillions e, naturalmente, il Lotto di New York. RedFoxLotto svolge la funzione di un servizio di consegna biglietti, il che significa che acquista un biglietto autentico per tuo conto e poi lo scansiona nel tuo account online designato.<\/p>\n<h3>RedFoxLotto: guida passo passo all&#8217;acquisto dei biglietti per il programma della lotteria di New York<\/h3>\n<p>1. Registrati. Vai su RedFoxLotto.com per iniziare la procedura di registrazione. Inserisci le tue informazioni di base, come il tuo nome, indirizzo e-mail e il paese in cui risiedi attualmente, cliccando sul pulsante \u201cRegistrati\u201d.<\/p>\n<p>2. Conferma che il tuo account \u00e8 valido.<\/p>\n<p>Una volta completata la procedura di registrazione, troverai un link di verifica nella tua casella di posta elettronica. Puoi verificare il tuo account cliccando su di esso. Nonostante si tratti di un passaggio semplice, \u00e8 essenziale sia per la sicurezza che per le potenziali vincite future.<\/p>\n<p>3. Informati sulle lotterie<\/p>\n<p>Dopo esserti registrato con successo, vai alla home page e cerca il New York Lotto nell&#8217;elenco delle lotterie disponibili. Cliccandoci sopra potrai trovare maggiori informazioni sulla prossima estrazione, l&#8217;ammontare del jackpot e il costo dei biglietti.<\/p>\n<p>4. Scegli i tuoi numeri<\/p>\n<p>Il tuo compito sar\u00e0 quello di scegliere sei numeri compresi tra uno e sessantanove. Puoi selezionarli manualmente oppure utilizzare l&#8217;opzione Quick Pick per generare numeri casuali da zero con RedFoxLotto.<\/p>\n<h2>Aggiungi al carrello e procedi al pagamento<\/h2>\n<p>Una volta selezionati i numeri, aggiungi il biglietto al carrello. Successivamente, accedi alla pagina di pagamento. RedFoxLotto supporta diverse opzioni di pagamento, tra cui:<\/p>\n<ul>\n<li>Carte di credito e debito<\/li>\n<li>Bonifico bancario<\/li>\n<li>Portafogli elettronici come Skrill<\/li>\n<li>In alcune zone \u00e8 ampiamente utilizzata la criptovaluta.<\/li>\n<\/ul>\n<h2>Conferma e scanner del biglietto<\/h2>\n<p>Subito dopo l&#8217;elaborazione del pagamento, RedFoxLotto invier\u00e0 uno dei suoi agenti locali negli Stati Uniti per acquistare un biglietto originale del New York Lotto con i numeri da te selezionati. A titolo di prova dell&#8217;acquisto, una scansione del biglietto verr\u00e0 pubblicata sul tuo account.<\/p>\n<h2>Cosa succede se vinci?<\/h2>\n<h3>Se i numeri che hai inserito vincono un premio:<\/h3>\n<p>Il tuo conto RedFoxLotto verr\u00e0 immediatamente accreditato con qualsiasi vincita di importo minore o moderato. Una volta vinto un jackpot di importo elevato, il team di RedFoxLotto ti guider\u00e0 attraverso i passaggi necessari per richiedere il tuo premio. A seconda dell&#8217;importo e delle normative dello Stato, potrebbe essere necessario recarti negli Stati Uniti.<\/p>\n<h2>Qual \u00e8 la legge?<\/h2>\n<p>RedFoxLotto non \u00e8 un fornitore di lotterie, ma gestisce la distribuzione dei biglietti della lotteria. Stai acquistando un biglietto fisico reale tramite un agente autorizzato, che garantisce che tutto sia legale e trasparente, anche se stai giocando da un altro Paese.<\/p>\n<h2>Osservazioni conclusive<\/h2>\n<p>Acquistare biglietti per la lotteria di New York da qualsiasi parte del mondo non \u00e8 pi\u00f9 un sogno irrealizzabile. Grazie a RedFoxLotto \u00e8 facile, sicuro e accessibile. Con pochi clic potresti vincere milioni di dollari senza nemmeno dover uscire di casa per andare a New York.<\/p>\n<p>Perch\u00e9 aspettare? Registrati subito, scegli i tuoi numeri fortunati e preparati a vincere il jackpot!<\/p>\n","protected":false},"excerpt":{"rendered":"<p>Come acquistare i biglietti della Lotteria di New York Guida all&#8217;acquisto dei biglietti della Lotteria di New York su RedFoxLotto: Quando giochi alla Lotteria di New York, hai mai fantasticato di vincere un jackpot che potrebbe trasformare completamente la tua vita? Partecipare a lotterie internazionali, come il Lotto di New York, non \u00e8 mai stato [&hellip;]<\/p>\n","protected":false},"author":8,"featured_media":0,"parent":59912,"menu_order":18,"comment_status":"closed","ping_status":"closed","template":"newyork-info.php","meta":{"_et_pb_use_builder":"","_et_pb_old_content":"","_et_gb_content_width":"","exclude_from_search":false,"footnotes":""},"class_list":["post-85487","page","type-page","status-publish","hentry"],"yoast_head":"<!-- This site is optimized with the Yoast SEO plugin v23.8 - https:\/\/yoast.com\/wordpress\/plugins\/seo\/ -->\n<title>Come acquistare i biglietti della Lotteria di New York online dal Regno Unito<\/title>\n<meta name=\"description\" content=\"Acquista qui i biglietti per la Lotteria di New York: anche dal Regno Unito puoi partecipare alla Lotteria di New York online e ricevere un biglietto scannerizzato in pochi minuti.\" \/>\n<meta name=\"robots\" content=\"index, follow, max-snippet:-1, max-image-preview:large, max-video-preview:-1\" \/>\n<link rel=\"canonical\" href=\"https:\/\/redfoxlotto.com\/it\/lotteria\/informazioni-sulla-lotteria-di-new-york\/\" \/>\n<meta property=\"og:locale\" content=\"it_IT\" \/>\n<meta property=\"og:type\" content=\"article\" \/>\n<meta property=\"og:title\" content=\"Come acquistare i biglietti della Lotteria di New York online dal Regno Unito\" \/>\n<meta property=\"og:description\" content=\"Acquista qui i biglietti per la Lotteria di New York: anche dal Regno Unito puoi partecipare alla Lotteria di New York online e ricevere un biglietto scannerizzato in pochi minuti.\" \/>\n<meta property=\"og:url\" content=\"https:\/\/redfoxlotto.com\/it\/lotteria\/informazioni-sulla-lotteria-di-new-york\/\" \/>\n<meta property=\"og:site_name\" content=\"Get Tickets for the World\u2019s largest jackpots\" \/>\n<meta property=\"article:modified_time\" content=\"2025-04-21T06:46:05+00:00\" \/>\n<meta name=\"twitter:card\" content=\"summary_large_image\" \/>\n<meta name=\"twitter:label1\" content=\"Tempo di lettura stimato\" \/>\n\t<meta name=\"twitter:data1\" content=\"3 minuti\" \/>\n<script type=\"application\/ld+json\" class=\"yoast-schema-graph\">{\"@context\":\"https:\/\/schema.org\",\"@graph\":[{\"@type\":\"WebPage\",\"@id\":\"https:\/\/redfoxlotto.com\/it\/lotteria\/informazioni-sulla-lotteria-di-new-york\/\",\"url\":\"https:\/\/redfoxlotto.com\/it\/lotteria\/informazioni-sulla-lotteria-di-new-york\/\",\"name\":\"Come acquistare i biglietti della Lotteria di New York online dal Regno Unito\",\"isPartOf\":{\"@id\":\"https:\/\/redfoxlotto.com\/it\/#website\"},\"datePublished\":\"2025-02-25T17:25:31+00:00\",\"dateModified\":\"2025-04-21T06:46:05+00:00\",\"description\":\"Acquista qui i biglietti per la Lotteria di New York: anche dal Regno Unito puoi partecipare alla Lotteria di New York online e ricevere un biglietto scannerizzato in pochi minuti.\",\"breadcrumb\":{\"@id\":\"https:\/\/redfoxlotto.com\/it\/lotteria\/informazioni-sulla-lotteria-di-new-york\/#breadcrumb\"},\"inLanguage\":\"it-IT\",\"potentialAction\":[{\"@type\":\"ReadAction\",\"target\":[\"https:\/\/redfoxlotto.com\/it\/lotteria\/informazioni-sulla-lotteria-di-new-york\/\"]}]},{\"@type\":\"BreadcrumbList\",\"@id\":\"https:\/\/redfoxlotto.com\/it\/lotteria\/informazioni-sulla-lotteria-di-new-york\/#breadcrumb\",\"itemListElement\":[{\"@type\":\"ListItem\",\"position\":1,\"name\":\"Home\",\"item\":\"https:\/\/redfoxlotto.com\/it\/\"},{\"@type\":\"ListItem\",\"position\":2,\"name\":\"Il processo di acquisto dei tuoi biglietti\",\"item\":\"https:\/\/redfoxlotto.com\/it\/lotteria\/\"},{\"@type\":\"ListItem\",\"position\":3,\"name\":\"Informazioni sulla Lotteria di New York\"}]},{\"@type\":\"WebSite\",\"@id\":\"https:\/\/redfoxlotto.com\/it\/#website\",\"url\":\"https:\/\/redfoxlotto.com\/it\/\",\"name\":\"Get Tickets for the World\u2019s largest jackpots\",\"description\":\"Participate in worldwide lottery jackpots from any country\",\"publisher\":{\"@id\":\"https:\/\/redfoxlotto.com\/it\/#organization\"},\"potentialAction\":[{\"@type\":\"SearchAction\",\"target\":{\"@type\":\"EntryPoint\",\"urlTemplate\":\"https:\/\/redfoxlotto.com\/it\/?s={search_term_string}\"},\"query-input\":{\"@type\":\"PropertyValueSpecification\",\"valueRequired\":true,\"valueName\":\"search_term_string\"}}],\"inLanguage\":\"it-IT\"},{\"@type\":\"Organization\",\"@id\":\"https:\/\/redfoxlotto.com\/it\/#organization\",\"name\":\"Get Tickets for the World\u2019s largest jackpots\",\"url\":\"https:\/\/redfoxlotto.com\/it\/\",\"logo\":{\"@type\":\"ImageObject\",\"inLanguage\":\"it-IT\",\"@id\":\"https:\/\/redfoxlotto.com\/it\/#\/schema\/logo\/image\/\",\"url\":\"https:\/\/redfoxlotto.com\/wp-content\/uploads\/2023\/04\/logo.png\",\"contentUrl\":\"https:\/\/redfoxlotto.com\/wp-content\/uploads\/2023\/04\/logo.png\",\"width\":269,\"height\":53,\"caption\":\"Get Tickets for the World\u2019s largest jackpots\"},\"image\":{\"@id\":\"https:\/\/redfoxlotto.com\/it\/#\/schema\/logo\/image\/\"}}]}<\/script>\n<!-- \/ Yoast SEO plugin. -->","yoast_head_json":{"title":"Come acquistare i biglietti della Lotteria di New York online dal Regno Unito","description":"Acquista qui i biglietti per la Lotteria di New York: anche dal Regno Unito puoi partecipare alla Lotteria di New York online e ricevere un biglietto scannerizzato in pochi minuti.","robots":{"index":"index","follow":"follow","max-snippet":"max-snippet:-1","max-image-preview":"max-image-preview:large","max-video-preview":"max-video-preview:-1"},"canonical":"https:\/\/redfoxlotto.com\/it\/lotteria\/informazioni-sulla-lotteria-di-new-york\/","og_locale":"it_IT","og_type":"article","og_title":"Come acquistare i biglietti della Lotteria di New York online dal Regno Unito","og_description":"Acquista qui i biglietti per la Lotteria di New York: anche dal Regno Unito puoi partecipare alla Lotteria di New York online e ricevere un biglietto scannerizzato in pochi minuti.","og_url":"https:\/\/redfoxlotto.com\/it\/lotteria\/informazioni-sulla-lotteria-di-new-york\/","og_site_name":"Get Tickets for the World\u2019s largest jackpots","article_modified_time":"2025-04-21T06:46:05+00:00","twitter_card":"summary_large_image","twitter_misc":{"Tempo di lettura stimato":"3 minuti"},"schema":{"@context":"https:\/\/schema.org","@graph":[{"@type":"WebPage","@id":"https:\/\/redfoxlotto.com\/it\/lotteria\/informazioni-sulla-lotteria-di-new-york\/","url":"https:\/\/redfoxlotto.com\/it\/lotteria\/informazioni-sulla-lotteria-di-new-york\/","name":"Come acquistare i biglietti della Lotteria di New York online dal Regno Unito","isPartOf":{"@id":"https:\/\/redfoxlotto.com\/it\/#website"},"datePublished":"2025-02-25T17:25:31+00:00","dateModified":"2025-04-21T06:46:05+00:00","description":"Acquista qui i biglietti per la Lotteria di New York: anche dal Regno Unito puoi partecipare alla Lotteria di New York online e ricevere un biglietto scannerizzato in pochi minuti.","breadcrumb":{"@id":"https:\/\/redfoxlotto.com\/it\/lotteria\/informazioni-sulla-lotteria-di-new-york\/#breadcrumb"},"inLanguage":"it-IT","potentialAction":[{"@type":"ReadAction","target":["https:\/\/redfoxlotto.com\/it\/lotteria\/informazioni-sulla-lotteria-di-new-york\/"]}]},{"@type":"BreadcrumbList","@id":"https:\/\/redfoxlotto.com\/it\/lotteria\/informazioni-sulla-lotteria-di-new-york\/#breadcrumb","itemListElement":[{"@type":"ListItem","position":1,"name":"Home","item":"https:\/\/redfoxlotto.com\/it\/"},{"@type":"ListItem","position":2,"name":"Il processo di acquisto dei tuoi biglietti","item":"https:\/\/redfoxlotto.com\/it\/lotteria\/"},{"@type":"ListItem","position":3,"name":"Informazioni sulla Lotteria di New York"}]},{"@type":"WebSite","@id":"https:\/\/redfoxlotto.com\/it\/#website","url":"https:\/\/redfoxlotto.com\/it\/","name":"Get Tickets for the World\u2019s largest jackpots","description":"Participate in worldwide lottery jackpots from any country","publisher":{"@id":"https:\/\/redfoxlotto.com\/it\/#organization"},"potentialAction":[{"@type":"SearchAction","target":{"@type":"EntryPoint","urlTemplate":"https:\/\/redfoxlotto.com\/it\/?s={search_term_string}"},"query-input":{"@type":"PropertyValueSpecification","valueRequired":true,"valueName":"search_term_string"}}],"inLanguage":"it-IT"},{"@type":"Organization","@id":"https:\/\/redfoxlotto.com\/it\/#organization","name":"Get Tickets for the World\u2019s largest jackpots","url":"https:\/\/redfoxlotto.com\/it\/","logo":{"@type":"ImageObject","inLanguage":"it-IT","@id":"https:\/\/redfoxlotto.com\/it\/#\/schema\/logo\/image\/","url":"https:\/\/redfoxlotto.com\/wp-content\/uploads\/2023\/04\/logo.png","contentUrl":"https:\/\/redfoxlotto.com\/wp-content\/uploads\/2023\/04\/logo.png","width":269,"height":53,"caption":"Get Tickets for the World\u2019s largest jackpots"},"image":{"@id":"https:\/\/redfoxlotto.com\/it\/#\/schema\/logo\/image\/"}}]}},"_links":{"self":[{"href":"https:\/\/redfoxlotto.com\/it\/wp-json\/wp\/v2\/pages\/85487","targetHints":{"allow":["GET"]}}],"collection":[{"href":"https:\/\/redfoxlotto.com\/it\/wp-json\/wp\/v2\/pages"}],"about":[{"href":"https:\/\/redfoxlotto.com\/it\/wp-json\/wp\/v2\/types\/page"}],"author":[{"embeddable":true,"href":"https:\/\/redfoxlotto.com\/it\/wp-json\/wp\/v2\/users\/8"}],"replies":[{"embeddable":true,"href":"https:\/\/redfoxlotto.com\/it\/wp-json\/wp\/v2\/comments?post=85487"}],"version-history":[{"count":0,"href":"https:\/\/redfoxlotto.com\/it\/wp-json\/wp\/v2\/pages\/85487\/revisions"}],"up":[{"embeddable":true,"href":"https:\/\/redfoxlotto.com\/it\/wp-json\/wp\/v2\/pages\/59912"}],"wp:attachment":[{"href":"https:\/\/redfoxlotto.com\/it\/wp-json\/wp\/v2\/media?parent=85487"}],"curies":[{"name":"wp","href":"https:\/\/api.w.org\/{rel}","templated":true}]}}