{"id":84496,"date":"2025-03-17T09:46:32","date_gmt":"2025-03-17T09:46:32","guid":{"rendered":"https:\/\/redfoxlotto.com\/?page_id=84496"},"modified":"2025-06-17T08:45:58","modified_gmt":"2025-06-17T08:45:58","slug":"scratchcards","status":"publish","type":"page","link":"https:\/\/redfoxlotto.com\/it\/scratchcards\/","title":{"rendered":"Gratta e vinci"},"content":{"rendered":"<p>Se sei un appassionato di lotterie, siamo sicuri che ti<b> piacer\u00e0 giocare ai nostri gratta e vinci online!<\/b><\/p>\n<p>I gratta e vinci sono sempre stati un&#8217;aggiunta popolare all&#8217;acquisto di biglietti della lotteria. Quasi tutti i negozi di lotterie del pianeta li vendono, e c&#8217;\u00e8 una buona ragione per questo. Mentre giocare alla lotteria comporta quasi sempre un po&#8217; di tempo di attesa per i risultati, i gratta e vinci ti danno un risultato immediato.<\/p>\n<p>E con i nostri gratta e vinci online, non devi nemmeno trovare un negozio di lotterie per comprarli: puoi semplicemente giocare ai nostri gratta e vinci online e divertirti e emozionarti gratta e vinci.<\/p>\n<h2><strong>I gratta e vinci online saranno presto disponibili su RedFoxLotto<\/strong><\/h2>\n<p><img loading=\"lazy\" decoding=\"async\" class=\" wp-image-83601 alignright\" src=\"https:\/\/redfoxlotto.com\/wp-content\/uploads\/2025\/03\/scratch_card_player-300x300.jpg\" alt=\"play scratch cards\" width=\"183\" height=\"183\" srcset=\"https:\/\/redfoxlotto.com\/wp-content\/uploads\/2025\/03\/scratch_card_player-300x300.jpg 300w, https:\/\/redfoxlotto.com\/wp-content\/uploads\/2025\/03\/scratch_card_player-150x150.jpg 150w, https:\/\/redfoxlotto.com\/wp-content\/uploads\/2025\/03\/scratch_card_player-100x100.jpg 100w, https:\/\/redfoxlotto.com\/wp-content\/uploads\/2025\/03\/scratch_card_player.jpg 307w\" sizes=\"auto, (max-width: 183px) 100vw, 183px\" \/><\/p>\n<ul>\n<li>I gratta e vinci saranno lanciati all&#8217;inizio di aprile 2025.<\/li>\n<li>Non perdetevi il lancio!<\/li>\n<li>Assicuratevi di ricevere le nostre e-mail promozionali: controllate la cartella spam e contrassegnate RedFoxLotto come mittente di posta elettronica attendibile.<\/li>\n<\/ul>\n<p>Anche il pagamento \u00e8 molto conveniente, soprattutto se avete gi\u00e0 un saldo sul nostro sito web. Ci\u00f2 significa che se avete intenzione di acquistare pi\u00f9 gratta e vinci, dovreste effettuare un deposito nel vostro portafoglio prima di iniziare a giocare.<\/p>\n<p>Basta selezionare il biglietto che pi\u00f9 ti piace e cliccare per acquistarlo. Abbiamo diversi layout interessanti e ci sono gratta e vinci con prezzi e categorie di premi diversi.<\/p>\n<h2>Giocare ai nostri gratta e vinci \u00e8 abbastanza facile<\/h2>\n<p>Poi, puoi grattare manualmente lo strato superiore del biglietto, usando il mouse, oppure cliccare sul pulsante \u201cgratta e vinci veloce\u201d per scoprire tutte le informazioni nascoste nel biglietto.<\/p>\n<p>Le vincite dipendono dagli importi che appaiono dopo aver grattato lo strato superiore della cartolina. Se sulla cartolina gratta e vinci compaiono tre importi uguali, quello \u00e8 l&#8217;importo che vinci.<\/p>\n<h2>Cosa succede dopo una vincita con una cartolina gratta e vinci?<\/h2>\n<p>Tutte le vincite saranno aggiunte immediatamente al tuo account. Se una cartolina vince, avrai due opzioni:<\/p>\n<ol>\n<li>Puoi rimanere sulla pagina delle cartoline gratta e vinci e continuare a utilizzare le tue vincite per acquistare altre cartoline gratta e vinci online<\/li>\n<li>Chiudere la pagina dei gratta e vinci e le vincite saranno trasferite sul saldo del giocatore RedFoxLotto.<\/li>\n<\/ol>\n<p>Dopo aver aggiunto le vincite dei gratta e vinci al saldo del giocatore, \u00e8 possibile utilizzarle come si desidera: acquistare biglietti della lotteria regolari, giocare a Keno, acquistare altri gratta e vinci online in seguito o prelevare le vincite.<\/p>\n<p>L&#8217;aggiunta dei gratta e vinci online \u00e8 qualcosa che molti dei nostri clienti hanno richiesto e siamo sicuri che anche voi apprezzerete questa esperienza!<\/p>\n","protected":false},"excerpt":{"rendered":"<p>Se sei un appassionato di lotterie, siamo sicuri che ti piacer\u00e0 giocare ai nostri gratta e vinci online! I gratta e vinci sono sempre stati un&#8217;aggiunta popolare all&#8217;acquisto di biglietti della lotteria. Quasi tutti i negozi di lotterie del pianeta li vendono, e c&#8217;\u00e8 una buona ragione per questo. Mentre giocare alla lotteria comporta quasi [&hellip;]<\/p>\n","protected":false},"author":8,"featured_media":0,"parent":0,"menu_order":7,"comment_status":"closed","ping_status":"closed","template":"","meta":{"_et_pb_use_builder":"","_et_pb_old_content":"","_et_gb_content_width":"","exclude_from_search":false,"footnotes":""},"class_list":["post-84496","page","type-page","status-publish","hentry"],"yoast_head":"<!-- This site is optimized with the Yoast SEO plugin v23.8 - https:\/\/yoast.com\/wordpress\/plugins\/seo\/ -->\n<title>Gratta e vinci online | I migliori gratta e vinci con vincita immediata<\/title>\n<meta name=\"description\" content=\"Gioca qui ai migliori gratta e vinci online: giochi gratta e vinci allettanti e fantastici premi da vincere all&#039;istante\" \/>\n<meta name=\"robots\" content=\"index, follow, max-snippet:-1, max-image-preview:large, max-video-preview:-1\" \/>\n<link rel=\"canonical\" href=\"https:\/\/redfoxlotto.com\/it\/scratchcards\/\" \/>\n<meta property=\"og:locale\" content=\"it_IT\" \/>\n<meta property=\"og:type\" content=\"article\" \/>\n<meta property=\"og:title\" content=\"Gratta e vinci online | I migliori gratta e vinci con vincita immediata\" \/>\n<meta property=\"og:description\" content=\"Gioca qui ai migliori gratta e vinci online: giochi gratta e vinci allettanti e fantastici premi da vincere all&#039;istante\" \/>\n<meta property=\"og:url\" content=\"https:\/\/redfoxlotto.com\/it\/scratchcards\/\" \/>\n<meta property=\"og:site_name\" content=\"Get Tickets for the World\u2019s largest jackpots\" \/>\n<meta property=\"article:modified_time\" content=\"2025-06-17T08:45:58+00:00\" \/>\n<meta property=\"og:image\" content=\"https:\/\/redfoxlotto.com\/wp-content\/uploads\/2025\/03\/scratch_card_player-300x300.jpg\" \/>\n<meta name=\"twitter:card\" content=\"summary_large_image\" \/>\n<meta name=\"twitter:label1\" content=\"Tempo di lettura stimato\" \/>\n\t<meta name=\"twitter:data1\" content=\"3 minuti\" \/>\n<script type=\"application\/ld+json\" class=\"yoast-schema-graph\">{\"@context\":\"https:\/\/schema.org\",\"@graph\":[{\"@type\":\"WebPage\",\"@id\":\"https:\/\/redfoxlotto.com\/it\/scratchcards\/\",\"url\":\"https:\/\/redfoxlotto.com\/it\/scratchcards\/\",\"name\":\"Gratta e vinci online | I migliori gratta e vinci con vincita immediata\",\"isPartOf\":{\"@id\":\"https:\/\/redfoxlotto.com\/it\/#website\"},\"primaryImageOfPage\":{\"@id\":\"https:\/\/redfoxlotto.com\/it\/scratchcards\/#primaryimage\"},\"image\":{\"@id\":\"https:\/\/redfoxlotto.com\/it\/scratchcards\/#primaryimage\"},\"thumbnailUrl\":\"https:\/\/redfoxlotto.com\/wp-content\/uploads\/2025\/03\/scratch_card_player-300x300.jpg\",\"datePublished\":\"2025-03-17T09:46:32+00:00\",\"dateModified\":\"2025-06-17T08:45:58+00:00\",\"description\":\"Gioca qui ai migliori gratta e vinci online: giochi gratta e vinci allettanti e fantastici premi da vincere all'istante\",\"breadcrumb\":{\"@id\":\"https:\/\/redfoxlotto.com\/it\/scratchcards\/#breadcrumb\"},\"inLanguage\":\"it-IT\",\"potentialAction\":[{\"@type\":\"ReadAction\",\"target\":[\"https:\/\/redfoxlotto.com\/it\/scratchcards\/\"]}]},{\"@type\":\"ImageObject\",\"inLanguage\":\"it-IT\",\"@id\":\"https:\/\/redfoxlotto.com\/it\/scratchcards\/#primaryimage\",\"url\":\"https:\/\/redfoxlotto.com\/wp-content\/uploads\/2025\/03\/scratch_card_player-300x300.jpg\",\"contentUrl\":\"https:\/\/redfoxlotto.com\/wp-content\/uploads\/2025\/03\/scratch_card_player-300x300.jpg\"},{\"@type\":\"BreadcrumbList\",\"@id\":\"https:\/\/redfoxlotto.com\/it\/scratchcards\/#breadcrumb\",\"itemListElement\":[{\"@type\":\"ListItem\",\"position\":1,\"name\":\"Home\",\"item\":\"https:\/\/redfoxlotto.com\/it\/\"},{\"@type\":\"ListItem\",\"position\":2,\"name\":\"Gratta e vinci\"}]},{\"@type\":\"WebSite\",\"@id\":\"https:\/\/redfoxlotto.com\/it\/#website\",\"url\":\"https:\/\/redfoxlotto.com\/it\/\",\"name\":\"Get Tickets for the World\u2019s largest jackpots\",\"description\":\"Participate in worldwide lottery jackpots from any country\",\"publisher\":{\"@id\":\"https:\/\/redfoxlotto.com\/it\/#organization\"},\"potentialAction\":[{\"@type\":\"SearchAction\",\"target\":{\"@type\":\"EntryPoint\",\"urlTemplate\":\"https:\/\/redfoxlotto.com\/it\/?s={search_term_string}\"},\"query-input\":{\"@type\":\"PropertyValueSpecification\",\"valueRequired\":true,\"valueName\":\"search_term_string\"}}],\"inLanguage\":\"it-IT\"},{\"@type\":\"Organization\",\"@id\":\"https:\/\/redfoxlotto.com\/it\/#organization\",\"name\":\"Get Tickets for the World\u2019s largest jackpots\",\"url\":\"https:\/\/redfoxlotto.com\/it\/\",\"logo\":{\"@type\":\"ImageObject\",\"inLanguage\":\"it-IT\",\"@id\":\"https:\/\/redfoxlotto.com\/it\/#\/schema\/logo\/image\/\",\"url\":\"https:\/\/redfoxlotto.com\/wp-content\/uploads\/2023\/04\/logo.png\",\"contentUrl\":\"https:\/\/redfoxlotto.com\/wp-content\/uploads\/2023\/04\/logo.png\",\"width\":269,\"height\":53,\"caption\":\"Get Tickets for the World\u2019s largest jackpots\"},\"image\":{\"@id\":\"https:\/\/redfoxlotto.com\/it\/#\/schema\/logo\/image\/\"}}]}<\/script>\n<!-- \/ Yoast SEO plugin. -->","yoast_head_json":{"title":"Gratta e vinci online | I migliori gratta e vinci con vincita immediata","description":"Gioca qui ai migliori gratta e vinci online: giochi gratta e vinci allettanti e fantastici premi da vincere all'istante","robots":{"index":"index","follow":"follow","max-snippet":"max-snippet:-1","max-image-preview":"max-image-preview:large","max-video-preview":"max-video-preview:-1"},"canonical":"https:\/\/redfoxlotto.com\/it\/scratchcards\/","og_locale":"it_IT","og_type":"article","og_title":"Gratta e vinci online | I migliori gratta e vinci con vincita immediata","og_description":"Gioca qui ai migliori gratta e vinci online: giochi gratta e vinci allettanti e fantastici premi da vincere all'istante","og_url":"https:\/\/redfoxlotto.com\/it\/scratchcards\/","og_site_name":"Get Tickets for the World\u2019s largest jackpots","article_modified_time":"2025-06-17T08:45:58+00:00","og_image":[{"url":"https:\/\/redfoxlotto.com\/wp-content\/uploads\/2025\/03\/scratch_card_player-300x300.jpg"}],"twitter_card":"summary_large_image","twitter_misc":{"Tempo di lettura stimato":"3 minuti"},"schema":{"@context":"https:\/\/schema.org","@graph":[{"@type":"WebPage","@id":"https:\/\/redfoxlotto.com\/it\/scratchcards\/","url":"https:\/\/redfoxlotto.com\/it\/scratchcards\/","name":"Gratta e vinci online | I migliori gratta e vinci con vincita immediata","isPartOf":{"@id":"https:\/\/redfoxlotto.com\/it\/#website"},"primaryImageOfPage":{"@id":"https:\/\/redfoxlotto.com\/it\/scratchcards\/#primaryimage"},"image":{"@id":"https:\/\/redfoxlotto.com\/it\/scratchcards\/#primaryimage"},"thumbnailUrl":"https:\/\/redfoxlotto.com\/wp-content\/uploads\/2025\/03\/scratch_card_player-300x300.jpg","datePublished":"2025-03-17T09:46:32+00:00","dateModified":"2025-06-17T08:45:58+00:00","description":"Gioca qui ai migliori gratta e vinci online: giochi gratta e vinci allettanti e fantastici premi da vincere all'istante","breadcrumb":{"@id":"https:\/\/redfoxlotto.com\/it\/scratchcards\/#breadcrumb"},"inLanguage":"it-IT","potentialAction":[{"@type":"ReadAction","target":["https:\/\/redfoxlotto.com\/it\/scratchcards\/"]}]},{"@type":"ImageObject","inLanguage":"it-IT","@id":"https:\/\/redfoxlotto.com\/it\/scratchcards\/#primaryimage","url":"https:\/\/redfoxlotto.com\/wp-content\/uploads\/2025\/03\/scratch_card_player-300x300.jpg","contentUrl":"https:\/\/redfoxlotto.com\/wp-content\/uploads\/2025\/03\/scratch_card_player-300x300.jpg"},{"@type":"BreadcrumbList","@id":"https:\/\/redfoxlotto.com\/it\/scratchcards\/#breadcrumb","itemListElement":[{"@type":"ListItem","position":1,"name":"Home","item":"https:\/\/redfoxlotto.com\/it\/"},{"@type":"ListItem","position":2,"name":"Gratta e vinci"}]},{"@type":"WebSite","@id":"https:\/\/redfoxlotto.com\/it\/#website","url":"https:\/\/redfoxlotto.com\/it\/","name":"Get Tickets for the World\u2019s largest jackpots","description":"Participate in worldwide lottery jackpots from any country","publisher":{"@id":"https:\/\/redfoxlotto.com\/it\/#organization"},"potentialAction":[{"@type":"SearchAction","target":{"@type":"EntryPoint","urlTemplate":"https:\/\/redfoxlotto.com\/it\/?s={search_term_string}"},"query-input":{"@type":"PropertyValueSpecification","valueRequired":true,"valueName":"search_term_string"}}],"inLanguage":"it-IT"},{"@type":"Organization","@id":"https:\/\/redfoxlotto.com\/it\/#organization","name":"Get Tickets for the World\u2019s largest jackpots","url":"https:\/\/redfoxlotto.com\/it\/","logo":{"@type":"ImageObject","inLanguage":"it-IT","@id":"https:\/\/redfoxlotto.com\/it\/#\/schema\/logo\/image\/","url":"https:\/\/redfoxlotto.com\/wp-content\/uploads\/2023\/04\/logo.png","contentUrl":"https:\/\/redfoxlotto.com\/wp-content\/uploads\/2023\/04\/logo.png","width":269,"height":53,"caption":"Get Tickets for the World\u2019s largest jackpots"},"image":{"@id":"https:\/\/redfoxlotto.com\/it\/#\/schema\/logo\/image\/"}}]}},"_links":{"self":[{"href":"https:\/\/redfoxlotto.com\/it\/wp-json\/wp\/v2\/pages\/84496","targetHints":{"allow":["GET"]}}],"collection":[{"href":"https:\/\/redfoxlotto.com\/it\/wp-json\/wp\/v2\/pages"}],"about":[{"href":"https:\/\/redfoxlotto.com\/it\/wp-json\/wp\/v2\/types\/page"}],"author":[{"embeddable":true,"href":"https:\/\/redfoxlotto.com\/it\/wp-json\/wp\/v2\/users\/8"}],"replies":[{"embeddable":true,"href":"https:\/\/redfoxlotto.com\/it\/wp-json\/wp\/v2\/comments?post=84496"}],"version-history":[{"count":0,"href":"https:\/\/redfoxlotto.com\/it\/wp-json\/wp\/v2\/pages\/84496\/revisions"}],"wp:attachment":[{"href":"https:\/\/redfoxlotto.com\/it\/wp-json\/wp\/v2\/media?parent=84496"}],"curies":[{"name":"wp","href":"https:\/\/api.w.org\/{rel}","templated":true}]}}