{"id":84407,"date":"2025-02-12T11:12:52","date_gmt":"2025-02-12T11:12:52","guid":{"rendered":"https:\/\/redfoxlotto.com\/?page_id=84407"},"modified":"2025-10-09T14:13:59","modified_gmt":"2025-10-09T14:13:59","slug":"keno","status":"publish","type":"page","link":"https:\/\/redfoxlotto.com\/it\/keno\/","title":{"rendered":"Keno"},"content":{"rendered":"<h2>Non sai come giocare a Keno online?<\/h2>\n<p>Quindi sai come funziona una lotteria ma non hai mai giocato a Keno? Lascia che ti spieghi come giocare a Keno online. Non \u00e8 cos\u00ec difficile da capire e la nostra piattaforma rende facile creare un biglietto Keno.<\/p>\n<div class=\"keno-banner-wrapper\"><img decoding=\"async\" class=\"keno-banner-image\" src=\"https:\/\/redfoxlotto.com\/wp-content\/uploads\/2025\/10\/3-scaled.png\" alt=\"Keno Banner\" \/><br \/>\n<div class=\"keno-banner-overlay\"><div class=\"keno-banner-text\">Premio principale: \u20ac10,000,000<br>Estrazioni ogni 30 minuti<\/div><a href=\"https:\/\/keno.redfoxlotto.com\/play\/diamond-keno\" class=\"keno-banner-button\">Gioca subito a Diamond Keno<\/a><\/div><\/div>\n<div class=\"keno-banner-wrapper\"><img decoding=\"async\" class=\"keno-banner-image\" src=\"https:\/\/redfoxlotto.com\/wp-content\/uploads\/2025\/10\/1-scaled.png\" alt=\"Keno Banner\" \/><br \/>\n<div class=\"keno-banner-overlay\"><div class=\"keno-banner-text\">Premio principale: \u20ac5,000,000<br>Estrazioni ogni 8 minuti<\/div><a href=\"https:\/\/keno.redfoxlotto.com\/play\/platinum-keno\" class=\"keno-banner-button\">Gioca subito a Platinum Keno<\/a><\/div><\/div>\n<div class=\"keno-banner-wrapper\"><img decoding=\"async\" class=\"keno-banner-image\" src=\"https:\/\/redfoxlotto.com\/wp-content\/uploads\/2025\/10\/2-scaled.png\" alt=\"Keno Banner\" \/><br \/>\n<div class=\"keno-banner-overlay\"><div class=\"keno-banner-text\">Premio principale: \u20ac2,000,000<br>Estrazioni ogni 6 minuti<\/div><a href=\"https:\/\/keno.redfoxlotto.com\/play\/gold-keno\" class=\"keno-banner-button\">Gioca subito a Gold Keno<\/a><\/div><\/div>\n<p><img loading=\"lazy\" decoding=\"async\" class=\"alignright size-medium wp-image-83635\" src=\"https:\/\/redfoxlotto.com\/wp-content\/uploads\/2025\/03\/keno_card-300x300.jpg\" alt=\"play keno online\" width=\"300\" height=\"300\" srcset=\"https:\/\/redfoxlotto.com\/wp-content\/uploads\/2025\/03\/keno_card-300x300.jpg 300w, https:\/\/redfoxlotto.com\/wp-content\/uploads\/2025\/03\/keno_card-150x150.jpg 150w, https:\/\/redfoxlotto.com\/wp-content\/uploads\/2025\/03\/keno_card-100x100.jpg 100w, https:\/\/redfoxlotto.com\/wp-content\/uploads\/2025\/03\/keno_card.jpg 307w\" sizes=\"auto, (max-width: 300px) 100vw, 300px\" \/><\/p>\n<h2>Differenze tra una lotteria normale e Keno<\/h2>\n<p>Quando giochi a Keno, hai pi\u00f9 controllo su quanto vuoi spendere per un biglietto e decidi anche quanti numeri scegliere.<\/p>\n<ul>\n<li><b>Il moltiplicatore<\/b>: ogni biglietto Keno ha un prezzo base (il minimo che devi pagare per un biglietto), ma c&#8217;\u00e8 anche una funzione moltiplicatore. Supponiamo che il prezzo base sia di 1,00 \u20ac. Selezionando un moltiplicatore di 5, il tuo biglietto ti coster\u00e0 ora 5,00 \u20ac. Ma allo stesso tempo, l&#8217;importo che puoi vincere aumenter\u00e0 di almeno un fattore 5. Per vincere il premio massimo in ogni livello di pagamento, devi selezionare il moltiplicatore massimo. Il moltiplicatore pu\u00f2 variare tra 1 e 5, o tra 1 e 10. Per vedere il pagamento effettivo, clicca sulla scheda \u201cInfo\u201d in alto e vedrai una tabella dei pagamenti.<\/li>\n<li>Clicca sul moltiplicatore che vuoi scegliere e vedrai le vincite per quel moltiplicatore.<\/li>\n<li><b>Giocare pi\u00f9 o meno numeri<\/b> &#8211; Puoi decidere se vuoi scegliere pi\u00f9 o meno numeri per il tuo biglietto. Anche in questo caso, se vuoi vincere il primo premio, devi sempre scegliere il massimo, cio\u00e8 10 numeri. Ma se decidi di giocare solo 8 numeri, vincerai pi\u00f9 soldi se tutti o alcuni di essi corrispondono ai numeri estratti. Anche in questo caso, la tabella nella pagina \u201cInfo\u201d mostra le vincite.<\/li>\n<li><b>Pi\u00f9 numeri vengono estratti dalla serie di numeri<\/b>: mentre una lotteria normale estrae 5 o 6 numeri da un insieme di 49 o 60 numeri, quando si gioca a Keno \u00e8 diverso. Innanzitutto, la maggior parte dei giochi di Keno estrae 20 numeri, ma anche il numero di numeri possibili \u00e8 maggiore (di solito tra 70 e 90 numeri). Ma con 20 numeri vincenti, basta indovinarne 10 per vincere un premio consistente. Ci\u00f2 significa che le probabilit\u00e0 complessive quando si gioca a Keno online sono migliori rispetto alla maggior parte delle lotterie tradizionali.<\/li>\n<\/ul>\n<h2>Quindi, come si gioca a Keno online?<\/h2>\n<p><strong>Tutto quello che devi fare per giocare a Keno online \u00e8 seguire i passaggi seguenti:<\/strong><\/p>\n<ul>\n<li>Fare clic su uno dei banner di Keno in questa pagina<\/li>\n<li>Selezionare quanti numeri si desidera giocare<\/li>\n<li>Selezionare il moltiplicatore e controllare il prezzo del biglietto (regolare il moltiplicatore se necessario)<\/li>\n<li>Scegliere i numeri (o utilizzare la funzione Quick Pick per generare numeri casuali)<\/li>\n<li>Aggiungere altri biglietti per la stessa estrazione Keno, se lo si desidera<\/li>\n<li>Decidere se si desidera che il biglietto o i biglietti partecipino a un&#8217;estrazione o a pi\u00f9 estrazioni<\/li>\n<li>Pagare i biglietti (\u00e8 necessario creare un nuovo account sul nostro sito se non ne si dispone ancora uno, oppure accedere al proprio account esistente)<\/li>\n<\/ul>\n<h2>Solo pochi minuti prima dell&#8217;estrazione successiva<\/h2>\n<p>La maggior parte delle lotterie Keno estraggono ogni due minuti, quindi non c&#8217;\u00e8 bisogno di aspettare molto per scoprire se hai vinto. Ogni volta che un&#8217;estrazione della lotteria Keno \u00e8 in arrivo mentre sei sul nostro sito web, apparir\u00e0 una finestra pop-up e poco dopo vedrai un video di animazione dell&#8217;estrazione. Una volta che il pop-up viene visualizzato, dovresti essere ancora in grado di acquistare un biglietto per giocare in quell&#8217;estrazione imminente. Ma anche se ti perdi la prossima estrazione, puoi sempre creare un biglietto per la prossima estrazione, che \u00e8 a pochi minuti di distanza!<\/p>\n<p>Le estrazioni del Keno sono estrazioni virtuali, con i numeri generati da un generatore di numeri casuali certificato. In questo modo, puoi essere sicuro che quando giochi a Keno online sul nostro sito web, il gioco \u00e8 sempre equo.<\/p>\n<p>A proposito, questa non \u00e8 una lotteria pubblica, in cui \u00e8 possibile acquistare i biglietti da qualche parte in un punto vendita della lotteria. Ecco perch\u00e9 per le partite di Keno non riceverai alcun biglietto scansionato, ma solo una conferma nel tuo account giocatore.<\/p>\n","protected":false},"excerpt":{"rendered":"<p>Non sai come giocare a Keno online? Quindi sai come funziona una lotteria ma non hai mai giocato a Keno? Lascia che ti spieghi come giocare a Keno online. Non \u00e8 cos\u00ec difficile da capire e la nostra piattaforma rende facile creare un biglietto Keno. Differenze tra una lotteria normale e Keno Quando giochi a [&hellip;]<\/p>\n","protected":false},"author":8,"featured_media":0,"parent":0,"menu_order":5,"comment_status":"closed","ping_status":"closed","template":"","meta":{"_et_pb_use_builder":"","_et_pb_old_content":"","_et_gb_content_width":"","exclude_from_search":false,"footnotes":""},"class_list":["post-84407","page","type-page","status-publish","hentry"],"yoast_head":"<!-- This site is optimized with the Yoast SEO plugin v23.8 - https:\/\/yoast.com\/wordpress\/plugins\/seo\/ -->\n<title>Come giocare a Keno online | Regole e strategia per Keno online<\/title>\n<meta name=\"description\" content=\"Vuoi vincere alla grande a Keno? Come giocare a Keno online per vincere premi fino a 10 milioni di euro, con estrazioni che non richiedono mai pi\u00f9 di qualche minuto\" \/>\n<meta name=\"robots\" content=\"index, follow, max-snippet:-1, max-image-preview:large, max-video-preview:-1\" \/>\n<link rel=\"canonical\" href=\"https:\/\/redfoxlotto.com\/it\/keno\/\" \/>\n<meta property=\"og:locale\" content=\"it_IT\" \/>\n<meta property=\"og:type\" content=\"article\" \/>\n<meta property=\"og:title\" content=\"Come giocare a Keno online | Regole e strategia per Keno online\" \/>\n<meta property=\"og:description\" content=\"Vuoi vincere alla grande a Keno? Come giocare a Keno online per vincere premi fino a 10 milioni di euro, con estrazioni che non richiedono mai pi\u00f9 di qualche minuto\" \/>\n<meta property=\"og:url\" content=\"https:\/\/redfoxlotto.com\/it\/keno\/\" \/>\n<meta property=\"og:site_name\" content=\"Get Tickets for the World\u2019s largest jackpots\" \/>\n<meta property=\"article:modified_time\" content=\"2025-10-09T14:13:59+00:00\" \/>\n<meta property=\"og:image\" content=\"https:\/\/redfoxlotto.com\/wp-content\/uploads\/2025\/10\/3-scaled.png\" \/>\n<meta name=\"twitter:card\" content=\"summary_large_image\" \/>\n<meta name=\"twitter:label1\" content=\"Tempo di lettura stimato\" \/>\n\t<meta name=\"twitter:data1\" content=\"4 minuti\" \/>\n<script type=\"application\/ld+json\" class=\"yoast-schema-graph\">{\"@context\":\"https:\/\/schema.org\",\"@graph\":[{\"@type\":\"WebPage\",\"@id\":\"https:\/\/redfoxlotto.com\/it\/keno\/\",\"url\":\"https:\/\/redfoxlotto.com\/it\/keno\/\",\"name\":\"Come giocare a Keno online | Regole e strategia per Keno online\",\"isPartOf\":{\"@id\":\"https:\/\/redfoxlotto.com\/it\/#website\"},\"primaryImageOfPage\":{\"@id\":\"https:\/\/redfoxlotto.com\/it\/keno\/#primaryimage\"},\"image\":{\"@id\":\"https:\/\/redfoxlotto.com\/it\/keno\/#primaryimage\"},\"thumbnailUrl\":\"https:\/\/redfoxlotto.com\/wp-content\/uploads\/2025\/10\/3-scaled.png\",\"datePublished\":\"2025-02-12T11:12:52+00:00\",\"dateModified\":\"2025-10-09T14:13:59+00:00\",\"description\":\"Vuoi vincere alla grande a Keno? Come giocare a Keno online per vincere premi fino a 10 milioni di euro, con estrazioni che non richiedono mai pi\u00f9 di qualche minuto\",\"breadcrumb\":{\"@id\":\"https:\/\/redfoxlotto.com\/it\/keno\/#breadcrumb\"},\"inLanguage\":\"it-IT\",\"potentialAction\":[{\"@type\":\"ReadAction\",\"target\":[\"https:\/\/redfoxlotto.com\/it\/keno\/\"]}]},{\"@type\":\"ImageObject\",\"inLanguage\":\"it-IT\",\"@id\":\"https:\/\/redfoxlotto.com\/it\/keno\/#primaryimage\",\"url\":\"https:\/\/redfoxlotto.com\/wp-content\/uploads\/2025\/10\/3-scaled.png\",\"contentUrl\":\"https:\/\/redfoxlotto.com\/wp-content\/uploads\/2025\/10\/3-scaled.png\"},{\"@type\":\"BreadcrumbList\",\"@id\":\"https:\/\/redfoxlotto.com\/it\/keno\/#breadcrumb\",\"itemListElement\":[{\"@type\":\"ListItem\",\"position\":1,\"name\":\"Home\",\"item\":\"https:\/\/redfoxlotto.com\/it\/\"},{\"@type\":\"ListItem\",\"position\":2,\"name\":\"Keno\"}]},{\"@type\":\"WebSite\",\"@id\":\"https:\/\/redfoxlotto.com\/it\/#website\",\"url\":\"https:\/\/redfoxlotto.com\/it\/\",\"name\":\"Get Tickets for the World\u2019s largest jackpots\",\"description\":\"Participate in worldwide lottery jackpots from any country\",\"publisher\":{\"@id\":\"https:\/\/redfoxlotto.com\/it\/#organization\"},\"potentialAction\":[{\"@type\":\"SearchAction\",\"target\":{\"@type\":\"EntryPoint\",\"urlTemplate\":\"https:\/\/redfoxlotto.com\/it\/?s={search_term_string}\"},\"query-input\":{\"@type\":\"PropertyValueSpecification\",\"valueRequired\":true,\"valueName\":\"search_term_string\"}}],\"inLanguage\":\"it-IT\"},{\"@type\":\"Organization\",\"@id\":\"https:\/\/redfoxlotto.com\/it\/#organization\",\"name\":\"Get Tickets for the World\u2019s largest jackpots\",\"url\":\"https:\/\/redfoxlotto.com\/it\/\",\"logo\":{\"@type\":\"ImageObject\",\"inLanguage\":\"it-IT\",\"@id\":\"https:\/\/redfoxlotto.com\/it\/#\/schema\/logo\/image\/\",\"url\":\"https:\/\/redfoxlotto.com\/wp-content\/uploads\/2023\/04\/logo.png\",\"contentUrl\":\"https:\/\/redfoxlotto.com\/wp-content\/uploads\/2023\/04\/logo.png\",\"width\":269,\"height\":53,\"caption\":\"Get Tickets for the World\u2019s largest jackpots\"},\"image\":{\"@id\":\"https:\/\/redfoxlotto.com\/it\/#\/schema\/logo\/image\/\"}}]}<\/script>\n<!-- \/ Yoast SEO plugin. -->","yoast_head_json":{"title":"Come giocare a Keno online | Regole e strategia per Keno online","description":"Vuoi vincere alla grande a Keno? Come giocare a Keno online per vincere premi fino a 10 milioni di euro, con estrazioni che non richiedono mai pi\u00f9 di qualche minuto","robots":{"index":"index","follow":"follow","max-snippet":"max-snippet:-1","max-image-preview":"max-image-preview:large","max-video-preview":"max-video-preview:-1"},"canonical":"https:\/\/redfoxlotto.com\/it\/keno\/","og_locale":"it_IT","og_type":"article","og_title":"Come giocare a Keno online | Regole e strategia per Keno online","og_description":"Vuoi vincere alla grande a Keno? Come giocare a Keno online per vincere premi fino a 10 milioni di euro, con estrazioni che non richiedono mai pi\u00f9 di qualche minuto","og_url":"https:\/\/redfoxlotto.com\/it\/keno\/","og_site_name":"Get Tickets for the World\u2019s largest jackpots","article_modified_time":"2025-10-09T14:13:59+00:00","og_image":[{"url":"https:\/\/redfoxlotto.com\/wp-content\/uploads\/2025\/10\/3-scaled.png"}],"twitter_card":"summary_large_image","twitter_misc":{"Tempo di lettura stimato":"4 minuti"},"schema":{"@context":"https:\/\/schema.org","@graph":[{"@type":"WebPage","@id":"https:\/\/redfoxlotto.com\/it\/keno\/","url":"https:\/\/redfoxlotto.com\/it\/keno\/","name":"Come giocare a Keno online | Regole e strategia per Keno online","isPartOf":{"@id":"https:\/\/redfoxlotto.com\/it\/#website"},"primaryImageOfPage":{"@id":"https:\/\/redfoxlotto.com\/it\/keno\/#primaryimage"},"image":{"@id":"https:\/\/redfoxlotto.com\/it\/keno\/#primaryimage"},"thumbnailUrl":"https:\/\/redfoxlotto.com\/wp-content\/uploads\/2025\/10\/3-scaled.png","datePublished":"2025-02-12T11:12:52+00:00","dateModified":"2025-10-09T14:13:59+00:00","description":"Vuoi vincere alla grande a Keno? Come giocare a Keno online per vincere premi fino a 10 milioni di euro, con estrazioni che non richiedono mai pi\u00f9 di qualche minuto","breadcrumb":{"@id":"https:\/\/redfoxlotto.com\/it\/keno\/#breadcrumb"},"inLanguage":"it-IT","potentialAction":[{"@type":"ReadAction","target":["https:\/\/redfoxlotto.com\/it\/keno\/"]}]},{"@type":"ImageObject","inLanguage":"it-IT","@id":"https:\/\/redfoxlotto.com\/it\/keno\/#primaryimage","url":"https:\/\/redfoxlotto.com\/wp-content\/uploads\/2025\/10\/3-scaled.png","contentUrl":"https:\/\/redfoxlotto.com\/wp-content\/uploads\/2025\/10\/3-scaled.png"},{"@type":"BreadcrumbList","@id":"https:\/\/redfoxlotto.com\/it\/keno\/#breadcrumb","itemListElement":[{"@type":"ListItem","position":1,"name":"Home","item":"https:\/\/redfoxlotto.com\/it\/"},{"@type":"ListItem","position":2,"name":"Keno"}]},{"@type":"WebSite","@id":"https:\/\/redfoxlotto.com\/it\/#website","url":"https:\/\/redfoxlotto.com\/it\/","name":"Get Tickets for the World\u2019s largest jackpots","description":"Participate in worldwide lottery jackpots from any country","publisher":{"@id":"https:\/\/redfoxlotto.com\/it\/#organization"},"potentialAction":[{"@type":"SearchAction","target":{"@type":"EntryPoint","urlTemplate":"https:\/\/redfoxlotto.com\/it\/?s={search_term_string}"},"query-input":{"@type":"PropertyValueSpecification","valueRequired":true,"valueName":"search_term_string"}}],"inLanguage":"it-IT"},{"@type":"Organization","@id":"https:\/\/redfoxlotto.com\/it\/#organization","name":"Get Tickets for the World\u2019s largest jackpots","url":"https:\/\/redfoxlotto.com\/it\/","logo":{"@type":"ImageObject","inLanguage":"it-IT","@id":"https:\/\/redfoxlotto.com\/it\/#\/schema\/logo\/image\/","url":"https:\/\/redfoxlotto.com\/wp-content\/uploads\/2023\/04\/logo.png","contentUrl":"https:\/\/redfoxlotto.com\/wp-content\/uploads\/2023\/04\/logo.png","width":269,"height":53,"caption":"Get Tickets for the World\u2019s largest jackpots"},"image":{"@id":"https:\/\/redfoxlotto.com\/it\/#\/schema\/logo\/image\/"}}]}},"_links":{"self":[{"href":"https:\/\/redfoxlotto.com\/it\/wp-json\/wp\/v2\/pages\/84407","targetHints":{"allow":["GET"]}}],"collection":[{"href":"https:\/\/redfoxlotto.com\/it\/wp-json\/wp\/v2\/pages"}],"about":[{"href":"https:\/\/redfoxlotto.com\/it\/wp-json\/wp\/v2\/types\/page"}],"author":[{"embeddable":true,"href":"https:\/\/redfoxlotto.com\/it\/wp-json\/wp\/v2\/users\/8"}],"replies":[{"embeddable":true,"href":"https:\/\/redfoxlotto.com\/it\/wp-json\/wp\/v2\/comments?post=84407"}],"version-history":[{"count":0,"href":"https:\/\/redfoxlotto.com\/it\/wp-json\/wp\/v2\/pages\/84407\/revisions"}],"wp:attachment":[{"href":"https:\/\/redfoxlotto.com\/it\/wp-json\/wp\/v2\/media?parent=84407"}],"curies":[{"name":"wp","href":"https:\/\/api.w.org\/{rel}","templated":true}]}}