{"id":60564,"date":"2019-08-09T14:33:52","date_gmt":"2019-08-09T14:33:52","guid":{"rendered":"https:\/\/redfoxlotto.eu\/?page_id=60564"},"modified":"2023-05-30T05:23:06","modified_gmt":"2023-05-30T05:23:06","slug":"lotto-fr","status":"publish","type":"page","link":"https:\/\/redfoxlotto.com\/it\/lotteria\/lotto-fr\/","title":{"rendered":"Informazioni sulla lotteria francese"},"content":{"rendered":"<p>Siete alla ricerca di un nuovo gioco, ma non siete sicuri di quale sia? Se siete ancora indecisi, allora dovreste dare un&#8217;occhiata a come acquistare i biglietti della Lotteria francese online.<\/p>\n<p>Questa sar\u00e0 una delle vostre scelte migliori una volta che avrete capito come funziona, perch\u00e9 sar\u00e0 semplice, facile e divertente per chiunque ami le lotterie. Dopo tutto, l&#8217;importante \u00e8 trovare i grandi numeri e possibilmente vincere il grande jackpot, giusto?<\/p>\n<h2>Dove ha avuto inizio<\/h2>\n<p>Forse vi sorprender\u00e0 sapere che la lotteria in Francia risale al 1505. Fu il re Francesco I a dare il via alla lotteria con i suoi cittadini, ma il gioco ha continuato a cambiare nel tempo. Tuttavia, il processo generale sar\u00e0 abbastanza simile<\/p>\n<p><img decoding=\"async\" class=\" wp-image alignright\" src=\"https:\/\/redfoxlotto.org\/wp-content\/uploads\/2023\/04\/ticket_euromillions1.jpg\" alt=\"biglietto online lotteria francese\" \/><\/p>\n<p>a quello che avete probabilmente visto in qualsiasi altra lotteria a cui avete giocato. Inoltre, avrete l&#8217;opportunit\u00e0 di giocare per aggiudicarvi dei bei premi, il che sar\u00e0 sicuramente un aspetto importante, non credete?<\/p>\n<h2>Come funziona<\/h2>\n<p>La lotteria francese prevede estrazioni per tre giorni alla settimana, quindi avrete molte opportunit\u00e0 di giocare. Ogni luned\u00ec, mercoled\u00ec e sabato viene effettuata una nuova estrazione, il che la rende uno dei jackpot pi\u00f9 frequenti. Questo \u00e8 ancora pi\u00f9 importante se si pensa al fatto che il jackpot sar\u00e0 uno dei pi\u00f9 grandi. Laddove un tipico jackpot di una lotteria giornaliera \u00e8 piuttosto piccolo e le estrazioni settimanali o bisettimanali sono piuttosto grandi, questo si avvicina alla categoria delle grandi estrazioni per quanto riguarda la frequenza.<\/p>\n<p>Oltre alla frequenza delle estrazioni, il gioco \u00e8 molto semplice. Il modo in cui si vince \u00e8 se si azzeccano tutti e cinque i numeri e si ottiene la pallina bonus corretta. Quindi, ci sono sei numeri diversi che verranno estratti e potreste ritrovarvi con il grande jackpot, che in genere \u00e8 di 2.000.000 euro. Si tratta sicuramente di una bella somma di denaro, giusto? \u00c8 da qui che parte il jackpot e da l\u00ec continua a salire. Ci\u00f2 significa che c&#8217;\u00e8 sempre una buona possibilit\u00e0 di vincere di pi\u00f9.<\/p>\n<h2>Scegliere i numeri<\/h2>\n<p>Ci sono diversi modi per scegliere i numeri da giocare. In effetti, la scelta dipende interamente da voi, proprio come se andaste a giocare al minimarket all&#8217;angolo. Potete compilare una &#8220;schedina&#8221; con i numeri che desiderate oppure potete scegliere di ottenere una &#8220;scelta facile&#8221;. Se si compilano i propri numeri, si ha la garanzia di avere i numeri desiderati. D&#8217;altra parte, un &#8220;easy pick&#8221; significa che la macchina generer\u00e0 automaticamente i numeri per voi.<\/p>\n<h2>Come vincere<\/h2>\n<p>Quando si tratta di vincere effettivamente qualcosa, \u00e8 necessario dare un&#8217;occhiata pi\u00f9 da vicino a questi numeri. Se si ottiene il numero bonus si vince qualcosa. Se si ottengono due dei numeri<\/p>\n<p><img decoding=\"async\" class=\" wp-image-5380 alignright\" src=\"https:\/\/content.redfoxlotto.com\/uploads\/sites\/9\/jackpot_lottery_online.jpg\" alt=\"biglietti Lotto francese\" width=\"250&quot;\" height=\"125\" \/><\/p>\n<p>regolari ma non il bonus, si vincer\u00e0 qualcosa. E per ogni numero in pi\u00f9 che si ottiene, si vincer\u00e0 un po&#8217; di pi\u00f9 e un po&#8217; di pi\u00f9. I modi migliori per vincere saranno con quattro numeri pi\u00f9 il bonus o con tutti e cinque i numeri pi\u00f9 il bonus. Se si hanno solo cinque numeri senza bonus, la vincita non \u00e8 altrettanto buona.<\/p>\n<h2>Come acquistare i biglietti della Lotteria francese online<\/h2>\n<p>Quando siete pronti ad acquistare i biglietti, la prima cosa di cui avete bisogno \u00e8 un posto dove farlo. Non sarete in grado di recarvi al vostro minimarket locale come potreste fare quando vi viene voglia di giocare. Dovrete invece collegarvi a Internet e trovare un rivenditore affidabile che possa aiutarvi (il che non dovrebbe essere un problema per voi, visto che siete gi\u00e0 qui). Potrete inoltre ottenere tutti gli stessi vantaggi che avreste se viveste in Francia e poteste acquistare i biglietti in loco. Quindi, non dovrete sacrificare nulla.<\/p>\n","protected":false},"excerpt":{"rendered":"<p>Siete alla ricerca di un nuovo gioco, ma non siete sicuri di quale sia? Se siete ancora indecisi, allora dovreste dare un&#8217;occhiata a come acquistare i biglietti della Lotteria francese online. Questa sar\u00e0 una delle vostre scelte migliori una volta che avrete capito come funziona, perch\u00e9 sar\u00e0 semplice, facile e divertente per chiunque ami le [&hellip;]<\/p>\n","protected":false},"author":1,"featured_media":0,"parent":59912,"menu_order":31,"comment_status":"closed","ping_status":"closed","template":"lotto-fr-info.php","meta":{"_et_pb_use_builder":"","_et_pb_old_content":"","_et_gb_content_width":"","exclude_from_search":false,"footnotes":""},"class_list":["post-60564","page","type-page","status-publish","hentry"],"yoast_head":"<!-- This site is optimized with the Yoast SEO plugin v23.8 - https:\/\/yoast.com\/wordpress\/plugins\/seo\/ -->\n<title>Come acquistare i biglietti della lotteria francese online<\/title>\n<meta name=\"description\" content=\"Siete pronti a comprare i biglietti della lotteria francese online? Trovate qui tutto quello che c&#039;\u00e8 da sapere!\" \/>\n<meta name=\"robots\" content=\"index, follow, max-snippet:-1, max-image-preview:large, max-video-preview:-1\" \/>\n<link rel=\"canonical\" href=\"https:\/\/redfoxlotto.com\/it\/lotteria\/lotto-fr\/\" \/>\n<meta property=\"og:locale\" content=\"it_IT\" \/>\n<meta property=\"og:type\" content=\"article\" \/>\n<meta property=\"og:title\" content=\"Come acquistare i biglietti della lotteria francese online\" \/>\n<meta property=\"og:description\" content=\"Siete pronti a comprare i biglietti della lotteria francese online? Trovate qui tutto quello che c&#039;\u00e8 da sapere!\" \/>\n<meta property=\"og:url\" content=\"https:\/\/redfoxlotto.com\/it\/lotteria\/lotto-fr\/\" \/>\n<meta property=\"og:site_name\" content=\"Get Tickets for the World\u2019s largest jackpots\" \/>\n<meta property=\"article:modified_time\" content=\"2023-05-30T05:23:06+00:00\" \/>\n<meta property=\"og:image\" content=\"https:\/\/redfoxlotto.org\/wp-content\/uploads\/2023\/04\/ticket_euromillions1.jpg\" \/>\n<meta name=\"twitter:card\" content=\"summary_large_image\" \/>\n<meta name=\"twitter:label1\" content=\"Tempo di lettura stimato\" \/>\n\t<meta name=\"twitter:data1\" content=\"4 minuti\" \/>\n<script type=\"application\/ld+json\" class=\"yoast-schema-graph\">{\"@context\":\"https:\/\/schema.org\",\"@graph\":[{\"@type\":\"WebPage\",\"@id\":\"https:\/\/redfoxlotto.com\/it\/lotteria\/lotto-fr\/\",\"url\":\"https:\/\/redfoxlotto.com\/it\/lotteria\/lotto-fr\/\",\"name\":\"Come acquistare i biglietti della lotteria francese online\",\"isPartOf\":{\"@id\":\"https:\/\/redfoxlotto.com\/it\/#website\"},\"primaryImageOfPage\":{\"@id\":\"https:\/\/redfoxlotto.com\/it\/lotteria\/lotto-fr\/#primaryimage\"},\"image\":{\"@id\":\"https:\/\/redfoxlotto.com\/it\/lotteria\/lotto-fr\/#primaryimage\"},\"thumbnailUrl\":\"https:\/\/redfoxlotto.org\/wp-content\/uploads\/2023\/04\/ticket_euromillions1.jpg\",\"datePublished\":\"2019-08-09T14:33:52+00:00\",\"dateModified\":\"2023-05-30T05:23:06+00:00\",\"description\":\"Siete pronti a comprare i biglietti della lotteria francese online? Trovate qui tutto quello che c'\u00e8 da sapere!\",\"breadcrumb\":{\"@id\":\"https:\/\/redfoxlotto.com\/it\/lotteria\/lotto-fr\/#breadcrumb\"},\"inLanguage\":\"it-IT\",\"potentialAction\":[{\"@type\":\"ReadAction\",\"target\":[\"https:\/\/redfoxlotto.com\/it\/lotteria\/lotto-fr\/\"]}]},{\"@type\":\"ImageObject\",\"inLanguage\":\"it-IT\",\"@id\":\"https:\/\/redfoxlotto.com\/it\/lotteria\/lotto-fr\/#primaryimage\",\"url\":\"https:\/\/redfoxlotto.org\/wp-content\/uploads\/2023\/04\/ticket_euromillions1.jpg\",\"contentUrl\":\"https:\/\/redfoxlotto.org\/wp-content\/uploads\/2023\/04\/ticket_euromillions1.jpg\"},{\"@type\":\"BreadcrumbList\",\"@id\":\"https:\/\/redfoxlotto.com\/it\/lotteria\/lotto-fr\/#breadcrumb\",\"itemListElement\":[{\"@type\":\"ListItem\",\"position\":1,\"name\":\"Home\",\"item\":\"https:\/\/redfoxlotto.com\/it\/\"},{\"@type\":\"ListItem\",\"position\":2,\"name\":\"Il processo di acquisto dei tuoi biglietti\",\"item\":\"https:\/\/redfoxlotto.com\/it\/lotteria\/\"},{\"@type\":\"ListItem\",\"position\":3,\"name\":\"Informazioni sulla lotteria francese\"}]},{\"@type\":\"WebSite\",\"@id\":\"https:\/\/redfoxlotto.com\/it\/#website\",\"url\":\"https:\/\/redfoxlotto.com\/it\/\",\"name\":\"Get Tickets for the World\u2019s largest jackpots\",\"description\":\"Participate in worldwide lottery jackpots from any country\",\"publisher\":{\"@id\":\"https:\/\/redfoxlotto.com\/it\/#organization\"},\"potentialAction\":[{\"@type\":\"SearchAction\",\"target\":{\"@type\":\"EntryPoint\",\"urlTemplate\":\"https:\/\/redfoxlotto.com\/it\/?s={search_term_string}\"},\"query-input\":{\"@type\":\"PropertyValueSpecification\",\"valueRequired\":true,\"valueName\":\"search_term_string\"}}],\"inLanguage\":\"it-IT\"},{\"@type\":\"Organization\",\"@id\":\"https:\/\/redfoxlotto.com\/it\/#organization\",\"name\":\"Get Tickets for the World\u2019s largest jackpots\",\"url\":\"https:\/\/redfoxlotto.com\/it\/\",\"logo\":{\"@type\":\"ImageObject\",\"inLanguage\":\"it-IT\",\"@id\":\"https:\/\/redfoxlotto.com\/it\/#\/schema\/logo\/image\/\",\"url\":\"https:\/\/redfoxlotto.com\/wp-content\/uploads\/2023\/04\/logo.png\",\"contentUrl\":\"https:\/\/redfoxlotto.com\/wp-content\/uploads\/2023\/04\/logo.png\",\"width\":269,\"height\":53,\"caption\":\"Get Tickets for the World\u2019s largest jackpots\"},\"image\":{\"@id\":\"https:\/\/redfoxlotto.com\/it\/#\/schema\/logo\/image\/\"}}]}<\/script>\n<!-- \/ Yoast SEO plugin. -->","yoast_head_json":{"title":"Come acquistare i biglietti della lotteria francese online","description":"Siete pronti a comprare i biglietti della lotteria francese online? Trovate qui tutto quello che c'\u00e8 da sapere!","robots":{"index":"index","follow":"follow","max-snippet":"max-snippet:-1","max-image-preview":"max-image-preview:large","max-video-preview":"max-video-preview:-1"},"canonical":"https:\/\/redfoxlotto.com\/it\/lotteria\/lotto-fr\/","og_locale":"it_IT","og_type":"article","og_title":"Come acquistare i biglietti della lotteria francese online","og_description":"Siete pronti a comprare i biglietti della lotteria francese online? Trovate qui tutto quello che c'\u00e8 da sapere!","og_url":"https:\/\/redfoxlotto.com\/it\/lotteria\/lotto-fr\/","og_site_name":"Get Tickets for the World\u2019s largest jackpots","article_modified_time":"2023-05-30T05:23:06+00:00","og_image":[{"url":"https:\/\/redfoxlotto.org\/wp-content\/uploads\/2023\/04\/ticket_euromillions1.jpg"}],"twitter_card":"summary_large_image","twitter_misc":{"Tempo di lettura stimato":"4 minuti"},"schema":{"@context":"https:\/\/schema.org","@graph":[{"@type":"WebPage","@id":"https:\/\/redfoxlotto.com\/it\/lotteria\/lotto-fr\/","url":"https:\/\/redfoxlotto.com\/it\/lotteria\/lotto-fr\/","name":"Come acquistare i biglietti della lotteria francese online","isPartOf":{"@id":"https:\/\/redfoxlotto.com\/it\/#website"},"primaryImageOfPage":{"@id":"https:\/\/redfoxlotto.com\/it\/lotteria\/lotto-fr\/#primaryimage"},"image":{"@id":"https:\/\/redfoxlotto.com\/it\/lotteria\/lotto-fr\/#primaryimage"},"thumbnailUrl":"https:\/\/redfoxlotto.org\/wp-content\/uploads\/2023\/04\/ticket_euromillions1.jpg","datePublished":"2019-08-09T14:33:52+00:00","dateModified":"2023-05-30T05:23:06+00:00","description":"Siete pronti a comprare i biglietti della lotteria francese online? Trovate qui tutto quello che c'\u00e8 da sapere!","breadcrumb":{"@id":"https:\/\/redfoxlotto.com\/it\/lotteria\/lotto-fr\/#breadcrumb"},"inLanguage":"it-IT","potentialAction":[{"@type":"ReadAction","target":["https:\/\/redfoxlotto.com\/it\/lotteria\/lotto-fr\/"]}]},{"@type":"ImageObject","inLanguage":"it-IT","@id":"https:\/\/redfoxlotto.com\/it\/lotteria\/lotto-fr\/#primaryimage","url":"https:\/\/redfoxlotto.org\/wp-content\/uploads\/2023\/04\/ticket_euromillions1.jpg","contentUrl":"https:\/\/redfoxlotto.org\/wp-content\/uploads\/2023\/04\/ticket_euromillions1.jpg"},{"@type":"BreadcrumbList","@id":"https:\/\/redfoxlotto.com\/it\/lotteria\/lotto-fr\/#breadcrumb","itemListElement":[{"@type":"ListItem","position":1,"name":"Home","item":"https:\/\/redfoxlotto.com\/it\/"},{"@type":"ListItem","position":2,"name":"Il processo di acquisto dei tuoi biglietti","item":"https:\/\/redfoxlotto.com\/it\/lotteria\/"},{"@type":"ListItem","position":3,"name":"Informazioni sulla lotteria francese"}]},{"@type":"WebSite","@id":"https:\/\/redfoxlotto.com\/it\/#website","url":"https:\/\/redfoxlotto.com\/it\/","name":"Get Tickets for the World\u2019s largest jackpots","description":"Participate in worldwide lottery jackpots from any country","publisher":{"@id":"https:\/\/redfoxlotto.com\/it\/#organization"},"potentialAction":[{"@type":"SearchAction","target":{"@type":"EntryPoint","urlTemplate":"https:\/\/redfoxlotto.com\/it\/?s={search_term_string}"},"query-input":{"@type":"PropertyValueSpecification","valueRequired":true,"valueName":"search_term_string"}}],"inLanguage":"it-IT"},{"@type":"Organization","@id":"https:\/\/redfoxlotto.com\/it\/#organization","name":"Get Tickets for the World\u2019s largest jackpots","url":"https:\/\/redfoxlotto.com\/it\/","logo":{"@type":"ImageObject","inLanguage":"it-IT","@id":"https:\/\/redfoxlotto.com\/it\/#\/schema\/logo\/image\/","url":"https:\/\/redfoxlotto.com\/wp-content\/uploads\/2023\/04\/logo.png","contentUrl":"https:\/\/redfoxlotto.com\/wp-content\/uploads\/2023\/04\/logo.png","width":269,"height":53,"caption":"Get Tickets for the World\u2019s largest jackpots"},"image":{"@id":"https:\/\/redfoxlotto.com\/it\/#\/schema\/logo\/image\/"}}]}},"_links":{"self":[{"href":"https:\/\/redfoxlotto.com\/it\/wp-json\/wp\/v2\/pages\/60564","targetHints":{"allow":["GET"]}}],"collection":[{"href":"https:\/\/redfoxlotto.com\/it\/wp-json\/wp\/v2\/pages"}],"about":[{"href":"https:\/\/redfoxlotto.com\/it\/wp-json\/wp\/v2\/types\/page"}],"author":[{"embeddable":true,"href":"https:\/\/redfoxlotto.com\/it\/wp-json\/wp\/v2\/users\/1"}],"replies":[{"embeddable":true,"href":"https:\/\/redfoxlotto.com\/it\/wp-json\/wp\/v2\/comments?post=60564"}],"version-history":[{"count":0,"href":"https:\/\/redfoxlotto.com\/it\/wp-json\/wp\/v2\/pages\/60564\/revisions"}],"up":[{"embeddable":true,"href":"https:\/\/redfoxlotto.com\/it\/wp-json\/wp\/v2\/pages\/59912"}],"wp:attachment":[{"href":"https:\/\/redfoxlotto.com\/it\/wp-json\/wp\/v2\/media?parent=60564"}],"curies":[{"name":"wp","href":"https:\/\/api.w.org\/{rel}","templated":true}]}}