{"id":60451,"date":"2018-11-18T08:54:25","date_gmt":"2018-11-18T08:54:25","guid":{"rendered":"https:\/\/redfoxlotto.eu\/?page_id=60451"},"modified":"2023-05-29T18:59:56","modified_gmt":"2023-05-29T18:59:56","slug":"el-gordo-primitiva","status":"publish","type":"page","link":"https:\/\/redfoxlotto.com\/it\/lotteria\/el-gordo-primitiva\/","title":{"rendered":"Informazioni su El Gordo"},"content":{"rendered":"<p><img decoding=\"async\" class=\" wp-image alignright\" src=\"https:\/\/redfoxlotto.org\/wp-content\/uploads\/2023\/04\/powerball-draw-youtube1-300x300-1.jpg\" alt=\"acquistare online El Gordo\" \/><br \/>\nLa Lotteria di Natale spagnola o Loteria de Navidad, come viene affettuosamente chiamata, \u00e8 una delle lotterie pi\u00f9 antiche del mondo, poich\u00e9 esiste dal 1812 ed \u00e8 stata organizzata ogni anno fino ad oggi. La Loteria de Navidad \u00e8 la seconda lotteria al mondo che si svolge ininterrottamente da pi\u00f9 tempo, poich\u00e9 ha resistito anche durante la guerra civile in Spagna.<\/p>\n<p>I Paesi non ispanofoni spesso pensano che El Gordo sia il nome della lotteria, in realt\u00e0 El Gordo si riferisce solo al premio del jackpot o letteralmente il premio grande.<\/p>\n<h2>L&#8217;estrazione settimanale di El Gordo<\/h2>\n<p>Anche per El Gordo esiste un&#8217;estrazione settimanale, per la quale \u00e8 possibile acquistare i biglietti qui su RedFoxLotto.<\/p>\n<h2>L&#8217;edizione natalizia di El Gordo<\/h2>\n<p>La lotteria spagnola di Natale offre uno dei premi pi\u00f9 grandi del mondo: i giocatori hanno la possibilit\u00e0 di vincere fino a 2,5 miliardi di euro, mentre il premio del jackpot o El Gordo \u00e8 di 4 milioni di euro. L&#8217;estrazione ha luogo una volta all&#8217;anno in prossimit\u00e0 del Natale, poich\u00e9 si tiene ogni 22 dicembre.<br \/>\n<img loading=\"lazy\" decoding=\"async\" class=\" wp-image alignright\" src=\"https:\/\/redfoxlotto.org\/wp-content\/uploads\/2023\/04\/lotto-online-495x329-1-282x300-1.jpg\" alt=\"Biglietti El Gordo\" width=\"229\" height=\"152\" \/><\/p>\n<p>Per giocare alla lotteria di Natale spagnola \u00e8 necessario avere almeno 18 anni e i biglietti hanno gi\u00e0 una serie di 5 numeri impressi su di essi, in modo che al momento dell&#8217;estrazione i biglietti contenenti i numeri vincenti estratti si qualifichino per un premio della lotteria. &#8220;El mayor premio es compartilo&#8221; \u00e8 uno slogan associato alla lotteria natalizia spagnola e la traduzione inglese \u00e8 &#8220;il premio pi\u00f9 grande \u00e8 la condivisione&#8221; ed \u00e8 questo che rende speciale la lotteria. Le serie di biglietti contengono spesso gli stessi numeri, in modo che se quel numero vince, il premio in denaro viene condiviso tra tutti coloro che hanno quel numero. Durante l&#8217;estrazione, una pallina contenente un numero di 5 cifre viene estratta da una serie di altre e ogni numero vincente ha il suo premio associato.<\/p>\n<p>La lotteria di Natale spagnola \u00e8 ormai una tradizione per gli spagnoli, in quanto ogni periodo natalizio tende a rendere felici i cittadini spagnoli, che si aspettano di vincere la famosa Loteria de Navidad. Le probabilit\u00e0 di vincita di El Gordo sono molto alte rispetto ad altre lotterie: 1 su 100.000.<\/p>\n","protected":false},"excerpt":{"rendered":"<p>La Lotteria di Natale spagnola o Loteria de Navidad, come viene affettuosamente chiamata, \u00e8 una delle lotterie pi\u00f9 antiche del mondo, poich\u00e9 esiste dal 1812 ed \u00e8 stata organizzata ogni anno fino ad oggi. La Loteria de Navidad \u00e8 la seconda lotteria al mondo che si svolge ininterrottamente da pi\u00f9 tempo, poich\u00e9 ha resistito anche [&hellip;]<\/p>\n","protected":false},"author":1,"featured_media":0,"parent":59912,"menu_order":6,"comment_status":"closed","ping_status":"closed","template":"el-gordo-info.php","meta":{"_et_pb_use_builder":"","_et_pb_old_content":"","_et_gb_content_width":"","exclude_from_search":false,"footnotes":""},"class_list":["post-60451","page","type-page","status-publish","hentry"],"yoast_head":"<!-- This site is optimized with the Yoast SEO plugin v27.3 - https:\/\/yoast.com\/product\/yoast-seo-wordpress\/ -->\n<title>Lotto di Natale spagnolo El Gordo | Comprare i biglietti per El Gordo online<\/title>\n<meta name=\"description\" content=\"Guarda queste informazioni su El Gordo Loteria de Navidad, la lotteria natalizia spagnola\" \/>\n<meta name=\"robots\" content=\"index, follow, max-snippet:-1, max-image-preview:large, max-video-preview:-1\" \/>\n<link rel=\"canonical\" href=\"https:\/\/redfoxlotto.com\/it\/lotteria\/el-gordo-primitiva\/\" \/>\n<meta property=\"og:locale\" content=\"it_IT\" \/>\n<meta property=\"og:type\" content=\"article\" \/>\n<meta property=\"og:title\" content=\"Lotto di Natale spagnolo El Gordo | Comprare i biglietti per El Gordo online\" \/>\n<meta property=\"og:description\" content=\"Guarda queste informazioni su El Gordo Loteria de Navidad, la lotteria natalizia spagnola\" \/>\n<meta property=\"og:url\" content=\"https:\/\/redfoxlotto.com\/it\/lotteria\/el-gordo-primitiva\/\" \/>\n<meta property=\"og:site_name\" content=\"Get Tickets for the World\u2019s largest jackpots\" \/>\n<meta property=\"article:modified_time\" content=\"2023-05-29T18:59:56+00:00\" \/>\n<meta property=\"og:image\" content=\"https:\/\/redfoxlotto.org\/wp-content\/uploads\/2023\/04\/powerball-draw-youtube1-300x300-1.jpg\" \/>\n<meta name=\"twitter:card\" content=\"summary_large_image\" \/>\n<meta name=\"twitter:label1\" content=\"Tempo di lettura stimato\" \/>\n\t<meta name=\"twitter:data1\" content=\"2 minuti\" \/>\n<script type=\"application\/ld+json\" class=\"yoast-schema-graph\">{\"@context\":\"https:\\\/\\\/schema.org\",\"@graph\":[{\"@type\":\"WebPage\",\"@id\":\"https:\\\/\\\/redfoxlotto.com\\\/it\\\/lotteria\\\/el-gordo-primitiva\\\/\",\"url\":\"https:\\\/\\\/redfoxlotto.com\\\/it\\\/lotteria\\\/el-gordo-primitiva\\\/\",\"name\":\"Lotto di Natale spagnolo El Gordo | Comprare i biglietti per El Gordo online\",\"isPartOf\":{\"@id\":\"https:\\\/\\\/redfoxlotto.com\\\/it\\\/#website\"},\"primaryImageOfPage\":{\"@id\":\"https:\\\/\\\/redfoxlotto.com\\\/it\\\/lotteria\\\/el-gordo-primitiva\\\/#primaryimage\"},\"image\":{\"@id\":\"https:\\\/\\\/redfoxlotto.com\\\/it\\\/lotteria\\\/el-gordo-primitiva\\\/#primaryimage\"},\"thumbnailUrl\":\"https:\\\/\\\/redfoxlotto.org\\\/wp-content\\\/uploads\\\/2023\\\/04\\\/powerball-draw-youtube1-300x300-1.jpg\",\"datePublished\":\"2018-11-18T08:54:25+00:00\",\"dateModified\":\"2023-05-29T18:59:56+00:00\",\"description\":\"Guarda queste informazioni su El Gordo Loteria de Navidad, la lotteria natalizia spagnola\",\"breadcrumb\":{\"@id\":\"https:\\\/\\\/redfoxlotto.com\\\/it\\\/lotteria\\\/el-gordo-primitiva\\\/#breadcrumb\"},\"inLanguage\":\"it-IT\",\"potentialAction\":[{\"@type\":\"ReadAction\",\"target\":[\"https:\\\/\\\/redfoxlotto.com\\\/it\\\/lotteria\\\/el-gordo-primitiva\\\/\"]}]},{\"@type\":\"ImageObject\",\"inLanguage\":\"it-IT\",\"@id\":\"https:\\\/\\\/redfoxlotto.com\\\/it\\\/lotteria\\\/el-gordo-primitiva\\\/#primaryimage\",\"url\":\"https:\\\/\\\/redfoxlotto.org\\\/wp-content\\\/uploads\\\/2023\\\/04\\\/powerball-draw-youtube1-300x300-1.jpg\",\"contentUrl\":\"https:\\\/\\\/redfoxlotto.org\\\/wp-content\\\/uploads\\\/2023\\\/04\\\/powerball-draw-youtube1-300x300-1.jpg\"},{\"@type\":\"BreadcrumbList\",\"@id\":\"https:\\\/\\\/redfoxlotto.com\\\/it\\\/lotteria\\\/el-gordo-primitiva\\\/#breadcrumb\",\"itemListElement\":[{\"@type\":\"ListItem\",\"position\":1,\"name\":\"Home\",\"item\":\"https:\\\/\\\/redfoxlotto.com\\\/it\\\/\"},{\"@type\":\"ListItem\",\"position\":2,\"name\":\"Il processo di acquisto dei tuoi biglietti\",\"item\":\"https:\\\/\\\/redfoxlotto.com\\\/it\\\/lotteria\\\/\"},{\"@type\":\"ListItem\",\"position\":3,\"name\":\"Informazioni su El Gordo\"}]},{\"@type\":\"WebSite\",\"@id\":\"https:\\\/\\\/redfoxlotto.com\\\/it\\\/#website\",\"url\":\"https:\\\/\\\/redfoxlotto.com\\\/it\\\/\",\"name\":\"Get Tickets for the World\u2019s largest jackpots\",\"description\":\"Participate in worldwide lottery jackpots from any country\",\"publisher\":{\"@id\":\"https:\\\/\\\/redfoxlotto.com\\\/it\\\/#organization\"},\"potentialAction\":[{\"@type\":\"SearchAction\",\"target\":{\"@type\":\"EntryPoint\",\"urlTemplate\":\"https:\\\/\\\/redfoxlotto.com\\\/it\\\/?s={search_term_string}\"},\"query-input\":{\"@type\":\"PropertyValueSpecification\",\"valueRequired\":true,\"valueName\":\"search_term_string\"}}],\"inLanguage\":\"it-IT\"},{\"@type\":\"Organization\",\"@id\":\"https:\\\/\\\/redfoxlotto.com\\\/it\\\/#organization\",\"name\":\"Get Tickets for the World\u2019s largest jackpots\",\"url\":\"https:\\\/\\\/redfoxlotto.com\\\/it\\\/\",\"logo\":{\"@type\":\"ImageObject\",\"inLanguage\":\"it-IT\",\"@id\":\"https:\\\/\\\/redfoxlotto.com\\\/it\\\/#\\\/schema\\\/logo\\\/image\\\/\",\"url\":\"https:\\\/\\\/redfoxlotto.com\\\/wp-content\\\/uploads\\\/2023\\\/04\\\/logo.png\",\"contentUrl\":\"https:\\\/\\\/redfoxlotto.com\\\/wp-content\\\/uploads\\\/2023\\\/04\\\/logo.png\",\"width\":269,\"height\":53,\"caption\":\"Get Tickets for the World\u2019s largest jackpots\"},\"image\":{\"@id\":\"https:\\\/\\\/redfoxlotto.com\\\/it\\\/#\\\/schema\\\/logo\\\/image\\\/\"}}]}<\/script>\n<!-- \/ Yoast SEO plugin. -->","yoast_head_json":{"title":"Lotto di Natale spagnolo El Gordo | Comprare i biglietti per El Gordo online","description":"Guarda queste informazioni su El Gordo Loteria de Navidad, la lotteria natalizia spagnola","robots":{"index":"index","follow":"follow","max-snippet":"max-snippet:-1","max-image-preview":"max-image-preview:large","max-video-preview":"max-video-preview:-1"},"canonical":"https:\/\/redfoxlotto.com\/it\/lotteria\/el-gordo-primitiva\/","og_locale":"it_IT","og_type":"article","og_title":"Lotto di Natale spagnolo El Gordo | Comprare i biglietti per El Gordo online","og_description":"Guarda queste informazioni su El Gordo Loteria de Navidad, la lotteria natalizia spagnola","og_url":"https:\/\/redfoxlotto.com\/it\/lotteria\/el-gordo-primitiva\/","og_site_name":"Get Tickets for the World\u2019s largest jackpots","article_modified_time":"2023-05-29T18:59:56+00:00","og_image":[{"url":"https:\/\/redfoxlotto.org\/wp-content\/uploads\/2023\/04\/powerball-draw-youtube1-300x300-1.jpg","type":"","width":"","height":""}],"twitter_card":"summary_large_image","twitter_misc":{"Tempo di lettura stimato":"2 minuti"},"schema":{"@context":"https:\/\/schema.org","@graph":[{"@type":"WebPage","@id":"https:\/\/redfoxlotto.com\/it\/lotteria\/el-gordo-primitiva\/","url":"https:\/\/redfoxlotto.com\/it\/lotteria\/el-gordo-primitiva\/","name":"Lotto di Natale spagnolo El Gordo | Comprare i biglietti per El Gordo online","isPartOf":{"@id":"https:\/\/redfoxlotto.com\/it\/#website"},"primaryImageOfPage":{"@id":"https:\/\/redfoxlotto.com\/it\/lotteria\/el-gordo-primitiva\/#primaryimage"},"image":{"@id":"https:\/\/redfoxlotto.com\/it\/lotteria\/el-gordo-primitiva\/#primaryimage"},"thumbnailUrl":"https:\/\/redfoxlotto.org\/wp-content\/uploads\/2023\/04\/powerball-draw-youtube1-300x300-1.jpg","datePublished":"2018-11-18T08:54:25+00:00","dateModified":"2023-05-29T18:59:56+00:00","description":"Guarda queste informazioni su El Gordo Loteria de Navidad, la lotteria natalizia spagnola","breadcrumb":{"@id":"https:\/\/redfoxlotto.com\/it\/lotteria\/el-gordo-primitiva\/#breadcrumb"},"inLanguage":"it-IT","potentialAction":[{"@type":"ReadAction","target":["https:\/\/redfoxlotto.com\/it\/lotteria\/el-gordo-primitiva\/"]}]},{"@type":"ImageObject","inLanguage":"it-IT","@id":"https:\/\/redfoxlotto.com\/it\/lotteria\/el-gordo-primitiva\/#primaryimage","url":"https:\/\/redfoxlotto.org\/wp-content\/uploads\/2023\/04\/powerball-draw-youtube1-300x300-1.jpg","contentUrl":"https:\/\/redfoxlotto.org\/wp-content\/uploads\/2023\/04\/powerball-draw-youtube1-300x300-1.jpg"},{"@type":"BreadcrumbList","@id":"https:\/\/redfoxlotto.com\/it\/lotteria\/el-gordo-primitiva\/#breadcrumb","itemListElement":[{"@type":"ListItem","position":1,"name":"Home","item":"https:\/\/redfoxlotto.com\/it\/"},{"@type":"ListItem","position":2,"name":"Il processo di acquisto dei tuoi biglietti","item":"https:\/\/redfoxlotto.com\/it\/lotteria\/"},{"@type":"ListItem","position":3,"name":"Informazioni su El Gordo"}]},{"@type":"WebSite","@id":"https:\/\/redfoxlotto.com\/it\/#website","url":"https:\/\/redfoxlotto.com\/it\/","name":"Get Tickets for the World\u2019s largest jackpots","description":"Participate in worldwide lottery jackpots from any country","publisher":{"@id":"https:\/\/redfoxlotto.com\/it\/#organization"},"potentialAction":[{"@type":"SearchAction","target":{"@type":"EntryPoint","urlTemplate":"https:\/\/redfoxlotto.com\/it\/?s={search_term_string}"},"query-input":{"@type":"PropertyValueSpecification","valueRequired":true,"valueName":"search_term_string"}}],"inLanguage":"it-IT"},{"@type":"Organization","@id":"https:\/\/redfoxlotto.com\/it\/#organization","name":"Get Tickets for the World\u2019s largest jackpots","url":"https:\/\/redfoxlotto.com\/it\/","logo":{"@type":"ImageObject","inLanguage":"it-IT","@id":"https:\/\/redfoxlotto.com\/it\/#\/schema\/logo\/image\/","url":"https:\/\/redfoxlotto.com\/wp-content\/uploads\/2023\/04\/logo.png","contentUrl":"https:\/\/redfoxlotto.com\/wp-content\/uploads\/2023\/04\/logo.png","width":269,"height":53,"caption":"Get Tickets for the World\u2019s largest jackpots"},"image":{"@id":"https:\/\/redfoxlotto.com\/it\/#\/schema\/logo\/image\/"}}]}},"_links":{"self":[{"href":"https:\/\/redfoxlotto.com\/it\/wp-json\/wp\/v2\/pages\/60451","targetHints":{"allow":["GET"]}}],"collection":[{"href":"https:\/\/redfoxlotto.com\/it\/wp-json\/wp\/v2\/pages"}],"about":[{"href":"https:\/\/redfoxlotto.com\/it\/wp-json\/wp\/v2\/types\/page"}],"author":[{"embeddable":true,"href":"https:\/\/redfoxlotto.com\/it\/wp-json\/wp\/v2\/users\/1"}],"replies":[{"embeddable":true,"href":"https:\/\/redfoxlotto.com\/it\/wp-json\/wp\/v2\/comments?post=60451"}],"version-history":[{"count":0,"href":"https:\/\/redfoxlotto.com\/it\/wp-json\/wp\/v2\/pages\/60451\/revisions"}],"up":[{"embeddable":true,"href":"https:\/\/redfoxlotto.com\/it\/wp-json\/wp\/v2\/pages\/59912"}],"wp:attachment":[{"href":"https:\/\/redfoxlotto.com\/it\/wp-json\/wp\/v2\/media?parent=60451"}],"curies":[{"name":"wp","href":"https:\/\/api.w.org\/{rel}","templated":true}]}}